{"id":621,"date":"2025-09-29T12:15:53","date_gmt":"2025-09-29T09:15:53","guid":{"rendered":"https:\/\/izglitiba.valmierasnovads.lv\/rujienasvidusskola\/?page_id=621"},"modified":"2025-09-29T13:43:33","modified_gmt":"2025-09-29T10:43:33","slug":"autobusi","status":"publish","type":"page","link":"https:\/\/izglitiba.valmierasnovads.lv\/rujienasvidusskola\/autobusi\/","title":{"rendered":"Autobusi"},"content":{"rendered":"\n<p>Ja skol\u0113nam ir nepiecie\u0161ams transports nok\u013c\u016b\u0161anai uz\/no skolas, skol\u0113na likumiskais p\u0101rst\u0101vis skolas lietved\u012bb\u0101 iesniedz <a href=\"https:\/\/drive.google.com\/file\/d\/1q6odimIH-Op6ZqDIG09xj-bmpBvy7l9e\/view?usp=sharing\">iesniegumu<\/a>, kur\u0101 nor\u0101da nepiecie\u0161amo mar\u0161rutu. <\/p>\n\n\n\n<p>Skol\u0113niem kuri izmanto VTU starppils\u0113tu autobusus, nepiecie\u0161amais mar\u0161ruts tiek pievienots skol\u0113nu apliec\u012bbai, kuru nop\u012bkstinot autobus\u0101, brauciens b\u016bs bez maksas. <br><a href=\"https:\/\/www.1188.lv\/satiksme\/starppilsetu-autobusi\">Autobusu saraksts.<\/a><\/p>\n\n\n\n<p>Skol\u0113niem, kuri brauc ar skol\u0113nu autobusiem, mar\u0161ruta pievieno\u0161ana skol\u0113nu apliec\u012bbai nav nepiecie\u0161ama. Skol\u0113nu autobusi tiem nodro\u0161in\u0101ti mar\u0161rutos- <br>*<strong>V\u0112RSIS \u2013 S\u0112\u013bI \u2013R\u016aJIENA<\/strong><br>*<strong>R\u016aJIENA \u2013 OLERI- JERI \u2013R\u016aJIENA<\/strong>.<\/p>\n\n\n\n<figure class=\"wp-block-image size-full is-resized\"><img loading=\"lazy\" decoding=\"async\" width=\"565\" height=\"678\" src=\"https:\/\/izglitiba.valmierasnovads.lv\/rujienasvidusskola\/wp-content\/uploads\/sites\/9\/2025\/09\/skolenu-autobusu-marsruti-1.png\" alt=\"\" class=\"wp-image-632\" style=\"width:462px;height:auto\" srcset=\"https:\/\/izglitiba.valmierasnovads.lv\/rujienasvidusskola\/wp-content\/uploads\/sites\/9\/2025\/09\/skolenu-autobusu-marsruti-1.png 565w, https:\/\/izglitiba.valmierasnovads.lv\/rujienasvidusskola\/wp-content\/uploads\/sites\/9\/2025\/09\/skolenu-autobusu-marsruti-1-250x300.png 250w\" sizes=\"auto, (max-width: 565px) 100vw, 565px\" \/><\/figure>\n\n\n\n<p><a href=\"https:\/\/izglitiba.valmierasnovads.lv\/rujienasvidusskola\/wp-content\/uploads\/sites\/9\/2025\/07\/Kartiba-skolenu-autobusos_30.12.2021.pdf\">K\u0101rt\u012bbas noteikumi skol\u0113nu autobusos.<\/a><\/p>\n\n\n\n<p><\/p>\n","protected":false},"excerpt":{"rendered":"<p>Ja skol\u0113nam ir nepiecie\u0161ams transports nok\u013c\u016b\u0161anai uz\/no skolas, skol\u0113na likumiskais p\u0101rst\u0101vis skolas lietved\u012bb\u0101 iesniedz iesniegumu, kur\u0101 nor\u0101da nepiecie\u0161amo mar\u0161rutu. Skol\u0113niem [&hellip;]<\/p>\n","protected":false},"author":10,"featured_media":0,"parent":0,"menu_order":0,"comment_status":"closed","ping_status":"closed","template":"","meta":{"_acf_changed":false,"site-sidebar-layout":"default","site-content-layout":"","ast-site-content-layout":"default","site-content-style":"default","site-sidebar-style":"default","ast-global-header-display":"","ast-banner-title-visibility":"","ast-main-header-display":"","ast-hfb-above-header-display":"","ast-hfb-below-header-display":"","ast-hfb-mobile-header-display":"","site-post-title":"","ast-breadcrumbs-content":"","ast-featured-img":"","footer-sml-layout":"","ast-disable-related-posts":"","theme-transparent-header-meta":"","adv-header-id-meta":"","stick-header-meta":"","header-above-stick-meta":"","header-main-stick-meta":"","header-below-stick-meta":"","astra-migrate-meta-layouts":"default","ast-page-background-enabled":"default","ast-page-background-meta":{"desktop":{"background-color":"var(--ast-global-color-5)","background-image":"","background-repeat":"repeat","background-position":"center center","background-size":"auto","background-attachment":"scroll","background-type":"","background-media":"","overlay-type":"","overlay-color":"","overlay-opacity":"","overlay-gradient":""},"tablet":{"background-color":"","background-image":"","background-repeat":"repeat","background-position":"center center","background-size":"auto","background-attachment":"scroll","background-type":"","background-media":"","overlay-type":"","overlay-color":"","overlay-opacity":"","overlay-gradient":""},"mobile":{"background-color":"","background-image":"","background-repeat":"repeat","background-position":"center center","background-size":"auto","background-attachment":"scroll","background-type":"","background-media":"","overlay-type":"","overlay-color":"","overlay-opacity":"","overlay-gradient":""}},"ast-content-background-meta":{"desktop":{"background-color":"var(--ast-global-color-4)","background-image":"","background-repeat":"repeat","background-position":"center center","background-size":"auto","background-attachment":"scroll","background-type":"","background-media":"","overlay-type":"","overlay-color":"","overlay-opacity":"","overlay-gradient":""},"tablet":{"background-color":"var(--ast-global-color-4)","background-image":"","background-repeat":"repeat","background-position":"center center","background-size":"auto","background-attachment":"scroll","background-type":"","background-media":"","overlay-type":"","overlay-color":"","overlay-opacity":"","overlay-gradient":""},"mobile":{"background-color":"var(--ast-global-color-4)","background-image":"","background-repeat":"repeat","background-position":"center center","background-size":"auto","background-attachment":"scroll","background-type":"","background-media":"","overlay-type":"","overlay-color":"","overlay-opacity":"","overlay-gradient":""}},"footnotes":""},"class_list":["post-621","page","type-page","status-publish","hentry"],"acf":[],"yoast_head":"<!-- This site is optimized with the Yoast SEO plugin v27.0 - https:\/\/yoast.com\/product\/yoast-seo-wordpress\/ -->\n<title>Autobusi - R\u016bjienas vidusskola<\/title>\n<meta name=\"robots\" content=\"index, follow, max-snippet:-1, max-image-preview:large, max-video-preview:-1\" \/>\n<link rel=\"canonical\" href=\"https:\/\/izglitiba.valmierasnovads.lv\/rujienasvidusskola\/autobusi\/\" \/>\n<meta property=\"og:locale\" content=\"lv_LV\" \/>\n<meta property=\"og:type\" content=\"article\" \/>\n<meta property=\"og:title\" content=\"Autobusi - R\u016bjienas vidusskola\" \/>\n<meta property=\"og:description\" content=\"Ja skol\u0113nam ir nepiecie\u0161ams transports nok\u013c\u016b\u0161anai uz\/no skolas, skol\u0113na likumiskais p\u0101rst\u0101vis skolas lietved\u012bb\u0101 iesniedz iesniegumu, kur\u0101 nor\u0101da nepiecie\u0161amo mar\u0161rutu. Skol\u0113niem [&hellip;]\" \/>\n<meta property=\"og:url\" content=\"https:\/\/izglitiba.valmierasnovads.lv\/rujienasvidusskola\/autobusi\/\" \/>\n<meta property=\"og:site_name\" content=\"R\u016bjienas vidusskola\" \/>\n<meta property=\"article:modified_time\" content=\"2025-09-29T10:43:33+00:00\" \/>\n<meta property=\"og:image\" content=\"https:\/\/izglitiba.valmierasnovads.lv\/rujienasvidusskola\/wp-content\/uploads\/sites\/9\/2025\/09\/skolenu-autobusu-marsruti-1.png\" \/>\n\t<meta property=\"og:image:width\" content=\"565\" \/>\n\t<meta property=\"og:image:height\" content=\"678\" \/>\n\t<meta property=\"og:image:type\" content=\"image\/png\" \/>\n<meta name=\"twitter:card\" content=\"summary_large_image\" \/>\n<meta name=\"twitter:label1\" content=\"Est. reading time\" \/>\n\t<meta name=\"twitter:data1\" content=\"1 min\u016bte\" \/>\n<script type=\"application\/ld+json\" class=\"yoast-schema-graph\">{\"@context\":\"https:\/\/schema.org\",\"@graph\":[{\"@type\":\"WebPage\",\"@id\":\"https:\/\/izglitiba.valmierasnovads.lv\/rujienasvidusskola\/autobusi\/\",\"url\":\"https:\/\/izglitiba.valmierasnovads.lv\/rujienasvidusskola\/autobusi\/\",\"name\":\"Autobusi - R\u016bjienas vidusskola\",\"isPartOf\":{\"@id\":\"https:\/\/izglitiba.valmierasnovads.lv\/rujienasvidusskola\/#website\"},\"primaryImageOfPage\":{\"@id\":\"https:\/\/izglitiba.valmierasnovads.lv\/rujienasvidusskola\/autobusi\/#primaryimage\"},\"image\":{\"@id\":\"https:\/\/izglitiba.valmierasnovads.lv\/rujienasvidusskola\/autobusi\/#primaryimage\"},\"thumbnailUrl\":\"https:\/\/izglitiba.valmierasnovads.lv\/rujienasvidusskola\/wp-content\/uploads\/sites\/9\/2025\/09\/skolenu-autobusu-marsruti-1.png\",\"datePublished\":\"2025-09-29T09:15:53+00:00\",\"dateModified\":\"2025-09-29T10:43:33+00:00\",\"breadcrumb\":{\"@id\":\"https:\/\/izglitiba.valmierasnovads.lv\/rujienasvidusskola\/autobusi\/#breadcrumb\"},\"inLanguage\":\"lv-LV\",\"potentialAction\":[{\"@type\":\"ReadAction\",\"target\":[\"https:\/\/izglitiba.valmierasnovads.lv\/rujienasvidusskola\/autobusi\/\"]}]},{\"@type\":\"ImageObject\",\"inLanguage\":\"lv-LV\",\"@id\":\"https:\/\/izglitiba.valmierasnovads.lv\/rujienasvidusskola\/autobusi\/#primaryimage\",\"url\":\"https:\/\/izglitiba.valmierasnovads.lv\/rujienasvidusskola\/wp-content\/uploads\/sites\/9\/2025\/09\/skolenu-autobusu-marsruti-1.png\",\"contentUrl\":\"https:\/\/izglitiba.valmierasnovads.lv\/rujienasvidusskola\/wp-content\/uploads\/sites\/9\/2025\/09\/skolenu-autobusu-marsruti-1.png\",\"width\":565,\"height\":678},{\"@type\":\"BreadcrumbList\",\"@id\":\"https:\/\/izglitiba.valmierasnovads.lv\/rujienasvidusskola\/autobusi\/#breadcrumb\",\"itemListElement\":[{\"@type\":\"ListItem\",\"position\":1,\"name\":\"Home\",\"item\":\"https:\/\/izglitiba.valmierasnovads.lv\/rujienasvidusskola\/\"},{\"@type\":\"ListItem\",\"position\":2,\"name\":\"Autobusi\"}]},{\"@type\":\"WebSite\",\"@id\":\"https:\/\/izglitiba.valmierasnovads.lv\/rujienasvidusskola\/#website\",\"url\":\"https:\/\/izglitiba.valmierasnovads.lv\/rujienasvidusskola\/\",\"name\":\"R\u016bjienas vidusskola\",\"description\":\"\",\"publisher\":{\"@id\":\"https:\/\/izglitiba.valmierasnovads.lv\/rujienasvidusskola\/#organization\"},\"potentialAction\":[{\"@type\":\"SearchAction\",\"target\":{\"@type\":\"EntryPoint\",\"urlTemplate\":\"https:\/\/izglitiba.valmierasnovads.lv\/rujienasvidusskola\/?s={search_term_string}\"},\"query-input\":{\"@type\":\"PropertyValueSpecification\",\"valueRequired\":true,\"valueName\":\"search_term_string\"}}],\"inLanguage\":\"lv-LV\"},{\"@type\":\"Organization\",\"@id\":\"https:\/\/izglitiba.valmierasnovads.lv\/rujienasvidusskola\/#organization\",\"name\":\"R\u016bjienas vidusskola\",\"url\":\"https:\/\/izglitiba.valmierasnovads.lv\/rujienasvidusskola\/\",\"logo\":{\"@type\":\"ImageObject\",\"inLanguage\":\"lv-LV\",\"@id\":\"https:\/\/izglitiba.valmierasnovads.lv\/rujienasvidusskola\/#\/schema\/logo\/image\/\",\"url\":\"https:\/\/izglitiba.valmierasnovads.lv\/rujienasvidusskola\/wp-content\/uploads\/sites\/9\/2026\/03\/cropped-Komplekta-ar-pasu-logo-10-scaled-1.png\",\"contentUrl\":\"https:\/\/izglitiba.valmierasnovads.lv\/rujienasvidusskola\/wp-content\/uploads\/sites\/9\/2026\/03\/cropped-Komplekta-ar-pasu-logo-10-scaled-1.png\",\"width\":2145,\"height\":227,\"caption\":\"R\u016bjienas vidusskola\"},\"image\":{\"@id\":\"https:\/\/izglitiba.valmierasnovads.lv\/rujienasvidusskola\/#\/schema\/logo\/image\/\"}}]}<\/script>\n<!-- \/ Yoast SEO plugin. -->","yoast_head_json":{"title":"Autobusi - R\u016bjienas vidusskola","robots":{"index":"index","follow":"follow","max-snippet":"max-snippet:-1","max-image-preview":"max-image-preview:large","max-video-preview":"max-video-preview:-1"},"canonical":"https:\/\/izglitiba.valmierasnovads.lv\/rujienasvidusskola\/autobusi\/","og_locale":"lv_LV","og_type":"article","og_title":"Autobusi - R\u016bjienas vidusskola","og_description":"Ja skol\u0113nam ir nepiecie\u0161ams transports nok\u013c\u016b\u0161anai uz\/no skolas, skol\u0113na likumiskais p\u0101rst\u0101vis skolas lietved\u012bb\u0101 iesniedz iesniegumu, kur\u0101 nor\u0101da nepiecie\u0161amo mar\u0161rutu. Skol\u0113niem [&hellip;]","og_url":"https:\/\/izglitiba.valmierasnovads.lv\/rujienasvidusskola\/autobusi\/","og_site_name":"R\u016bjienas vidusskola","article_modified_time":"2025-09-29T10:43:33+00:00","og_image":[{"width":565,"height":678,"url":"https:\/\/izglitiba.valmierasnovads.lv\/rujienasvidusskola\/wp-content\/uploads\/sites\/9\/2025\/09\/skolenu-autobusu-marsruti-1.png","type":"image\/png"}],"twitter_card":"summary_large_image","twitter_misc":{"Est. reading time":"1 min\u016bte"},"schema":{"@context":"https:\/\/schema.org","@graph":[{"@type":"WebPage","@id":"https:\/\/izglitiba.valmierasnovads.lv\/rujienasvidusskola\/autobusi\/","url":"https:\/\/izglitiba.valmierasnovads.lv\/rujienasvidusskola\/autobusi\/","name":"Autobusi - R\u016bjienas vidusskola","isPartOf":{"@id":"https:\/\/izglitiba.valmierasnovads.lv\/rujienasvidusskola\/#website"},"primaryImageOfPage":{"@id":"https:\/\/izglitiba.valmierasnovads.lv\/rujienasvidusskola\/autobusi\/#primaryimage"},"image":{"@id":"https:\/\/izglitiba.valmierasnovads.lv\/rujienasvidusskola\/autobusi\/#primaryimage"},"thumbnailUrl":"https:\/\/izglitiba.valmierasnovads.lv\/rujienasvidusskola\/wp-content\/uploads\/sites\/9\/2025\/09\/skolenu-autobusu-marsruti-1.png","datePublished":"2025-09-29T09:15:53+00:00","dateModified":"2025-09-29T10:43:33+00:00","breadcrumb":{"@id":"https:\/\/izglitiba.valmierasnovads.lv\/rujienasvidusskola\/autobusi\/#breadcrumb"},"inLanguage":"lv-LV","potentialAction":[{"@type":"ReadAction","target":["https:\/\/izglitiba.valmierasnovads.lv\/rujienasvidusskola\/autobusi\/"]}]},{"@type":"ImageObject","inLanguage":"lv-LV","@id":"https:\/\/izglitiba.valmierasnovads.lv\/rujienasvidusskola\/autobusi\/#primaryimage","url":"https:\/\/izglitiba.valmierasnovads.lv\/rujienasvidusskola\/wp-content\/uploads\/sites\/9\/2025\/09\/skolenu-autobusu-marsruti-1.png","contentUrl":"https:\/\/izglitiba.valmierasnovads.lv\/rujienasvidusskola\/wp-content\/uploads\/sites\/9\/2025\/09\/skolenu-autobusu-marsruti-1.png","width":565,"height":678},{"@type":"BreadcrumbList","@id":"https:\/\/izglitiba.valmierasnovads.lv\/rujienasvidusskola\/autobusi\/#breadcrumb","itemListElement":[{"@type":"ListItem","position":1,"name":"Home","item":"https:\/\/izglitiba.valmierasnovads.lv\/rujienasvidusskola\/"},{"@type":"ListItem","position":2,"name":"Autobusi"}]},{"@type":"WebSite","@id":"https:\/\/izglitiba.valmierasnovads.lv\/rujienasvidusskola\/#website","url":"https:\/\/izglitiba.valmierasnovads.lv\/rujienasvidusskola\/","name":"R\u016bjienas vidusskola","description":"","publisher":{"@id":"https:\/\/izglitiba.valmierasnovads.lv\/rujienasvidusskola\/#organization"},"potentialAction":[{"@type":"SearchAction","target":{"@type":"EntryPoint","urlTemplate":"https:\/\/izglitiba.valmierasnovads.lv\/rujienasvidusskola\/?s={search_term_string}"},"query-input":{"@type":"PropertyValueSpecification","valueRequired":true,"valueName":"search_term_string"}}],"inLanguage":"lv-LV"},{"@type":"Organization","@id":"https:\/\/izglitiba.valmierasnovads.lv\/rujienasvidusskola\/#organization","name":"R\u016bjienas vidusskola","url":"https:\/\/izglitiba.valmierasnovads.lv\/rujienasvidusskola\/","logo":{"@type":"ImageObject","inLanguage":"lv-LV","@id":"https:\/\/izglitiba.valmierasnovads.lv\/rujienasvidusskola\/#\/schema\/logo\/image\/","url":"https:\/\/izglitiba.valmierasnovads.lv\/rujienasvidusskola\/wp-content\/uploads\/sites\/9\/2026\/03\/cropped-Komplekta-ar-pasu-logo-10-scaled-1.png","contentUrl":"https:\/\/izglitiba.valmierasnovads.lv\/rujienasvidusskola\/wp-content\/uploads\/sites\/9\/2026\/03\/cropped-Komplekta-ar-pasu-logo-10-scaled-1.png","width":2145,"height":227,"caption":"R\u016bjienas vidusskola"},"image":{"@id":"https:\/\/izglitiba.valmierasnovads.lv\/rujienasvidusskola\/#\/schema\/logo\/image\/"}}]}},"_links":{"self":[{"href":"https:\/\/izglitiba.valmierasnovads.lv\/rujienasvidusskola\/wp-json\/wp\/v2\/pages\/621","targetHints":{"allow":["GET"]}}],"collection":[{"href":"https:\/\/izglitiba.valmierasnovads.lv\/rujienasvidusskola\/wp-json\/wp\/v2\/pages"}],"about":[{"href":"https:\/\/izglitiba.valmierasnovads.lv\/rujienasvidusskola\/wp-json\/wp\/v2\/types\/page"}],"author":[{"embeddable":true,"href":"https:\/\/izglitiba.valmierasnovads.lv\/rujienasvidusskola\/wp-json\/wp\/v2\/users\/10"}],"replies":[{"embeddable":true,"href":"https:\/\/izglitiba.valmierasnovads.lv\/rujienasvidusskola\/wp-json\/wp\/v2\/comments?post=621"}],"version-history":[{"count":3,"href":"https:\/\/izglitiba.valmierasnovads.lv\/rujienasvidusskola\/wp-json\/wp\/v2\/pages\/621\/revisions"}],"predecessor-version":[{"id":634,"href":"https:\/\/izglitiba.valmierasnovads.lv\/rujienasvidusskola\/wp-json\/wp\/v2\/pages\/621\/revisions\/634"}],"wp:attachment":[{"href":"https:\/\/izglitiba.valmierasnovads.lv\/rujienasvidusskola\/wp-json\/wp\/v2\/media?parent=621"}],"curies":[{"name":"wp","href":"https:\/\/api.w.org\/{rel}","templated":true}]}}