{"id":209,"date":"2025-07-17T10:25:12","date_gmt":"2025-07-17T07:25:12","guid":{"rendered":"https:\/\/izglitiba.valmierasnovads.lv\/rujienavarpina\/?page_id=209"},"modified":"2026-02-26T17:37:37","modified_gmt":"2026-02-26T15:37:37","slug":"uzsakot-iestades-apmeklesanu","status":"publish","type":"page","link":"https:\/\/izglitiba.valmierasnovads.lv\/rujienavarpina\/uzsakot-iestades-apmeklesanu\/","title":{"rendered":"Uzs\u0101kot iest\u0101des apmekl\u0113\u0161anu"},"content":{"rendered":"\n<div class=\"wp-block-columns is-layout-flex wp-container-core-columns-is-layout-28f84493 wp-block-columns-is-layout-flex\">\n<div class=\"wp-block-column is-layout-flow wp-block-column-is-layout-flow\">\n<div class=\"wp-block-media-text is-stacked-on-mobile\"><figure class=\"wp-block-media-text__media\"><\/figure><div class=\"wp-block-media-text__content\">\n<p><strong>VEC\u0100KIEM B\u0112RNAM IZGL\u012aT\u012aBAS IEST\u0100D\u0112 J\u0100NODRO\u0160INA<\/strong><\/p>\n\n\n\n<p>Lai J\u016bsu b\u0113rns var\u0113tu uzs\u0101kt pirmsskolas izgl\u012bt\u012bbas iest\u0101di, vi\u0146am nepiecie\u0161amas \u0161\u0101das lietas:<\/p>\n\n\n\n<p>*Apmekl\u0113t \u0123imenes \u0101rstu, lai sa\u0146emtu Medic\u012bnsiko karti (veidlapa Nr.063\/u)<\/p>\n\n\n\n<p>*Izzi\u0146a, ka b\u0113rns nav bijis kontakt\u0101 ar infekcijas slim\u012bb\u0101m un b\u0113rnam ir veikta pedikulozes p\u0101rbaude.<\/p>\n\n\n\n<p>Mai\u0146as apavi, kuri ir \u0113rti, stabili un atbilsto\u0161i b\u0113rna k\u0101jas izm\u0113ram.<\/p>\n\n\n\n<p>Atbilsto\u0161s ap\u0123\u0113rbs telpu temperat\u016brai.<\/p>\n\n\n\n<p>Higi\u0113nas piederumi &#8211; zobu birst\u012bte, zobu pasta un \u0137emme.<\/p>\n\n\n\n<p>B\u0113rniem, kuri nelieto podi\u0146u, vec\u0101ki nodro\u0161iona ar auti\u0146biks\u012bt\u0113m un main\u0101mu ve\u013cu (vecuma grupas no 1,5 &#8211; 2,5 gadiem).<\/p>\n\n\n\n<p>Sporta nodarb\u012bb\u0101s vajadz\u012bgs T-krekls, \u0161orti\u0146i, 5 &#8211; 6 gadu vecuma grup\u0101m papildus nepiecie\u0161ami sporta apavi.<\/p>\n<\/div><\/div>\n<\/div>\n\n\n\n<div class=\"wp-block-column is-layout-flow wp-block-column-is-layout-flow\">\n<div class=\"wp-block-media-text is-stacked-on-mobile\"><figure class=\"wp-block-media-text__media\"><\/figure><div class=\"wp-block-media-text__content\">\n<p><strong>VEC\u0100KU R\u012aC\u012aBA B\u0112RNA SLIM\u012aBAS GAD\u012aJUM\u0100<\/strong><\/p>\n\n\n\n<p>Slimus b\u0113rnus ar paaugastin\u0101tu temperat\u016bru, stipr\u0101m iesn\u0101m, klepu, v\u0113dera izejas trauc\u0113jumiem, vem\u0161anu un cit\u0101m saslim\u0161anas paz\u012bm\u0113m uz b\u0113rnud\u0101rzu vest aizliegts.<\/p>\n\n\n\n<p>Ja b\u0113rns slim\u012bbas d\u0113\u013c neapmekl\u0113 iest\u0101di ilg\u0101k par trim dien\u0101m, p\u0113c b\u0113rna izvese\u013co\u0161an\u0101s j\u0101iesniedz \u0101rstniec\u012bbas iest\u0101des izzi\u0146a par b\u0113rna vesel\u012bbas st\u0101vokli.<\/p>\n\n\n\n<p>L\u012bdz trim saslim\u0161anas dien\u0101m m\u0113nes\u012b ir der\u012bgs vec\u0101ku iesniegums.<\/p>\n\n\n\n<p>Ja b\u0113rns neapmekl\u0113 pirmsskolas iest\u0101di vienu vai vair\u0101kas dienas karant\u012bnas laik\u0101, oblig\u0101ti j\u0101iesniedz \u0101rstniec\u012bbas iest\u0101des izzi\u0146a par b\u0113rna vesel\u012bbas st\u0101vokli.<\/p>\n<\/div><\/div>\n<\/div>\n<\/div>\n","protected":false},"excerpt":{"rendered":"<p>VEC\u0100KIEM B\u0112RNAM IZGL\u012aT\u012aBAS IEST\u0100D\u0112 J\u0100NODRO\u0160INA Lai J\u016bsu b\u0113rns var\u0113tu uzs\u0101kt pirmsskolas izgl\u012bt\u012bbas iest\u0101di, vi\u0146am nepiecie\u0161amas \u0161\u0101das lietas: *Apmekl\u0113t \u0123imenes \u0101rstu, [&hellip;]<\/p>\n","protected":false},"author":15,"featured_media":0,"parent":0,"menu_order":0,"comment_status":"closed","ping_status":"closed","template":"","meta":{"_acf_changed":false,"site-sidebar-layout":"default","site-content-layout":"","ast-site-content-layout":"default","site-content-style":"default","site-sidebar-style":"default","ast-global-header-display":"","ast-banner-title-visibility":"","ast-main-header-display":"","ast-hfb-above-header-display":"","ast-hfb-below-header-display":"","ast-hfb-mobile-header-display":"","site-post-title":"","ast-breadcrumbs-content":"","ast-featured-img":"","footer-sml-layout":"","ast-disable-related-posts":"","theme-transparent-header-meta":"","adv-header-id-meta":"","stick-header-meta":"","header-above-stick-meta":"","header-main-stick-meta":"","header-below-stick-meta":"","astra-migrate-meta-layouts":"default","ast-page-background-enabled":"default","ast-page-background-meta":{"desktop":{"background-color":"var(--ast-global-color-5)","background-image":"","background-repeat":"repeat","background-position":"center center","background-size":"auto","background-attachment":"scroll","background-type":"","background-media":"","overlay-type":"","overlay-color":"","overlay-opacity":"","overlay-gradient":""},"tablet":{"background-color":"","background-image":"","background-repeat":"repeat","background-position":"center center","background-size":"auto","background-attachment":"scroll","background-type":"","background-media":"","overlay-type":"","overlay-color":"","overlay-opacity":"","overlay-gradient":""},"mobile":{"background-color":"","background-image":"","background-repeat":"repeat","background-position":"center center","background-size":"auto","background-attachment":"scroll","background-type":"","background-media":"","overlay-type":"","overlay-color":"","overlay-opacity":"","overlay-gradient":""}},"ast-content-background-meta":{"desktop":{"background-color":"var(--ast-global-color-4)","background-image":"","background-repeat":"repeat","background-position":"center center","background-size":"auto","background-attachment":"scroll","background-type":"","background-media":"","overlay-type":"","overlay-color":"","overlay-opacity":"","overlay-gradient":""},"tablet":{"background-color":"var(--ast-global-color-4)","background-image":"","background-repeat":"repeat","background-position":"center center","background-size":"auto","background-attachment":"scroll","background-type":"","background-media":"","overlay-type":"","overlay-color":"","overlay-opacity":"","overlay-gradient":""},"mobile":{"background-color":"var(--ast-global-color-4)","background-image":"","background-repeat":"repeat","background-position":"center center","background-size":"auto","background-attachment":"scroll","background-type":"","background-media":"","overlay-type":"","overlay-color":"","overlay-opacity":"","overlay-gradient":""}},"footnotes":""},"class_list":["post-209","page","type-page","status-publish","hentry"],"acf":[],"yoast_head":"<!-- This site is optimized with the Yoast SEO plugin v27.0 - https:\/\/yoast.com\/product\/yoast-seo-wordpress\/ -->\n<title>Uzs\u0101kot iest\u0101des apmekl\u0113\u0161anu - R\u016bjienas pirmsskolas izgl\u012bt\u012bbas iest\u0101de ,,V\u0101rpi\u0146a\u201d<\/title>\n<meta name=\"robots\" content=\"index, follow, max-snippet:-1, max-image-preview:large, max-video-preview:-1\" \/>\n<link rel=\"canonical\" href=\"https:\/\/izglitiba.valmierasnovads.lv\/rujienavarpina\/uzsakot-iestades-apmeklesanu\/\" \/>\n<meta property=\"og:locale\" content=\"lv_LV\" \/>\n<meta property=\"og:type\" content=\"article\" \/>\n<meta property=\"og:title\" content=\"Uzs\u0101kot iest\u0101des apmekl\u0113\u0161anu - R\u016bjienas pirmsskolas izgl\u012bt\u012bbas iest\u0101de ,,V\u0101rpi\u0146a\u201d\" \/>\n<meta property=\"og:description\" content=\"VEC\u0100KIEM B\u0112RNAM IZGL\u012aT\u012aBAS IEST\u0100D\u0112 J\u0100NODRO\u0160INA Lai J\u016bsu b\u0113rns var\u0113tu uzs\u0101kt pirmsskolas izgl\u012bt\u012bbas iest\u0101di, vi\u0146am nepiecie\u0161amas \u0161\u0101das lietas: *Apmekl\u0113t \u0123imenes \u0101rstu, [&hellip;]\" \/>\n<meta property=\"og:url\" content=\"https:\/\/izglitiba.valmierasnovads.lv\/rujienavarpina\/uzsakot-iestades-apmeklesanu\/\" \/>\n<meta property=\"og:site_name\" content=\"R\u016bjienas pirmsskolas izgl\u012bt\u012bbas iest\u0101de ,,V\u0101rpi\u0146a\u201d\" \/>\n<meta property=\"article:modified_time\" content=\"2026-02-26T15:37:37+00:00\" \/>\n<meta name=\"twitter:card\" content=\"summary_large_image\" \/>\n<meta name=\"twitter:label1\" content=\"Est. reading time\" \/>\n\t<meta name=\"twitter:data1\" content=\"1 min\u016bte\" \/>\n<script type=\"application\/ld+json\" class=\"yoast-schema-graph\">{\"@context\":\"https:\/\/schema.org\",\"@graph\":[{\"@type\":\"WebPage\",\"@id\":\"https:\/\/izglitiba.valmierasnovads.lv\/rujienavarpina\/uzsakot-iestades-apmeklesanu\/\",\"url\":\"https:\/\/izglitiba.valmierasnovads.lv\/rujienavarpina\/uzsakot-iestades-apmeklesanu\/\",\"name\":\"Uzs\u0101kot iest\u0101des apmekl\u0113\u0161anu - R\u016bjienas pirmsskolas izgl\u012bt\u012bbas iest\u0101de ,,V\u0101rpi\u0146a\u201d\",\"isPartOf\":{\"@id\":\"https:\/\/izglitiba.valmierasnovads.lv\/rujienavarpina\/#website\"},\"datePublished\":\"2025-07-17T07:25:12+00:00\",\"dateModified\":\"2026-02-26T15:37:37+00:00\",\"breadcrumb\":{\"@id\":\"https:\/\/izglitiba.valmierasnovads.lv\/rujienavarpina\/uzsakot-iestades-apmeklesanu\/#breadcrumb\"},\"inLanguage\":\"lv-LV\",\"potentialAction\":[{\"@type\":\"ReadAction\",\"target\":[\"https:\/\/izglitiba.valmierasnovads.lv\/rujienavarpina\/uzsakot-iestades-apmeklesanu\/\"]}]},{\"@type\":\"BreadcrumbList\",\"@id\":\"https:\/\/izglitiba.valmierasnovads.lv\/rujienavarpina\/uzsakot-iestades-apmeklesanu\/#breadcrumb\",\"itemListElement\":[{\"@type\":\"ListItem\",\"position\":1,\"name\":\"Home\",\"item\":\"https:\/\/izglitiba.valmierasnovads.lv\/rujienavarpina\/\"},{\"@type\":\"ListItem\",\"position\":2,\"name\":\"Uzs\u0101kot iest\u0101des apmekl\u0113\u0161anu\"}]},{\"@type\":\"WebSite\",\"@id\":\"https:\/\/izglitiba.valmierasnovads.lv\/rujienavarpina\/#website\",\"url\":\"https:\/\/izglitiba.valmierasnovads.lv\/rujienavarpina\/\",\"name\":\"R\u016bjienas pirmsskolas izgl\u012bt\u012bbas iest\u0101de ,,V\u0101rpi\u0146a\u201d\",\"description\":\"\",\"publisher\":{\"@id\":\"https:\/\/izglitiba.valmierasnovads.lv\/rujienavarpina\/#organization\"},\"potentialAction\":[{\"@type\":\"SearchAction\",\"target\":{\"@type\":\"EntryPoint\",\"urlTemplate\":\"https:\/\/izglitiba.valmierasnovads.lv\/rujienavarpina\/?s={search_term_string}\"},\"query-input\":{\"@type\":\"PropertyValueSpecification\",\"valueRequired\":true,\"valueName\":\"search_term_string\"}}],\"inLanguage\":\"lv-LV\"},{\"@type\":\"Organization\",\"@id\":\"https:\/\/izglitiba.valmierasnovads.lv\/rujienavarpina\/#organization\",\"name\":\"R\u016bjienas pirmsskolas izgl\u012bt\u012bbas iest\u0101de ,,V\u0101rpi\u0146a\u201d\",\"url\":\"https:\/\/izglitiba.valmierasnovads.lv\/rujienavarpina\/\",\"logo\":{\"@type\":\"ImageObject\",\"inLanguage\":\"lv-LV\",\"@id\":\"https:\/\/izglitiba.valmierasnovads.lv\/rujienavarpina\/#\/schema\/logo\/image\/\",\"url\":\"https:\/\/izglitiba.valmierasnovads.lv\/rujienavarpina\/wp-content\/uploads\/sites\/14\/2026\/03\/cropped-Pirmsskolas-izglitibas-iestades-ar-pasu-logo-13-scaled-1.png\",\"contentUrl\":\"https:\/\/izglitiba.valmierasnovads.lv\/rujienavarpina\/wp-content\/uploads\/sites\/14\/2026\/03\/cropped-Pirmsskolas-izglitibas-iestades-ar-pasu-logo-13-scaled-1.png\",\"width\":1423,\"height\":404,\"caption\":\"R\u016bjienas pirmsskolas izgl\u012bt\u012bbas iest\u0101de ,,V\u0101rpi\u0146a\u201d\"},\"image\":{\"@id\":\"https:\/\/izglitiba.valmierasnovads.lv\/rujienavarpina\/#\/schema\/logo\/image\/\"}}]}<\/script>\n<!-- \/ Yoast SEO plugin. -->","yoast_head_json":{"title":"Uzs\u0101kot iest\u0101des apmekl\u0113\u0161anu - R\u016bjienas pirmsskolas izgl\u012bt\u012bbas iest\u0101de ,,V\u0101rpi\u0146a\u201d","robots":{"index":"index","follow":"follow","max-snippet":"max-snippet:-1","max-image-preview":"max-image-preview:large","max-video-preview":"max-video-preview:-1"},"canonical":"https:\/\/izglitiba.valmierasnovads.lv\/rujienavarpina\/uzsakot-iestades-apmeklesanu\/","og_locale":"lv_LV","og_type":"article","og_title":"Uzs\u0101kot iest\u0101des apmekl\u0113\u0161anu - R\u016bjienas pirmsskolas izgl\u012bt\u012bbas iest\u0101de ,,V\u0101rpi\u0146a\u201d","og_description":"VEC\u0100KIEM B\u0112RNAM IZGL\u012aT\u012aBAS IEST\u0100D\u0112 J\u0100NODRO\u0160INA Lai J\u016bsu b\u0113rns var\u0113tu uzs\u0101kt pirmsskolas izgl\u012bt\u012bbas iest\u0101di, vi\u0146am nepiecie\u0161amas \u0161\u0101das lietas: *Apmekl\u0113t \u0123imenes \u0101rstu, [&hellip;]","og_url":"https:\/\/izglitiba.valmierasnovads.lv\/rujienavarpina\/uzsakot-iestades-apmeklesanu\/","og_site_name":"R\u016bjienas pirmsskolas izgl\u012bt\u012bbas iest\u0101de ,,V\u0101rpi\u0146a\u201d","article_modified_time":"2026-02-26T15:37:37+00:00","twitter_card":"summary_large_image","twitter_misc":{"Est. reading time":"1 min\u016bte"},"schema":{"@context":"https:\/\/schema.org","@graph":[{"@type":"WebPage","@id":"https:\/\/izglitiba.valmierasnovads.lv\/rujienavarpina\/uzsakot-iestades-apmeklesanu\/","url":"https:\/\/izglitiba.valmierasnovads.lv\/rujienavarpina\/uzsakot-iestades-apmeklesanu\/","name":"Uzs\u0101kot iest\u0101des apmekl\u0113\u0161anu - R\u016bjienas pirmsskolas izgl\u012bt\u012bbas iest\u0101de ,,V\u0101rpi\u0146a\u201d","isPartOf":{"@id":"https:\/\/izglitiba.valmierasnovads.lv\/rujienavarpina\/#website"},"datePublished":"2025-07-17T07:25:12+00:00","dateModified":"2026-02-26T15:37:37+00:00","breadcrumb":{"@id":"https:\/\/izglitiba.valmierasnovads.lv\/rujienavarpina\/uzsakot-iestades-apmeklesanu\/#breadcrumb"},"inLanguage":"lv-LV","potentialAction":[{"@type":"ReadAction","target":["https:\/\/izglitiba.valmierasnovads.lv\/rujienavarpina\/uzsakot-iestades-apmeklesanu\/"]}]},{"@type":"BreadcrumbList","@id":"https:\/\/izglitiba.valmierasnovads.lv\/rujienavarpina\/uzsakot-iestades-apmeklesanu\/#breadcrumb","itemListElement":[{"@type":"ListItem","position":1,"name":"Home","item":"https:\/\/izglitiba.valmierasnovads.lv\/rujienavarpina\/"},{"@type":"ListItem","position":2,"name":"Uzs\u0101kot iest\u0101des apmekl\u0113\u0161anu"}]},{"@type":"WebSite","@id":"https:\/\/izglitiba.valmierasnovads.lv\/rujienavarpina\/#website","url":"https:\/\/izglitiba.valmierasnovads.lv\/rujienavarpina\/","name":"R\u016bjienas pirmsskolas izgl\u012bt\u012bbas iest\u0101de ,,V\u0101rpi\u0146a\u201d","description":"","publisher":{"@id":"https:\/\/izglitiba.valmierasnovads.lv\/rujienavarpina\/#organization"},"potentialAction":[{"@type":"SearchAction","target":{"@type":"EntryPoint","urlTemplate":"https:\/\/izglitiba.valmierasnovads.lv\/rujienavarpina\/?s={search_term_string}"},"query-input":{"@type":"PropertyValueSpecification","valueRequired":true,"valueName":"search_term_string"}}],"inLanguage":"lv-LV"},{"@type":"Organization","@id":"https:\/\/izglitiba.valmierasnovads.lv\/rujienavarpina\/#organization","name":"R\u016bjienas pirmsskolas izgl\u012bt\u012bbas iest\u0101de ,,V\u0101rpi\u0146a\u201d","url":"https:\/\/izglitiba.valmierasnovads.lv\/rujienavarpina\/","logo":{"@type":"ImageObject","inLanguage":"lv-LV","@id":"https:\/\/izglitiba.valmierasnovads.lv\/rujienavarpina\/#\/schema\/logo\/image\/","url":"https:\/\/izglitiba.valmierasnovads.lv\/rujienavarpina\/wp-content\/uploads\/sites\/14\/2026\/03\/cropped-Pirmsskolas-izglitibas-iestades-ar-pasu-logo-13-scaled-1.png","contentUrl":"https:\/\/izglitiba.valmierasnovads.lv\/rujienavarpina\/wp-content\/uploads\/sites\/14\/2026\/03\/cropped-Pirmsskolas-izglitibas-iestades-ar-pasu-logo-13-scaled-1.png","width":1423,"height":404,"caption":"R\u016bjienas pirmsskolas izgl\u012bt\u012bbas iest\u0101de ,,V\u0101rpi\u0146a\u201d"},"image":{"@id":"https:\/\/izglitiba.valmierasnovads.lv\/rujienavarpina\/#\/schema\/logo\/image\/"}}]}},"_links":{"self":[{"href":"https:\/\/izglitiba.valmierasnovads.lv\/rujienavarpina\/wp-json\/wp\/v2\/pages\/209","targetHints":{"allow":["GET"]}}],"collection":[{"href":"https:\/\/izglitiba.valmierasnovads.lv\/rujienavarpina\/wp-json\/wp\/v2\/pages"}],"about":[{"href":"https:\/\/izglitiba.valmierasnovads.lv\/rujienavarpina\/wp-json\/wp\/v2\/types\/page"}],"author":[{"embeddable":true,"href":"https:\/\/izglitiba.valmierasnovads.lv\/rujienavarpina\/wp-json\/wp\/v2\/users\/15"}],"replies":[{"embeddable":true,"href":"https:\/\/izglitiba.valmierasnovads.lv\/rujienavarpina\/wp-json\/wp\/v2\/comments?post=209"}],"version-history":[{"count":3,"href":"https:\/\/izglitiba.valmierasnovads.lv\/rujienavarpina\/wp-json\/wp\/v2\/pages\/209\/revisions"}],"predecessor-version":[{"id":1115,"href":"https:\/\/izglitiba.valmierasnovads.lv\/rujienavarpina\/wp-json\/wp\/v2\/pages\/209\/revisions\/1115"}],"wp:attachment":[{"href":"https:\/\/izglitiba.valmierasnovads.lv\/rujienavarpina\/wp-json\/wp\/v2\/media?parent=209"}],"curies":[{"name":"wp","href":"https:\/\/api.w.org\/{rel}","templated":true}]}}