{"id":280,"date":"2025-07-18T13:01:19","date_gmt":"2025-07-18T10:01:19","guid":{"rendered":"https:\/\/izglitiba.valmierasnovads.lv\/rujienavarpina\/?page_id=280"},"modified":"2025-07-18T15:30:49","modified_gmt":"2025-07-18T12:30:49","slug":"etwinning","status":"publish","type":"page","link":"https:\/\/izglitiba.valmierasnovads.lv\/rujienavarpina\/etwinning\/","title":{"rendered":"eTwinning"},"content":{"rendered":"\n<div class=\"wp-block-columns is-layout-flex wp-container-core-columns-is-layout-28f84493 wp-block-columns-is-layout-flex\">\n<div class=\"wp-block-column is-layout-flow wp-block-column-is-layout-flow\" style=\"flex-basis:66.66%\">\n<p><strong>eTwinning\u00a0<\/strong>ir Eiropas skolu kopiena. T\u0101 pied\u0101v\u0101 platformu izgl\u012bt\u012bbas jomas darbiniekiem (skolot\u0101jiem, m\u0101c\u012bbu p\u0101rzi\u0146iem, bibliotek\u0101riem u.c.), kas str\u0101d\u0101 izgl\u012bt\u012bbas iest\u0101d\u0113s k\u0101d\u0101 no Eiropas valst\u012bm, lai iesaist\u012btu tos komunik\u0101cij\u0101, sadarb\u012bb\u0101, projektu \u012bsteno\u0161an\u0101 un pieredzes apmai\u0146\u0101. \u012as\u0101k sakot, eTwininng pied\u0101v\u0101 skolot\u0101jiem k\u013c\u016bt par da\u013cu no visaizraujo\u0161\u0101k\u0101s m\u0101c\u012bbu kopienas Eirop\u0101. Kop\u0161 2014.gada eTwininng ir integr\u0113ts Eiropas Savien\u012bbas izgl\u012bt\u012bbas, apm\u0101c\u012bbas, jaunatnes un sporta programm\u0101 Erasmus+<\/p>\n<\/div>\n\n\n\n<div class=\"wp-block-column is-layout-flow wp-block-column-is-layout-flow\" style=\"flex-basis:33.33%\">\n<figure class=\"wp-block-image alignfull size-full\"><img loading=\"lazy\" decoding=\"async\" width=\"271\" height=\"186\" src=\"https:\/\/izglitiba.valmierasnovads.lv\/rujienavarpina\/wp-content\/uploads\/sites\/14\/2025\/07\/ETW.png\" alt=\"\" class=\"wp-image-313\" \/><\/figure>\n<\/div>\n<\/div>\n\n\n\n<div class=\"wp-block-media-text is-stacked-on-mobile\"><figure class=\"wp-block-media-text__media\"><img loading=\"lazy\" decoding=\"async\" width=\"1024\" height=\"1024\" src=\"https:\/\/izglitiba.valmierasnovads.lv\/rujienavarpina\/wp-content\/uploads\/sites\/14\/2025\/07\/979e79c4-d231-4f03-8830-068f5c0991c4-1024x1024.jpg\" alt=\"\" class=\"wp-image-320 size-full\" srcset=\"https:\/\/izglitiba.valmierasnovads.lv\/rujienavarpina\/wp-content\/uploads\/sites\/14\/2025\/07\/979e79c4-d231-4f03-8830-068f5c0991c4-1024x1024.jpg 1024w, https:\/\/izglitiba.valmierasnovads.lv\/rujienavarpina\/wp-content\/uploads\/sites\/14\/2025\/07\/979e79c4-d231-4f03-8830-068f5c0991c4-300x300.jpg 300w, https:\/\/izglitiba.valmierasnovads.lv\/rujienavarpina\/wp-content\/uploads\/sites\/14\/2025\/07\/979e79c4-d231-4f03-8830-068f5c0991c4-150x150.jpg 150w, https:\/\/izglitiba.valmierasnovads.lv\/rujienavarpina\/wp-content\/uploads\/sites\/14\/2025\/07\/979e79c4-d231-4f03-8830-068f5c0991c4-768x768.jpg 768w, https:\/\/izglitiba.valmierasnovads.lv\/rujienavarpina\/wp-content\/uploads\/sites\/14\/2025\/07\/979e79c4-d231-4f03-8830-068f5c0991c4-1536x1536.jpg 1536w, https:\/\/izglitiba.valmierasnovads.lv\/rujienavarpina\/wp-content\/uploads\/sites\/14\/2025\/07\/979e79c4-d231-4f03-8830-068f5c0991c4-2048x2048.jpg 2048w\" sizes=\"auto, (max-width: 1024px) 100vw, 1024px\" \/><\/figure><div class=\"wp-block-media-text__content\">\n<p><strong>ETWINNING SKOLAS STATUSA SA\u0145EM\u0160ANA<\/strong><\/p>\n\n\n\n<p><\/p>\n\n\n\n<p>Augsto atzin\u012bbas z\u012bmi pie\u0161\u0137ir iest\u0101d\u0113m, kur\u0101s darbojas akt\u012bvu skolot\u0101ju komandas, kas \u012bsteno eTwinning sadarb\u012bbas projektus, skol\u0101 veicinot digit\u0101lo prat\u012bbu un interneta dro\u0161\u012bbu, k\u0101 ar\u012b veicina pla\u0161\u0101ku skol\u0113nu iesaist\u012b\u0161anos projektu pl\u0101no\u0161an\u0101 un \u012bsteno\u0161an\u0101.<\/p>\n\n\n\n<p>PII \u201cV\u0101rpi\u0146a\u201d \u0161o z\u012bmi sa\u0146\u0113ma jau tre\u0161o reizi.<\/p>\n\n\n\n<p>R\u016bjienas PII \u201cV\u0101rpi\u0146a\u201d darbojas \u012bpa\u0161i akt\u012bva eTwinning skolot\u0101ju komanda. Izgl\u012bt\u012bbas iest\u0101d\u0113 \u012bsteno gan viet\u0113ja, gan starptautiska m\u0113roga sadarb\u012bbas projektus, kuri guvu\u0161i atzin\u012bbu.  PII \u201cV\u0101rpi\u0146\u0101\u201d \u012bstenoti da\u017e\u0101di projekti, kas veicina b\u0113rnu izpratni par dabu, sabiedr\u012bbu un kult\u016bras noris\u0113m, k\u0101 ar\u012b darbo\u0161an\u0101s starptautisk\u0101 vid\u0113 pal\u012bdz att\u012bst\u012bt valodas prasmes.<\/p>\n<\/div><\/div>\n\n\n\n<div class=\"wp-block-media-text is-stacked-on-mobile\"><figure class=\"wp-block-media-text__media\"><\/figure><div class=\"wp-block-media-text__content\">\n<p><strong>STARPTAUTISKAIS PROJEKTS<\/strong> &#8211;<em>One week in our kindergarden<\/em> (2024.\/25.m.g.)<\/p>\n\n\n\n<p><strong>Projekt\u0101 iesaist\u012bt\u0101s valstis:<\/strong> Latvija un Lietuva. <\/p>\n\n\n\n<p><strong>Projekta m\u0113r\u0137is:<\/strong> Iepaz\u012bt otra b\u0113rnud\u0101rza ikdienu un rad\u012bt b\u0113rna perfekto dienu b\u0113rnud\u0101rz\u0101. B\u0113rnu pieredzes apmai\u0146a ned\u0113\u013cas garum\u0101. M\u0113s nevaram aizlidot pie jums, bet varam jums par\u0101d\u012bt ko m\u0113s ikdien\u0101 dar\u0101m. Kop\u0101 m\u0113s varam izveidot perfektu dienu b\u0113rnud\u0101rz\u0101. <\/p>\n\n\n\n<p><strong>Projekta pedagogi:<\/strong> Jana Buli\u0146a, Dace \u0100bolti\u0146a, Ivita Segli\u0146a <\/p>\n\n\n\n<p><strong>Projekta grupa:<\/strong> \u201cSp\u0101r\u012btes\u201d grupa.<\/p>\n<\/div><\/div>\n\n\n\n<div class=\"wp-block-media-text has-media-on-the-right is-stacked-on-mobile\"><div class=\"wp-block-media-text__content\">\n<p><strong>ETWINNING SKOLU FORUMS<\/strong><\/p>\n\n\n\n<p><br>2023.gada 20.j\u016bnij\u0101 R\u012bg\u0101 norisin\u0101j\u0101s Jaunatnes starptautisko programmu a\u0123ent\u016bras Eiropas skolu sadarb\u012bbas t\u012bkla eTwinning forums \u201ceTwinning Skola\u201d statusu ieguvu\u0161aj\u0101m izgl\u012bt\u012bbas iest\u0101d\u0113m no visas Latvijas. Forum\u0101 tik\u0101s gan pieredz\u0113ju\u0161i eTwinning pedagogi \u2013 projektu \u012bstenot\u0101ji, gan izgl\u012bt\u012bbas iest\u0101\u017eu vad\u012bbas p\u0101rst\u0101vji, lai pilnveidotu savu izpratni par eTwinning Skolu misiju, p\u012bl\u0101riem un veidotu jaunas sadarb\u012bbas starp skol\u0101m. Forums bija lieliska iesp\u0113ja eTwinning Skol\u0101m satikties, t\u012bkloties, k\u0101 ar\u012b dal\u012bties sav\u0101 pieredz\u0113.<\/p>\n\n\n\n<p>Foruma laik\u0101 pedagogiem bez pieredzes eTwinning projektu \u012bsteno\u0161an\u0101&nbsp; bija iesp\u0113ja izm\u0113\u0123in\u0101t \u0101tro versiju projektu pl\u0101no\u0161anai eTwinning v\u0113stnieces Inetas Lielkalnes vad\u012bb\u0101. Pl\u0101no\u0161anas sesij\u0101 tapa asto\u0146as jaunas projektu komandas un tikpat daudz projektu ideju, kas apvienoja da\u017e\u0101dus m\u0101c\u012bbu priek\u0161metus un kompetences.<\/p>\n\n\n\n<p>No PII \u201cV\u0101rpi\u0146as\u201d forum\u0101 piedal\u012bj\u0101s Ivita Segli\u0146a, Madara Jansone un Baiba Rieksti\u0146a.<\/p>\n<\/div><figure class=\"wp-block-media-text__media\"><img loading=\"lazy\" decoding=\"async\" width=\"600\" height=\"600\" src=\"https:\/\/izglitiba.valmierasnovads.lv\/rujienavarpina\/wp-content\/uploads\/sites\/14\/2025\/07\/41b35387-9c66-464a-8df3-a0595a234c2b.jpg\" alt=\"\" class=\"wp-image-317 size-full\" srcset=\"https:\/\/izglitiba.valmierasnovads.lv\/rujienavarpina\/wp-content\/uploads\/sites\/14\/2025\/07\/41b35387-9c66-464a-8df3-a0595a234c2b.jpg 600w, https:\/\/izglitiba.valmierasnovads.lv\/rujienavarpina\/wp-content\/uploads\/sites\/14\/2025\/07\/41b35387-9c66-464a-8df3-a0595a234c2b-300x300.jpg 300w, https:\/\/izglitiba.valmierasnovads.lv\/rujienavarpina\/wp-content\/uploads\/sites\/14\/2025\/07\/41b35387-9c66-464a-8df3-a0595a234c2b-150x150.jpg 150w\" sizes=\"auto, (max-width: 600px) 100vw, 600px\" \/><\/figure><\/div>\n\n\n\n<p><\/p>\n","protected":false},"excerpt":{"rendered":"<p>eTwinning\u00a0ir Eiropas skolu kopiena. T\u0101 pied\u0101v\u0101 platformu izgl\u012bt\u012bbas jomas darbiniekiem (skolot\u0101jiem, m\u0101c\u012bbu p\u0101rzi\u0146iem, bibliotek\u0101riem u.c.), kas str\u0101d\u0101 izgl\u012bt\u012bbas iest\u0101d\u0113s k\u0101d\u0101 [&hellip;]<\/p>\n","protected":false},"author":15,"featured_media":0,"parent":0,"menu_order":0,"comment_status":"closed","ping_status":"closed","template":"","meta":{"_acf_changed":false,"site-sidebar-layout":"default","site-content-layout":"","ast-site-content-layout":"default","site-content-style":"default","site-sidebar-style":"default","ast-global-header-display":"","ast-banner-title-visibility":"","ast-main-header-display":"","ast-hfb-above-header-display":"","ast-hfb-below-header-display":"","ast-hfb-mobile-header-display":"","site-post-title":"","ast-breadcrumbs-content":"","ast-featured-img":"","footer-sml-layout":"","ast-disable-related-posts":"","theme-transparent-header-meta":"","adv-header-id-meta":"","stick-header-meta":"","header-above-stick-meta":"","header-main-stick-meta":"","header-below-stick-meta":"","astra-migrate-meta-layouts":"default","ast-page-background-enabled":"default","ast-page-background-meta":{"desktop":{"background-color":"var(--ast-global-color-5)","background-image":"","background-repeat":"repeat","background-position":"center center","background-size":"auto","background-attachment":"scroll","background-type":"","background-media":"","overlay-type":"","overlay-color":"","overlay-opacity":"","overlay-gradient":""},"tablet":{"background-color":"","background-image":"","background-repeat":"repeat","background-position":"center center","background-size":"auto","background-attachment":"scroll","background-type":"","background-media":"","overlay-type":"","overlay-color":"","overlay-opacity":"","overlay-gradient":""},"mobile":{"background-color":"","background-image":"","background-repeat":"repeat","background-position":"center center","background-size":"auto","background-attachment":"scroll","background-type":"","background-media":"","overlay-type":"","overlay-color":"","overlay-opacity":"","overlay-gradient":""}},"ast-content-background-meta":{"desktop":{"background-color":"var(--ast-global-color-4)","background-image":"","background-repeat":"repeat","background-position":"center center","background-size":"auto","background-attachment":"scroll","background-type":"","background-media":"","overlay-type":"","overlay-color":"","overlay-opacity":"","overlay-gradient":""},"tablet":{"background-color":"var(--ast-global-color-4)","background-image":"","background-repeat":"repeat","background-position":"center center","background-size":"auto","background-attachment":"scroll","background-type":"","background-media":"","overlay-type":"","overlay-color":"","overlay-opacity":"","overlay-gradient":""},"mobile":{"background-color":"var(--ast-global-color-4)","background-image":"","background-repeat":"repeat","background-position":"center center","background-size":"auto","background-attachment":"scroll","background-type":"","background-media":"","overlay-type":"","overlay-color":"","overlay-opacity":"","overlay-gradient":""}},"footnotes":""},"class_list":["post-280","page","type-page","status-publish","hentry"],"acf":[],"yoast_head":"<!-- This site is optimized with the Yoast SEO plugin v27.0 - https:\/\/yoast.com\/product\/yoast-seo-wordpress\/ -->\n<title>eTwinning - R\u016bjienas pirmsskolas izgl\u012bt\u012bbas iest\u0101de ,,V\u0101rpi\u0146a\u201d<\/title>\n<meta name=\"robots\" content=\"index, follow, max-snippet:-1, max-image-preview:large, max-video-preview:-1\" \/>\n<link rel=\"canonical\" href=\"https:\/\/izglitiba.valmierasnovads.lv\/rujienavarpina\/etwinning\/\" \/>\n<meta property=\"og:locale\" content=\"lv_LV\" \/>\n<meta property=\"og:type\" content=\"article\" \/>\n<meta property=\"og:title\" content=\"eTwinning - R\u016bjienas pirmsskolas izgl\u012bt\u012bbas iest\u0101de ,,V\u0101rpi\u0146a\u201d\" \/>\n<meta property=\"og:description\" content=\"eTwinning\u00a0ir Eiropas skolu kopiena. T\u0101 pied\u0101v\u0101 platformu izgl\u012bt\u012bbas jomas darbiniekiem (skolot\u0101jiem, m\u0101c\u012bbu p\u0101rzi\u0146iem, bibliotek\u0101riem u.c.), kas str\u0101d\u0101 izgl\u012bt\u012bbas iest\u0101d\u0113s k\u0101d\u0101 [&hellip;]\" \/>\n<meta property=\"og:url\" content=\"https:\/\/izglitiba.valmierasnovads.lv\/rujienavarpina\/etwinning\/\" \/>\n<meta property=\"og:site_name\" content=\"R\u016bjienas pirmsskolas izgl\u012bt\u012bbas iest\u0101de ,,V\u0101rpi\u0146a\u201d\" \/>\n<meta property=\"article:modified_time\" content=\"2025-07-18T12:30:49+00:00\" \/>\n<meta property=\"og:image\" content=\"https:\/\/izglitiba.valmierasnovads.lv\/rujienavarpina\/wp-content\/uploads\/sites\/14\/2025\/07\/ETW.png\" \/>\n\t<meta property=\"og:image:width\" content=\"271\" \/>\n\t<meta property=\"og:image:height\" content=\"186\" \/>\n\t<meta property=\"og:image:type\" content=\"image\/png\" \/>\n<meta name=\"twitter:card\" content=\"summary_large_image\" \/>\n<meta name=\"twitter:label1\" content=\"Est. reading time\" \/>\n\t<meta name=\"twitter:data1\" content=\"3 min\u016btes\" \/>\n<script type=\"application\/ld+json\" class=\"yoast-schema-graph\">{\"@context\":\"https:\/\/schema.org\",\"@graph\":[{\"@type\":\"WebPage\",\"@id\":\"https:\/\/izglitiba.valmierasnovads.lv\/rujienavarpina\/etwinning\/\",\"url\":\"https:\/\/izglitiba.valmierasnovads.lv\/rujienavarpina\/etwinning\/\",\"name\":\"eTwinning - R\u016bjienas pirmsskolas izgl\u012bt\u012bbas iest\u0101de ,,V\u0101rpi\u0146a\u201d\",\"isPartOf\":{\"@id\":\"https:\/\/izglitiba.valmierasnovads.lv\/rujienavarpina\/#website\"},\"primaryImageOfPage\":{\"@id\":\"https:\/\/izglitiba.valmierasnovads.lv\/rujienavarpina\/etwinning\/#primaryimage\"},\"image\":{\"@id\":\"https:\/\/izglitiba.valmierasnovads.lv\/rujienavarpina\/etwinning\/#primaryimage\"},\"thumbnailUrl\":\"https:\/\/izglitiba.valmierasnovads.lv\/rujienavarpina\/wp-content\/uploads\/sites\/14\/2025\/07\/ETW.png\",\"datePublished\":\"2025-07-18T10:01:19+00:00\",\"dateModified\":\"2025-07-18T12:30:49+00:00\",\"breadcrumb\":{\"@id\":\"https:\/\/izglitiba.valmierasnovads.lv\/rujienavarpina\/etwinning\/#breadcrumb\"},\"inLanguage\":\"lv-LV\",\"potentialAction\":[{\"@type\":\"ReadAction\",\"target\":[\"https:\/\/izglitiba.valmierasnovads.lv\/rujienavarpina\/etwinning\/\"]}]},{\"@type\":\"ImageObject\",\"inLanguage\":\"lv-LV\",\"@id\":\"https:\/\/izglitiba.valmierasnovads.lv\/rujienavarpina\/etwinning\/#primaryimage\",\"url\":\"https:\/\/izglitiba.valmierasnovads.lv\/rujienavarpina\/wp-content\/uploads\/sites\/14\/2025\/07\/ETW.png\",\"contentUrl\":\"https:\/\/izglitiba.valmierasnovads.lv\/rujienavarpina\/wp-content\/uploads\/sites\/14\/2025\/07\/ETW.png\",\"width\":271,\"height\":186},{\"@type\":\"BreadcrumbList\",\"@id\":\"https:\/\/izglitiba.valmierasnovads.lv\/rujienavarpina\/etwinning\/#breadcrumb\",\"itemListElement\":[{\"@type\":\"ListItem\",\"position\":1,\"name\":\"Home\",\"item\":\"https:\/\/izglitiba.valmierasnovads.lv\/rujienavarpina\/\"},{\"@type\":\"ListItem\",\"position\":2,\"name\":\"eTwinning\"}]},{\"@type\":\"WebSite\",\"@id\":\"https:\/\/izglitiba.valmierasnovads.lv\/rujienavarpina\/#website\",\"url\":\"https:\/\/izglitiba.valmierasnovads.lv\/rujienavarpina\/\",\"name\":\"R\u016bjienas pirmsskolas izgl\u012bt\u012bbas iest\u0101de ,,V\u0101rpi\u0146a\u201d\",\"description\":\"\",\"publisher\":{\"@id\":\"https:\/\/izglitiba.valmierasnovads.lv\/rujienavarpina\/#organization\"},\"potentialAction\":[{\"@type\":\"SearchAction\",\"target\":{\"@type\":\"EntryPoint\",\"urlTemplate\":\"https:\/\/izglitiba.valmierasnovads.lv\/rujienavarpina\/?s={search_term_string}\"},\"query-input\":{\"@type\":\"PropertyValueSpecification\",\"valueRequired\":true,\"valueName\":\"search_term_string\"}}],\"inLanguage\":\"lv-LV\"},{\"@type\":\"Organization\",\"@id\":\"https:\/\/izglitiba.valmierasnovads.lv\/rujienavarpina\/#organization\",\"name\":\"R\u016bjienas pirmsskolas izgl\u012bt\u012bbas iest\u0101de ,,V\u0101rpi\u0146a\u201d\",\"url\":\"https:\/\/izglitiba.valmierasnovads.lv\/rujienavarpina\/\",\"logo\":{\"@type\":\"ImageObject\",\"inLanguage\":\"lv-LV\",\"@id\":\"https:\/\/izglitiba.valmierasnovads.lv\/rujienavarpina\/#\/schema\/logo\/image\/\",\"url\":\"https:\/\/izglitiba.valmierasnovads.lv\/rujienavarpina\/wp-content\/uploads\/sites\/14\/2026\/03\/cropped-Pirmsskolas-izglitibas-iestades-ar-pasu-logo-13-scaled-1.png\",\"contentUrl\":\"https:\/\/izglitiba.valmierasnovads.lv\/rujienavarpina\/wp-content\/uploads\/sites\/14\/2026\/03\/cropped-Pirmsskolas-izglitibas-iestades-ar-pasu-logo-13-scaled-1.png\",\"width\":1423,\"height\":404,\"caption\":\"R\u016bjienas pirmsskolas izgl\u012bt\u012bbas iest\u0101de ,,V\u0101rpi\u0146a\u201d\"},\"image\":{\"@id\":\"https:\/\/izglitiba.valmierasnovads.lv\/rujienavarpina\/#\/schema\/logo\/image\/\"}}]}<\/script>\n<!-- \/ Yoast SEO plugin. -->","yoast_head_json":{"title":"eTwinning - R\u016bjienas pirmsskolas izgl\u012bt\u012bbas iest\u0101de ,,V\u0101rpi\u0146a\u201d","robots":{"index":"index","follow":"follow","max-snippet":"max-snippet:-1","max-image-preview":"max-image-preview:large","max-video-preview":"max-video-preview:-1"},"canonical":"https:\/\/izglitiba.valmierasnovads.lv\/rujienavarpina\/etwinning\/","og_locale":"lv_LV","og_type":"article","og_title":"eTwinning - R\u016bjienas pirmsskolas izgl\u012bt\u012bbas iest\u0101de ,,V\u0101rpi\u0146a\u201d","og_description":"eTwinning\u00a0ir Eiropas skolu kopiena. T\u0101 pied\u0101v\u0101 platformu izgl\u012bt\u012bbas jomas darbiniekiem (skolot\u0101jiem, m\u0101c\u012bbu p\u0101rzi\u0146iem, bibliotek\u0101riem u.c.), kas str\u0101d\u0101 izgl\u012bt\u012bbas iest\u0101d\u0113s k\u0101d\u0101 [&hellip;]","og_url":"https:\/\/izglitiba.valmierasnovads.lv\/rujienavarpina\/etwinning\/","og_site_name":"R\u016bjienas pirmsskolas izgl\u012bt\u012bbas iest\u0101de ,,V\u0101rpi\u0146a\u201d","article_modified_time":"2025-07-18T12:30:49+00:00","og_image":[{"width":271,"height":186,"url":"https:\/\/izglitiba.valmierasnovads.lv\/rujienavarpina\/wp-content\/uploads\/sites\/14\/2025\/07\/ETW.png","type":"image\/png"}],"twitter_card":"summary_large_image","twitter_misc":{"Est. reading time":"3 min\u016btes"},"schema":{"@context":"https:\/\/schema.org","@graph":[{"@type":"WebPage","@id":"https:\/\/izglitiba.valmierasnovads.lv\/rujienavarpina\/etwinning\/","url":"https:\/\/izglitiba.valmierasnovads.lv\/rujienavarpina\/etwinning\/","name":"eTwinning - R\u016bjienas pirmsskolas izgl\u012bt\u012bbas iest\u0101de ,,V\u0101rpi\u0146a\u201d","isPartOf":{"@id":"https:\/\/izglitiba.valmierasnovads.lv\/rujienavarpina\/#website"},"primaryImageOfPage":{"@id":"https:\/\/izglitiba.valmierasnovads.lv\/rujienavarpina\/etwinning\/#primaryimage"},"image":{"@id":"https:\/\/izglitiba.valmierasnovads.lv\/rujienavarpina\/etwinning\/#primaryimage"},"thumbnailUrl":"https:\/\/izglitiba.valmierasnovads.lv\/rujienavarpina\/wp-content\/uploads\/sites\/14\/2025\/07\/ETW.png","datePublished":"2025-07-18T10:01:19+00:00","dateModified":"2025-07-18T12:30:49+00:00","breadcrumb":{"@id":"https:\/\/izglitiba.valmierasnovads.lv\/rujienavarpina\/etwinning\/#breadcrumb"},"inLanguage":"lv-LV","potentialAction":[{"@type":"ReadAction","target":["https:\/\/izglitiba.valmierasnovads.lv\/rujienavarpina\/etwinning\/"]}]},{"@type":"ImageObject","inLanguage":"lv-LV","@id":"https:\/\/izglitiba.valmierasnovads.lv\/rujienavarpina\/etwinning\/#primaryimage","url":"https:\/\/izglitiba.valmierasnovads.lv\/rujienavarpina\/wp-content\/uploads\/sites\/14\/2025\/07\/ETW.png","contentUrl":"https:\/\/izglitiba.valmierasnovads.lv\/rujienavarpina\/wp-content\/uploads\/sites\/14\/2025\/07\/ETW.png","width":271,"height":186},{"@type":"BreadcrumbList","@id":"https:\/\/izglitiba.valmierasnovads.lv\/rujienavarpina\/etwinning\/#breadcrumb","itemListElement":[{"@type":"ListItem","position":1,"name":"Home","item":"https:\/\/izglitiba.valmierasnovads.lv\/rujienavarpina\/"},{"@type":"ListItem","position":2,"name":"eTwinning"}]},{"@type":"WebSite","@id":"https:\/\/izglitiba.valmierasnovads.lv\/rujienavarpina\/#website","url":"https:\/\/izglitiba.valmierasnovads.lv\/rujienavarpina\/","name":"R\u016bjienas pirmsskolas izgl\u012bt\u012bbas iest\u0101de ,,V\u0101rpi\u0146a\u201d","description":"","publisher":{"@id":"https:\/\/izglitiba.valmierasnovads.lv\/rujienavarpina\/#organization"},"potentialAction":[{"@type":"SearchAction","target":{"@type":"EntryPoint","urlTemplate":"https:\/\/izglitiba.valmierasnovads.lv\/rujienavarpina\/?s={search_term_string}"},"query-input":{"@type":"PropertyValueSpecification","valueRequired":true,"valueName":"search_term_string"}}],"inLanguage":"lv-LV"},{"@type":"Organization","@id":"https:\/\/izglitiba.valmierasnovads.lv\/rujienavarpina\/#organization","name":"R\u016bjienas pirmsskolas izgl\u012bt\u012bbas iest\u0101de ,,V\u0101rpi\u0146a\u201d","url":"https:\/\/izglitiba.valmierasnovads.lv\/rujienavarpina\/","logo":{"@type":"ImageObject","inLanguage":"lv-LV","@id":"https:\/\/izglitiba.valmierasnovads.lv\/rujienavarpina\/#\/schema\/logo\/image\/","url":"https:\/\/izglitiba.valmierasnovads.lv\/rujienavarpina\/wp-content\/uploads\/sites\/14\/2026\/03\/cropped-Pirmsskolas-izglitibas-iestades-ar-pasu-logo-13-scaled-1.png","contentUrl":"https:\/\/izglitiba.valmierasnovads.lv\/rujienavarpina\/wp-content\/uploads\/sites\/14\/2026\/03\/cropped-Pirmsskolas-izglitibas-iestades-ar-pasu-logo-13-scaled-1.png","width":1423,"height":404,"caption":"R\u016bjienas pirmsskolas izgl\u012bt\u012bbas iest\u0101de ,,V\u0101rpi\u0146a\u201d"},"image":{"@id":"https:\/\/izglitiba.valmierasnovads.lv\/rujienavarpina\/#\/schema\/logo\/image\/"}}]}},"_links":{"self":[{"href":"https:\/\/izglitiba.valmierasnovads.lv\/rujienavarpina\/wp-json\/wp\/v2\/pages\/280","targetHints":{"allow":["GET"]}}],"collection":[{"href":"https:\/\/izglitiba.valmierasnovads.lv\/rujienavarpina\/wp-json\/wp\/v2\/pages"}],"about":[{"href":"https:\/\/izglitiba.valmierasnovads.lv\/rujienavarpina\/wp-json\/wp\/v2\/types\/page"}],"author":[{"embeddable":true,"href":"https:\/\/izglitiba.valmierasnovads.lv\/rujienavarpina\/wp-json\/wp\/v2\/users\/15"}],"replies":[{"embeddable":true,"href":"https:\/\/izglitiba.valmierasnovads.lv\/rujienavarpina\/wp-json\/wp\/v2\/comments?post=280"}],"version-history":[{"count":7,"href":"https:\/\/izglitiba.valmierasnovads.lv\/rujienavarpina\/wp-json\/wp\/v2\/pages\/280\/revisions"}],"predecessor-version":[{"id":323,"href":"https:\/\/izglitiba.valmierasnovads.lv\/rujienavarpina\/wp-json\/wp\/v2\/pages\/280\/revisions\/323"}],"wp:attachment":[{"href":"https:\/\/izglitiba.valmierasnovads.lv\/rujienavarpina\/wp-json\/wp\/v2\/media?parent=280"}],"curies":[{"name":"wp","href":"https:\/\/api.w.org\/{rel}","templated":true}]}}