{"id":757,"date":"2026-01-17T08:04:14","date_gmt":"2026-01-17T06:04:14","guid":{"rendered":"https:\/\/izglitiba.valmierasnovads.lv\/rujienavarpina\/?page_id=757"},"modified":"2026-01-17T11:21:01","modified_gmt":"2026-01-17T09:21:01","slug":"simboli","status":"publish","type":"page","link":"https:\/\/izglitiba.valmierasnovads.lv\/rujienavarpina\/simboli\/","title":{"rendered":"Simboli"},"content":{"rendered":"\n<div class=\"wp-block-columns is-layout-flex wp-container-core-columns-is-layout-28f84493 wp-block-columns-is-layout-flex\">\n<div class=\"wp-block-column is-layout-flow wp-block-column-is-layout-flow\">\n<p><strong>IEST\u0100DES M\u0112R\u0136IS<\/strong><\/p>\n\n\n\n<p><em>\u012astenot kvalitat\u012bvu pirmsskolas vecuma b\u0113rnu sagatavo\u0161anu pamatizgl\u012bt\u012bbas uzs\u0101k\u0161anai: zin\u0101tk\u0101ru, rado\u0161u, kas darbojas ar prieku, g\u016bstot pieredzi par sevi, citiem, apk\u0101rt\u0113jo pasauli un t\u0101s mijiedarb\u012bbu.<\/em><\/p>\n\n\n\n<hr class=\"wp-block-separator has-alpha-channel-opacity is-style-wide\" \/>\n\n\n\n<p><strong>IEST\u0100DES V\u012aZIJA<\/strong><\/p>\n\n\n\n<p><em>B\u0113rns ir rado\u0161s  dar\u012bt\u0101js, kur\u0161 ieklaus\u0101s, v\u0113ro, p\u0113ta pasauli, apzin\u0101s savas emocijas un intereses, kontrol\u0113 un vada savu uzved\u012bbu un emocijas.<\/em><\/p>\n\n\n\n<hr class=\"wp-block-separator has-alpha-channel-opacity is-style-wide\" \/>\n\n\n\n<p><strong>IEST\u0100DES V\u0112RT\u012aBAS<\/strong><\/p>\n\n\n\n<p><em>B\u0113rni &#8211; Darbinieki &#8211; Vide<\/em><\/p>\n\n\n\n<hr class=\"wp-block-separator has-alpha-channel-opacity is-style-wide\" \/>\n\n\n\n<p><strong>IEST\u0100DES MOTO<\/strong><\/p>\n\n\n\n<p><em>M\u0101c\u012bt b\u0113rniem m\u012bl\u0113t dabu, jo to, ko m\u012bl, to neposta.<\/em><\/p>\n<\/div>\n\n\n\n<div class=\"wp-block-column is-layout-flow wp-block-column-is-layout-flow\">\n<p class=\"has-text-align-center\"><strong>IEST\u0100DES LOGO<\/strong><\/p>\n\n\n\n<figure class=\"wp-block-image size-full\"><img loading=\"lazy\" decoding=\"async\" width=\"1295\" height=\"1054\" src=\"https:\/\/izglitiba.valmierasnovads.lv\/rujienavarpina\/wp-content\/uploads\/sites\/14\/2026\/01\/Varpina-LOGO-bruns-2.png\" alt=\"\" class=\"wp-image-772\" srcset=\"https:\/\/izglitiba.valmierasnovads.lv\/rujienavarpina\/wp-content\/uploads\/sites\/14\/2026\/01\/Varpina-LOGO-bruns-2.png 1295w, https:\/\/izglitiba.valmierasnovads.lv\/rujienavarpina\/wp-content\/uploads\/sites\/14\/2026\/01\/Varpina-LOGO-bruns-2-300x244.png 300w, https:\/\/izglitiba.valmierasnovads.lv\/rujienavarpina\/wp-content\/uploads\/sites\/14\/2026\/01\/Varpina-LOGO-bruns-2-1024x833.png 1024w, https:\/\/izglitiba.valmierasnovads.lv\/rujienavarpina\/wp-content\/uploads\/sites\/14\/2026\/01\/Varpina-LOGO-bruns-2-768x625.png 768w\" sizes=\"auto, (max-width: 1295px) 100vw, 1295px\" \/><\/figure>\n\n\n\n<hr class=\"wp-block-separator has-alpha-channel-opacity is-style-wide\" \/>\n\n\n\n<p class=\"has-text-align-center\"><strong>IEST\u0100DES HIMNA<\/strong><\/p>\n\n\n\n<p><em>Vislab\u0101k dzied\u0113 medus,<\/em><\/p>\n\n\n\n<p><em>V\u0113l lab\u0101k v\u0113rmeles,<\/em><\/p>\n\n\n\n<p><em>Bet, ja Tev b\u0113d\u012bgs pr\u0101ts, (2X)<\/em><\/p>\n\n\n\n<p><em>Tad vajag uzdzied\u0101t.<\/em><\/p>\n\n\n\n<p><\/p>\n\n\n\n<p class=\"has-text-align-right\"><em>Un dziesmu r\u016b\u0137is atn\u0101k,<\/em><\/p>\n\n\n\n<p class=\"has-text-align-right\"><em>Un priec\u012bgs tipina.<\/em><\/p>\n\n\n\n<p class=\"has-text-align-right\"><em>Vi\u0146\u0161 b\u0101rdu pakrata, (2X)<\/em><\/p>\n\n\n\n<p class=\"has-text-align-right\"><em>Un dziesmu dzied\u0101t s\u0101k<\/em>.<\/p>\n\n\n\n<p><\/p>\n\n\n\n<p><em>Par p\u016bc\u012bt\u0113m un za\u0137iem,<\/em><\/p>\n\n\n\n<p><em>Par bit\u0113m, kamen\u0113m.<\/em><\/p>\n\n\n\n<p><em>Un v\u0113l par sp\u0101r\u012bt\u0113m,<\/em><\/p>\n\n\n\n<p><em>Un v\u0113l par m\u0101r\u012bt\u0113m,-<\/em><\/p>\n\n\n\n<p><em>Un dziesma priek\u0101 skan.<\/em><\/p>\n\n\n\n<p><\/p>\n\n\n\n<p class=\"has-text-align-right\"><em>Par c\u0101l\u012b\u0161iem un e\u017eiem,<\/em><\/p>\n\n\n\n<p class=\"has-text-align-right\"><em>Par maziem sien\u0101\u017eiem.<\/em><\/p>\n\n\n\n<p class=\"has-text-align-right\"><em>Un par taure\u0146iem,<\/em><\/p>\n\n\n\n<p class=\"has-text-align-right\"><em>Un v\u0113l par saul\u012bti<\/em><\/p>\n\n\n\n<p class=\"has-text-align-right\"><em>Mums priek\u0101 dziesma skan.<\/em><\/p>\n<\/div>\n<\/div>\n\n\n\n<p><\/p>\n","protected":false},"excerpt":{"rendered":"<p>IEST\u0100DES M\u0112R\u0136IS \u012astenot kvalitat\u012bvu pirmsskolas vecuma b\u0113rnu sagatavo\u0161anu pamatizgl\u012bt\u012bbas uzs\u0101k\u0161anai: zin\u0101tk\u0101ru, rado\u0161u, kas darbojas ar prieku, g\u016bstot pieredzi par sevi, [&hellip;]<\/p>\n","protected":false},"author":15,"featured_media":0,"parent":0,"menu_order":0,"comment_status":"closed","ping_status":"closed","template":"","meta":{"_acf_changed":false,"site-sidebar-layout":"default","site-content-layout":"","ast-site-content-layout":"default","site-content-style":"default","site-sidebar-style":"default","ast-global-header-display":"","ast-banner-title-visibility":"","ast-main-header-display":"","ast-hfb-above-header-display":"","ast-hfb-below-header-display":"","ast-hfb-mobile-header-display":"","site-post-title":"","ast-breadcrumbs-content":"","ast-featured-img":"","footer-sml-layout":"","ast-disable-related-posts":"","theme-transparent-header-meta":"","adv-header-id-meta":"","stick-header-meta":"","header-above-stick-meta":"","header-main-stick-meta":"","header-below-stick-meta":"","astra-migrate-meta-layouts":"default","ast-page-background-enabled":"default","ast-page-background-meta":{"desktop":{"background-color":"var(--ast-global-color-5)","background-image":"","background-repeat":"repeat","background-position":"center center","background-size":"auto","background-attachment":"scroll","background-type":"","background-media":"","overlay-type":"","overlay-color":"","overlay-opacity":"","overlay-gradient":""},"tablet":{"background-color":"","background-image":"","background-repeat":"repeat","background-position":"center center","background-size":"auto","background-attachment":"scroll","background-type":"","background-media":"","overlay-type":"","overlay-color":"","overlay-opacity":"","overlay-gradient":""},"mobile":{"background-color":"","background-image":"","background-repeat":"repeat","background-position":"center center","background-size":"auto","background-attachment":"scroll","background-type":"","background-media":"","overlay-type":"","overlay-color":"","overlay-opacity":"","overlay-gradient":""}},"ast-content-background-meta":{"desktop":{"background-color":"var(--ast-global-color-4)","background-image":"","background-repeat":"repeat","background-position":"center center","background-size":"auto","background-attachment":"scroll","background-type":"","background-media":"","overlay-type":"","overlay-color":"","overlay-opacity":"","overlay-gradient":""},"tablet":{"background-color":"var(--ast-global-color-4)","background-image":"","background-repeat":"repeat","background-position":"center center","background-size":"auto","background-attachment":"scroll","background-type":"","background-media":"","overlay-type":"","overlay-color":"","overlay-opacity":"","overlay-gradient":""},"mobile":{"background-color":"var(--ast-global-color-4)","background-image":"","background-repeat":"repeat","background-position":"center center","background-size":"auto","background-attachment":"scroll","background-type":"","background-media":"","overlay-type":"","overlay-color":"","overlay-opacity":"","overlay-gradient":""}},"footnotes":""},"class_list":["post-757","page","type-page","status-publish","hentry"],"acf":[],"yoast_head":"<!-- This site is optimized with the Yoast SEO plugin v27.0 - https:\/\/yoast.com\/product\/yoast-seo-wordpress\/ -->\n<title>Simboli - R\u016bjienas pirmsskolas izgl\u012bt\u012bbas iest\u0101de ,,V\u0101rpi\u0146a\u201d<\/title>\n<meta name=\"robots\" content=\"index, follow, max-snippet:-1, max-image-preview:large, max-video-preview:-1\" \/>\n<link rel=\"canonical\" href=\"https:\/\/izglitiba.valmierasnovads.lv\/rujienavarpina\/simboli\/\" \/>\n<meta property=\"og:locale\" content=\"lv_LV\" \/>\n<meta property=\"og:type\" content=\"article\" \/>\n<meta property=\"og:title\" content=\"Simboli - R\u016bjienas pirmsskolas izgl\u012bt\u012bbas iest\u0101de ,,V\u0101rpi\u0146a\u201d\" \/>\n<meta property=\"og:description\" content=\"IEST\u0100DES M\u0112R\u0136IS \u012astenot kvalitat\u012bvu pirmsskolas vecuma b\u0113rnu sagatavo\u0161anu pamatizgl\u012bt\u012bbas uzs\u0101k\u0161anai: zin\u0101tk\u0101ru, rado\u0161u, kas darbojas ar prieku, g\u016bstot pieredzi par sevi, [&hellip;]\" \/>\n<meta property=\"og:url\" content=\"https:\/\/izglitiba.valmierasnovads.lv\/rujienavarpina\/simboli\/\" \/>\n<meta property=\"og:site_name\" content=\"R\u016bjienas pirmsskolas izgl\u012bt\u012bbas iest\u0101de ,,V\u0101rpi\u0146a\u201d\" \/>\n<meta property=\"article:modified_time\" content=\"2026-01-17T09:21:01+00:00\" \/>\n<meta property=\"og:image\" content=\"https:\/\/izglitiba.valmierasnovads.lv\/rujienavarpina\/wp-content\/uploads\/sites\/14\/2026\/01\/Varpina-LOGO-bruns-2.png\" \/>\n\t<meta property=\"og:image:width\" content=\"1295\" \/>\n\t<meta property=\"og:image:height\" content=\"1054\" \/>\n\t<meta property=\"og:image:type\" content=\"image\/png\" \/>\n<meta name=\"twitter:card\" content=\"summary_large_image\" \/>\n<script type=\"application\/ld+json\" class=\"yoast-schema-graph\">{\"@context\":\"https:\/\/schema.org\",\"@graph\":[{\"@type\":\"WebPage\",\"@id\":\"https:\/\/izglitiba.valmierasnovads.lv\/rujienavarpina\/simboli\/\",\"url\":\"https:\/\/izglitiba.valmierasnovads.lv\/rujienavarpina\/simboli\/\",\"name\":\"Simboli - R\u016bjienas pirmsskolas izgl\u012bt\u012bbas iest\u0101de ,,V\u0101rpi\u0146a\u201d\",\"isPartOf\":{\"@id\":\"https:\/\/izglitiba.valmierasnovads.lv\/rujienavarpina\/#website\"},\"primaryImageOfPage\":{\"@id\":\"https:\/\/izglitiba.valmierasnovads.lv\/rujienavarpina\/simboli\/#primaryimage\"},\"image\":{\"@id\":\"https:\/\/izglitiba.valmierasnovads.lv\/rujienavarpina\/simboli\/#primaryimage\"},\"thumbnailUrl\":\"https:\/\/izglitiba.valmierasnovads.lv\/rujienavarpina\/wp-content\/uploads\/sites\/14\/2026\/01\/Varpina-LOGO-bruns-2.png\",\"datePublished\":\"2026-01-17T06:04:14+00:00\",\"dateModified\":\"2026-01-17T09:21:01+00:00\",\"breadcrumb\":{\"@id\":\"https:\/\/izglitiba.valmierasnovads.lv\/rujienavarpina\/simboli\/#breadcrumb\"},\"inLanguage\":\"lv-LV\",\"potentialAction\":[{\"@type\":\"ReadAction\",\"target\":[\"https:\/\/izglitiba.valmierasnovads.lv\/rujienavarpina\/simboli\/\"]}]},{\"@type\":\"ImageObject\",\"inLanguage\":\"lv-LV\",\"@id\":\"https:\/\/izglitiba.valmierasnovads.lv\/rujienavarpina\/simboli\/#primaryimage\",\"url\":\"https:\/\/izglitiba.valmierasnovads.lv\/rujienavarpina\/wp-content\/uploads\/sites\/14\/2026\/01\/Varpina-LOGO-bruns-2.png\",\"contentUrl\":\"https:\/\/izglitiba.valmierasnovads.lv\/rujienavarpina\/wp-content\/uploads\/sites\/14\/2026\/01\/Varpina-LOGO-bruns-2.png\",\"width\":1295,\"height\":1054},{\"@type\":\"BreadcrumbList\",\"@id\":\"https:\/\/izglitiba.valmierasnovads.lv\/rujienavarpina\/simboli\/#breadcrumb\",\"itemListElement\":[{\"@type\":\"ListItem\",\"position\":1,\"name\":\"Home\",\"item\":\"https:\/\/izglitiba.valmierasnovads.lv\/rujienavarpina\/\"},{\"@type\":\"ListItem\",\"position\":2,\"name\":\"Simboli\"}]},{\"@type\":\"WebSite\",\"@id\":\"https:\/\/izglitiba.valmierasnovads.lv\/rujienavarpina\/#website\",\"url\":\"https:\/\/izglitiba.valmierasnovads.lv\/rujienavarpina\/\",\"name\":\"R\u016bjienas pirmsskolas izgl\u012bt\u012bbas iest\u0101de ,,V\u0101rpi\u0146a\u201d\",\"description\":\"\",\"publisher\":{\"@id\":\"https:\/\/izglitiba.valmierasnovads.lv\/rujienavarpina\/#organization\"},\"potentialAction\":[{\"@type\":\"SearchAction\",\"target\":{\"@type\":\"EntryPoint\",\"urlTemplate\":\"https:\/\/izglitiba.valmierasnovads.lv\/rujienavarpina\/?s={search_term_string}\"},\"query-input\":{\"@type\":\"PropertyValueSpecification\",\"valueRequired\":true,\"valueName\":\"search_term_string\"}}],\"inLanguage\":\"lv-LV\"},{\"@type\":\"Organization\",\"@id\":\"https:\/\/izglitiba.valmierasnovads.lv\/rujienavarpina\/#organization\",\"name\":\"R\u016bjienas pirmsskolas izgl\u012bt\u012bbas iest\u0101de ,,V\u0101rpi\u0146a\u201d\",\"url\":\"https:\/\/izglitiba.valmierasnovads.lv\/rujienavarpina\/\",\"logo\":{\"@type\":\"ImageObject\",\"inLanguage\":\"lv-LV\",\"@id\":\"https:\/\/izglitiba.valmierasnovads.lv\/rujienavarpina\/#\/schema\/logo\/image\/\",\"url\":\"https:\/\/izglitiba.valmierasnovads.lv\/rujienavarpina\/wp-content\/uploads\/sites\/14\/2026\/03\/cropped-Pirmsskolas-izglitibas-iestades-ar-pasu-logo-13-scaled-1.png\",\"contentUrl\":\"https:\/\/izglitiba.valmierasnovads.lv\/rujienavarpina\/wp-content\/uploads\/sites\/14\/2026\/03\/cropped-Pirmsskolas-izglitibas-iestades-ar-pasu-logo-13-scaled-1.png\",\"width\":1423,\"height\":404,\"caption\":\"R\u016bjienas pirmsskolas izgl\u012bt\u012bbas iest\u0101de ,,V\u0101rpi\u0146a\u201d\"},\"image\":{\"@id\":\"https:\/\/izglitiba.valmierasnovads.lv\/rujienavarpina\/#\/schema\/logo\/image\/\"}}]}<\/script>\n<!-- \/ Yoast SEO plugin. -->","yoast_head_json":{"title":"Simboli - R\u016bjienas pirmsskolas izgl\u012bt\u012bbas iest\u0101de ,,V\u0101rpi\u0146a\u201d","robots":{"index":"index","follow":"follow","max-snippet":"max-snippet:-1","max-image-preview":"max-image-preview:large","max-video-preview":"max-video-preview:-1"},"canonical":"https:\/\/izglitiba.valmierasnovads.lv\/rujienavarpina\/simboli\/","og_locale":"lv_LV","og_type":"article","og_title":"Simboli - R\u016bjienas pirmsskolas izgl\u012bt\u012bbas iest\u0101de ,,V\u0101rpi\u0146a\u201d","og_description":"IEST\u0100DES M\u0112R\u0136IS \u012astenot kvalitat\u012bvu pirmsskolas vecuma b\u0113rnu sagatavo\u0161anu pamatizgl\u012bt\u012bbas uzs\u0101k\u0161anai: zin\u0101tk\u0101ru, rado\u0161u, kas darbojas ar prieku, g\u016bstot pieredzi par sevi, [&hellip;]","og_url":"https:\/\/izglitiba.valmierasnovads.lv\/rujienavarpina\/simboli\/","og_site_name":"R\u016bjienas pirmsskolas izgl\u012bt\u012bbas iest\u0101de ,,V\u0101rpi\u0146a\u201d","article_modified_time":"2026-01-17T09:21:01+00:00","og_image":[{"width":1295,"height":1054,"url":"https:\/\/izglitiba.valmierasnovads.lv\/rujienavarpina\/wp-content\/uploads\/sites\/14\/2026\/01\/Varpina-LOGO-bruns-2.png","type":"image\/png"}],"twitter_card":"summary_large_image","schema":{"@context":"https:\/\/schema.org","@graph":[{"@type":"WebPage","@id":"https:\/\/izglitiba.valmierasnovads.lv\/rujienavarpina\/simboli\/","url":"https:\/\/izglitiba.valmierasnovads.lv\/rujienavarpina\/simboli\/","name":"Simboli - R\u016bjienas pirmsskolas izgl\u012bt\u012bbas iest\u0101de ,,V\u0101rpi\u0146a\u201d","isPartOf":{"@id":"https:\/\/izglitiba.valmierasnovads.lv\/rujienavarpina\/#website"},"primaryImageOfPage":{"@id":"https:\/\/izglitiba.valmierasnovads.lv\/rujienavarpina\/simboli\/#primaryimage"},"image":{"@id":"https:\/\/izglitiba.valmierasnovads.lv\/rujienavarpina\/simboli\/#primaryimage"},"thumbnailUrl":"https:\/\/izglitiba.valmierasnovads.lv\/rujienavarpina\/wp-content\/uploads\/sites\/14\/2026\/01\/Varpina-LOGO-bruns-2.png","datePublished":"2026-01-17T06:04:14+00:00","dateModified":"2026-01-17T09:21:01+00:00","breadcrumb":{"@id":"https:\/\/izglitiba.valmierasnovads.lv\/rujienavarpina\/simboli\/#breadcrumb"},"inLanguage":"lv-LV","potentialAction":[{"@type":"ReadAction","target":["https:\/\/izglitiba.valmierasnovads.lv\/rujienavarpina\/simboli\/"]}]},{"@type":"ImageObject","inLanguage":"lv-LV","@id":"https:\/\/izglitiba.valmierasnovads.lv\/rujienavarpina\/simboli\/#primaryimage","url":"https:\/\/izglitiba.valmierasnovads.lv\/rujienavarpina\/wp-content\/uploads\/sites\/14\/2026\/01\/Varpina-LOGO-bruns-2.png","contentUrl":"https:\/\/izglitiba.valmierasnovads.lv\/rujienavarpina\/wp-content\/uploads\/sites\/14\/2026\/01\/Varpina-LOGO-bruns-2.png","width":1295,"height":1054},{"@type":"BreadcrumbList","@id":"https:\/\/izglitiba.valmierasnovads.lv\/rujienavarpina\/simboli\/#breadcrumb","itemListElement":[{"@type":"ListItem","position":1,"name":"Home","item":"https:\/\/izglitiba.valmierasnovads.lv\/rujienavarpina\/"},{"@type":"ListItem","position":2,"name":"Simboli"}]},{"@type":"WebSite","@id":"https:\/\/izglitiba.valmierasnovads.lv\/rujienavarpina\/#website","url":"https:\/\/izglitiba.valmierasnovads.lv\/rujienavarpina\/","name":"R\u016bjienas pirmsskolas izgl\u012bt\u012bbas iest\u0101de ,,V\u0101rpi\u0146a\u201d","description":"","publisher":{"@id":"https:\/\/izglitiba.valmierasnovads.lv\/rujienavarpina\/#organization"},"potentialAction":[{"@type":"SearchAction","target":{"@type":"EntryPoint","urlTemplate":"https:\/\/izglitiba.valmierasnovads.lv\/rujienavarpina\/?s={search_term_string}"},"query-input":{"@type":"PropertyValueSpecification","valueRequired":true,"valueName":"search_term_string"}}],"inLanguage":"lv-LV"},{"@type":"Organization","@id":"https:\/\/izglitiba.valmierasnovads.lv\/rujienavarpina\/#organization","name":"R\u016bjienas pirmsskolas izgl\u012bt\u012bbas iest\u0101de ,,V\u0101rpi\u0146a\u201d","url":"https:\/\/izglitiba.valmierasnovads.lv\/rujienavarpina\/","logo":{"@type":"ImageObject","inLanguage":"lv-LV","@id":"https:\/\/izglitiba.valmierasnovads.lv\/rujienavarpina\/#\/schema\/logo\/image\/","url":"https:\/\/izglitiba.valmierasnovads.lv\/rujienavarpina\/wp-content\/uploads\/sites\/14\/2026\/03\/cropped-Pirmsskolas-izglitibas-iestades-ar-pasu-logo-13-scaled-1.png","contentUrl":"https:\/\/izglitiba.valmierasnovads.lv\/rujienavarpina\/wp-content\/uploads\/sites\/14\/2026\/03\/cropped-Pirmsskolas-izglitibas-iestades-ar-pasu-logo-13-scaled-1.png","width":1423,"height":404,"caption":"R\u016bjienas pirmsskolas izgl\u012bt\u012bbas iest\u0101de ,,V\u0101rpi\u0146a\u201d"},"image":{"@id":"https:\/\/izglitiba.valmierasnovads.lv\/rujienavarpina\/#\/schema\/logo\/image\/"}}]}},"_links":{"self":[{"href":"https:\/\/izglitiba.valmierasnovads.lv\/rujienavarpina\/wp-json\/wp\/v2\/pages\/757","targetHints":{"allow":["GET"]}}],"collection":[{"href":"https:\/\/izglitiba.valmierasnovads.lv\/rujienavarpina\/wp-json\/wp\/v2\/pages"}],"about":[{"href":"https:\/\/izglitiba.valmierasnovads.lv\/rujienavarpina\/wp-json\/wp\/v2\/types\/page"}],"author":[{"embeddable":true,"href":"https:\/\/izglitiba.valmierasnovads.lv\/rujienavarpina\/wp-json\/wp\/v2\/users\/15"}],"replies":[{"embeddable":true,"href":"https:\/\/izglitiba.valmierasnovads.lv\/rujienavarpina\/wp-json\/wp\/v2\/comments?post=757"}],"version-history":[{"count":14,"href":"https:\/\/izglitiba.valmierasnovads.lv\/rujienavarpina\/wp-json\/wp\/v2\/pages\/757\/revisions"}],"predecessor-version":[{"id":783,"href":"https:\/\/izglitiba.valmierasnovads.lv\/rujienavarpina\/wp-json\/wp\/v2\/pages\/757\/revisions\/783"}],"wp:attachment":[{"href":"https:\/\/izglitiba.valmierasnovads.lv\/rujienavarpina\/wp-json\/wp\/v2\/media?parent=757"}],"curies":[{"name":"wp","href":"https:\/\/api.w.org\/{rel}","templated":true}]}}