{"id":784,"date":"2026-01-17T11:57:03","date_gmt":"2026-01-17T09:57:03","guid":{"rendered":"https:\/\/izglitiba.valmierasnovads.lv\/rujienavarpina\/?page_id=784"},"modified":"2026-03-06T14:03:27","modified_gmt":"2026-03-06T12:03:27","slug":"grupinas","status":"publish","type":"page","link":"https:\/\/izglitiba.valmierasnovads.lv\/rujienavarpina\/grupinas\/","title":{"rendered":"Grupi\u0146as"},"content":{"rendered":"\n<div class=\"wp-block-columns is-layout-flex wp-container-core-columns-is-layout-28f84493 wp-block-columns-is-layout-flex\">\n<div class=\"wp-block-column is-layout-flow wp-block-column-is-layout-flow\">\n<p><strong>Grupa &#8220;Sien\u0101z\u012btis&#8221;<\/strong><\/p>\n\n\n\n<p><em>Izgl\u012btojamo vecums: <\/em>1,5 &#8211; 2 gadi<\/p>\n\n\n\n<p><em>Pirmsskolas izgl\u012bt\u012bbas skolot\u0101jas:<\/em> Daiga Leitlande, L\u0101sma Pu\u0161kareva<\/p>\n\n\n\n<p><em>Pirmsskolas izgl\u012bt\u012bbas skolot\u0101ja pal\u012bgs:<\/em> Elita B\u0113rzi\u0146a, Rimonta Gr\u012bnberga<\/p>\n\n\n\n<p><em>Grupas e-pasts:<\/em> varpina-sienazisi@valmiera.edu.lv<\/p>\n\n\n\n<p><a href=\"https:\/\/izglitiba.valmierasnovads.lv\/rujienavarpina\/sienazisi\/\">Las\u012bt vair\u0101k<\/a><\/p>\n<\/div>\n\n\n\n<div class=\"wp-block-column is-layout-flow wp-block-column-is-layout-flow\">\n<p><strong>Grupa &#8220;Tauren\u012btis&#8221;<\/strong><\/p>\n\n\n\n<p><em>Izgl\u012btojamo vecums:<\/em> 1,5 &#8211; 3 gadi<\/p>\n\n\n\n<p><em>Pirmsskolas izgl\u012bt\u012bbas skolot\u0101jas:<\/em> L\u0101sma K\u013cavi\u0146a-Kozul\u0101ne, Sanita Zauere<\/p>\n\n\n\n<p><em>Pirmsskolas izgl\u012bt\u012bbas skolot\u0101ja pal\u012bgs:<\/em> Violeta Dombrovska, Airita Skuja<\/p>\n\n\n\n<p><em>Grupas e-pasts:<\/em> varpina-taurenisi@valmiera.edu.lv<\/p>\n\n\n\n<p><a href=\"https:\/\/izglitiba.valmierasnovads.lv\/rujienavarpina\/taurenitis\/\">Las\u012bt vair\u0101k<\/a><\/p>\n<\/div>\n<\/div>\n\n\n\n<div class=\"wp-block-columns is-layout-flex wp-container-core-columns-is-layout-28f84493 wp-block-columns-is-layout-flex\">\n<div class=\"wp-block-column is-layout-flow wp-block-column-is-layout-flow\">\n<p><strong>Grupa &#8220;C\u0101l\u012btis&#8221;<\/strong><\/p>\n\n\n\n<p><em>Izgl\u012btojamo vecums:<\/em> 3-4 gadi<\/p>\n\n\n\n<p><em>Pirmsskolas izgl\u012bt\u012bbas skolot\u0101jas:<\/em> Elita Ze\u0146\u0137e, Liene Zaretoka<\/p>\n\n\n\n<p><em>Pirmsskolas izgl\u012bt\u012bbas skolot\u0101ja pal\u012bgs:<\/em> Jolanta Rimkevi\u010da<\/p>\n\n\n\n<p><em>Grupas e-pasts:<\/em> varpina-calisi@valmiera.edu.lv<\/p>\n\n\n\n<p><a href=\"https:\/\/izglitiba.valmierasnovads.lv\/rujienavarpina\/calitis\/\">Las\u012bt vair\u0101k<\/a><\/p>\n<\/div>\n\n\n\n<div class=\"wp-block-column is-layout-flow wp-block-column-is-layout-flow\">\n<p><strong>Grupa &#8220;Ez\u012btis&#8221;<\/strong><\/p>\n\n\n\n<p><em>Izgl\u012btojamo vecums:<\/em> 3-4 gadi<\/p>\n\n\n\n<p><em>Pirmsskolas izgl\u012bt\u012bbas skolot\u0101jas:<\/em> Baiba Liekni\u0146a, Ilze Mi\u0137elsone<\/p>\n\n\n\n<p><em>Pirmsskolas izgl\u012bt\u012bbas skolot\u0101ja pal\u012bgs:<\/em> Ilze Kuple<\/p>\n\n\n\n<p><em>Grupas e-pasts:<\/em> varpina-ezisi@valmiera.edu.lv<\/p>\n\n\n\n<p><a href=\"https:\/\/izglitiba.valmierasnovads.lv\/rujienavarpina\/ezitis\/\">Las\u012bt vair\u0101k<\/a><\/p>\n<\/div>\n<\/div>\n\n\n\n<div class=\"wp-block-columns is-layout-flex wp-container-core-columns-is-layout-28f84493 wp-block-columns-is-layout-flex\">\n<div class=\"wp-block-column is-layout-flow wp-block-column-is-layout-flow\">\n<p><strong>Grupa &#8220;Za\u0137\u012btis&#8221;<\/strong><\/p>\n\n\n\n<p><em>Izgl\u012btojamo vecums:<\/em> 4-5 gadi<\/p>\n\n\n\n<p><em>Pirmsskolas izgl\u012bt\u012bbas skolot\u0101jas:<\/em> Silvija Auni\u0146a, Madara Jansone<\/p>\n\n\n\n<p><em>Pirmsskolas izgl\u012bt\u012bbas skolot\u0101ja pal\u012bgs:<\/em> Maija Dreija<\/p>\n\n\n\n<p><em>Grupas e-pasts:<\/em> varpina-zakisi@valmiera.edu.lv<\/p>\n\n\n\n<p><a href=\"https:\/\/izglitiba.valmierasnovads.lv\/rujienavarpina\/zakitis\/\">Las\u012bt vair\u0101k<\/a><\/p>\n<\/div>\n\n\n\n<div class=\"wp-block-column is-layout-flow wp-block-column-is-layout-flow\">\n<p><strong>Grupa &#8220;P\u016bc\u012bte&#8221;<\/strong><\/p>\n\n\n\n<p><em>Izgl\u012btojamo vecums:<\/em> 4 -5 gadi<\/p>\n\n\n\n<p><em>Pirmsskolas izgl\u012bt\u012bbas skolot\u0101jas:<\/em> Ieva Pinka, Santa Purlaura<\/p>\n\n\n\n<p><em>Pirmsskolas izgl\u012bt\u012bbas skolot\u0101ja pal\u012bgs:<\/em> Inga Meir\u0113na<\/p>\n\n\n\n<p><em>Grupas e-pasts:<\/em> varpina-pucites@valmiera.edu.lv<\/p>\n\n\n\n<p><a href=\"https:\/\/izglitiba.valmierasnovads.lv\/rujienavarpina\/pucite\/\">Las\u012bt vair\u0101k<\/a><\/p>\n<\/div>\n<\/div>\n\n\n\n<div class=\"wp-block-columns is-layout-flex wp-container-core-columns-is-layout-28f84493 wp-block-columns-is-layout-flex\">\n<div class=\"wp-block-column is-layout-flow wp-block-column-is-layout-flow\">\n<p><strong>Grupa &#8220;Sp\u0101r\u012bte&#8221;<\/strong><\/p>\n\n\n\n<p><em>Izgl\u012btojamo vecums:<\/em> 6-7 gadi<\/p>\n\n\n\n<p><em>Pirmsskolas izgl\u012bt\u012bbas skolot\u0101jas:<\/em> Jana Buli\u0146a. Dace \u0100bolti\u0146a<\/p>\n\n\n\n<p><em>Pirmsskolas izgl\u012bt\u012bbas skolot\u0101ja pal\u012bgs:<\/em> Ginta Jostsone<\/p>\n\n\n\n<p><em>Grupas e-pasts:<\/em> varpina-sparites@valmiera.edu.lv<\/p>\n\n\n\n<p><a href=\"https:\/\/izglitiba.valmierasnovads.lv\/rujienavarpina\/sparite\/\">Las\u012bt vair\u0101k<\/a><\/p>\n<\/div>\n\n\n\n<div class=\"wp-block-column is-layout-flow wp-block-column-is-layout-flow\">\n<p><strong>Grupa &#8220;M\u0101r\u012bte&#8221;<\/strong><\/p>\n\n\n\n<p><em>Izgl\u012btojamo vecums:<\/em> 5-6 gadi<\/p>\n\n\n\n<p><em>Pirmsskolas izgl\u012bt\u012bbas skolot\u0101jas:<\/em> Signe Daiga, Marta Celmi\u0146a<\/p>\n\n\n\n<p><em>Pirmsskolas izgl\u012bt\u012bbas skolot\u0101ja pal\u012bgs:<\/em> Inese \u0160akale<\/p>\n\n\n\n<p><em>Grupas e-pasts:<\/em> varpina-marites@valmiera.edu.lv<\/p>\n\n\n\n<p><a href=\"https:\/\/izglitiba.valmierasnovads.lv\/rujienavarpina\/marite\/\">Las\u012bt vair\u0101k<\/a><\/p>\n<\/div>\n<\/div>\n\n\n\n<div class=\"wp-block-columns is-layout-flex wp-container-core-columns-is-layout-28f84493 wp-block-columns-is-layout-flex\">\n<div class=\"wp-block-column is-layout-flow wp-block-column-is-layout-flow\">\n<p><strong>Grupa &#8220;Kamen\u012bte&#8221;<\/strong><\/p>\n\n\n\n<p><em>Izgl\u012btojamo vecums:<\/em> 6-7 gadi<\/p>\n\n\n\n<p><em>Pirmsskolas izgl\u012bt\u012bbas skolot\u0101jas:<\/em> Anita Poga, Gita Krasti\u0146a<\/p>\n\n\n\n<p><em>Pirmsskolas izgl\u012bt\u012bbas skolot\u0101ja pal\u012bgs:<\/em> Iveta Bo\u0161a<\/p>\n\n\n\n<p><em>Grupas e-pasts:<\/em> varpina-kamenites@valmiera.edu.lv<\/p>\n\n\n\n<p><a href=\"https:\/\/izglitiba.valmierasnovads.lv\/rujienavarpina\/kamenite\/\">Las\u012bt vair\u0101k<\/a><\/p>\n<\/div>\n\n\n\n<div class=\"wp-block-column is-layout-flow wp-block-column-is-layout-flow\">\n<p><strong>Grupa &#8220;Bit\u012bte&#8221;<\/strong><\/p>\n\n\n\n<p><em>Izgl\u012btojamo vecums:<\/em> 5-6 gadi<\/p>\n\n\n\n<p><em>Pirmsskolas izgl\u012bt\u012bbas skolot\u0101jas:<\/em> Guna V\u012bti\u0146a, Sanita V\u012bksne<\/p>\n\n\n\n<p><em>Pirmsskolas izgl\u012bt\u012bbas skolot\u0101ja pal\u012bgs:<\/em> Guna Mellupe-Br\u012bnuma<\/p>\n\n\n\n<p><em>Grupas e-pasts:<\/em> varpina-bitites@valmiera.edu.lv<\/p>\n\n\n\n<p><a href=\"https:\/\/izglitiba.valmierasnovads.lv\/rujienavarpina\/bitite\/\">Las\u012bt vair\u0101k<\/a><\/p>\n<\/div>\n<\/div>\n","protected":false},"excerpt":{"rendered":"<p>Grupa &#8220;Sien\u0101z\u012btis&#8221; Izgl\u012btojamo vecums: 1,5 &#8211; 2 gadi Pirmsskolas izgl\u012bt\u012bbas skolot\u0101jas: Daiga Leitlande, L\u0101sma Pu\u0161kareva Pirmsskolas izgl\u012bt\u012bbas skolot\u0101ja pal\u012bgs: Elita [&hellip;]<\/p>\n","protected":false},"author":15,"featured_media":0,"parent":0,"menu_order":0,"comment_status":"closed","ping_status":"closed","template":"","meta":{"_acf_changed":false,"site-sidebar-layout":"default","site-content-layout":"","ast-site-content-layout":"default","site-content-style":"default","site-sidebar-style":"default","ast-global-header-display":"","ast-banner-title-visibility":"","ast-main-header-display":"","ast-hfb-above-header-display":"","ast-hfb-below-header-display":"","ast-hfb-mobile-header-display":"","site-post-title":"","ast-breadcrumbs-content":"","ast-featured-img":"","footer-sml-layout":"","ast-disable-related-posts":"","theme-transparent-header-meta":"","adv-header-id-meta":"","stick-header-meta":"","header-above-stick-meta":"","header-main-stick-meta":"","header-below-stick-meta":"","astra-migrate-meta-layouts":"default","ast-page-background-enabled":"default","ast-page-background-meta":{"desktop":{"background-color":"var(--ast-global-color-5)","background-image":"","background-repeat":"repeat","background-position":"center center","background-size":"auto","background-attachment":"scroll","background-type":"","background-media":"","overlay-type":"","overlay-color":"","overlay-opacity":"","overlay-gradient":""},"tablet":{"background-color":"","background-image":"","background-repeat":"repeat","background-position":"center center","background-size":"auto","background-attachment":"scroll","background-type":"","background-media":"","overlay-type":"","overlay-color":"","overlay-opacity":"","overlay-gradient":""},"mobile":{"background-color":"","background-image":"","background-repeat":"repeat","background-position":"center center","background-size":"auto","background-attachment":"scroll","background-type":"","background-media":"","overlay-type":"","overlay-color":"","overlay-opacity":"","overlay-gradient":""}},"ast-content-background-meta":{"desktop":{"background-color":"var(--ast-global-color-4)","background-image":"","background-repeat":"repeat","background-position":"center center","background-size":"auto","background-attachment":"scroll","background-type":"","background-media":"","overlay-type":"","overlay-color":"","overlay-opacity":"","overlay-gradient":""},"tablet":{"background-color":"var(--ast-global-color-4)","background-image":"","background-repeat":"repeat","background-position":"center center","background-size":"auto","background-attachment":"scroll","background-type":"","background-media":"","overlay-type":"","overlay-color":"","overlay-opacity":"","overlay-gradient":""},"mobile":{"background-color":"var(--ast-global-color-4)","background-image":"","background-repeat":"repeat","background-position":"center center","background-size":"auto","background-attachment":"scroll","background-type":"","background-media":"","overlay-type":"","overlay-color":"","overlay-opacity":"","overlay-gradient":""}},"footnotes":""},"class_list":["post-784","page","type-page","status-publish","hentry"],"acf":[],"yoast_head":"<!-- This site is optimized with the Yoast SEO plugin v27.0 - https:\/\/yoast.com\/product\/yoast-seo-wordpress\/ -->\n<title>Grupi\u0146as - R\u016bjienas pirmsskolas izgl\u012bt\u012bbas iest\u0101de ,,V\u0101rpi\u0146a\u201d<\/title>\n<meta name=\"robots\" content=\"index, follow, max-snippet:-1, max-image-preview:large, max-video-preview:-1\" \/>\n<link rel=\"canonical\" href=\"https:\/\/izglitiba.valmierasnovads.lv\/rujienavarpina\/grupinas\/\" \/>\n<meta property=\"og:locale\" content=\"lv_LV\" \/>\n<meta property=\"og:type\" content=\"article\" \/>\n<meta property=\"og:title\" content=\"Grupi\u0146as - R\u016bjienas pirmsskolas izgl\u012bt\u012bbas iest\u0101de ,,V\u0101rpi\u0146a\u201d\" \/>\n<meta property=\"og:description\" content=\"Grupa &#8220;Sien\u0101z\u012btis&#8221; Izgl\u012btojamo vecums: 1,5 &#8211; 2 gadi Pirmsskolas izgl\u012bt\u012bbas skolot\u0101jas: Daiga Leitlande, L\u0101sma Pu\u0161kareva Pirmsskolas izgl\u012bt\u012bbas skolot\u0101ja pal\u012bgs: Elita [&hellip;]\" \/>\n<meta property=\"og:url\" content=\"https:\/\/izglitiba.valmierasnovads.lv\/rujienavarpina\/grupinas\/\" \/>\n<meta property=\"og:site_name\" content=\"R\u016bjienas pirmsskolas izgl\u012bt\u012bbas iest\u0101de ,,V\u0101rpi\u0146a\u201d\" \/>\n<meta property=\"article:modified_time\" content=\"2026-03-06T12:03:27+00:00\" \/>\n<meta name=\"twitter:card\" content=\"summary_large_image\" \/>\n<meta name=\"twitter:label1\" content=\"Est. reading time\" \/>\n\t<meta name=\"twitter:data1\" content=\"2 min\u016btes\" \/>\n<script type=\"application\/ld+json\" class=\"yoast-schema-graph\">{\"@context\":\"https:\/\/schema.org\",\"@graph\":[{\"@type\":\"WebPage\",\"@id\":\"https:\/\/izglitiba.valmierasnovads.lv\/rujienavarpina\/grupinas\/\",\"url\":\"https:\/\/izglitiba.valmierasnovads.lv\/rujienavarpina\/grupinas\/\",\"name\":\"Grupi\u0146as - R\u016bjienas pirmsskolas izgl\u012bt\u012bbas iest\u0101de ,,V\u0101rpi\u0146a\u201d\",\"isPartOf\":{\"@id\":\"https:\/\/izglitiba.valmierasnovads.lv\/rujienavarpina\/#website\"},\"datePublished\":\"2026-01-17T09:57:03+00:00\",\"dateModified\":\"2026-03-06T12:03:27+00:00\",\"breadcrumb\":{\"@id\":\"https:\/\/izglitiba.valmierasnovads.lv\/rujienavarpina\/grupinas\/#breadcrumb\"},\"inLanguage\":\"lv-LV\",\"potentialAction\":[{\"@type\":\"ReadAction\",\"target\":[\"https:\/\/izglitiba.valmierasnovads.lv\/rujienavarpina\/grupinas\/\"]}]},{\"@type\":\"BreadcrumbList\",\"@id\":\"https:\/\/izglitiba.valmierasnovads.lv\/rujienavarpina\/grupinas\/#breadcrumb\",\"itemListElement\":[{\"@type\":\"ListItem\",\"position\":1,\"name\":\"Home\",\"item\":\"https:\/\/izglitiba.valmierasnovads.lv\/rujienavarpina\/\"},{\"@type\":\"ListItem\",\"position\":2,\"name\":\"Grupi\u0146as\"}]},{\"@type\":\"WebSite\",\"@id\":\"https:\/\/izglitiba.valmierasnovads.lv\/rujienavarpina\/#website\",\"url\":\"https:\/\/izglitiba.valmierasnovads.lv\/rujienavarpina\/\",\"name\":\"R\u016bjienas pirmsskolas izgl\u012bt\u012bbas iest\u0101de ,,V\u0101rpi\u0146a\u201d\",\"description\":\"\",\"publisher\":{\"@id\":\"https:\/\/izglitiba.valmierasnovads.lv\/rujienavarpina\/#organization\"},\"potentialAction\":[{\"@type\":\"SearchAction\",\"target\":{\"@type\":\"EntryPoint\",\"urlTemplate\":\"https:\/\/izglitiba.valmierasnovads.lv\/rujienavarpina\/?s={search_term_string}\"},\"query-input\":{\"@type\":\"PropertyValueSpecification\",\"valueRequired\":true,\"valueName\":\"search_term_string\"}}],\"inLanguage\":\"lv-LV\"},{\"@type\":\"Organization\",\"@id\":\"https:\/\/izglitiba.valmierasnovads.lv\/rujienavarpina\/#organization\",\"name\":\"R\u016bjienas pirmsskolas izgl\u012bt\u012bbas iest\u0101de ,,V\u0101rpi\u0146a\u201d\",\"url\":\"https:\/\/izglitiba.valmierasnovads.lv\/rujienavarpina\/\",\"logo\":{\"@type\":\"ImageObject\",\"inLanguage\":\"lv-LV\",\"@id\":\"https:\/\/izglitiba.valmierasnovads.lv\/rujienavarpina\/#\/schema\/logo\/image\/\",\"url\":\"https:\/\/izglitiba.valmierasnovads.lv\/rujienavarpina\/wp-content\/uploads\/sites\/14\/2026\/03\/cropped-Pirmsskolas-izglitibas-iestades-ar-pasu-logo-13-scaled-1.png\",\"contentUrl\":\"https:\/\/izglitiba.valmierasnovads.lv\/rujienavarpina\/wp-content\/uploads\/sites\/14\/2026\/03\/cropped-Pirmsskolas-izglitibas-iestades-ar-pasu-logo-13-scaled-1.png\",\"width\":1423,\"height\":404,\"caption\":\"R\u016bjienas pirmsskolas izgl\u012bt\u012bbas iest\u0101de ,,V\u0101rpi\u0146a\u201d\"},\"image\":{\"@id\":\"https:\/\/izglitiba.valmierasnovads.lv\/rujienavarpina\/#\/schema\/logo\/image\/\"}}]}<\/script>\n<!-- \/ Yoast SEO plugin. -->","yoast_head_json":{"title":"Grupi\u0146as - R\u016bjienas pirmsskolas izgl\u012bt\u012bbas iest\u0101de ,,V\u0101rpi\u0146a\u201d","robots":{"index":"index","follow":"follow","max-snippet":"max-snippet:-1","max-image-preview":"max-image-preview:large","max-video-preview":"max-video-preview:-1"},"canonical":"https:\/\/izglitiba.valmierasnovads.lv\/rujienavarpina\/grupinas\/","og_locale":"lv_LV","og_type":"article","og_title":"Grupi\u0146as - R\u016bjienas pirmsskolas izgl\u012bt\u012bbas iest\u0101de ,,V\u0101rpi\u0146a\u201d","og_description":"Grupa &#8220;Sien\u0101z\u012btis&#8221; Izgl\u012btojamo vecums: 1,5 &#8211; 2 gadi Pirmsskolas izgl\u012bt\u012bbas skolot\u0101jas: Daiga Leitlande, L\u0101sma Pu\u0161kareva Pirmsskolas izgl\u012bt\u012bbas skolot\u0101ja pal\u012bgs: Elita [&hellip;]","og_url":"https:\/\/izglitiba.valmierasnovads.lv\/rujienavarpina\/grupinas\/","og_site_name":"R\u016bjienas pirmsskolas izgl\u012bt\u012bbas iest\u0101de ,,V\u0101rpi\u0146a\u201d","article_modified_time":"2026-03-06T12:03:27+00:00","twitter_card":"summary_large_image","twitter_misc":{"Est. reading time":"2 min\u016btes"},"schema":{"@context":"https:\/\/schema.org","@graph":[{"@type":"WebPage","@id":"https:\/\/izglitiba.valmierasnovads.lv\/rujienavarpina\/grupinas\/","url":"https:\/\/izglitiba.valmierasnovads.lv\/rujienavarpina\/grupinas\/","name":"Grupi\u0146as - R\u016bjienas pirmsskolas izgl\u012bt\u012bbas iest\u0101de ,,V\u0101rpi\u0146a\u201d","isPartOf":{"@id":"https:\/\/izglitiba.valmierasnovads.lv\/rujienavarpina\/#website"},"datePublished":"2026-01-17T09:57:03+00:00","dateModified":"2026-03-06T12:03:27+00:00","breadcrumb":{"@id":"https:\/\/izglitiba.valmierasnovads.lv\/rujienavarpina\/grupinas\/#breadcrumb"},"inLanguage":"lv-LV","potentialAction":[{"@type":"ReadAction","target":["https:\/\/izglitiba.valmierasnovads.lv\/rujienavarpina\/grupinas\/"]}]},{"@type":"BreadcrumbList","@id":"https:\/\/izglitiba.valmierasnovads.lv\/rujienavarpina\/grupinas\/#breadcrumb","itemListElement":[{"@type":"ListItem","position":1,"name":"Home","item":"https:\/\/izglitiba.valmierasnovads.lv\/rujienavarpina\/"},{"@type":"ListItem","position":2,"name":"Grupi\u0146as"}]},{"@type":"WebSite","@id":"https:\/\/izglitiba.valmierasnovads.lv\/rujienavarpina\/#website","url":"https:\/\/izglitiba.valmierasnovads.lv\/rujienavarpina\/","name":"R\u016bjienas pirmsskolas izgl\u012bt\u012bbas iest\u0101de ,,V\u0101rpi\u0146a\u201d","description":"","publisher":{"@id":"https:\/\/izglitiba.valmierasnovads.lv\/rujienavarpina\/#organization"},"potentialAction":[{"@type":"SearchAction","target":{"@type":"EntryPoint","urlTemplate":"https:\/\/izglitiba.valmierasnovads.lv\/rujienavarpina\/?s={search_term_string}"},"query-input":{"@type":"PropertyValueSpecification","valueRequired":true,"valueName":"search_term_string"}}],"inLanguage":"lv-LV"},{"@type":"Organization","@id":"https:\/\/izglitiba.valmierasnovads.lv\/rujienavarpina\/#organization","name":"R\u016bjienas pirmsskolas izgl\u012bt\u012bbas iest\u0101de ,,V\u0101rpi\u0146a\u201d","url":"https:\/\/izglitiba.valmierasnovads.lv\/rujienavarpina\/","logo":{"@type":"ImageObject","inLanguage":"lv-LV","@id":"https:\/\/izglitiba.valmierasnovads.lv\/rujienavarpina\/#\/schema\/logo\/image\/","url":"https:\/\/izglitiba.valmierasnovads.lv\/rujienavarpina\/wp-content\/uploads\/sites\/14\/2026\/03\/cropped-Pirmsskolas-izglitibas-iestades-ar-pasu-logo-13-scaled-1.png","contentUrl":"https:\/\/izglitiba.valmierasnovads.lv\/rujienavarpina\/wp-content\/uploads\/sites\/14\/2026\/03\/cropped-Pirmsskolas-izglitibas-iestades-ar-pasu-logo-13-scaled-1.png","width":1423,"height":404,"caption":"R\u016bjienas pirmsskolas izgl\u012bt\u012bbas iest\u0101de ,,V\u0101rpi\u0146a\u201d"},"image":{"@id":"https:\/\/izglitiba.valmierasnovads.lv\/rujienavarpina\/#\/schema\/logo\/image\/"}}]}},"_links":{"self":[{"href":"https:\/\/izglitiba.valmierasnovads.lv\/rujienavarpina\/wp-json\/wp\/v2\/pages\/784","targetHints":{"allow":["GET"]}}],"collection":[{"href":"https:\/\/izglitiba.valmierasnovads.lv\/rujienavarpina\/wp-json\/wp\/v2\/pages"}],"about":[{"href":"https:\/\/izglitiba.valmierasnovads.lv\/rujienavarpina\/wp-json\/wp\/v2\/types\/page"}],"author":[{"embeddable":true,"href":"https:\/\/izglitiba.valmierasnovads.lv\/rujienavarpina\/wp-json\/wp\/v2\/users\/15"}],"replies":[{"embeddable":true,"href":"https:\/\/izglitiba.valmierasnovads.lv\/rujienavarpina\/wp-json\/wp\/v2\/comments?post=784"}],"version-history":[{"count":22,"href":"https:\/\/izglitiba.valmierasnovads.lv\/rujienavarpina\/wp-json\/wp\/v2\/pages\/784\/revisions"}],"predecessor-version":[{"id":1219,"href":"https:\/\/izglitiba.valmierasnovads.lv\/rujienavarpina\/wp-json\/wp\/v2\/pages\/784\/revisions\/1219"}],"wp:attachment":[{"href":"https:\/\/izglitiba.valmierasnovads.lv\/rujienavarpina\/wp-json\/wp\/v2\/media?parent=784"}],"curies":[{"name":"wp","href":"https:\/\/api.w.org\/{rel}","templated":true}]}}