{"id":803,"date":"2026-01-19T09:09:34","date_gmt":"2026-01-19T07:09:34","guid":{"rendered":"https:\/\/izglitiba.valmierasnovads.lv\/rujienavarpina\/?page_id=803"},"modified":"2026-03-05T14:14:17","modified_gmt":"2026-03-05T12:14:17","slug":"sienazisi","status":"publish","type":"page","link":"https:\/\/izglitiba.valmierasnovads.lv\/rujienavarpina\/sienazisi\/","title":{"rendered":"&gt; Sien\u0101z\u012btis"},"content":{"rendered":"\n<div class=\"wp-block-columns is-layout-flex wp-container-core-columns-is-layout-28f84493 wp-block-columns-is-layout-flex\">\n<div class=\"wp-block-column is-layout-flow wp-block-column-is-layout-flow\">\n<figure class=\"wp-block-image size-full is-resized\"><img loading=\"lazy\" decoding=\"async\" width=\"600\" height=\"600\" src=\"https:\/\/izglitiba.valmierasnovads.lv\/rujienavarpina\/wp-content\/uploads\/sites\/14\/2026\/01\/Noformejums-bez-nosaukuma-42.png\" alt=\"\" class=\"wp-image-874\" style=\"width:302px;height:auto\" srcset=\"https:\/\/izglitiba.valmierasnovads.lv\/rujienavarpina\/wp-content\/uploads\/sites\/14\/2026\/01\/Noformejums-bez-nosaukuma-42.png 600w, https:\/\/izglitiba.valmierasnovads.lv\/rujienavarpina\/wp-content\/uploads\/sites\/14\/2026\/01\/Noformejums-bez-nosaukuma-42-300x300.png 300w, https:\/\/izglitiba.valmierasnovads.lv\/rujienavarpina\/wp-content\/uploads\/sites\/14\/2026\/01\/Noformejums-bez-nosaukuma-42-150x150.png 150w\" sizes=\"auto, (max-width: 600px) 100vw, 600px\" \/><\/figure>\n<\/div>\n\n\n\n<div class=\"wp-block-column is-layout-flow wp-block-column-is-layout-flow\">\n<p>Z\u0101l\u0113 \u010d\u012bg\u0101 sien\u0101z\u012btis,<\/p>\n\n\n\n<p>Vienm\u0113r jautrais vijolnieks.<\/p>\n\n\n\n<p>\u0160ogad jautra vasari\u0146a,<\/p>\n\n\n\n<p>T\u0101p\u0113c sp\u0113l\u0113t vi\u0146am prieks!<\/p>\n<\/div>\n<\/div>\n\n\n\n<hr class=\"wp-block-separator has-alpha-channel-opacity is-style-wide\" \/>\n\n\n\n<p><strong>Janv\u0101ra aktivit\u0101tes<\/strong><\/p>\n\n\n\n<div class=\"wp-block-columns is-layout-flex wp-container-core-columns-is-layout-28f84493 wp-block-columns-is-layout-flex\">\n<div class=\"wp-block-column is-layout-flow wp-block-column-is-layout-flow\">\n<p class=\"has-text-align-center\">Mazie \u201cSien\u0101z\u012b\u0161i\u201d janv\u0101r\u012b uzzin\u0101ja, ka ir mazie burvji, izveidojot sniegp\u0101rslu ma\u0123iju. B\u0113rni &nbsp;iejut\u0101s lom\u0101 un uzb\u016bra sniegp\u0101rslas. Katrs&nbsp; p\u0101rliecin\u0101j\u0101s, ka ir mazais burvis, radot rado\u0161u darbu. Iepriek\u0161 skolot\u0101jas uzz\u012bm\u0113ja sniegp\u0101rslas ar balto kr\u012bti\u0146u uz lapas. B\u0113rni ar \u016bdenskr\u0101s\u0101m kr\u0101sojot, izveidoja&nbsp; ma\u0123iju. &nbsp;Sniegp\u0101rslu ma\u0123ija sl\u0113pjas klusum\u0101.<\/p>\n<\/div>\n\n\n\n<div class=\"wp-block-column is-layout-flow wp-block-column-is-layout-flow\">\n<figure class=\"wp-block-image size-large\"><img loading=\"lazy\" decoding=\"async\" width=\"1024\" height=\"768\" src=\"https:\/\/izglitiba.valmierasnovads.lv\/rujienavarpina\/wp-content\/uploads\/sites\/14\/2026\/02\/20260129_093704-1024x768.jpg\" alt=\"\" class=\"wp-image-1014\" srcset=\"https:\/\/izglitiba.valmierasnovads.lv\/rujienavarpina\/wp-content\/uploads\/sites\/14\/2026\/02\/20260129_093704-1024x768.jpg 1024w, https:\/\/izglitiba.valmierasnovads.lv\/rujienavarpina\/wp-content\/uploads\/sites\/14\/2026\/02\/20260129_093704-300x225.jpg 300w, https:\/\/izglitiba.valmierasnovads.lv\/rujienavarpina\/wp-content\/uploads\/sites\/14\/2026\/02\/20260129_093704-768x576.jpg 768w, https:\/\/izglitiba.valmierasnovads.lv\/rujienavarpina\/wp-content\/uploads\/sites\/14\/2026\/02\/20260129_093704-1536x1152.jpg 1536w, https:\/\/izglitiba.valmierasnovads.lv\/rujienavarpina\/wp-content\/uploads\/sites\/14\/2026\/02\/20260129_093704-2048x1536.jpg 2048w\" sizes=\"auto, (max-width: 1024px) 100vw, 1024px\" \/><\/figure>\n<\/div>\n\n\n\n<div class=\"wp-block-column is-layout-flow wp-block-column-is-layout-flow\">\n<figure class=\"wp-block-image size-large\"><img loading=\"lazy\" decoding=\"async\" width=\"1024\" height=\"768\" src=\"https:\/\/izglitiba.valmierasnovads.lv\/rujienavarpina\/wp-content\/uploads\/sites\/14\/2026\/02\/20260129_093708-1024x768.jpg\" alt=\"\" class=\"wp-image-1015\" srcset=\"https:\/\/izglitiba.valmierasnovads.lv\/rujienavarpina\/wp-content\/uploads\/sites\/14\/2026\/02\/20260129_093708-1024x768.jpg 1024w, https:\/\/izglitiba.valmierasnovads.lv\/rujienavarpina\/wp-content\/uploads\/sites\/14\/2026\/02\/20260129_093708-300x225.jpg 300w, https:\/\/izglitiba.valmierasnovads.lv\/rujienavarpina\/wp-content\/uploads\/sites\/14\/2026\/02\/20260129_093708-768x576.jpg 768w, https:\/\/izglitiba.valmierasnovads.lv\/rujienavarpina\/wp-content\/uploads\/sites\/14\/2026\/02\/20260129_093708-1536x1152.jpg 1536w, https:\/\/izglitiba.valmierasnovads.lv\/rujienavarpina\/wp-content\/uploads\/sites\/14\/2026\/02\/20260129_093708-2048x1536.jpg 2048w\" sizes=\"auto, (max-width: 1024px) 100vw, 1024px\" \/><\/figure>\n<\/div>\n<\/div>\n\n\n\n<div class=\"wp-block-columns is-layout-flex wp-container-core-columns-is-layout-28f84493 wp-block-columns-is-layout-flex\">\n<div class=\"wp-block-column is-layout-flow wp-block-column-is-layout-flow\"><\/div>\n\n\n\n<div class=\"wp-block-column is-layout-flow wp-block-column-is-layout-flow\">\n<figure class=\"wp-block-image size-large\"><img loading=\"lazy\" decoding=\"async\" width=\"1024\" height=\"768\" src=\"https:\/\/izglitiba.valmierasnovads.lv\/rujienavarpina\/wp-content\/uploads\/sites\/14\/2026\/02\/20260129_093713-1024x768.jpg\" alt=\"\" class=\"wp-image-1016\" srcset=\"https:\/\/izglitiba.valmierasnovads.lv\/rujienavarpina\/wp-content\/uploads\/sites\/14\/2026\/02\/20260129_093713-1024x768.jpg 1024w, https:\/\/izglitiba.valmierasnovads.lv\/rujienavarpina\/wp-content\/uploads\/sites\/14\/2026\/02\/20260129_093713-300x225.jpg 300w, https:\/\/izglitiba.valmierasnovads.lv\/rujienavarpina\/wp-content\/uploads\/sites\/14\/2026\/02\/20260129_093713-768x576.jpg 768w, https:\/\/izglitiba.valmierasnovads.lv\/rujienavarpina\/wp-content\/uploads\/sites\/14\/2026\/02\/20260129_093713-1536x1152.jpg 1536w, https:\/\/izglitiba.valmierasnovads.lv\/rujienavarpina\/wp-content\/uploads\/sites\/14\/2026\/02\/20260129_093713-2048x1536.jpg 2048w\" sizes=\"auto, (max-width: 1024px) 100vw, 1024px\" \/><\/figure>\n<\/div>\n\n\n\n<div class=\"wp-block-column is-layout-flow wp-block-column-is-layout-flow\">\n<figure class=\"wp-block-image size-large\"><img loading=\"lazy\" decoding=\"async\" width=\"1024\" height=\"768\" src=\"https:\/\/izglitiba.valmierasnovads.lv\/rujienavarpina\/wp-content\/uploads\/sites\/14\/2026\/02\/IMG_4614-1024x768.jpeg\" alt=\"\" class=\"wp-image-1017\" srcset=\"https:\/\/izglitiba.valmierasnovads.lv\/rujienavarpina\/wp-content\/uploads\/sites\/14\/2026\/02\/IMG_4614-1024x768.jpeg 1024w, https:\/\/izglitiba.valmierasnovads.lv\/rujienavarpina\/wp-content\/uploads\/sites\/14\/2026\/02\/IMG_4614-300x225.jpeg 300w, https:\/\/izglitiba.valmierasnovads.lv\/rujienavarpina\/wp-content\/uploads\/sites\/14\/2026\/02\/IMG_4614-768x576.jpeg 768w, https:\/\/izglitiba.valmierasnovads.lv\/rujienavarpina\/wp-content\/uploads\/sites\/14\/2026\/02\/IMG_4614-1536x1152.jpeg 1536w, https:\/\/izglitiba.valmierasnovads.lv\/rujienavarpina\/wp-content\/uploads\/sites\/14\/2026\/02\/IMG_4614-2048x1536.jpeg 2048w\" sizes=\"auto, (max-width: 1024px) 100vw, 1024px\" \/><\/figure>\n<\/div>\n<\/div>\n\n\n\n<hr class=\"wp-block-separator has-alpha-channel-opacity is-style-wide\" \/>\n\n\n\n<p><strong><em>Febru\u0101ra aktivit\u0101te<\/em><\/strong><\/p>\n\n\n\n<div class=\"wp-block-columns is-layout-flex wp-container-core-columns-is-layout-28f84493 wp-block-columns-is-layout-flex\">\n<div class=\"wp-block-column is-layout-flow wp-block-column-is-layout-flow\">\n<p>\u201cSien\u0101z\u012b\u0161u\u201d grup\u0101 pien\u0101ca \u012bpa\u0161a diena- Mitr\u0101ju diena Mazie p\u0113tnieki p\u0101rv\u0113rt\u0101s par<br>dabas r\u016b\u0137iem un kop\u0101 rad\u012bja savu mazo mitr\u0101ju. Trauk\u0101 tika liktas m\u012bkstas s\u016bnas ,sarkan\u0101s<br>dz\u0113rvenes un da\u017e\u0101di zari, \u010diekuri. Katrs b\u0113rns ar r\u016bp\u012bbu pievienoja k\u0101du dabas<br>gabali\u0146u, un pamaz\u0101m tapa \u012bpa\u0161a vieta -vi\u0146u pa\u0161u veidots mitr\u0101js. Darba proces\u0101 nogar\u0161oj\u0101m dz\u0113rvenes. V\u0113roj\u0101m ar\u012b mitr\u0101ju ziem\u0101-iesald\u0113ti dabas materi\u0101li. Grup\u0101 vald\u012bja \u012bsta ziemas burv\u012bba.<\/p>\n<\/div>\n\n\n\n<div class=\"wp-block-column is-layout-flow wp-block-column-is-layout-flow\">\n<figure class=\"wp-block-image size-large is-resized\"><img loading=\"lazy\" decoding=\"async\" width=\"768\" height=\"1024\" src=\"https:\/\/izglitiba.valmierasnovads.lv\/rujienavarpina\/wp-content\/uploads\/sites\/14\/2026\/03\/1000466312-768x1024.jpg\" alt=\"\" class=\"wp-image-1192\" style=\"aspect-ratio:0.7500080135910504;width:309px;height:auto\" srcset=\"https:\/\/izglitiba.valmierasnovads.lv\/rujienavarpina\/wp-content\/uploads\/sites\/14\/2026\/03\/1000466312-768x1024.jpg 768w, https:\/\/izglitiba.valmierasnovads.lv\/rujienavarpina\/wp-content\/uploads\/sites\/14\/2026\/03\/1000466312-225x300.jpg 225w, https:\/\/izglitiba.valmierasnovads.lv\/rujienavarpina\/wp-content\/uploads\/sites\/14\/2026\/03\/1000466312-1152x1536.jpg 1152w, https:\/\/izglitiba.valmierasnovads.lv\/rujienavarpina\/wp-content\/uploads\/sites\/14\/2026\/03\/1000466312-1536x2048.jpg 1536w, https:\/\/izglitiba.valmierasnovads.lv\/rujienavarpina\/wp-content\/uploads\/sites\/14\/2026\/03\/1000466312-scaled.jpg 1920w\" sizes=\"auto, (max-width: 768px) 100vw, 768px\" \/><\/figure>\n<\/div>\n\n\n\n<div class=\"wp-block-column is-layout-flow wp-block-column-is-layout-flow\">\n<figure class=\"wp-block-image size-large is-resized\"><img loading=\"lazy\" decoding=\"async\" width=\"768\" height=\"1024\" src=\"https:\/\/izglitiba.valmierasnovads.lv\/rujienavarpina\/wp-content\/uploads\/sites\/14\/2026\/03\/1000466320-768x1024.jpg\" alt=\"\" class=\"wp-image-1193\" style=\"aspect-ratio:0.7500080135910504;width:308px;height:auto\" srcset=\"https:\/\/izglitiba.valmierasnovads.lv\/rujienavarpina\/wp-content\/uploads\/sites\/14\/2026\/03\/1000466320-768x1024.jpg 768w, https:\/\/izglitiba.valmierasnovads.lv\/rujienavarpina\/wp-content\/uploads\/sites\/14\/2026\/03\/1000466320-225x300.jpg 225w, https:\/\/izglitiba.valmierasnovads.lv\/rujienavarpina\/wp-content\/uploads\/sites\/14\/2026\/03\/1000466320-1152x1536.jpg 1152w, https:\/\/izglitiba.valmierasnovads.lv\/rujienavarpina\/wp-content\/uploads\/sites\/14\/2026\/03\/1000466320-1536x2048.jpg 1536w, https:\/\/izglitiba.valmierasnovads.lv\/rujienavarpina\/wp-content\/uploads\/sites\/14\/2026\/03\/1000466320-scaled.jpg 1920w\" sizes=\"auto, (max-width: 768px) 100vw, 768px\" \/><\/figure>\n<\/div>\n<\/div>\n","protected":false},"excerpt":{"rendered":"<p>Z\u0101l\u0113 \u010d\u012bg\u0101 sien\u0101z\u012btis, Vienm\u0113r jautrais vijolnieks. \u0160ogad jautra vasari\u0146a, T\u0101p\u0113c sp\u0113l\u0113t vi\u0146am prieks! Janv\u0101ra aktivit\u0101tes Mazie \u201cSien\u0101z\u012b\u0161i\u201d janv\u0101r\u012b uzzin\u0101ja, ka [&hellip;]<\/p>\n","protected":false},"author":15,"featured_media":0,"parent":0,"menu_order":0,"comment_status":"closed","ping_status":"closed","template":"","meta":{"_acf_changed":false,"site-sidebar-layout":"default","site-content-layout":"","ast-site-content-layout":"default","site-content-style":"default","site-sidebar-style":"default","ast-global-header-display":"","ast-banner-title-visibility":"","ast-main-header-display":"","ast-hfb-above-header-display":"","ast-hfb-below-header-display":"","ast-hfb-mobile-header-display":"","site-post-title":"","ast-breadcrumbs-content":"","ast-featured-img":"","footer-sml-layout":"","ast-disable-related-posts":"","theme-transparent-header-meta":"","adv-header-id-meta":"","stick-header-meta":"","header-above-stick-meta":"","header-main-stick-meta":"","header-below-stick-meta":"","astra-migrate-meta-layouts":"default","ast-page-background-enabled":"default","ast-page-background-meta":{"desktop":{"background-color":"var(--ast-global-color-5)","background-image":"","background-repeat":"repeat","background-position":"center center","background-size":"auto","background-attachment":"scroll","background-type":"","background-media":"","overlay-type":"","overlay-color":"","overlay-opacity":"","overlay-gradient":""},"tablet":{"background-color":"","background-image":"","background-repeat":"repeat","background-position":"center center","background-size":"auto","background-attachment":"scroll","background-type":"","background-media":"","overlay-type":"","overlay-color":"","overlay-opacity":"","overlay-gradient":""},"mobile":{"background-color":"","background-image":"","background-repeat":"repeat","background-position":"center center","background-size":"auto","background-attachment":"scroll","background-type":"","background-media":"","overlay-type":"","overlay-color":"","overlay-opacity":"","overlay-gradient":""}},"ast-content-background-meta":{"desktop":{"background-color":"var(--ast-global-color-4)","background-image":"","background-repeat":"repeat","background-position":"center center","background-size":"auto","background-attachment":"scroll","background-type":"","background-media":"","overlay-type":"","overlay-color":"","overlay-opacity":"","overlay-gradient":""},"tablet":{"background-color":"var(--ast-global-color-4)","background-image":"","background-repeat":"repeat","background-position":"center center","background-size":"auto","background-attachment":"scroll","background-type":"","background-media":"","overlay-type":"","overlay-color":"","overlay-opacity":"","overlay-gradient":""},"mobile":{"background-color":"var(--ast-global-color-4)","background-image":"","background-repeat":"repeat","background-position":"center center","background-size":"auto","background-attachment":"scroll","background-type":"","background-media":"","overlay-type":"","overlay-color":"","overlay-opacity":"","overlay-gradient":""}},"footnotes":""},"class_list":["post-803","page","type-page","status-publish","hentry"],"acf":[],"yoast_head":"<!-- This site is optimized with the Yoast SEO plugin v27.0 - https:\/\/yoast.com\/product\/yoast-seo-wordpress\/ -->\n<title>&gt; Sien\u0101z\u012btis - R\u016bjienas pirmsskolas izgl\u012bt\u012bbas iest\u0101de ,,V\u0101rpi\u0146a\u201d<\/title>\n<meta name=\"robots\" content=\"index, follow, max-snippet:-1, max-image-preview:large, max-video-preview:-1\" \/>\n<link rel=\"canonical\" href=\"https:\/\/izglitiba.valmierasnovads.lv\/rujienavarpina\/sienazisi\/\" \/>\n<meta property=\"og:locale\" content=\"lv_LV\" \/>\n<meta property=\"og:type\" content=\"article\" \/>\n<meta property=\"og:title\" content=\"&gt; Sien\u0101z\u012btis - R\u016bjienas pirmsskolas izgl\u012bt\u012bbas iest\u0101de ,,V\u0101rpi\u0146a\u201d\" \/>\n<meta property=\"og:description\" content=\"Z\u0101l\u0113 \u010d\u012bg\u0101 sien\u0101z\u012btis, Vienm\u0113r jautrais vijolnieks. \u0160ogad jautra vasari\u0146a, T\u0101p\u0113c sp\u0113l\u0113t vi\u0146am prieks! Janv\u0101ra aktivit\u0101tes Mazie \u201cSien\u0101z\u012b\u0161i\u201d janv\u0101r\u012b uzzin\u0101ja, ka [&hellip;]\" \/>\n<meta property=\"og:url\" content=\"https:\/\/izglitiba.valmierasnovads.lv\/rujienavarpina\/sienazisi\/\" \/>\n<meta property=\"og:site_name\" content=\"R\u016bjienas pirmsskolas izgl\u012bt\u012bbas iest\u0101de ,,V\u0101rpi\u0146a\u201d\" \/>\n<meta property=\"article:modified_time\" content=\"2026-03-05T12:14:17+00:00\" \/>\n<meta property=\"og:image\" content=\"https:\/\/izglitiba.valmierasnovads.lv\/rujienavarpina\/wp-content\/uploads\/sites\/14\/2026\/01\/Noformejums-bez-nosaukuma-42.png\" \/>\n\t<meta property=\"og:image:width\" content=\"600\" \/>\n\t<meta property=\"og:image:height\" content=\"600\" \/>\n\t<meta property=\"og:image:type\" content=\"image\/png\" \/>\n<meta name=\"twitter:card\" content=\"summary_large_image\" \/>\n<meta name=\"twitter:label1\" content=\"Est. reading time\" \/>\n\t<meta name=\"twitter:data1\" content=\"3 min\u016btes\" \/>\n<script type=\"application\/ld+json\" class=\"yoast-schema-graph\">{\"@context\":\"https:\/\/schema.org\",\"@graph\":[{\"@type\":\"WebPage\",\"@id\":\"https:\/\/izglitiba.valmierasnovads.lv\/rujienavarpina\/sienazisi\/\",\"url\":\"https:\/\/izglitiba.valmierasnovads.lv\/rujienavarpina\/sienazisi\/\",\"name\":\"&gt; Sien\u0101z\u012btis - R\u016bjienas pirmsskolas izgl\u012bt\u012bbas iest\u0101de ,,V\u0101rpi\u0146a\u201d\",\"isPartOf\":{\"@id\":\"https:\/\/izglitiba.valmierasnovads.lv\/rujienavarpina\/#website\"},\"primaryImageOfPage\":{\"@id\":\"https:\/\/izglitiba.valmierasnovads.lv\/rujienavarpina\/sienazisi\/#primaryimage\"},\"image\":{\"@id\":\"https:\/\/izglitiba.valmierasnovads.lv\/rujienavarpina\/sienazisi\/#primaryimage\"},\"thumbnailUrl\":\"https:\/\/izglitiba.valmierasnovads.lv\/rujienavarpina\/wp-content\/uploads\/sites\/14\/2026\/01\/Noformejums-bez-nosaukuma-42.png\",\"datePublished\":\"2026-01-19T07:09:34+00:00\",\"dateModified\":\"2026-03-05T12:14:17+00:00\",\"breadcrumb\":{\"@id\":\"https:\/\/izglitiba.valmierasnovads.lv\/rujienavarpina\/sienazisi\/#breadcrumb\"},\"inLanguage\":\"lv-LV\",\"potentialAction\":[{\"@type\":\"ReadAction\",\"target\":[\"https:\/\/izglitiba.valmierasnovads.lv\/rujienavarpina\/sienazisi\/\"]}]},{\"@type\":\"ImageObject\",\"inLanguage\":\"lv-LV\",\"@id\":\"https:\/\/izglitiba.valmierasnovads.lv\/rujienavarpina\/sienazisi\/#primaryimage\",\"url\":\"https:\/\/izglitiba.valmierasnovads.lv\/rujienavarpina\/wp-content\/uploads\/sites\/14\/2026\/01\/Noformejums-bez-nosaukuma-42.png\",\"contentUrl\":\"https:\/\/izglitiba.valmierasnovads.lv\/rujienavarpina\/wp-content\/uploads\/sites\/14\/2026\/01\/Noformejums-bez-nosaukuma-42.png\",\"width\":600,\"height\":600},{\"@type\":\"BreadcrumbList\",\"@id\":\"https:\/\/izglitiba.valmierasnovads.lv\/rujienavarpina\/sienazisi\/#breadcrumb\",\"itemListElement\":[{\"@type\":\"ListItem\",\"position\":1,\"name\":\"Home\",\"item\":\"https:\/\/izglitiba.valmierasnovads.lv\/rujienavarpina\/\"},{\"@type\":\"ListItem\",\"position\":2,\"name\":\"&gt; Sien\u0101z\u012btis\"}]},{\"@type\":\"WebSite\",\"@id\":\"https:\/\/izglitiba.valmierasnovads.lv\/rujienavarpina\/#website\",\"url\":\"https:\/\/izglitiba.valmierasnovads.lv\/rujienavarpina\/\",\"name\":\"R\u016bjienas pirmsskolas izgl\u012bt\u012bbas iest\u0101de ,,V\u0101rpi\u0146a\u201d\",\"description\":\"\",\"publisher\":{\"@id\":\"https:\/\/izglitiba.valmierasnovads.lv\/rujienavarpina\/#organization\"},\"potentialAction\":[{\"@type\":\"SearchAction\",\"target\":{\"@type\":\"EntryPoint\",\"urlTemplate\":\"https:\/\/izglitiba.valmierasnovads.lv\/rujienavarpina\/?s={search_term_string}\"},\"query-input\":{\"@type\":\"PropertyValueSpecification\",\"valueRequired\":true,\"valueName\":\"search_term_string\"}}],\"inLanguage\":\"lv-LV\"},{\"@type\":\"Organization\",\"@id\":\"https:\/\/izglitiba.valmierasnovads.lv\/rujienavarpina\/#organization\",\"name\":\"R\u016bjienas pirmsskolas izgl\u012bt\u012bbas iest\u0101de ,,V\u0101rpi\u0146a\u201d\",\"url\":\"https:\/\/izglitiba.valmierasnovads.lv\/rujienavarpina\/\",\"logo\":{\"@type\":\"ImageObject\",\"inLanguage\":\"lv-LV\",\"@id\":\"https:\/\/izglitiba.valmierasnovads.lv\/rujienavarpina\/#\/schema\/logo\/image\/\",\"url\":\"https:\/\/izglitiba.valmierasnovads.lv\/rujienavarpina\/wp-content\/uploads\/sites\/14\/2026\/03\/cropped-Pirmsskolas-izglitibas-iestades-ar-pasu-logo-13-scaled-1.png\",\"contentUrl\":\"https:\/\/izglitiba.valmierasnovads.lv\/rujienavarpina\/wp-content\/uploads\/sites\/14\/2026\/03\/cropped-Pirmsskolas-izglitibas-iestades-ar-pasu-logo-13-scaled-1.png\",\"width\":1423,\"height\":404,\"caption\":\"R\u016bjienas pirmsskolas izgl\u012bt\u012bbas iest\u0101de ,,V\u0101rpi\u0146a\u201d\"},\"image\":{\"@id\":\"https:\/\/izglitiba.valmierasnovads.lv\/rujienavarpina\/#\/schema\/logo\/image\/\"}}]}<\/script>\n<!-- \/ Yoast SEO plugin. -->","yoast_head_json":{"title":"&gt; Sien\u0101z\u012btis - R\u016bjienas pirmsskolas izgl\u012bt\u012bbas iest\u0101de ,,V\u0101rpi\u0146a\u201d","robots":{"index":"index","follow":"follow","max-snippet":"max-snippet:-1","max-image-preview":"max-image-preview:large","max-video-preview":"max-video-preview:-1"},"canonical":"https:\/\/izglitiba.valmierasnovads.lv\/rujienavarpina\/sienazisi\/","og_locale":"lv_LV","og_type":"article","og_title":"&gt; Sien\u0101z\u012btis - R\u016bjienas pirmsskolas izgl\u012bt\u012bbas iest\u0101de ,,V\u0101rpi\u0146a\u201d","og_description":"Z\u0101l\u0113 \u010d\u012bg\u0101 sien\u0101z\u012btis, Vienm\u0113r jautrais vijolnieks. \u0160ogad jautra vasari\u0146a, T\u0101p\u0113c sp\u0113l\u0113t vi\u0146am prieks! Janv\u0101ra aktivit\u0101tes Mazie \u201cSien\u0101z\u012b\u0161i\u201d janv\u0101r\u012b uzzin\u0101ja, ka [&hellip;]","og_url":"https:\/\/izglitiba.valmierasnovads.lv\/rujienavarpina\/sienazisi\/","og_site_name":"R\u016bjienas pirmsskolas izgl\u012bt\u012bbas iest\u0101de ,,V\u0101rpi\u0146a\u201d","article_modified_time":"2026-03-05T12:14:17+00:00","og_image":[{"width":600,"height":600,"url":"https:\/\/izglitiba.valmierasnovads.lv\/rujienavarpina\/wp-content\/uploads\/sites\/14\/2026\/01\/Noformejums-bez-nosaukuma-42.png","type":"image\/png"}],"twitter_card":"summary_large_image","twitter_misc":{"Est. reading time":"3 min\u016btes"},"schema":{"@context":"https:\/\/schema.org","@graph":[{"@type":"WebPage","@id":"https:\/\/izglitiba.valmierasnovads.lv\/rujienavarpina\/sienazisi\/","url":"https:\/\/izglitiba.valmierasnovads.lv\/rujienavarpina\/sienazisi\/","name":"&gt; Sien\u0101z\u012btis - R\u016bjienas pirmsskolas izgl\u012bt\u012bbas iest\u0101de ,,V\u0101rpi\u0146a\u201d","isPartOf":{"@id":"https:\/\/izglitiba.valmierasnovads.lv\/rujienavarpina\/#website"},"primaryImageOfPage":{"@id":"https:\/\/izglitiba.valmierasnovads.lv\/rujienavarpina\/sienazisi\/#primaryimage"},"image":{"@id":"https:\/\/izglitiba.valmierasnovads.lv\/rujienavarpina\/sienazisi\/#primaryimage"},"thumbnailUrl":"https:\/\/izglitiba.valmierasnovads.lv\/rujienavarpina\/wp-content\/uploads\/sites\/14\/2026\/01\/Noformejums-bez-nosaukuma-42.png","datePublished":"2026-01-19T07:09:34+00:00","dateModified":"2026-03-05T12:14:17+00:00","breadcrumb":{"@id":"https:\/\/izglitiba.valmierasnovads.lv\/rujienavarpina\/sienazisi\/#breadcrumb"},"inLanguage":"lv-LV","potentialAction":[{"@type":"ReadAction","target":["https:\/\/izglitiba.valmierasnovads.lv\/rujienavarpina\/sienazisi\/"]}]},{"@type":"ImageObject","inLanguage":"lv-LV","@id":"https:\/\/izglitiba.valmierasnovads.lv\/rujienavarpina\/sienazisi\/#primaryimage","url":"https:\/\/izglitiba.valmierasnovads.lv\/rujienavarpina\/wp-content\/uploads\/sites\/14\/2026\/01\/Noformejums-bez-nosaukuma-42.png","contentUrl":"https:\/\/izglitiba.valmierasnovads.lv\/rujienavarpina\/wp-content\/uploads\/sites\/14\/2026\/01\/Noformejums-bez-nosaukuma-42.png","width":600,"height":600},{"@type":"BreadcrumbList","@id":"https:\/\/izglitiba.valmierasnovads.lv\/rujienavarpina\/sienazisi\/#breadcrumb","itemListElement":[{"@type":"ListItem","position":1,"name":"Home","item":"https:\/\/izglitiba.valmierasnovads.lv\/rujienavarpina\/"},{"@type":"ListItem","position":2,"name":"&gt; Sien\u0101z\u012btis"}]},{"@type":"WebSite","@id":"https:\/\/izglitiba.valmierasnovads.lv\/rujienavarpina\/#website","url":"https:\/\/izglitiba.valmierasnovads.lv\/rujienavarpina\/","name":"R\u016bjienas pirmsskolas izgl\u012bt\u012bbas iest\u0101de ,,V\u0101rpi\u0146a\u201d","description":"","publisher":{"@id":"https:\/\/izglitiba.valmierasnovads.lv\/rujienavarpina\/#organization"},"potentialAction":[{"@type":"SearchAction","target":{"@type":"EntryPoint","urlTemplate":"https:\/\/izglitiba.valmierasnovads.lv\/rujienavarpina\/?s={search_term_string}"},"query-input":{"@type":"PropertyValueSpecification","valueRequired":true,"valueName":"search_term_string"}}],"inLanguage":"lv-LV"},{"@type":"Organization","@id":"https:\/\/izglitiba.valmierasnovads.lv\/rujienavarpina\/#organization","name":"R\u016bjienas pirmsskolas izgl\u012bt\u012bbas iest\u0101de ,,V\u0101rpi\u0146a\u201d","url":"https:\/\/izglitiba.valmierasnovads.lv\/rujienavarpina\/","logo":{"@type":"ImageObject","inLanguage":"lv-LV","@id":"https:\/\/izglitiba.valmierasnovads.lv\/rujienavarpina\/#\/schema\/logo\/image\/","url":"https:\/\/izglitiba.valmierasnovads.lv\/rujienavarpina\/wp-content\/uploads\/sites\/14\/2026\/03\/cropped-Pirmsskolas-izglitibas-iestades-ar-pasu-logo-13-scaled-1.png","contentUrl":"https:\/\/izglitiba.valmierasnovads.lv\/rujienavarpina\/wp-content\/uploads\/sites\/14\/2026\/03\/cropped-Pirmsskolas-izglitibas-iestades-ar-pasu-logo-13-scaled-1.png","width":1423,"height":404,"caption":"R\u016bjienas pirmsskolas izgl\u012bt\u012bbas iest\u0101de ,,V\u0101rpi\u0146a\u201d"},"image":{"@id":"https:\/\/izglitiba.valmierasnovads.lv\/rujienavarpina\/#\/schema\/logo\/image\/"}}]}},"_links":{"self":[{"href":"https:\/\/izglitiba.valmierasnovads.lv\/rujienavarpina\/wp-json\/wp\/v2\/pages\/803","targetHints":{"allow":["GET"]}}],"collection":[{"href":"https:\/\/izglitiba.valmierasnovads.lv\/rujienavarpina\/wp-json\/wp\/v2\/pages"}],"about":[{"href":"https:\/\/izglitiba.valmierasnovads.lv\/rujienavarpina\/wp-json\/wp\/v2\/types\/page"}],"author":[{"embeddable":true,"href":"https:\/\/izglitiba.valmierasnovads.lv\/rujienavarpina\/wp-json\/wp\/v2\/users\/15"}],"replies":[{"embeddable":true,"href":"https:\/\/izglitiba.valmierasnovads.lv\/rujienavarpina\/wp-json\/wp\/v2\/comments?post=803"}],"version-history":[{"count":8,"href":"https:\/\/izglitiba.valmierasnovads.lv\/rujienavarpina\/wp-json\/wp\/v2\/pages\/803\/revisions"}],"predecessor-version":[{"id":1194,"href":"https:\/\/izglitiba.valmierasnovads.lv\/rujienavarpina\/wp-json\/wp\/v2\/pages\/803\/revisions\/1194"}],"wp:attachment":[{"href":"https:\/\/izglitiba.valmierasnovads.lv\/rujienavarpina\/wp-json\/wp\/v2\/media?parent=803"}],"curies":[{"name":"wp","href":"https:\/\/api.w.org\/{rel}","templated":true}]}}