{"id":80,"date":"2026-01-23T21:06:44","date_gmt":"2026-01-23T19:06:44","guid":{"rendered":"https:\/\/izglitiba.valmierasnovads.lv\/strencumuzikasskola\/?page_id=80"},"modified":"2026-02-28T21:32:01","modified_gmt":"2026-02-28T19:32:01","slug":"stundu-saraksts","status":"publish","type":"page","link":"https:\/\/izglitiba.valmierasnovads.lv\/strencumuzikasskola\/stundu-saraksts\/","title":{"rendered":"Stundu laiki"},"content":{"rendered":"\n<figure class=\"wp-block-table is-style-stripes has-medium-font-size\"><table class=\"has-ast-global-color-1-color has-ast-global-color-4-background-color has-text-color has-background has-link-color has-fixed-layout\"><tbody><tr><td><strong>Stundu laiki | ikdiena<\/strong><\/td><td><\/td><td><\/td><td><strong>pirmssv\u0113tku dienas<\/strong><\/td><td><\/td><\/tr><tr><td><\/td><td><strong>No<\/strong><\/td><td><strong>L\u012bdz<\/strong><\/td><td><strong>No<\/strong><\/td><td><strong>L\u012bdz<\/strong><\/td><\/tr><tr><td>0. stunda<\/td><td>12.30<\/td><td>13.10<\/td><td>12.40<\/td><td>13.10<\/td><\/tr><tr><td>1. stunda<\/td><td>13.15<\/td><td>13.55<\/td><td>13.15<\/td><td>13.45<\/td><\/tr><tr><td>2. stunda<\/td><td>14.00<\/td><td>14.40<\/td><td>13.50<\/td><td>14.20<\/td><\/tr><tr><td>3. stunda<\/td><td>14.45<\/td><td>15.25<\/td><td>14.25<\/td><td>14.55<\/td><\/tr><tr><td>4. stunda<\/td><td>15.30<\/td><td>16.10<\/td><td>15.00<\/td><td>15.30<\/td><\/tr><tr><td><strong>Garais starpbr\u012bdis<\/strong><\/td><td><strong>16.10<\/strong><\/td><td><strong>16.30<\/strong><\/td><td><strong>15.30<\/strong><\/td><td><strong>15.45<\/strong><\/td><\/tr><tr><td>5. stunda<\/td><td>16.30<\/td><td>17.10<\/td><td>15.45<\/td><td>16.15<\/td><\/tr><tr><td>6. stunda<\/td><td>17.15<\/td><td>17.55<\/td><td>16.20<\/td><td>16.50<\/td><\/tr><tr><td>7. stunda<\/td><td>18.00<\/td><td>18.40<\/td><td>16.55<\/td><td>17.25<\/td><\/tr><tr><td>8. stunda<\/td><td>18.45<\/td><td>19.25<\/td><td>17.30<\/td><td>18.00<\/td><\/tr><tr><td>9. stunda<\/td><td>19.30<\/td><td>20.10<\/td><td>18.05<\/td><td>18.35<\/td><\/tr><\/tbody><\/table><\/figure>\n\n\n\n<p class=\"has-medium-font-size\"><strong>Pamatojoties uz profesion\u0101l\u0101s izgl\u012bt\u012bbas likuma https:\/\/likumi.lv\/ta\/id\/20244 28.pantu &#8220;Profesion\u0101l\u0101s izgl\u012bt\u012bbas programmu \u012bsteno\u0161ana&#8221;(4)<\/strong> M\u0101c\u012bbu stundas ilgums ir no 40 l\u012bdz 45 min\u016bt\u0113m, un to nosaka izgl\u012bt\u012bbas iest\u0101des vad\u012bt\u0101js. M\u0101c\u012bbu stundas ilgums pirms sv\u0113tku dien\u0101m ir 30 min\u016btes.<\/p>\n\n\n\n<p><\/p>\n","protected":false},"excerpt":{"rendered":"<p>Stundu laiki | ikdiena pirmssv\u0113tku dienas No L\u012bdz No L\u012bdz 0. stunda 12.30 13.10 12.40 13.10 1. stunda 13.15 13.55 [&hellip;]<\/p>\n","protected":false},"author":58,"featured_media":0,"parent":0,"menu_order":0,"comment_status":"closed","ping_status":"closed","template":"","meta":{"_acf_changed":false,"site-sidebar-layout":"default","site-content-layout":"","ast-site-content-layout":"default","site-content-style":"default","site-sidebar-style":"default","ast-global-header-display":"","ast-banner-title-visibility":"","ast-main-header-display":"","ast-hfb-above-header-display":"","ast-hfb-below-header-display":"","ast-hfb-mobile-header-display":"","site-post-title":"","ast-breadcrumbs-content":"","ast-featured-img":"","footer-sml-layout":"","ast-disable-related-posts":"","theme-transparent-header-meta":"","adv-header-id-meta":"","stick-header-meta":"","header-above-stick-meta":"","header-main-stick-meta":"","header-below-stick-meta":"","astra-migrate-meta-layouts":"default","ast-page-background-enabled":"default","ast-page-background-meta":{"desktop":{"background-color":"var(--ast-global-color-5)","background-image":"","background-repeat":"repeat","background-position":"center center","background-size":"auto","background-attachment":"scroll","background-type":"","background-media":"","overlay-type":"","overlay-color":"","overlay-opacity":"","overlay-gradient":""},"tablet":{"background-color":"","background-image":"","background-repeat":"repeat","background-position":"center center","background-size":"auto","background-attachment":"scroll","background-type":"","background-media":"","overlay-type":"","overlay-color":"","overlay-opacity":"","overlay-gradient":""},"mobile":{"background-color":"","background-image":"","background-repeat":"repeat","background-position":"center center","background-size":"auto","background-attachment":"scroll","background-type":"","background-media":"","overlay-type":"","overlay-color":"","overlay-opacity":"","overlay-gradient":""}},"ast-content-background-meta":{"desktop":{"background-color":"var(--ast-global-color-4)","background-image":"","background-repeat":"repeat","background-position":"center center","background-size":"auto","background-attachment":"scroll","background-type":"","background-media":"","overlay-type":"","overlay-color":"","overlay-opacity":"","overlay-gradient":""},"tablet":{"background-color":"var(--ast-global-color-4)","background-image":"","background-repeat":"repeat","background-position":"center center","background-size":"auto","background-attachment":"scroll","background-type":"","background-media":"","overlay-type":"","overlay-color":"","overlay-opacity":"","overlay-gradient":""},"mobile":{"background-color":"var(--ast-global-color-4)","background-image":"","background-repeat":"repeat","background-position":"center center","background-size":"auto","background-attachment":"scroll","background-type":"","background-media":"","overlay-type":"","overlay-color":"","overlay-opacity":"","overlay-gradient":""}},"footnotes":""},"class_list":["post-80","page","type-page","status-publish","hentry"],"acf":[],"yoast_head":"<!-- This site is optimized with the Yoast SEO plugin v27.0 - https:\/\/yoast.com\/product\/yoast-seo-wordpress\/ -->\n<title>Stundu laiki - Stren\u010du M\u016bzikas skola<\/title>\n<meta name=\"robots\" content=\"index, follow, max-snippet:-1, max-image-preview:large, max-video-preview:-1\" \/>\n<link rel=\"canonical\" href=\"https:\/\/izglitiba.valmierasnovads.lv\/strencumuzikasskola\/stundu-saraksts\/\" \/>\n<meta property=\"og:locale\" content=\"lv_LV\" \/>\n<meta property=\"og:type\" content=\"article\" \/>\n<meta property=\"og:title\" content=\"Stundu laiki - Stren\u010du M\u016bzikas skola\" \/>\n<meta property=\"og:description\" content=\"Stundu laiki | ikdiena pirmssv\u0113tku dienas No L\u012bdz No L\u012bdz 0. stunda 12.30 13.10 12.40 13.10 1. stunda 13.15 13.55 [&hellip;]\" \/>\n<meta property=\"og:url\" content=\"https:\/\/izglitiba.valmierasnovads.lv\/strencumuzikasskola\/stundu-saraksts\/\" \/>\n<meta property=\"og:site_name\" content=\"Stren\u010du M\u016bzikas skola\" \/>\n<meta property=\"article:modified_time\" content=\"2026-02-28T19:32:01+00:00\" \/>\n<meta name=\"twitter:card\" content=\"summary_large_image\" \/>\n<meta name=\"twitter:label1\" content=\"Est. reading time\" \/>\n\t<meta name=\"twitter:data1\" content=\"1 min\u016bte\" \/>\n<script type=\"application\/ld+json\" class=\"yoast-schema-graph\">{\"@context\":\"https:\/\/schema.org\",\"@graph\":[{\"@type\":\"WebPage\",\"@id\":\"https:\/\/izglitiba.valmierasnovads.lv\/strencumuzikasskola\/stundu-saraksts\/\",\"url\":\"https:\/\/izglitiba.valmierasnovads.lv\/strencumuzikasskola\/stundu-saraksts\/\",\"name\":\"Stundu laiki - Stren\u010du M\u016bzikas skola\",\"isPartOf\":{\"@id\":\"https:\/\/izglitiba.valmierasnovads.lv\/strencumuzikasskola\/#website\"},\"datePublished\":\"2026-01-23T19:06:44+00:00\",\"dateModified\":\"2026-02-28T19:32:01+00:00\",\"breadcrumb\":{\"@id\":\"https:\/\/izglitiba.valmierasnovads.lv\/strencumuzikasskola\/stundu-saraksts\/#breadcrumb\"},\"inLanguage\":\"lv-LV\",\"potentialAction\":[{\"@type\":\"ReadAction\",\"target\":[\"https:\/\/izglitiba.valmierasnovads.lv\/strencumuzikasskola\/stundu-saraksts\/\"]}]},{\"@type\":\"BreadcrumbList\",\"@id\":\"https:\/\/izglitiba.valmierasnovads.lv\/strencumuzikasskola\/stundu-saraksts\/#breadcrumb\",\"itemListElement\":[{\"@type\":\"ListItem\",\"position\":1,\"name\":\"Home\",\"item\":\"https:\/\/izglitiba.valmierasnovads.lv\/strencumuzikasskola\/\"},{\"@type\":\"ListItem\",\"position\":2,\"name\":\"Stundu laiki\"}]},{\"@type\":\"WebSite\",\"@id\":\"https:\/\/izglitiba.valmierasnovads.lv\/strencumuzikasskola\/#website\",\"url\":\"https:\/\/izglitiba.valmierasnovads.lv\/strencumuzikasskola\/\",\"name\":\"Stren\u010du M\u016bzikas skola\",\"description\":\"\",\"publisher\":{\"@id\":\"https:\/\/izglitiba.valmierasnovads.lv\/strencumuzikasskola\/#organization\"},\"potentialAction\":[{\"@type\":\"SearchAction\",\"target\":{\"@type\":\"EntryPoint\",\"urlTemplate\":\"https:\/\/izglitiba.valmierasnovads.lv\/strencumuzikasskola\/?s={search_term_string}\"},\"query-input\":{\"@type\":\"PropertyValueSpecification\",\"valueRequired\":true,\"valueName\":\"search_term_string\"}}],\"inLanguage\":\"lv-LV\"},{\"@type\":\"Organization\",\"@id\":\"https:\/\/izglitiba.valmierasnovads.lv\/strencumuzikasskola\/#organization\",\"name\":\"Stren\u010du M\u016bzikas skola\",\"url\":\"https:\/\/izglitiba.valmierasnovads.lv\/strencumuzikasskola\/\",\"logo\":{\"@type\":\"ImageObject\",\"inLanguage\":\"lv-LV\",\"@id\":\"https:\/\/izglitiba.valmierasnovads.lv\/strencumuzikasskola\/#\/schema\/logo\/image\/\",\"url\":\"https:\/\/izglitiba.valmierasnovads.lv\/strencumuzikasskola\/wp-content\/uploads\/sites\/37\/2025\/07\/Strencu-muzikas-skola-11-1.png\",\"contentUrl\":\"https:\/\/izglitiba.valmierasnovads.lv\/strencumuzikasskola\/wp-content\/uploads\/sites\/37\/2025\/07\/Strencu-muzikas-skola-11-1.png\",\"width\":11690,\"height\":2927,\"caption\":\"Stren\u010du M\u016bzikas skola\"},\"image\":{\"@id\":\"https:\/\/izglitiba.valmierasnovads.lv\/strencumuzikasskola\/#\/schema\/logo\/image\/\"}}]}<\/script>\n<!-- \/ Yoast SEO plugin. -->","yoast_head_json":{"title":"Stundu laiki - Stren\u010du M\u016bzikas skola","robots":{"index":"index","follow":"follow","max-snippet":"max-snippet:-1","max-image-preview":"max-image-preview:large","max-video-preview":"max-video-preview:-1"},"canonical":"https:\/\/izglitiba.valmierasnovads.lv\/strencumuzikasskola\/stundu-saraksts\/","og_locale":"lv_LV","og_type":"article","og_title":"Stundu laiki - Stren\u010du M\u016bzikas skola","og_description":"Stundu laiki | ikdiena pirmssv\u0113tku dienas No L\u012bdz No L\u012bdz 0. stunda 12.30 13.10 12.40 13.10 1. stunda 13.15 13.55 [&hellip;]","og_url":"https:\/\/izglitiba.valmierasnovads.lv\/strencumuzikasskola\/stundu-saraksts\/","og_site_name":"Stren\u010du M\u016bzikas skola","article_modified_time":"2026-02-28T19:32:01+00:00","twitter_card":"summary_large_image","twitter_misc":{"Est. reading time":"1 min\u016bte"},"schema":{"@context":"https:\/\/schema.org","@graph":[{"@type":"WebPage","@id":"https:\/\/izglitiba.valmierasnovads.lv\/strencumuzikasskola\/stundu-saraksts\/","url":"https:\/\/izglitiba.valmierasnovads.lv\/strencumuzikasskola\/stundu-saraksts\/","name":"Stundu laiki - Stren\u010du M\u016bzikas skola","isPartOf":{"@id":"https:\/\/izglitiba.valmierasnovads.lv\/strencumuzikasskola\/#website"},"datePublished":"2026-01-23T19:06:44+00:00","dateModified":"2026-02-28T19:32:01+00:00","breadcrumb":{"@id":"https:\/\/izglitiba.valmierasnovads.lv\/strencumuzikasskola\/stundu-saraksts\/#breadcrumb"},"inLanguage":"lv-LV","potentialAction":[{"@type":"ReadAction","target":["https:\/\/izglitiba.valmierasnovads.lv\/strencumuzikasskola\/stundu-saraksts\/"]}]},{"@type":"BreadcrumbList","@id":"https:\/\/izglitiba.valmierasnovads.lv\/strencumuzikasskola\/stundu-saraksts\/#breadcrumb","itemListElement":[{"@type":"ListItem","position":1,"name":"Home","item":"https:\/\/izglitiba.valmierasnovads.lv\/strencumuzikasskola\/"},{"@type":"ListItem","position":2,"name":"Stundu laiki"}]},{"@type":"WebSite","@id":"https:\/\/izglitiba.valmierasnovads.lv\/strencumuzikasskola\/#website","url":"https:\/\/izglitiba.valmierasnovads.lv\/strencumuzikasskola\/","name":"Stren\u010du M\u016bzikas skola","description":"","publisher":{"@id":"https:\/\/izglitiba.valmierasnovads.lv\/strencumuzikasskola\/#organization"},"potentialAction":[{"@type":"SearchAction","target":{"@type":"EntryPoint","urlTemplate":"https:\/\/izglitiba.valmierasnovads.lv\/strencumuzikasskola\/?s={search_term_string}"},"query-input":{"@type":"PropertyValueSpecification","valueRequired":true,"valueName":"search_term_string"}}],"inLanguage":"lv-LV"},{"@type":"Organization","@id":"https:\/\/izglitiba.valmierasnovads.lv\/strencumuzikasskola\/#organization","name":"Stren\u010du M\u016bzikas skola","url":"https:\/\/izglitiba.valmierasnovads.lv\/strencumuzikasskola\/","logo":{"@type":"ImageObject","inLanguage":"lv-LV","@id":"https:\/\/izglitiba.valmierasnovads.lv\/strencumuzikasskola\/#\/schema\/logo\/image\/","url":"https:\/\/izglitiba.valmierasnovads.lv\/strencumuzikasskola\/wp-content\/uploads\/sites\/37\/2025\/07\/Strencu-muzikas-skola-11-1.png","contentUrl":"https:\/\/izglitiba.valmierasnovads.lv\/strencumuzikasskola\/wp-content\/uploads\/sites\/37\/2025\/07\/Strencu-muzikas-skola-11-1.png","width":11690,"height":2927,"caption":"Stren\u010du M\u016bzikas skola"},"image":{"@id":"https:\/\/izglitiba.valmierasnovads.lv\/strencumuzikasskola\/#\/schema\/logo\/image\/"}}]}},"_links":{"self":[{"href":"https:\/\/izglitiba.valmierasnovads.lv\/strencumuzikasskola\/wp-json\/wp\/v2\/pages\/80","targetHints":{"allow":["GET"]}}],"collection":[{"href":"https:\/\/izglitiba.valmierasnovads.lv\/strencumuzikasskola\/wp-json\/wp\/v2\/pages"}],"about":[{"href":"https:\/\/izglitiba.valmierasnovads.lv\/strencumuzikasskola\/wp-json\/wp\/v2\/types\/page"}],"author":[{"embeddable":true,"href":"https:\/\/izglitiba.valmierasnovads.lv\/strencumuzikasskola\/wp-json\/wp\/v2\/users\/58"}],"replies":[{"embeddable":true,"href":"https:\/\/izglitiba.valmierasnovads.lv\/strencumuzikasskola\/wp-json\/wp\/v2\/comments?post=80"}],"version-history":[{"count":9,"href":"https:\/\/izglitiba.valmierasnovads.lv\/strencumuzikasskola\/wp-json\/wp\/v2\/pages\/80\/revisions"}],"predecessor-version":[{"id":366,"href":"https:\/\/izglitiba.valmierasnovads.lv\/strencumuzikasskola\/wp-json\/wp\/v2\/pages\/80\/revisions\/366"}],"wp:attachment":[{"href":"https:\/\/izglitiba.valmierasnovads.lv\/strencumuzikasskola\/wp-json\/wp\/v2\/media?parent=80"}],"curies":[{"name":"wp","href":"https:\/\/api.w.org\/{rel}","templated":true}]}}