{"id":448,"date":"2026-01-21T20:12:13","date_gmt":"2026-01-21T18:12:13","guid":{"rendered":"https:\/\/izglitiba.valmierasnovads.lv\/strencupamatskola\/?page_id=448"},"modified":"2026-01-23T15:17:17","modified_gmt":"2026-01-23T13:17:17","slug":"skolas-vesture-2","status":"publish","type":"page","link":"https:\/\/izglitiba.valmierasnovads.lv\/strencupamatskola\/skolas-vesture-2\/","title":{"rendered":"Skolas v\u0113sture"},"content":{"rendered":"<style>.wp-block-kadence-advancedgallery.kb-gallery-wrap-id-448_3b2f31-e2{overflow:hidden;}.kb-gallery-id-448_3b2f31-e2 .kadence-blocks-gallery-item .kb-gal-image-radius, .kb-gallery-id-448_3b2f31-e2 .kb-slide-item .kb-gal-image-radius img{border-radius:0px 0px 0px 0px;;}.kb-gallery-wrap-id-448_3b2f31-e2.wp-block-kadence-advancedgallery{overflow:visible;}.kb-gallery-wrap-id-448_3b2f31-e2.wp-block-kadence-advancedgallery .kt-blocks-carousel{overflow:visible;}<\/style><div class=\"kb-gallery-wrap-id-448_3b2f31-e2 alignnone wp-block-kadence-advancedgallery\"><div class=\"kb-gallery-ul kb-gallery-non-static kb-gallery-type-carousel kb-gallery-id-448_3b2f31-e2 kb-gallery-caption-style-bottom-hover kb-gallery-filter-none\" data-image-filter=\"none\" data-lightbox-caption=\"true\"><div class=\"kt-blocks-carousel splide kt-carousel-container-dotstyle-dark kt-carousel-arrowstyle-whiteondark kt-carousel-dotstyle-dark kb-slider-group-arrow kb-slider-arrow-position-center\" data-columns-xxl=\"3\" data-columns-xl=\"3\" data-columns-md=\"3\" data-columns-sm=\"2\" data-columns-xs=\"1\" data-columns-ss=\"1\" data-slider-anim-speed=\"400\" data-slider-scroll=\"1\" data-slider-arrows=\"true\" data-slider-dots=\"true\" data-slider-hover-pause=\"false\" data-slider-auto=\"\" data-slider-speed=\"7000\" data-slider-gap=\"10px\" data-slider-gap-tablet=\"10px\" data-slider-gap-mobile=\"10px\" data-show-pause-button=\"false\" data-slider-label=\"Photo Gallery Carousel\"><div class=\"splide__track\"><ul class=\"kt-blocks-carousel-init kb-gallery-carousel splide__list\"><li class=\"kb-slide-item kb-gallery-carousel-item splide__slide\"><div class=\"kadence-blocks-gallery-item\"><div class=\"kadence-blocks-gallery-item-inner\"><figure class=\"kb-gallery-figure kadence-blocks-gallery-item-hide-caption\"><div class=\"kb-gal-image-radius\"><div class=\"kb-gallery-image-contain kadence-blocks-gallery-intrinsic kb-gallery-image-ratio-land32 kb-has-image-ratio-land32\" ><img loading=\"lazy\" decoding=\"async\" src=\"https:\/\/izglitiba.valmierasnovads.lv\/strencupamatskola\/wp-content\/uploads\/sites\/3\/2026\/01\/Scan0027-1024x669.jpg\" width=\"1024\" height=\"669\" alt=\"\" data-full-image=\"https:\/\/izglitiba.valmierasnovads.lv\/strencupamatskola\/wp-content\/uploads\/sites\/3\/2026\/01\/Scan0027.jpg\" data-light-image=\"https:\/\/izglitiba.valmierasnovads.lv\/strencupamatskola\/wp-content\/uploads\/sites\/3\/2026\/01\/Scan0027.jpg\" data-id=\"521\" class=\"wp-image-521 skip-lazy\" srcset=\"https:\/\/izglitiba.valmierasnovads.lv\/strencupamatskola\/wp-content\/uploads\/sites\/3\/2026\/01\/Scan0027-1024x669.jpg 1024w, https:\/\/izglitiba.valmierasnovads.lv\/strencupamatskola\/wp-content\/uploads\/sites\/3\/2026\/01\/Scan0027-300x196.jpg 300w, https:\/\/izglitiba.valmierasnovads.lv\/strencupamatskola\/wp-content\/uploads\/sites\/3\/2026\/01\/Scan0027-768x502.jpg 768w, https:\/\/izglitiba.valmierasnovads.lv\/strencupamatskola\/wp-content\/uploads\/sites\/3\/2026\/01\/Scan0027-1536x1004.jpg 1536w, https:\/\/izglitiba.valmierasnovads.lv\/strencupamatskola\/wp-content\/uploads\/sites\/3\/2026\/01\/Scan0027.jpg 1600w\" sizes=\"auto, (max-width: 1024px) 100vw, 1024px\" \/><\/div><\/div><\/figure><\/div><\/div><\/li><li class=\"kb-slide-item kb-gallery-carousel-item splide__slide\"><div class=\"kadence-blocks-gallery-item\"><div class=\"kadence-blocks-gallery-item-inner\"><figure class=\"kb-gallery-figure kadence-blocks-gallery-item-hide-caption\"><div class=\"kb-gal-image-radius\"><div class=\"kb-gallery-image-contain kadence-blocks-gallery-intrinsic kb-gallery-image-ratio-land32 kb-has-image-ratio-land32\" ><img loading=\"lazy\" decoding=\"async\" src=\"https:\/\/izglitiba.valmierasnovads.lv\/strencupamatskola\/wp-content\/uploads\/sites\/3\/2026\/01\/Scan0033-1024x620.jpg\" width=\"1024\" height=\"620\" alt=\"\" data-full-image=\"https:\/\/izglitiba.valmierasnovads.lv\/strencupamatskola\/wp-content\/uploads\/sites\/3\/2026\/01\/Scan0033.jpg\" data-light-image=\"https:\/\/izglitiba.valmierasnovads.lv\/strencupamatskola\/wp-content\/uploads\/sites\/3\/2026\/01\/Scan0033.jpg\" data-id=\"523\" class=\"wp-image-523 skip-lazy\" srcset=\"https:\/\/izglitiba.valmierasnovads.lv\/strencupamatskola\/wp-content\/uploads\/sites\/3\/2026\/01\/Scan0033-1024x620.jpg 1024w, https:\/\/izglitiba.valmierasnovads.lv\/strencupamatskola\/wp-content\/uploads\/sites\/3\/2026\/01\/Scan0033-300x182.jpg 300w, https:\/\/izglitiba.valmierasnovads.lv\/strencupamatskola\/wp-content\/uploads\/sites\/3\/2026\/01\/Scan0033-768x465.jpg 768w, https:\/\/izglitiba.valmierasnovads.lv\/strencupamatskola\/wp-content\/uploads\/sites\/3\/2026\/01\/Scan0033-1536x930.jpg 1536w, https:\/\/izglitiba.valmierasnovads.lv\/strencupamatskola\/wp-content\/uploads\/sites\/3\/2026\/01\/Scan0033.jpg 1600w\" sizes=\"auto, (max-width: 1024px) 100vw, 1024px\" \/><\/div><\/div><\/figure><\/div><\/div><\/li><li class=\"kb-slide-item kb-gallery-carousel-item splide__slide\"><div class=\"kadence-blocks-gallery-item\"><div class=\"kadence-blocks-gallery-item-inner\"><figure class=\"kb-gallery-figure kadence-blocks-gallery-item-hide-caption\"><div class=\"kb-gal-image-radius\"><div class=\"kb-gallery-image-contain kadence-blocks-gallery-intrinsic kb-gallery-image-ratio-land32 kb-has-image-ratio-land32\" ><img loading=\"lazy\" decoding=\"async\" src=\"https:\/\/izglitiba.valmierasnovads.lv\/strencupamatskola\/wp-content\/uploads\/sites\/3\/2026\/01\/DSC_0036-1024x685.jpg\" width=\"1024\" height=\"685\" alt=\"\" data-full-image=\"https:\/\/izglitiba.valmierasnovads.lv\/strencupamatskola\/wp-content\/uploads\/sites\/3\/2026\/01\/DSC_0036.jpg\" data-light-image=\"https:\/\/izglitiba.valmierasnovads.lv\/strencupamatskola\/wp-content\/uploads\/sites\/3\/2026\/01\/DSC_0036.jpg\" data-id=\"522\" class=\"wp-image-522 skip-lazy\" srcset=\"https:\/\/izglitiba.valmierasnovads.lv\/strencupamatskola\/wp-content\/uploads\/sites\/3\/2026\/01\/DSC_0036-1024x685.jpg 1024w, https:\/\/izglitiba.valmierasnovads.lv\/strencupamatskola\/wp-content\/uploads\/sites\/3\/2026\/01\/DSC_0036-300x201.jpg 300w, https:\/\/izglitiba.valmierasnovads.lv\/strencupamatskola\/wp-content\/uploads\/sites\/3\/2026\/01\/DSC_0036-768x514.jpg 768w, https:\/\/izglitiba.valmierasnovads.lv\/strencupamatskola\/wp-content\/uploads\/sites\/3\/2026\/01\/DSC_0036-1536x1028.jpg 1536w, https:\/\/izglitiba.valmierasnovads.lv\/strencupamatskola\/wp-content\/uploads\/sites\/3\/2026\/01\/DSC_0036.jpg 1600w\" sizes=\"auto, (max-width: 1024px) 100vw, 1024px\" \/><\/div><\/div><\/figure><\/div><\/div><\/li><\/ul><\/div><\/div><\/div><\/div>\n\n\n<ul style=\"font-size:20px;line-height:2.5\" class=\"wp-block-list has--font-size\">\n<li>1908. gad\u0101 nodibin\u0101t\u0101 Br\u012bvpr\u0101t\u012bgo ugunsdz\u0113s\u0113ju biedr\u012bba <strong>1909. gada 10. august\u0101 atver Stren\u010du miesta<\/strong> <strong>element\u0101rskolu<\/strong> ar 3 m\u0101c\u012bbu klas\u0113m. Pirm\u0101 direktore ir <strong>Krist\u012bne Ziedi\u0146a<\/strong>.<\/li>\n\n\n\n<li>1910. gad\u0101 R\u012bgas iel\u0101 11 tiek uzcelta jauna skola. L\u012bdzek\u013cus skolas b\u016bvei devis m\u0101c\u012bbu gr\u0101matu autors un skolot\u0101js trik\u0101tietis<strong> P\u0113teris Abuls<\/strong>, kur\u0161 str\u0101d\u0101jis ar\u012b Stren\u010dos.<\/li>\n\n\n\n<li>1914. gad\u0101 skolu p\u0101rd\u0113v\u0113ja par <strong>\u201e\u0412\u044b\u0441\u0448\u0435\u0435 \u043d\u0430\u0447\u0430\u043b\u044c\u043d\u043e\u0435 \u0443\u0447\u0438\u043b\u0438\u0449\u0435\u201d<\/strong> un m\u0101c\u012bbas 3 gadus notika tikai krievu valod\u0101. Skolas direktors ir <strong>J\u016blijs La\u017ee<\/strong>.<\/li>\n\n\n\n<li>Kad 1918. gada mart\u0101 Stren\u010dos iebr\u016bk v\u0101cu karasp\u0113ks, skola uz gadu tiek p\u0101rd\u0113v\u0113ta par <strong>\u201eSiebenklassige Mittelschule\u201d<\/strong>. M\u0101c\u012bbas notiek v\u0101cu valod\u0101.<\/li>\n\n\n\n<li>20.-30. gados Stren\u010du pamatskol\u0101 m\u0101c\u012bbas notiek latvie\u0161u valod\u0101, skol\u0113nu skaits liels (1928.gad\u0101 p\u0101ri 200 skol\u0113nu). Skol\u0113ni katru gadu akt\u012bvi piedal\u0101s Me\u017ea dien\u0101s, pie skolas tiek izveidots liels aug\u013cu d\u0101rzs. Skolu \u0161ai laik\u0101 vad\u012bju\u0161i direktori <strong>P\u0113teris Me\u017eulis<\/strong> (1919.-1920.), <strong>Eduards Bergs<\/strong> (1920.-1922.), <strong>Aleksandrs Up\u012bts<\/strong> (1922.-1923.), <strong>P\u0113teris Antons <\/strong>(1923.-1933.), <strong>J\u0101nis Vinters<\/strong> (1933.), <strong>D\u0101vis Melb\u0101rdis <\/strong>(1933.-1946.).<\/li>\n\n\n\n<li>1940.\/1941. m\u0101c\u012bbu gad\u0101 skol\u0101 ir da\u017ei pionieri un komjaunie\u0161i. Skol\u0113ni aizraujas ar futbolu, \u0161ahu, dambreti.<\/li>\n\n\n\n<li>2. pasaules kara gados skol\u0101 ir apmetu\u0161ies v\u0101cu karav\u012bri, t\u0101p\u0113c m\u0101c\u012bbas notiek pasta \u0113k\u0101 un veikala telp\u0101s R\u012bgas iel\u0101 5. T\u0101 ir se\u0161klas\u012bg\u0101 tautskola.<\/li>\n\n\n\n<li>Pirmajos p\u0113ckara gados skol\u0101 atkal ir 7 klases. Direktors joproj\u0101m ir <strong>D\u0101vis Melb\u0101rdis<\/strong>. Pie skolas ir B\u0113rnu nams 35 b\u0113rniem, kas kara gados zaud\u0113ju\u0161i vec\u0101kus.<\/li>\n\n\n\n<li>L\u012bdz 1974. gadam darbojas ar\u012b pirm\u0101s \u010detras krievu klases.<\/li>\n\n\n\n<li>No 1950.\/1951. m. g., kad skolas direktore ir <strong>Anna Leite<\/strong>, kura ir ar\u012b prasm\u012bga re\u017eisore, s\u0101kas skol\u0113nu aizrau\u0161an\u0101s ar te\u0101tri.<\/li>\n\n\n\n<li>1953.\/1954. m. g. skolas direktors ir <strong>Sergejs Sali\u0161s<\/strong>.<\/li>\n\n\n\n<li>1954.\/1955. \u2013 1960.\/1961. m. g. direktore ir <strong>Biruta Freimane<\/strong>. S\u0101kas c\u012b\u0146a par vidusskolu, jo skol\u0113nu skaits ir gandr\u012bz tr\u012bs simti.<\/li>\n\n\n\n<li>1957.\/1958. m. g. tiek nodibin\u0101ta Stren\u010du vidusskola, kas past\u0101v l\u012bdz 1962.\/1963.m.g. Stren\u010dos uzplaukst sporto\u0161ana, muzic\u0113\u0161ana, te\u0101tra sp\u0113l\u0113\u0161ana.1961.\/1962.-1962.\/1963. m. g. direktore ir <strong>Velta \u0160\u0137erberga<\/strong>. Skol\u0101 sekm\u012bgi s\u0101k darboties \u0161aha pulci\u0146\u0161. Jauno t\u016bristu salidojum\u0101 ieg\u016bta 2. vieta republik\u0101.<\/li>\n\n\n\n<li>No 1963. l\u012bdz 1997. gadam skolu vada direktori <strong>Anna Brante<\/strong> (1963.\/1964.-1966.\/1967.), <strong>Valdem\u0101rs P\u0113tersons <\/strong>(1968.\/1968.-1968.\/1969.), <strong>J\u0101nis Ozoli\u0146\u0161<\/strong> (1969.\/1970.), <strong>Laimons Vanags<\/strong> (1970.\/1971.-1996.\/1997.).<\/li>\n\n\n\n<li>1992. gad\u0101 nodeg vec\u0101 skola. Ir cer\u012bbas tikt pie jaunas.<\/li>\n\n\n\n<li><strong>Jaun\u0101 skola atkl\u0101ta 1999. gad\u0101.<\/strong> No 1997.\/1998. m. g. l\u012bdz 2009.\/2010. m. g. skolas direktors ir <strong>J\u0101nis P\u0113tersons<\/strong>. Jaunaj\u0101 skol\u0101 ir gai\u0161as m\u0101j\u012bgas klases, pla\u0161a moderna sporta z\u0101le, labiek\u0101rtots intern\u0101ts, \u0113dn\u012bca.<\/li>\n\n\n\n<li>No 1999.\/2000. m. g. atkal past\u0101v Stren\u010du vidusskola, kur\u0101 m\u0101c\u0101s skol\u0113ni no pla\u0161a apk\u0101rtnes \u2013 Valkas, Smiltenes, Valmieras, \u0112veles, J\u0113rc\u0113niem, Trik\u0101tas, Sedas, Pl\u0101\u0146iem un cit\u0101m viet\u0101m.<\/li>\n\n\n\n<li>Ar 2009. gada septembri skola tiek reorganiz\u0113ta par <strong>Stren\u010du novada vidusskolu<\/strong>. Skolas fili\u0101les atrodas Sed\u0101 un Pl\u0101\u0146os.<\/li>\n\n\n\n<li>No 2009. gada septembra direktora vietas izpild\u012bt\u0101ja ir <strong>Li\u0101na Viduce<\/strong>.<\/li>\n\n\n\n<li class=\"has-medium-font-size\">No 2010. gada apr\u012b\u013ca skolu vada direktore <strong>Dace Gaigala<\/strong>.<\/li>\n\n\n\n<li>2014. gada j\u016bnij\u0101 m\u0101c\u012bbas tiek p\u0101rtrauktas Pl\u0101\u0146u fili\u0101l\u0113.<\/li>\n\n\n\n<li>2024.gada august\u0101 l\u012bdz ar absolventu salidojumu m\u0101c\u012bbas tiek p\u0101rtrauktas Sedas skol\u0101. \u0112k\u0101 tiek veikta renov\u0101cija un taj\u0101 turpina darboties vair\u0101kas pa\u0161vald\u012bbas dibin\u0101t\u0101s iest\u0101des.<\/li>\n<\/ul>\n\n\n\n<p><\/p>\n","protected":false},"excerpt":{"rendered":"","protected":false},"author":5,"featured_media":0,"parent":0,"menu_order":0,"comment_status":"closed","ping_status":"closed","template":"","meta":{"_acf_changed":false,"site-sidebar-layout":"default","site-content-layout":"","ast-site-content-layout":"default","site-content-style":"default","site-sidebar-style":"default","ast-global-header-display":"","ast-banner-title-visibility":"","ast-main-header-display":"","ast-hfb-above-header-display":"","ast-hfb-below-header-display":"","ast-hfb-mobile-header-display":"","site-post-title":"","ast-breadcrumbs-content":"","ast-featured-img":"","footer-sml-layout":"","ast-disable-related-posts":"","theme-transparent-header-meta":"","adv-header-id-meta":"","stick-header-meta":"","header-above-stick-meta":"","header-main-stick-meta":"","header-below-stick-meta":"","astra-migrate-meta-layouts":"default","ast-page-background-enabled":"default","ast-page-background-meta":{"desktop":{"background-color":"var(--ast-global-color-4)","background-image":"","background-repeat":"repeat","background-position":"center center","background-size":"auto","background-attachment":"scroll","background-type":"","background-media":"","overlay-type":"","overlay-color":"","overlay-opacity":"","overlay-gradient":""},"tablet":{"background-color":"","background-image":"","background-repeat":"repeat","background-position":"center center","background-size":"auto","background-attachment":"scroll","background-type":"","background-media":"","overlay-type":"","overlay-color":"","overlay-opacity":"","overlay-gradient":""},"mobile":{"background-color":"","background-image":"","background-repeat":"repeat","background-position":"center center","background-size":"auto","background-attachment":"scroll","background-type":"","background-media":"","overlay-type":"","overlay-color":"","overlay-opacity":"","overlay-gradient":""}},"ast-content-background-meta":{"desktop":{"background-color":"var(--ast-global-color-5)","background-image":"","background-repeat":"repeat","background-position":"center center","background-size":"auto","background-attachment":"scroll","background-type":"","background-media":"","overlay-type":"","overlay-color":"","overlay-opacity":"","overlay-gradient":""},"tablet":{"background-color":"var(--ast-global-color-5)","background-image":"","background-repeat":"repeat","background-position":"center center","background-size":"auto","background-attachment":"scroll","background-type":"","background-media":"","overlay-type":"","overlay-color":"","overlay-opacity":"","overlay-gradient":""},"mobile":{"background-color":"var(--ast-global-color-5)","background-image":"","background-repeat":"repeat","background-position":"center center","background-size":"auto","background-attachment":"scroll","background-type":"","background-media":"","overlay-type":"","overlay-color":"","overlay-opacity":"","overlay-gradient":""}},"footnotes":""},"class_list":["post-448","page","type-page","status-publish","hentry"],"acf":[],"yoast_head":"<!-- This site is optimized with the Yoast SEO plugin v27.0 - https:\/\/yoast.com\/product\/yoast-seo-wordpress\/ -->\n<title>Skolas v\u0113sture - Stren\u010du pamatskola<\/title>\n<meta name=\"robots\" content=\"index, follow, max-snippet:-1, max-image-preview:large, max-video-preview:-1\" \/>\n<link rel=\"canonical\" href=\"https:\/\/izglitiba.valmierasnovads.lv\/strencupamatskola\/skolas-vesture-2\/\" \/>\n<meta property=\"og:locale\" content=\"lv_LV\" \/>\n<meta property=\"og:type\" content=\"article\" \/>\n<meta property=\"og:title\" content=\"Skolas v\u0113sture - Stren\u010du pamatskola\" \/>\n<meta property=\"og:url\" content=\"https:\/\/izglitiba.valmierasnovads.lv\/strencupamatskola\/skolas-vesture-2\/\" \/>\n<meta property=\"og:site_name\" content=\"Stren\u010du pamatskola\" \/>\n<meta property=\"article:modified_time\" content=\"2026-01-23T13:17:17+00:00\" \/>\n<meta name=\"twitter:card\" content=\"summary_large_image\" \/>\n<meta name=\"twitter:label1\" content=\"Est. reading time\" \/>\n\t<meta name=\"twitter:data1\" content=\"3 min\u016btes\" \/>\n<script type=\"application\/ld+json\" class=\"yoast-schema-graph\">{\"@context\":\"https:\/\/schema.org\",\"@graph\":[{\"@type\":\"WebPage\",\"@id\":\"https:\/\/izglitiba.valmierasnovads.lv\/strencupamatskola\/skolas-vesture-2\/\",\"url\":\"https:\/\/izglitiba.valmierasnovads.lv\/strencupamatskola\/skolas-vesture-2\/\",\"name\":\"Skolas v\u0113sture - Stren\u010du pamatskola\",\"isPartOf\":{\"@id\":\"https:\/\/izglitiba.valmierasnovads.lv\/strencupamatskola\/#website\"},\"datePublished\":\"2026-01-21T18:12:13+00:00\",\"dateModified\":\"2026-01-23T13:17:17+00:00\",\"breadcrumb\":{\"@id\":\"https:\/\/izglitiba.valmierasnovads.lv\/strencupamatskola\/skolas-vesture-2\/#breadcrumb\"},\"inLanguage\":\"lv-LV\",\"potentialAction\":[{\"@type\":\"ReadAction\",\"target\":[\"https:\/\/izglitiba.valmierasnovads.lv\/strencupamatskola\/skolas-vesture-2\/\"]}]},{\"@type\":\"BreadcrumbList\",\"@id\":\"https:\/\/izglitiba.valmierasnovads.lv\/strencupamatskola\/skolas-vesture-2\/#breadcrumb\",\"itemListElement\":[{\"@type\":\"ListItem\",\"position\":1,\"name\":\"Home\",\"item\":\"https:\/\/izglitiba.valmierasnovads.lv\/strencupamatskola\/\"},{\"@type\":\"ListItem\",\"position\":2,\"name\":\"Skolas v\u0113sture\"}]},{\"@type\":\"WebSite\",\"@id\":\"https:\/\/izglitiba.valmierasnovads.lv\/strencupamatskola\/#website\",\"url\":\"https:\/\/izglitiba.valmierasnovads.lv\/strencupamatskola\/\",\"name\":\"Stren\u010du pamatskola\",\"description\":\"\",\"publisher\":{\"@id\":\"https:\/\/izglitiba.valmierasnovads.lv\/strencupamatskola\/#organization\"},\"potentialAction\":[{\"@type\":\"SearchAction\",\"target\":{\"@type\":\"EntryPoint\",\"urlTemplate\":\"https:\/\/izglitiba.valmierasnovads.lv\/strencupamatskola\/?s={search_term_string}\"},\"query-input\":{\"@type\":\"PropertyValueSpecification\",\"valueRequired\":true,\"valueName\":\"search_term_string\"}}],\"inLanguage\":\"lv-LV\"},{\"@type\":\"Organization\",\"@id\":\"https:\/\/izglitiba.valmierasnovads.lv\/strencupamatskola\/#organization\",\"name\":\"Stren\u010du pamatskola\",\"url\":\"https:\/\/izglitiba.valmierasnovads.lv\/strencupamatskola\/\",\"logo\":{\"@type\":\"ImageObject\",\"inLanguage\":\"lv-LV\",\"@id\":\"https:\/\/izglitiba.valmierasnovads.lv\/strencupamatskola\/#\/schema\/logo\/image\/\",\"url\":\"https:\/\/izglitiba.valmierasnovads.lv\/strencupamatskola\/wp-content\/uploads\/sites\/3\/2025\/03\/cropped-1-removebg-preview.png\",\"contentUrl\":\"https:\/\/izglitiba.valmierasnovads.lv\/strencupamatskola\/wp-content\/uploads\/sites\/3\/2025\/03\/cropped-1-removebg-preview.png\",\"width\":326,\"height\":312,\"caption\":\"Stren\u010du pamatskola\"},\"image\":{\"@id\":\"https:\/\/izglitiba.valmierasnovads.lv\/strencupamatskola\/#\/schema\/logo\/image\/\"}}]}<\/script>\n<!-- \/ Yoast SEO plugin. -->","yoast_head_json":{"title":"Skolas v\u0113sture - Stren\u010du pamatskola","robots":{"index":"index","follow":"follow","max-snippet":"max-snippet:-1","max-image-preview":"max-image-preview:large","max-video-preview":"max-video-preview:-1"},"canonical":"https:\/\/izglitiba.valmierasnovads.lv\/strencupamatskola\/skolas-vesture-2\/","og_locale":"lv_LV","og_type":"article","og_title":"Skolas v\u0113sture - Stren\u010du pamatskola","og_url":"https:\/\/izglitiba.valmierasnovads.lv\/strencupamatskola\/skolas-vesture-2\/","og_site_name":"Stren\u010du pamatskola","article_modified_time":"2026-01-23T13:17:17+00:00","twitter_card":"summary_large_image","twitter_misc":{"Est. reading time":"3 min\u016btes"},"schema":{"@context":"https:\/\/schema.org","@graph":[{"@type":"WebPage","@id":"https:\/\/izglitiba.valmierasnovads.lv\/strencupamatskola\/skolas-vesture-2\/","url":"https:\/\/izglitiba.valmierasnovads.lv\/strencupamatskola\/skolas-vesture-2\/","name":"Skolas v\u0113sture - Stren\u010du pamatskola","isPartOf":{"@id":"https:\/\/izglitiba.valmierasnovads.lv\/strencupamatskola\/#website"},"datePublished":"2026-01-21T18:12:13+00:00","dateModified":"2026-01-23T13:17:17+00:00","breadcrumb":{"@id":"https:\/\/izglitiba.valmierasnovads.lv\/strencupamatskola\/skolas-vesture-2\/#breadcrumb"},"inLanguage":"lv-LV","potentialAction":[{"@type":"ReadAction","target":["https:\/\/izglitiba.valmierasnovads.lv\/strencupamatskola\/skolas-vesture-2\/"]}]},{"@type":"BreadcrumbList","@id":"https:\/\/izglitiba.valmierasnovads.lv\/strencupamatskola\/skolas-vesture-2\/#breadcrumb","itemListElement":[{"@type":"ListItem","position":1,"name":"Home","item":"https:\/\/izglitiba.valmierasnovads.lv\/strencupamatskola\/"},{"@type":"ListItem","position":2,"name":"Skolas v\u0113sture"}]},{"@type":"WebSite","@id":"https:\/\/izglitiba.valmierasnovads.lv\/strencupamatskola\/#website","url":"https:\/\/izglitiba.valmierasnovads.lv\/strencupamatskola\/","name":"Stren\u010du pamatskola","description":"","publisher":{"@id":"https:\/\/izglitiba.valmierasnovads.lv\/strencupamatskola\/#organization"},"potentialAction":[{"@type":"SearchAction","target":{"@type":"EntryPoint","urlTemplate":"https:\/\/izglitiba.valmierasnovads.lv\/strencupamatskola\/?s={search_term_string}"},"query-input":{"@type":"PropertyValueSpecification","valueRequired":true,"valueName":"search_term_string"}}],"inLanguage":"lv-LV"},{"@type":"Organization","@id":"https:\/\/izglitiba.valmierasnovads.lv\/strencupamatskola\/#organization","name":"Stren\u010du pamatskola","url":"https:\/\/izglitiba.valmierasnovads.lv\/strencupamatskola\/","logo":{"@type":"ImageObject","inLanguage":"lv-LV","@id":"https:\/\/izglitiba.valmierasnovads.lv\/strencupamatskola\/#\/schema\/logo\/image\/","url":"https:\/\/izglitiba.valmierasnovads.lv\/strencupamatskola\/wp-content\/uploads\/sites\/3\/2025\/03\/cropped-1-removebg-preview.png","contentUrl":"https:\/\/izglitiba.valmierasnovads.lv\/strencupamatskola\/wp-content\/uploads\/sites\/3\/2025\/03\/cropped-1-removebg-preview.png","width":326,"height":312,"caption":"Stren\u010du pamatskola"},"image":{"@id":"https:\/\/izglitiba.valmierasnovads.lv\/strencupamatskola\/#\/schema\/logo\/image\/"}}]}},"_links":{"self":[{"href":"https:\/\/izglitiba.valmierasnovads.lv\/strencupamatskola\/wp-json\/wp\/v2\/pages\/448","targetHints":{"allow":["GET"]}}],"collection":[{"href":"https:\/\/izglitiba.valmierasnovads.lv\/strencupamatskola\/wp-json\/wp\/v2\/pages"}],"about":[{"href":"https:\/\/izglitiba.valmierasnovads.lv\/strencupamatskola\/wp-json\/wp\/v2\/types\/page"}],"author":[{"embeddable":true,"href":"https:\/\/izglitiba.valmierasnovads.lv\/strencupamatskola\/wp-json\/wp\/v2\/users\/5"}],"replies":[{"embeddable":true,"href":"https:\/\/izglitiba.valmierasnovads.lv\/strencupamatskola\/wp-json\/wp\/v2\/comments?post=448"}],"version-history":[{"count":13,"href":"https:\/\/izglitiba.valmierasnovads.lv\/strencupamatskola\/wp-json\/wp\/v2\/pages\/448\/revisions"}],"predecessor-version":[{"id":536,"href":"https:\/\/izglitiba.valmierasnovads.lv\/strencupamatskola\/wp-json\/wp\/v2\/pages\/448\/revisions\/536"}],"wp:attachment":[{"href":"https:\/\/izglitiba.valmierasnovads.lv\/strencupamatskola\/wp-json\/wp\/v2\/media?parent=448"}],"curies":[{"name":"wp","href":"https:\/\/api.w.org\/{rel}","templated":true}]}}