{"id":625,"date":"2026-01-30T17:25:31","date_gmt":"2026-01-30T15:25:31","guid":{"rendered":"https:\/\/izglitiba.valmierasnovads.lv\/strencupamatskola\/?page_id=625"},"modified":"2026-01-30T17:25:31","modified_gmt":"2026-01-30T15:25:31","slug":"karjeras-izglitiba","status":"publish","type":"page","link":"https:\/\/izglitiba.valmierasnovads.lv\/strencupamatskola\/karjeras-izglitiba\/","title":{"rendered":"Karjeras izgl\u012bt\u012bba"},"content":{"rendered":"","protected":false},"excerpt":{"rendered":"","protected":false},"author":5,"featured_media":0,"parent":0,"menu_order":0,"comment_status":"closed","ping_status":"closed","template":"","meta":{"_acf_changed":false,"site-sidebar-layout":"default","site-content-layout":"","ast-site-content-layout":"default","site-content-style":"default","site-sidebar-style":"default","ast-global-header-display":"","ast-banner-title-visibility":"","ast-main-header-display":"","ast-hfb-above-header-display":"","ast-hfb-below-header-display":"","ast-hfb-mobile-header-display":"","site-post-title":"","ast-breadcrumbs-content":"","ast-featured-img":"","footer-sml-layout":"","ast-disable-related-posts":"","theme-transparent-header-meta":"","adv-header-id-meta":"","stick-header-meta":"","header-above-stick-meta":"","header-main-stick-meta":"","header-below-stick-meta":"","astra-migrate-meta-layouts":"default","ast-page-background-enabled":"default","ast-page-background-meta":{"desktop":{"background-color":"var(--ast-global-color-4)","background-image":"","background-repeat":"repeat","background-position":"center center","background-size":"auto","background-attachment":"scroll","background-type":"","background-media":"","overlay-type":"","overlay-color":"","overlay-opacity":"","overlay-gradient":""},"tablet":{"background-color":"","background-image":"","background-repeat":"repeat","background-position":"center center","background-size":"auto","background-attachment":"scroll","background-type":"","background-media":"","overlay-type":"","overlay-color":"","overlay-opacity":"","overlay-gradient":""},"mobile":{"background-color":"","background-image":"","background-repeat":"repeat","background-position":"center center","background-size":"auto","background-attachment":"scroll","background-type":"","background-media":"","overlay-type":"","overlay-color":"","overlay-opacity":"","overlay-gradient":""}},"ast-content-background-meta":{"desktop":{"background-color":"var(--ast-global-color-5)","background-image":"","background-repeat":"repeat","background-position":"center center","background-size":"auto","background-attachment":"scroll","background-type":"","background-media":"","overlay-type":"","overlay-color":"","overlay-opacity":"","overlay-gradient":""},"tablet":{"background-color":"var(--ast-global-color-5)","background-image":"","background-repeat":"repeat","background-position":"center center","background-size":"auto","background-attachment":"scroll","background-type":"","background-media":"","overlay-type":"","overlay-color":"","overlay-opacity":"","overlay-gradient":""},"mobile":{"background-color":"var(--ast-global-color-5)","background-image":"","background-repeat":"repeat","background-position":"center center","background-size":"auto","background-attachment":"scroll","background-type":"","background-media":"","overlay-type":"","overlay-color":"","overlay-opacity":"","overlay-gradient":""}},"footnotes":""},"class_list":["post-625","page","type-page","status-publish","hentry"],"acf":[],"yoast_head":"<!-- This site is optimized with the Yoast SEO plugin v27.0 - https:\/\/yoast.com\/product\/yoast-seo-wordpress\/ -->\n<title>Karjeras izgl\u012bt\u012bba - Stren\u010du pamatskola<\/title>\n<meta name=\"robots\" content=\"index, follow, max-snippet:-1, max-image-preview:large, max-video-preview:-1\" \/>\n<link rel=\"canonical\" href=\"https:\/\/izglitiba.valmierasnovads.lv\/strencupamatskola\/karjeras-izglitiba\/\" \/>\n<meta property=\"og:locale\" content=\"lv_LV\" \/>\n<meta property=\"og:type\" content=\"article\" \/>\n<meta property=\"og:title\" content=\"Karjeras izgl\u012bt\u012bba - Stren\u010du pamatskola\" \/>\n<meta property=\"og:url\" content=\"https:\/\/izglitiba.valmierasnovads.lv\/strencupamatskola\/karjeras-izglitiba\/\" \/>\n<meta property=\"og:site_name\" content=\"Stren\u010du pamatskola\" \/>\n<meta name=\"twitter:card\" content=\"summary_large_image\" \/>\n<script type=\"application\/ld+json\" class=\"yoast-schema-graph\">{\"@context\":\"https:\/\/schema.org\",\"@graph\":[{\"@type\":\"WebPage\",\"@id\":\"https:\/\/izglitiba.valmierasnovads.lv\/strencupamatskola\/karjeras-izglitiba\/\",\"url\":\"https:\/\/izglitiba.valmierasnovads.lv\/strencupamatskola\/karjeras-izglitiba\/\",\"name\":\"Karjeras izgl\u012bt\u012bba - Stren\u010du pamatskola\",\"isPartOf\":{\"@id\":\"https:\/\/izglitiba.valmierasnovads.lv\/strencupamatskola\/#website\"},\"datePublished\":\"2026-01-30T15:25:31+00:00\",\"breadcrumb\":{\"@id\":\"https:\/\/izglitiba.valmierasnovads.lv\/strencupamatskola\/karjeras-izglitiba\/#breadcrumb\"},\"inLanguage\":\"lv-LV\",\"potentialAction\":[{\"@type\":\"ReadAction\",\"target\":[\"https:\/\/izglitiba.valmierasnovads.lv\/strencupamatskola\/karjeras-izglitiba\/\"]}]},{\"@type\":\"BreadcrumbList\",\"@id\":\"https:\/\/izglitiba.valmierasnovads.lv\/strencupamatskola\/karjeras-izglitiba\/#breadcrumb\",\"itemListElement\":[{\"@type\":\"ListItem\",\"position\":1,\"name\":\"Home\",\"item\":\"https:\/\/izglitiba.valmierasnovads.lv\/strencupamatskola\/\"},{\"@type\":\"ListItem\",\"position\":2,\"name\":\"Karjeras izgl\u012bt\u012bba\"}]},{\"@type\":\"WebSite\",\"@id\":\"https:\/\/izglitiba.valmierasnovads.lv\/strencupamatskola\/#website\",\"url\":\"https:\/\/izglitiba.valmierasnovads.lv\/strencupamatskola\/\",\"name\":\"Stren\u010du pamatskola\",\"description\":\"\",\"publisher\":{\"@id\":\"https:\/\/izglitiba.valmierasnovads.lv\/strencupamatskola\/#organization\"},\"potentialAction\":[{\"@type\":\"SearchAction\",\"target\":{\"@type\":\"EntryPoint\",\"urlTemplate\":\"https:\/\/izglitiba.valmierasnovads.lv\/strencupamatskola\/?s={search_term_string}\"},\"query-input\":{\"@type\":\"PropertyValueSpecification\",\"valueRequired\":true,\"valueName\":\"search_term_string\"}}],\"inLanguage\":\"lv-LV\"},{\"@type\":\"Organization\",\"@id\":\"https:\/\/izglitiba.valmierasnovads.lv\/strencupamatskola\/#organization\",\"name\":\"Stren\u010du pamatskola\",\"url\":\"https:\/\/izglitiba.valmierasnovads.lv\/strencupamatskola\/\",\"logo\":{\"@type\":\"ImageObject\",\"inLanguage\":\"lv-LV\",\"@id\":\"https:\/\/izglitiba.valmierasnovads.lv\/strencupamatskola\/#\/schema\/logo\/image\/\",\"url\":\"https:\/\/izglitiba.valmierasnovads.lv\/strencupamatskola\/wp-content\/uploads\/sites\/3\/2025\/03\/cropped-1-removebg-preview.png\",\"contentUrl\":\"https:\/\/izglitiba.valmierasnovads.lv\/strencupamatskola\/wp-content\/uploads\/sites\/3\/2025\/03\/cropped-1-removebg-preview.png\",\"width\":326,\"height\":312,\"caption\":\"Stren\u010du pamatskola\"},\"image\":{\"@id\":\"https:\/\/izglitiba.valmierasnovads.lv\/strencupamatskola\/#\/schema\/logo\/image\/\"}}]}<\/script>\n<!-- \/ Yoast SEO plugin. -->","yoast_head_json":{"title":"Karjeras izgl\u012bt\u012bba - Stren\u010du pamatskola","robots":{"index":"index","follow":"follow","max-snippet":"max-snippet:-1","max-image-preview":"max-image-preview:large","max-video-preview":"max-video-preview:-1"},"canonical":"https:\/\/izglitiba.valmierasnovads.lv\/strencupamatskola\/karjeras-izglitiba\/","og_locale":"lv_LV","og_type":"article","og_title":"Karjeras izgl\u012bt\u012bba - Stren\u010du pamatskola","og_url":"https:\/\/izglitiba.valmierasnovads.lv\/strencupamatskola\/karjeras-izglitiba\/","og_site_name":"Stren\u010du pamatskola","twitter_card":"summary_large_image","schema":{"@context":"https:\/\/schema.org","@graph":[{"@type":"WebPage","@id":"https:\/\/izglitiba.valmierasnovads.lv\/strencupamatskola\/karjeras-izglitiba\/","url":"https:\/\/izglitiba.valmierasnovads.lv\/strencupamatskola\/karjeras-izglitiba\/","name":"Karjeras izgl\u012bt\u012bba - Stren\u010du pamatskola","isPartOf":{"@id":"https:\/\/izglitiba.valmierasnovads.lv\/strencupamatskola\/#website"},"datePublished":"2026-01-30T15:25:31+00:00","breadcrumb":{"@id":"https:\/\/izglitiba.valmierasnovads.lv\/strencupamatskola\/karjeras-izglitiba\/#breadcrumb"},"inLanguage":"lv-LV","potentialAction":[{"@type":"ReadAction","target":["https:\/\/izglitiba.valmierasnovads.lv\/strencupamatskola\/karjeras-izglitiba\/"]}]},{"@type":"BreadcrumbList","@id":"https:\/\/izglitiba.valmierasnovads.lv\/strencupamatskola\/karjeras-izglitiba\/#breadcrumb","itemListElement":[{"@type":"ListItem","position":1,"name":"Home","item":"https:\/\/izglitiba.valmierasnovads.lv\/strencupamatskola\/"},{"@type":"ListItem","position":2,"name":"Karjeras izgl\u012bt\u012bba"}]},{"@type":"WebSite","@id":"https:\/\/izglitiba.valmierasnovads.lv\/strencupamatskola\/#website","url":"https:\/\/izglitiba.valmierasnovads.lv\/strencupamatskola\/","name":"Stren\u010du pamatskola","description":"","publisher":{"@id":"https:\/\/izglitiba.valmierasnovads.lv\/strencupamatskola\/#organization"},"potentialAction":[{"@type":"SearchAction","target":{"@type":"EntryPoint","urlTemplate":"https:\/\/izglitiba.valmierasnovads.lv\/strencupamatskola\/?s={search_term_string}"},"query-input":{"@type":"PropertyValueSpecification","valueRequired":true,"valueName":"search_term_string"}}],"inLanguage":"lv-LV"},{"@type":"Organization","@id":"https:\/\/izglitiba.valmierasnovads.lv\/strencupamatskola\/#organization","name":"Stren\u010du pamatskola","url":"https:\/\/izglitiba.valmierasnovads.lv\/strencupamatskola\/","logo":{"@type":"ImageObject","inLanguage":"lv-LV","@id":"https:\/\/izglitiba.valmierasnovads.lv\/strencupamatskola\/#\/schema\/logo\/image\/","url":"https:\/\/izglitiba.valmierasnovads.lv\/strencupamatskola\/wp-content\/uploads\/sites\/3\/2025\/03\/cropped-1-removebg-preview.png","contentUrl":"https:\/\/izglitiba.valmierasnovads.lv\/strencupamatskola\/wp-content\/uploads\/sites\/3\/2025\/03\/cropped-1-removebg-preview.png","width":326,"height":312,"caption":"Stren\u010du pamatskola"},"image":{"@id":"https:\/\/izglitiba.valmierasnovads.lv\/strencupamatskola\/#\/schema\/logo\/image\/"}}]}},"_links":{"self":[{"href":"https:\/\/izglitiba.valmierasnovads.lv\/strencupamatskola\/wp-json\/wp\/v2\/pages\/625","targetHints":{"allow":["GET"]}}],"collection":[{"href":"https:\/\/izglitiba.valmierasnovads.lv\/strencupamatskola\/wp-json\/wp\/v2\/pages"}],"about":[{"href":"https:\/\/izglitiba.valmierasnovads.lv\/strencupamatskola\/wp-json\/wp\/v2\/types\/page"}],"author":[{"embeddable":true,"href":"https:\/\/izglitiba.valmierasnovads.lv\/strencupamatskola\/wp-json\/wp\/v2\/users\/5"}],"replies":[{"embeddable":true,"href":"https:\/\/izglitiba.valmierasnovads.lv\/strencupamatskola\/wp-json\/wp\/v2\/comments?post=625"}],"version-history":[{"count":1,"href":"https:\/\/izglitiba.valmierasnovads.lv\/strencupamatskola\/wp-json\/wp\/v2\/pages\/625\/revisions"}],"predecessor-version":[{"id":626,"href":"https:\/\/izglitiba.valmierasnovads.lv\/strencupamatskola\/wp-json\/wp\/v2\/pages\/625\/revisions\/626"}],"wp:attachment":[{"href":"https:\/\/izglitiba.valmierasnovads.lv\/strencupamatskola\/wp-json\/wp\/v2\/media?parent=625"}],"curies":[{"name":"wp","href":"https:\/\/api.w.org\/{rel}","templated":true}]}}