{"id":641,"date":"2026-02-03T19:44:40","date_gmt":"2026-02-03T17:44:40","guid":{"rendered":"https:\/\/izglitiba.valmierasnovads.lv\/strencupamatskola\/?page_id=641"},"modified":"2026-03-27T14:44:32","modified_gmt":"2026-03-27T12:44:32","slug":"musu-sasniegumi","status":"publish","type":"page","link":"https:\/\/izglitiba.valmierasnovads.lv\/strencupamatskola\/musu-sasniegumi\/","title":{"rendered":"M\u016bsu sasniegumi"},"content":{"rendered":"\n<p class=\"has-ast-global-color-4-background-color has-background has-medium-font-size\" style=\"padding-top:var(--wp--preset--spacing--30);padding-right:0;padding-bottom:var(--wp--preset--spacing--30);padding-left:0\"><strong>VALSTS ANG\u013bU VALODAS OLIMPI\u0100DE<\/strong><\/p>\n\n\n\n<div class=\"wp-block-media-text is-stacked-on-mobile\" style=\"grid-template-columns:35% auto\"><figure class=\"wp-block-media-text__media\"><img loading=\"lazy\" decoding=\"async\" width=\"940\" height=\"788\" src=\"https:\/\/izglitiba.valmierasnovads.lv\/strencupamatskola\/wp-content\/uploads\/sites\/3\/2026\/03\/anglu_val_Davis_valst.png\" alt=\"\" class=\"wp-image-796 size-full\" srcset=\"https:\/\/izglitiba.valmierasnovads.lv\/strencupamatskola\/wp-content\/uploads\/sites\/3\/2026\/03\/anglu_val_Davis_valst.png 940w, https:\/\/izglitiba.valmierasnovads.lv\/strencupamatskola\/wp-content\/uploads\/sites\/3\/2026\/03\/anglu_val_Davis_valst-300x251.png 300w, https:\/\/izglitiba.valmierasnovads.lv\/strencupamatskola\/wp-content\/uploads\/sites\/3\/2026\/03\/anglu_val_Davis_valst-768x644.png 768w\" sizes=\"auto, (max-width: 940px) 100vw, 940px\" \/><\/figure><div class=\"wp-block-media-text__content\">\n<p><strong>Lepojamies ar izcilu sasniegumu ang\u013cu valodas olimpi\u0101d\u0113<\/strong><\/p>\n\n\n\n<p>Ar lielu prieku un lepnumu sveicam m\u016bsu skolas <strong>9. klases skol\u0113nu D\u0101vi Joni\u0146u<\/strong>, kur\u0161 <strong>valsts ang\u013cu valodas olimpi\u0101d\u0113 ieguvis 1. vietu<\/strong>, sasniedzot <strong>maksim\u0101lo punktu skaitu<\/strong>.<\/p>\n\n\n\n<p>\u0160is izcilais pan\u0101kums apliecina D\u0101vja \u013coti augsto zin\u0101\u0161anu l\u012bmeni, m\u0113r\u0137tiec\u012bbu, neatlaid\u012bbu un sp\u0113ju izcili par\u0101d\u012bt savas prasmes valsts m\u0113rog\u0101. Tik augsts rezult\u0101ts ir noz\u012bm\u012bgs sasniegums gan pa\u0161am skol\u0113nam, gan visai m\u016bsu skolas saimei.<\/p>\n\n\n\n<p>Sirsn\u012bgi sveicam D\u0101vi ar \u0161o iev\u0113rojamo pan\u0101kumu un izsak\u0101m pateic\u012bbu ar\u012b pedagogiem un \u0123imenei par ieguld\u012bto darbu, atbalstu un iedro\u0161in\u0101jumu ce\u013c\u0101 uz izcil\u012bbu.<\/p>\n<\/div><\/div>\n\n\n\n<p class=\"has-ast-global-color-4-background-color has-background has-medium-font-size\" style=\"padding-top:var(--wp--preset--spacing--30);padding-right:0;padding-bottom:var(--wp--preset--spacing--30);padding-left:0\"><strong>VALMIERAS NOVADA MATEM\u0100TIKAS OLIMPI\u0100DE<\/strong><\/p>\n\n\n\n<div class=\"wp-block-media-text is-stacked-on-mobile\" style=\"grid-template-columns:35% auto\"><figure class=\"wp-block-media-text__media\"><img loading=\"lazy\" decoding=\"async\" width=\"940\" height=\"788\" src=\"https:\/\/izglitiba.valmierasnovads.lv\/strencupamatskola\/wp-content\/uploads\/sites\/3\/2026\/03\/matematikas-olimpiade-1.png\" alt=\"\" class=\"wp-image-766 size-full\" srcset=\"https:\/\/izglitiba.valmierasnovads.lv\/strencupamatskola\/wp-content\/uploads\/sites\/3\/2026\/03\/matematikas-olimpiade-1.png 940w, https:\/\/izglitiba.valmierasnovads.lv\/strencupamatskola\/wp-content\/uploads\/sites\/3\/2026\/03\/matematikas-olimpiade-1-300x251.png 300w, https:\/\/izglitiba.valmierasnovads.lv\/strencupamatskola\/wp-content\/uploads\/sites\/3\/2026\/03\/matematikas-olimpiade-1-768x644.png 768w\" sizes=\"auto, (max-width: 940px) 100vw, 940px\" \/><\/figure><div class=\"wp-block-media-text__content\">\n<p>Sveicam 7.klases skol\u0113nu Reini ar ieg\u016bto ATZIN\u012aBU Valmieras novada matem\u0101tikas olimpi\u0101d\u0113!<\/p>\n\n\n\n<p>Sagatavoties olimpi\u0101dei pal\u012bdz\u0113ja skolot\u0101ja Gunta Jansone un l\u012bdzdal\u012bba Vidzemes matem\u0101ti\u0137u skol\u0101.<\/p>\n<\/div><\/div>\n\n\n\n<p class=\"has-ast-global-color-4-background-color has-background has-medium-font-size\" style=\"padding-top:var(--wp--preset--spacing--30);padding-right:0;padding-bottom:var(--wp--preset--spacing--30);padding-left:0\"><strong>VALMIERAS NOVADA ANG\u013bU VALODAS OLIMPI\u0100DE<\/strong><\/p>\n\n\n\n<div class=\"wp-block-media-text is-stacked-on-mobile\" style=\"grid-template-columns:35% auto\"><figure class=\"wp-block-media-text__media\"><img loading=\"lazy\" decoding=\"async\" width=\"940\" height=\"788\" src=\"https:\/\/izglitiba.valmierasnovads.lv\/strencupamatskola\/wp-content\/uploads\/sites\/3\/2026\/03\/Facebook-1.png\" alt=\"\" class=\"wp-image-760 size-full\" srcset=\"https:\/\/izglitiba.valmierasnovads.lv\/strencupamatskola\/wp-content\/uploads\/sites\/3\/2026\/03\/Facebook-1.png 940w, https:\/\/izglitiba.valmierasnovads.lv\/strencupamatskola\/wp-content\/uploads\/sites\/3\/2026\/03\/Facebook-1-300x251.png 300w, https:\/\/izglitiba.valmierasnovads.lv\/strencupamatskola\/wp-content\/uploads\/sites\/3\/2026\/03\/Facebook-1-768x644.png 768w\" sizes=\"auto, (max-width: 940px) 100vw, 940px\" \/><\/figure><div class=\"wp-block-media-text__content\">\n<p>Sveicam 9. klases skol\u0113nu D\u0101vi ar ieg\u016bto 1. vietu ang\u013cu valodas olimpi\u0101d\u0113!<\/p>\n\n\n\n<p>Tur\u0113sim \u012bk\u0161\u0137us dal\u012bbai olimpi\u0101des 3. posm\u0101 valst\u012b. Lepojamies!<\/p>\n<\/div><\/div>\n\n\n\n<p class=\"has-ast-global-color-4-background-color has-background has-medium-font-size\" style=\"padding-top:var(--wp--preset--spacing--30);padding-right:0;padding-bottom:var(--wp--preset--spacing--30);padding-left:0\"><strong>VALMIERAS NOVADA LATVIE\u0160U VALODAS UN LITERAT\u016aRAS OLIMPI\u0100DE<\/strong><\/p>\n\n\n\n<div class=\"wp-block-media-text is-stacked-on-mobile\" style=\"grid-template-columns:35% auto\"><figure class=\"wp-block-media-text__media\"><img loading=\"lazy\" decoding=\"async\" width=\"940\" height=\"788\" src=\"https:\/\/izglitiba.valmierasnovads.lv\/strencupamatskola\/wp-content\/uploads\/sites\/3\/2026\/02\/latviesu-valodas-olimpiade.png\" alt=\"\" class=\"wp-image-726 size-full\" srcset=\"https:\/\/izglitiba.valmierasnovads.lv\/strencupamatskola\/wp-content\/uploads\/sites\/3\/2026\/02\/latviesu-valodas-olimpiade.png 940w, https:\/\/izglitiba.valmierasnovads.lv\/strencupamatskola\/wp-content\/uploads\/sites\/3\/2026\/02\/latviesu-valodas-olimpiade-300x251.png 300w, https:\/\/izglitiba.valmierasnovads.lv\/strencupamatskola\/wp-content\/uploads\/sites\/3\/2026\/02\/latviesu-valodas-olimpiade-768x644.png 768w\" sizes=\"auto, (max-width: 940px) 100vw, 940px\" \/><\/figure><div class=\"wp-block-media-text__content\">\n<p>SVEICAM 9.klases skolnieci Laumu Em\u012bliju Bi\u010devsku ar ieg\u016bto ATZIN\u012aBU Valmieras novada latvie\u0161u valodas un literat\u016bras olimpi\u0101d\u0113!<\/p>\n\n\n\n<p>PALDIES par veiksm\u012bgu dal\u012bbu Nikolai Sofijai Gordonai un M\u0101rcim Prauli\u0146am!<\/p>\n\n\n\n<p>PALDIES skolot\u0101jai Lailai P\u0101vuli\u0146ai par skol\u0113nu motiv\u0113\u0161anu un sagatavo\u0161anu!<\/p>\n<\/div><\/div>\n\n\n\n<p class=\"has-ast-global-color-4-background-color has-background has-medium-font-size\" style=\"padding-top:var(--wp--preset--spacing--30);padding-right:0;padding-bottom:var(--wp--preset--spacing--30);padding-left:0\"><strong>VALMIERAS NOVADA 2. KLA\u0160U VIZU\u0100L\u0100S M\u0100KSLAS OLIMPI\u0100DE<\/strong><\/p>\n\n\n\n<div class=\"wp-block-media-text is-stacked-on-mobile\" style=\"grid-template-columns:35% auto\"><figure class=\"wp-block-media-text__media\"><img loading=\"lazy\" decoding=\"async\" width=\"940\" height=\"788\" src=\"https:\/\/izglitiba.valmierasnovads.lv\/strencupamatskola\/wp-content\/uploads\/sites\/3\/2026\/02\/vizuala-maksla-1.png\" alt=\"\" class=\"wp-image-645 size-full\" srcset=\"https:\/\/izglitiba.valmierasnovads.lv\/strencupamatskola\/wp-content\/uploads\/sites\/3\/2026\/02\/vizuala-maksla-1.png 940w, https:\/\/izglitiba.valmierasnovads.lv\/strencupamatskola\/wp-content\/uploads\/sites\/3\/2026\/02\/vizuala-maksla-1-300x251.png 300w, https:\/\/izglitiba.valmierasnovads.lv\/strencupamatskola\/wp-content\/uploads\/sites\/3\/2026\/02\/vizuala-maksla-1-768x644.png 768w\" sizes=\"auto, (max-width: 940px) 100vw, 940px\" \/><\/figure><div class=\"wp-block-media-text__content\">\n<div class=\"wp-block-columns is-layout-flex wp-container-core-columns-is-layout-28f84493 wp-block-columns-is-layout-flex\">\n<div class=\"wp-block-column is-layout-flow wp-block-column-is-layout-flow\" style=\"flex-basis:100%\">\n<div class=\"wp-block-group alignfull is-nowrap is-layout-flex wp-container-core-group-is-layout-6c531013 wp-block-group-is-layout-flex\">\n<p>V\u0113jam nav k\u0101ju<br>un v\u0113jam nav roku,<br>Bet v\u0113j\u0161 skrien ap m\u0101ju<br>Un kokus loka.<\/p>\n\n\n\n<p>Nav v\u0113dera v\u0113jam,<br>Un galvas nav v\u0113jam,<br>Nav deguna v\u0113jam<br>Un acu nav v\u0113jam.<\/p>\n\n\n\n<p>Bet es j\u016btu v\u0113ju,<br>Un Tu j\u016bti v\u0113ju.<br>K\u0101 nu to v\u0113ju<br>Lai uzz\u012bm\u0113ju?<\/p>\n<\/div>\n<\/div>\n<\/div>\n\n\n\n<p class=\"has-text-align-right\">\/J\u0101nis Peters\/<\/p>\n\n\n\n<p>\u0160\u012bs dzejas rindas kalpoja par iedvesmu Valmieras novada 2. kla\u0161u vizu\u0101l\u0101s m\u0101kslas olimpi\u0101des uzdevumam.<\/p>\n\n\n\n<p>2. klases skolniece Dana Ba\u0146\u0146ikova sav\u0101 darb\u0101 p\u0101rliecino\u0161i atkl\u0101ja dzejas ideju, att\u0113lojot to, ko nevar ieraudz\u012bt, bet var sajust. Par \u0161o darbu Dana ieguva 1. vietu novad\u0101.<\/p>\n\n\n\n<p>Paldies skolot\u0101jai Gintai \u016aburgai par atbalstu un ieguld\u012bjumu skolnieces rado\u0161aj\u0101 izaugsm\u0113.<\/p>\n<\/div><\/div>\n\n\n\n<p class=\"has-ast-global-color-4-background-color has-background has-medium-font-size\" style=\"padding-top:var(--wp--preset--spacing--30);padding-right:0;padding-bottom:var(--wp--preset--spacing--30);padding-left:0\"><strong><strong>V\u0112STURES VALSTS 32. OLIMPI\u0100DES NOVADA POSMS<\/strong><\/strong><\/p>\n\n\n\n<div class=\"wp-block-media-text is-stacked-on-mobile\" style=\"grid-template-columns:34% auto\"><figure class=\"wp-block-media-text__media\"><img loading=\"lazy\" decoding=\"async\" width=\"940\" height=\"788\" src=\"https:\/\/izglitiba.valmierasnovads.lv\/strencupamatskola\/wp-content\/uploads\/sites\/3\/2026\/01\/k.png\" alt=\"\" class=\"wp-image-296 size-full\" srcset=\"https:\/\/izglitiba.valmierasnovads.lv\/strencupamatskola\/wp-content\/uploads\/sites\/3\/2026\/01\/k.png 940w, https:\/\/izglitiba.valmierasnovads.lv\/strencupamatskola\/wp-content\/uploads\/sites\/3\/2026\/01\/k-300x251.png 300w, https:\/\/izglitiba.valmierasnovads.lv\/strencupamatskola\/wp-content\/uploads\/sites\/3\/2026\/01\/k-768x644.png 768w\" sizes=\"auto, (max-width: 940px) 100vw, 940px\" \/><\/figure><div class=\"wp-block-media-text__content\">\n<div class=\"wp-block-columns is-layout-flex wp-container-core-columns-is-layout-28f84493 wp-block-columns-is-layout-flex\">\n<div class=\"wp-block-column is-layout-flow wp-block-column-is-layout-flow\" style=\"flex-basis:100%\"><\/div>\n<\/div>\n\n\n\n<p>Decembra m\u0113nes\u012b 9. klases skolniece Lauma Em\u012blija Bi\u010devska piedal\u012bj\u0101s V\u0113stures valsts 32. olimpi\u0101des novadu posm\u0101, kur sacent\u0101s 26 Valmieras novada skol\u0113ni. Lauma ieguva 1. vietu un ir uzaicin\u0101ta piedal\u012bties olimpi\u0101des valsts posm\u0101, kas norisin\u0101sies R\u012bg\u0101 \u2013 11. febru\u0101r\u012b un 16. mart\u0101.<\/p>\n\n\n\n<p>Sirsn\u012bgs paldies v\u0113stures skolot\u0101jai Sarm\u012btei Kr\u016bzei par ieguld\u012bto darbu, atbalstu un iedvesmu!<\/p>\n\n\n\n<p>Nov\u0113lam Laumai veiksmi, iztur\u012bbu un p\u0101rliec\u012bbu valsts posm\u0101!<\/p>\n\n\n\n<ol start=\"2\" class=\"wp-block-list\"><\/ol>\n<\/div><\/div>\n\n\n\n<p class=\"has-ast-global-color-4-background-color has-background has-medium-font-size\" style=\"border-style:none;border-width:0px;padding-top:var(--wp--preset--spacing--30);padding-right:0;padding-bottom:var(--wp--preset--spacing--30);padding-left:0;line-height:2\"><strong><strong>ANG\u013bU VALODAS VALSTS 55. OLIMP<\/strong>I\u0100DES NOVADA POSMS<\/strong><\/p>\n\n\n\n<div class=\"wp-block-media-text is-stacked-on-mobile\" style=\"grid-template-columns:34% auto\"><figure class=\"wp-block-media-text__media\"><img loading=\"lazy\" decoding=\"async\" width=\"940\" height=\"788\" src=\"https:\/\/izglitiba.valmierasnovads.lv\/strencupamatskola\/wp-content\/uploads\/sites\/3\/2026\/02\/anglu-valoda.png\" alt=\"\" class=\"wp-image-655 size-full\" srcset=\"https:\/\/izglitiba.valmierasnovads.lv\/strencupamatskola\/wp-content\/uploads\/sites\/3\/2026\/02\/anglu-valoda.png 940w, https:\/\/izglitiba.valmierasnovads.lv\/strencupamatskola\/wp-content\/uploads\/sites\/3\/2026\/02\/anglu-valoda-300x251.png 300w, https:\/\/izglitiba.valmierasnovads.lv\/strencupamatskola\/wp-content\/uploads\/sites\/3\/2026\/02\/anglu-valoda-768x644.png 768w\" sizes=\"auto, (max-width: 940px) 100vw, 940px\" \/><\/figure><div class=\"wp-block-media-text__content\">\n<div class=\"wp-block-columns is-layout-flex wp-container-core-columns-is-layout-28f84493 wp-block-columns-is-layout-flex\">\n<div class=\"wp-block-column is-layout-flow wp-block-column-is-layout-flow\" style=\"flex-basis:100%\"><\/div>\n<\/div>\n\n\n\n<p>Sveicam ang\u013cu valodas valsts 55. olimpi\u0101des 2. posma (novada) laure\u0101ti Nikolu Sofiju Gordoni ar ieg\u016bto 2. vietu!<br>7.-9. kla\u0161u grup\u0101 olimpi\u0101d\u0113 piedal\u012bj\u0101s 156 dal\u012bbnieki.<\/p>\n<\/div><\/div>\n\n\n\n<p><\/p>\n","protected":false},"excerpt":{"rendered":"<p>VALSTS ANG\u013bU VALODAS OLIMPI\u0100DE Lepojamies ar izcilu sasniegumu ang\u013cu valodas olimpi\u0101d\u0113 Ar lielu prieku un lepnumu sveicam m\u016bsu skolas 9. [&hellip;]<\/p>\n","protected":false},"author":5,"featured_media":0,"parent":0,"menu_order":0,"comment_status":"closed","ping_status":"closed","template":"","meta":{"_acf_changed":false,"site-sidebar-layout":"default","site-content-layout":"","ast-site-content-layout":"default","site-content-style":"default","site-sidebar-style":"default","ast-global-header-display":"","ast-banner-title-visibility":"","ast-main-header-display":"","ast-hfb-above-header-display":"","ast-hfb-below-header-display":"","ast-hfb-mobile-header-display":"","site-post-title":"","ast-breadcrumbs-content":"","ast-featured-img":"","footer-sml-layout":"","ast-disable-related-posts":"","theme-transparent-header-meta":"","adv-header-id-meta":"","stick-header-meta":"","header-above-stick-meta":"","header-main-stick-meta":"","header-below-stick-meta":"","astra-migrate-meta-layouts":"default","ast-page-background-enabled":"default","ast-page-background-meta":{"desktop":{"background-color":"var(--ast-global-color-4)","background-image":"","background-repeat":"repeat","background-position":"center center","background-size":"auto","background-attachment":"scroll","background-type":"","background-media":"","overlay-type":"","overlay-color":"","overlay-opacity":"","overlay-gradient":""},"tablet":{"background-color":"","background-image":"","background-repeat":"repeat","background-position":"center center","background-size":"auto","background-attachment":"scroll","background-type":"","background-media":"","overlay-type":"","overlay-color":"","overlay-opacity":"","overlay-gradient":""},"mobile":{"background-color":"","background-image":"","background-repeat":"repeat","background-position":"center center","background-size":"auto","background-attachment":"scroll","background-type":"","background-media":"","overlay-type":"","overlay-color":"","overlay-opacity":"","overlay-gradient":""}},"ast-content-background-meta":{"desktop":{"background-color":"var(--ast-global-color-5)","background-image":"","background-repeat":"repeat","background-position":"center center","background-size":"auto","background-attachment":"scroll","background-type":"","background-media":"","overlay-type":"","overlay-color":"","overlay-opacity":"","overlay-gradient":""},"tablet":{"background-color":"var(--ast-global-color-5)","background-image":"","background-repeat":"repeat","background-position":"center center","background-size":"auto","background-attachment":"scroll","background-type":"","background-media":"","overlay-type":"","overlay-color":"","overlay-opacity":"","overlay-gradient":""},"mobile":{"background-color":"var(--ast-global-color-5)","background-image":"","background-repeat":"repeat","background-position":"center center","background-size":"auto","background-attachment":"scroll","background-type":"","background-media":"","overlay-type":"","overlay-color":"","overlay-opacity":"","overlay-gradient":""}},"footnotes":""},"class_list":["post-641","page","type-page","status-publish","hentry"],"acf":[],"yoast_head":"<!-- This site is optimized with the Yoast SEO plugin v27.0 - https:\/\/yoast.com\/product\/yoast-seo-wordpress\/ -->\n<title>M\u016bsu sasniegumi - Stren\u010du pamatskola<\/title>\n<meta name=\"robots\" content=\"index, follow, max-snippet:-1, max-image-preview:large, max-video-preview:-1\" \/>\n<link rel=\"canonical\" href=\"https:\/\/izglitiba.valmierasnovads.lv\/strencupamatskola\/musu-sasniegumi\/\" \/>\n<meta property=\"og:locale\" content=\"lv_LV\" \/>\n<meta property=\"og:type\" content=\"article\" \/>\n<meta property=\"og:title\" content=\"M\u016bsu sasniegumi - Stren\u010du pamatskola\" \/>\n<meta property=\"og:description\" content=\"VALSTS ANG\u013bU VALODAS OLIMPI\u0100DE Lepojamies ar izcilu sasniegumu ang\u013cu valodas olimpi\u0101d\u0113 Ar lielu prieku un lepnumu sveicam m\u016bsu skolas 9. [&hellip;]\" \/>\n<meta property=\"og:url\" content=\"https:\/\/izglitiba.valmierasnovads.lv\/strencupamatskola\/musu-sasniegumi\/\" \/>\n<meta property=\"og:site_name\" content=\"Stren\u010du pamatskola\" \/>\n<meta property=\"article:modified_time\" content=\"2026-03-27T12:44:32+00:00\" \/>\n<meta property=\"og:image\" content=\"https:\/\/izglitiba.valmierasnovads.lv\/strencupamatskola\/wp-content\/uploads\/sites\/3\/2026\/03\/anglu_val_Davis_valst.png\" \/>\n\t<meta property=\"og:image:width\" content=\"940\" \/>\n\t<meta property=\"og:image:height\" content=\"788\" \/>\n\t<meta property=\"og:image:type\" content=\"image\/png\" \/>\n<meta name=\"twitter:card\" content=\"summary_large_image\" \/>\n<meta name=\"twitter:label1\" content=\"Est. reading time\" \/>\n\t<meta name=\"twitter:data1\" content=\"4 min\u016btes\" \/>\n<script type=\"application\/ld+json\" class=\"yoast-schema-graph\">{\"@context\":\"https:\/\/schema.org\",\"@graph\":[{\"@type\":\"WebPage\",\"@id\":\"https:\/\/izglitiba.valmierasnovads.lv\/strencupamatskola\/musu-sasniegumi\/\",\"url\":\"https:\/\/izglitiba.valmierasnovads.lv\/strencupamatskola\/musu-sasniegumi\/\",\"name\":\"M\u016bsu sasniegumi - Stren\u010du pamatskola\",\"isPartOf\":{\"@id\":\"https:\/\/izglitiba.valmierasnovads.lv\/strencupamatskola\/#website\"},\"primaryImageOfPage\":{\"@id\":\"https:\/\/izglitiba.valmierasnovads.lv\/strencupamatskola\/musu-sasniegumi\/#primaryimage\"},\"image\":{\"@id\":\"https:\/\/izglitiba.valmierasnovads.lv\/strencupamatskola\/musu-sasniegumi\/#primaryimage\"},\"thumbnailUrl\":\"https:\/\/izglitiba.valmierasnovads.lv\/strencupamatskola\/wp-content\/uploads\/sites\/3\/2026\/03\/anglu_val_Davis_valst.png\",\"datePublished\":\"2026-02-03T17:44:40+00:00\",\"dateModified\":\"2026-03-27T12:44:32+00:00\",\"breadcrumb\":{\"@id\":\"https:\/\/izglitiba.valmierasnovads.lv\/strencupamatskola\/musu-sasniegumi\/#breadcrumb\"},\"inLanguage\":\"lv-LV\",\"potentialAction\":[{\"@type\":\"ReadAction\",\"target\":[\"https:\/\/izglitiba.valmierasnovads.lv\/strencupamatskola\/musu-sasniegumi\/\"]}]},{\"@type\":\"ImageObject\",\"inLanguage\":\"lv-LV\",\"@id\":\"https:\/\/izglitiba.valmierasnovads.lv\/strencupamatskola\/musu-sasniegumi\/#primaryimage\",\"url\":\"https:\/\/izglitiba.valmierasnovads.lv\/strencupamatskola\/wp-content\/uploads\/sites\/3\/2026\/03\/anglu_val_Davis_valst.png\",\"contentUrl\":\"https:\/\/izglitiba.valmierasnovads.lv\/strencupamatskola\/wp-content\/uploads\/sites\/3\/2026\/03\/anglu_val_Davis_valst.png\",\"width\":940,\"height\":788},{\"@type\":\"BreadcrumbList\",\"@id\":\"https:\/\/izglitiba.valmierasnovads.lv\/strencupamatskola\/musu-sasniegumi\/#breadcrumb\",\"itemListElement\":[{\"@type\":\"ListItem\",\"position\":1,\"name\":\"Home\",\"item\":\"https:\/\/izglitiba.valmierasnovads.lv\/strencupamatskola\/\"},{\"@type\":\"ListItem\",\"position\":2,\"name\":\"M\u016bsu sasniegumi\"}]},{\"@type\":\"WebSite\",\"@id\":\"https:\/\/izglitiba.valmierasnovads.lv\/strencupamatskola\/#website\",\"url\":\"https:\/\/izglitiba.valmierasnovads.lv\/strencupamatskola\/\",\"name\":\"Stren\u010du pamatskola\",\"description\":\"\",\"publisher\":{\"@id\":\"https:\/\/izglitiba.valmierasnovads.lv\/strencupamatskola\/#organization\"},\"potentialAction\":[{\"@type\":\"SearchAction\",\"target\":{\"@type\":\"EntryPoint\",\"urlTemplate\":\"https:\/\/izglitiba.valmierasnovads.lv\/strencupamatskola\/?s={search_term_string}\"},\"query-input\":{\"@type\":\"PropertyValueSpecification\",\"valueRequired\":true,\"valueName\":\"search_term_string\"}}],\"inLanguage\":\"lv-LV\"},{\"@type\":\"Organization\",\"@id\":\"https:\/\/izglitiba.valmierasnovads.lv\/strencupamatskola\/#organization\",\"name\":\"Stren\u010du pamatskola\",\"url\":\"https:\/\/izglitiba.valmierasnovads.lv\/strencupamatskola\/\",\"logo\":{\"@type\":\"ImageObject\",\"inLanguage\":\"lv-LV\",\"@id\":\"https:\/\/izglitiba.valmierasnovads.lv\/strencupamatskola\/#\/schema\/logo\/image\/\",\"url\":\"https:\/\/izglitiba.valmierasnovads.lv\/strencupamatskola\/wp-content\/uploads\/sites\/3\/2025\/03\/cropped-1-removebg-preview.png\",\"contentUrl\":\"https:\/\/izglitiba.valmierasnovads.lv\/strencupamatskola\/wp-content\/uploads\/sites\/3\/2025\/03\/cropped-1-removebg-preview.png\",\"width\":326,\"height\":312,\"caption\":\"Stren\u010du pamatskola\"},\"image\":{\"@id\":\"https:\/\/izglitiba.valmierasnovads.lv\/strencupamatskola\/#\/schema\/logo\/image\/\"}}]}<\/script>\n<!-- \/ Yoast SEO plugin. -->","yoast_head_json":{"title":"M\u016bsu sasniegumi - Stren\u010du pamatskola","robots":{"index":"index","follow":"follow","max-snippet":"max-snippet:-1","max-image-preview":"max-image-preview:large","max-video-preview":"max-video-preview:-1"},"canonical":"https:\/\/izglitiba.valmierasnovads.lv\/strencupamatskola\/musu-sasniegumi\/","og_locale":"lv_LV","og_type":"article","og_title":"M\u016bsu sasniegumi - Stren\u010du pamatskola","og_description":"VALSTS ANG\u013bU VALODAS OLIMPI\u0100DE Lepojamies ar izcilu sasniegumu ang\u013cu valodas olimpi\u0101d\u0113 Ar lielu prieku un lepnumu sveicam m\u016bsu skolas 9. [&hellip;]","og_url":"https:\/\/izglitiba.valmierasnovads.lv\/strencupamatskola\/musu-sasniegumi\/","og_site_name":"Stren\u010du pamatskola","article_modified_time":"2026-03-27T12:44:32+00:00","og_image":[{"width":940,"height":788,"url":"https:\/\/izglitiba.valmierasnovads.lv\/strencupamatskola\/wp-content\/uploads\/sites\/3\/2026\/03\/anglu_val_Davis_valst.png","type":"image\/png"}],"twitter_card":"summary_large_image","twitter_misc":{"Est. reading time":"4 min\u016btes"},"schema":{"@context":"https:\/\/schema.org","@graph":[{"@type":"WebPage","@id":"https:\/\/izglitiba.valmierasnovads.lv\/strencupamatskola\/musu-sasniegumi\/","url":"https:\/\/izglitiba.valmierasnovads.lv\/strencupamatskola\/musu-sasniegumi\/","name":"M\u016bsu sasniegumi - Stren\u010du pamatskola","isPartOf":{"@id":"https:\/\/izglitiba.valmierasnovads.lv\/strencupamatskola\/#website"},"primaryImageOfPage":{"@id":"https:\/\/izglitiba.valmierasnovads.lv\/strencupamatskola\/musu-sasniegumi\/#primaryimage"},"image":{"@id":"https:\/\/izglitiba.valmierasnovads.lv\/strencupamatskola\/musu-sasniegumi\/#primaryimage"},"thumbnailUrl":"https:\/\/izglitiba.valmierasnovads.lv\/strencupamatskola\/wp-content\/uploads\/sites\/3\/2026\/03\/anglu_val_Davis_valst.png","datePublished":"2026-02-03T17:44:40+00:00","dateModified":"2026-03-27T12:44:32+00:00","breadcrumb":{"@id":"https:\/\/izglitiba.valmierasnovads.lv\/strencupamatskola\/musu-sasniegumi\/#breadcrumb"},"inLanguage":"lv-LV","potentialAction":[{"@type":"ReadAction","target":["https:\/\/izglitiba.valmierasnovads.lv\/strencupamatskola\/musu-sasniegumi\/"]}]},{"@type":"ImageObject","inLanguage":"lv-LV","@id":"https:\/\/izglitiba.valmierasnovads.lv\/strencupamatskola\/musu-sasniegumi\/#primaryimage","url":"https:\/\/izglitiba.valmierasnovads.lv\/strencupamatskola\/wp-content\/uploads\/sites\/3\/2026\/03\/anglu_val_Davis_valst.png","contentUrl":"https:\/\/izglitiba.valmierasnovads.lv\/strencupamatskola\/wp-content\/uploads\/sites\/3\/2026\/03\/anglu_val_Davis_valst.png","width":940,"height":788},{"@type":"BreadcrumbList","@id":"https:\/\/izglitiba.valmierasnovads.lv\/strencupamatskola\/musu-sasniegumi\/#breadcrumb","itemListElement":[{"@type":"ListItem","position":1,"name":"Home","item":"https:\/\/izglitiba.valmierasnovads.lv\/strencupamatskola\/"},{"@type":"ListItem","position":2,"name":"M\u016bsu sasniegumi"}]},{"@type":"WebSite","@id":"https:\/\/izglitiba.valmierasnovads.lv\/strencupamatskola\/#website","url":"https:\/\/izglitiba.valmierasnovads.lv\/strencupamatskola\/","name":"Stren\u010du pamatskola","description":"","publisher":{"@id":"https:\/\/izglitiba.valmierasnovads.lv\/strencupamatskola\/#organization"},"potentialAction":[{"@type":"SearchAction","target":{"@type":"EntryPoint","urlTemplate":"https:\/\/izglitiba.valmierasnovads.lv\/strencupamatskola\/?s={search_term_string}"},"query-input":{"@type":"PropertyValueSpecification","valueRequired":true,"valueName":"search_term_string"}}],"inLanguage":"lv-LV"},{"@type":"Organization","@id":"https:\/\/izglitiba.valmierasnovads.lv\/strencupamatskola\/#organization","name":"Stren\u010du pamatskola","url":"https:\/\/izglitiba.valmierasnovads.lv\/strencupamatskola\/","logo":{"@type":"ImageObject","inLanguage":"lv-LV","@id":"https:\/\/izglitiba.valmierasnovads.lv\/strencupamatskola\/#\/schema\/logo\/image\/","url":"https:\/\/izglitiba.valmierasnovads.lv\/strencupamatskola\/wp-content\/uploads\/sites\/3\/2025\/03\/cropped-1-removebg-preview.png","contentUrl":"https:\/\/izglitiba.valmierasnovads.lv\/strencupamatskola\/wp-content\/uploads\/sites\/3\/2025\/03\/cropped-1-removebg-preview.png","width":326,"height":312,"caption":"Stren\u010du pamatskola"},"image":{"@id":"https:\/\/izglitiba.valmierasnovads.lv\/strencupamatskola\/#\/schema\/logo\/image\/"}}]}},"_links":{"self":[{"href":"https:\/\/izglitiba.valmierasnovads.lv\/strencupamatskola\/wp-json\/wp\/v2\/pages\/641","targetHints":{"allow":["GET"]}}],"collection":[{"href":"https:\/\/izglitiba.valmierasnovads.lv\/strencupamatskola\/wp-json\/wp\/v2\/pages"}],"about":[{"href":"https:\/\/izglitiba.valmierasnovads.lv\/strencupamatskola\/wp-json\/wp\/v2\/types\/page"}],"author":[{"embeddable":true,"href":"https:\/\/izglitiba.valmierasnovads.lv\/strencupamatskola\/wp-json\/wp\/v2\/users\/5"}],"replies":[{"embeddable":true,"href":"https:\/\/izglitiba.valmierasnovads.lv\/strencupamatskola\/wp-json\/wp\/v2\/comments?post=641"}],"version-history":[{"count":14,"href":"https:\/\/izglitiba.valmierasnovads.lv\/strencupamatskola\/wp-json\/wp\/v2\/pages\/641\/revisions"}],"predecessor-version":[{"id":799,"href":"https:\/\/izglitiba.valmierasnovads.lv\/strencupamatskola\/wp-json\/wp\/v2\/pages\/641\/revisions\/799"}],"wp:attachment":[{"href":"https:\/\/izglitiba.valmierasnovads.lv\/strencupamatskola\/wp-json\/wp\/v2\/media?parent=641"}],"curies":[{"name":"wp","href":"https:\/\/api.w.org\/{rel}","templated":true}]}}