{"id":66,"date":"2025-03-18T09:19:31","date_gmt":"2025-03-18T07:19:31","guid":{"rendered":"https:\/\/izglitiba.valmierasnovads.lv\/strencupamatskola\/?page_id=66"},"modified":"2025-03-18T09:19:32","modified_gmt":"2025-03-18T07:19:32","slug":"skolas-vesture","status":"publish","type":"page","link":"https:\/\/izglitiba.valmierasnovads.lv\/strencupamatskola\/skolas-vesture\/","title":{"rendered":"Skolas v\u0113sture"},"content":{"rendered":"\n<p>Skola tika dibin\u0101ta 1928. gad\u0101.<\/p>\n\n\n\n<figure class=\"wp-block-gallery has-nested-images columns-default is-cropped wp-block-gallery-1 is-layout-flex wp-block-gallery-is-layout-flex\">\n<figure class=\"wp-block-image size-large\"><img loading=\"lazy\" decoding=\"async\" width=\"1024\" height=\"335\" data-id=\"53\" src=\"https:\/\/izglitiba.valmierasnovads.lv\/strencupamatskola\/wp-content\/uploads\/sites\/3\/2025\/03\/Untitled-1024x335.png\" alt=\"\" class=\"wp-image-53\" srcset=\"https:\/\/izglitiba.valmierasnovads.lv\/strencupamatskola\/wp-content\/uploads\/sites\/3\/2025\/03\/Untitled-1024x335.png 1024w, https:\/\/izglitiba.valmierasnovads.lv\/strencupamatskola\/wp-content\/uploads\/sites\/3\/2025\/03\/Untitled-300x98.png 300w, https:\/\/izglitiba.valmierasnovads.lv\/strencupamatskola\/wp-content\/uploads\/sites\/3\/2025\/03\/Untitled-768x251.png 768w, https:\/\/izglitiba.valmierasnovads.lv\/strencupamatskola\/wp-content\/uploads\/sites\/3\/2025\/03\/Untitled.png 1312w\" sizes=\"auto, (max-width: 1024px) 100vw, 1024px\" \/><\/figure>\n<\/figure>\n","protected":false},"excerpt":{"rendered":"<p>Skola tika dibin\u0101ta 1928. gad\u0101.<\/p>\n","protected":false},"author":5,"featured_media":53,"parent":0,"menu_order":0,"comment_status":"closed","ping_status":"closed","template":"","meta":{"_acf_changed":false,"site-sidebar-layout":"default","site-content-layout":"","ast-site-content-layout":"default","site-content-style":"default","site-sidebar-style":"default","ast-global-header-display":"","ast-banner-title-visibility":"","ast-main-header-display":"","ast-hfb-above-header-display":"","ast-hfb-below-header-display":"","ast-hfb-mobile-header-display":"","site-post-title":"","ast-breadcrumbs-content":"","ast-featured-img":"","footer-sml-layout":"","ast-disable-related-posts":"","theme-transparent-header-meta":"","adv-header-id-meta":"","stick-header-meta":"","header-above-stick-meta":"","header-main-stick-meta":"","header-below-stick-meta":"","astra-migrate-meta-layouts":"default","ast-page-background-enabled":"default","ast-page-background-meta":{"desktop":{"background-color":"var(--ast-global-color-4)","background-image":"","background-repeat":"repeat","background-position":"center center","background-size":"auto","background-attachment":"scroll","background-type":"","background-media":"","overlay-type":"","overlay-color":"","overlay-opacity":"","overlay-gradient":""},"tablet":{"background-color":"","background-image":"","background-repeat":"repeat","background-position":"center center","background-size":"auto","background-attachment":"scroll","background-type":"","background-media":"","overlay-type":"","overlay-color":"","overlay-opacity":"","overlay-gradient":""},"mobile":{"background-color":"","background-image":"","background-repeat":"repeat","background-position":"center center","background-size":"auto","background-attachment":"scroll","background-type":"","background-media":"","overlay-type":"","overlay-color":"","overlay-opacity":"","overlay-gradient":""}},"ast-content-background-meta":{"desktop":{"background-color":"var(--ast-global-color-5)","background-image":"","background-repeat":"repeat","background-position":"center center","background-size":"auto","background-attachment":"scroll","background-type":"","background-media":"","overlay-type":"","overlay-color":"","overlay-opacity":"","overlay-gradient":""},"tablet":{"background-color":"var(--ast-global-color-5)","background-image":"","background-repeat":"repeat","background-position":"center center","background-size":"auto","background-attachment":"scroll","background-type":"","background-media":"","overlay-type":"","overlay-color":"","overlay-opacity":"","overlay-gradient":""},"mobile":{"background-color":"var(--ast-global-color-5)","background-image":"","background-repeat":"repeat","background-position":"center center","background-size":"auto","background-attachment":"scroll","background-type":"","background-media":"","overlay-type":"","overlay-color":"","overlay-opacity":"","overlay-gradient":""}},"footnotes":""},"class_list":["post-66","page","type-page","status-publish","has-post-thumbnail","hentry"],"acf":[],"yoast_head":"<!-- This site is optimized with the Yoast SEO plugin v27.0 - https:\/\/yoast.com\/product\/yoast-seo-wordpress\/ -->\n<title>Skolas v\u0113sture - Stren\u010du pamatskola<\/title>\n<meta name=\"robots\" content=\"index, follow, max-snippet:-1, max-image-preview:large, max-video-preview:-1\" \/>\n<link rel=\"canonical\" href=\"https:\/\/izglitiba.valmierasnovads.lv\/strencupamatskola\/skolas-vesture\/\" \/>\n<meta property=\"og:locale\" content=\"lv_LV\" \/>\n<meta property=\"og:type\" content=\"article\" \/>\n<meta property=\"og:title\" content=\"Skolas v\u0113sture - Stren\u010du pamatskola\" \/>\n<meta property=\"og:description\" content=\"Skola tika dibin\u0101ta 1928. gad\u0101.\" \/>\n<meta property=\"og:url\" content=\"https:\/\/izglitiba.valmierasnovads.lv\/strencupamatskola\/skolas-vesture\/\" \/>\n<meta property=\"og:site_name\" content=\"Stren\u010du pamatskola\" \/>\n<meta property=\"article:modified_time\" content=\"2025-03-18T07:19:32+00:00\" \/>\n<meta property=\"og:image\" content=\"https:\/\/izglitiba.valmierasnovads.lv\/strencupamatskola\/wp-content\/uploads\/sites\/3\/2025\/03\/Untitled.png\" \/>\n\t<meta property=\"og:image:width\" content=\"1312\" \/>\n\t<meta property=\"og:image:height\" content=\"429\" \/>\n\t<meta property=\"og:image:type\" content=\"image\/png\" \/>\n<meta name=\"twitter:card\" content=\"summary_large_image\" \/>\n<meta name=\"twitter:label1\" content=\"Est. reading time\" \/>\n\t<meta name=\"twitter:data1\" content=\"1 min\u016bte\" \/>\n<script type=\"application\/ld+json\" class=\"yoast-schema-graph\">{\"@context\":\"https:\/\/schema.org\",\"@graph\":[{\"@type\":\"WebPage\",\"@id\":\"https:\/\/izglitiba.valmierasnovads.lv\/strencupamatskola\/skolas-vesture\/\",\"url\":\"https:\/\/izglitiba.valmierasnovads.lv\/strencupamatskola\/skolas-vesture\/\",\"name\":\"Skolas v\u0113sture - Stren\u010du pamatskola\",\"isPartOf\":{\"@id\":\"https:\/\/izglitiba.valmierasnovads.lv\/strencupamatskola\/#website\"},\"primaryImageOfPage\":{\"@id\":\"https:\/\/izglitiba.valmierasnovads.lv\/strencupamatskola\/skolas-vesture\/#primaryimage\"},\"image\":{\"@id\":\"https:\/\/izglitiba.valmierasnovads.lv\/strencupamatskola\/skolas-vesture\/#primaryimage\"},\"thumbnailUrl\":\"https:\/\/izglitiba.valmierasnovads.lv\/strencupamatskola\/wp-content\/uploads\/sites\/3\/2025\/03\/Untitled.png\",\"datePublished\":\"2025-03-18T07:19:31+00:00\",\"dateModified\":\"2025-03-18T07:19:32+00:00\",\"breadcrumb\":{\"@id\":\"https:\/\/izglitiba.valmierasnovads.lv\/strencupamatskola\/skolas-vesture\/#breadcrumb\"},\"inLanguage\":\"lv-LV\",\"potentialAction\":[{\"@type\":\"ReadAction\",\"target\":[\"https:\/\/izglitiba.valmierasnovads.lv\/strencupamatskola\/skolas-vesture\/\"]}]},{\"@type\":\"ImageObject\",\"inLanguage\":\"lv-LV\",\"@id\":\"https:\/\/izglitiba.valmierasnovads.lv\/strencupamatskola\/skolas-vesture\/#primaryimage\",\"url\":\"https:\/\/izglitiba.valmierasnovads.lv\/strencupamatskola\/wp-content\/uploads\/sites\/3\/2025\/03\/Untitled.png\",\"contentUrl\":\"https:\/\/izglitiba.valmierasnovads.lv\/strencupamatskola\/wp-content\/uploads\/sites\/3\/2025\/03\/Untitled.png\",\"width\":1312,\"height\":429},{\"@type\":\"BreadcrumbList\",\"@id\":\"https:\/\/izglitiba.valmierasnovads.lv\/strencupamatskola\/skolas-vesture\/#breadcrumb\",\"itemListElement\":[{\"@type\":\"ListItem\",\"position\":1,\"name\":\"Home\",\"item\":\"https:\/\/izglitiba.valmierasnovads.lv\/strencupamatskola\/\"},{\"@type\":\"ListItem\",\"position\":2,\"name\":\"Skolas v\u0113sture\"}]},{\"@type\":\"WebSite\",\"@id\":\"https:\/\/izglitiba.valmierasnovads.lv\/strencupamatskola\/#website\",\"url\":\"https:\/\/izglitiba.valmierasnovads.lv\/strencupamatskola\/\",\"name\":\"Stren\u010du pamatskola\",\"description\":\"\",\"publisher\":{\"@id\":\"https:\/\/izglitiba.valmierasnovads.lv\/strencupamatskola\/#organization\"},\"potentialAction\":[{\"@type\":\"SearchAction\",\"target\":{\"@type\":\"EntryPoint\",\"urlTemplate\":\"https:\/\/izglitiba.valmierasnovads.lv\/strencupamatskola\/?s={search_term_string}\"},\"query-input\":{\"@type\":\"PropertyValueSpecification\",\"valueRequired\":true,\"valueName\":\"search_term_string\"}}],\"inLanguage\":\"lv-LV\"},{\"@type\":\"Organization\",\"@id\":\"https:\/\/izglitiba.valmierasnovads.lv\/strencupamatskola\/#organization\",\"name\":\"Stren\u010du pamatskola\",\"url\":\"https:\/\/izglitiba.valmierasnovads.lv\/strencupamatskola\/\",\"logo\":{\"@type\":\"ImageObject\",\"inLanguage\":\"lv-LV\",\"@id\":\"https:\/\/izglitiba.valmierasnovads.lv\/strencupamatskola\/#\/schema\/logo\/image\/\",\"url\":\"https:\/\/izglitiba.valmierasnovads.lv\/strencupamatskola\/wp-content\/uploads\/sites\/3\/2025\/03\/cropped-1-removebg-preview.png\",\"contentUrl\":\"https:\/\/izglitiba.valmierasnovads.lv\/strencupamatskola\/wp-content\/uploads\/sites\/3\/2025\/03\/cropped-1-removebg-preview.png\",\"width\":326,\"height\":312,\"caption\":\"Stren\u010du pamatskola\"},\"image\":{\"@id\":\"https:\/\/izglitiba.valmierasnovads.lv\/strencupamatskola\/#\/schema\/logo\/image\/\"}}]}<\/script>\n<!-- \/ Yoast SEO plugin. -->","yoast_head_json":{"title":"Skolas v\u0113sture - Stren\u010du pamatskola","robots":{"index":"index","follow":"follow","max-snippet":"max-snippet:-1","max-image-preview":"max-image-preview:large","max-video-preview":"max-video-preview:-1"},"canonical":"https:\/\/izglitiba.valmierasnovads.lv\/strencupamatskola\/skolas-vesture\/","og_locale":"lv_LV","og_type":"article","og_title":"Skolas v\u0113sture - Stren\u010du pamatskola","og_description":"Skola tika dibin\u0101ta 1928. gad\u0101.","og_url":"https:\/\/izglitiba.valmierasnovads.lv\/strencupamatskola\/skolas-vesture\/","og_site_name":"Stren\u010du pamatskola","article_modified_time":"2025-03-18T07:19:32+00:00","og_image":[{"width":1312,"height":429,"url":"https:\/\/izglitiba.valmierasnovads.lv\/strencupamatskola\/wp-content\/uploads\/sites\/3\/2025\/03\/Untitled.png","type":"image\/png"}],"twitter_card":"summary_large_image","twitter_misc":{"Est. reading time":"1 min\u016bte"},"schema":{"@context":"https:\/\/schema.org","@graph":[{"@type":"WebPage","@id":"https:\/\/izglitiba.valmierasnovads.lv\/strencupamatskola\/skolas-vesture\/","url":"https:\/\/izglitiba.valmierasnovads.lv\/strencupamatskola\/skolas-vesture\/","name":"Skolas v\u0113sture - Stren\u010du pamatskola","isPartOf":{"@id":"https:\/\/izglitiba.valmierasnovads.lv\/strencupamatskola\/#website"},"primaryImageOfPage":{"@id":"https:\/\/izglitiba.valmierasnovads.lv\/strencupamatskola\/skolas-vesture\/#primaryimage"},"image":{"@id":"https:\/\/izglitiba.valmierasnovads.lv\/strencupamatskola\/skolas-vesture\/#primaryimage"},"thumbnailUrl":"https:\/\/izglitiba.valmierasnovads.lv\/strencupamatskola\/wp-content\/uploads\/sites\/3\/2025\/03\/Untitled.png","datePublished":"2025-03-18T07:19:31+00:00","dateModified":"2025-03-18T07:19:32+00:00","breadcrumb":{"@id":"https:\/\/izglitiba.valmierasnovads.lv\/strencupamatskola\/skolas-vesture\/#breadcrumb"},"inLanguage":"lv-LV","potentialAction":[{"@type":"ReadAction","target":["https:\/\/izglitiba.valmierasnovads.lv\/strencupamatskola\/skolas-vesture\/"]}]},{"@type":"ImageObject","inLanguage":"lv-LV","@id":"https:\/\/izglitiba.valmierasnovads.lv\/strencupamatskola\/skolas-vesture\/#primaryimage","url":"https:\/\/izglitiba.valmierasnovads.lv\/strencupamatskola\/wp-content\/uploads\/sites\/3\/2025\/03\/Untitled.png","contentUrl":"https:\/\/izglitiba.valmierasnovads.lv\/strencupamatskola\/wp-content\/uploads\/sites\/3\/2025\/03\/Untitled.png","width":1312,"height":429},{"@type":"BreadcrumbList","@id":"https:\/\/izglitiba.valmierasnovads.lv\/strencupamatskola\/skolas-vesture\/#breadcrumb","itemListElement":[{"@type":"ListItem","position":1,"name":"Home","item":"https:\/\/izglitiba.valmierasnovads.lv\/strencupamatskola\/"},{"@type":"ListItem","position":2,"name":"Skolas v\u0113sture"}]},{"@type":"WebSite","@id":"https:\/\/izglitiba.valmierasnovads.lv\/strencupamatskola\/#website","url":"https:\/\/izglitiba.valmierasnovads.lv\/strencupamatskola\/","name":"Stren\u010du pamatskola","description":"","publisher":{"@id":"https:\/\/izglitiba.valmierasnovads.lv\/strencupamatskola\/#organization"},"potentialAction":[{"@type":"SearchAction","target":{"@type":"EntryPoint","urlTemplate":"https:\/\/izglitiba.valmierasnovads.lv\/strencupamatskola\/?s={search_term_string}"},"query-input":{"@type":"PropertyValueSpecification","valueRequired":true,"valueName":"search_term_string"}}],"inLanguage":"lv-LV"},{"@type":"Organization","@id":"https:\/\/izglitiba.valmierasnovads.lv\/strencupamatskola\/#organization","name":"Stren\u010du pamatskola","url":"https:\/\/izglitiba.valmierasnovads.lv\/strencupamatskola\/","logo":{"@type":"ImageObject","inLanguage":"lv-LV","@id":"https:\/\/izglitiba.valmierasnovads.lv\/strencupamatskola\/#\/schema\/logo\/image\/","url":"https:\/\/izglitiba.valmierasnovads.lv\/strencupamatskola\/wp-content\/uploads\/sites\/3\/2025\/03\/cropped-1-removebg-preview.png","contentUrl":"https:\/\/izglitiba.valmierasnovads.lv\/strencupamatskola\/wp-content\/uploads\/sites\/3\/2025\/03\/cropped-1-removebg-preview.png","width":326,"height":312,"caption":"Stren\u010du pamatskola"},"image":{"@id":"https:\/\/izglitiba.valmierasnovads.lv\/strencupamatskola\/#\/schema\/logo\/image\/"}}]}},"_links":{"self":[{"href":"https:\/\/izglitiba.valmierasnovads.lv\/strencupamatskola\/wp-json\/wp\/v2\/pages\/66","targetHints":{"allow":["GET"]}}],"collection":[{"href":"https:\/\/izglitiba.valmierasnovads.lv\/strencupamatskola\/wp-json\/wp\/v2\/pages"}],"about":[{"href":"https:\/\/izglitiba.valmierasnovads.lv\/strencupamatskola\/wp-json\/wp\/v2\/types\/page"}],"author":[{"embeddable":true,"href":"https:\/\/izglitiba.valmierasnovads.lv\/strencupamatskola\/wp-json\/wp\/v2\/users\/5"}],"replies":[{"embeddable":true,"href":"https:\/\/izglitiba.valmierasnovads.lv\/strencupamatskola\/wp-json\/wp\/v2\/comments?post=66"}],"version-history":[{"count":2,"href":"https:\/\/izglitiba.valmierasnovads.lv\/strencupamatskola\/wp-json\/wp\/v2\/pages\/66\/revisions"}],"predecessor-version":[{"id":93,"href":"https:\/\/izglitiba.valmierasnovads.lv\/strencupamatskola\/wp-json\/wp\/v2\/pages\/66\/revisions\/93"}],"wp:featuredmedia":[{"embeddable":true,"href":"https:\/\/izglitiba.valmierasnovads.lv\/strencupamatskola\/wp-json\/wp\/v2\/media\/53"}],"wp:attachment":[{"href":"https:\/\/izglitiba.valmierasnovads.lv\/strencupamatskola\/wp-json\/wp\/v2\/media?parent=66"}],"curies":[{"name":"wp","href":"https:\/\/api.w.org\/{rel}","templated":true}]}}