{"id":408,"date":"2026-01-15T10:09:51","date_gmt":"2026-01-15T08:09:51","guid":{"rendered":"https:\/\/izglitiba.valmierasnovads.lv\/trikatasskola\/?page_id=408"},"modified":"2026-01-30T13:22:42","modified_gmt":"2026-01-30T11:22:42","slug":"dokumenti","status":"publish","type":"page","link":"https:\/\/izglitiba.valmierasnovads.lv\/trikatasskola\/dokumenti\/","title":{"rendered":"K\u0101rt\u012bbas un noteikumi"},"content":{"rendered":"\n<div class=\"wp-block-file\"><a id=\"wp-block-file--media-15d4f776-6482-4f77-9fba-fc9e25507567\" href=\"https:\/\/izglitiba.valmierasnovads.lv\/trikatasskola\/wp-content\/uploads\/sites\/29\/2026\/01\/Darba_kartibas_NOTEIKUMI-1.pdf\">Darba_kartibas_NOTEIKUMI<\/a><a href=\"https:\/\/izglitiba.valmierasnovads.lv\/trikatasskola\/wp-content\/uploads\/sites\/29\/2026\/01\/Darba_kartibas_NOTEIKUMI-1.pdf\" class=\"wp-block-file__button wp-element-button\" download aria-describedby=\"wp-block-file--media-15d4f776-6482-4f77-9fba-fc9e25507567\">Lejupiel\u0101d\u0113t<\/a><\/div>\n\n\n\n<div class=\"wp-block-file\"><a id=\"wp-block-file--media-5db3826b-e24a-45ac-904c-0b9d1ebe5216\" href=\"https:\/\/izglitiba.valmierasnovads.lv\/trikatasskola\/wp-content\/uploads\/sites\/29\/2026\/01\/Datortehnikas_izmantosanas_noteikumi-1.pdf\">Datortehnikas_izmantosanas_noteikumi<\/a><a href=\"https:\/\/izglitiba.valmierasnovads.lv\/trikatasskola\/wp-content\/uploads\/sites\/29\/2026\/01\/Datortehnikas_izmantosanas_noteikumi-1.pdf\" class=\"wp-block-file__button wp-element-button\" download aria-describedby=\"wp-block-file--media-5db3826b-e24a-45ac-904c-0b9d1ebe5216\">Lejupiel\u0101d\u0113t<\/a><\/div>\n\n\n\n<div class=\"wp-block-file\"><a id=\"wp-block-file--media-fe76d453-5057-4fd6-82c1-9c6f9e353a80\" href=\"https:\/\/izglitiba.valmierasnovads.lv\/trikatasskola\/wp-content\/uploads\/sites\/29\/2026\/01\/Ieksejas_kartibas_noteikumi-1.pdf\">Ieksejas_kartibas_noteikumi<\/a><a href=\"https:\/\/izglitiba.valmierasnovads.lv\/trikatasskola\/wp-content\/uploads\/sites\/29\/2026\/01\/Ieksejas_kartibas_noteikumi-1.pdf\" class=\"wp-block-file__button wp-element-button\" download aria-describedby=\"wp-block-file--media-fe76d453-5057-4fd6-82c1-9c6f9e353a80\">Lejupiel\u0101d\u0113t<\/a><\/div>\n\n\n\n<div class=\"wp-block-file\"><a id=\"wp-block-file--media-1322ac6f-bd49-42c9-a04f-bebca3c2e1a3\" href=\"https:\/\/izglitiba.valmierasnovads.lv\/trikatasskola\/wp-content\/uploads\/sites\/29\/2026\/01\/Izglitojamo_drosibas_noteikumi.pdf\">Izglitojamo_drosibas_noteikumi<\/a><a href=\"https:\/\/izglitiba.valmierasnovads.lv\/trikatasskola\/wp-content\/uploads\/sites\/29\/2026\/01\/Izglitojamo_drosibas_noteikumi.pdf\" class=\"wp-block-file__button wp-element-button\" download aria-describedby=\"wp-block-file--media-1322ac6f-bd49-42c9-a04f-bebca3c2e1a3\">Lejupiel\u0101d\u0113t<\/a><\/div>\n\n\n\n<div class=\"wp-block-file\"><a id=\"wp-block-file--media-77e091b0-d3c8-40af-8fdc-20fc3d95a827\" href=\"https:\/\/izglitiba.valmierasnovads.lv\/trikatasskola\/wp-content\/uploads\/sites\/29\/2026\/01\/Izglitojamo_macibu_sasniegumu_vertesanas_kartiba.pdf\">Izglitojamo_macibu_sasniegumu_vertesanas_kartiba<\/a><a href=\"https:\/\/izglitiba.valmierasnovads.lv\/trikatasskola\/wp-content\/uploads\/sites\/29\/2026\/01\/Izglitojamo_macibu_sasniegumu_vertesanas_kartiba.pdf\" class=\"wp-block-file__button wp-element-button\" download aria-describedby=\"wp-block-file--media-77e091b0-d3c8-40af-8fdc-20fc3d95a827\">Lejupiel\u0101d\u0113t<\/a><\/div>\n\n\n\n<div class=\"wp-block-file\"><a id=\"wp-block-file--media-8cc7daad-42c6-4fe8-bb26-bf940a8e896c\" href=\"https:\/\/izglitiba.valmierasnovads.lv\/trikatasskola\/wp-content\/uploads\/sites\/29\/2026\/01\/Trikatas_pamatskolas_pasnovertejuma_zinojums_2023.pdf\">Trikatas_pamatskolas_pasnovertejuma_zinojums_2023<\/a><a href=\"https:\/\/izglitiba.valmierasnovads.lv\/trikatasskola\/wp-content\/uploads\/sites\/29\/2026\/01\/Trikatas_pamatskolas_pasnovertejuma_zinojums_2023.pdf\" class=\"wp-block-file__button wp-element-button\" download aria-describedby=\"wp-block-file--media-8cc7daad-42c6-4fe8-bb26-bf940a8e896c\">Lejupiel\u0101d\u0113t<\/a><\/div>\n\n\n\n<div class=\"wp-block-file\"><a id=\"wp-block-file--media-67f3257d-a356-409e-b2be-c2b25cc38573\" href=\"https:\/\/izglitiba.valmierasnovads.lv\/trikatasskola\/wp-content\/uploads\/sites\/29\/2026\/01\/Trikatas_pamatskolas_pasnovertejuma_zinojums_2024.pdf\">Trikatas_pamatskolas_pasnovertejuma_zinojums_2024<\/a><a href=\"https:\/\/izglitiba.valmierasnovads.lv\/trikatasskola\/wp-content\/uploads\/sites\/29\/2026\/01\/Trikatas_pamatskolas_pasnovertejuma_zinojums_2024.pdf\" class=\"wp-block-file__button wp-element-button\" download aria-describedby=\"wp-block-file--media-67f3257d-a356-409e-b2be-c2b25cc38573\">Lejupiel\u0101d\u0113t<\/a><\/div>\n\n\n\n<div class=\"wp-block-file\"><a id=\"wp-block-file--media-569e3a85-0267-47be-98c0-8c97f34fa5cc\" href=\"https:\/\/izglitiba.valmierasnovads.lv\/trikatasskola\/wp-content\/uploads\/sites\/29\/2026\/01\/Trikatas_pamatskolas_pasnovertejuma_zinojums_2025.pdf\">Trikatas_pamatskolas_pasnovertejuma_zinojums_2025<\/a><a href=\"https:\/\/izglitiba.valmierasnovads.lv\/trikatasskola\/wp-content\/uploads\/sites\/29\/2026\/01\/Trikatas_pamatskolas_pasnovertejuma_zinojums_2025.pdf\" class=\"wp-block-file__button wp-element-button\" download aria-describedby=\"wp-block-file--media-569e3a85-0267-47be-98c0-8c97f34fa5cc\">Lejupiel\u0101d\u0113t<\/a><\/div>\n\n\n\n<div class=\"wp-block-file\"><a id=\"wp-block-file--media-432130bb-7bc6-4d40-9bcd-697e7c492d78\" href=\"https:\/\/izglitiba.valmierasnovads.lv\/trikatasskola\/wp-content\/uploads\/sites\/29\/2026\/01\/Trikatas-pamatskola_NOLIKUMS.pdf\">Trik\u0101tas pamatskola_NOLIKUMS<\/a><a href=\"https:\/\/izglitiba.valmierasnovads.lv\/trikatasskola\/wp-content\/uploads\/sites\/29\/2026\/01\/Trikatas-pamatskola_NOLIKUMS.pdf\" class=\"wp-block-file__button wp-element-button\" download aria-describedby=\"wp-block-file--media-432130bb-7bc6-4d40-9bcd-697e7c492d78\">Lejupiel\u0101d\u0113t<\/a><\/div>\n","protected":false},"excerpt":{"rendered":"","protected":false},"author":29,"featured_media":0,"parent":0,"menu_order":0,"comment_status":"closed","ping_status":"closed","template":"","meta":{"_acf_changed":false,"site-sidebar-layout":"default","site-content-layout":"","ast-site-content-layout":"default","site-content-style":"default","site-sidebar-style":"default","ast-global-header-display":"","ast-banner-title-visibility":"","ast-main-header-display":"","ast-hfb-above-header-display":"","ast-hfb-below-header-display":"","ast-hfb-mobile-header-display":"","site-post-title":"","ast-breadcrumbs-content":"","ast-featured-img":"","footer-sml-layout":"","ast-disable-related-posts":"","theme-transparent-header-meta":"","adv-header-id-meta":"","stick-header-meta":"","header-above-stick-meta":"","header-main-stick-meta":"","header-below-stick-meta":"","astra-migrate-meta-layouts":"default","ast-page-background-enabled":"default","ast-page-background-meta":{"desktop":{"background-color":"var(--ast-global-color-5)","background-image":"","background-repeat":"repeat","background-position":"center center","background-size":"auto","background-attachment":"scroll","background-type":"","background-media":"","overlay-type":"","overlay-color":"","overlay-opacity":"","overlay-gradient":""},"tablet":{"background-color":"","background-image":"","background-repeat":"repeat","background-position":"center center","background-size":"auto","background-attachment":"scroll","background-type":"","background-media":"","overlay-type":"","overlay-color":"","overlay-opacity":"","overlay-gradient":""},"mobile":{"background-color":"","background-image":"","background-repeat":"repeat","background-position":"center center","background-size":"auto","background-attachment":"scroll","background-type":"","background-media":"","overlay-type":"","overlay-color":"","overlay-opacity":"","overlay-gradient":""}},"ast-content-background-meta":{"desktop":{"background-color":"var(--ast-global-color-4)","background-image":"","background-repeat":"repeat","background-position":"center center","background-size":"auto","background-attachment":"scroll","background-type":"","background-media":"","overlay-type":"","overlay-color":"","overlay-opacity":"","overlay-gradient":""},"tablet":{"background-color":"var(--ast-global-color-4)","background-image":"","background-repeat":"repeat","background-position":"center center","background-size":"auto","background-attachment":"scroll","background-type":"","background-media":"","overlay-type":"","overlay-color":"","overlay-opacity":"","overlay-gradient":""},"mobile":{"background-color":"var(--ast-global-color-4)","background-image":"","background-repeat":"repeat","background-position":"center center","background-size":"auto","background-attachment":"scroll","background-type":"","background-media":"","overlay-type":"","overlay-color":"","overlay-opacity":"","overlay-gradient":""}},"footnotes":""},"class_list":["post-408","page","type-page","status-publish","hentry"],"acf":[],"yoast_head":"<!-- This site is optimized with the Yoast SEO plugin v27.0 - https:\/\/yoast.com\/product\/yoast-seo-wordpress\/ -->\n<title>K\u0101rt\u012bbas un noteikumi - Trik\u0101tas pamatskola<\/title>\n<meta name=\"robots\" content=\"index, follow, max-snippet:-1, max-image-preview:large, max-video-preview:-1\" \/>\n<link rel=\"canonical\" href=\"https:\/\/izglitiba.valmierasnovads.lv\/trikatasskola\/dokumenti\/\" \/>\n<meta property=\"og:locale\" content=\"lv_LV\" \/>\n<meta property=\"og:type\" content=\"article\" \/>\n<meta property=\"og:title\" content=\"K\u0101rt\u012bbas un noteikumi - Trik\u0101tas pamatskola\" \/>\n<meta property=\"og:url\" content=\"https:\/\/izglitiba.valmierasnovads.lv\/trikatasskola\/dokumenti\/\" \/>\n<meta property=\"og:site_name\" content=\"Trik\u0101tas pamatskola\" \/>\n<meta property=\"article:modified_time\" content=\"2026-01-30T11:22:42+00:00\" \/>\n<meta name=\"twitter:card\" content=\"summary_large_image\" \/>\n<meta name=\"twitter:label1\" content=\"Est. reading time\" \/>\n\t<meta name=\"twitter:data1\" content=\"1 min\u016bte\" \/>\n<script type=\"application\/ld+json\" class=\"yoast-schema-graph\">{\"@context\":\"https:\/\/schema.org\",\"@graph\":[{\"@type\":\"WebPage\",\"@id\":\"https:\/\/izglitiba.valmierasnovads.lv\/trikatasskola\/dokumenti\/\",\"url\":\"https:\/\/izglitiba.valmierasnovads.lv\/trikatasskola\/dokumenti\/\",\"name\":\"K\u0101rt\u012bbas un noteikumi - Trik\u0101tas pamatskola\",\"isPartOf\":{\"@id\":\"https:\/\/izglitiba.valmierasnovads.lv\/trikatasskola\/#website\"},\"datePublished\":\"2026-01-15T08:09:51+00:00\",\"dateModified\":\"2026-01-30T11:22:42+00:00\",\"breadcrumb\":{\"@id\":\"https:\/\/izglitiba.valmierasnovads.lv\/trikatasskola\/dokumenti\/#breadcrumb\"},\"inLanguage\":\"lv-LV\",\"potentialAction\":[{\"@type\":\"ReadAction\",\"target\":[\"https:\/\/izglitiba.valmierasnovads.lv\/trikatasskola\/dokumenti\/\"]}]},{\"@type\":\"BreadcrumbList\",\"@id\":\"https:\/\/izglitiba.valmierasnovads.lv\/trikatasskola\/dokumenti\/#breadcrumb\",\"itemListElement\":[{\"@type\":\"ListItem\",\"position\":1,\"name\":\"Home\",\"item\":\"https:\/\/izglitiba.valmierasnovads.lv\/trikatasskola\/\"},{\"@type\":\"ListItem\",\"position\":2,\"name\":\"K\u0101rt\u012bbas un noteikumi\"}]},{\"@type\":\"WebSite\",\"@id\":\"https:\/\/izglitiba.valmierasnovads.lv\/trikatasskola\/#website\",\"url\":\"https:\/\/izglitiba.valmierasnovads.lv\/trikatasskola\/\",\"name\":\"Trik\u0101tas pamatskola\",\"description\":\"\",\"publisher\":{\"@id\":\"https:\/\/izglitiba.valmierasnovads.lv\/trikatasskola\/#organization\"},\"potentialAction\":[{\"@type\":\"SearchAction\",\"target\":{\"@type\":\"EntryPoint\",\"urlTemplate\":\"https:\/\/izglitiba.valmierasnovads.lv\/trikatasskola\/?s={search_term_string}\"},\"query-input\":{\"@type\":\"PropertyValueSpecification\",\"valueRequired\":true,\"valueName\":\"search_term_string\"}}],\"inLanguage\":\"lv-LV\"},{\"@type\":\"Organization\",\"@id\":\"https:\/\/izglitiba.valmierasnovads.lv\/trikatasskola\/#organization\",\"name\":\"Trik\u0101tas pamatskola\",\"url\":\"https:\/\/izglitiba.valmierasnovads.lv\/trikatasskola\/\",\"logo\":{\"@type\":\"ImageObject\",\"inLanguage\":\"lv-LV\",\"@id\":\"https:\/\/izglitiba.valmierasnovads.lv\/trikatasskola\/#\/schema\/logo\/image\/\",\"url\":\"https:\/\/izglitiba.valmierasnovads.lv\/trikatasskola\/wp-content\/uploads\/sites\/29\/2025\/05\/cropped-Trikatas-pamatskola-08-1-1.png\",\"contentUrl\":\"https:\/\/izglitiba.valmierasnovads.lv\/trikatasskola\/wp-content\/uploads\/sites\/29\/2025\/05\/cropped-Trikatas-pamatskola-08-1-1.png\",\"width\":1080,\"height\":360,\"caption\":\"Trik\u0101tas pamatskola\"},\"image\":{\"@id\":\"https:\/\/izglitiba.valmierasnovads.lv\/trikatasskola\/#\/schema\/logo\/image\/\"}}]}<\/script>\n<!-- \/ Yoast SEO plugin. -->","yoast_head_json":{"title":"K\u0101rt\u012bbas un noteikumi - Trik\u0101tas pamatskola","robots":{"index":"index","follow":"follow","max-snippet":"max-snippet:-1","max-image-preview":"max-image-preview:large","max-video-preview":"max-video-preview:-1"},"canonical":"https:\/\/izglitiba.valmierasnovads.lv\/trikatasskola\/dokumenti\/","og_locale":"lv_LV","og_type":"article","og_title":"K\u0101rt\u012bbas un noteikumi - Trik\u0101tas pamatskola","og_url":"https:\/\/izglitiba.valmierasnovads.lv\/trikatasskola\/dokumenti\/","og_site_name":"Trik\u0101tas pamatskola","article_modified_time":"2026-01-30T11:22:42+00:00","twitter_card":"summary_large_image","twitter_misc":{"Est. reading time":"1 min\u016bte"},"schema":{"@context":"https:\/\/schema.org","@graph":[{"@type":"WebPage","@id":"https:\/\/izglitiba.valmierasnovads.lv\/trikatasskola\/dokumenti\/","url":"https:\/\/izglitiba.valmierasnovads.lv\/trikatasskola\/dokumenti\/","name":"K\u0101rt\u012bbas un noteikumi - Trik\u0101tas pamatskola","isPartOf":{"@id":"https:\/\/izglitiba.valmierasnovads.lv\/trikatasskola\/#website"},"datePublished":"2026-01-15T08:09:51+00:00","dateModified":"2026-01-30T11:22:42+00:00","breadcrumb":{"@id":"https:\/\/izglitiba.valmierasnovads.lv\/trikatasskola\/dokumenti\/#breadcrumb"},"inLanguage":"lv-LV","potentialAction":[{"@type":"ReadAction","target":["https:\/\/izglitiba.valmierasnovads.lv\/trikatasskola\/dokumenti\/"]}]},{"@type":"BreadcrumbList","@id":"https:\/\/izglitiba.valmierasnovads.lv\/trikatasskola\/dokumenti\/#breadcrumb","itemListElement":[{"@type":"ListItem","position":1,"name":"Home","item":"https:\/\/izglitiba.valmierasnovads.lv\/trikatasskola\/"},{"@type":"ListItem","position":2,"name":"K\u0101rt\u012bbas un noteikumi"}]},{"@type":"WebSite","@id":"https:\/\/izglitiba.valmierasnovads.lv\/trikatasskola\/#website","url":"https:\/\/izglitiba.valmierasnovads.lv\/trikatasskola\/","name":"Trik\u0101tas pamatskola","description":"","publisher":{"@id":"https:\/\/izglitiba.valmierasnovads.lv\/trikatasskola\/#organization"},"potentialAction":[{"@type":"SearchAction","target":{"@type":"EntryPoint","urlTemplate":"https:\/\/izglitiba.valmierasnovads.lv\/trikatasskola\/?s={search_term_string}"},"query-input":{"@type":"PropertyValueSpecification","valueRequired":true,"valueName":"search_term_string"}}],"inLanguage":"lv-LV"},{"@type":"Organization","@id":"https:\/\/izglitiba.valmierasnovads.lv\/trikatasskola\/#organization","name":"Trik\u0101tas pamatskola","url":"https:\/\/izglitiba.valmierasnovads.lv\/trikatasskola\/","logo":{"@type":"ImageObject","inLanguage":"lv-LV","@id":"https:\/\/izglitiba.valmierasnovads.lv\/trikatasskola\/#\/schema\/logo\/image\/","url":"https:\/\/izglitiba.valmierasnovads.lv\/trikatasskola\/wp-content\/uploads\/sites\/29\/2025\/05\/cropped-Trikatas-pamatskola-08-1-1.png","contentUrl":"https:\/\/izglitiba.valmierasnovads.lv\/trikatasskola\/wp-content\/uploads\/sites\/29\/2025\/05\/cropped-Trikatas-pamatskola-08-1-1.png","width":1080,"height":360,"caption":"Trik\u0101tas pamatskola"},"image":{"@id":"https:\/\/izglitiba.valmierasnovads.lv\/trikatasskola\/#\/schema\/logo\/image\/"}}]}},"_links":{"self":[{"href":"https:\/\/izglitiba.valmierasnovads.lv\/trikatasskola\/wp-json\/wp\/v2\/pages\/408","targetHints":{"allow":["GET"]}}],"collection":[{"href":"https:\/\/izglitiba.valmierasnovads.lv\/trikatasskola\/wp-json\/wp\/v2\/pages"}],"about":[{"href":"https:\/\/izglitiba.valmierasnovads.lv\/trikatasskola\/wp-json\/wp\/v2\/types\/page"}],"author":[{"embeddable":true,"href":"https:\/\/izglitiba.valmierasnovads.lv\/trikatasskola\/wp-json\/wp\/v2\/users\/29"}],"replies":[{"embeddable":true,"href":"https:\/\/izglitiba.valmierasnovads.lv\/trikatasskola\/wp-json\/wp\/v2\/comments?post=408"}],"version-history":[{"count":4,"href":"https:\/\/izglitiba.valmierasnovads.lv\/trikatasskola\/wp-json\/wp\/v2\/pages\/408\/revisions"}],"predecessor-version":[{"id":469,"href":"https:\/\/izglitiba.valmierasnovads.lv\/trikatasskola\/wp-json\/wp\/v2\/pages\/408\/revisions\/469"}],"wp:attachment":[{"href":"https:\/\/izglitiba.valmierasnovads.lv\/trikatasskola\/wp-json\/wp\/v2\/media?parent=408"}],"curies":[{"name":"wp","href":"https:\/\/api.w.org\/{rel}","templated":true}]}}