{"id":477,"date":"2026-01-30T15:25:22","date_gmt":"2026-01-30T13:25:22","guid":{"rendered":"https:\/\/izglitiba.valmierasnovads.lv\/trikatasskola\/?page_id=477"},"modified":"2026-02-02T10:48:20","modified_gmt":"2026-02-02T08:48:20","slug":"pedagogi","status":"publish","type":"page","link":"https:\/\/izglitiba.valmierasnovads.lv\/trikatasskola\/pedagogi\/","title":{"rendered":"Pedagogi"},"content":{"rendered":"\n<p><strong>Pirmsskolas grupas Trik\u0101t\u0101<\/strong> <\/p>\n\n\n\n<p><\/p>\n\n\n\n<p><strong>Grupa &#8220;Za\u0137\u0113ni&#8221;<\/strong>, skolot\u0101jas Eva Melb\u0101rde, Dace L\u012bbiete &#8211; Dubrovska, skolot\u0101ja pal\u012bgs Linda Sjarki un Alla Ruzankina<\/p>\n\n\n\n<p><strong>Grupa &#8220;L\u0101c\u0113ni&#8221;<\/strong>, skolot\u0101jas Agita P\u0113tersone, Sanita Marene, skolot\u0101ja pal\u012bgs Daiga Zari\u0146a<\/p>\n\n\n\n<p><strong>Grupa &#8220;P\u016bc\u0113ni&#8221;<\/strong>, skolot\u0101jas Grineta Inta Balode, Imanta Za\u013ckalne, skolot\u0101ja pal\u012bgs Daila Iel\u012bte<\/p>\n\n\n\n<p><strong>M\u016bzikas skolot\u0101ja<\/strong> Hel\u0113na Kozlova<\/p>\n\n\n\n<p><strong>Sporta skolot\u0101ja<\/strong> Sanita Marene un Dace L\u012bbiete &#8211; Dubrovska<\/p>\n\n\n\n<p><strong>Pirmsskolas grupas Brengu\u013cos<\/strong><\/p>\n\n\n\n<p><\/p>\n\n\n\n<p><strong>Grupa &#8220;V\u0101ver\u0113ni&#8221;<\/strong>, skolot\u0101jas Maruta Kazinovska, Dace L\u012bbiete &#8211; Dubrovska, skolot\u0101ja pal\u012bgs Antra Dmitrijeva<\/p>\n\n\n\n<p><strong>Grupa &#8220;L\u016bs\u0113ni&#8221;<\/strong>, skolot\u0101jas V\u0113sma Medne, Monta Robule, skolot\u0101ja pal\u012bgs Jolanta Irbe<\/p>\n\n\n\n<p><strong>M\u016bzikas skolot\u0101ja<\/strong> Gunta B\u0113rze<\/p>\n\n\n\n<p><strong>Sporta skolot\u0101js<\/strong> J\u0101nis Korpackis<\/p>\n\n\n\n<p><\/p>\n\n\n\n<p><\/p>\n\n\n\n<p><strong>Pamatskola<\/strong><\/p>\n\n\n\n<p><strong>1. klases audzin\u0101t\u0101ja<\/strong>, s\u0101kumsskolas skolot\u0101ja, latvie\u0161u valoda un literat\u012bra 4. klasei Sandra Sprance<\/p>\n\n\n\n<ol class=\"wp-block-list\"><\/ol>\n\n\n\n<p><strong>2. klases audzin\u0101t\u0101ja<\/strong>, s\u0101kumsskolas skolot\u0101ja, krievu valodas skolot\u0101ja Solvita Strauti\u0146a<\/p>\n\n\n\n<p><strong>3. klases audzin\u0101t\u0101ja<\/strong>, s\u0101kumsskolas skolot\u0101ja, pagarin\u0101t\u0101s grupas skolot\u0101ja Zane M\u012b\u013c\u0101<\/p>\n\n\n\n<p><strong>4. klases audzin\u0101t\u0101ja<\/strong>, sporta skolot\u0101ja Sanija V\u012btola<\/p>\n\n\n\n<p><strong>5. klases audzin\u0101t\u0101ja<\/strong>, direktores vietniece, soci\u0101lo zin\u012bbu 3. un 5. klasei skolot\u0101ja Arta Ziemane<\/p>\n\n\n\n<p><strong>6. klases audzin\u0101t\u0101ja,<\/strong> latvie\u0161u valodas un literat\u016bras skolot\u0101ja 5. &#8211; 9. klasei Iveta \u0100brama<\/p>\n\n\n\n<p><strong>7. klases audzin\u0101t\u0101ja<\/strong> Sandra Sprance<\/p>\n\n\n\n<p><strong>8. klases audzin\u0101t\u0101ja<\/strong>, bibliotek\u0101re, soci\u0101lais pedagogs, pagarin\u0101t\u0101s grupas skolot\u0101ja Astr\u012bda Suipe<\/p>\n\n\n\n<p><strong>9. klases audzin\u0101t\u0101ja<\/strong>, direkotre, intere\u0161u izgl\u012bt\u012bbas skolot\u0101ja &#8211; datorikai, Inga Bo\u0161kina<\/p>\n\n\n\n<p><strong>Ang\u013cu valodas skolot\u0101ja<\/strong> L\u012bva Liepi\u0146a<\/p>\n\n\n\n<p><strong>Biolo\u0123ijas un \u0137\u012bmijas skolot\u0101ja<\/strong>, intere\u0161u izgl\u012bt\u012bba Maira Kupri\u0161a<\/p>\n\n\n\n<p><strong>V\u0113sture un soci\u0101l\u0101s zin\u012bbas<\/strong>, intere\u0161u izgl\u012bt\u012bba Aira K\u0101rkli\u0146a<\/p>\n\n\n\n<p><strong>Fizikas skolot\u0101j<\/strong>s, intere\u0161u izgl\u012bt\u012bba M\u0101rti\u0146\u0161 Latvers<\/p>\n\n\n\n<p><strong>\u0122eogr\u0101fijas skolot\u0101ja<\/strong> Gita Skrasti\u0146a<\/p>\n\n\n\n<p><strong>M\u016bzikas skolot\u0101ja<\/strong>, intere\u0161u izgl\u012bt\u012bba Zinta Kokare<\/p>\n\n\n\n<p><strong>Matem\u0101tikas skolot\u0101ja 4. &#8211; 6. klasei<\/strong> El\u012bna Veira<\/p>\n\n\n\n<p><strong>Matem\u0101tikas skolot\u0101ja 5. &#8211; 9. klasei<\/strong> Anita Biseniece<\/p>\n\n\n\n<p><strong>Dizains un tehnolo\u0123ijas <\/strong>Dace S\u0113ne un Guntars Purgalis<\/p>\n\n\n\n<p><strong>Logop\u0113de <\/strong>Guna Ziedi\u0146a<\/p>\n\n\n\n<p><strong>Psiholo\u0123e<\/strong> Inita Zahar\u010duka<\/p>\n\n\n\n<p><strong>Pagarin\u0101t\u0101s grupas skolot\u0101ja<\/strong> Annemarija Elksne<\/p>\n\n\n\n<p><\/p>\n","protected":false},"excerpt":{"rendered":"<p>Pirmsskolas grupas Trik\u0101t\u0101 Grupa &#8220;Za\u0137\u0113ni&#8221;, skolot\u0101jas Eva Melb\u0101rde, Dace L\u012bbiete &#8211; Dubrovska, skolot\u0101ja pal\u012bgs Linda Sjarki un Alla Ruzankina Grupa [&hellip;]<\/p>\n","protected":false},"author":29,"featured_media":0,"parent":0,"menu_order":0,"comment_status":"closed","ping_status":"closed","template":"","meta":{"_acf_changed":false,"site-sidebar-layout":"default","site-content-layout":"","ast-site-content-layout":"default","site-content-style":"default","site-sidebar-style":"default","ast-global-header-display":"","ast-banner-title-visibility":"","ast-main-header-display":"","ast-hfb-above-header-display":"","ast-hfb-below-header-display":"","ast-hfb-mobile-header-display":"","site-post-title":"","ast-breadcrumbs-content":"","ast-featured-img":"","footer-sml-layout":"","ast-disable-related-posts":"","theme-transparent-header-meta":"","adv-header-id-meta":"","stick-header-meta":"","header-above-stick-meta":"","header-main-stick-meta":"","header-below-stick-meta":"","astra-migrate-meta-layouts":"default","ast-page-background-enabled":"default","ast-page-background-meta":{"desktop":{"background-color":"var(--ast-global-color-5)","background-image":"","background-repeat":"repeat","background-position":"center center","background-size":"auto","background-attachment":"scroll","background-type":"","background-media":"","overlay-type":"","overlay-color":"","overlay-opacity":"","overlay-gradient":""},"tablet":{"background-color":"","background-image":"","background-repeat":"repeat","background-position":"center center","background-size":"auto","background-attachment":"scroll","background-type":"","background-media":"","overlay-type":"","overlay-color":"","overlay-opacity":"","overlay-gradient":""},"mobile":{"background-color":"","background-image":"","background-repeat":"repeat","background-position":"center center","background-size":"auto","background-attachment":"scroll","background-type":"","background-media":"","overlay-type":"","overlay-color":"","overlay-opacity":"","overlay-gradient":""}},"ast-content-background-meta":{"desktop":{"background-color":"var(--ast-global-color-4)","background-image":"","background-repeat":"repeat","background-position":"center center","background-size":"auto","background-attachment":"scroll","background-type":"","background-media":"","overlay-type":"","overlay-color":"","overlay-opacity":"","overlay-gradient":""},"tablet":{"background-color":"var(--ast-global-color-4)","background-image":"","background-repeat":"repeat","background-position":"center center","background-size":"auto","background-attachment":"scroll","background-type":"","background-media":"","overlay-type":"","overlay-color":"","overlay-opacity":"","overlay-gradient":""},"mobile":{"background-color":"var(--ast-global-color-4)","background-image":"","background-repeat":"repeat","background-position":"center center","background-size":"auto","background-attachment":"scroll","background-type":"","background-media":"","overlay-type":"","overlay-color":"","overlay-opacity":"","overlay-gradient":""}},"footnotes":""},"class_list":["post-477","page","type-page","status-publish","hentry"],"acf":[],"yoast_head":"<!-- This site is optimized with the Yoast SEO plugin v27.0 - https:\/\/yoast.com\/product\/yoast-seo-wordpress\/ -->\n<title>Pedagogi - Trik\u0101tas pamatskola<\/title>\n<meta name=\"robots\" content=\"index, follow, max-snippet:-1, max-image-preview:large, max-video-preview:-1\" \/>\n<link rel=\"canonical\" href=\"https:\/\/izglitiba.valmierasnovads.lv\/trikatasskola\/pedagogi\/\" \/>\n<meta property=\"og:locale\" content=\"lv_LV\" \/>\n<meta property=\"og:type\" content=\"article\" \/>\n<meta property=\"og:title\" content=\"Pedagogi - Trik\u0101tas pamatskola\" \/>\n<meta property=\"og:description\" content=\"Pirmsskolas grupas Trik\u0101t\u0101 Grupa &#8220;Za\u0137\u0113ni&#8221;, skolot\u0101jas Eva Melb\u0101rde, Dace L\u012bbiete &#8211; Dubrovska, skolot\u0101ja pal\u012bgs Linda Sjarki un Alla Ruzankina Grupa [&hellip;]\" \/>\n<meta property=\"og:url\" content=\"https:\/\/izglitiba.valmierasnovads.lv\/trikatasskola\/pedagogi\/\" \/>\n<meta property=\"og:site_name\" content=\"Trik\u0101tas pamatskola\" \/>\n<meta property=\"article:modified_time\" content=\"2026-02-02T08:48:20+00:00\" \/>\n<meta name=\"twitter:card\" content=\"summary_large_image\" \/>\n<meta name=\"twitter:label1\" content=\"Est. reading time\" \/>\n\t<meta name=\"twitter:data1\" content=\"2 min\u016btes\" \/>\n<script type=\"application\/ld+json\" class=\"yoast-schema-graph\">{\"@context\":\"https:\/\/schema.org\",\"@graph\":[{\"@type\":\"WebPage\",\"@id\":\"https:\/\/izglitiba.valmierasnovads.lv\/trikatasskola\/pedagogi\/\",\"url\":\"https:\/\/izglitiba.valmierasnovads.lv\/trikatasskola\/pedagogi\/\",\"name\":\"Pedagogi - Trik\u0101tas pamatskola\",\"isPartOf\":{\"@id\":\"https:\/\/izglitiba.valmierasnovads.lv\/trikatasskola\/#website\"},\"datePublished\":\"2026-01-30T13:25:22+00:00\",\"dateModified\":\"2026-02-02T08:48:20+00:00\",\"breadcrumb\":{\"@id\":\"https:\/\/izglitiba.valmierasnovads.lv\/trikatasskola\/pedagogi\/#breadcrumb\"},\"inLanguage\":\"lv-LV\",\"potentialAction\":[{\"@type\":\"ReadAction\",\"target\":[\"https:\/\/izglitiba.valmierasnovads.lv\/trikatasskola\/pedagogi\/\"]}]},{\"@type\":\"BreadcrumbList\",\"@id\":\"https:\/\/izglitiba.valmierasnovads.lv\/trikatasskola\/pedagogi\/#breadcrumb\",\"itemListElement\":[{\"@type\":\"ListItem\",\"position\":1,\"name\":\"Home\",\"item\":\"https:\/\/izglitiba.valmierasnovads.lv\/trikatasskola\/\"},{\"@type\":\"ListItem\",\"position\":2,\"name\":\"Pedagogi\"}]},{\"@type\":\"WebSite\",\"@id\":\"https:\/\/izglitiba.valmierasnovads.lv\/trikatasskola\/#website\",\"url\":\"https:\/\/izglitiba.valmierasnovads.lv\/trikatasskola\/\",\"name\":\"Trik\u0101tas pamatskola\",\"description\":\"\",\"publisher\":{\"@id\":\"https:\/\/izglitiba.valmierasnovads.lv\/trikatasskola\/#organization\"},\"potentialAction\":[{\"@type\":\"SearchAction\",\"target\":{\"@type\":\"EntryPoint\",\"urlTemplate\":\"https:\/\/izglitiba.valmierasnovads.lv\/trikatasskola\/?s={search_term_string}\"},\"query-input\":{\"@type\":\"PropertyValueSpecification\",\"valueRequired\":true,\"valueName\":\"search_term_string\"}}],\"inLanguage\":\"lv-LV\"},{\"@type\":\"Organization\",\"@id\":\"https:\/\/izglitiba.valmierasnovads.lv\/trikatasskola\/#organization\",\"name\":\"Trik\u0101tas pamatskola\",\"url\":\"https:\/\/izglitiba.valmierasnovads.lv\/trikatasskola\/\",\"logo\":{\"@type\":\"ImageObject\",\"inLanguage\":\"lv-LV\",\"@id\":\"https:\/\/izglitiba.valmierasnovads.lv\/trikatasskola\/#\/schema\/logo\/image\/\",\"url\":\"https:\/\/izglitiba.valmierasnovads.lv\/trikatasskola\/wp-content\/uploads\/sites\/29\/2025\/05\/cropped-Trikatas-pamatskola-08-1-1.png\",\"contentUrl\":\"https:\/\/izglitiba.valmierasnovads.lv\/trikatasskola\/wp-content\/uploads\/sites\/29\/2025\/05\/cropped-Trikatas-pamatskola-08-1-1.png\",\"width\":1080,\"height\":360,\"caption\":\"Trik\u0101tas pamatskola\"},\"image\":{\"@id\":\"https:\/\/izglitiba.valmierasnovads.lv\/trikatasskola\/#\/schema\/logo\/image\/\"}}]}<\/script>\n<!-- \/ Yoast SEO plugin. -->","yoast_head_json":{"title":"Pedagogi - Trik\u0101tas pamatskola","robots":{"index":"index","follow":"follow","max-snippet":"max-snippet:-1","max-image-preview":"max-image-preview:large","max-video-preview":"max-video-preview:-1"},"canonical":"https:\/\/izglitiba.valmierasnovads.lv\/trikatasskola\/pedagogi\/","og_locale":"lv_LV","og_type":"article","og_title":"Pedagogi - Trik\u0101tas pamatskola","og_description":"Pirmsskolas grupas Trik\u0101t\u0101 Grupa &#8220;Za\u0137\u0113ni&#8221;, skolot\u0101jas Eva Melb\u0101rde, Dace L\u012bbiete &#8211; Dubrovska, skolot\u0101ja pal\u012bgs Linda Sjarki un Alla Ruzankina Grupa [&hellip;]","og_url":"https:\/\/izglitiba.valmierasnovads.lv\/trikatasskola\/pedagogi\/","og_site_name":"Trik\u0101tas pamatskola","article_modified_time":"2026-02-02T08:48:20+00:00","twitter_card":"summary_large_image","twitter_misc":{"Est. reading time":"2 min\u016btes"},"schema":{"@context":"https:\/\/schema.org","@graph":[{"@type":"WebPage","@id":"https:\/\/izglitiba.valmierasnovads.lv\/trikatasskola\/pedagogi\/","url":"https:\/\/izglitiba.valmierasnovads.lv\/trikatasskola\/pedagogi\/","name":"Pedagogi - Trik\u0101tas pamatskola","isPartOf":{"@id":"https:\/\/izglitiba.valmierasnovads.lv\/trikatasskola\/#website"},"datePublished":"2026-01-30T13:25:22+00:00","dateModified":"2026-02-02T08:48:20+00:00","breadcrumb":{"@id":"https:\/\/izglitiba.valmierasnovads.lv\/trikatasskola\/pedagogi\/#breadcrumb"},"inLanguage":"lv-LV","potentialAction":[{"@type":"ReadAction","target":["https:\/\/izglitiba.valmierasnovads.lv\/trikatasskola\/pedagogi\/"]}]},{"@type":"BreadcrumbList","@id":"https:\/\/izglitiba.valmierasnovads.lv\/trikatasskola\/pedagogi\/#breadcrumb","itemListElement":[{"@type":"ListItem","position":1,"name":"Home","item":"https:\/\/izglitiba.valmierasnovads.lv\/trikatasskola\/"},{"@type":"ListItem","position":2,"name":"Pedagogi"}]},{"@type":"WebSite","@id":"https:\/\/izglitiba.valmierasnovads.lv\/trikatasskola\/#website","url":"https:\/\/izglitiba.valmierasnovads.lv\/trikatasskola\/","name":"Trik\u0101tas pamatskola","description":"","publisher":{"@id":"https:\/\/izglitiba.valmierasnovads.lv\/trikatasskola\/#organization"},"potentialAction":[{"@type":"SearchAction","target":{"@type":"EntryPoint","urlTemplate":"https:\/\/izglitiba.valmierasnovads.lv\/trikatasskola\/?s={search_term_string}"},"query-input":{"@type":"PropertyValueSpecification","valueRequired":true,"valueName":"search_term_string"}}],"inLanguage":"lv-LV"},{"@type":"Organization","@id":"https:\/\/izglitiba.valmierasnovads.lv\/trikatasskola\/#organization","name":"Trik\u0101tas pamatskola","url":"https:\/\/izglitiba.valmierasnovads.lv\/trikatasskola\/","logo":{"@type":"ImageObject","inLanguage":"lv-LV","@id":"https:\/\/izglitiba.valmierasnovads.lv\/trikatasskola\/#\/schema\/logo\/image\/","url":"https:\/\/izglitiba.valmierasnovads.lv\/trikatasskola\/wp-content\/uploads\/sites\/29\/2025\/05\/cropped-Trikatas-pamatskola-08-1-1.png","contentUrl":"https:\/\/izglitiba.valmierasnovads.lv\/trikatasskola\/wp-content\/uploads\/sites\/29\/2025\/05\/cropped-Trikatas-pamatskola-08-1-1.png","width":1080,"height":360,"caption":"Trik\u0101tas pamatskola"},"image":{"@id":"https:\/\/izglitiba.valmierasnovads.lv\/trikatasskola\/#\/schema\/logo\/image\/"}}]}},"_links":{"self":[{"href":"https:\/\/izglitiba.valmierasnovads.lv\/trikatasskola\/wp-json\/wp\/v2\/pages\/477","targetHints":{"allow":["GET"]}}],"collection":[{"href":"https:\/\/izglitiba.valmierasnovads.lv\/trikatasskola\/wp-json\/wp\/v2\/pages"}],"about":[{"href":"https:\/\/izglitiba.valmierasnovads.lv\/trikatasskola\/wp-json\/wp\/v2\/types\/page"}],"author":[{"embeddable":true,"href":"https:\/\/izglitiba.valmierasnovads.lv\/trikatasskola\/wp-json\/wp\/v2\/users\/29"}],"replies":[{"embeddable":true,"href":"https:\/\/izglitiba.valmierasnovads.lv\/trikatasskola\/wp-json\/wp\/v2\/comments?post=477"}],"version-history":[{"count":4,"href":"https:\/\/izglitiba.valmierasnovads.lv\/trikatasskola\/wp-json\/wp\/v2\/pages\/477\/revisions"}],"predecessor-version":[{"id":484,"href":"https:\/\/izglitiba.valmierasnovads.lv\/trikatasskola\/wp-json\/wp\/v2\/pages\/477\/revisions\/484"}],"wp:attachment":[{"href":"https:\/\/izglitiba.valmierasnovads.lv\/trikatasskola\/wp-json\/wp\/v2\/media?parent=477"}],"curies":[{"name":"wp","href":"https:\/\/api.w.org\/{rel}","templated":true}]}}