{"id":7,"date":"2025-05-06T08:16:35","date_gmt":"2025-05-06T05:16:35","guid":{"rendered":"https:\/\/izglitiba.valmierasnovads.lv\/trikatasskola\/sakumlapa\/"},"modified":"2026-03-25T10:55:17","modified_gmt":"2026-03-25T08:55:17","slug":"sakumlapa","status":"publish","type":"page","link":"https:\/\/izglitiba.valmierasnovads.lv\/trikatasskola\/","title":{"rendered":"S\u0101kumlapa"},"content":{"rendered":"\n<div class=\"main-slider\">\n    <div><img decoding=\"async\" src=\"https:\/\/izglitiba.valmierasnovads.lv\/trikatasskola\/wp-content\/uploads\/sites\/29\/2025\/05\/21-scaled.jpg\" alt=\"\"><\/div><\/div>\n\n\n<div id=\"quick_sites\">\n    <div class=\"quick_link_title\">\u0100tr\u0101s saites<\/div><div class=\"links-container\"><div class=\"quick_site_link\"><a href=\"http:\/\/www.trikatasskola.beverina.lv\">Skolas iepriek\u0161\u0113j\u0101 m\u0101jaslapa<\/a><\/div><\/div><\/div>\n<div id=\"quick_sites_line\"><\/div>\n\n\n<div class=\"news-slider-wrapper\">\n    <h2>Jaunumi<\/h2>\n    <p class=\"link\"><a href=\"https:\/\/izglitiba.valmierasnovads.lv\/trikatasskola\/jaunumi\" title=\"Las\u012bt visus jaunumus\">Las\u012bt visus<\/a><\/p>\n    <div class=\"news-slider\">\n        <div class=\"item\"><a href=\"https:\/\/izglitiba.valmierasnovads.lv\/trikatasskola\/2026\/04\/13\/vecvecaku-pecpusdiena\/\">\n                        <div class=\"item-image\"><img decoding=\"async\" src=\"  \" \/><\/div><div class=\"item-title\">Vecvec\u0101ku p\u0113cpusdiena<\/div><div class=\"item-date\">13.04.2026<\/div><div class=\"item-description\">Vecvec\u0101ku p\u0113cpusdiena Trik\u0101tas pirmsskol\u0101!<\/div>\n                        <\/a><div class=\"item-link\"><a href=\"https:\/\/izglitiba.valmierasnovads.lv\/trikatasskola\/2026\/04\/13\/vecvecaku-pecpusdiena\/\">Las\u012bt vair\u0101k<\/a><\/div><\/div><div class=\"item\"><a href=\"https:\/\/izglitiba.valmierasnovads.lv\/trikatasskola\/2026\/03\/27\/strencu-muzikas-skolas-audzeknu-koncerts\/\">\n                        <div class=\"item-image\"><img decoding=\"async\" src=\" https:\/\/izglitiba.valmierasnovads.lv\/trikatasskola\/wp-content\/uploads\/sites\/29\/2026\/03\/WhatsApp-Image-2026-03-27-at-10.05.33-2.jpeg \" \/><\/div><div class=\"item-title\">STREN\u010cU M\u016aZIKAS SKOLAS AUDZ\u0112K\u0145U KONCERTS<\/div><div class=\"item-date\">27.03.2026<\/div><div class=\"item-description\">Pas\u0101kuma laik\u0101 Trik\u0101tas pamatskolas skol\u0113ni ar aizraut\u012bbu un profesionalit\u0101ti demonstr\u0113ja sav&#8230;<\/div>\n                        <\/a><div class=\"item-link\"><a href=\"https:\/\/izglitiba.valmierasnovads.lv\/trikatasskola\/2026\/03\/27\/strencu-muzikas-skolas-audzeknu-koncerts\/\">Las\u012bt vair\u0101k<\/a><\/div><\/div><div class=\"item\"><a href=\"https:\/\/izglitiba.valmierasnovads.lv\/trikatasskola\/2026\/03\/27\/teatra-diena\/\">\n                        <div class=\"item-image\"><img decoding=\"async\" src=\" https:\/\/izglitiba.valmierasnovads.lv\/trikatasskola\/wp-content\/uploads\/sites\/29\/2026\/03\/WhatsApp-Image-2026-03-27-at-09.56.27-7-1.jpeg \" \/><\/div><div class=\"item-title\">TE\u0100TRA DIENA<\/div><div class=\"item-date\">27.03.2026<\/div><div class=\"item-description\">27.mart\u0101 vis\u0101 pasaul\u0113 tiek atz\u012bm\u0113ta Te\u0101tra diena \u2013 sv\u0113tki, kas godina skatuves m\u0101kslu un t&#8230;<\/div>\n                        <\/a><div class=\"item-link\"><a href=\"https:\/\/izglitiba.valmierasnovads.lv\/trikatasskola\/2026\/03\/27\/teatra-diena\/\">Las\u012bt vair\u0101k<\/a><\/div><\/div><div class=\"item\"><a href=\"https:\/\/izglitiba.valmierasnovads.lv\/trikatasskola\/2026\/03\/25\/genocida-upuru-pieminas-dienai-veltits-bridis-trikatas-pamatskola\/\">\n                        <div class=\"item-image\"><img decoding=\"async\" src=\" https:\/\/izglitiba.valmierasnovads.lv\/trikatasskola\/wp-content\/uploads\/sites\/29\/2026\/03\/WhatsApp-Image-2026-03-25-at-11.28.23-1.jpeg \" \/><\/div><div class=\"item-title\">GENOC\u012aDA UPURU PIEMI\u0145AS DIENAI VELT\u012aTS BR\u012aDIS TRIK\u0100TAS PAMATSKOL\u0100<\/div><div class=\"item-date\">25.03.2026<\/div><div class=\"item-description\">25. marta r\u012bts Trik\u0101tas pamatskol\u0101 ies\u0101k\u0101s ar cie\u0146as pilnu klusumu un dzi\u013c\u0101m p\u0101rdom\u0101m. Vis&#8230;<\/div>\n                        <\/a><div class=\"item-link\"><a href=\"https:\/\/izglitiba.valmierasnovads.lv\/trikatasskola\/2026\/03\/25\/genocida-upuru-pieminas-dienai-veltits-bridis-trikatas-pamatskola\/\">Las\u012bt vair\u0101k<\/a><\/div><\/div><div class=\"item\"><a href=\"https:\/\/izglitiba.valmierasnovads.lv\/trikatasskola\/2026\/03\/25\/brinumaina-bernu-aukle\/\">\n                        <div class=\"item-image\"><img decoding=\"async\" src=\" https:\/\/izglitiba.valmierasnovads.lv\/trikatasskola\/wp-content\/uploads\/sites\/29\/2026\/03\/WhatsApp-Image-2026-03-25-at-11.20.15.jpeg \" \/><\/div><div class=\"item-title\">BR\u012aNUMAIN\u0100 B\u0112RNU AUKLE<\/div><div class=\"item-date\">25.03.2026<\/div><div class=\"item-description\">BR\u012aNUMAIN\u0100 B\u0112RNU AUKLE Trik\u0101tas pamatskolas pirmsskolas b\u0113rnus un 1.-3.kla\u0161u skol\u0113nus apciemo&#8230;<\/div>\n                        <\/a><div class=\"item-link\"><a href=\"https:\/\/izglitiba.valmierasnovads.lv\/trikatasskola\/2026\/03\/25\/brinumaina-bernu-aukle\/\">Las\u012bt vair\u0101k<\/a><\/div><\/div><div class=\"item\"><a href=\"https:\/\/izglitiba.valmierasnovads.lv\/trikatasskola\/2026\/01\/05\/projekta-izvertejums\/\">\n                        <div class=\"item-image\"><img decoding=\"async\" src=\"  \" \/><\/div><div class=\"item-title\">PROJEKTA IZV\u0112RT\u0112JUMS<\/div><div class=\"item-date\">05.01.2026<\/div><div class=\"item-description\">M\u0113s, Trik\u0101tas pamatskola skol\u0113nu pa\u0161p\u0101rvalde, piedal\u012bj\u0101mies projekt\u0101 KONTAKTS 2025 un \u012bsten&#8230;<\/div>\n                        <\/a><div class=\"item-link\"><a href=\"https:\/\/izglitiba.valmierasnovads.lv\/trikatasskola\/2026\/01\/05\/projekta-izvertejums\/\">Las\u012bt vair\u0101k<\/a><\/div><\/div><div class=\"item\"><a href=\"https:\/\/izglitiba.valmierasnovads.lv\/trikatasskola\/2025\/12\/17\/sirsniga-tradicija-kas-turpina-vienot\/\">\n                        <div class=\"item-image\"><img decoding=\"async\" src=\" https:\/\/izglitiba.valmierasnovads.lv\/trikatasskola\/wp-content\/uploads\/sites\/29\/2025\/12\/WhatsApp-Image-2025-12-17-at-13.49.55.jpeg \" \/><\/div><div class=\"item-title\">SIRSN\u012aGA TRAD\u012aCIJA, KAS TURPINA VIENOT!<\/div><div class=\"item-date\">17.12.2025<\/div><div class=\"item-description\">Ar sirsn\u012bbu un l\u012bdzciet\u012bbu ar\u012b \u0161ogad, turpinot skaistu un noz\u012bm\u012bgu trad\u012bciju, Trik\u0101tas pama&#8230;<\/div>\n                        <\/a><div class=\"item-link\"><a href=\"https:\/\/izglitiba.valmierasnovads.lv\/trikatasskola\/2025\/12\/17\/sirsniga-tradicija-kas-turpina-vienot\/\">Las\u012bt vair\u0101k<\/a><\/div><\/div><div class=\"item\"><a href=\"https:\/\/izglitiba.valmierasnovads.lv\/trikatasskola\/2025\/12\/12\/volejbola-turnirs\/\">\n                        <div class=\"item-image\"><img decoding=\"async\" src=\" https:\/\/izglitiba.valmierasnovads.lv\/trikatasskola\/wp-content\/uploads\/sites\/29\/2025\/12\/12_12_2025_6.jpeg \" \/><\/div><div class=\"item-title\">VOLEJBOLA TURN\u012aRS<\/div><div class=\"item-date\">12.12.2025<\/div><div class=\"item-description\">12. decembr\u012b no plkst. 16.00 l\u012bdz 19.00 Trik\u0101tas pamatskolas sporta hall\u0113 norisin\u0101j\u0101s aizraujo&#8230;<\/div>\n                        <\/a><div class=\"item-link\"><a href=\"https:\/\/izglitiba.valmierasnovads.lv\/trikatasskola\/2025\/12\/12\/volejbola-turnirs\/\">Las\u012bt vair\u0101k<\/a><\/div><\/div><div class=\"item\"><a href=\"https:\/\/izglitiba.valmierasnovads.lv\/trikatasskola\/2025\/11\/27\/orientesanas-pasakums\/\">\n                        <div class=\"item-image\"><img decoding=\"async\" src=\" https:\/\/izglitiba.valmierasnovads.lv\/trikatasskola\/wp-content\/uploads\/sites\/29\/2025\/12\/04-2025-11-27.jpg \" \/><\/div><div class=\"item-title\">ORIENT\u0112\u0160AN\u0100S PAS\u0100KUMS<\/div><div class=\"item-date\">27.11.2025<\/div><div class=\"item-description\">27. novembr\u012b visi skol\u0113ni \u2013 no 1. l\u012bdz 9. klasei \u2013 piedal\u012bj\u0101s orient\u0113\u0161an\u0101s pas\u0101kum\u0101. M&#8230;<\/div>\n                        <\/a><div class=\"item-link\"><a href=\"https:\/\/izglitiba.valmierasnovads.lv\/trikatasskola\/2025\/11\/27\/orientesanas-pasakums\/\">Las\u012bt vair\u0101k<\/a><\/div><\/div><div class=\"item\"><a href=\"https:\/\/izglitiba.valmierasnovads.lv\/trikatasskola\/2025\/11\/12\/sadarbiba-dzimst-speks-pasparvaldes-diena-trikatas-pamatskola\/\">\n                        <div class=\"item-image\"><img decoding=\"async\" src=\" https:\/\/izglitiba.valmierasnovads.lv\/trikatasskola\/wp-content\/uploads\/sites\/29\/2025\/12\/12_11_2025_5p.jpeg \" \/><\/div><div class=\"item-title\">SADARB\u012aB\u0100 DZIMST SP\u0112KS: PA\u0160P\u0100RVALDES DIENA TRIK\u0100TAS PAMATSKOL\u0100<\/div><div class=\"item-date\">12.11.2025<\/div><div class=\"item-description\">12. novembr\u012b Trik\u0101tas pamatskol\u0101 vald\u012bja pat\u012bkams ros\u012bbas gars \u2013 pa\u0161p\u0101rvaldes m\u0101c\u012bb\u0101s, &#8230;<\/div>\n                        <\/a><div class=\"item-link\"><a href=\"https:\/\/izglitiba.valmierasnovads.lv\/trikatasskola\/2025\/11\/12\/sadarbiba-dzimst-speks-pasparvaldes-diena-trikatas-pamatskola\/\">Las\u012bt vair\u0101k<\/a><\/div><\/div>    <\/div>\n<\/div>   \n\n\n\n\n\n<div class='line-wrapper'>\n<\/div>\n<div class=\"events-slider-wrapper\">\n    <h2>Notikumi<\/h2>\n    <p class=\"link\"><a href=\"https:\/\/izglitiba.valmierasnovads.lv\/trikatasskola\/notikumi\" title=\"Skat\u012bt visus notikumus\">Skat\u012bt visus<\/a><\/p>\n    <div class=\"event-slider\">\n            <\/div>\n<\/div>   \n\n\n<div class='line-wrapper'>\n<\/div>\n<div class=\"poster-slider-wrapper\">\n    <h2>Afi\u0161a<\/h2>\n    <p class=\"link\"><a href=\"https:\/\/izglitiba.valmierasnovads.lv\/trikatasskola\/afisas\" title=\"Skat\u012bt visas galerijas\">Skat\u012bt visas<\/a><\/p>\n    <div class=\"poster-slider\">\n        <div class=\"item\"><div class=\"item-image\"><a id=\"call_gallery\" class=\"cboxElement\" data-fancybox-trigger=\"gallery\" data-fancybox-index=\"0\"><img decoding=\"async\" src=\" https:\/\/izglitiba.valmierasnovads.lv\/trikatasskola\/wp-content\/uploads\/sites\/29\/2026\/03\/galleryImages.png \" \/><\/a><\/div><\/div><div class=\"item\"><div class=\"item-image\"><a id=\"call_gallery\" class=\"cboxElement\" data-fancybox-trigger=\"gallery\" data-fancybox-index=\"1\"><img decoding=\"async\" src=\" https:\/\/izglitiba.valmierasnovads.lv\/trikatasskola\/wp-content\/uploads\/sites\/29\/2026\/03\/galleryImages-1.jpg \" \/><\/a><\/div><\/div><div class=\"item\"><div class=\"item-image\"><a id=\"call_gallery\" class=\"cboxElement\" data-fancybox-trigger=\"gallery\" data-fancybox-index=\"2\"><img decoding=\"async\" src=\" https:\/\/izglitiba.valmierasnovads.lv\/trikatasskola\/wp-content\/uploads\/sites\/29\/2026\/03\/galleryImages.jpg \" \/><\/a><\/div><\/div><div class=\"item\"><div class=\"item-image\"><a id=\"call_gallery\" class=\"cboxElement\" data-fancybox-trigger=\"gallery\" data-fancybox-index=\"3\"><img decoding=\"async\" src=\" https:\/\/izglitiba.valmierasnovads.lv\/trikatasskola\/wp-content\/uploads\/sites\/29\/2026\/02\/No-2025.-gada-3.-marta.png \" \/><\/a><\/div><\/div><div class=\"item\"><div class=\"item-image\"><a id=\"call_gallery\" class=\"cboxElement\" data-fancybox-trigger=\"gallery\" data-fancybox-index=\"4\"><img decoding=\"async\" src=\" https:\/\/izglitiba.valmierasnovads.lv\/trikatasskola\/wp-content\/uploads\/sites\/29\/2026\/02\/Ciao.png \" \/><\/a><\/div><\/div><div class=\"item\"><div class=\"item-image\"><a id=\"call_gallery\" class=\"cboxElement\" data-fancybox-trigger=\"gallery\" data-fancybox-index=\"5\"><img decoding=\"async\" src=\" https:\/\/izglitiba.valmierasnovads.lv\/trikatasskola\/wp-content\/uploads\/sites\/29\/2026\/01\/WhatsApp-Image-2026-01-30-at-14.53.44.jpeg \" \/><\/a><\/div><\/div><div class=\"item\"><div class=\"item-image\"><a id=\"call_gallery\" class=\"cboxElement\" data-fancybox-trigger=\"gallery\" data-fancybox-index=\"6\"><img decoding=\"async\" src=\" https:\/\/izglitiba.valmierasnovads.lv\/trikatasskola\/wp-content\/uploads\/sites\/29\/2026\/01\/Trikatas-pamatskola-1.png \" \/><\/a><\/div><\/div><div class=\"item\"><div class=\"item-image\"><a id=\"call_gallery\" class=\"cboxElement\" data-fancybox-trigger=\"gallery\" data-fancybox-index=\"7\"><img decoding=\"async\" src=\" https:\/\/izglitiba.valmierasnovads.lv\/trikatasskola\/wp-content\/uploads\/sites\/29\/2026\/01\/Ekranuznemums-2026-01-29-113251.png \" \/><\/a><\/div><\/div><div class=\"item\"><div class=\"item-image\"><a id=\"call_gallery\" class=\"cboxElement\" data-fancybox-trigger=\"gallery\" data-fancybox-index=\"8\"><img decoding=\"async\" src=\" https:\/\/izglitiba.valmierasnovads.lv\/trikatasskola\/wp-content\/uploads\/sites\/29\/2026\/01\/Bonfire-1.png \" \/><\/a><\/div><\/div><div class=\"item\"><div class=\"item-image\"><a id=\"call_gallery\" class=\"cboxElement\" data-fancybox-trigger=\"gallery\" data-fancybox-index=\"9\"><img decoding=\"async\" src=\" https:\/\/izglitiba.valmierasnovads.lv\/trikatasskola\/wp-content\/uploads\/sites\/29\/2025\/12\/Ziemassvetku-prieks-1.png \" \/><\/a><\/div><\/div>    <\/div>\n    <div style=\"display: hidden;\">\n        <a href=\"https:\/\/izglitiba.valmierasnovads.lv\/trikatasskola\/wp-content\/uploads\/sites\/29\/2026\/03\/galleryImages.png\" data-fancybox=\"gallery\"><\/a><a href=\"https:\/\/izglitiba.valmierasnovads.lv\/trikatasskola\/wp-content\/uploads\/sites\/29\/2026\/03\/galleryImages-1.jpg\" data-fancybox=\"gallery\"><\/a><a href=\"https:\/\/izglitiba.valmierasnovads.lv\/trikatasskola\/wp-content\/uploads\/sites\/29\/2026\/03\/galleryImages.jpg\" data-fancybox=\"gallery\"><\/a><a href=\"https:\/\/izglitiba.valmierasnovads.lv\/trikatasskola\/wp-content\/uploads\/sites\/29\/2026\/02\/No-2025.-gada-3.-marta.png\" data-fancybox=\"gallery\"><\/a><a href=\"https:\/\/izglitiba.valmierasnovads.lv\/trikatasskola\/wp-content\/uploads\/sites\/29\/2026\/02\/Ciao.png\" data-fancybox=\"gallery\"><\/a><a href=\"https:\/\/izglitiba.valmierasnovads.lv\/trikatasskola\/wp-content\/uploads\/sites\/29\/2026\/01\/WhatsApp-Image-2026-01-30-at-14.53.44.jpeg\" data-fancybox=\"gallery\"><\/a><a href=\"https:\/\/izglitiba.valmierasnovads.lv\/trikatasskola\/wp-content\/uploads\/sites\/29\/2026\/01\/Trikatas-pamatskola-1.png\" data-fancybox=\"gallery\"><\/a><a href=\"https:\/\/izglitiba.valmierasnovads.lv\/trikatasskola\/wp-content\/uploads\/sites\/29\/2026\/01\/Ekranuznemums-2026-01-29-113251.png\" data-fancybox=\"gallery\"><\/a><a href=\"https:\/\/izglitiba.valmierasnovads.lv\/trikatasskola\/wp-content\/uploads\/sites\/29\/2026\/01\/Bonfire-1.png\" data-fancybox=\"gallery\"><\/a><a href=\"https:\/\/izglitiba.valmierasnovads.lv\/trikatasskola\/wp-content\/uploads\/sites\/29\/2025\/12\/Ziemassvetku-prieks-1.png\" data-fancybox=\"gallery\"><\/a>    <\/div>\n<\/div>\n\n\n\n<div class='line-wrapper'>\n<\/div>\n<div class=\"gallery-slider-wrapper\">\n<h2>Galerija<\/h2>\n<p class=\"link\"><a href=\"https:\/\/izglitiba.valmierasnovads.lv\/trikatasskola\/galerijas\" title=\"Skat\u012bt visas galerijas\">Skat\u012bt visas<\/a><\/p>\n<div class=\"gallery-slider\">\n    <\/div>\n<\/div>\n\n\n<div class='line-wrapper'>\n<\/div>\n<div class=\"partner-slider-wrapper\">\n    <div class=\"partner-slider\">\n        <div class=\"item\"><div class=\"item-logo\"><a href=\"https:\/\/www.e-klase.lv\/\"><img decoding=\"async\" src=\"https:\/\/izglitiba.valmierasnovads.lv\/trikatasskola\/wp-content\/uploads\/sites\/29\/2026\/03\/E-klase.jpg\" alt=\"E-Klase\" \/><\/a><\/div><\/div><div class=\"item\"><div class=\"item-logo\"><a href=\"https:\/\/soma.lv\/v2\/\"><img decoding=\"async\" src=\"https:\/\/izglitiba.valmierasnovads.lv\/trikatasskola\/wp-content\/uploads\/sites\/29\/2026\/03\/Soma.jpg\" alt=\"Soma.lv\" \/><\/a><\/div><\/div><div class=\"item\"><div class=\"item-logo\"><a href=\"https:\/\/skolo.lv\/\"><img decoding=\"async\" src=\"https:\/\/izglitiba.valmierasnovads.lv\/trikatasskola\/wp-content\/uploads\/sites\/29\/2026\/03\/skolo.jpg\" alt=\"Skolo.lv\" \/><\/a><\/div><\/div><div class=\"item\"><div class=\"item-logo\"><a href=\"https:\/\/www.valmierasnovads.lv\/\"><img decoding=\"async\" src=\"https:\/\/izglitiba.valmierasnovads.lv\/trikatasskola\/wp-content\/uploads\/sites\/29\/2026\/03\/valmieras_novads.jpg\" alt=\"Valmieras novads\" \/><\/a><\/div><\/div><div class=\"item\"><div class=\"item-logo\"><a href=\"https:\/\/www.uzdevumi.lv\/\"><img decoding=\"async\" src=\"https:\/\/izglitiba.valmierasnovads.lv\/trikatasskola\/wp-content\/uploads\/sites\/29\/2026\/03\/Uzdevumi_lv.jpg\" alt=\"Uzdevumi.lv\" \/><\/a><\/div><\/div>    <\/div>\n<\/div>","protected":false},"excerpt":{"rendered":"","protected":false},"author":1,"featured_media":0,"parent":0,"menu_order":0,"comment_status":"closed","ping_status":"closed","template":"","meta":{"_acf_changed":false,"site-sidebar-layout":"default","site-content-layout":"","ast-site-content-layout":"default","site-content-style":"default","site-sidebar-style":"default","ast-global-header-display":"","ast-banner-title-visibility":"","ast-main-header-display":"","ast-hfb-above-header-display":"","ast-hfb-below-header-display":"","ast-hfb-mobile-header-display":"","site-post-title":"","ast-breadcrumbs-content":"","ast-featured-img":"","footer-sml-layout":"","ast-disable-related-posts":"","theme-transparent-header-meta":"","adv-header-id-meta":"","stick-header-meta":"","header-above-stick-meta":"","header-main-stick-meta":"","header-below-stick-meta":"","astra-migrate-meta-layouts":"default","ast-page-background-enabled":"default","ast-page-background-meta":{"desktop":{"background-color":"var(--ast-global-color-5)","background-image":"","background-repeat":"repeat","background-position":"center center","background-size":"auto","background-attachment":"scroll","background-type":"","background-media":"","overlay-type":"","overlay-color":"","overlay-opacity":"","overlay-gradient":""},"tablet":{"background-color":"","background-image":"","background-repeat":"repeat","background-position":"center center","background-size":"auto","background-attachment":"scroll","background-type":"","background-media":"","overlay-type":"","overlay-color":"","overlay-opacity":"","overlay-gradient":""},"mobile":{"background-color":"","background-image":"","background-repeat":"repeat","background-position":"center center","background-size":"auto","background-attachment":"scroll","background-type":"","background-media":"","overlay-type":"","overlay-color":"","overlay-opacity":"","overlay-gradient":""}},"ast-content-background-meta":{"desktop":{"background-color":"var(--ast-global-color-4)","background-image":"","background-repeat":"repeat","background-position":"center center","background-size":"auto","background-attachment":"scroll","background-type":"","background-media":"","overlay-type":"","overlay-color":"","overlay-opacity":"","overlay-gradient":""},"tablet":{"background-color":"var(--ast-global-color-4)","background-image":"","background-repeat":"repeat","background-position":"center center","background-size":"auto","background-attachment":"scroll","background-type":"","background-media":"","overlay-type":"","overlay-color":"","overlay-opacity":"","overlay-gradient":""},"mobile":{"background-color":"var(--ast-global-color-4)","background-image":"","background-repeat":"repeat","background-position":"center center","background-size":"auto","background-attachment":"scroll","background-type":"","background-media":"","overlay-type":"","overlay-color":"","overlay-opacity":"","overlay-gradient":""}},"footnotes":""},"class_list":["post-7","page","type-page","status-publish","hentry"],"acf":[],"yoast_head":"<!-- This site is optimized with the Yoast SEO plugin v27.0 - https:\/\/yoast.com\/product\/yoast-seo-wordpress\/ -->\n<title>S\u0101kumlapa - Trik\u0101tas pamatskola<\/title>\n<meta name=\"robots\" content=\"index, follow, max-snippet:-1, max-image-preview:large, max-video-preview:-1\" \/>\n<link rel=\"canonical\" href=\"https:\/\/izglitiba.valmierasnovads.lv\/trikatasskola\/\" \/>\n<meta property=\"og:locale\" content=\"lv_LV\" \/>\n<meta property=\"og:type\" content=\"article\" \/>\n<meta property=\"og:title\" content=\"S\u0101kumlapa - Trik\u0101tas pamatskola\" \/>\n<meta property=\"og:url\" content=\"https:\/\/izglitiba.valmierasnovads.lv\/trikatasskola\/\" \/>\n<meta property=\"og:site_name\" content=\"Trik\u0101tas pamatskola\" \/>\n<meta property=\"article:modified_time\" content=\"2026-03-25T08:55:17+00:00\" \/>\n<meta name=\"twitter:card\" content=\"summary_large_image\" \/>\n<script type=\"application\/ld+json\" class=\"yoast-schema-graph\">{\"@context\":\"https:\/\/schema.org\",\"@graph\":[{\"@type\":\"WebPage\",\"@id\":\"https:\/\/izglitiba.valmierasnovads.lv\/trikatasskola\/\",\"url\":\"https:\/\/izglitiba.valmierasnovads.lv\/trikatasskola\/\",\"name\":\"S\u0101kumlapa - Trik\u0101tas pamatskola\",\"isPartOf\":{\"@id\":\"https:\/\/izglitiba.valmierasnovads.lv\/trikatasskola\/#website\"},\"datePublished\":\"2025-05-06T05:16:35+00:00\",\"dateModified\":\"2026-03-25T08:55:17+00:00\",\"breadcrumb\":{\"@id\":\"https:\/\/izglitiba.valmierasnovads.lv\/trikatasskola\/#breadcrumb\"},\"inLanguage\":\"lv-LV\",\"potentialAction\":[{\"@type\":\"ReadAction\",\"target\":[\"https:\/\/izglitiba.valmierasnovads.lv\/trikatasskola\/\"]}]},{\"@type\":\"BreadcrumbList\",\"@id\":\"https:\/\/izglitiba.valmierasnovads.lv\/trikatasskola\/#breadcrumb\",\"itemListElement\":[{\"@type\":\"ListItem\",\"position\":1,\"name\":\"Home\",\"item\":\"https:\/\/izglitiba.valmierasnovads.lv\/trikatasskola\/\"},{\"@type\":\"ListItem\",\"position\":2,\"name\":\"S\u0101kumlapa\"}]},{\"@type\":\"WebSite\",\"@id\":\"https:\/\/izglitiba.valmierasnovads.lv\/trikatasskola\/#website\",\"url\":\"https:\/\/izglitiba.valmierasnovads.lv\/trikatasskola\/\",\"name\":\"Trik\u0101tas pamatskola\",\"description\":\"\",\"publisher\":{\"@id\":\"https:\/\/izglitiba.valmierasnovads.lv\/trikatasskola\/#organization\"},\"potentialAction\":[{\"@type\":\"SearchAction\",\"target\":{\"@type\":\"EntryPoint\",\"urlTemplate\":\"https:\/\/izglitiba.valmierasnovads.lv\/trikatasskola\/?s={search_term_string}\"},\"query-input\":{\"@type\":\"PropertyValueSpecification\",\"valueRequired\":true,\"valueName\":\"search_term_string\"}}],\"inLanguage\":\"lv-LV\"},{\"@type\":\"Organization\",\"@id\":\"https:\/\/izglitiba.valmierasnovads.lv\/trikatasskola\/#organization\",\"name\":\"Trik\u0101tas pamatskola\",\"url\":\"https:\/\/izglitiba.valmierasnovads.lv\/trikatasskola\/\",\"logo\":{\"@type\":\"ImageObject\",\"inLanguage\":\"lv-LV\",\"@id\":\"https:\/\/izglitiba.valmierasnovads.lv\/trikatasskola\/#\/schema\/logo\/image\/\",\"url\":\"https:\/\/izglitiba.valmierasnovads.lv\/trikatasskola\/wp-content\/uploads\/sites\/29\/2025\/05\/cropped-Trikatas-pamatskola-08-1-1.png\",\"contentUrl\":\"https:\/\/izglitiba.valmierasnovads.lv\/trikatasskola\/wp-content\/uploads\/sites\/29\/2025\/05\/cropped-Trikatas-pamatskola-08-1-1.png\",\"width\":1080,\"height\":360,\"caption\":\"Trik\u0101tas pamatskola\"},\"image\":{\"@id\":\"https:\/\/izglitiba.valmierasnovads.lv\/trikatasskola\/#\/schema\/logo\/image\/\"}}]}<\/script>\n<!-- \/ Yoast SEO plugin. -->","yoast_head_json":{"title":"S\u0101kumlapa - Trik\u0101tas pamatskola","robots":{"index":"index","follow":"follow","max-snippet":"max-snippet:-1","max-image-preview":"max-image-preview:large","max-video-preview":"max-video-preview:-1"},"canonical":"https:\/\/izglitiba.valmierasnovads.lv\/trikatasskola\/","og_locale":"lv_LV","og_type":"article","og_title":"S\u0101kumlapa - Trik\u0101tas pamatskola","og_url":"https:\/\/izglitiba.valmierasnovads.lv\/trikatasskola\/","og_site_name":"Trik\u0101tas pamatskola","article_modified_time":"2026-03-25T08:55:17+00:00","twitter_card":"summary_large_image","schema":{"@context":"https:\/\/schema.org","@graph":[{"@type":"WebPage","@id":"https:\/\/izglitiba.valmierasnovads.lv\/trikatasskola\/","url":"https:\/\/izglitiba.valmierasnovads.lv\/trikatasskola\/","name":"S\u0101kumlapa - Trik\u0101tas pamatskola","isPartOf":{"@id":"https:\/\/izglitiba.valmierasnovads.lv\/trikatasskola\/#website"},"datePublished":"2025-05-06T05:16:35+00:00","dateModified":"2026-03-25T08:55:17+00:00","breadcrumb":{"@id":"https:\/\/izglitiba.valmierasnovads.lv\/trikatasskola\/#breadcrumb"},"inLanguage":"lv-LV","potentialAction":[{"@type":"ReadAction","target":["https:\/\/izglitiba.valmierasnovads.lv\/trikatasskola\/"]}]},{"@type":"BreadcrumbList","@id":"https:\/\/izglitiba.valmierasnovads.lv\/trikatasskola\/#breadcrumb","itemListElement":[{"@type":"ListItem","position":1,"name":"Home","item":"https:\/\/izglitiba.valmierasnovads.lv\/trikatasskola\/"},{"@type":"ListItem","position":2,"name":"S\u0101kumlapa"}]},{"@type":"WebSite","@id":"https:\/\/izglitiba.valmierasnovads.lv\/trikatasskola\/#website","url":"https:\/\/izglitiba.valmierasnovads.lv\/trikatasskola\/","name":"Trik\u0101tas pamatskola","description":"","publisher":{"@id":"https:\/\/izglitiba.valmierasnovads.lv\/trikatasskola\/#organization"},"potentialAction":[{"@type":"SearchAction","target":{"@type":"EntryPoint","urlTemplate":"https:\/\/izglitiba.valmierasnovads.lv\/trikatasskola\/?s={search_term_string}"},"query-input":{"@type":"PropertyValueSpecification","valueRequired":true,"valueName":"search_term_string"}}],"inLanguage":"lv-LV"},{"@type":"Organization","@id":"https:\/\/izglitiba.valmierasnovads.lv\/trikatasskola\/#organization","name":"Trik\u0101tas pamatskola","url":"https:\/\/izglitiba.valmierasnovads.lv\/trikatasskola\/","logo":{"@type":"ImageObject","inLanguage":"lv-LV","@id":"https:\/\/izglitiba.valmierasnovads.lv\/trikatasskola\/#\/schema\/logo\/image\/","url":"https:\/\/izglitiba.valmierasnovads.lv\/trikatasskola\/wp-content\/uploads\/sites\/29\/2025\/05\/cropped-Trikatas-pamatskola-08-1-1.png","contentUrl":"https:\/\/izglitiba.valmierasnovads.lv\/trikatasskola\/wp-content\/uploads\/sites\/29\/2025\/05\/cropped-Trikatas-pamatskola-08-1-1.png","width":1080,"height":360,"caption":"Trik\u0101tas pamatskola"},"image":{"@id":"https:\/\/izglitiba.valmierasnovads.lv\/trikatasskola\/#\/schema\/logo\/image\/"}}]}},"_links":{"self":[{"href":"https:\/\/izglitiba.valmierasnovads.lv\/trikatasskola\/wp-json\/wp\/v2\/pages\/7","targetHints":{"allow":["GET"]}}],"collection":[{"href":"https:\/\/izglitiba.valmierasnovads.lv\/trikatasskola\/wp-json\/wp\/v2\/pages"}],"about":[{"href":"https:\/\/izglitiba.valmierasnovads.lv\/trikatasskola\/wp-json\/wp\/v2\/types\/page"}],"author":[{"embeddable":true,"href":"https:\/\/izglitiba.valmierasnovads.lv\/trikatasskola\/wp-json\/wp\/v2\/users\/1"}],"replies":[{"embeddable":true,"href":"https:\/\/izglitiba.valmierasnovads.lv\/trikatasskola\/wp-json\/wp\/v2\/comments?post=7"}],"version-history":[{"count":6,"href":"https:\/\/izglitiba.valmierasnovads.lv\/trikatasskola\/wp-json\/wp\/v2\/pages\/7\/revisions"}],"predecessor-version":[{"id":498,"href":"https:\/\/izglitiba.valmierasnovads.lv\/trikatasskola\/wp-json\/wp\/v2\/pages\/7\/revisions\/498"}],"wp:attachment":[{"href":"https:\/\/izglitiba.valmierasnovads.lv\/trikatasskola\/wp-json\/wp\/v2\/media?parent=7"}],"curies":[{"name":"wp","href":"https:\/\/api.w.org\/{rel}","templated":true}]}}