{"id":100,"date":"2025-08-10T15:49:41","date_gmt":"2025-08-10T12:49:41","guid":{"rendered":"https:\/\/izglitiba.valmierasnovads.lv\/valmieras2vidusskola\/?page_id=100"},"modified":"2025-10-06T12:43:21","modified_gmt":"2025-10-06T09:43:21","slug":"skolenu-pasparvalde","status":"publish","type":"page","link":"https:\/\/izglitiba.valmierasnovads.lv\/v2v\/skolenu-pasparvalde\/","title":{"rendered":"Skol\u0113nu pa\u0161p\u0101rvalde"},"content":{"rendered":"\n<p><strong>Skol\u0113nu pa\u0161p\u0101rvaldes mentore<\/strong>: Jekaterina Boj\u0101re<\/p>\n\n\n\n<figure class=\"wp-block-table\"><table class=\"has-fixed-layout\"><thead><tr><th>N.p.k.<\/th><th>Klase<\/th><th>V\u0101rds Uzv\u0101rds<\/th><th>E pasts<\/th><\/tr><\/thead><tbody><tr><td>1.<\/td><td>5.A<\/td><td>Aleksandra Boj\u0101re<\/td><td>aleksandra.bojare@valmiera.edu.lv<\/td><\/tr><tr><td>2.<\/td><td>6.A<\/td><td>Val\u0113rija Jankovska<\/td><td>valerija.jankovska@valmiera.edu.lv<\/td><\/tr><tr><td>3.<\/td><td>6.A<\/td><td>D\u0101vids Kob\u013ci\u0146\u0113cs<\/td><td>davids.koblinecs@valmiera.edu.lv<\/td><\/tr><tr><td>4.<\/td><td>6.A<\/td><td>Vanesa Molo\u017eavaja<\/td><td>vanesa.molozavaja@valmiera.edu.lv<\/td><\/tr><tr><td>5.<\/td><td>6.B<\/td><td>Ernests Meik\u0161\u0101ns<\/td><td>ernests.meiksans@valmiera.edu.lv<\/td><\/tr><tr><td>6.<\/td><td>6.B<\/td><td>Deniss Terentjevs<\/td><td>deniss.terentjevs@valmiera.edu.lv<\/td><\/tr><tr><td>7.<\/td><td>6.B<\/td><td>Kitija Ti\u013cuga<\/td><td>kitija.tiluga@valmiera.edu.lv<\/td><\/tr><tr><td>8.<\/td><td>7.A<\/td><td>Melisa Brju\u0146ina<\/td><td>melisa.brjunina@valmiera.edu.lv<\/td><\/tr><tr><td>9.<\/td><td>7.A<\/td><td>Am\u012bna Za\u0137e<\/td><td>amina.zake@valmiera.edu.lv<\/td><\/tr><tr><td>10.<\/td><td>7.B<\/td><td>Tomass Medonovs<\/td><td>tomass.medonovs@valmiera.edu.lv<\/td><\/tr><tr><td>11.<\/td><td>7.B<\/td><td>Kevins Svistuhins<\/td><td>kevins.svistuhins@valmiera.edu.lv<\/td><\/tr><tr><td>12.<\/td><td>8.A<\/td><td>Ars\u0113nijs Kob\u013cinecs<\/td><td>arsenijs.koblinecs@valmiera.edu.lv<\/td><\/tr><tr><td>13.<\/td><td>8.A<\/td><td>Dmitrijs Fisenko<\/td><td>dmitrijs.fisenko@valmiera.edu.lv<\/td><\/tr><tr><td>14.<\/td><td>8.B<\/td><td>Anfisa Voroncova<\/td><td>anfisa.voroncova@valmiera.edu.lv<\/td><\/tr><tr><td>15.<\/td><td>8.B<\/td><td>El\u012bna Trinkova<\/td><td>elina.trinkova@valmiera.edu.lv<\/td><\/tr><tr><td>16.<\/td><td>9.A<\/td><td>Kira Viktorija Bak\u0161inova<\/td><td>kira.baksinova@valmiera.edu.lv<\/td><\/tr><tr><td>17.<\/td><td>9.A<\/td><td>Marija Filip\u010duka<\/td><td>marija.filipcuka@valmiera.edu.lv<\/td><\/tr><tr><td>18.<\/td><td>9.A<\/td><td>Da\u0146iils Korotkovs<\/td><td>daniils.korotkovs@valmiera.edu.lv<\/td><\/tr><tr><td>19.<\/td><td>9.A<\/td><td>Jaroslavs Jakov\u013cevs<\/td><td>jaroslavs.jakovlevs@valmiera.edu.lv<\/td><\/tr><tr><td>20.<\/td><td>9.B<\/td><td>Aleksandra \u017dukova<\/td><td>aleksandra.zukova@valmiera.edu.lv<\/td><\/tr><tr><td>21.<\/td><td>9.B<\/td><td>Em\u012blija Petrauska<\/td><td>emilija.petrauska@valmiera.edu.lv<\/td><\/tr><tr><td>22.<\/td><td>10.SZK<\/td><td>Renards  Gukengeimers<\/td><td>renards.gukengeimers@valmiera.edu.lv<\/td><\/tr><tr><td>23.<\/td><td>10.SZK<\/td><td>Oskars J\u0113rc\u012btis<\/td><td>oskars.jercitis@valmiera.edu.lv<\/td><\/tr><tr><td>24.<\/td><td>10.SV<\/td><td>Ri\u010dards M\u0101rti\u0146\u0161 Miha\u0161evi\u010ds<\/td><td>ricards.mihasevics@valmiera.edu.lv<\/td><\/tr><tr><td>25.<\/td><td>10.SV<\/td><td>Mel\u0101nija Mieze<\/td><td>melanija.mieze@valmiera.edu.lv<\/td><\/tr><tr><td>26.<\/td><td>10.SV<\/td><td>Anna Belashova<\/td><td>anna.belashova@valmiera.edu.lv<\/td><\/tr><tr><td>27.<\/td><td>10.MTE\/IM<\/td><td>Sanija Sirsni\u0146a<\/td><td>sanija.sirsnina@valmiera.edu.lv<\/td><\/tr><tr><td>28.<\/td><td>10.MTE\/IM<\/td><td>Elizabete \u0160\u012brante<\/td><td>elizabete.sirante@valmiera.edu.lv<\/td><\/tr><tr><td>29.<\/td><td>10.MTE\/IM<\/td><td>Mareks V\u0113bersts<\/td><td>mareks.vebersts@valmiera.edu.lv<\/td><\/tr><tr><td>30.<\/td><td>11.MTE\/IM<\/td><td>Nikola Terentjeva<\/td><td>nikola.terentjeva@valmiera.edu.lv<\/td><\/tr><tr><td>31.<\/td><td>11.MTE\/IM<\/td><td>Anna Vilemsone<\/td><td>anna.vilemsone@valmiera.edu.lv<\/td><\/tr><tr><td>32.<\/td><td>11.MTE\/IM<\/td><td>Da\u0146ila Izotovs<\/td><td>danila.izotovs@valmiera.edu.lv<\/td><\/tr><tr><td>33.<\/td><td>11.MTE\/IM<\/td><td>\u0145ikita Golovanovs<\/td><td>nikita.golovanovs@valmiera.edu.lv<\/td><\/tr><tr><td>34.<\/td><td>11.SZK<\/td><td>Amanda B\u0113rzi\u0146a<\/td><td>amanda.berzina@valmiera.edu.lv<\/td><\/tr><tr><td>35.<\/td><td>11.SZK<\/td><td>Uliana Krasnokutska<\/td><td>uliana.krasnokutska@valmiera.edu.lv<\/td><\/tr><tr><td>36.<\/td><td>11.SV<\/td><td>El\u012bna Ceple<\/td><td>elina.ceple@valmiera.edu.lv<\/td><\/tr><tr><td>37.<\/td><td>12.MTE\/IM<\/td><td>Am\u0113lija Boj\u0101re<\/td><td>amelija.bojare@valmiera.edu.lv<\/td><\/tr><tr><td>38.<\/td><td>12.MTE\/IM<\/td><td>D\u0101vids Hvorovs<\/td><td>davids.hvorovs@valmiera.edu.lv<\/td><\/tr><tr><td>39.<\/td><td>12.MTE\/IM<\/td><td>Anast\u0101sija Vihrova<\/td><td>anastasija.vihrova@valmiera.edu.lv<\/td><\/tr><tr><td>40.<\/td><td>12.MTE\/IM<\/td><td>Anast\u0101sija Tihomirova<\/td><td>anastasija.tihomirova@valmiera.edu.lv<\/td><\/tr><tr><td>41.<\/td><td>12.SZK<\/td><td>R\u016bta Granti\u0146a<\/td><td>ruta.grantina@valmiera.edu.lv<\/td><\/tr><tr><td>42.<\/td><td>12.SZK<\/td><td>Eduards Me\u017eulis<\/td><td>eduards.mezulis@valmiera.edu.lv<\/td><\/tr><tr><td>43.<\/td><td>12.SZK<\/td><td>Anastasija Agejeva<\/td><td>anastasija.agejeva@valmiera.edu.lv<\/td><\/tr><tr><td>44.<\/td><td>12.SZK<\/td><td>Evija Gnevoha<\/td><td>evija.gnevoha@valmiera.edu.lv<\/td><\/tr><tr><td>45.<\/td><td>12.SV<\/td><td>Annija Kr\u0113sli\u0146a<\/td><td>annija.kreslina@valmiera.edu.lv<\/td><\/tr><\/tbody><\/table><\/figure>\n\n\n\n<p><strong>Skol\u0113nu pa\u0161p\u0101rvaldes darb\u012bbas reglaments<\/strong><\/p>\n\n\n\n<div data-wp-interactive=\"core\/file\" class=\"wp-block-file\"><object data-wp-bind--hidden=\"!state.hasPdfPreview\" hidden class=\"wp-block-file__embed\" data=\"https:\/\/izglitiba.valmierasnovads.lv\/valmieras2vidusskola\/wp-content\/uploads\/sites\/23\/2025\/08\/pasparvaldes_reglaments-2023.pdf\" type=\"application\/pdf\" style=\"width:100%;height:600px\" aria-label=\"Iegult pasparvaldes_reglaments-2023.\"><\/object><a id=\"wp-block-file--media-90cc668e-eb48-48cb-8407-917e2e12f926\" href=\"https:\/\/izglitiba.valmierasnovads.lv\/valmieras2vidusskola\/wp-content\/uploads\/sites\/23\/2025\/08\/pasparvaldes_reglaments-2023.pdf\">pasparvaldes_reglaments-2023<\/a><a href=\"https:\/\/izglitiba.valmierasnovads.lv\/valmieras2vidusskola\/wp-content\/uploads\/sites\/23\/2025\/08\/pasparvaldes_reglaments-2023.pdf\" class=\"wp-block-file__button wp-element-button\" download aria-describedby=\"wp-block-file--media-90cc668e-eb48-48cb-8407-917e2e12f926\">Lejupiel\u0101d\u0113t<\/a><\/div>\n","protected":false},"excerpt":{"rendered":"<p>Skol\u0113nu pa\u0161p\u0101rvaldes mentore: Jekaterina Boj\u0101re N.p.k. Klase V\u0101rds Uzv\u0101rds E pasts 1. 5.A Aleksandra Boj\u0101re aleksandra.bojare@valmiera.edu.lv 2. 6.A Val\u0113rija Jankovska [&hellip;]<\/p>\n","protected":false},"author":21,"featured_media":0,"parent":0,"menu_order":0,"comment_status":"closed","ping_status":"closed","template":"","meta":{"_acf_changed":false,"site-sidebar-layout":"default","site-content-layout":"","ast-site-content-layout":"default","site-content-style":"default","site-sidebar-style":"default","ast-global-header-display":"","ast-banner-title-visibility":"","ast-main-header-display":"","ast-hfb-above-header-display":"","ast-hfb-below-header-display":"","ast-hfb-mobile-header-display":"","site-post-title":"","ast-breadcrumbs-content":"","ast-featured-img":"","footer-sml-layout":"","ast-disable-related-posts":"","theme-transparent-header-meta":"","adv-header-id-meta":"","stick-header-meta":"","header-above-stick-meta":"","header-main-stick-meta":"","header-below-stick-meta":"","astra-migrate-meta-layouts":"default","ast-page-background-enabled":"default","ast-page-background-meta":{"desktop":{"background-color":"var(--ast-global-color-5)","background-image":"","background-repeat":"repeat","background-position":"center center","background-size":"auto","background-attachment":"scroll","background-type":"","background-media":"","overlay-type":"","overlay-color":"","overlay-opacity":"","overlay-gradient":""},"tablet":{"background-color":"","background-image":"","background-repeat":"repeat","background-position":"center center","background-size":"auto","background-attachment":"scroll","background-type":"","background-media":"","overlay-type":"","overlay-color":"","overlay-opacity":"","overlay-gradient":""},"mobile":{"background-color":"","background-image":"","background-repeat":"repeat","background-position":"center center","background-size":"auto","background-attachment":"scroll","background-type":"","background-media":"","overlay-type":"","overlay-color":"","overlay-opacity":"","overlay-gradient":""}},"ast-content-background-meta":{"desktop":{"background-color":"var(--ast-global-color-4)","background-image":"","background-repeat":"repeat","background-position":"center center","background-size":"auto","background-attachment":"scroll","background-type":"","background-media":"","overlay-type":"","overlay-color":"","overlay-opacity":"","overlay-gradient":""},"tablet":{"background-color":"var(--ast-global-color-4)","background-image":"","background-repeat":"repeat","background-position":"center center","background-size":"auto","background-attachment":"scroll","background-type":"","background-media":"","overlay-type":"","overlay-color":"","overlay-opacity":"","overlay-gradient":""},"mobile":{"background-color":"var(--ast-global-color-4)","background-image":"","background-repeat":"repeat","background-position":"center center","background-size":"auto","background-attachment":"scroll","background-type":"","background-media":"","overlay-type":"","overlay-color":"","overlay-opacity":"","overlay-gradient":""}},"footnotes":""},"class_list":["post-100","page","type-page","status-publish","hentry"],"acf":[],"yoast_head":"<!-- This site is optimized with the Yoast SEO plugin v27.0 - https:\/\/yoast.com\/product\/yoast-seo-wordpress\/ -->\n<title>Skol\u0113nu pa\u0161p\u0101rvalde - Valmieras 2. vidusskola<\/title>\n<meta name=\"robots\" content=\"index, follow, max-snippet:-1, max-image-preview:large, max-video-preview:-1\" \/>\n<link rel=\"canonical\" href=\"https:\/\/izglitiba.valmierasnovads.lv\/v2v\/skolenu-pasparvalde\/\" \/>\n<meta property=\"og:locale\" content=\"lv_LV\" \/>\n<meta property=\"og:type\" content=\"article\" \/>\n<meta property=\"og:title\" content=\"Skol\u0113nu pa\u0161p\u0101rvalde - Valmieras 2. vidusskola\" \/>\n<meta property=\"og:description\" content=\"Skol\u0113nu pa\u0161p\u0101rvaldes mentore: Jekaterina Boj\u0101re N.p.k. Klase V\u0101rds Uzv\u0101rds E pasts 1. 5.A Aleksandra Boj\u0101re aleksandra.bojare@valmiera.edu.lv 2. 6.A Val\u0113rija Jankovska [&hellip;]\" \/>\n<meta property=\"og:url\" content=\"https:\/\/izglitiba.valmierasnovads.lv\/v2v\/skolenu-pasparvalde\/\" \/>\n<meta property=\"og:site_name\" content=\"Valmieras 2. vidusskola\" \/>\n<meta property=\"article:modified_time\" content=\"2025-10-06T09:43:21+00:00\" \/>\n<meta name=\"twitter:card\" content=\"summary_large_image\" \/>\n<meta name=\"twitter:label1\" content=\"Est. reading time\" \/>\n\t<meta name=\"twitter:data1\" content=\"2 min\u016btes\" \/>\n<script type=\"application\/ld+json\" class=\"yoast-schema-graph\">{\"@context\":\"https:\/\/schema.org\",\"@graph\":[{\"@type\":\"WebPage\",\"@id\":\"https:\/\/izglitiba.valmierasnovads.lv\/v2v\/skolenu-pasparvalde\/\",\"url\":\"https:\/\/izglitiba.valmierasnovads.lv\/v2v\/skolenu-pasparvalde\/\",\"name\":\"Skol\u0113nu pa\u0161p\u0101rvalde - Valmieras 2. vidusskola\",\"isPartOf\":{\"@id\":\"https:\/\/izglitiba.valmierasnovads.lv\/v2v\/#website\"},\"datePublished\":\"2025-08-10T12:49:41+00:00\",\"dateModified\":\"2025-10-06T09:43:21+00:00\",\"breadcrumb\":{\"@id\":\"https:\/\/izglitiba.valmierasnovads.lv\/v2v\/skolenu-pasparvalde\/#breadcrumb\"},\"inLanguage\":\"lv-LV\",\"potentialAction\":[{\"@type\":\"ReadAction\",\"target\":[\"https:\/\/izglitiba.valmierasnovads.lv\/v2v\/skolenu-pasparvalde\/\"]}]},{\"@type\":\"BreadcrumbList\",\"@id\":\"https:\/\/izglitiba.valmierasnovads.lv\/v2v\/skolenu-pasparvalde\/#breadcrumb\",\"itemListElement\":[{\"@type\":\"ListItem\",\"position\":1,\"name\":\"Home\",\"item\":\"https:\/\/izglitiba.valmierasnovads.lv\/v2v\/\"},{\"@type\":\"ListItem\",\"position\":2,\"name\":\"Skol\u0113nu pa\u0161p\u0101rvalde\"}]},{\"@type\":\"WebSite\",\"@id\":\"https:\/\/izglitiba.valmierasnovads.lv\/v2v\/#website\",\"url\":\"https:\/\/izglitiba.valmierasnovads.lv\/v2v\/\",\"name\":\"Valmieras 2. vidusskola\",\"description\":\"\",\"publisher\":{\"@id\":\"https:\/\/izglitiba.valmierasnovads.lv\/v2v\/#organization\"},\"potentialAction\":[{\"@type\":\"SearchAction\",\"target\":{\"@type\":\"EntryPoint\",\"urlTemplate\":\"https:\/\/izglitiba.valmierasnovads.lv\/v2v\/?s={search_term_string}\"},\"query-input\":{\"@type\":\"PropertyValueSpecification\",\"valueRequired\":true,\"valueName\":\"search_term_string\"}}],\"inLanguage\":\"lv-LV\"},{\"@type\":\"Organization\",\"@id\":\"https:\/\/izglitiba.valmierasnovads.lv\/v2v\/#organization\",\"name\":\"Valmieras 2. vidusskola\",\"url\":\"https:\/\/izglitiba.valmierasnovads.lv\/v2v\/\",\"logo\":{\"@type\":\"ImageObject\",\"inLanguage\":\"lv-LV\",\"@id\":\"https:\/\/izglitiba.valmierasnovads.lv\/v2v\/#\/schema\/logo\/image\/\",\"url\":\"https:\/\/izglitiba.valmierasnovads.lv\/v2v\/wp-content\/uploads\/sites\/23\/2025\/04\/cropped-V2VSK-logo-PNG-1-1.png\",\"contentUrl\":\"https:\/\/izglitiba.valmierasnovads.lv\/v2v\/wp-content\/uploads\/sites\/23\/2025\/04\/cropped-V2VSK-logo-PNG-1-1.png\",\"width\":2111,\"height\":1310,\"caption\":\"Valmieras 2. vidusskola\"},\"image\":{\"@id\":\"https:\/\/izglitiba.valmierasnovads.lv\/v2v\/#\/schema\/logo\/image\/\"}}]}<\/script>\n<!-- \/ Yoast SEO plugin. -->","yoast_head_json":{"title":"Skol\u0113nu pa\u0161p\u0101rvalde - Valmieras 2. vidusskola","robots":{"index":"index","follow":"follow","max-snippet":"max-snippet:-1","max-image-preview":"max-image-preview:large","max-video-preview":"max-video-preview:-1"},"canonical":"https:\/\/izglitiba.valmierasnovads.lv\/v2v\/skolenu-pasparvalde\/","og_locale":"lv_LV","og_type":"article","og_title":"Skol\u0113nu pa\u0161p\u0101rvalde - Valmieras 2. vidusskola","og_description":"Skol\u0113nu pa\u0161p\u0101rvaldes mentore: Jekaterina Boj\u0101re N.p.k. Klase V\u0101rds Uzv\u0101rds E pasts 1. 5.A Aleksandra Boj\u0101re aleksandra.bojare@valmiera.edu.lv 2. 6.A Val\u0113rija Jankovska [&hellip;]","og_url":"https:\/\/izglitiba.valmierasnovads.lv\/v2v\/skolenu-pasparvalde\/","og_site_name":"Valmieras 2. vidusskola","article_modified_time":"2025-10-06T09:43:21+00:00","twitter_card":"summary_large_image","twitter_misc":{"Est. reading time":"2 min\u016btes"},"schema":{"@context":"https:\/\/schema.org","@graph":[{"@type":"WebPage","@id":"https:\/\/izglitiba.valmierasnovads.lv\/v2v\/skolenu-pasparvalde\/","url":"https:\/\/izglitiba.valmierasnovads.lv\/v2v\/skolenu-pasparvalde\/","name":"Skol\u0113nu pa\u0161p\u0101rvalde - Valmieras 2. vidusskola","isPartOf":{"@id":"https:\/\/izglitiba.valmierasnovads.lv\/v2v\/#website"},"datePublished":"2025-08-10T12:49:41+00:00","dateModified":"2025-10-06T09:43:21+00:00","breadcrumb":{"@id":"https:\/\/izglitiba.valmierasnovads.lv\/v2v\/skolenu-pasparvalde\/#breadcrumb"},"inLanguage":"lv-LV","potentialAction":[{"@type":"ReadAction","target":["https:\/\/izglitiba.valmierasnovads.lv\/v2v\/skolenu-pasparvalde\/"]}]},{"@type":"BreadcrumbList","@id":"https:\/\/izglitiba.valmierasnovads.lv\/v2v\/skolenu-pasparvalde\/#breadcrumb","itemListElement":[{"@type":"ListItem","position":1,"name":"Home","item":"https:\/\/izglitiba.valmierasnovads.lv\/v2v\/"},{"@type":"ListItem","position":2,"name":"Skol\u0113nu pa\u0161p\u0101rvalde"}]},{"@type":"WebSite","@id":"https:\/\/izglitiba.valmierasnovads.lv\/v2v\/#website","url":"https:\/\/izglitiba.valmierasnovads.lv\/v2v\/","name":"Valmieras 2. vidusskola","description":"","publisher":{"@id":"https:\/\/izglitiba.valmierasnovads.lv\/v2v\/#organization"},"potentialAction":[{"@type":"SearchAction","target":{"@type":"EntryPoint","urlTemplate":"https:\/\/izglitiba.valmierasnovads.lv\/v2v\/?s={search_term_string}"},"query-input":{"@type":"PropertyValueSpecification","valueRequired":true,"valueName":"search_term_string"}}],"inLanguage":"lv-LV"},{"@type":"Organization","@id":"https:\/\/izglitiba.valmierasnovads.lv\/v2v\/#organization","name":"Valmieras 2. vidusskola","url":"https:\/\/izglitiba.valmierasnovads.lv\/v2v\/","logo":{"@type":"ImageObject","inLanguage":"lv-LV","@id":"https:\/\/izglitiba.valmierasnovads.lv\/v2v\/#\/schema\/logo\/image\/","url":"https:\/\/izglitiba.valmierasnovads.lv\/v2v\/wp-content\/uploads\/sites\/23\/2025\/04\/cropped-V2VSK-logo-PNG-1-1.png","contentUrl":"https:\/\/izglitiba.valmierasnovads.lv\/v2v\/wp-content\/uploads\/sites\/23\/2025\/04\/cropped-V2VSK-logo-PNG-1-1.png","width":2111,"height":1310,"caption":"Valmieras 2. vidusskola"},"image":{"@id":"https:\/\/izglitiba.valmierasnovads.lv\/v2v\/#\/schema\/logo\/image\/"}}]}},"_links":{"self":[{"href":"https:\/\/izglitiba.valmierasnovads.lv\/v2v\/wp-json\/wp\/v2\/pages\/100","targetHints":{"allow":["GET"]}}],"collection":[{"href":"https:\/\/izglitiba.valmierasnovads.lv\/v2v\/wp-json\/wp\/v2\/pages"}],"about":[{"href":"https:\/\/izglitiba.valmierasnovads.lv\/v2v\/wp-json\/wp\/v2\/types\/page"}],"author":[{"embeddable":true,"href":"https:\/\/izglitiba.valmierasnovads.lv\/v2v\/wp-json\/wp\/v2\/users\/21"}],"replies":[{"embeddable":true,"href":"https:\/\/izglitiba.valmierasnovads.lv\/v2v\/wp-json\/wp\/v2\/comments?post=100"}],"version-history":[{"count":6,"href":"https:\/\/izglitiba.valmierasnovads.lv\/v2v\/wp-json\/wp\/v2\/pages\/100\/revisions"}],"predecessor-version":[{"id":434,"href":"https:\/\/izglitiba.valmierasnovads.lv\/v2v\/wp-json\/wp\/v2\/pages\/100\/revisions\/434"}],"wp:attachment":[{"href":"https:\/\/izglitiba.valmierasnovads.lv\/v2v\/wp-json\/wp\/v2\/media?parent=100"}],"curies":[{"name":"wp","href":"https:\/\/api.w.org\/{rel}","templated":true}]}}