{"id":1094,"date":"2026-04-17T11:05:51","date_gmt":"2026-04-17T08:05:51","guid":{"rendered":"https:\/\/izglitiba.valmierasnovads.lv\/v2v\/?page_id=1094"},"modified":"2026-04-17T11:16:36","modified_gmt":"2026-04-17T08:16:36","slug":"dzivnieku-detektivi-no-mikropasaules-lidz-3d-siluetam","status":"publish","type":"page","link":"https:\/\/izglitiba.valmierasnovads.lv\/v2v\/dzivnieku-detektivi-no-mikropasaules-lidz-3d-siluetam\/","title":{"rendered":"\u201cDz\u012bvnieku detekt\u012bvi: no mikropasaules l\u012bdz 3D siluetam\u201d"},"content":{"rendered":"\n<p>Valsts izgl\u012bt\u012bbas att\u012bst\u012bbas a\u0123ent\u016bras \u012bstenot\u0101 projekta Nr.4.2.2.1.\/1\/25\/I\/001 \u201cSTEM un pilsonisk\u0101s l\u012bdzdal\u012bbas norises pla\u0161\u0101kai izgl\u012bt\u012bbas pieredzei un karjeras izv\u0113lei\u201d , kuru sadarb\u012bbas partneru izgl\u012bt\u012bbas iest\u0101d\u0113m finans\u0113 Eiropas Soci\u0101lais fonds Plus un Latvijas valsts ir iek\u013cauta Valmieras 2.vidusskolas norise<\/p>\n\n\n\n<p><strong>\u201cDz\u012bvnieku detekt\u012bvi: no mikropasaules l\u012bdz 3D siluetam\u201d<\/strong><\/p>\n\n\n\n<p><strong>ID 2025\/3\/STEM\/310<\/strong><\/p>\n\n\n\n<p><strong>Norises vieta: <\/strong>Valmieras 2. vidusskola, Rai\u0146a iela 11<\/p>\n\n\n\n<p><strong>M\u0101c\u012bbu joma: <\/strong>Dabaszin\u0101t\u0146u m\u0101c\u012bbu joma<\/p>\n\n\n\n<p><strong>M\u0113r\u0137auditorija:<\/strong> 1. &#8211; 3.klase<\/p>\n\n\n\n<p><strong>Norises apraksts:<\/strong><\/p>\n\n\n\n<p>Skol\u0113ni, darbojoties \u201cMini Zoo\u201d vid\u0113, vispirms atk\u0101rto dro\u0161\u012bbas noteikumus un praktiski tos iev\u0113ro, v\u0113rojot dz\u012bvniekus. Veicot interakt\u012bvos uzdevumus un saliekot dz\u012bvnieku att\u0113lu puzzles, skol\u0113ni iepaz\u012bst p\u0113t\u0101mos dz\u012bvniekus un to paz\u012bmes. Nov\u0113rojumu laik\u0101 vi\u0146i aizpilda \u201cDz\u012bvnieka pasi\u201d, fiks\u0113jot kust\u012bbas, reakcijas uz apk\u0101rt\u0113jo vidi un citas dz\u012bv\u0101m b\u016btn\u0113m rakstur\u012bgas paz\u012bmes, t\u0101d\u0113j\u0101di nostiprinot izpratni par dz\u012bvo un nedz\u012bvo dabu. Izmantojot pieejamo inform\u0101ciju un digit\u0101los resursus, skol\u0113ni nosaka, k\u0101 dz\u012bvnieki p\u0101rvietojas, barojas un vairojas.<\/p>\n\n\n\n<p>Turpin\u0101jum\u0101 skol\u0113ni grup\u0101s model\u0113 dz\u012bvnieku \u0101r\u0113j\u0101s paz\u012bmes, veidojot 3D silueta modeli. Izv\u0113loties piem\u0113rotas \u0137erme\u0146a formas, kr\u0101sojumu un citas paz\u012bmes, vi\u0146i pamato, k\u0101 dz\u012bvnieks piel\u0101gojas konkr\u0113tai videi un nodro\u0161ina izdz\u012bvo\u0161anu. Darba proces\u0101 tiek p\u0113t\u012bti ar\u012b atsevi\u0161\u0137i elementi mikroskop\u0101, kas pal\u012bdz dzi\u013c\u0101k izprast dz\u012bvnieku uzb\u016bvi.<\/p>\n\n\n\n<p>Nosl\u0113gum\u0101 skol\u0113ni prezent\u0113 savus nov\u0113rojumus un secin\u0101jumus, k\u0101 ar\u012b izv\u0113rt\u0113 patiesus un nepatiesus faktus, t\u0101 att\u012bstot kritisko dom\u0101\u0161anu un sp\u0113ju pamatot savu viedokli.<\/p>\n\n\n\n<p><strong>Izmaksas:<\/strong> 7 eiro no skol\u0113na<\/p>\n\n\n\n<p><strong>Pl\u0101notais norises ilgums: <\/strong>60 min\u016btes<\/p>\n\n\n\n<p><strong>Kontaktpersona:<\/strong>Katr\u012bna Aploci\u0146a<\/p>\n\n\n\n<p>\u00a0\u00a0\u00a0\u00a0\u00a0\u00a0\u00a0\u00a0\u00a0\u00a0\u00a0 \u00a0\u00a0 \u00a0\u00a0\u00a0\u00a0\u00a0\u00a0\u00a0\u00a0 \u00a0\u00a0\u00a0\u00a0\u00a0\u00a0mob.telefons: 28457993<\/p>\n\n\n\n<p>&nbsp;&nbsp;&nbsp;&nbsp;&nbsp;&nbsp;&nbsp;&nbsp;&nbsp;&nbsp;&nbsp;&nbsp;&nbsp;&nbsp;&nbsp;&nbsp;&nbsp;&nbsp;&nbsp;&nbsp;&nbsp;&nbsp;&nbsp; &nbsp;&nbsp;&nbsp;&nbsp;&nbsp; e-pasts &#8211; <a href=\"mailto:katrina.aplocina@valmiera.edu.lv\">katrina.aplocina@valmiera.edu.lv<\/a><\/p>\n\n\n\n<p>Norises apmekl\u0113jumu aicin\u0101m saska\u0146ot ar Valmieras 2.vidusskolas kontaktpersonu vismaz 1 ned\u0113\u013cu iepriek\u0161, vienojoties par datumu un laiku. Kvalitat\u012bvai nodarb\u012bbas norisei pirms do\u0161an\u0101s uz izgl\u012bt\u012bbas iest\u0101di, skolot\u0101js iepaz\u012bstina skol\u0113nus&nbsp; ar Mini Zoo iek\u0161\u0113j\u0101s k\u0101rt\u012bbas noteikumiem, kas tiks nos\u016bt\u012bti uz e-pastu&nbsp; un uz\u0146emas atbild\u012bbu par to iev\u0113ro\u0161anu un discipl\u012bnu norises laik\u0101.<\/p>\n\n\n\n<p>Veicot rezerv\u0101ciju,nepiecie\u0161ama \u0161\u0101da inform\u0101cija:<\/p>\n\n\n\n<ul class=\"wp-block-list\">\n<li>datums<\/li>\n\n\n\n<li>&nbsp;laiks<\/li>\n\n\n\n<li>&nbsp;skola<\/li>\n\n\n\n<li>klase (b\u0113rnu vecums)<\/li>\n\n\n\n<li>kontaktpersonas t\u0101lru\u0146a numurs<\/li>\n<\/ul>\n\n\n\n<p>Valmieras 2. vidusskolas pied\u0101v\u0101jums pieejams Valsts izgl\u012bt\u012bbas att\u012bst\u012bbas a\u0123ent\u016bras STEM un pilsonisk\u0101s l\u012bdzdal\u012bbas nori\u0161u katalog\u0101.<\/p>\n\n\n\n<figure class=\"wp-block-image size-full\"><img loading=\"lazy\" decoding=\"async\" width=\"794\" height=\"294\" src=\"https:\/\/izglitiba.valmierasnovads.lv\/v2v\/wp-content\/uploads\/sites\/23\/2026\/04\/image-1.png\" alt=\"\" class=\"wp-image-1098\" srcset=\"https:\/\/izglitiba.valmierasnovads.lv\/v2v\/wp-content\/uploads\/sites\/23\/2026\/04\/image-1.png 794w, https:\/\/izglitiba.valmierasnovads.lv\/v2v\/wp-content\/uploads\/sites\/23\/2026\/04\/image-1-300x111.png 300w, https:\/\/izglitiba.valmierasnovads.lv\/v2v\/wp-content\/uploads\/sites\/23\/2026\/04\/image-1-768x284.png 768w\" sizes=\"auto, (max-width: 794px) 100vw, 794px\" \/><\/figure>\n","protected":false},"excerpt":{"rendered":"<p>Valsts izgl\u012bt\u012bbas att\u012bst\u012bbas a\u0123ent\u016bras \u012bstenot\u0101 projekta Nr.4.2.2.1.\/1\/25\/I\/001 \u201cSTEM un pilsonisk\u0101s l\u012bdzdal\u012bbas norises pla\u0161\u0101kai izgl\u012bt\u012bbas pieredzei un karjeras izv\u0113lei\u201d , kuru [&hellip;]<\/p>\n","protected":false},"author":21,"featured_media":0,"parent":0,"menu_order":0,"comment_status":"closed","ping_status":"closed","template":"","meta":{"_acf_changed":false,"site-sidebar-layout":"default","site-content-layout":"","ast-site-content-layout":"default","site-content-style":"default","site-sidebar-style":"default","ast-global-header-display":"","ast-banner-title-visibility":"","ast-main-header-display":"","ast-hfb-above-header-display":"","ast-hfb-below-header-display":"","ast-hfb-mobile-header-display":"","site-post-title":"","ast-breadcrumbs-content":"","ast-featured-img":"","footer-sml-layout":"","ast-disable-related-posts":"","theme-transparent-header-meta":"","adv-header-id-meta":"","stick-header-meta":"","header-above-stick-meta":"","header-main-stick-meta":"","header-below-stick-meta":"","astra-migrate-meta-layouts":"default","ast-page-background-enabled":"default","ast-page-background-meta":{"desktop":{"background-color":"var(--ast-global-color-5)","background-image":"","background-repeat":"repeat","background-position":"center center","background-size":"auto","background-attachment":"scroll","background-type":"","background-media":"","overlay-type":"","overlay-color":"","overlay-opacity":"","overlay-gradient":""},"tablet":{"background-color":"","background-image":"","background-repeat":"repeat","background-position":"center center","background-size":"auto","background-attachment":"scroll","background-type":"","background-media":"","overlay-type":"","overlay-color":"","overlay-opacity":"","overlay-gradient":""},"mobile":{"background-color":"","background-image":"","background-repeat":"repeat","background-position":"center center","background-size":"auto","background-attachment":"scroll","background-type":"","background-media":"","overlay-type":"","overlay-color":"","overlay-opacity":"","overlay-gradient":""}},"ast-content-background-meta":{"desktop":{"background-color":"var(--ast-global-color-4)","background-image":"","background-repeat":"repeat","background-position":"center center","background-size":"auto","background-attachment":"scroll","background-type":"","background-media":"","overlay-type":"","overlay-color":"","overlay-opacity":"","overlay-gradient":""},"tablet":{"background-color":"var(--ast-global-color-4)","background-image":"","background-repeat":"repeat","background-position":"center center","background-size":"auto","background-attachment":"scroll","background-type":"","background-media":"","overlay-type":"","overlay-color":"","overlay-opacity":"","overlay-gradient":""},"mobile":{"background-color":"var(--ast-global-color-4)","background-image":"","background-repeat":"repeat","background-position":"center center","background-size":"auto","background-attachment":"scroll","background-type":"","background-media":"","overlay-type":"","overlay-color":"","overlay-opacity":"","overlay-gradient":""}},"footnotes":""},"class_list":["post-1094","page","type-page","status-publish","hentry"],"acf":[],"yoast_head":"<!-- This site is optimized with the Yoast SEO plugin v27.0 - https:\/\/yoast.com\/product\/yoast-seo-wordpress\/ -->\n<title>\u201cDz\u012bvnieku detekt\u012bvi: no mikropasaules l\u012bdz 3D siluetam\u201d - Valmieras 2. vidusskola<\/title>\n<meta name=\"robots\" content=\"index, follow, max-snippet:-1, max-image-preview:large, max-video-preview:-1\" \/>\n<link rel=\"canonical\" href=\"https:\/\/izglitiba.valmierasnovads.lv\/v2v\/dzivnieku-detektivi-no-mikropasaules-lidz-3d-siluetam\/\" \/>\n<meta property=\"og:locale\" content=\"lv_LV\" \/>\n<meta property=\"og:type\" content=\"article\" \/>\n<meta property=\"og:title\" content=\"\u201cDz\u012bvnieku detekt\u012bvi: no mikropasaules l\u012bdz 3D siluetam\u201d - Valmieras 2. vidusskola\" \/>\n<meta property=\"og:description\" content=\"Valsts izgl\u012bt\u012bbas att\u012bst\u012bbas a\u0123ent\u016bras \u012bstenot\u0101 projekta Nr.4.2.2.1.\/1\/25\/I\/001 \u201cSTEM un pilsonisk\u0101s l\u012bdzdal\u012bbas norises pla\u0161\u0101kai izgl\u012bt\u012bbas pieredzei un karjeras izv\u0113lei\u201d , kuru [&hellip;]\" \/>\n<meta property=\"og:url\" content=\"https:\/\/izglitiba.valmierasnovads.lv\/v2v\/dzivnieku-detektivi-no-mikropasaules-lidz-3d-siluetam\/\" \/>\n<meta property=\"og:site_name\" content=\"Valmieras 2. vidusskola\" \/>\n<meta property=\"article:modified_time\" content=\"2026-04-17T08:16:36+00:00\" \/>\n<meta property=\"og:image\" content=\"https:\/\/izglitiba.valmierasnovads.lv\/v2v\/wp-content\/uploads\/sites\/23\/2026\/04\/image-1.png\" \/>\n\t<meta property=\"og:image:width\" content=\"794\" \/>\n\t<meta property=\"og:image:height\" content=\"294\" \/>\n\t<meta property=\"og:image:type\" content=\"image\/png\" \/>\n<meta name=\"twitter:card\" content=\"summary_large_image\" \/>\n<meta name=\"twitter:label1\" content=\"Est. reading time\" \/>\n\t<meta name=\"twitter:data1\" content=\"2 min\u016btes\" \/>\n<script type=\"application\/ld+json\" class=\"yoast-schema-graph\">{\"@context\":\"https:\/\/schema.org\",\"@graph\":[{\"@type\":\"WebPage\",\"@id\":\"https:\/\/izglitiba.valmierasnovads.lv\/v2v\/dzivnieku-detektivi-no-mikropasaules-lidz-3d-siluetam\/\",\"url\":\"https:\/\/izglitiba.valmierasnovads.lv\/v2v\/dzivnieku-detektivi-no-mikropasaules-lidz-3d-siluetam\/\",\"name\":\"\u201cDz\u012bvnieku detekt\u012bvi: no mikropasaules l\u012bdz 3D siluetam\u201d - Valmieras 2. vidusskola\",\"isPartOf\":{\"@id\":\"https:\/\/izglitiba.valmierasnovads.lv\/v2v\/#website\"},\"primaryImageOfPage\":{\"@id\":\"https:\/\/izglitiba.valmierasnovads.lv\/v2v\/dzivnieku-detektivi-no-mikropasaules-lidz-3d-siluetam\/#primaryimage\"},\"image\":{\"@id\":\"https:\/\/izglitiba.valmierasnovads.lv\/v2v\/dzivnieku-detektivi-no-mikropasaules-lidz-3d-siluetam\/#primaryimage\"},\"thumbnailUrl\":\"https:\/\/izglitiba.valmierasnovads.lv\/v2v\/wp-content\/uploads\/sites\/23\/2026\/04\/image-1.png\",\"datePublished\":\"2026-04-17T08:05:51+00:00\",\"dateModified\":\"2026-04-17T08:16:36+00:00\",\"breadcrumb\":{\"@id\":\"https:\/\/izglitiba.valmierasnovads.lv\/v2v\/dzivnieku-detektivi-no-mikropasaules-lidz-3d-siluetam\/#breadcrumb\"},\"inLanguage\":\"lv-LV\",\"potentialAction\":[{\"@type\":\"ReadAction\",\"target\":[\"https:\/\/izglitiba.valmierasnovads.lv\/v2v\/dzivnieku-detektivi-no-mikropasaules-lidz-3d-siluetam\/\"]}]},{\"@type\":\"ImageObject\",\"inLanguage\":\"lv-LV\",\"@id\":\"https:\/\/izglitiba.valmierasnovads.lv\/v2v\/dzivnieku-detektivi-no-mikropasaules-lidz-3d-siluetam\/#primaryimage\",\"url\":\"https:\/\/izglitiba.valmierasnovads.lv\/v2v\/wp-content\/uploads\/sites\/23\/2026\/04\/image-1.png\",\"contentUrl\":\"https:\/\/izglitiba.valmierasnovads.lv\/v2v\/wp-content\/uploads\/sites\/23\/2026\/04\/image-1.png\",\"width\":794,\"height\":294},{\"@type\":\"BreadcrumbList\",\"@id\":\"https:\/\/izglitiba.valmierasnovads.lv\/v2v\/dzivnieku-detektivi-no-mikropasaules-lidz-3d-siluetam\/#breadcrumb\",\"itemListElement\":[{\"@type\":\"ListItem\",\"position\":1,\"name\":\"Home\",\"item\":\"https:\/\/izglitiba.valmierasnovads.lv\/v2v\/\"},{\"@type\":\"ListItem\",\"position\":2,\"name\":\"\u201cDz\u012bvnieku detekt\u012bvi: no mikropasaules l\u012bdz 3D siluetam\u201d\"}]},{\"@type\":\"WebSite\",\"@id\":\"https:\/\/izglitiba.valmierasnovads.lv\/v2v\/#website\",\"url\":\"https:\/\/izglitiba.valmierasnovads.lv\/v2v\/\",\"name\":\"Valmieras 2. vidusskola\",\"description\":\"\",\"publisher\":{\"@id\":\"https:\/\/izglitiba.valmierasnovads.lv\/v2v\/#organization\"},\"potentialAction\":[{\"@type\":\"SearchAction\",\"target\":{\"@type\":\"EntryPoint\",\"urlTemplate\":\"https:\/\/izglitiba.valmierasnovads.lv\/v2v\/?s={search_term_string}\"},\"query-input\":{\"@type\":\"PropertyValueSpecification\",\"valueRequired\":true,\"valueName\":\"search_term_string\"}}],\"inLanguage\":\"lv-LV\"},{\"@type\":\"Organization\",\"@id\":\"https:\/\/izglitiba.valmierasnovads.lv\/v2v\/#organization\",\"name\":\"Valmieras 2. vidusskola\",\"url\":\"https:\/\/izglitiba.valmierasnovads.lv\/v2v\/\",\"logo\":{\"@type\":\"ImageObject\",\"inLanguage\":\"lv-LV\",\"@id\":\"https:\/\/izglitiba.valmierasnovads.lv\/v2v\/#\/schema\/logo\/image\/\",\"url\":\"https:\/\/izglitiba.valmierasnovads.lv\/v2v\/wp-content\/uploads\/sites\/23\/2025\/04\/cropped-V2VSK-logo-PNG-1-1.png\",\"contentUrl\":\"https:\/\/izglitiba.valmierasnovads.lv\/v2v\/wp-content\/uploads\/sites\/23\/2025\/04\/cropped-V2VSK-logo-PNG-1-1.png\",\"width\":2111,\"height\":1310,\"caption\":\"Valmieras 2. vidusskola\"},\"image\":{\"@id\":\"https:\/\/izglitiba.valmierasnovads.lv\/v2v\/#\/schema\/logo\/image\/\"}}]}<\/script>\n<!-- \/ Yoast SEO plugin. -->","yoast_head_json":{"title":"\u201cDz\u012bvnieku detekt\u012bvi: no mikropasaules l\u012bdz 3D siluetam\u201d - Valmieras 2. vidusskola","robots":{"index":"index","follow":"follow","max-snippet":"max-snippet:-1","max-image-preview":"max-image-preview:large","max-video-preview":"max-video-preview:-1"},"canonical":"https:\/\/izglitiba.valmierasnovads.lv\/v2v\/dzivnieku-detektivi-no-mikropasaules-lidz-3d-siluetam\/","og_locale":"lv_LV","og_type":"article","og_title":"\u201cDz\u012bvnieku detekt\u012bvi: no mikropasaules l\u012bdz 3D siluetam\u201d - Valmieras 2. vidusskola","og_description":"Valsts izgl\u012bt\u012bbas att\u012bst\u012bbas a\u0123ent\u016bras \u012bstenot\u0101 projekta Nr.4.2.2.1.\/1\/25\/I\/001 \u201cSTEM un pilsonisk\u0101s l\u012bdzdal\u012bbas norises pla\u0161\u0101kai izgl\u012bt\u012bbas pieredzei un karjeras izv\u0113lei\u201d , kuru [&hellip;]","og_url":"https:\/\/izglitiba.valmierasnovads.lv\/v2v\/dzivnieku-detektivi-no-mikropasaules-lidz-3d-siluetam\/","og_site_name":"Valmieras 2. vidusskola","article_modified_time":"2026-04-17T08:16:36+00:00","og_image":[{"width":794,"height":294,"url":"https:\/\/izglitiba.valmierasnovads.lv\/v2v\/wp-content\/uploads\/sites\/23\/2026\/04\/image-1.png","type":"image\/png"}],"twitter_card":"summary_large_image","twitter_misc":{"Est. reading time":"2 min\u016btes"},"schema":{"@context":"https:\/\/schema.org","@graph":[{"@type":"WebPage","@id":"https:\/\/izglitiba.valmierasnovads.lv\/v2v\/dzivnieku-detektivi-no-mikropasaules-lidz-3d-siluetam\/","url":"https:\/\/izglitiba.valmierasnovads.lv\/v2v\/dzivnieku-detektivi-no-mikropasaules-lidz-3d-siluetam\/","name":"\u201cDz\u012bvnieku detekt\u012bvi: no mikropasaules l\u012bdz 3D siluetam\u201d - Valmieras 2. vidusskola","isPartOf":{"@id":"https:\/\/izglitiba.valmierasnovads.lv\/v2v\/#website"},"primaryImageOfPage":{"@id":"https:\/\/izglitiba.valmierasnovads.lv\/v2v\/dzivnieku-detektivi-no-mikropasaules-lidz-3d-siluetam\/#primaryimage"},"image":{"@id":"https:\/\/izglitiba.valmierasnovads.lv\/v2v\/dzivnieku-detektivi-no-mikropasaules-lidz-3d-siluetam\/#primaryimage"},"thumbnailUrl":"https:\/\/izglitiba.valmierasnovads.lv\/v2v\/wp-content\/uploads\/sites\/23\/2026\/04\/image-1.png","datePublished":"2026-04-17T08:05:51+00:00","dateModified":"2026-04-17T08:16:36+00:00","breadcrumb":{"@id":"https:\/\/izglitiba.valmierasnovads.lv\/v2v\/dzivnieku-detektivi-no-mikropasaules-lidz-3d-siluetam\/#breadcrumb"},"inLanguage":"lv-LV","potentialAction":[{"@type":"ReadAction","target":["https:\/\/izglitiba.valmierasnovads.lv\/v2v\/dzivnieku-detektivi-no-mikropasaules-lidz-3d-siluetam\/"]}]},{"@type":"ImageObject","inLanguage":"lv-LV","@id":"https:\/\/izglitiba.valmierasnovads.lv\/v2v\/dzivnieku-detektivi-no-mikropasaules-lidz-3d-siluetam\/#primaryimage","url":"https:\/\/izglitiba.valmierasnovads.lv\/v2v\/wp-content\/uploads\/sites\/23\/2026\/04\/image-1.png","contentUrl":"https:\/\/izglitiba.valmierasnovads.lv\/v2v\/wp-content\/uploads\/sites\/23\/2026\/04\/image-1.png","width":794,"height":294},{"@type":"BreadcrumbList","@id":"https:\/\/izglitiba.valmierasnovads.lv\/v2v\/dzivnieku-detektivi-no-mikropasaules-lidz-3d-siluetam\/#breadcrumb","itemListElement":[{"@type":"ListItem","position":1,"name":"Home","item":"https:\/\/izglitiba.valmierasnovads.lv\/v2v\/"},{"@type":"ListItem","position":2,"name":"\u201cDz\u012bvnieku detekt\u012bvi: no mikropasaules l\u012bdz 3D siluetam\u201d"}]},{"@type":"WebSite","@id":"https:\/\/izglitiba.valmierasnovads.lv\/v2v\/#website","url":"https:\/\/izglitiba.valmierasnovads.lv\/v2v\/","name":"Valmieras 2. vidusskola","description":"","publisher":{"@id":"https:\/\/izglitiba.valmierasnovads.lv\/v2v\/#organization"},"potentialAction":[{"@type":"SearchAction","target":{"@type":"EntryPoint","urlTemplate":"https:\/\/izglitiba.valmierasnovads.lv\/v2v\/?s={search_term_string}"},"query-input":{"@type":"PropertyValueSpecification","valueRequired":true,"valueName":"search_term_string"}}],"inLanguage":"lv-LV"},{"@type":"Organization","@id":"https:\/\/izglitiba.valmierasnovads.lv\/v2v\/#organization","name":"Valmieras 2. vidusskola","url":"https:\/\/izglitiba.valmierasnovads.lv\/v2v\/","logo":{"@type":"ImageObject","inLanguage":"lv-LV","@id":"https:\/\/izglitiba.valmierasnovads.lv\/v2v\/#\/schema\/logo\/image\/","url":"https:\/\/izglitiba.valmierasnovads.lv\/v2v\/wp-content\/uploads\/sites\/23\/2025\/04\/cropped-V2VSK-logo-PNG-1-1.png","contentUrl":"https:\/\/izglitiba.valmierasnovads.lv\/v2v\/wp-content\/uploads\/sites\/23\/2025\/04\/cropped-V2VSK-logo-PNG-1-1.png","width":2111,"height":1310,"caption":"Valmieras 2. vidusskola"},"image":{"@id":"https:\/\/izglitiba.valmierasnovads.lv\/v2v\/#\/schema\/logo\/image\/"}}]}},"_links":{"self":[{"href":"https:\/\/izglitiba.valmierasnovads.lv\/v2v\/wp-json\/wp\/v2\/pages\/1094","targetHints":{"allow":["GET"]}}],"collection":[{"href":"https:\/\/izglitiba.valmierasnovads.lv\/v2v\/wp-json\/wp\/v2\/pages"}],"about":[{"href":"https:\/\/izglitiba.valmierasnovads.lv\/v2v\/wp-json\/wp\/v2\/types\/page"}],"author":[{"embeddable":true,"href":"https:\/\/izglitiba.valmierasnovads.lv\/v2v\/wp-json\/wp\/v2\/users\/21"}],"replies":[{"embeddable":true,"href":"https:\/\/izglitiba.valmierasnovads.lv\/v2v\/wp-json\/wp\/v2\/comments?post=1094"}],"version-history":[{"count":5,"href":"https:\/\/izglitiba.valmierasnovads.lv\/v2v\/wp-json\/wp\/v2\/pages\/1094\/revisions"}],"predecessor-version":[{"id":1104,"href":"https:\/\/izglitiba.valmierasnovads.lv\/v2v\/wp-json\/wp\/v2\/pages\/1094\/revisions\/1104"}],"wp:attachment":[{"href":"https:\/\/izglitiba.valmierasnovads.lv\/v2v\/wp-json\/wp\/v2\/media?parent=1094"}],"curies":[{"name":"wp","href":"https:\/\/api.w.org\/{rel}","templated":true}]}}