{"id":124,"date":"2025-08-10T16:27:36","date_gmt":"2025-08-10T13:27:36","guid":{"rendered":"https:\/\/izglitiba.valmierasnovads.lv\/valmieras2vidusskola\/?page_id=124"},"modified":"2025-08-10T16:27:36","modified_gmt":"2025-08-10T13:27:36","slug":"neklatienes-macibu-process","status":"publish","type":"page","link":"https:\/\/izglitiba.valmierasnovads.lv\/v2v\/neklatienes-macibu-process\/","title":{"rendered":"Nekl\u0101tienes m\u0101c\u012bbu process"},"content":{"rendered":"\n<figure class=\"wp-block-table\"><table class=\"has-fixed-layout\"><tbody><tr><td><strong>Nosaukums<\/strong><\/td><td><strong>\u012ass apraksts<\/strong><\/td><td><strong>Links<\/strong><\/td><\/tr><tr><td colspan=\"3\"><strong>Komunik\u0101cija ar pasniedz\u0113jiem\/ Kl\u0101tienes nodarb\u012bbas<\/strong><\/td><\/tr><tr><td><strong>MEN\u0112\u0160A PL\u0100NS<\/strong><\/td><td colspan=\"2\"><strong>M\u0113ne\u0161a pl\u0101ns<\/strong> tiks ies\u016bt\u012bts SKOLAS E_PASTA, k\u0101 ar\u012b ievietots Chamilo vid\u0113 sada\u013c\u0101 SARUNAS TELPA katr\u0101 m\u0101c\u012bbu bloka s\u0101kum\u0101, taj\u0101 var\u0113s redz\u0113t, kur\u0101s dienas notiks vebin\u0101ri, p\u0101rbaudes darbi, ieskaites k\u0101 ar\u012b patst\u0101v\u012bgi izpild\u0101mo darbu pl\u0101nojums.<\/td><\/tr><tr><td><strong>KL\u0100TIENES NODARB\u012aBAS<\/strong><\/td><td colspan=\"2\">Latvij\u0101 dz\u012bvojo\u0161ajiem skol\u0113niem tiek pied\u0101v\u0101ta iesp\u0113ja <strong>KATRU PIEKTDIENU<\/strong> apmekl\u0113t <strong>kl\u0101tienes nodarb\u012bbas<\/strong>. Nodarb\u012bbas ir organiz\u0113tas k\u0101 diskusijas, grupu darbs, akt\u012bva domu un pieredzes apmai\u0146a, kas padzi\u013cina izpratni un pal\u012bdz risin\u0101t neskaidros jaut\u0101jumus.Notiek individu\u0101las pedagogu konsult\u0101cijas kl\u0101tien\u0113.<\/td><\/tr><tr><td><strong>VEBIN\u0100RI<\/strong><\/td><td colspan=\"2\">Papildus atbalstam notiek ar\u012b <strong>tie\u0161saistes vebin\u0101ri<\/strong>, kuros pedagogs \u012bsi izkl\u0101st\u012bs galvenos jaut\u0101jumus un paskaidros, kam piev\u0113rst uzman\u012bbu. Vebin\u0101ru laik\u0101 ir iesp\u0113ja uzdot jaut\u0101jumus par neizprasto m\u0101c\u012bbu t\u0113mu. Ja nav iesp\u0113jas piedal\u012bties vebin\u0101r\u0101 tie\u0161saist\u0113, p\u0113c tam var noskat\u012bties ierakstu. Datumi un laiki&nbsp; ir norad\u012bti darba pl\u0101n\u0101, kur\u0161 ir pieejams Chamilo vietn\u0113 sada\u013c\u0101 SARUNU TELPA. Uz vebin\u0101ru links tiek nos\u016bt\u012bts SKOLAS E-PAST\u0100.<\/td><\/tr><tr><td><strong>INDIVIDU\u0100LAS KONSULT\u0100CIJAS<\/strong><\/td><td colspan=\"2\">Katr\u0101 m\u0101c\u012bbu priek\u0161met\u0101 izgl\u012btojamam ir iesp\u0113ja sa\u0146emt konsult\u0101ciju lai izrun\u0101tu visus neskaidros jaut\u0101jumus. Konsult\u0101ciju j\u0101piesaka individu\u0101li, rakstot skolot\u0101jam E-klas\u0113.&nbsp;Notiek individu\u0101las pedagogu konsult\u0101cijas kl\u0101tien\u0113 p\u0113c grafika, kur\u0161 ir pieejams Chamilo vid\u0113 sada\u013c\u0101 SARUNAS TELPA. <strong>Konsult\u0101ciju un vebin\u0101ru&nbsp; apmekl\u0113jums ir br\u012bvpr\u0101t\u012bgs<\/strong>.<\/td><\/tr><tr><td><strong>P\u0100RBAUDES DARBI<\/strong><\/td><td colspan=\"2\"><strong>Par katru piek\u0161metu <\/strong>m\u0101c\u012bbu gad\u0101 j\u0101nok\u0101rto <strong>5 \u2013 15 ieskaites<\/strong>.&nbsp;Ieskaites j\u0101pilda internet\u0101 online re\u017e\u012bm\u0101 vai Word form\u0101t\u0101 (formu nos\u0101ka skolot\u0101js). Izpildei online re\u017eim\u0101 parasti ir dotas 90-180 min\u016btes.&nbsp; Ieskait\u0113 ir gan testa jaut\u0101jumi, gan pareizo atbil\u017eu izv\u0113les uzdevumi, gan risin\u0101mi uzdevumi \u2013 daudzveid\u012bgas iesp\u0113jas par\u0101d\u012bt savas zin\u0101\u0161anas. Ja k\u0101du uzdevumu ir \u0113rt\u0101k izpild\u012bt uz pap\u012bra, tad past\u0101v iesp\u0113ja risin\u0101jumu iesken\u0113t vai vienk\u0101r\u0161i nofotograf\u0113t un pievienot ieskaitei k\u0101 att\u0113lu vai cita form\u0101ta failu.&nbsp;Skolot\u0101js izlabo ieskaiti ne ilg\u0101k k\u0101 <strong>desmit darba dienu laik\u0101<\/strong>. Izlabot\u0101 ieskaite ir apskata\u0101ma p\u0113c piepras\u012bjum\u0101, ieg\u016btais v\u0113rt\u0113jums par\u0101d\u0101s E-klas\u0113.<\/td><\/tr><tr><td rowspan=\"2\"><strong>E-KLASE<\/strong><\/td><td rowspan=\"2\">M\u0101c\u012bbu r\u012bks, dienasgr\u0101mata, stundu saraksts, skolas info-lapa, sazi\u0146a ar m\u0101c\u012bbu priek\u0161metu skolot\u0101jiem, klases audzin\u0101t\u0101ju, skolas vad\u012bbu<\/td><td><a href=\"http:\/\/www.e-klase.lv\">www.e-klase.lv<\/a>&nbsp;<\/td><\/tr><tr><td>Augusta beig\u0101s autom\u0101tiski re\u0123istr\u0113jot J\u016bs sist\u0113m\u0101 E-klas\u0113, tiks izveidots&nbsp; j\u016bsu profils un&nbsp; sa\u0123ener\u0113ta parole, kura jums tiks \u012bszi\u0146\u0101 uz mobilo telefonu!Lai piesl\u0113gtos sist\u0113mai, vajadz\u0113s izmantot J\u016bsu personas kodu un paroli.&nbsp;<\/td><\/tr><tr><td colspan=\"3\"><strong>M\u0101c\u012bbu vide<\/strong><\/td><\/tr><tr><td rowspan=\"2\"><strong>IZGL\u012aTOJAM\u0100&nbsp;<\/strong><strong>E-PASTS<\/strong><\/td><td rowspan=\"2\">Izgl\u012btojam\u0101 e-pasts, kur\u0161 tiks izmantots sazi\u0146ai, klases darbam, tie\u0161saistes vebin\u0101riem, p\u0101rbaudes darbu s\u016bt\u012b\u0161anai un kop\u012bgotiem dokumentiem!<\/td><td><a href=\"http:\/\/www.gmail.com\">www.gmail.com<\/a>&nbsp;<\/td><\/tr><tr><td>Augusta beig\u0101s autom\u0101tiski tiks izveidots&nbsp; e-pasts: <a href=\"mailto:vards.uzvards@valmiera.edu.lv\">vards.uzvards@valmiera.edu.lv<\/a>, un \u0123ener\u0113ta parole, kura jums tiks nos\u016bt\u012bta gan sist\u0113m\u0101 E-klas\u0113, k\u0101 ar\u012b \u012bszi\u0146\u0101 uz mobilo telefonu!<\/td><\/tr><tr><td rowspan=\"3\"><strong>CHAMILO<\/strong><\/td><td rowspan=\"3\">Skolas e-m\u0101c\u012bbu vide, kur\u0101&nbsp; tiek piedavati \u012bpa\u0161i veidoti koncentr\u0113ti un vienk\u0101r\u0161i <strong>elektroniskie m\u0101c\u012bbu materi\u0101li<\/strong>, lai m\u0101c\u012bbas b\u016btu pieejamas no jebkuras vietas, kur vien ir internets.&nbsp;M\u0101c\u012bbu l\u012bdzekl\u012b ietver ar\u012b <strong>pa\u0161p\u0101rbaudes uzdevumi<\/strong> (Chamilo vid\u0113 vai sadarb\u012bb\u0101 ar www.uzdevumi.lv).&nbsp;<\/td><td><a href=\"http:\/\/chamilo.v2v.edu.lv\/\">http:\/\/chamilo.v2v.edu.lv\/<\/a>&nbsp;<\/td><\/tr><tr><td>Pieejas v\u0101rds un parole, tiks nos\u016bt\u012bta augusta beig\u0101s sist\u0113m\u0101 E-klas\u0113, k\u0101 ar\u012b \u012bszi\u0146\u0101 uz mobilo telefonu!<\/td><\/tr><tr><td>Iepaz\u012bties ar sist\u0113mas funkcionalit\u0101ti var \u2026<\/td><\/tr><tr><td rowspan=\"2\"><strong>ZOOM<\/strong><\/td><td>Programma lejupiel\u0101dei&nbsp;<\/td><td><a href=\"https:\/\/zoom.us\/download#client_4meeting\">https:\/\/zoom.us\/download#client_4meeting<\/a>&nbsp;<\/td><\/tr><tr><td>Instrukcija darb\u0101 ar ZOOM<\/td><td><a href=\"https:\/\/macities.digitalaiscentrs.lv\/zoom-videokonferences-riks\/\">https:\/\/macities.digitalaiscentrs.lv\/zoom-videokonferences-riks\/<\/a><\/td><\/tr><\/tbody><\/table><\/figure>\n","protected":false},"excerpt":{"rendered":"<p>Nosaukums \u012ass apraksts Links Komunik\u0101cija ar pasniedz\u0113jiem\/ Kl\u0101tienes nodarb\u012bbas MEN\u0112\u0160A PL\u0100NS M\u0113ne\u0161a pl\u0101ns tiks ies\u016bt\u012bts SKOLAS E_PASTA, k\u0101 ar\u012b ievietots [&hellip;]<\/p>\n","protected":false},"author":21,"featured_media":0,"parent":0,"menu_order":0,"comment_status":"closed","ping_status":"closed","template":"","meta":{"_acf_changed":false,"site-sidebar-layout":"default","site-content-layout":"","ast-site-content-layout":"default","site-content-style":"default","site-sidebar-style":"default","ast-global-header-display":"","ast-banner-title-visibility":"","ast-main-header-display":"","ast-hfb-above-header-display":"","ast-hfb-below-header-display":"","ast-hfb-mobile-header-display":"","site-post-title":"","ast-breadcrumbs-content":"","ast-featured-img":"","footer-sml-layout":"","ast-disable-related-posts":"","theme-transparent-header-meta":"","adv-header-id-meta":"","stick-header-meta":"","header-above-stick-meta":"","header-main-stick-meta":"","header-below-stick-meta":"","astra-migrate-meta-layouts":"default","ast-page-background-enabled":"default","ast-page-background-meta":{"desktop":{"background-color":"var(--ast-global-color-5)","background-image":"","background-repeat":"repeat","background-position":"center center","background-size":"auto","background-attachment":"scroll","background-type":"","background-media":"","overlay-type":"","overlay-color":"","overlay-opacity":"","overlay-gradient":""},"tablet":{"background-color":"","background-image":"","background-repeat":"repeat","background-position":"center center","background-size":"auto","background-attachment":"scroll","background-type":"","background-media":"","overlay-type":"","overlay-color":"","overlay-opacity":"","overlay-gradient":""},"mobile":{"background-color":"","background-image":"","background-repeat":"repeat","background-position":"center center","background-size":"auto","background-attachment":"scroll","background-type":"","background-media":"","overlay-type":"","overlay-color":"","overlay-opacity":"","overlay-gradient":""}},"ast-content-background-meta":{"desktop":{"background-color":"var(--ast-global-color-4)","background-image":"","background-repeat":"repeat","background-position":"center center","background-size":"auto","background-attachment":"scroll","background-type":"","background-media":"","overlay-type":"","overlay-color":"","overlay-opacity":"","overlay-gradient":""},"tablet":{"background-color":"var(--ast-global-color-4)","background-image":"","background-repeat":"repeat","background-position":"center center","background-size":"auto","background-attachment":"scroll","background-type":"","background-media":"","overlay-type":"","overlay-color":"","overlay-opacity":"","overlay-gradient":""},"mobile":{"background-color":"var(--ast-global-color-4)","background-image":"","background-repeat":"repeat","background-position":"center center","background-size":"auto","background-attachment":"scroll","background-type":"","background-media":"","overlay-type":"","overlay-color":"","overlay-opacity":"","overlay-gradient":""}},"footnotes":""},"class_list":["post-124","page","type-page","status-publish","hentry"],"acf":[],"yoast_head":"<!-- This site is optimized with the Yoast SEO plugin v27.0 - https:\/\/yoast.com\/product\/yoast-seo-wordpress\/ -->\n<title>Nekl\u0101tienes m\u0101c\u012bbu process - Valmieras 2. vidusskola<\/title>\n<meta name=\"robots\" content=\"index, follow, max-snippet:-1, max-image-preview:large, max-video-preview:-1\" \/>\n<link rel=\"canonical\" href=\"https:\/\/izglitiba.valmierasnovads.lv\/v2v\/neklatienes-macibu-process\/\" \/>\n<meta property=\"og:locale\" content=\"lv_LV\" \/>\n<meta property=\"og:type\" content=\"article\" \/>\n<meta property=\"og:title\" content=\"Nekl\u0101tienes m\u0101c\u012bbu process - Valmieras 2. vidusskola\" \/>\n<meta property=\"og:description\" content=\"Nosaukums \u012ass apraksts Links Komunik\u0101cija ar pasniedz\u0113jiem\/ Kl\u0101tienes nodarb\u012bbas MEN\u0112\u0160A PL\u0100NS M\u0113ne\u0161a pl\u0101ns tiks ies\u016bt\u012bts SKOLAS E_PASTA, k\u0101 ar\u012b ievietots [&hellip;]\" \/>\n<meta property=\"og:url\" content=\"https:\/\/izglitiba.valmierasnovads.lv\/v2v\/neklatienes-macibu-process\/\" \/>\n<meta property=\"og:site_name\" content=\"Valmieras 2. vidusskola\" \/>\n<meta name=\"twitter:card\" content=\"summary_large_image\" \/>\n<meta name=\"twitter:label1\" content=\"Est. reading time\" \/>\n\t<meta name=\"twitter:data1\" content=\"3 min\u016btes\" \/>\n<script type=\"application\/ld+json\" class=\"yoast-schema-graph\">{\"@context\":\"https:\/\/schema.org\",\"@graph\":[{\"@type\":\"WebPage\",\"@id\":\"https:\/\/izglitiba.valmierasnovads.lv\/v2v\/neklatienes-macibu-process\/\",\"url\":\"https:\/\/izglitiba.valmierasnovads.lv\/v2v\/neklatienes-macibu-process\/\",\"name\":\"Nekl\u0101tienes m\u0101c\u012bbu process - Valmieras 2. vidusskola\",\"isPartOf\":{\"@id\":\"https:\/\/izglitiba.valmierasnovads.lv\/v2v\/#website\"},\"datePublished\":\"2025-08-10T13:27:36+00:00\",\"breadcrumb\":{\"@id\":\"https:\/\/izglitiba.valmierasnovads.lv\/v2v\/neklatienes-macibu-process\/#breadcrumb\"},\"inLanguage\":\"lv-LV\",\"potentialAction\":[{\"@type\":\"ReadAction\",\"target\":[\"https:\/\/izglitiba.valmierasnovads.lv\/v2v\/neklatienes-macibu-process\/\"]}]},{\"@type\":\"BreadcrumbList\",\"@id\":\"https:\/\/izglitiba.valmierasnovads.lv\/v2v\/neklatienes-macibu-process\/#breadcrumb\",\"itemListElement\":[{\"@type\":\"ListItem\",\"position\":1,\"name\":\"Home\",\"item\":\"https:\/\/izglitiba.valmierasnovads.lv\/v2v\/\"},{\"@type\":\"ListItem\",\"position\":2,\"name\":\"Nekl\u0101tienes m\u0101c\u012bbu process\"}]},{\"@type\":\"WebSite\",\"@id\":\"https:\/\/izglitiba.valmierasnovads.lv\/v2v\/#website\",\"url\":\"https:\/\/izglitiba.valmierasnovads.lv\/v2v\/\",\"name\":\"Valmieras 2. vidusskola\",\"description\":\"\",\"publisher\":{\"@id\":\"https:\/\/izglitiba.valmierasnovads.lv\/v2v\/#organization\"},\"potentialAction\":[{\"@type\":\"SearchAction\",\"target\":{\"@type\":\"EntryPoint\",\"urlTemplate\":\"https:\/\/izglitiba.valmierasnovads.lv\/v2v\/?s={search_term_string}\"},\"query-input\":{\"@type\":\"PropertyValueSpecification\",\"valueRequired\":true,\"valueName\":\"search_term_string\"}}],\"inLanguage\":\"lv-LV\"},{\"@type\":\"Organization\",\"@id\":\"https:\/\/izglitiba.valmierasnovads.lv\/v2v\/#organization\",\"name\":\"Valmieras 2. vidusskola\",\"url\":\"https:\/\/izglitiba.valmierasnovads.lv\/v2v\/\",\"logo\":{\"@type\":\"ImageObject\",\"inLanguage\":\"lv-LV\",\"@id\":\"https:\/\/izglitiba.valmierasnovads.lv\/v2v\/#\/schema\/logo\/image\/\",\"url\":\"https:\/\/izglitiba.valmierasnovads.lv\/v2v\/wp-content\/uploads\/sites\/23\/2025\/04\/cropped-V2VSK-logo-PNG-1-1.png\",\"contentUrl\":\"https:\/\/izglitiba.valmierasnovads.lv\/v2v\/wp-content\/uploads\/sites\/23\/2025\/04\/cropped-V2VSK-logo-PNG-1-1.png\",\"width\":2111,\"height\":1310,\"caption\":\"Valmieras 2. vidusskola\"},\"image\":{\"@id\":\"https:\/\/izglitiba.valmierasnovads.lv\/v2v\/#\/schema\/logo\/image\/\"}}]}<\/script>\n<!-- \/ Yoast SEO plugin. -->","yoast_head_json":{"title":"Nekl\u0101tienes m\u0101c\u012bbu process - Valmieras 2. vidusskola","robots":{"index":"index","follow":"follow","max-snippet":"max-snippet:-1","max-image-preview":"max-image-preview:large","max-video-preview":"max-video-preview:-1"},"canonical":"https:\/\/izglitiba.valmierasnovads.lv\/v2v\/neklatienes-macibu-process\/","og_locale":"lv_LV","og_type":"article","og_title":"Nekl\u0101tienes m\u0101c\u012bbu process - Valmieras 2. vidusskola","og_description":"Nosaukums \u012ass apraksts Links Komunik\u0101cija ar pasniedz\u0113jiem\/ Kl\u0101tienes nodarb\u012bbas MEN\u0112\u0160A PL\u0100NS M\u0113ne\u0161a pl\u0101ns tiks ies\u016bt\u012bts SKOLAS E_PASTA, k\u0101 ar\u012b ievietots [&hellip;]","og_url":"https:\/\/izglitiba.valmierasnovads.lv\/v2v\/neklatienes-macibu-process\/","og_site_name":"Valmieras 2. vidusskola","twitter_card":"summary_large_image","twitter_misc":{"Est. reading time":"3 min\u016btes"},"schema":{"@context":"https:\/\/schema.org","@graph":[{"@type":"WebPage","@id":"https:\/\/izglitiba.valmierasnovads.lv\/v2v\/neklatienes-macibu-process\/","url":"https:\/\/izglitiba.valmierasnovads.lv\/v2v\/neklatienes-macibu-process\/","name":"Nekl\u0101tienes m\u0101c\u012bbu process - Valmieras 2. vidusskola","isPartOf":{"@id":"https:\/\/izglitiba.valmierasnovads.lv\/v2v\/#website"},"datePublished":"2025-08-10T13:27:36+00:00","breadcrumb":{"@id":"https:\/\/izglitiba.valmierasnovads.lv\/v2v\/neklatienes-macibu-process\/#breadcrumb"},"inLanguage":"lv-LV","potentialAction":[{"@type":"ReadAction","target":["https:\/\/izglitiba.valmierasnovads.lv\/v2v\/neklatienes-macibu-process\/"]}]},{"@type":"BreadcrumbList","@id":"https:\/\/izglitiba.valmierasnovads.lv\/v2v\/neklatienes-macibu-process\/#breadcrumb","itemListElement":[{"@type":"ListItem","position":1,"name":"Home","item":"https:\/\/izglitiba.valmierasnovads.lv\/v2v\/"},{"@type":"ListItem","position":2,"name":"Nekl\u0101tienes m\u0101c\u012bbu process"}]},{"@type":"WebSite","@id":"https:\/\/izglitiba.valmierasnovads.lv\/v2v\/#website","url":"https:\/\/izglitiba.valmierasnovads.lv\/v2v\/","name":"Valmieras 2. vidusskola","description":"","publisher":{"@id":"https:\/\/izglitiba.valmierasnovads.lv\/v2v\/#organization"},"potentialAction":[{"@type":"SearchAction","target":{"@type":"EntryPoint","urlTemplate":"https:\/\/izglitiba.valmierasnovads.lv\/v2v\/?s={search_term_string}"},"query-input":{"@type":"PropertyValueSpecification","valueRequired":true,"valueName":"search_term_string"}}],"inLanguage":"lv-LV"},{"@type":"Organization","@id":"https:\/\/izglitiba.valmierasnovads.lv\/v2v\/#organization","name":"Valmieras 2. vidusskola","url":"https:\/\/izglitiba.valmierasnovads.lv\/v2v\/","logo":{"@type":"ImageObject","inLanguage":"lv-LV","@id":"https:\/\/izglitiba.valmierasnovads.lv\/v2v\/#\/schema\/logo\/image\/","url":"https:\/\/izglitiba.valmierasnovads.lv\/v2v\/wp-content\/uploads\/sites\/23\/2025\/04\/cropped-V2VSK-logo-PNG-1-1.png","contentUrl":"https:\/\/izglitiba.valmierasnovads.lv\/v2v\/wp-content\/uploads\/sites\/23\/2025\/04\/cropped-V2VSK-logo-PNG-1-1.png","width":2111,"height":1310,"caption":"Valmieras 2. vidusskola"},"image":{"@id":"https:\/\/izglitiba.valmierasnovads.lv\/v2v\/#\/schema\/logo\/image\/"}}]}},"_links":{"self":[{"href":"https:\/\/izglitiba.valmierasnovads.lv\/v2v\/wp-json\/wp\/v2\/pages\/124","targetHints":{"allow":["GET"]}}],"collection":[{"href":"https:\/\/izglitiba.valmierasnovads.lv\/v2v\/wp-json\/wp\/v2\/pages"}],"about":[{"href":"https:\/\/izglitiba.valmierasnovads.lv\/v2v\/wp-json\/wp\/v2\/types\/page"}],"author":[{"embeddable":true,"href":"https:\/\/izglitiba.valmierasnovads.lv\/v2v\/wp-json\/wp\/v2\/users\/21"}],"replies":[{"embeddable":true,"href":"https:\/\/izglitiba.valmierasnovads.lv\/v2v\/wp-json\/wp\/v2\/comments?post=124"}],"version-history":[{"count":1,"href":"https:\/\/izglitiba.valmierasnovads.lv\/v2v\/wp-json\/wp\/v2\/pages\/124\/revisions"}],"predecessor-version":[{"id":125,"href":"https:\/\/izglitiba.valmierasnovads.lv\/v2v\/wp-json\/wp\/v2\/pages\/124\/revisions\/125"}],"wp:attachment":[{"href":"https:\/\/izglitiba.valmierasnovads.lv\/v2v\/wp-json\/wp\/v2\/media?parent=124"}],"curies":[{"name":"wp","href":"https:\/\/api.w.org\/{rel}","templated":true}]}}