{"id":240,"date":"2025-09-08T12:42:07","date_gmt":"2025-09-08T09:42:07","guid":{"rendered":"https:\/\/izglitiba.valmierasnovads.lv\/valmieras2vidusskola\/?page_id=240"},"modified":"2025-09-08T12:43:03","modified_gmt":"2025-09-08T09:43:03","slug":"e-klase","status":"publish","type":"page","link":"https:\/\/izglitiba.valmierasnovads.lv\/v2v\/e-klase\/","title":{"rendered":"E-klase"},"content":{"rendered":"\n<p>E-klase ir skolot\u0101ju darba instruments, ar kura pal\u012bdz\u012bbu tiek nodro\u0161in\u0101ta pedago\u0123isk\u0101 procesa nepiecie\u0161am\u0101 dokument\u0101cija, s\u0101kot ar element\u0101ro klases \u017eurn\u0101lu, beidzot ar sare\u017e\u0123\u012bt\u0101m atskait\u0113m skolas vajadz\u012bb\u0101m.<\/p>\n\n\n\n<p>Ar e-klases pal\u012bdz\u012bbu skol\u0113ni un vi\u0146u vec\u0101ki var sekot l\u012bdzi sekm\u0113m internet\u0101, sazin\u0101ties ar skolot\u0101jiem, klasesbiedriem un klases biedru vec\u0101kiem.<\/p>\n\n\n\n<p>Vec\u0101kiem pieejami divi pakalpojumu komplekti:<\/p>\n\n\n\n<ul class=\"wp-block-list\">\n<li><strong>Bezmaksas komplekts<\/strong><\/li>\n\n\n\n<li><strong>\u0122imenes komplekts (par maksu).<\/strong><\/li>\n<\/ul>\n\n\n\n<p><strong>Bezmaksas komplekt\u0101 izgl\u012btojamie un vi\u0146u vec\u0101ki ir re\u0123istr\u0113ti autom\u0101tiski p\u0113c iest\u0101\u0161anas skol\u0101.<\/strong><\/p>\n\n\n\n<p>Vec\u0101ki sa\u0146ems piek\u013cuves paroli e-klasei pamatojoties uz iesniegum\u0101 nor\u0101d\u012bto telefona numuru.<\/p>\n\n\n\n<p>Izmantojot adresi www.e-klase.lv, sada\u013cu&nbsp;<strong>Piesl\u0113gties<\/strong>&nbsp;e-klasei piek\u013c\u016bst inform\u0101cijai par sava b\u0113rna (-iem) atz\u012bm\u0113m, kav\u0113jumiem, sarakstei ar skolu un skolot\u0101jiem, u.c.<\/p>\n\n\n\n<p>Ja skol\u0113ns v\u0113las \u0113rt\u0101k sekot l\u012bdzi m\u0101c\u012bbu procesam, var ieg\u0101d\u0101ties \u0122imenes komplektu. To var vec\u0101ki vai izgl\u012btojamais var izdar\u012bt pa\u0161i (<a href=\"https:\/\/www.e-klase.lv\/par-e-klasi\/gimenes-komplekts\">https:\/\/www.e-klase.lv\/par-e-klasi\/gimenes-komplekts<\/a>).<\/p>\n\n\n\n<p>Ja rodas jaut\u0101jumi vai ir nepiecie\u0161ams tehniskais atbalsts var griezties pie E-klases administratores Nat\u0101lijas \u0160ildes (100. kab.), jeb sazinoties ar rakstot&nbsp;<a href=\";\">natalija.silde@valmiera.edu.lv<\/a>, vai&nbsp; E-klases past\u0101).<\/p>\n\n\n\n<p>Aktu\u0101l\u0101s atbildes: <a href=\"https:\/\/www.e-klase.lv\/par-e-klasi\/buj\/lv\/vecakiem\">https:\/\/www.e-klase.lv\/par-e-klasi\/buj\/lv\/vecakiem<\/a><\/p>\n","protected":false},"excerpt":{"rendered":"<p>E-klase ir skolot\u0101ju darba instruments, ar kura pal\u012bdz\u012bbu tiek nodro\u0161in\u0101ta pedago\u0123isk\u0101 procesa nepiecie\u0161am\u0101 dokument\u0101cija, s\u0101kot ar element\u0101ro klases \u017eurn\u0101lu, beidzot [&hellip;]<\/p>\n","protected":false},"author":20,"featured_media":0,"parent":0,"menu_order":0,"comment_status":"closed","ping_status":"closed","template":"","meta":{"_acf_changed":false,"site-sidebar-layout":"default","site-content-layout":"","ast-site-content-layout":"default","site-content-style":"default","site-sidebar-style":"default","ast-global-header-display":"","ast-banner-title-visibility":"","ast-main-header-display":"","ast-hfb-above-header-display":"","ast-hfb-below-header-display":"","ast-hfb-mobile-header-display":"","site-post-title":"","ast-breadcrumbs-content":"","ast-featured-img":"","footer-sml-layout":"","ast-disable-related-posts":"","theme-transparent-header-meta":"","adv-header-id-meta":"","stick-header-meta":"","header-above-stick-meta":"","header-main-stick-meta":"","header-below-stick-meta":"","astra-migrate-meta-layouts":"default","ast-page-background-enabled":"default","ast-page-background-meta":{"desktop":{"background-color":"var(--ast-global-color-5)","background-image":"","background-repeat":"repeat","background-position":"center center","background-size":"auto","background-attachment":"scroll","background-type":"","background-media":"","overlay-type":"","overlay-color":"","overlay-opacity":"","overlay-gradient":""},"tablet":{"background-color":"","background-image":"","background-repeat":"repeat","background-position":"center center","background-size":"auto","background-attachment":"scroll","background-type":"","background-media":"","overlay-type":"","overlay-color":"","overlay-opacity":"","overlay-gradient":""},"mobile":{"background-color":"","background-image":"","background-repeat":"repeat","background-position":"center center","background-size":"auto","background-attachment":"scroll","background-type":"","background-media":"","overlay-type":"","overlay-color":"","overlay-opacity":"","overlay-gradient":""}},"ast-content-background-meta":{"desktop":{"background-color":"var(--ast-global-color-4)","background-image":"","background-repeat":"repeat","background-position":"center center","background-size":"auto","background-attachment":"scroll","background-type":"","background-media":"","overlay-type":"","overlay-color":"","overlay-opacity":"","overlay-gradient":""},"tablet":{"background-color":"var(--ast-global-color-4)","background-image":"","background-repeat":"repeat","background-position":"center center","background-size":"auto","background-attachment":"scroll","background-type":"","background-media":"","overlay-type":"","overlay-color":"","overlay-opacity":"","overlay-gradient":""},"mobile":{"background-color":"var(--ast-global-color-4)","background-image":"","background-repeat":"repeat","background-position":"center center","background-size":"auto","background-attachment":"scroll","background-type":"","background-media":"","overlay-type":"","overlay-color":"","overlay-opacity":"","overlay-gradient":""}},"footnotes":""},"class_list":["post-240","page","type-page","status-publish","hentry"],"acf":[],"yoast_head":"<!-- This site is optimized with the Yoast SEO plugin v27.0 - https:\/\/yoast.com\/product\/yoast-seo-wordpress\/ -->\n<title>E-klase - Valmieras 2. vidusskola<\/title>\n<meta name=\"robots\" content=\"index, follow, max-snippet:-1, max-image-preview:large, max-video-preview:-1\" \/>\n<link rel=\"canonical\" href=\"https:\/\/izglitiba.valmierasnovads.lv\/v2v\/e-klase\/\" \/>\n<meta property=\"og:locale\" content=\"lv_LV\" \/>\n<meta property=\"og:type\" content=\"article\" \/>\n<meta property=\"og:title\" content=\"E-klase - Valmieras 2. vidusskola\" \/>\n<meta property=\"og:description\" content=\"E-klase ir skolot\u0101ju darba instruments, ar kura pal\u012bdz\u012bbu tiek nodro\u0161in\u0101ta pedago\u0123isk\u0101 procesa nepiecie\u0161am\u0101 dokument\u0101cija, s\u0101kot ar element\u0101ro klases \u017eurn\u0101lu, beidzot [&hellip;]\" \/>\n<meta property=\"og:url\" content=\"https:\/\/izglitiba.valmierasnovads.lv\/v2v\/e-klase\/\" \/>\n<meta property=\"og:site_name\" content=\"Valmieras 2. vidusskola\" \/>\n<meta property=\"article:modified_time\" content=\"2025-09-08T09:43:03+00:00\" \/>\n<meta name=\"twitter:card\" content=\"summary_large_image\" \/>\n<meta name=\"twitter:label1\" content=\"Est. reading time\" \/>\n\t<meta name=\"twitter:data1\" content=\"1 min\u016bte\" \/>\n<script type=\"application\/ld+json\" class=\"yoast-schema-graph\">{\"@context\":\"https:\/\/schema.org\",\"@graph\":[{\"@type\":\"WebPage\",\"@id\":\"https:\/\/izglitiba.valmierasnovads.lv\/v2v\/e-klase\/\",\"url\":\"https:\/\/izglitiba.valmierasnovads.lv\/v2v\/e-klase\/\",\"name\":\"E-klase - Valmieras 2. vidusskola\",\"isPartOf\":{\"@id\":\"https:\/\/izglitiba.valmierasnovads.lv\/v2v\/#website\"},\"datePublished\":\"2025-09-08T09:42:07+00:00\",\"dateModified\":\"2025-09-08T09:43:03+00:00\",\"breadcrumb\":{\"@id\":\"https:\/\/izglitiba.valmierasnovads.lv\/v2v\/e-klase\/#breadcrumb\"},\"inLanguage\":\"lv-LV\",\"potentialAction\":[{\"@type\":\"ReadAction\",\"target\":[\"https:\/\/izglitiba.valmierasnovads.lv\/v2v\/e-klase\/\"]}]},{\"@type\":\"BreadcrumbList\",\"@id\":\"https:\/\/izglitiba.valmierasnovads.lv\/v2v\/e-klase\/#breadcrumb\",\"itemListElement\":[{\"@type\":\"ListItem\",\"position\":1,\"name\":\"Home\",\"item\":\"https:\/\/izglitiba.valmierasnovads.lv\/v2v\/\"},{\"@type\":\"ListItem\",\"position\":2,\"name\":\"E-klase\"}]},{\"@type\":\"WebSite\",\"@id\":\"https:\/\/izglitiba.valmierasnovads.lv\/v2v\/#website\",\"url\":\"https:\/\/izglitiba.valmierasnovads.lv\/v2v\/\",\"name\":\"Valmieras 2. vidusskola\",\"description\":\"\",\"publisher\":{\"@id\":\"https:\/\/izglitiba.valmierasnovads.lv\/v2v\/#organization\"},\"potentialAction\":[{\"@type\":\"SearchAction\",\"target\":{\"@type\":\"EntryPoint\",\"urlTemplate\":\"https:\/\/izglitiba.valmierasnovads.lv\/v2v\/?s={search_term_string}\"},\"query-input\":{\"@type\":\"PropertyValueSpecification\",\"valueRequired\":true,\"valueName\":\"search_term_string\"}}],\"inLanguage\":\"lv-LV\"},{\"@type\":\"Organization\",\"@id\":\"https:\/\/izglitiba.valmierasnovads.lv\/v2v\/#organization\",\"name\":\"Valmieras 2. vidusskola\",\"url\":\"https:\/\/izglitiba.valmierasnovads.lv\/v2v\/\",\"logo\":{\"@type\":\"ImageObject\",\"inLanguage\":\"lv-LV\",\"@id\":\"https:\/\/izglitiba.valmierasnovads.lv\/v2v\/#\/schema\/logo\/image\/\",\"url\":\"https:\/\/izglitiba.valmierasnovads.lv\/v2v\/wp-content\/uploads\/sites\/23\/2025\/04\/cropped-V2VSK-logo-PNG-1-1.png\",\"contentUrl\":\"https:\/\/izglitiba.valmierasnovads.lv\/v2v\/wp-content\/uploads\/sites\/23\/2025\/04\/cropped-V2VSK-logo-PNG-1-1.png\",\"width\":2111,\"height\":1310,\"caption\":\"Valmieras 2. vidusskola\"},\"image\":{\"@id\":\"https:\/\/izglitiba.valmierasnovads.lv\/v2v\/#\/schema\/logo\/image\/\"}}]}<\/script>\n<!-- \/ Yoast SEO plugin. -->","yoast_head_json":{"title":"E-klase - Valmieras 2. vidusskola","robots":{"index":"index","follow":"follow","max-snippet":"max-snippet:-1","max-image-preview":"max-image-preview:large","max-video-preview":"max-video-preview:-1"},"canonical":"https:\/\/izglitiba.valmierasnovads.lv\/v2v\/e-klase\/","og_locale":"lv_LV","og_type":"article","og_title":"E-klase - Valmieras 2. vidusskola","og_description":"E-klase ir skolot\u0101ju darba instruments, ar kura pal\u012bdz\u012bbu tiek nodro\u0161in\u0101ta pedago\u0123isk\u0101 procesa nepiecie\u0161am\u0101 dokument\u0101cija, s\u0101kot ar element\u0101ro klases \u017eurn\u0101lu, beidzot [&hellip;]","og_url":"https:\/\/izglitiba.valmierasnovads.lv\/v2v\/e-klase\/","og_site_name":"Valmieras 2. vidusskola","article_modified_time":"2025-09-08T09:43:03+00:00","twitter_card":"summary_large_image","twitter_misc":{"Est. reading time":"1 min\u016bte"},"schema":{"@context":"https:\/\/schema.org","@graph":[{"@type":"WebPage","@id":"https:\/\/izglitiba.valmierasnovads.lv\/v2v\/e-klase\/","url":"https:\/\/izglitiba.valmierasnovads.lv\/v2v\/e-klase\/","name":"E-klase - Valmieras 2. vidusskola","isPartOf":{"@id":"https:\/\/izglitiba.valmierasnovads.lv\/v2v\/#website"},"datePublished":"2025-09-08T09:42:07+00:00","dateModified":"2025-09-08T09:43:03+00:00","breadcrumb":{"@id":"https:\/\/izglitiba.valmierasnovads.lv\/v2v\/e-klase\/#breadcrumb"},"inLanguage":"lv-LV","potentialAction":[{"@type":"ReadAction","target":["https:\/\/izglitiba.valmierasnovads.lv\/v2v\/e-klase\/"]}]},{"@type":"BreadcrumbList","@id":"https:\/\/izglitiba.valmierasnovads.lv\/v2v\/e-klase\/#breadcrumb","itemListElement":[{"@type":"ListItem","position":1,"name":"Home","item":"https:\/\/izglitiba.valmierasnovads.lv\/v2v\/"},{"@type":"ListItem","position":2,"name":"E-klase"}]},{"@type":"WebSite","@id":"https:\/\/izglitiba.valmierasnovads.lv\/v2v\/#website","url":"https:\/\/izglitiba.valmierasnovads.lv\/v2v\/","name":"Valmieras 2. vidusskola","description":"","publisher":{"@id":"https:\/\/izglitiba.valmierasnovads.lv\/v2v\/#organization"},"potentialAction":[{"@type":"SearchAction","target":{"@type":"EntryPoint","urlTemplate":"https:\/\/izglitiba.valmierasnovads.lv\/v2v\/?s={search_term_string}"},"query-input":{"@type":"PropertyValueSpecification","valueRequired":true,"valueName":"search_term_string"}}],"inLanguage":"lv-LV"},{"@type":"Organization","@id":"https:\/\/izglitiba.valmierasnovads.lv\/v2v\/#organization","name":"Valmieras 2. vidusskola","url":"https:\/\/izglitiba.valmierasnovads.lv\/v2v\/","logo":{"@type":"ImageObject","inLanguage":"lv-LV","@id":"https:\/\/izglitiba.valmierasnovads.lv\/v2v\/#\/schema\/logo\/image\/","url":"https:\/\/izglitiba.valmierasnovads.lv\/v2v\/wp-content\/uploads\/sites\/23\/2025\/04\/cropped-V2VSK-logo-PNG-1-1.png","contentUrl":"https:\/\/izglitiba.valmierasnovads.lv\/v2v\/wp-content\/uploads\/sites\/23\/2025\/04\/cropped-V2VSK-logo-PNG-1-1.png","width":2111,"height":1310,"caption":"Valmieras 2. vidusskola"},"image":{"@id":"https:\/\/izglitiba.valmierasnovads.lv\/v2v\/#\/schema\/logo\/image\/"}}]}},"_links":{"self":[{"href":"https:\/\/izglitiba.valmierasnovads.lv\/v2v\/wp-json\/wp\/v2\/pages\/240","targetHints":{"allow":["GET"]}}],"collection":[{"href":"https:\/\/izglitiba.valmierasnovads.lv\/v2v\/wp-json\/wp\/v2\/pages"}],"about":[{"href":"https:\/\/izglitiba.valmierasnovads.lv\/v2v\/wp-json\/wp\/v2\/types\/page"}],"author":[{"embeddable":true,"href":"https:\/\/izglitiba.valmierasnovads.lv\/v2v\/wp-json\/wp\/v2\/users\/20"}],"replies":[{"embeddable":true,"href":"https:\/\/izglitiba.valmierasnovads.lv\/v2v\/wp-json\/wp\/v2\/comments?post=240"}],"version-history":[{"count":2,"href":"https:\/\/izglitiba.valmierasnovads.lv\/v2v\/wp-json\/wp\/v2\/pages\/240\/revisions"}],"predecessor-version":[{"id":242,"href":"https:\/\/izglitiba.valmierasnovads.lv\/v2v\/wp-json\/wp\/v2\/pages\/240\/revisions\/242"}],"wp:attachment":[{"href":"https:\/\/izglitiba.valmierasnovads.lv\/v2v\/wp-json\/wp\/v2\/media?parent=240"}],"curies":[{"name":"wp","href":"https:\/\/api.w.org\/{rel}","templated":true}]}}