{"id":248,"date":"2025-09-08T12:48:10","date_gmt":"2025-09-08T09:48:10","guid":{"rendered":"https:\/\/izglitiba.valmierasnovads.lv\/valmieras2vidusskola\/?page_id=248"},"modified":"2025-09-08T12:49:40","modified_gmt":"2025-09-08T09:49:40","slug":"materiali-vecakiem","status":"publish","type":"page","link":"https:\/\/izglitiba.valmierasnovads.lv\/v2v\/materiali-vecakiem\/","title":{"rendered":"Materi\u0101li vec\u0101kiem"},"content":{"rendered":"\n<p><strong>Ieteikumi dro\u0161a interneta lieto\u0161anai<\/strong><\/p>\n\n\n\n<p>Dro\u0161a parole&nbsp;<a href=\"https:\/\/drossinternets.lv\/lv\/info\/paroles\">https:\/\/drossinternets.lv\/lv\/info\/paroles<\/a><\/p>\n\n\n\n<p>Soci\u0101lie t\u012bkli&nbsp;<a href=\"https:\/\/drossinternets.lv\/lv\/info\/socialie-tikli\">https:\/\/drossinternets.lv\/lv\/info\/socialie-tikli<\/a><\/p>\n\n\n\n<p>Interneta atkar\u012bba&nbsp;<a href=\"https:\/\/drossinternets.lv\/lv\/info\/interneta-atkariba\">https:\/\/drossinternets.lv\/lv\/info\/interneta-atkariba<\/a><\/p>\n\n\n\n<p>Sekstings&nbsp;<a href=\"https:\/\/drossinternets.lv\/lv\/info\/sekstings\">https:\/\/drossinternets.lv\/lv\/info\/sekstings<\/a><\/p>\n\n\n\n<p>Emocion\u0101l\u0101 pazemo\u0161ana&nbsp;<a href=\"https:\/\/drossinternets.lv\/lv\/info\/emocionala-pazemosana\">https:\/\/drossinternets.lv\/lv\/info\/emocionala-pazemosana<\/a><\/p>\n\n\n\n<p>Latvijas dro\u0161a interneta centra 2023.gada decembra&nbsp;<a href=\"https:\/\/drossinternets.lv\/uploads\/Sadalas\/Zinu_izdevumi\/files\/ZINAS_DECEMBRIS_2023.pdf\">zi\u0146u izdevums.<\/a>&nbsp;<a href=\"https:\/\/drossinternets.lv\/uploads\/Sadalas\/Zinu_izdevumi\/files\/ZINAS_DECEMBRIS_2023.pdf\">https:\/\/drossinternets.lv\/uploads\/Sadalas\/Zinu_izdevumi\/files\/ZINAS_DECEMBRIS_2023.pdf<\/a><\/p>\n\n\n\n<p>Latvijas dro\u0161a interneta centra 2023.gada novembra&nbsp;<a href=\"https:\/\/drossinternets.lv\/uploads\/Sadalas\/Zinu_izdevumi\/files\/ZINAS_NOVEMBRIS_2023.pdf\">zi\u0146u izdevums<\/a>.&nbsp;<a href=\"https:\/\/drossinternets.lv\/uploads\/Sadalas\/Zinu_izdevumi\/files\/ZINAS_NOVEMBRIS_2023.pdf\">https:\/\/drossinternets.lv\/uploads\/Sadalas\/Zinu_izdevumi\/files\/ZINAS_NOVEMBRIS_2023.pdf<\/a><\/p>\n\n\n\n<p>Latvijas dro\u0161a interneta centrs 2023.gada oktobra&nbsp;<a href=\"https:\/\/drossinternets.lv\/uploads\/Sadalas\/Zinu_izdevumi\/files\/ZINAS_OKTOBRIS_2023.pdf\">zi\u0146u izdevums.<\/a>&nbsp;<a href=\"https:\/\/drossinternets.lv\/uploads\/Sadalas\/Zinu_izdevumi\/files\/ZINAS_OKTOBRIS_2023.pdf\">https:\/\/drossinternets.lv\/uploads\/Sadalas\/Zinu_izdevumi\/files\/ZINAS_OKTOBRIS_2023.pdf<\/a><\/p>\n\n\n\n<p>Latvijas dro\u0161a interneta centrs 2023.gada septembra&nbsp;<a href=\"https:\/\/drossinternets.lv\/uploads\/Sadalas\/Zinu_izdevumi\/files\/ZINAS_SEPTEMBRIS_2023.pdf\">zi\u0146u izdevums.<\/a>&nbsp;<a href=\"https:\/\/drossinternets.lv\/uploads\/Sadalas\/Zinu_izdevumi\/files\/ZINAS_SEPTEMBRIS_2023.pdf\">https:\/\/drossinternets.lv\/uploads\/Sadalas\/Zinu_izdevumi\/files\/ZINAS_SEPTEMBRIS_2023.pdf<\/a><\/p>\n\n\n\n<p>Latvijas dro\u0161a interneta centrs 2023.gada maija<a href=\"https:\/\/svs.edu.lv\/wp-content\/uploads\/2023\/05\/ZINAS_MAIJS_2023.pdf\">&nbsp;zi\u0146u izdevums.<\/a><\/p>\n\n\n\n<p><a href=\"https:\/\/svs.edu.lv\/wp-content\/uploads\/2023\/05\/ZINAS_MAIJS_2023.pdf\">https:\/\/svs.edu.lv\/wp-content\/uploads\/2023\/05\/ZINAS_MAIJS_2023.pdf<\/a><\/p>\n\n\n\n<p>Latvijas dro\u0161a interneta centrs 2023.gada apr\u012b\u013ca&nbsp;<a href=\"https:\/\/drossinternets.lv\/uploads\/Sadalas\/Zinu_izdevumi\/files\/ZINAS_APRILIS_2023.pdf\">zi\u0146u izdevums.<\/a>&nbsp;<a href=\"https:\/\/drossinternets.lv\/uploads\/Sadalas\/Zinu_izdevumi\/files\/ZINAS_APRILIS_2023.pdf\">https:\/\/drossinternets.lv\/uploads\/Sadalas\/Zinu_izdevumi\/files\/ZINAS_APRILIS_2023.pdf<\/a><\/p>\n\n\n\n<p>Latvijas dro\u0161a interneta centrs 2023.gada marta&nbsp;<a href=\"https:\/\/drossinternets.lv\/uploads\/Sadalas\/Zinu_izdevumi\/files\/ZINAS_APRILIS_2023.pdf\">zi\u0146u izdevums.<\/a><\/p>\n\n\n\n<p><a href=\"https:\/\/drossinternets.lv\/uploads\/Sadalas\/Zinu_izdevumi\/files\/ZINAS_MARTS_2023.pdf\">https:\/\/drossinternets.lv\/uploads\/Sadalas\/Zinu_izdevumi\/files\/ZINAS_MARTS_2023.pdf<\/a><\/p>\n\n\n\n<p>Latvijas dro\u0161a interneta centrs 2023.gada febru\u0101ra zi\u0146u izdevums.&nbsp;<a href=\"https:\/\/drossinternets.lv\/uploads\/Sadalas\/Zinu_izdevumi\/files\/ZINAS_FEBRUARIS_2023.pdf\">https:\/\/drossinternets.lv\/uploads\/Sadalas\/Zinu_izdevumi\/files\/ZINAS_FEBRUARIS_2023.pdf<\/a><\/p>\n\n\n\n<p>Latvijas dro\u0161a interneta centrs 2023.gada janv\u0101ra&nbsp;<a href=\"https:\/\/drossinternets.lv\/uploads\/Sadalas\/Zinu_izdevumi\/files\/ZINAS_JANVARIS_2023.pdf\">zi\u0146u izdevums.<\/a>&nbsp;<a href=\"https:\/\/drossinternets.lv\/uploads\/Sadalas\/Zinu_izdevumi\/files\/ZINAS_JANVARIS_2023.pdf\">https:\/\/drossinternets.lv\/uploads\/Sadalas\/Zinu_izdevumi\/files\/ZINAS_JANVARIS_2023.pdf<\/a><\/p>\n\n\n\n<p><strong>Noder\u012bgi interneta resursi pusaud\u017eiem un vec\u0101kiem<\/strong><\/p>\n\n\n\n<p><strong>&nbsp;<\/strong>Atbalsta materi\u0101li pusaud\u017eiem un vec\u0101kiem&nbsp;\u2013&nbsp;<a href=\"https:\/\/pusaudzucentrs.lv\/lejupladejami-atbalsta-materiali\/\">https:\/\/pusaudzucentrs.lv\/lejupladejami-atbalsta-materiali\/<\/a>&nbsp;Soct\u012bkli un ment\u0101l\u0101 vesel\u012bba:&nbsp;<a href=\"https:\/\/pusaudzucentrs.lv\/wp-content\/uploads\/2021\/07\/PRC_Soctikli_un_mentala_veseliba.pdf\">https:\/\/pusaudzucentrs.lv\/wp-content\/uploads\/2021\/07\/PRC_Soctikli_un_mentala_veseliba.pdf<\/a><\/p>\n\n\n\n<p>Gar\u012bg\u0101s vesel\u012bbas veicin\u0101\u0161anas programmas vec\u0101ku rokasgr\u0101mata \u2013&nbsp;<a href=\"https:\/\/static.lsm.lv\/documents\/1jo.pdf\">https:\/\/static.lsm.lv\/documents\/1jo.pdf<\/a><\/p>\n\n\n\n<p>Interneta resursi par ment\u0101lo vesel\u012bbu&nbsp;\u2013&nbsp;<a href=\"https:\/\/www.veselapasaule.lv\/lv\/jauniesiem\/mentala-veseliba\">https:\/\/www.veselapasaule.lv\/lv\/jauniesiem\/mentala-veseliba<\/a>&nbsp;,&nbsp;<a href=\"https:\/\/esparveselibu.lv\/tema\/psihiska-veseliba\">https:\/\/esparveselibu.lv\/tema\/psihiska-veseliba<\/a><\/p>\n\n\n\n<p>Pusaud\u017ei un Depresija:&nbsp;<a href=\"https:\/\/pusaudzucentrs.lv\/wp-content\/uploads\/2021\/02\/Depresija-un-Pusaudzi-materials-vecakiem-un-aprupetajiem.pdf\">https:\/\/pusaudzucentrs.lv\/wp-content\/uploads\/2021\/02\/Depresija-un-Pusaudzi-materials-vecakiem-un-aprupetajiem.pdf<\/a><\/p>\n\n\n\n<p>Pa\u0161kait\u0113jums:&nbsp;<a href=\"https:\/\/pusaudzucentrs.lv\/wp-content\/uploads\/2021\/02\/Paskaitejums.pdf\">https:\/\/pusaudzucentrs.lv\/wp-content\/uploads\/2021\/02\/Paskaitejums.pdf<\/a><\/p>\n\n\n\n<p>Pusaud\u017eu pa\u0161kait\u0113jums \u2013 vec\u0101kiem:&nbsp;<a href=\"https:\/\/pusaudzucentrs.lv\/wp-content\/uploads\/2021\/02\/Pusaudzu-paskaitejums_Vecakiem.pdf\">https:\/\/pusaudzucentrs.lv\/wp-content\/uploads\/2021\/02\/Pusaudzu-paskaitejums_Vecakiem.pdf<\/a><\/p>\n\n\n\n<p>Suicidals pa\u0161kait\u0113jums;&nbsp;<a href=\"https:\/\/pusaudzucentrs.lv\/wp-content\/uploads\/2021\/02\/Suicidals-paskaitejums.pdf\">https:\/\/pusaudzucentrs.lv\/wp-content\/uploads\/2021\/02\/Suicidals-paskaitejums.pdf<\/a><\/p>\n\n\n\n<p>Saruna ar pusaudzi par alkohola lieto\u0161anas jaut\u0101jumiem:&nbsp;<a href=\"https:\/\/pusaudzucentrs.lv\/wp-content\/uploads\/2022\/06\/Lai-butu-skaidrs.pdf\">https:\/\/pusaudzucentrs.lv\/wp-content\/uploads\/2022\/06\/Lai-butu-skaidrs.pdf<\/a><\/p>\n\n\n\n<p>Pusaud\u017eu ball\u012bte un alkohols. Ieteikumi vec\u0101kiem ball\u012btes r\u012bko\u0161anai:&nbsp;<a href=\"https:\/\/pusaudzucentrs.lv\/wp-content\/uploads\/2022\/06\/LBS_buklets_pusaudzu-ballites-un-alkohols.pdf\">https:\/\/pusaudzucentrs.lv\/wp-content\/uploads\/2022\/06\/LBS_buklets_pusaudzu-ballites-un-alkohols.pdf<\/a><\/p>\n\n\n\n<p>Pusaud\u017ei un alkohols \u2013 k\u0101ds ir risks?:&nbsp;<a href=\"https:\/\/pusaudzucentrs.lv\/wp-content\/uploads\/2022\/06\/LBS_buklets-alkohols-riski.pdf\">https:\/\/pusaudzucentrs.lv\/wp-content\/uploads\/2022\/06\/LBS_buklets-alkohols-riski.pdf<\/a><\/p>\n\n\n\n<p>Mobings&nbsp;<a href=\"http:\/\/www.dzimba.lv\/lielas_dzives_skola\/mobings.php\">http:\/\/www.dzimba.lv\/lielas_dzives_skola\/mobings.php<\/a><\/p>\n\n\n\n<p>Izaicini sevi un b\u0113rnu&nbsp;<a href=\"https:\/\/v2v.edu.lv\/wp-content\/uploads\/2024\/02\/virt_restarts_ML.pdf\">virt_restarts_ML<\/a><\/p>\n\n\n\n<p>B\u0113rniem nepat\u012bkams saturs, k\u0101 r\u012bkoties&nbsp;<a href=\"https:\/\/v2v.edu.lv\/wp-content\/uploads\/2024\/02\/berniem-nepatikams-saturs-ka-rikoties_ML.pdf\">berniem-nepatikams-saturs-ka-rikoties_ML<\/a><\/p>\n\n\n\n<p>K\u0101 mazin\u0101t b\u0113rnu ier\u012b\u010du lieto\u0161anu ikdien\u0101&nbsp;<a href=\"https:\/\/v2v.edu.lv\/wp-content\/uploads\/2024\/02\/ka_mazinat_bernu_iericu_lietosanu_ML.pdf\">ka_mazinat_bernu_iericu_lietosanu_ML<\/a><\/p>\n\n\n\n<p>Sazi\u0146a internet\u0101. Ko dr\u012bkst un ko nedr\u012bkst s\u016bt\u012bt&nbsp;<a href=\"https:\/\/v2v.edu.lv\/wp-content\/uploads\/2024\/02\/nesuti-kailfoto-padomi-pusaudziem_ML.pdf\">nesuti-kailfoto-padomi-pusaudziem_ML<\/a><\/p>\n\n\n\n<p>Padomi vec\u0101kiem, ja b\u0113rns pavada daudz laika un sp\u0113le sp\u0113les internet\u0101&nbsp;<a href=\"https:\/\/v2v.edu.lv\/wp-content\/uploads\/2024\/02\/padomi-vecakiem-ja-berns-spele-speles-interneta_ML.pdf\">padomi-vecakiem-ja-berns-spele-speles-interneta_ML<\/a><\/p>\n\n\n\n<p>Soci\u0101lo mediju dro\u0161\u012bbas ce\u013cvedis&nbsp;<a href=\"https:\/\/v2v.edu.lv\/wp-content\/uploads\/2024\/02\/soc_tiklu_drosibas_celvedis_ML.pdf\">soc_tiklu_drosibas_celvedis_ML<\/a><\/p>\n\n\n\n<p>Kas ir mobings? un kas ir kibermobings?&nbsp;<a href=\"https:\/\/v2v.edu.lv\/wp-content\/uploads\/2024\/02\/buklets-iekod-pirksta-pirms-heito-onlaina_ML.pdf\">buklets-iekod-pirksta-pirms-heito-onlaina_ML<\/a><\/p>\n","protected":false},"excerpt":{"rendered":"<p>Ieteikumi dro\u0161a interneta lieto\u0161anai Dro\u0161a parole&nbsp;https:\/\/drossinternets.lv\/lv\/info\/paroles Soci\u0101lie t\u012bkli&nbsp;https:\/\/drossinternets.lv\/lv\/info\/socialie-tikli Interneta atkar\u012bba&nbsp;https:\/\/drossinternets.lv\/lv\/info\/interneta-atkariba Sekstings&nbsp;https:\/\/drossinternets.lv\/lv\/info\/sekstings Emocion\u0101l\u0101 pazemo\u0161ana&nbsp;https:\/\/drossinternets.lv\/lv\/info\/emocionala-pazemosana Latvijas dro\u0161a interneta centra 2023.gada decembra&nbsp;zi\u0146u izdevums.&nbsp;https:\/\/drossinternets.lv\/uploads\/Sadalas\/Zinu_izdevumi\/files\/ZINAS_DECEMBRIS_2023.pdf [&hellip;]<\/p>\n","protected":false},"author":20,"featured_media":0,"parent":0,"menu_order":0,"comment_status":"closed","ping_status":"closed","template":"","meta":{"_acf_changed":false,"site-sidebar-layout":"default","site-content-layout":"","ast-site-content-layout":"default","site-content-style":"default","site-sidebar-style":"default","ast-global-header-display":"","ast-banner-title-visibility":"","ast-main-header-display":"","ast-hfb-above-header-display":"","ast-hfb-below-header-display":"","ast-hfb-mobile-header-display":"","site-post-title":"","ast-breadcrumbs-content":"","ast-featured-img":"","footer-sml-layout":"","ast-disable-related-posts":"","theme-transparent-header-meta":"","adv-header-id-meta":"","stick-header-meta":"","header-above-stick-meta":"","header-main-stick-meta":"","header-below-stick-meta":"","astra-migrate-meta-layouts":"default","ast-page-background-enabled":"default","ast-page-background-meta":{"desktop":{"background-color":"var(--ast-global-color-5)","background-image":"","background-repeat":"repeat","background-position":"center center","background-size":"auto","background-attachment":"scroll","background-type":"","background-media":"","overlay-type":"","overlay-color":"","overlay-opacity":"","overlay-gradient":""},"tablet":{"background-color":"","background-image":"","background-repeat":"repeat","background-position":"center center","background-size":"auto","background-attachment":"scroll","background-type":"","background-media":"","overlay-type":"","overlay-color":"","overlay-opacity":"","overlay-gradient":""},"mobile":{"background-color":"","background-image":"","background-repeat":"repeat","background-position":"center center","background-size":"auto","background-attachment":"scroll","background-type":"","background-media":"","overlay-type":"","overlay-color":"","overlay-opacity":"","overlay-gradient":""}},"ast-content-background-meta":{"desktop":{"background-color":"var(--ast-global-color-4)","background-image":"","background-repeat":"repeat","background-position":"center center","background-size":"auto","background-attachment":"scroll","background-type":"","background-media":"","overlay-type":"","overlay-color":"","overlay-opacity":"","overlay-gradient":""},"tablet":{"background-color":"var(--ast-global-color-4)","background-image":"","background-repeat":"repeat","background-position":"center center","background-size":"auto","background-attachment":"scroll","background-type":"","background-media":"","overlay-type":"","overlay-color":"","overlay-opacity":"","overlay-gradient":""},"mobile":{"background-color":"var(--ast-global-color-4)","background-image":"","background-repeat":"repeat","background-position":"center center","background-size":"auto","background-attachment":"scroll","background-type":"","background-media":"","overlay-type":"","overlay-color":"","overlay-opacity":"","overlay-gradient":""}},"footnotes":""},"class_list":["post-248","page","type-page","status-publish","hentry"],"acf":[],"yoast_head":"<!-- This site is optimized with the Yoast SEO plugin v27.0 - https:\/\/yoast.com\/product\/yoast-seo-wordpress\/ -->\n<title>Materi\u0101li vec\u0101kiem - Valmieras 2. vidusskola<\/title>\n<meta name=\"robots\" content=\"index, follow, max-snippet:-1, max-image-preview:large, max-video-preview:-1\" \/>\n<link rel=\"canonical\" href=\"https:\/\/izglitiba.valmierasnovads.lv\/v2v\/materiali-vecakiem\/\" \/>\n<meta property=\"og:locale\" content=\"lv_LV\" \/>\n<meta property=\"og:type\" content=\"article\" \/>\n<meta property=\"og:title\" content=\"Materi\u0101li vec\u0101kiem - Valmieras 2. vidusskola\" \/>\n<meta property=\"og:description\" content=\"Ieteikumi dro\u0161a interneta lieto\u0161anai Dro\u0161a parole&nbsp;https:\/\/drossinternets.lv\/lv\/info\/paroles Soci\u0101lie t\u012bkli&nbsp;https:\/\/drossinternets.lv\/lv\/info\/socialie-tikli Interneta atkar\u012bba&nbsp;https:\/\/drossinternets.lv\/lv\/info\/interneta-atkariba Sekstings&nbsp;https:\/\/drossinternets.lv\/lv\/info\/sekstings Emocion\u0101l\u0101 pazemo\u0161ana&nbsp;https:\/\/drossinternets.lv\/lv\/info\/emocionala-pazemosana Latvijas dro\u0161a interneta centra 2023.gada decembra&nbsp;zi\u0146u izdevums.&nbsp;https:\/\/drossinternets.lv\/uploads\/Sadalas\/Zinu_izdevumi\/files\/ZINAS_DECEMBRIS_2023.pdf [&hellip;]\" \/>\n<meta property=\"og:url\" content=\"https:\/\/izglitiba.valmierasnovads.lv\/v2v\/materiali-vecakiem\/\" \/>\n<meta property=\"og:site_name\" content=\"Valmieras 2. vidusskola\" \/>\n<meta property=\"article:modified_time\" content=\"2025-09-08T09:49:40+00:00\" \/>\n<meta name=\"twitter:card\" content=\"summary_large_image\" \/>\n<meta name=\"twitter:label1\" content=\"Est. reading time\" \/>\n\t<meta name=\"twitter:data1\" content=\"2 min\u016btes\" \/>\n<script type=\"application\/ld+json\" class=\"yoast-schema-graph\">{\"@context\":\"https:\/\/schema.org\",\"@graph\":[{\"@type\":\"WebPage\",\"@id\":\"https:\/\/izglitiba.valmierasnovads.lv\/v2v\/materiali-vecakiem\/\",\"url\":\"https:\/\/izglitiba.valmierasnovads.lv\/v2v\/materiali-vecakiem\/\",\"name\":\"Materi\u0101li vec\u0101kiem - Valmieras 2. vidusskola\",\"isPartOf\":{\"@id\":\"https:\/\/izglitiba.valmierasnovads.lv\/v2v\/#website\"},\"datePublished\":\"2025-09-08T09:48:10+00:00\",\"dateModified\":\"2025-09-08T09:49:40+00:00\",\"breadcrumb\":{\"@id\":\"https:\/\/izglitiba.valmierasnovads.lv\/v2v\/materiali-vecakiem\/#breadcrumb\"},\"inLanguage\":\"lv-LV\",\"potentialAction\":[{\"@type\":\"ReadAction\",\"target\":[\"https:\/\/izglitiba.valmierasnovads.lv\/v2v\/materiali-vecakiem\/\"]}]},{\"@type\":\"BreadcrumbList\",\"@id\":\"https:\/\/izglitiba.valmierasnovads.lv\/v2v\/materiali-vecakiem\/#breadcrumb\",\"itemListElement\":[{\"@type\":\"ListItem\",\"position\":1,\"name\":\"Home\",\"item\":\"https:\/\/izglitiba.valmierasnovads.lv\/v2v\/\"},{\"@type\":\"ListItem\",\"position\":2,\"name\":\"Materi\u0101li vec\u0101kiem\"}]},{\"@type\":\"WebSite\",\"@id\":\"https:\/\/izglitiba.valmierasnovads.lv\/v2v\/#website\",\"url\":\"https:\/\/izglitiba.valmierasnovads.lv\/v2v\/\",\"name\":\"Valmieras 2. vidusskola\",\"description\":\"\",\"publisher\":{\"@id\":\"https:\/\/izglitiba.valmierasnovads.lv\/v2v\/#organization\"},\"potentialAction\":[{\"@type\":\"SearchAction\",\"target\":{\"@type\":\"EntryPoint\",\"urlTemplate\":\"https:\/\/izglitiba.valmierasnovads.lv\/v2v\/?s={search_term_string}\"},\"query-input\":{\"@type\":\"PropertyValueSpecification\",\"valueRequired\":true,\"valueName\":\"search_term_string\"}}],\"inLanguage\":\"lv-LV\"},{\"@type\":\"Organization\",\"@id\":\"https:\/\/izglitiba.valmierasnovads.lv\/v2v\/#organization\",\"name\":\"Valmieras 2. vidusskola\",\"url\":\"https:\/\/izglitiba.valmierasnovads.lv\/v2v\/\",\"logo\":{\"@type\":\"ImageObject\",\"inLanguage\":\"lv-LV\",\"@id\":\"https:\/\/izglitiba.valmierasnovads.lv\/v2v\/#\/schema\/logo\/image\/\",\"url\":\"https:\/\/izglitiba.valmierasnovads.lv\/v2v\/wp-content\/uploads\/sites\/23\/2025\/04\/cropped-V2VSK-logo-PNG-1-1.png\",\"contentUrl\":\"https:\/\/izglitiba.valmierasnovads.lv\/v2v\/wp-content\/uploads\/sites\/23\/2025\/04\/cropped-V2VSK-logo-PNG-1-1.png\",\"width\":2111,\"height\":1310,\"caption\":\"Valmieras 2. vidusskola\"},\"image\":{\"@id\":\"https:\/\/izglitiba.valmierasnovads.lv\/v2v\/#\/schema\/logo\/image\/\"}}]}<\/script>\n<!-- \/ Yoast SEO plugin. -->","yoast_head_json":{"title":"Materi\u0101li vec\u0101kiem - Valmieras 2. vidusskola","robots":{"index":"index","follow":"follow","max-snippet":"max-snippet:-1","max-image-preview":"max-image-preview:large","max-video-preview":"max-video-preview:-1"},"canonical":"https:\/\/izglitiba.valmierasnovads.lv\/v2v\/materiali-vecakiem\/","og_locale":"lv_LV","og_type":"article","og_title":"Materi\u0101li vec\u0101kiem - Valmieras 2. vidusskola","og_description":"Ieteikumi dro\u0161a interneta lieto\u0161anai Dro\u0161a parole&nbsp;https:\/\/drossinternets.lv\/lv\/info\/paroles Soci\u0101lie t\u012bkli&nbsp;https:\/\/drossinternets.lv\/lv\/info\/socialie-tikli Interneta atkar\u012bba&nbsp;https:\/\/drossinternets.lv\/lv\/info\/interneta-atkariba Sekstings&nbsp;https:\/\/drossinternets.lv\/lv\/info\/sekstings Emocion\u0101l\u0101 pazemo\u0161ana&nbsp;https:\/\/drossinternets.lv\/lv\/info\/emocionala-pazemosana Latvijas dro\u0161a interneta centra 2023.gada decembra&nbsp;zi\u0146u izdevums.&nbsp;https:\/\/drossinternets.lv\/uploads\/Sadalas\/Zinu_izdevumi\/files\/ZINAS_DECEMBRIS_2023.pdf [&hellip;]","og_url":"https:\/\/izglitiba.valmierasnovads.lv\/v2v\/materiali-vecakiem\/","og_site_name":"Valmieras 2. vidusskola","article_modified_time":"2025-09-08T09:49:40+00:00","twitter_card":"summary_large_image","twitter_misc":{"Est. reading time":"2 min\u016btes"},"schema":{"@context":"https:\/\/schema.org","@graph":[{"@type":"WebPage","@id":"https:\/\/izglitiba.valmierasnovads.lv\/v2v\/materiali-vecakiem\/","url":"https:\/\/izglitiba.valmierasnovads.lv\/v2v\/materiali-vecakiem\/","name":"Materi\u0101li vec\u0101kiem - Valmieras 2. vidusskola","isPartOf":{"@id":"https:\/\/izglitiba.valmierasnovads.lv\/v2v\/#website"},"datePublished":"2025-09-08T09:48:10+00:00","dateModified":"2025-09-08T09:49:40+00:00","breadcrumb":{"@id":"https:\/\/izglitiba.valmierasnovads.lv\/v2v\/materiali-vecakiem\/#breadcrumb"},"inLanguage":"lv-LV","potentialAction":[{"@type":"ReadAction","target":["https:\/\/izglitiba.valmierasnovads.lv\/v2v\/materiali-vecakiem\/"]}]},{"@type":"BreadcrumbList","@id":"https:\/\/izglitiba.valmierasnovads.lv\/v2v\/materiali-vecakiem\/#breadcrumb","itemListElement":[{"@type":"ListItem","position":1,"name":"Home","item":"https:\/\/izglitiba.valmierasnovads.lv\/v2v\/"},{"@type":"ListItem","position":2,"name":"Materi\u0101li vec\u0101kiem"}]},{"@type":"WebSite","@id":"https:\/\/izglitiba.valmierasnovads.lv\/v2v\/#website","url":"https:\/\/izglitiba.valmierasnovads.lv\/v2v\/","name":"Valmieras 2. vidusskola","description":"","publisher":{"@id":"https:\/\/izglitiba.valmierasnovads.lv\/v2v\/#organization"},"potentialAction":[{"@type":"SearchAction","target":{"@type":"EntryPoint","urlTemplate":"https:\/\/izglitiba.valmierasnovads.lv\/v2v\/?s={search_term_string}"},"query-input":{"@type":"PropertyValueSpecification","valueRequired":true,"valueName":"search_term_string"}}],"inLanguage":"lv-LV"},{"@type":"Organization","@id":"https:\/\/izglitiba.valmierasnovads.lv\/v2v\/#organization","name":"Valmieras 2. vidusskola","url":"https:\/\/izglitiba.valmierasnovads.lv\/v2v\/","logo":{"@type":"ImageObject","inLanguage":"lv-LV","@id":"https:\/\/izglitiba.valmierasnovads.lv\/v2v\/#\/schema\/logo\/image\/","url":"https:\/\/izglitiba.valmierasnovads.lv\/v2v\/wp-content\/uploads\/sites\/23\/2025\/04\/cropped-V2VSK-logo-PNG-1-1.png","contentUrl":"https:\/\/izglitiba.valmierasnovads.lv\/v2v\/wp-content\/uploads\/sites\/23\/2025\/04\/cropped-V2VSK-logo-PNG-1-1.png","width":2111,"height":1310,"caption":"Valmieras 2. vidusskola"},"image":{"@id":"https:\/\/izglitiba.valmierasnovads.lv\/v2v\/#\/schema\/logo\/image\/"}}]}},"_links":{"self":[{"href":"https:\/\/izglitiba.valmierasnovads.lv\/v2v\/wp-json\/wp\/v2\/pages\/248","targetHints":{"allow":["GET"]}}],"collection":[{"href":"https:\/\/izglitiba.valmierasnovads.lv\/v2v\/wp-json\/wp\/v2\/pages"}],"about":[{"href":"https:\/\/izglitiba.valmierasnovads.lv\/v2v\/wp-json\/wp\/v2\/types\/page"}],"author":[{"embeddable":true,"href":"https:\/\/izglitiba.valmierasnovads.lv\/v2v\/wp-json\/wp\/v2\/users\/20"}],"replies":[{"embeddable":true,"href":"https:\/\/izglitiba.valmierasnovads.lv\/v2v\/wp-json\/wp\/v2\/comments?post=248"}],"version-history":[{"count":2,"href":"https:\/\/izglitiba.valmierasnovads.lv\/v2v\/wp-json\/wp\/v2\/pages\/248\/revisions"}],"predecessor-version":[{"id":250,"href":"https:\/\/izglitiba.valmierasnovads.lv\/v2v\/wp-json\/wp\/v2\/pages\/248\/revisions\/250"}],"wp:attachment":[{"href":"https:\/\/izglitiba.valmierasnovads.lv\/v2v\/wp-json\/wp\/v2\/media?parent=248"}],"curies":[{"name":"wp","href":"https:\/\/api.w.org\/{rel}","templated":true}]}}