{"id":270,"date":"2025-09-08T13:54:44","date_gmt":"2025-09-08T10:54:44","guid":{"rendered":"https:\/\/izglitiba.valmierasnovads.lv\/valmieras2vidusskola\/?page_id=270"},"modified":"2025-09-08T13:54:44","modified_gmt":"2025-09-08T10:54:44","slug":"vakances","status":"publish","type":"page","link":"https:\/\/izglitiba.valmierasnovads.lv\/v2v\/vakances\/","title":{"rendered":"Vakances"},"content":{"rendered":"\n<h2 class=\"wp-block-heading\">Aicin\u0101m darb\u0101<strong>\u00a0direktora vietnieku\/-ci administrat\u012bvi saimnieciskaj\u0101 darb\u0101<\/strong> (1 likme jeb\u00a040 stundas ned\u0113\u013c\u0101)<\/h2>\n\n\n\n<p><strong>Ja Tev ir v\u0113lme:<\/strong><\/p>\n\n\n\n<ul class=\"wp-block-list\">\n<li>vad\u012bt Skolas saimniecisko darbu;<\/li>\n\n\n\n<li>pl\u0101not, vad\u012bt un kontrol\u0113t tehnisko darbinieku darbu, nodro\u0161inot saimniecisko darbu izpildi;<\/li>\n\n\n\n<li>piedal\u012bties Skolas bud\u017eeta pl\u0101no\u0161an\u0101, izpildes kontrol\u0113 un iepirkuma proced\u016bras izstr\u0101d\u0113 un organiz\u0113\u0161an\u0101, nodro\u0161in\u0101t Skolas racion\u0101lu resursu izmanto\u0161anu;<\/li>\n\n\n\n<li>ieg\u0101d\u0101ties nepiecie\u0161amo invent\u0101ru, instrumentus un citas materi\u0101l\u0101s v\u0113rt\u012bbas, nepiecie\u0161am\u012bbas gad\u012bjumos sast\u0101d\u012bt tehnisko specifik\u0101ciju un veikt tirgus izp\u0113ti;<\/li>\n\n\n\n<li>sekot darba aizsardz\u012bbas un ugunsdro\u0161\u012bbas noteikumu iev\u0113ro\u0161anai Skol\u0101;<\/li>\n\n\n\n<li>nodro\u0161in\u0101t Skolas in\u017eeniert\u012bklu (elektrot\u012bkla, signaliz\u0101cijas, \u016bdensvada un kanaliz\u0101cijas, apkures sist\u0113mas) savlaic\u012bgu tehnisko apkopi un profilaktisko apkalpo\u0161anu, uztur\u0113\u0161anu k\u0101rt\u012bb\u0101 un piedal\u012bties \u0161aj\u0101 darb\u0101;<\/li>\n\n\n\n<li>piedal\u012bties Skolas att\u012bst\u012bbas pl\u0101no\u0161an\u0101;<\/li>\n\n\n\n<li>iesaist\u012bties Skolas att\u012bst\u012bbas m\u0113r\u0137u un uzdevumu \u012bsteno\u0161an\u0101, k\u0101 ar\u012b Skolas \u012bstenotajos projektos;<\/li>\n\n\n\n<li>veikt Skolas materi\u0101lo v\u0113rt\u012bbu uzskaiti, kontroli, piedal\u012bties inventariz\u0101cijas komisijas darb\u0101;<\/li>\n<\/ul>\n\n\n\n<p><strong>un Tev ir:<\/strong><\/p>\n\n\n\n<ul class=\"wp-block-list\">\n<li>v\u0113lama augst\u0101k\u0101 izgl\u012bt\u012bba;<\/li>\n\n\n\n<li>v\u0113lama izgl\u012bt\u012bbas iest\u0101des saimniecisko darbu p\u0101rzin\u0101\u0161ana un izmaksu sast\u0101d\u012b\u0161anas prasme remontdarbiem;<\/li>\n\n\n\n<li>valsts valodas prasmes atbilsto\u0161i Valsts valodas likuma pras\u012bb\u0101m;<\/li>\n\n\n\n<li>B kategorijas vad\u012bt\u0101ja apliec\u012bba;<\/li>\n\n\n\n<li>kompetences: prasme pl\u0101not un organiz\u0113t un kvalitat\u012bvi veikt savu darbu; atbild\u012bbas saj\u016bta, disciplin\u0113t\u012bba, precizit\u0101te; komunik\u0101cijas un sadarb\u012bbas prasmes; psiholo\u0123isk\u0101 notur\u012bba; prasme str\u0101d\u0101t individu\u0101li un komand\u0101;<\/li>\n\n\n\n<li>labas prasmes darbam ar datoru un citu biroja tehniku;<\/li>\n<\/ul>\n\n\n\n<p><strong>m\u0113s pied\u0101v\u0101jam:<\/strong><\/p>\n\n\n\n<ul class=\"wp-block-list\">\n<li>pamatalgu p\u0101rbaudes laik\u0101 1195 EUR pirms nodok\u013cu nomaksas, p\u0113c p\u0101rbaudes laika l\u012bdz 1258 EUR pirms nodok\u013cu nomaksas;<\/li>\n\n\n\n<li>iesp\u0113ju sa\u0146emt atva\u013cin\u0101juma pabalstu;<\/li>\n\n\n\n<li>darba dev\u0113ja l\u012bdzfinans\u0113tu vesel\u012bbas apdro\u0161in\u0101\u0161anu p\u0113c p\u0101rbaudes laika beig\u0101m, k\u0101 ar\u012b citas soci\u0101l\u0101s garantijas\/labumus atbilsto\u0161i darba rezult\u0101tam un normat\u012bvajos aktos noteiktajam;<\/li>\n\n\n\n<li>dro\u0161u, est\u0113tisku un sak\u0101rtotu darba vidi.<\/li>\n<\/ul>\n\n\n\n<p>Profesion\u0101l\u0101s darb\u012bbas aprakstu (CV) gaid\u012bsim l\u012bdz&nbsp;<strong>2025.gada 17.septembrim plkst.17.00<\/strong>&nbsp;iesniedzot person\u012bgi skol\u0101 (adrese: Rai\u0146a iela 11, Valmiera, Valmieras novads) vai e-past\u0101:&nbsp;v2v@valmiera.edu.lv. Pieteikums iesniedzams ar nor\u0101di \u201cDirektora vietnieka\/-ces vakance\u201d.<\/p>\n\n\n\n<p>T\u0101lrunis inform\u0101cijai: 64207163 (direktors), 64281559 (lietvede).<\/p>\n\n\n\n<p>Inform\u0113jam, ka pieteikuma dokument\u0101 nor\u0101d\u012btie personas dati tiks apstr\u0101d\u0101ti, lai nodro\u0161in\u0101tu \u0161\u012b atlases konkursa norisi atbilsto\u0161i fizisko personu datu aizsardz\u012bbas regul\u0113juma pras\u012bb\u0101m.<\/p>\n\n\n\n<h2 class=\"wp-block-heading\">Aicin\u0101m darb\u0101\u00a0<strong>direktora vietnieku\/-ci izgl\u012bt\u012bbas jom\u0101<\/strong><\/h2>\n\n\n\n<p>(profesijas kods 1345 04) uz nenoteiktu laiku<\/p>\n\n\n\n<p><strong>Ja Tev ir v\u0113lme:<\/strong><\/p>\n\n\n\n<ul class=\"wp-block-list\">\n<li>pl\u0101not, organiz\u0113t un vad\u012bt kvalitat\u012bvu izgl\u012bt\u012bbas procesu;<\/li>\n\n\n\n<li>analiz\u0113t un v\u0113rt\u0113t izgl\u012bt\u012bbas procesa izpildes rezult\u0101tus, sniegt priek\u0161likumus un pied\u0101v\u0101t risin\u0101jumus m\u0101c\u012bbu kvalit\u0101tes uzlabo\u0161anai;<\/li>\n\n\n\n<li>izstr\u0101d\u0101t un uztur\u0113t stundu sarakstu, veikt izmai\u0146as;<\/li>\n\n\n\n<li>organiz\u0113t un p\u0101rraudz\u012bt iest\u0101des pedago\u0123isk\u0101 procesa norisi un \u012bsteno\u0161anu;<\/li>\n\n\n\n<li>nodro\u0161in\u0101t izgl\u012bt\u012bbas programmu \u012bsteno\u0161anu un rezult\u0101tu anal\u012bzi;<\/li>\n\n\n\n<li>veidot stundu pl\u0101nus, sarakstus un pedagogu noslodzi;<\/li>\n\n\n\n<li>vad\u012bt pedagogu un atbalsta person\u0101la darbu;<\/li>\n\n\n\n<li>piedal\u012bties izgl\u012bt\u012bbas iest\u0101des att\u012bst\u012bbas pl\u0101no\u0161an\u0101;<\/li>\n\n\n\n<li>veidot lieti\u0161\u0137u sadarb\u012bbu ar kol\u0113\u0123iem, skol\u0113niem, vec\u0101kiem un instit\u016bcij\u0101m;<\/li>\n\n\n\n<li>iesaist\u012bties skolas att\u012bst\u012bbas m\u0113r\u0137u un uzdevumu \u012bsteno\u0161an\u0101, k\u0101 ar\u012b izgl\u012bt\u012bbas iest\u0101des \u012bstenotajos projektos;<\/li>\n\n\n\n<li>regul\u0101ri pilnveidot savu izgl\u012bt\u012bbu un profesion\u0101lo kvalifik\u0101ciju;<\/li>\n<\/ul>\n\n\n\n<p><strong>un ja Tev ir:<\/strong><\/p>\n\n\n\n<ul class=\"wp-block-list\">\n<li>izgl\u012bt\u012bba atbilsto\u0161i Ministru kabineta noteikumiem Nr.569 \u201cNoteikumi par pedagogiem nepiecie\u0161amo izgl\u012bt\u012bbu un profesion\u0101lo kvalifik\u0101ciju un pedagogu profesion\u0101l\u0101s kompetences pilnveides k\u0101rt\u012bbu\u201d;<\/li>\n\n\n\n<li>atbilst\u012bba Izgl\u012bt\u012bbas likuma un B\u0113rnu ties\u012bbu aizsardz\u012bbas likuma noteiktaj\u0101m pras\u012bb\u0101m;<\/li>\n\n\n\n<li>izgl\u012bt\u012bbas jomu reglament\u0113jo\u0161o normat\u012bvo aktu p\u0101rzin\u0101\u0161ana;<\/li>\n\n\n\n<li>valsts valodas prasmes atbilsto\u0161i Valsts valodas likuma pras\u012bb\u0101m;<\/li>\n\n\n\n<li>prasmes darb\u0101 ar datoru (MS Office programmas, k\u0101du no t\u012bmek\u013ca p\u0101rl\u016bkprogramm\u0101m \u2013 Microsoft Edge, Chrome vai MozillaFirefox) un izgl\u012bt\u012bbas tehnolo\u0123ij\u0101m;<\/li>\n\n\n\n<li>kompetences: labas komunik\u0101cijas prasmes; psiholo\u0123isk\u0101 notur\u012bba un saskarsmes kult\u016bra; sp\u0113ja str\u0101d\u0101t patst\u0101v\u012bgi, pie\u0146emt l\u0113mumus un prasme r\u012bkoties nestandarta situ\u0101cij\u0101s; labas komunik\u0101cijas, sadarb\u012bbas un motiv\u0113\u0161anas prasmes; precizit\u0101te un atbild\u012bba darb\u0101;<\/li>\n<\/ul>\n\n\n\n<p><strong>m\u0113s pied\u0101v\u0101jam:<\/strong><\/p>\n\n\n\n<ul class=\"wp-block-list\">\n<li>atalgojumu atbilsto\u0161i Ministru kabineta noteikumiem Nr.445 \u201cPedagogu darba samaksas noteikumi\u201d, EUR 2080 m\u0113nes\u012b pirms nodok\u013cu nomaksas (par slodzi);<\/li>\n\n\n\n<li>piln\u0101 darba slodze \u2013 0,60 direktora vietnieka likmes ar iesp\u0113ju kombin\u0113t ar metodi\u0137a likmi;<\/li>\n\n\n\n<li>darba dev\u0113ja l\u012bdzfinans\u0113tu vesel\u012bbas apdro\u0161in\u0101\u0161anu p\u0113c p\u0101rbaudes laika beig\u0101m, k\u0101 ar\u012b citas soci\u0101l\u0101s garantijas\/labumus atbilsto\u0161i darba rezult\u0101tiem un normat\u012bvajos aktos noteiktajam;<\/li>\n\n\n\n<li>iesp\u0113ju str\u0101d\u0101t dinamisk\u0101 vid\u0113 Valmieras 2.vidusskol\u0101.<\/li>\n<\/ul>\n\n\n\n<p>Profesion\u0101l\u0101s darb\u012bbas aprakstu (CV) gaid\u012bsim&nbsp;l\u012bdz&nbsp;<strong>2025.gada 12.septembrim plkst. 17.00<\/strong>&nbsp;iesniedzot person\u012bgi skol\u0101 (adrese: Rai\u0146a iela 11, Valmiera, Valmieras novads) vai e-past\u0101:&nbsp;v2v@valmiera.edu.lv. Pieteikums iesniedzams ar nor\u0101di \u201cDirektora vietnieka MD vakance\u201d<\/p>\n\n\n\n<p>T\u0101lrunis inform\u0101cijai: 64207543 (direktora vietnieks), 64207163 (direktors).<\/p>\n\n\n\n<p>Inform\u0113jam, ka pieteikuma dokument\u0101 nor\u0101d\u012btie personas dati tiks apstr\u0101d\u0101ti, lai nodro\u0161in\u0101tu \u0161\u012b atlases konkursa norisi atbilsto\u0161i fizisko personu datu aizsardz\u012bbas regul\u0113juma pras\u012bb\u0101m.<\/p>\n","protected":false},"excerpt":{"rendered":"<p>Aicin\u0101m darb\u0101\u00a0direktora vietnieku\/-ci administrat\u012bvi saimnieciskaj\u0101 darb\u0101 (1 likme jeb\u00a040 stundas ned\u0113\u013c\u0101) Ja Tev ir v\u0113lme: un Tev ir: m\u0113s pied\u0101v\u0101jam: [&hellip;]<\/p>\n","protected":false},"author":20,"featured_media":0,"parent":0,"menu_order":0,"comment_status":"closed","ping_status":"closed","template":"","meta":{"_acf_changed":false,"site-sidebar-layout":"default","site-content-layout":"","ast-site-content-layout":"default","site-content-style":"default","site-sidebar-style":"default","ast-global-header-display":"","ast-banner-title-visibility":"","ast-main-header-display":"","ast-hfb-above-header-display":"","ast-hfb-below-header-display":"","ast-hfb-mobile-header-display":"","site-post-title":"","ast-breadcrumbs-content":"","ast-featured-img":"","footer-sml-layout":"","ast-disable-related-posts":"","theme-transparent-header-meta":"","adv-header-id-meta":"","stick-header-meta":"","header-above-stick-meta":"","header-main-stick-meta":"","header-below-stick-meta":"","astra-migrate-meta-layouts":"default","ast-page-background-enabled":"default","ast-page-background-meta":{"desktop":{"background-color":"var(--ast-global-color-5)","background-image":"","background-repeat":"repeat","background-position":"center center","background-size":"auto","background-attachment":"scroll","background-type":"","background-media":"","overlay-type":"","overlay-color":"","overlay-opacity":"","overlay-gradient":""},"tablet":{"background-color":"","background-image":"","background-repeat":"repeat","background-position":"center center","background-size":"auto","background-attachment":"scroll","background-type":"","background-media":"","overlay-type":"","overlay-color":"","overlay-opacity":"","overlay-gradient":""},"mobile":{"background-color":"","background-image":"","background-repeat":"repeat","background-position":"center center","background-size":"auto","background-attachment":"scroll","background-type":"","background-media":"","overlay-type":"","overlay-color":"","overlay-opacity":"","overlay-gradient":""}},"ast-content-background-meta":{"desktop":{"background-color":"var(--ast-global-color-4)","background-image":"","background-repeat":"repeat","background-position":"center center","background-size":"auto","background-attachment":"scroll","background-type":"","background-media":"","overlay-type":"","overlay-color":"","overlay-opacity":"","overlay-gradient":""},"tablet":{"background-color":"var(--ast-global-color-4)","background-image":"","background-repeat":"repeat","background-position":"center center","background-size":"auto","background-attachment":"scroll","background-type":"","background-media":"","overlay-type":"","overlay-color":"","overlay-opacity":"","overlay-gradient":""},"mobile":{"background-color":"var(--ast-global-color-4)","background-image":"","background-repeat":"repeat","background-position":"center center","background-size":"auto","background-attachment":"scroll","background-type":"","background-media":"","overlay-type":"","overlay-color":"","overlay-opacity":"","overlay-gradient":""}},"footnotes":""},"class_list":["post-270","page","type-page","status-publish","hentry"],"acf":[],"yoast_head":"<!-- This site is optimized with the Yoast SEO plugin v27.0 - https:\/\/yoast.com\/product\/yoast-seo-wordpress\/ -->\n<title>Vakances - Valmieras 2. vidusskola<\/title>\n<meta name=\"robots\" content=\"index, follow, max-snippet:-1, max-image-preview:large, max-video-preview:-1\" \/>\n<link rel=\"canonical\" href=\"https:\/\/izglitiba.valmierasnovads.lv\/v2v\/vakances\/\" \/>\n<meta property=\"og:locale\" content=\"lv_LV\" \/>\n<meta property=\"og:type\" content=\"article\" \/>\n<meta property=\"og:title\" content=\"Vakances - Valmieras 2. vidusskola\" \/>\n<meta property=\"og:description\" content=\"Aicin\u0101m darb\u0101\u00a0direktora vietnieku\/-ci administrat\u012bvi saimnieciskaj\u0101 darb\u0101 (1 likme jeb\u00a040 stundas ned\u0113\u013c\u0101) Ja Tev ir v\u0113lme: un Tev ir: m\u0113s pied\u0101v\u0101jam: [&hellip;]\" \/>\n<meta property=\"og:url\" content=\"https:\/\/izglitiba.valmierasnovads.lv\/v2v\/vakances\/\" \/>\n<meta property=\"og:site_name\" content=\"Valmieras 2. vidusskola\" \/>\n<meta name=\"twitter:card\" content=\"summary_large_image\" \/>\n<meta name=\"twitter:label1\" content=\"Est. reading time\" \/>\n\t<meta name=\"twitter:data1\" content=\"4 min\u016btes\" \/>\n<script type=\"application\/ld+json\" class=\"yoast-schema-graph\">{\"@context\":\"https:\/\/schema.org\",\"@graph\":[{\"@type\":\"WebPage\",\"@id\":\"https:\/\/izglitiba.valmierasnovads.lv\/v2v\/vakances\/\",\"url\":\"https:\/\/izglitiba.valmierasnovads.lv\/v2v\/vakances\/\",\"name\":\"Vakances - Valmieras 2. vidusskola\",\"isPartOf\":{\"@id\":\"https:\/\/izglitiba.valmierasnovads.lv\/v2v\/#website\"},\"datePublished\":\"2025-09-08T10:54:44+00:00\",\"breadcrumb\":{\"@id\":\"https:\/\/izglitiba.valmierasnovads.lv\/v2v\/vakances\/#breadcrumb\"},\"inLanguage\":\"lv-LV\",\"potentialAction\":[{\"@type\":\"ReadAction\",\"target\":[\"https:\/\/izglitiba.valmierasnovads.lv\/v2v\/vakances\/\"]}]},{\"@type\":\"BreadcrumbList\",\"@id\":\"https:\/\/izglitiba.valmierasnovads.lv\/v2v\/vakances\/#breadcrumb\",\"itemListElement\":[{\"@type\":\"ListItem\",\"position\":1,\"name\":\"Home\",\"item\":\"https:\/\/izglitiba.valmierasnovads.lv\/v2v\/\"},{\"@type\":\"ListItem\",\"position\":2,\"name\":\"Vakances\"}]},{\"@type\":\"WebSite\",\"@id\":\"https:\/\/izglitiba.valmierasnovads.lv\/v2v\/#website\",\"url\":\"https:\/\/izglitiba.valmierasnovads.lv\/v2v\/\",\"name\":\"Valmieras 2. vidusskola\",\"description\":\"\",\"publisher\":{\"@id\":\"https:\/\/izglitiba.valmierasnovads.lv\/v2v\/#organization\"},\"potentialAction\":[{\"@type\":\"SearchAction\",\"target\":{\"@type\":\"EntryPoint\",\"urlTemplate\":\"https:\/\/izglitiba.valmierasnovads.lv\/v2v\/?s={search_term_string}\"},\"query-input\":{\"@type\":\"PropertyValueSpecification\",\"valueRequired\":true,\"valueName\":\"search_term_string\"}}],\"inLanguage\":\"lv-LV\"},{\"@type\":\"Organization\",\"@id\":\"https:\/\/izglitiba.valmierasnovads.lv\/v2v\/#organization\",\"name\":\"Valmieras 2. vidusskola\",\"url\":\"https:\/\/izglitiba.valmierasnovads.lv\/v2v\/\",\"logo\":{\"@type\":\"ImageObject\",\"inLanguage\":\"lv-LV\",\"@id\":\"https:\/\/izglitiba.valmierasnovads.lv\/v2v\/#\/schema\/logo\/image\/\",\"url\":\"https:\/\/izglitiba.valmierasnovads.lv\/v2v\/wp-content\/uploads\/sites\/23\/2025\/04\/cropped-V2VSK-logo-PNG-1-1.png\",\"contentUrl\":\"https:\/\/izglitiba.valmierasnovads.lv\/v2v\/wp-content\/uploads\/sites\/23\/2025\/04\/cropped-V2VSK-logo-PNG-1-1.png\",\"width\":2111,\"height\":1310,\"caption\":\"Valmieras 2. vidusskola\"},\"image\":{\"@id\":\"https:\/\/izglitiba.valmierasnovads.lv\/v2v\/#\/schema\/logo\/image\/\"}}]}<\/script>\n<!-- \/ Yoast SEO plugin. -->","yoast_head_json":{"title":"Vakances - Valmieras 2. vidusskola","robots":{"index":"index","follow":"follow","max-snippet":"max-snippet:-1","max-image-preview":"max-image-preview:large","max-video-preview":"max-video-preview:-1"},"canonical":"https:\/\/izglitiba.valmierasnovads.lv\/v2v\/vakances\/","og_locale":"lv_LV","og_type":"article","og_title":"Vakances - Valmieras 2. vidusskola","og_description":"Aicin\u0101m darb\u0101\u00a0direktora vietnieku\/-ci administrat\u012bvi saimnieciskaj\u0101 darb\u0101 (1 likme jeb\u00a040 stundas ned\u0113\u013c\u0101) Ja Tev ir v\u0113lme: un Tev ir: m\u0113s pied\u0101v\u0101jam: [&hellip;]","og_url":"https:\/\/izglitiba.valmierasnovads.lv\/v2v\/vakances\/","og_site_name":"Valmieras 2. vidusskola","twitter_card":"summary_large_image","twitter_misc":{"Est. reading time":"4 min\u016btes"},"schema":{"@context":"https:\/\/schema.org","@graph":[{"@type":"WebPage","@id":"https:\/\/izglitiba.valmierasnovads.lv\/v2v\/vakances\/","url":"https:\/\/izglitiba.valmierasnovads.lv\/v2v\/vakances\/","name":"Vakances - Valmieras 2. vidusskola","isPartOf":{"@id":"https:\/\/izglitiba.valmierasnovads.lv\/v2v\/#website"},"datePublished":"2025-09-08T10:54:44+00:00","breadcrumb":{"@id":"https:\/\/izglitiba.valmierasnovads.lv\/v2v\/vakances\/#breadcrumb"},"inLanguage":"lv-LV","potentialAction":[{"@type":"ReadAction","target":["https:\/\/izglitiba.valmierasnovads.lv\/v2v\/vakances\/"]}]},{"@type":"BreadcrumbList","@id":"https:\/\/izglitiba.valmierasnovads.lv\/v2v\/vakances\/#breadcrumb","itemListElement":[{"@type":"ListItem","position":1,"name":"Home","item":"https:\/\/izglitiba.valmierasnovads.lv\/v2v\/"},{"@type":"ListItem","position":2,"name":"Vakances"}]},{"@type":"WebSite","@id":"https:\/\/izglitiba.valmierasnovads.lv\/v2v\/#website","url":"https:\/\/izglitiba.valmierasnovads.lv\/v2v\/","name":"Valmieras 2. vidusskola","description":"","publisher":{"@id":"https:\/\/izglitiba.valmierasnovads.lv\/v2v\/#organization"},"potentialAction":[{"@type":"SearchAction","target":{"@type":"EntryPoint","urlTemplate":"https:\/\/izglitiba.valmierasnovads.lv\/v2v\/?s={search_term_string}"},"query-input":{"@type":"PropertyValueSpecification","valueRequired":true,"valueName":"search_term_string"}}],"inLanguage":"lv-LV"},{"@type":"Organization","@id":"https:\/\/izglitiba.valmierasnovads.lv\/v2v\/#organization","name":"Valmieras 2. vidusskola","url":"https:\/\/izglitiba.valmierasnovads.lv\/v2v\/","logo":{"@type":"ImageObject","inLanguage":"lv-LV","@id":"https:\/\/izglitiba.valmierasnovads.lv\/v2v\/#\/schema\/logo\/image\/","url":"https:\/\/izglitiba.valmierasnovads.lv\/v2v\/wp-content\/uploads\/sites\/23\/2025\/04\/cropped-V2VSK-logo-PNG-1-1.png","contentUrl":"https:\/\/izglitiba.valmierasnovads.lv\/v2v\/wp-content\/uploads\/sites\/23\/2025\/04\/cropped-V2VSK-logo-PNG-1-1.png","width":2111,"height":1310,"caption":"Valmieras 2. vidusskola"},"image":{"@id":"https:\/\/izglitiba.valmierasnovads.lv\/v2v\/#\/schema\/logo\/image\/"}}]}},"_links":{"self":[{"href":"https:\/\/izglitiba.valmierasnovads.lv\/v2v\/wp-json\/wp\/v2\/pages\/270","targetHints":{"allow":["GET"]}}],"collection":[{"href":"https:\/\/izglitiba.valmierasnovads.lv\/v2v\/wp-json\/wp\/v2\/pages"}],"about":[{"href":"https:\/\/izglitiba.valmierasnovads.lv\/v2v\/wp-json\/wp\/v2\/types\/page"}],"author":[{"embeddable":true,"href":"https:\/\/izglitiba.valmierasnovads.lv\/v2v\/wp-json\/wp\/v2\/users\/20"}],"replies":[{"embeddable":true,"href":"https:\/\/izglitiba.valmierasnovads.lv\/v2v\/wp-json\/wp\/v2\/comments?post=270"}],"version-history":[{"count":1,"href":"https:\/\/izglitiba.valmierasnovads.lv\/v2v\/wp-json\/wp\/v2\/pages\/270\/revisions"}],"predecessor-version":[{"id":271,"href":"https:\/\/izglitiba.valmierasnovads.lv\/v2v\/wp-json\/wp\/v2\/pages\/270\/revisions\/271"}],"wp:attachment":[{"href":"https:\/\/izglitiba.valmierasnovads.lv\/v2v\/wp-json\/wp\/v2\/media?parent=270"}],"curies":[{"name":"wp","href":"https:\/\/api.w.org\/{rel}","templated":true}]}}