{"id":285,"date":"2025-09-08T18:10:19","date_gmt":"2025-09-08T15:10:19","guid":{"rendered":"https:\/\/izglitiba.valmierasnovads.lv\/valmieras2vidusskola\/?page_id=285"},"modified":"2025-09-08T18:10:19","modified_gmt":"2025-09-08T15:10:19","slug":"zpd","status":"publish","type":"page","link":"https:\/\/izglitiba.valmierasnovads.lv\/v2v\/zpd\/","title":{"rendered":"ZPD"},"content":{"rendered":"\n<h4 class=\"wp-block-heading\"><strong>PEDAGOGIEM\/IZGL\u012aTOJAMIEM noder\u012bgie \u0161pikeri<\/strong><\/h4>\n\n\n\n<p><strong>Materi\u0101li<\/strong><\/p>\n\n\n\n<p>Skolas ZPD izstr\u0101des vadl\u012bnijas (<a href=\"https:\/\/www.v2v.edu.lv\/wp-content\/uploads\/2024\/02\/skolas_vadlinijas.pdf\">sk.pielikumu<\/a>)<\/p>\n\n\n\n<p>Ieskats. Ce\u013cvedis skol\u0113niem zin\u0101tniski p\u0113tniecisk\u0101 darba veik\u0161an\u0101 (J.Birzniece, A.Timermanis) (<a href=\"https:\/\/www.v2v.edu.lv\/wp-content\/uploads\/2024\/02\/celvedis_zpd.pdf\">sk.pielikumu<\/a>)<\/p>\n\n\n\n<p>Zin\u0101t\u0146u noz\u0101res&nbsp; (<a href=\"https:\/\/www.v2v.edu.lv\/wp-content\/uploads\/2024\/02\/oecd_klasifikators.pdf\">sk.pielikumu<\/a>)<\/p>\n\n\n\n<p>Vadl\u012bnijas un krit\u0113riji ZPD izstr\u0101dei (<a href=\"https:\/\/www.v2v.edu.lv\/wp-content\/uploads\/2024\/02\/zpd_vadlinijas_2021.pdf\">zpd_vadlinijas_2021<\/a>)<\/p>\n\n\n\n<p><strong>VISC organiz\u0113to konsult\u0101ciju ieraksti:&nbsp;<\/strong><a href=\"https:\/\/www.visc.gov.lv\/lv\/ieteikumi-un-rekomendacijas\"><strong>https:\/\/www.visc.gov.lv\/lv\/ieteikumi-un-rekomendacijas<\/strong><\/a><\/p>\n","protected":false},"excerpt":{"rendered":"<p>PEDAGOGIEM\/IZGL\u012aTOJAMIEM noder\u012bgie \u0161pikeri Materi\u0101li Skolas ZPD izstr\u0101des vadl\u012bnijas (sk.pielikumu) Ieskats. Ce\u013cvedis skol\u0113niem zin\u0101tniski p\u0113tniecisk\u0101 darba veik\u0161an\u0101 (J.Birzniece, A.Timermanis) (sk.pielikumu) Zin\u0101t\u0146u [&hellip;]<\/p>\n","protected":false},"author":20,"featured_media":0,"parent":0,"menu_order":0,"comment_status":"closed","ping_status":"closed","template":"","meta":{"_acf_changed":false,"site-sidebar-layout":"default","site-content-layout":"","ast-site-content-layout":"default","site-content-style":"default","site-sidebar-style":"default","ast-global-header-display":"","ast-banner-title-visibility":"","ast-main-header-display":"","ast-hfb-above-header-display":"","ast-hfb-below-header-display":"","ast-hfb-mobile-header-display":"","site-post-title":"","ast-breadcrumbs-content":"","ast-featured-img":"","footer-sml-layout":"","ast-disable-related-posts":"","theme-transparent-header-meta":"","adv-header-id-meta":"","stick-header-meta":"","header-above-stick-meta":"","header-main-stick-meta":"","header-below-stick-meta":"","astra-migrate-meta-layouts":"default","ast-page-background-enabled":"default","ast-page-background-meta":{"desktop":{"background-color":"var(--ast-global-color-5)","background-image":"","background-repeat":"repeat","background-position":"center center","background-size":"auto","background-attachment":"scroll","background-type":"","background-media":"","overlay-type":"","overlay-color":"","overlay-opacity":"","overlay-gradient":""},"tablet":{"background-color":"","background-image":"","background-repeat":"repeat","background-position":"center center","background-size":"auto","background-attachment":"scroll","background-type":"","background-media":"","overlay-type":"","overlay-color":"","overlay-opacity":"","overlay-gradient":""},"mobile":{"background-color":"","background-image":"","background-repeat":"repeat","background-position":"center center","background-size":"auto","background-attachment":"scroll","background-type":"","background-media":"","overlay-type":"","overlay-color":"","overlay-opacity":"","overlay-gradient":""}},"ast-content-background-meta":{"desktop":{"background-color":"var(--ast-global-color-4)","background-image":"","background-repeat":"repeat","background-position":"center center","background-size":"auto","background-attachment":"scroll","background-type":"","background-media":"","overlay-type":"","overlay-color":"","overlay-opacity":"","overlay-gradient":""},"tablet":{"background-color":"var(--ast-global-color-4)","background-image":"","background-repeat":"repeat","background-position":"center center","background-size":"auto","background-attachment":"scroll","background-type":"","background-media":"","overlay-type":"","overlay-color":"","overlay-opacity":"","overlay-gradient":""},"mobile":{"background-color":"var(--ast-global-color-4)","background-image":"","background-repeat":"repeat","background-position":"center center","background-size":"auto","background-attachment":"scroll","background-type":"","background-media":"","overlay-type":"","overlay-color":"","overlay-opacity":"","overlay-gradient":""}},"footnotes":""},"class_list":["post-285","page","type-page","status-publish","hentry"],"acf":[],"yoast_head":"<!-- This site is optimized with the Yoast SEO plugin v27.0 - https:\/\/yoast.com\/product\/yoast-seo-wordpress\/ -->\n<title>ZPD - Valmieras 2. vidusskola<\/title>\n<meta name=\"robots\" content=\"index, follow, max-snippet:-1, max-image-preview:large, max-video-preview:-1\" \/>\n<link rel=\"canonical\" href=\"https:\/\/izglitiba.valmierasnovads.lv\/v2v\/zpd\/\" \/>\n<meta property=\"og:locale\" content=\"lv_LV\" \/>\n<meta property=\"og:type\" content=\"article\" \/>\n<meta property=\"og:title\" content=\"ZPD - Valmieras 2. vidusskola\" \/>\n<meta property=\"og:description\" content=\"PEDAGOGIEM\/IZGL\u012aTOJAMIEM noder\u012bgie \u0161pikeri Materi\u0101li Skolas ZPD izstr\u0101des vadl\u012bnijas (sk.pielikumu) Ieskats. Ce\u013cvedis skol\u0113niem zin\u0101tniski p\u0113tniecisk\u0101 darba veik\u0161an\u0101 (J.Birzniece, A.Timermanis) (sk.pielikumu) Zin\u0101t\u0146u [&hellip;]\" \/>\n<meta property=\"og:url\" content=\"https:\/\/izglitiba.valmierasnovads.lv\/v2v\/zpd\/\" \/>\n<meta property=\"og:site_name\" content=\"Valmieras 2. vidusskola\" \/>\n<meta name=\"twitter:card\" content=\"summary_large_image\" \/>\n<script type=\"application\/ld+json\" class=\"yoast-schema-graph\">{\"@context\":\"https:\/\/schema.org\",\"@graph\":[{\"@type\":\"WebPage\",\"@id\":\"https:\/\/izglitiba.valmierasnovads.lv\/v2v\/zpd\/\",\"url\":\"https:\/\/izglitiba.valmierasnovads.lv\/v2v\/zpd\/\",\"name\":\"ZPD - Valmieras 2. vidusskola\",\"isPartOf\":{\"@id\":\"https:\/\/izglitiba.valmierasnovads.lv\/v2v\/#website\"},\"datePublished\":\"2025-09-08T15:10:19+00:00\",\"breadcrumb\":{\"@id\":\"https:\/\/izglitiba.valmierasnovads.lv\/v2v\/zpd\/#breadcrumb\"},\"inLanguage\":\"lv-LV\",\"potentialAction\":[{\"@type\":\"ReadAction\",\"target\":[\"https:\/\/izglitiba.valmierasnovads.lv\/v2v\/zpd\/\"]}]},{\"@type\":\"BreadcrumbList\",\"@id\":\"https:\/\/izglitiba.valmierasnovads.lv\/v2v\/zpd\/#breadcrumb\",\"itemListElement\":[{\"@type\":\"ListItem\",\"position\":1,\"name\":\"Home\",\"item\":\"https:\/\/izglitiba.valmierasnovads.lv\/v2v\/\"},{\"@type\":\"ListItem\",\"position\":2,\"name\":\"ZPD\"}]},{\"@type\":\"WebSite\",\"@id\":\"https:\/\/izglitiba.valmierasnovads.lv\/v2v\/#website\",\"url\":\"https:\/\/izglitiba.valmierasnovads.lv\/v2v\/\",\"name\":\"Valmieras 2. vidusskola\",\"description\":\"\",\"publisher\":{\"@id\":\"https:\/\/izglitiba.valmierasnovads.lv\/v2v\/#organization\"},\"potentialAction\":[{\"@type\":\"SearchAction\",\"target\":{\"@type\":\"EntryPoint\",\"urlTemplate\":\"https:\/\/izglitiba.valmierasnovads.lv\/v2v\/?s={search_term_string}\"},\"query-input\":{\"@type\":\"PropertyValueSpecification\",\"valueRequired\":true,\"valueName\":\"search_term_string\"}}],\"inLanguage\":\"lv-LV\"},{\"@type\":\"Organization\",\"@id\":\"https:\/\/izglitiba.valmierasnovads.lv\/v2v\/#organization\",\"name\":\"Valmieras 2. vidusskola\",\"url\":\"https:\/\/izglitiba.valmierasnovads.lv\/v2v\/\",\"logo\":{\"@type\":\"ImageObject\",\"inLanguage\":\"lv-LV\",\"@id\":\"https:\/\/izglitiba.valmierasnovads.lv\/v2v\/#\/schema\/logo\/image\/\",\"url\":\"https:\/\/izglitiba.valmierasnovads.lv\/v2v\/wp-content\/uploads\/sites\/23\/2025\/04\/cropped-V2VSK-logo-PNG-1-1.png\",\"contentUrl\":\"https:\/\/izglitiba.valmierasnovads.lv\/v2v\/wp-content\/uploads\/sites\/23\/2025\/04\/cropped-V2VSK-logo-PNG-1-1.png\",\"width\":2111,\"height\":1310,\"caption\":\"Valmieras 2. vidusskola\"},\"image\":{\"@id\":\"https:\/\/izglitiba.valmierasnovads.lv\/v2v\/#\/schema\/logo\/image\/\"}}]}<\/script>\n<!-- \/ Yoast SEO plugin. -->","yoast_head_json":{"title":"ZPD - Valmieras 2. vidusskola","robots":{"index":"index","follow":"follow","max-snippet":"max-snippet:-1","max-image-preview":"max-image-preview:large","max-video-preview":"max-video-preview:-1"},"canonical":"https:\/\/izglitiba.valmierasnovads.lv\/v2v\/zpd\/","og_locale":"lv_LV","og_type":"article","og_title":"ZPD - Valmieras 2. vidusskola","og_description":"PEDAGOGIEM\/IZGL\u012aTOJAMIEM noder\u012bgie \u0161pikeri Materi\u0101li Skolas ZPD izstr\u0101des vadl\u012bnijas (sk.pielikumu) Ieskats. Ce\u013cvedis skol\u0113niem zin\u0101tniski p\u0113tniecisk\u0101 darba veik\u0161an\u0101 (J.Birzniece, A.Timermanis) (sk.pielikumu) Zin\u0101t\u0146u [&hellip;]","og_url":"https:\/\/izglitiba.valmierasnovads.lv\/v2v\/zpd\/","og_site_name":"Valmieras 2. vidusskola","twitter_card":"summary_large_image","schema":{"@context":"https:\/\/schema.org","@graph":[{"@type":"WebPage","@id":"https:\/\/izglitiba.valmierasnovads.lv\/v2v\/zpd\/","url":"https:\/\/izglitiba.valmierasnovads.lv\/v2v\/zpd\/","name":"ZPD - Valmieras 2. vidusskola","isPartOf":{"@id":"https:\/\/izglitiba.valmierasnovads.lv\/v2v\/#website"},"datePublished":"2025-09-08T15:10:19+00:00","breadcrumb":{"@id":"https:\/\/izglitiba.valmierasnovads.lv\/v2v\/zpd\/#breadcrumb"},"inLanguage":"lv-LV","potentialAction":[{"@type":"ReadAction","target":["https:\/\/izglitiba.valmierasnovads.lv\/v2v\/zpd\/"]}]},{"@type":"BreadcrumbList","@id":"https:\/\/izglitiba.valmierasnovads.lv\/v2v\/zpd\/#breadcrumb","itemListElement":[{"@type":"ListItem","position":1,"name":"Home","item":"https:\/\/izglitiba.valmierasnovads.lv\/v2v\/"},{"@type":"ListItem","position":2,"name":"ZPD"}]},{"@type":"WebSite","@id":"https:\/\/izglitiba.valmierasnovads.lv\/v2v\/#website","url":"https:\/\/izglitiba.valmierasnovads.lv\/v2v\/","name":"Valmieras 2. vidusskola","description":"","publisher":{"@id":"https:\/\/izglitiba.valmierasnovads.lv\/v2v\/#organization"},"potentialAction":[{"@type":"SearchAction","target":{"@type":"EntryPoint","urlTemplate":"https:\/\/izglitiba.valmierasnovads.lv\/v2v\/?s={search_term_string}"},"query-input":{"@type":"PropertyValueSpecification","valueRequired":true,"valueName":"search_term_string"}}],"inLanguage":"lv-LV"},{"@type":"Organization","@id":"https:\/\/izglitiba.valmierasnovads.lv\/v2v\/#organization","name":"Valmieras 2. vidusskola","url":"https:\/\/izglitiba.valmierasnovads.lv\/v2v\/","logo":{"@type":"ImageObject","inLanguage":"lv-LV","@id":"https:\/\/izglitiba.valmierasnovads.lv\/v2v\/#\/schema\/logo\/image\/","url":"https:\/\/izglitiba.valmierasnovads.lv\/v2v\/wp-content\/uploads\/sites\/23\/2025\/04\/cropped-V2VSK-logo-PNG-1-1.png","contentUrl":"https:\/\/izglitiba.valmierasnovads.lv\/v2v\/wp-content\/uploads\/sites\/23\/2025\/04\/cropped-V2VSK-logo-PNG-1-1.png","width":2111,"height":1310,"caption":"Valmieras 2. vidusskola"},"image":{"@id":"https:\/\/izglitiba.valmierasnovads.lv\/v2v\/#\/schema\/logo\/image\/"}}]}},"_links":{"self":[{"href":"https:\/\/izglitiba.valmierasnovads.lv\/v2v\/wp-json\/wp\/v2\/pages\/285","targetHints":{"allow":["GET"]}}],"collection":[{"href":"https:\/\/izglitiba.valmierasnovads.lv\/v2v\/wp-json\/wp\/v2\/pages"}],"about":[{"href":"https:\/\/izglitiba.valmierasnovads.lv\/v2v\/wp-json\/wp\/v2\/types\/page"}],"author":[{"embeddable":true,"href":"https:\/\/izglitiba.valmierasnovads.lv\/v2v\/wp-json\/wp\/v2\/users\/20"}],"replies":[{"embeddable":true,"href":"https:\/\/izglitiba.valmierasnovads.lv\/v2v\/wp-json\/wp\/v2\/comments?post=285"}],"version-history":[{"count":1,"href":"https:\/\/izglitiba.valmierasnovads.lv\/v2v\/wp-json\/wp\/v2\/pages\/285\/revisions"}],"predecessor-version":[{"id":286,"href":"https:\/\/izglitiba.valmierasnovads.lv\/v2v\/wp-json\/wp\/v2\/pages\/285\/revisions\/286"}],"wp:attachment":[{"href":"https:\/\/izglitiba.valmierasnovads.lv\/v2v\/wp-json\/wp\/v2\/media?parent=285"}],"curies":[{"name":"wp","href":"https:\/\/api.w.org\/{rel}","templated":true}]}}