{"id":291,"date":"2025-09-08T18:16:50","date_gmt":"2025-09-08T15:16:50","guid":{"rendered":"https:\/\/izglitiba.valmierasnovads.lv\/valmieras2vidusskola\/?page_id=291"},"modified":"2025-09-08T18:16:50","modified_gmt":"2025-09-08T15:16:50","slug":"mini-zoo","status":"publish","type":"page","link":"https:\/\/izglitiba.valmierasnovads.lv\/v2v\/mini-zoo\/","title":{"rendered":"Mini Zoo"},"content":{"rendered":"\n<p>Kop\u0161 1997. gada 1. septembra skol\u0101 darbojas&nbsp;<strong>dz\u012bvas dabas st\u016br\u012btis<\/strong>.<br>\u0160eit patv\u0113rumu atradu\u0161i daudzi dz\u012bvas dabas p\u0101rst\u0101vji. Daudz skaistu retu putnu \u2013 Amadini, Austr\u0101lijas papagai\u013ci. No dz\u012bvniekiem \u012bpa\u0161i interesanti ir \u0100frikas adatain\u0101s peles, p\u016bkainais pundurtrusis, pundurkam\u012b\u0161i un \u0161in\u0161illa. Skaistos akv\u0101rijos dz\u012bvo daudzkr\u0101sainas zivis no visas pasaules, \u0100frikas akv\u0101rija vardes, Zieme\u013camerikas sarkanausainie bru\u0146urupu\u010du un daudzi citi.<\/p>\n\n\n\n<p>Var pieteikties ar\u012b individu\u0101l\u0101m ekskursij\u0101m iepriek\u0161 vienojoties pa t\u0101lr.&nbsp;<strong>29 132 256<\/strong><\/p>\n\n\n\n<p>\u0160obr\u012bd gr\u016bti iedom\u0101ties m\u016bsu skolu bez \u201eDz\u012bv\u0101s dabas st\u016br\u012b\u0161a\u201d.<\/p>\n\n\n\n<p>S\u0101k\u0101s viss pag\u0101ju\u0161\u0101 gadsimta 80- taj\u0101 gad\u0101, kad Valmieras 4. vidusskolas biolo\u0123ijas kabinet\u0101 uzrad\u0101s vair\u0101ki b\u016bri ar putniem un k\u0101mjiem. Iniciatore bija biolo\u0123ijas skolot\u0101ja Tamara Vasi\u013cjevna Ze\u013cenkova. Ideja par \u201eDz\u012bv\u0101s dabas st\u016br\u012b\u0161a\u201d izveido\u0161anu skol\u0101 iepatik\u0101s visu kla\u0161u skol\u0113niem. Pak\u0101peniski biolo\u0123ijas kabinets papildin\u0101j\u0101s ar jauniem p\u016bkainiem draugiem. Reiz\u0113m \u0161ie dz\u012bvnieci\u0146i nov\u0113rsa b\u0113rnu uzman\u012bbu no m\u0101c\u012bbu procesa, t\u0101d\u0113\u013c tika pie\u0146emts l\u0113mums \u201eDz\u012bv\u0101s dabas st\u016br\u012bti\u201d iek\u0101rtot atsevi\u0161\u0137\u0101 kabinet\u0101.<br>Galvenais m\u0113r\u0137is bija att\u012bst\u012bt skol\u0113nos atbild\u012bbas izj\u016btu pret m\u0101jas m\u012blu\u013ciem, nepiecie\u0161am\u012bbu r\u016bp\u0113ties par tiem, veidot pareizas uzved\u012bbas paradumus apk\u0101rt\u0113j\u0101s dabas vid\u0113.<\/p>\n\n\n\n<p>Toreiz v\u0113l nebija interneta, soci\u0101lo t\u012bklu un mobilo telefonu, t\u0101p\u0113c daudzi skol\u0113ni aizr\u0101v\u0101s ar dz\u012bvniekiem un putniem. Daudz interesanta notika \u201eDz\u012bv\u0101s dabas st\u016br\u012bt\u012b\u201d \u2013 b\u0113rni r\u016bp\u0113j\u0101s par dz\u012bvniekiem, da\u017eiem rad\u0101s pat \u201em\u012blu\u013ci\u201d. Bija gan priec\u012bgi, gan b\u0113d\u012bgi br\u012b\u017ei.<br>1991. gad\u0101 atv\u0113ra jauno 2. vidusskolas \u0113ku un \u201eDz\u012bv\u0101s dabas st\u016br\u012bti\u201d p\u0101rveda uz turieni. Taj\u0101 notika interesanti pas\u0101kumi un p\u0113tnieciskie darbi. Bet cik daudz viesu apmekl\u0113ju\u0161i \u201est\u016br\u012bti\u201d- ne saskait\u012bt! Pat \u0101rzemju v\u0113stnieki, kas viesoj\u0101s Valmier\u0101! Spilgti atmi\u0146\u0101 ir palikusi tik\u0161an\u0101s ar Krievijas telev\u012bzijas \u017eurn\u0101listu Juriju Senkevi\u010du.<\/p>\n\n\n\n<p>\u201eDz\u012bv\u0101s dabas st\u016br\u012btis\u201d past\u0101v\u0113ja pateicoties vec\u0101ku, skol\u0113nu un skolas sponsoru pal\u012bdz\u012bbai. Pa\u0161laik milz\u012bgu pal\u012bdz\u012bbu tas sa\u0146em no Valmieras novada pa\u0161vald\u012bbas.<\/p>\n\n\n\n<p>\u201eDz\u012bv\u0101s dabas st\u016br\u012btis\u201d ir m\u0101c\u012bbu un audzin\u0101\u0161anas procesa svar\u012bga sast\u0101vda\u013ca.<\/p>\n\n\n\n<p>Mazu pietic\u012bgu dz\u012bvnieku uztur\u0113\u0161ana var sniegt pla\u0161u materi\u0101lu p\u0113tniec\u012bbai. Ne tikai m\u016bsu skolas skol\u0113niem, bet ar\u012b pirmsskolas b\u0113rniem.<\/p>\n\n\n\n<p>Pa\u0161i maz\u0101kie b\u0113rni ieg\u016bst zin\u0101\u0161anas v\u0113rojot, t\u0101d\u0113\u013c \u201eDz\u012bv\u0101s dabas st\u016br\u012bt\u012b\u201d ir ko\u0161u kr\u0101su tropisk\u0101s zivti\u0146as, daudzkr\u0101saini putni\u0146i, trusis, interesanta izskata \u017eurkas un eksotiski kukai\u0146i. B\u0113rni iepaz\u012bstas ar dz\u012bvniekiem, v\u0113ro vi\u0146u uzved\u012bbu, atrod at\u0161\u0137ir\u012bbas vai l\u012bdz\u012bbas. Nodarb\u012bbas notiek rota\u013cu veid\u0101.<\/p>\n\n\n\n<p>T\u0101pat m\u016bsu \u201eDz\u012bv\u0101s dabas st\u016br\u012btis\u201d ir savdab\u012bgs psiholo\u0123isk\u0101s atslodzes kabinets, kur var atp\u016bsties no skolas k\u0146adas. Tas ir popul\u0101rs ne tikai s\u0101kumskolnieku vid\u016b, bet ar\u012b vec\u0101ko kla\u0161u skol\u0113nu vid\u016b.<\/p>\n\n\n\n<p>\u0160eit harmoniski izvietoti augi, kukai\u0146i, zivis, putni, abinieki un z\u012bd\u012bt\u0101ji.<\/p>\n\n\n\n<p>Kukai\u0146i ( Madagaskaras prusaks, n\u016bju kukai\u0146i, lielie me\u017ea prusaki) ir interesanti ar savu uzved\u012bbu un pietic\u012bgu iztiku.<br>Akv\u0101rijs ir lielisks zem\u016bdens pasaules modelis, kur\u0101 t\u0101 iem\u012btniekus ir viegli nov\u0113rot un izzin\u0101t.<\/p>\n\n\n\n<p>S\u012bkie dz\u012bvnieci\u0146i ( \u017eurkas, k\u0101mji, peles) past\u0101v\u012bgi atrodas b\u016bros, bet nodarb\u012bbu laik\u0101 tos uz \u012bsu br\u012bdi var pa\u0146emt rok\u0101s, pav\u0113rot un pabarot.<\/p>\n\n\n\n<p>Nodarb\u012bbas \u201eDz\u012bv\u0101s dabas st\u016br\u012bt\u012b\u201d notiek tie\u0161\u0101 kontakt\u0101 ar dz\u012bvniekiem un putniem. T\u0101d\u0101 veid\u0101 apk\u0101rt\u0113j\u0101s pasaules uztvere notiek ne tikai intelektu\u0101li, bet ar\u012b emocion\u0101li. Tas viss b\u0113rnos izsauc neaizmirstamus iespaidus un emocijas.<\/p>\n\n\n\n<p>Tik daudz ir b\u0113rnu, kuri v\u0113l\u0113tos m\u0101j\u0101s k\u0101du dz\u012bvnieku, bet vec\u0101ki da\u017e\u0101du iemeslu d\u0113\u013c atsaka. M\u016bsu \u201est\u016br\u012bt\u012b\u201d b\u0113rns var par dz\u012bvnieku r\u016bp\u0113ties un pat ieg\u016bt m\u012bluli. Reiz\u0113m \u0161eit var satikt br\u012bvi staig\u0101jo\u0161u trusi vai \u0161in\u0161illu. Ar ska\u013cu sveicienu j\u016bs \u0161eit sagaid\u012bs m\u016bsu papagailis Koko. Un, protams, sesks Timofejs, kur\u0161 vienm\u0113r priec\u0101jas par b\u0113rniem.<\/p>\n\n\n\n<p><strong>Visi m\u016bsu dz\u012bvnieki labpr\u0101t tiekas ar b\u0113rniem un gaida kop\u0101 ar vec\u0101kiem ciemos katru m\u0101c\u012bbu dienu no 8:00 l\u012bdz 13:00.<\/strong><\/p>\n\n\n\n<h2 class=\"wp-block-heading\"><strong>Piesaki nodarb\u012bbu Mini zoo!<\/strong><\/h2>\n\n\n\n<ul class=\"wp-block-list\">\n<li><a href=\"https:\/\/v2v.edu.lv\/wp-content\/uploads\/2025\/02\/ciemos-pie-grauzejiem.pdf\" target=\"_blank\" rel=\"noreferrer noopener\">Nodarb\u012bba &#8220;Ciemos pie grauz\u0113jiem&#8221;<\/a><\/li>\n\n\n\n<li><a href=\"https:\/\/v2v.edu.lv\/wp-content\/uploads\/2025\/02\/putni-daba.pdf\" target=\"_blank\" rel=\"noreferrer noopener\">Nodarb\u012bba &#8220;Putni dab\u0101&#8221;<\/a><\/li>\n\n\n\n<li><a href=\"https:\/\/v2v.edu.lv\/wp-content\/uploads\/2025\/02\/es-pazistu-kukainus.pdf\" target=\"_blank\" rel=\"noreferrer noopener\">Nodarb\u012bba &#8220;Es paz\u012bstu kukai\u0146us&#8221;<\/a><\/li>\n\n\n\n<li><a href=\"https:\/\/v2v.edu.lv\/wp-content\/uploads\/2022\/05\/Uzvedibas_noteikumi_dz_dab_st_2018.docx.pdf\" target=\"_blank\" rel=\"noreferrer noopener\">Uzved\u012bbas noteikumi<\/a><\/li>\n<\/ul>\n\n\n\n<div class='line-wrapper'>\n<\/div>\n<div class=\"gallery-slider-wrapper\">\n<h2>Galerija<\/h2>\n<p class=\"link\"><a href=\"https:\/\/izglitiba.valmierasnovads.lv\/v2v\/galerijas\" title=\"Skat\u012bt visas galerijas\">Skat\u012bt visas<\/a><\/p>\n<div class=\"gallery-slider\">\n    <div class=\"item\"><div class=\"item-image\"><a href=\"https:\/\/izglitiba.valmierasnovads.lv\/v2v\/galery\/balva-izglitiba-25\/\"><img decoding=\"async\" src=\" https:\/\/izglitiba.valmierasnovads.lv\/v2v\/wp-content\/uploads\/sites\/23\/2025\/10\/Balva-izglitiba-2025-0329.jpg \" \/><div class=\"item-description\"><div class=\"item-title\">Balva izgl\u012bt\u012bb\u0101 2025<\/div><div class=\"item-count\">6 att\u0113li<\/div><\/div><\/a><\/div><div class=\"item-bottom\"><\/div><\/div><div class=\"item\"><div class=\"item-image\"><a href=\"https:\/\/izglitiba.valmierasnovads.lv\/v2v\/galery\/zinibu-diena-2025\/\"><img decoding=\"async\" src=\" https:\/\/izglitiba.valmierasnovads.lv\/v2v\/wp-content\/uploads\/sites\/23\/2025\/10\/DSC7750-scaled-e1760286292839.jpg \" \/><div class=\"item-description\"><div class=\"item-title\">Zin\u012bbu diena 2025<\/div><div class=\"item-count\">76 att\u0113li<\/div><\/div><\/a><\/div><div class=\"item-bottom\"><\/div><\/div><div class=\"item\"><div class=\"item-image\"><a href=\"https:\/\/izglitiba.valmierasnovads.lv\/v2v\/galery\/skolas-zvaigznajs-25\/\"><img decoding=\"async\" src=\" https:\/\/izglitiba.valmierasnovads.lv\/v2v\/wp-content\/uploads\/sites\/23\/2025\/10\/DSC5548-scaled.jpg \" \/><div class=\"item-description\"><div class=\"item-title\">Skolas ZVAIGZN\u0100JS 25<\/div><div class=\"item-count\">30 att\u0113li<\/div><\/div><\/a><\/div><div class=\"item-bottom\"><\/div><\/div><div class=\"item\"><div class=\"item-image\"><a href=\"https:\/\/izglitiba.valmierasnovads.lv\/v2v\/galery\/izlaidums-2025-12-klase\/\"><img decoding=\"async\" src=\" https:\/\/izglitiba.valmierasnovads.lv\/v2v\/wp-content\/uploads\/sites\/23\/2025\/10\/foto-1132-scaled.jpg \" \/><div class=\"item-description\"><div class=\"item-title\">Izlaidums 2025. (12.klase)<\/div><div class=\"item-count\">18 att\u0113li<\/div><\/div><\/a><\/div><div class=\"item-bottom\"><\/div><\/div><div class=\"item\"><div class=\"item-image\"><a href=\"https:\/\/izglitiba.valmierasnovads.lv\/v2v\/galery\/pedejais-zvans-9-klasei-2025-gads\/\"><img decoding=\"async\" src=\" https:\/\/izglitiba.valmierasnovads.lv\/v2v\/wp-content\/uploads\/sites\/23\/2025\/10\/DSC4283-scaled.jpg \" \/><div class=\"item-description\"><div class=\"item-title\">P\u0113d\u0113jais zvans 9.klasei 2025.gads<\/div><div class=\"item-count\">6 att\u0113li<\/div><\/div><\/a><\/div><div class=\"item-bottom\"><\/div><\/div><\/div>\n<\/div>","protected":false},"excerpt":{"rendered":"<p>Kop\u0161 1997. gada 1. septembra skol\u0101 darbojas&nbsp;dz\u012bvas dabas st\u016br\u012btis.\u0160eit patv\u0113rumu atradu\u0161i daudzi dz\u012bvas dabas p\u0101rst\u0101vji. Daudz skaistu retu putnu \u2013 [&hellip;]<\/p>\n","protected":false},"author":20,"featured_media":0,"parent":0,"menu_order":0,"comment_status":"closed","ping_status":"closed","template":"","meta":{"_acf_changed":false,"site-sidebar-layout":"default","site-content-layout":"","ast-site-content-layout":"default","site-content-style":"default","site-sidebar-style":"default","ast-global-header-display":"","ast-banner-title-visibility":"","ast-main-header-display":"","ast-hfb-above-header-display":"","ast-hfb-below-header-display":"","ast-hfb-mobile-header-display":"","site-post-title":"","ast-breadcrumbs-content":"","ast-featured-img":"","footer-sml-layout":"","ast-disable-related-posts":"","theme-transparent-header-meta":"","adv-header-id-meta":"","stick-header-meta":"","header-above-stick-meta":"","header-main-stick-meta":"","header-below-stick-meta":"","astra-migrate-meta-layouts":"default","ast-page-background-enabled":"default","ast-page-background-meta":{"desktop":{"background-color":"var(--ast-global-color-5)","background-image":"","background-repeat":"repeat","background-position":"center center","background-size":"auto","background-attachment":"scroll","background-type":"","background-media":"","overlay-type":"","overlay-color":"","overlay-opacity":"","overlay-gradient":""},"tablet":{"background-color":"","background-image":"","background-repeat":"repeat","background-position":"center center","background-size":"auto","background-attachment":"scroll","background-type":"","background-media":"","overlay-type":"","overlay-color":"","overlay-opacity":"","overlay-gradient":""},"mobile":{"background-color":"","background-image":"","background-repeat":"repeat","background-position":"center center","background-size":"auto","background-attachment":"scroll","background-type":"","background-media":"","overlay-type":"","overlay-color":"","overlay-opacity":"","overlay-gradient":""}},"ast-content-background-meta":{"desktop":{"background-color":"var(--ast-global-color-4)","background-image":"","background-repeat":"repeat","background-position":"center center","background-size":"auto","background-attachment":"scroll","background-type":"","background-media":"","overlay-type":"","overlay-color":"","overlay-opacity":"","overlay-gradient":""},"tablet":{"background-color":"var(--ast-global-color-4)","background-image":"","background-repeat":"repeat","background-position":"center center","background-size":"auto","background-attachment":"scroll","background-type":"","background-media":"","overlay-type":"","overlay-color":"","overlay-opacity":"","overlay-gradient":""},"mobile":{"background-color":"var(--ast-global-color-4)","background-image":"","background-repeat":"repeat","background-position":"center center","background-size":"auto","background-attachment":"scroll","background-type":"","background-media":"","overlay-type":"","overlay-color":"","overlay-opacity":"","overlay-gradient":""}},"footnotes":""},"class_list":["post-291","page","type-page","status-publish","hentry"],"acf":[],"yoast_head":"<!-- This site is optimized with the Yoast SEO plugin v27.0 - https:\/\/yoast.com\/product\/yoast-seo-wordpress\/ -->\n<title>Mini Zoo - Valmieras 2. vidusskola<\/title>\n<meta name=\"robots\" content=\"index, follow, max-snippet:-1, max-image-preview:large, max-video-preview:-1\" \/>\n<link rel=\"canonical\" href=\"https:\/\/izglitiba.valmierasnovads.lv\/v2v\/mini-zoo\/\" \/>\n<meta property=\"og:locale\" content=\"lv_LV\" \/>\n<meta property=\"og:type\" content=\"article\" \/>\n<meta property=\"og:title\" content=\"Mini Zoo - Valmieras 2. vidusskola\" \/>\n<meta property=\"og:description\" content=\"Kop\u0161 1997. gada 1. septembra skol\u0101 darbojas&nbsp;dz\u012bvas dabas st\u016br\u012btis.\u0160eit patv\u0113rumu atradu\u0161i daudzi dz\u012bvas dabas p\u0101rst\u0101vji. Daudz skaistu retu putnu \u2013 [&hellip;]\" \/>\n<meta property=\"og:url\" content=\"https:\/\/izglitiba.valmierasnovads.lv\/v2v\/mini-zoo\/\" \/>\n<meta property=\"og:site_name\" content=\"Valmieras 2. vidusskola\" \/>\n<meta name=\"twitter:card\" content=\"summary_large_image\" \/>\n<meta name=\"twitter:label1\" content=\"Est. reading time\" \/>\n\t<meta name=\"twitter:data1\" content=\"3 min\u016btes\" \/>\n<script type=\"application\/ld+json\" class=\"yoast-schema-graph\">{\"@context\":\"https:\/\/schema.org\",\"@graph\":[{\"@type\":\"WebPage\",\"@id\":\"https:\/\/izglitiba.valmierasnovads.lv\/v2v\/mini-zoo\/\",\"url\":\"https:\/\/izglitiba.valmierasnovads.lv\/v2v\/mini-zoo\/\",\"name\":\"Mini Zoo - Valmieras 2. vidusskola\",\"isPartOf\":{\"@id\":\"https:\/\/izglitiba.valmierasnovads.lv\/v2v\/#website\"},\"datePublished\":\"2025-09-08T15:16:50+00:00\",\"breadcrumb\":{\"@id\":\"https:\/\/izglitiba.valmierasnovads.lv\/v2v\/mini-zoo\/#breadcrumb\"},\"inLanguage\":\"lv-LV\",\"potentialAction\":[{\"@type\":\"ReadAction\",\"target\":[\"https:\/\/izglitiba.valmierasnovads.lv\/v2v\/mini-zoo\/\"]}]},{\"@type\":\"BreadcrumbList\",\"@id\":\"https:\/\/izglitiba.valmierasnovads.lv\/v2v\/mini-zoo\/#breadcrumb\",\"itemListElement\":[{\"@type\":\"ListItem\",\"position\":1,\"name\":\"Home\",\"item\":\"https:\/\/izglitiba.valmierasnovads.lv\/v2v\/\"},{\"@type\":\"ListItem\",\"position\":2,\"name\":\"Mini Zoo\"}]},{\"@type\":\"WebSite\",\"@id\":\"https:\/\/izglitiba.valmierasnovads.lv\/v2v\/#website\",\"url\":\"https:\/\/izglitiba.valmierasnovads.lv\/v2v\/\",\"name\":\"Valmieras 2. vidusskola\",\"description\":\"\",\"publisher\":{\"@id\":\"https:\/\/izglitiba.valmierasnovads.lv\/v2v\/#organization\"},\"potentialAction\":[{\"@type\":\"SearchAction\",\"target\":{\"@type\":\"EntryPoint\",\"urlTemplate\":\"https:\/\/izglitiba.valmierasnovads.lv\/v2v\/?s={search_term_string}\"},\"query-input\":{\"@type\":\"PropertyValueSpecification\",\"valueRequired\":true,\"valueName\":\"search_term_string\"}}],\"inLanguage\":\"lv-LV\"},{\"@type\":\"Organization\",\"@id\":\"https:\/\/izglitiba.valmierasnovads.lv\/v2v\/#organization\",\"name\":\"Valmieras 2. vidusskola\",\"url\":\"https:\/\/izglitiba.valmierasnovads.lv\/v2v\/\",\"logo\":{\"@type\":\"ImageObject\",\"inLanguage\":\"lv-LV\",\"@id\":\"https:\/\/izglitiba.valmierasnovads.lv\/v2v\/#\/schema\/logo\/image\/\",\"url\":\"https:\/\/izglitiba.valmierasnovads.lv\/v2v\/wp-content\/uploads\/sites\/23\/2025\/04\/cropped-V2VSK-logo-PNG-1-1.png\",\"contentUrl\":\"https:\/\/izglitiba.valmierasnovads.lv\/v2v\/wp-content\/uploads\/sites\/23\/2025\/04\/cropped-V2VSK-logo-PNG-1-1.png\",\"width\":2111,\"height\":1310,\"caption\":\"Valmieras 2. vidusskola\"},\"image\":{\"@id\":\"https:\/\/izglitiba.valmierasnovads.lv\/v2v\/#\/schema\/logo\/image\/\"}}]}<\/script>\n<!-- \/ Yoast SEO plugin. -->","yoast_head_json":{"title":"Mini Zoo - Valmieras 2. vidusskola","robots":{"index":"index","follow":"follow","max-snippet":"max-snippet:-1","max-image-preview":"max-image-preview:large","max-video-preview":"max-video-preview:-1"},"canonical":"https:\/\/izglitiba.valmierasnovads.lv\/v2v\/mini-zoo\/","og_locale":"lv_LV","og_type":"article","og_title":"Mini Zoo - Valmieras 2. vidusskola","og_description":"Kop\u0161 1997. gada 1. septembra skol\u0101 darbojas&nbsp;dz\u012bvas dabas st\u016br\u012btis.\u0160eit patv\u0113rumu atradu\u0161i daudzi dz\u012bvas dabas p\u0101rst\u0101vji. Daudz skaistu retu putnu \u2013 [&hellip;]","og_url":"https:\/\/izglitiba.valmierasnovads.lv\/v2v\/mini-zoo\/","og_site_name":"Valmieras 2. vidusskola","twitter_card":"summary_large_image","twitter_misc":{"Est. reading time":"3 min\u016btes"},"schema":{"@context":"https:\/\/schema.org","@graph":[{"@type":"WebPage","@id":"https:\/\/izglitiba.valmierasnovads.lv\/v2v\/mini-zoo\/","url":"https:\/\/izglitiba.valmierasnovads.lv\/v2v\/mini-zoo\/","name":"Mini Zoo - Valmieras 2. vidusskola","isPartOf":{"@id":"https:\/\/izglitiba.valmierasnovads.lv\/v2v\/#website"},"datePublished":"2025-09-08T15:16:50+00:00","breadcrumb":{"@id":"https:\/\/izglitiba.valmierasnovads.lv\/v2v\/mini-zoo\/#breadcrumb"},"inLanguage":"lv-LV","potentialAction":[{"@type":"ReadAction","target":["https:\/\/izglitiba.valmierasnovads.lv\/v2v\/mini-zoo\/"]}]},{"@type":"BreadcrumbList","@id":"https:\/\/izglitiba.valmierasnovads.lv\/v2v\/mini-zoo\/#breadcrumb","itemListElement":[{"@type":"ListItem","position":1,"name":"Home","item":"https:\/\/izglitiba.valmierasnovads.lv\/v2v\/"},{"@type":"ListItem","position":2,"name":"Mini Zoo"}]},{"@type":"WebSite","@id":"https:\/\/izglitiba.valmierasnovads.lv\/v2v\/#website","url":"https:\/\/izglitiba.valmierasnovads.lv\/v2v\/","name":"Valmieras 2. vidusskola","description":"","publisher":{"@id":"https:\/\/izglitiba.valmierasnovads.lv\/v2v\/#organization"},"potentialAction":[{"@type":"SearchAction","target":{"@type":"EntryPoint","urlTemplate":"https:\/\/izglitiba.valmierasnovads.lv\/v2v\/?s={search_term_string}"},"query-input":{"@type":"PropertyValueSpecification","valueRequired":true,"valueName":"search_term_string"}}],"inLanguage":"lv-LV"},{"@type":"Organization","@id":"https:\/\/izglitiba.valmierasnovads.lv\/v2v\/#organization","name":"Valmieras 2. vidusskola","url":"https:\/\/izglitiba.valmierasnovads.lv\/v2v\/","logo":{"@type":"ImageObject","inLanguage":"lv-LV","@id":"https:\/\/izglitiba.valmierasnovads.lv\/v2v\/#\/schema\/logo\/image\/","url":"https:\/\/izglitiba.valmierasnovads.lv\/v2v\/wp-content\/uploads\/sites\/23\/2025\/04\/cropped-V2VSK-logo-PNG-1-1.png","contentUrl":"https:\/\/izglitiba.valmierasnovads.lv\/v2v\/wp-content\/uploads\/sites\/23\/2025\/04\/cropped-V2VSK-logo-PNG-1-1.png","width":2111,"height":1310,"caption":"Valmieras 2. vidusskola"},"image":{"@id":"https:\/\/izglitiba.valmierasnovads.lv\/v2v\/#\/schema\/logo\/image\/"}}]}},"_links":{"self":[{"href":"https:\/\/izglitiba.valmierasnovads.lv\/v2v\/wp-json\/wp\/v2\/pages\/291","targetHints":{"allow":["GET"]}}],"collection":[{"href":"https:\/\/izglitiba.valmierasnovads.lv\/v2v\/wp-json\/wp\/v2\/pages"}],"about":[{"href":"https:\/\/izglitiba.valmierasnovads.lv\/v2v\/wp-json\/wp\/v2\/types\/page"}],"author":[{"embeddable":true,"href":"https:\/\/izglitiba.valmierasnovads.lv\/v2v\/wp-json\/wp\/v2\/users\/20"}],"replies":[{"embeddable":true,"href":"https:\/\/izglitiba.valmierasnovads.lv\/v2v\/wp-json\/wp\/v2\/comments?post=291"}],"version-history":[{"count":1,"href":"https:\/\/izglitiba.valmierasnovads.lv\/v2v\/wp-json\/wp\/v2\/pages\/291\/revisions"}],"predecessor-version":[{"id":293,"href":"https:\/\/izglitiba.valmierasnovads.lv\/v2v\/wp-json\/wp\/v2\/pages\/291\/revisions\/293"}],"wp:attachment":[{"href":"https:\/\/izglitiba.valmierasnovads.lv\/v2v\/wp-json\/wp\/v2\/media?parent=291"}],"curies":[{"name":"wp","href":"https:\/\/api.w.org\/{rel}","templated":true}]}}