{"id":328,"date":"2025-09-08T18:50:54","date_gmt":"2025-09-08T15:50:54","guid":{"rendered":"https:\/\/izglitiba.valmierasnovads.lv\/valmieras2vidusskola\/?page_id=328"},"modified":"2025-09-08T18:51:17","modified_gmt":"2025-09-08T15:51:17","slug":"ka-planot-karjeru","status":"publish","type":"page","link":"https:\/\/izglitiba.valmierasnovads.lv\/v2v\/ka-planot-karjeru\/","title":{"rendered":"K\u0101 pl\u0101not karjeru?"},"content":{"rendered":"\n<p>Efekt\u012bv\u0101kais veids, k\u0101 pl\u0101not karjeru, ir \u0146emt v\u0113r\u0101 galvenos faktorus \u2013 savas v\u0113lmes un talantus, darba tirgus pras\u012bbas un izgl\u012bt\u012bbas iesp\u0113jas. Infografik\u0101 ir att\u0113lots karjeras pl\u0101no\u0161anas ce\u013c\u0161 ar visiem svar\u012bgajiem posmiem.<\/p>\n\n\n\n<figure class=\"wp-block-image size-large\"><img loading=\"lazy\" decoding=\"async\" width=\"554\" height=\"1024\" src=\"https:\/\/izglitiba.valmierasnovads.lv\/valmieras2vidusskola\/wp-content\/uploads\/sites\/23\/2025\/09\/1-1-554x1024.png\" alt=\"\" class=\"wp-image-329\" srcset=\"https:\/\/izglitiba.valmierasnovads.lv\/v2v\/wp-content\/uploads\/sites\/23\/2025\/09\/1-1-554x1024.png 554w, https:\/\/izglitiba.valmierasnovads.lv\/v2v\/wp-content\/uploads\/sites\/23\/2025\/09\/1-1-162x300.png 162w, https:\/\/izglitiba.valmierasnovads.lv\/v2v\/wp-content\/uploads\/sites\/23\/2025\/09\/1-1-768x1419.png 768w, https:\/\/izglitiba.valmierasnovads.lv\/v2v\/wp-content\/uploads\/sites\/23\/2025\/09\/1-1-831x1536.png 831w, https:\/\/izglitiba.valmierasnovads.lv\/v2v\/wp-content\/uploads\/sites\/23\/2025\/09\/1-1-1108x2048.png 1108w, https:\/\/izglitiba.valmierasnovads.lv\/v2v\/wp-content\/uploads\/sites\/23\/2025\/09\/1-1.png 1365w\" sizes=\"auto, (max-width: 554px) 100vw, 554px\" \/><\/figure>\n\n\n\n<h2 class=\"wp-block-heading\"><strong>K\u0101 izv\u0113l\u0113ties piem\u0113rot\u0101ko m\u0101c\u012bbu iest\u0101di?<\/strong><\/h2>\n\n\n\n<p>Visefekt\u012bv\u0101kais veids, k\u0101 pl\u0101not karjeru, ir \u0146emt v\u0113r\u0101 visus b\u016btisk\u0101kos nosac\u012bjumus \u2013 savas v\u0113lmes un dot\u012bbas, darba tirgus nosac\u012bjumus un izgl\u012bt\u012bbas iesp\u0113jas. Infografik\u0101 shematiski att\u0113lots karjeras pl\u0101no\u0161anas ce\u013c\u0161 ar visiem svar\u012bgajiem pieturas punktiem.<\/p>\n\n\n\n<figure class=\"wp-block-image size-large\"><img loading=\"lazy\" decoding=\"async\" width=\"554\" height=\"1024\" src=\"https:\/\/izglitiba.valmierasnovads.lv\/valmieras2vidusskola\/wp-content\/uploads\/sites\/23\/2025\/09\/2-1-554x1024.png\" alt=\"\" class=\"wp-image-330\" srcset=\"https:\/\/izglitiba.valmierasnovads.lv\/v2v\/wp-content\/uploads\/sites\/23\/2025\/09\/2-1-554x1024.png 554w, https:\/\/izglitiba.valmierasnovads.lv\/v2v\/wp-content\/uploads\/sites\/23\/2025\/09\/2-1-162x300.png 162w, https:\/\/izglitiba.valmierasnovads.lv\/v2v\/wp-content\/uploads\/sites\/23\/2025\/09\/2-1-768x1419.png 768w, https:\/\/izglitiba.valmierasnovads.lv\/v2v\/wp-content\/uploads\/sites\/23\/2025\/09\/2-1-831x1536.png 831w, https:\/\/izglitiba.valmierasnovads.lv\/v2v\/wp-content\/uploads\/sites\/23\/2025\/09\/2-1-1108x2048.png 1108w, https:\/\/izglitiba.valmierasnovads.lv\/v2v\/wp-content\/uploads\/sites\/23\/2025\/09\/2-1.png 1365w\" sizes=\"auto, (max-width: 554px) 100vw, 554px\" \/><\/figure>\n\n\n\n<h2 class=\"wp-block-heading\"><strong>K\u0101 p\u0113t\u012bt un iepaz\u012bt interes\u0113jo\u0161as profesijas?<\/strong><\/h2>\n\n\n\n<p>Nereti priek\u0161status par profesij\u0101m veido virspus\u0113ja inform\u0101cija, stereotipi vai pat aizspriedumi. Infografik\u0101 ietverti galvenie jaut\u0101jumu, atbildes uz kuriem Tev pal\u012bdz\u0113s ieg\u016bt padzi\u013cin\u0101tu priek\u0161statu par profesij\u0101m. Izmanto to, lai noskaidrotu, kuras profesijas dom\u0101tas tie\u0161i Tev.<\/p>\n\n\n\n<figure class=\"wp-block-image size-large\"><img loading=\"lazy\" decoding=\"async\" width=\"724\" height=\"1024\" src=\"https:\/\/izglitiba.valmierasnovads.lv\/valmieras2vidusskola\/wp-content\/uploads\/sites\/23\/2025\/09\/3-1-724x1024.png\" alt=\"\" class=\"wp-image-331\" srcset=\"https:\/\/izglitiba.valmierasnovads.lv\/v2v\/wp-content\/uploads\/sites\/23\/2025\/09\/3-1-724x1024.png 724w, https:\/\/izglitiba.valmierasnovads.lv\/v2v\/wp-content\/uploads\/sites\/23\/2025\/09\/3-1-212x300.png 212w, https:\/\/izglitiba.valmierasnovads.lv\/v2v\/wp-content\/uploads\/sites\/23\/2025\/09\/3-1-768x1086.png 768w, https:\/\/izglitiba.valmierasnovads.lv\/v2v\/wp-content\/uploads\/sites\/23\/2025\/09\/3-1-1086x1536.png 1086w, https:\/\/izglitiba.valmierasnovads.lv\/v2v\/wp-content\/uploads\/sites\/23\/2025\/09\/3-1-1448x2048.png 1448w, https:\/\/izglitiba.valmierasnovads.lv\/v2v\/wp-content\/uploads\/sites\/23\/2025\/09\/3-1.png 1654w\" sizes=\"auto, (max-width: 724px) 100vw, 724px\" \/><\/figure>\n\n\n\n<h2 class=\"wp-block-heading\"><strong>K\u0101 analiz\u0113t sevi \u2013 savas intereses, zin\u0101\u0161anas un v\u0113lmes?<\/strong><\/h2>\n\n\n\n<p>Svar\u012bgi, lai profesija ir Tev piem\u0113rota un sniedz gandar\u012bjumu. Lai izv\u0113l\u0113tos \u0161\u0101du profesiju, ir j\u0101noskaidro, kas tevi motiv\u0113, k\u0101di ir tavi dotumi un stipr\u0101s puses, j\u0101apzin\u0101s ar\u012b savi tr\u016bkumi un ierobe\u017eojumi. Infografika pal\u012bdz\u0113s Tev lab\u0101k izprast sevi.<\/p>\n\n\n\n<figure class=\"wp-block-image size-large\"><img loading=\"lazy\" decoding=\"async\" width=\"724\" height=\"1024\" src=\"https:\/\/izglitiba.valmierasnovads.lv\/valmieras2vidusskola\/wp-content\/uploads\/sites\/23\/2025\/09\/4-1-724x1024.png\" alt=\"\" class=\"wp-image-332\" srcset=\"https:\/\/izglitiba.valmierasnovads.lv\/v2v\/wp-content\/uploads\/sites\/23\/2025\/09\/4-1-724x1024.png 724w, https:\/\/izglitiba.valmierasnovads.lv\/v2v\/wp-content\/uploads\/sites\/23\/2025\/09\/4-1-212x300.png 212w, https:\/\/izglitiba.valmierasnovads.lv\/v2v\/wp-content\/uploads\/sites\/23\/2025\/09\/4-1-768x1086.png 768w, https:\/\/izglitiba.valmierasnovads.lv\/v2v\/wp-content\/uploads\/sites\/23\/2025\/09\/4-1-1086x1536.png 1086w, https:\/\/izglitiba.valmierasnovads.lv\/v2v\/wp-content\/uploads\/sites\/23\/2025\/09\/4-1-1448x2048.png 1448w, https:\/\/izglitiba.valmierasnovads.lv\/v2v\/wp-content\/uploads\/sites\/23\/2025\/09\/4-1.png 1654w\" sizes=\"auto, (max-width: 724px) 100vw, 724px\" \/><\/figure>\n\n\n\n<h2 class=\"wp-block-heading\"><strong>Tavas att\u012bst\u012bbas iesp\u0113jas skolas laik\u0101<\/strong><\/h2>\n\n\n\n<p>Daudzas darba tirg\u016b un dz\u012bv\u0113 noder\u012bgas prasmes var att\u012bst\u012bt jau skolas laik\u0101. M\u016bsdien\u0101s neviens profesion\u0101lis neiztiks bez laika pl\u0101no\u0161anas, sp\u0113jas pamatot savu viedokli, prasm\u0113m sadarboties u.c. t\u0101 sauktaj\u0101m visp\u0101r\u0113j\u0101m prasm\u0113m. Infografika par\u0101d\u012bs Tev ce\u013cus, k\u0101, iesaistoties ikdienas aktivit\u0101t\u0113s, vari veidot sevi par darba tirgum un dz\u012bvei sagatavotu profesion\u0101li. Neiznieko laiku! Ieg\u016bsti pieredzi un dz\u012bvei noder\u012bgas prasmes, bez kur\u0101m neiztikt 21. gadsimt\u0101.<\/p>\n\n\n\n<figure class=\"wp-block-image size-large\"><img loading=\"lazy\" decoding=\"async\" width=\"724\" height=\"1024\" src=\"https:\/\/izglitiba.valmierasnovads.lv\/valmieras2vidusskola\/wp-content\/uploads\/sites\/23\/2025\/09\/5-1-724x1024.png\" alt=\"\" class=\"wp-image-333\" srcset=\"https:\/\/izglitiba.valmierasnovads.lv\/v2v\/wp-content\/uploads\/sites\/23\/2025\/09\/5-1-724x1024.png 724w, https:\/\/izglitiba.valmierasnovads.lv\/v2v\/wp-content\/uploads\/sites\/23\/2025\/09\/5-1-212x300.png 212w, https:\/\/izglitiba.valmierasnovads.lv\/v2v\/wp-content\/uploads\/sites\/23\/2025\/09\/5-1-768x1086.png 768w, https:\/\/izglitiba.valmierasnovads.lv\/v2v\/wp-content\/uploads\/sites\/23\/2025\/09\/5-1-1086x1536.png 1086w, https:\/\/izglitiba.valmierasnovads.lv\/v2v\/wp-content\/uploads\/sites\/23\/2025\/09\/5-1-1448x2048.png 1448w, https:\/\/izglitiba.valmierasnovads.lv\/v2v\/wp-content\/uploads\/sites\/23\/2025\/09\/5-1.png 1654w\" sizes=\"auto, (max-width: 724px) 100vw, 724px\" \/><\/figure>\n\n\n\n<h2 class=\"wp-block-heading\"><strong>Izgl\u012bt\u012bba bez robe\u017e\u0101m \u2013 izv\u0113lies izgl\u012bt\u012bbu Latvij\u0101<\/strong><\/h2>\n\n\n\n<p>Inform\u0101cija latvie\u0161iem, kuri atgrie\u017eas no \u0101rzem\u0113m un v\u0113las turpin\u0101t savu izgl\u012bt\u012bbu.<\/p>\n\n\n\n<figure class=\"wp-block-image size-large\"><img loading=\"lazy\" decoding=\"async\" width=\"1024\" height=\"727\" src=\"https:\/\/izglitiba.valmierasnovads.lv\/valmieras2vidusskola\/wp-content\/uploads\/sites\/23\/2025\/09\/6-1-1-1536x1091-1-1024x727.png\" alt=\"\" class=\"wp-image-334\" srcset=\"https:\/\/izglitiba.valmierasnovads.lv\/v2v\/wp-content\/uploads\/sites\/23\/2025\/09\/6-1-1-1536x1091-1-1024x727.png 1024w, https:\/\/izglitiba.valmierasnovads.lv\/v2v\/wp-content\/uploads\/sites\/23\/2025\/09\/6-1-1-1536x1091-1-300x213.png 300w, https:\/\/izglitiba.valmierasnovads.lv\/v2v\/wp-content\/uploads\/sites\/23\/2025\/09\/6-1-1-1536x1091-1-768x546.png 768w, https:\/\/izglitiba.valmierasnovads.lv\/v2v\/wp-content\/uploads\/sites\/23\/2025\/09\/6-1-1-1536x1091-1.png 1536w\" sizes=\"auto, (max-width: 1024px) 100vw, 1024px\" \/><\/figure>\n\n\n\n<p><\/p>\n\n\n\n<h2 class=\"wp-block-heading\"><strong>Karjeras vad\u012bbas prasmes<\/strong><\/h2>\n\n\n\n<p>Infografik\u0101 uzskait\u012btas svar\u012bg\u0101k\u0101s karjeras vad\u012bbas prasmes.<\/p>\n\n\n\n<figure class=\"wp-block-image size-large\"><img loading=\"lazy\" decoding=\"async\" width=\"724\" height=\"1024\" src=\"https:\/\/izglitiba.valmierasnovads.lv\/valmieras2vidusskola\/wp-content\/uploads\/sites\/23\/2025\/09\/7-1-724x1024.png\" alt=\"\" class=\"wp-image-335\" srcset=\"https:\/\/izglitiba.valmierasnovads.lv\/v2v\/wp-content\/uploads\/sites\/23\/2025\/09\/7-1-724x1024.png 724w, https:\/\/izglitiba.valmierasnovads.lv\/v2v\/wp-content\/uploads\/sites\/23\/2025\/09\/7-1-212x300.png 212w, https:\/\/izglitiba.valmierasnovads.lv\/v2v\/wp-content\/uploads\/sites\/23\/2025\/09\/7-1-768x1086.png 768w, https:\/\/izglitiba.valmierasnovads.lv\/v2v\/wp-content\/uploads\/sites\/23\/2025\/09\/7-1-1086x1536.png 1086w, https:\/\/izglitiba.valmierasnovads.lv\/v2v\/wp-content\/uploads\/sites\/23\/2025\/09\/7-1-1448x2048.png 1448w, https:\/\/izglitiba.valmierasnovads.lv\/v2v\/wp-content\/uploads\/sites\/23\/2025\/09\/7-1.png 1654w\" sizes=\"auto, (max-width: 724px) 100vw, 724px\" \/><\/figure>\n\n\n\n<h2 class=\"wp-block-heading\"><strong>Karjeras orient\u0113\u0161an\u0101s karte<\/strong><\/h2>\n\n\n\n<p>Kas j\u0101dara, lai izv\u0113l\u0113tos t\u0101l\u0101ko izgl\u012bt\u012bbas un karjeras ce\u013cu? Karte pal\u012bdz\u0113s Tev orient\u0113ties \u0161aj\u0101 ce\u013c\u0101.<\/p>\n\n\n\n<figure class=\"wp-block-image size-large\"><img loading=\"lazy\" decoding=\"async\" width=\"1024\" height=\"724\" src=\"https:\/\/izglitiba.valmierasnovads.lv\/valmieras2vidusskola\/wp-content\/uploads\/sites\/23\/2025\/09\/8-1-e1746771517602-2048x1448-1-1024x724.png\" alt=\"\" class=\"wp-image-336\" srcset=\"https:\/\/izglitiba.valmierasnovads.lv\/v2v\/wp-content\/uploads\/sites\/23\/2025\/09\/8-1-e1746771517602-2048x1448-1-1024x724.png 1024w, https:\/\/izglitiba.valmierasnovads.lv\/v2v\/wp-content\/uploads\/sites\/23\/2025\/09\/8-1-e1746771517602-2048x1448-1-300x212.png 300w, https:\/\/izglitiba.valmierasnovads.lv\/v2v\/wp-content\/uploads\/sites\/23\/2025\/09\/8-1-e1746771517602-2048x1448-1-768x543.png 768w, https:\/\/izglitiba.valmierasnovads.lv\/v2v\/wp-content\/uploads\/sites\/23\/2025\/09\/8-1-e1746771517602-2048x1448-1-1536x1086.png 1536w, https:\/\/izglitiba.valmierasnovads.lv\/v2v\/wp-content\/uploads\/sites\/23\/2025\/09\/8-1-e1746771517602-2048x1448-1.png 2048w\" sizes=\"auto, (max-width: 1024px) 100vw, 1024px\" \/><\/figure>\n\n\n\n<h2 class=\"wp-block-heading\"><strong>T\u0101l\u0101k\u0101s izgl\u012bt\u012bbas ce\u013ci p\u0113c 9. un 12. klases<\/strong><\/h2>\n\n\n\n<p>Pl\u0101nojot savu karjeru, j\u0101izv\u0113las ne tikai profesija, bet ar\u012b izgl\u012bt\u012bbas ce\u013c\u0161, k\u0101 \u0161o profesiju apg\u016bt. Turkl\u0101t j\u0101izv\u0113las savai situ\u0101cijai un n\u0101kotnes pl\u0101niem atbilsto\u0161\u0101kais. Infografika izskaidro, k\u0101ds ir t\u0101l\u0101k\u0101s izgl\u012bt\u012bbas iesp\u0113jas p\u0113c pamatizgl\u012bt\u012bbas un k\u0101das p\u0113c visp\u0101r\u0113j\u0101s izgl\u012bt\u012bbas ieg\u016b\u0161anas. Taj\u0101 nor\u0101d\u012bts, cik ilgs laiks j\u0101velta katram izgl\u012bt\u012bbas ce\u013cam un k\u0101du profesion\u0101l\u0101s kvalifik\u0101cijas l\u012bmeni var ieg\u016bt.<\/p>\n\n\n\n<figure class=\"wp-block-image size-large\"><img loading=\"lazy\" decoding=\"async\" width=\"544\" height=\"1024\" src=\"https:\/\/izglitiba.valmierasnovads.lv\/valmieras2vidusskola\/wp-content\/uploads\/sites\/23\/2025\/09\/9-1-544x1024.png\" alt=\"\" class=\"wp-image-337\" srcset=\"https:\/\/izglitiba.valmierasnovads.lv\/v2v\/wp-content\/uploads\/sites\/23\/2025\/09\/9-1-544x1024.png 544w, https:\/\/izglitiba.valmierasnovads.lv\/v2v\/wp-content\/uploads\/sites\/23\/2025\/09\/9-1-159x300.png 159w, https:\/\/izglitiba.valmierasnovads.lv\/v2v\/wp-content\/uploads\/sites\/23\/2025\/09\/9-1-768x1446.png 768w, https:\/\/izglitiba.valmierasnovads.lv\/v2v\/wp-content\/uploads\/sites\/23\/2025\/09\/9-1-816x1536.png 816w, https:\/\/izglitiba.valmierasnovads.lv\/v2v\/wp-content\/uploads\/sites\/23\/2025\/09\/9-1-1088x2048.png 1088w, https:\/\/izglitiba.valmierasnovads.lv\/v2v\/wp-content\/uploads\/sites\/23\/2025\/09\/9-1.png 1312w\" sizes=\"auto, (max-width: 544px) 100vw, 544px\" \/><\/figure>\n","protected":false},"excerpt":{"rendered":"<p>Efekt\u012bv\u0101kais veids, k\u0101 pl\u0101not karjeru, ir \u0146emt v\u0113r\u0101 galvenos faktorus \u2013 savas v\u0113lmes un talantus, darba tirgus pras\u012bbas un izgl\u012bt\u012bbas [&hellip;]<\/p>\n","protected":false},"author":20,"featured_media":0,"parent":0,"menu_order":0,"comment_status":"closed","ping_status":"closed","template":"","meta":{"_acf_changed":false,"site-sidebar-layout":"default","site-content-layout":"","ast-site-content-layout":"default","site-content-style":"default","site-sidebar-style":"default","ast-global-header-display":"","ast-banner-title-visibility":"","ast-main-header-display":"","ast-hfb-above-header-display":"","ast-hfb-below-header-display":"","ast-hfb-mobile-header-display":"","site-post-title":"","ast-breadcrumbs-content":"","ast-featured-img":"","footer-sml-layout":"","ast-disable-related-posts":"","theme-transparent-header-meta":"","adv-header-id-meta":"","stick-header-meta":"","header-above-stick-meta":"","header-main-stick-meta":"","header-below-stick-meta":"","astra-migrate-meta-layouts":"default","ast-page-background-enabled":"default","ast-page-background-meta":{"desktop":{"background-color":"var(--ast-global-color-5)","background-image":"","background-repeat":"repeat","background-position":"center center","background-size":"auto","background-attachment":"scroll","background-type":"","background-media":"","overlay-type":"","overlay-color":"","overlay-opacity":"","overlay-gradient":""},"tablet":{"background-color":"","background-image":"","background-repeat":"repeat","background-position":"center center","background-size":"auto","background-attachment":"scroll","background-type":"","background-media":"","overlay-type":"","overlay-color":"","overlay-opacity":"","overlay-gradient":""},"mobile":{"background-color":"","background-image":"","background-repeat":"repeat","background-position":"center center","background-size":"auto","background-attachment":"scroll","background-type":"","background-media":"","overlay-type":"","overlay-color":"","overlay-opacity":"","overlay-gradient":""}},"ast-content-background-meta":{"desktop":{"background-color":"var(--ast-global-color-4)","background-image":"","background-repeat":"repeat","background-position":"center center","background-size":"auto","background-attachment":"scroll","background-type":"","background-media":"","overlay-type":"","overlay-color":"","overlay-opacity":"","overlay-gradient":""},"tablet":{"background-color":"var(--ast-global-color-4)","background-image":"","background-repeat":"repeat","background-position":"center center","background-size":"auto","background-attachment":"scroll","background-type":"","background-media":"","overlay-type":"","overlay-color":"","overlay-opacity":"","overlay-gradient":""},"mobile":{"background-color":"var(--ast-global-color-4)","background-image":"","background-repeat":"repeat","background-position":"center center","background-size":"auto","background-attachment":"scroll","background-type":"","background-media":"","overlay-type":"","overlay-color":"","overlay-opacity":"","overlay-gradient":""}},"footnotes":""},"class_list":["post-328","page","type-page","status-publish","hentry"],"acf":[],"yoast_head":"<!-- This site is optimized with the Yoast SEO plugin v27.0 - https:\/\/yoast.com\/product\/yoast-seo-wordpress\/ -->\n<title>K\u0101 pl\u0101not karjeru? - Valmieras 2. vidusskola<\/title>\n<meta name=\"robots\" content=\"index, follow, max-snippet:-1, max-image-preview:large, max-video-preview:-1\" \/>\n<link rel=\"canonical\" href=\"https:\/\/izglitiba.valmierasnovads.lv\/v2v\/ka-planot-karjeru\/\" \/>\n<meta property=\"og:locale\" content=\"lv_LV\" \/>\n<meta property=\"og:type\" content=\"article\" \/>\n<meta property=\"og:title\" content=\"K\u0101 pl\u0101not karjeru? - Valmieras 2. vidusskola\" \/>\n<meta property=\"og:description\" content=\"Efekt\u012bv\u0101kais veids, k\u0101 pl\u0101not karjeru, ir \u0146emt v\u0113r\u0101 galvenos faktorus \u2013 savas v\u0113lmes un talantus, darba tirgus pras\u012bbas un izgl\u012bt\u012bbas [&hellip;]\" \/>\n<meta property=\"og:url\" content=\"https:\/\/izglitiba.valmierasnovads.lv\/v2v\/ka-planot-karjeru\/\" \/>\n<meta property=\"og:site_name\" content=\"Valmieras 2. vidusskola\" \/>\n<meta property=\"article:modified_time\" content=\"2025-09-08T15:51:17+00:00\" \/>\n<meta property=\"og:image\" content=\"https:\/\/izglitiba.valmierasnovads.lv\/valmieras2vidusskola\/wp-content\/uploads\/sites\/23\/2025\/09\/1-1-554x1024.png\" \/>\n<meta name=\"twitter:card\" content=\"summary_large_image\" \/>\n<meta name=\"twitter:label1\" content=\"Est. reading time\" \/>\n\t<meta name=\"twitter:data1\" content=\"4 min\u016btes\" \/>\n<script type=\"application\/ld+json\" class=\"yoast-schema-graph\">{\"@context\":\"https:\/\/schema.org\",\"@graph\":[{\"@type\":\"WebPage\",\"@id\":\"https:\/\/izglitiba.valmierasnovads.lv\/v2v\/ka-planot-karjeru\/\",\"url\":\"https:\/\/izglitiba.valmierasnovads.lv\/v2v\/ka-planot-karjeru\/\",\"name\":\"K\u0101 pl\u0101not karjeru? - Valmieras 2. vidusskola\",\"isPartOf\":{\"@id\":\"https:\/\/izglitiba.valmierasnovads.lv\/v2v\/#website\"},\"primaryImageOfPage\":{\"@id\":\"https:\/\/izglitiba.valmierasnovads.lv\/v2v\/ka-planot-karjeru\/#primaryimage\"},\"image\":{\"@id\":\"https:\/\/izglitiba.valmierasnovads.lv\/v2v\/ka-planot-karjeru\/#primaryimage\"},\"thumbnailUrl\":\"https:\/\/izglitiba.valmierasnovads.lv\/valmieras2vidusskola\/wp-content\/uploads\/sites\/23\/2025\/09\/1-1-554x1024.png\",\"datePublished\":\"2025-09-08T15:50:54+00:00\",\"dateModified\":\"2025-09-08T15:51:17+00:00\",\"breadcrumb\":{\"@id\":\"https:\/\/izglitiba.valmierasnovads.lv\/v2v\/ka-planot-karjeru\/#breadcrumb\"},\"inLanguage\":\"lv-LV\",\"potentialAction\":[{\"@type\":\"ReadAction\",\"target\":[\"https:\/\/izglitiba.valmierasnovads.lv\/v2v\/ka-planot-karjeru\/\"]}]},{\"@type\":\"ImageObject\",\"inLanguage\":\"lv-LV\",\"@id\":\"https:\/\/izglitiba.valmierasnovads.lv\/v2v\/ka-planot-karjeru\/#primaryimage\",\"url\":\"https:\/\/izglitiba.valmierasnovads.lv\/valmieras2vidusskola\/wp-content\/uploads\/sites\/23\/2025\/09\/1-1-554x1024.png\",\"contentUrl\":\"https:\/\/izglitiba.valmierasnovads.lv\/valmieras2vidusskola\/wp-content\/uploads\/sites\/23\/2025\/09\/1-1-554x1024.png\"},{\"@type\":\"BreadcrumbList\",\"@id\":\"https:\/\/izglitiba.valmierasnovads.lv\/v2v\/ka-planot-karjeru\/#breadcrumb\",\"itemListElement\":[{\"@type\":\"ListItem\",\"position\":1,\"name\":\"Home\",\"item\":\"https:\/\/izglitiba.valmierasnovads.lv\/v2v\/\"},{\"@type\":\"ListItem\",\"position\":2,\"name\":\"K\u0101 pl\u0101not karjeru?\"}]},{\"@type\":\"WebSite\",\"@id\":\"https:\/\/izglitiba.valmierasnovads.lv\/v2v\/#website\",\"url\":\"https:\/\/izglitiba.valmierasnovads.lv\/v2v\/\",\"name\":\"Valmieras 2. vidusskola\",\"description\":\"\",\"publisher\":{\"@id\":\"https:\/\/izglitiba.valmierasnovads.lv\/v2v\/#organization\"},\"potentialAction\":[{\"@type\":\"SearchAction\",\"target\":{\"@type\":\"EntryPoint\",\"urlTemplate\":\"https:\/\/izglitiba.valmierasnovads.lv\/v2v\/?s={search_term_string}\"},\"query-input\":{\"@type\":\"PropertyValueSpecification\",\"valueRequired\":true,\"valueName\":\"search_term_string\"}}],\"inLanguage\":\"lv-LV\"},{\"@type\":\"Organization\",\"@id\":\"https:\/\/izglitiba.valmierasnovads.lv\/v2v\/#organization\",\"name\":\"Valmieras 2. vidusskola\",\"url\":\"https:\/\/izglitiba.valmierasnovads.lv\/v2v\/\",\"logo\":{\"@type\":\"ImageObject\",\"inLanguage\":\"lv-LV\",\"@id\":\"https:\/\/izglitiba.valmierasnovads.lv\/v2v\/#\/schema\/logo\/image\/\",\"url\":\"https:\/\/izglitiba.valmierasnovads.lv\/v2v\/wp-content\/uploads\/sites\/23\/2025\/04\/cropped-V2VSK-logo-PNG-1-1.png\",\"contentUrl\":\"https:\/\/izglitiba.valmierasnovads.lv\/v2v\/wp-content\/uploads\/sites\/23\/2025\/04\/cropped-V2VSK-logo-PNG-1-1.png\",\"width\":2111,\"height\":1310,\"caption\":\"Valmieras 2. vidusskola\"},\"image\":{\"@id\":\"https:\/\/izglitiba.valmierasnovads.lv\/v2v\/#\/schema\/logo\/image\/\"}}]}<\/script>\n<!-- \/ Yoast SEO plugin. -->","yoast_head_json":{"title":"K\u0101 pl\u0101not karjeru? - Valmieras 2. vidusskola","robots":{"index":"index","follow":"follow","max-snippet":"max-snippet:-1","max-image-preview":"max-image-preview:large","max-video-preview":"max-video-preview:-1"},"canonical":"https:\/\/izglitiba.valmierasnovads.lv\/v2v\/ka-planot-karjeru\/","og_locale":"lv_LV","og_type":"article","og_title":"K\u0101 pl\u0101not karjeru? - Valmieras 2. vidusskola","og_description":"Efekt\u012bv\u0101kais veids, k\u0101 pl\u0101not karjeru, ir \u0146emt v\u0113r\u0101 galvenos faktorus \u2013 savas v\u0113lmes un talantus, darba tirgus pras\u012bbas un izgl\u012bt\u012bbas [&hellip;]","og_url":"https:\/\/izglitiba.valmierasnovads.lv\/v2v\/ka-planot-karjeru\/","og_site_name":"Valmieras 2. vidusskola","article_modified_time":"2025-09-08T15:51:17+00:00","og_image":[{"url":"https:\/\/izglitiba.valmierasnovads.lv\/valmieras2vidusskola\/wp-content\/uploads\/sites\/23\/2025\/09\/1-1-554x1024.png","type":"","width":"","height":""}],"twitter_card":"summary_large_image","twitter_misc":{"Est. reading time":"4 min\u016btes"},"schema":{"@context":"https:\/\/schema.org","@graph":[{"@type":"WebPage","@id":"https:\/\/izglitiba.valmierasnovads.lv\/v2v\/ka-planot-karjeru\/","url":"https:\/\/izglitiba.valmierasnovads.lv\/v2v\/ka-planot-karjeru\/","name":"K\u0101 pl\u0101not karjeru? - Valmieras 2. vidusskola","isPartOf":{"@id":"https:\/\/izglitiba.valmierasnovads.lv\/v2v\/#website"},"primaryImageOfPage":{"@id":"https:\/\/izglitiba.valmierasnovads.lv\/v2v\/ka-planot-karjeru\/#primaryimage"},"image":{"@id":"https:\/\/izglitiba.valmierasnovads.lv\/v2v\/ka-planot-karjeru\/#primaryimage"},"thumbnailUrl":"https:\/\/izglitiba.valmierasnovads.lv\/valmieras2vidusskola\/wp-content\/uploads\/sites\/23\/2025\/09\/1-1-554x1024.png","datePublished":"2025-09-08T15:50:54+00:00","dateModified":"2025-09-08T15:51:17+00:00","breadcrumb":{"@id":"https:\/\/izglitiba.valmierasnovads.lv\/v2v\/ka-planot-karjeru\/#breadcrumb"},"inLanguage":"lv-LV","potentialAction":[{"@type":"ReadAction","target":["https:\/\/izglitiba.valmierasnovads.lv\/v2v\/ka-planot-karjeru\/"]}]},{"@type":"ImageObject","inLanguage":"lv-LV","@id":"https:\/\/izglitiba.valmierasnovads.lv\/v2v\/ka-planot-karjeru\/#primaryimage","url":"https:\/\/izglitiba.valmierasnovads.lv\/valmieras2vidusskola\/wp-content\/uploads\/sites\/23\/2025\/09\/1-1-554x1024.png","contentUrl":"https:\/\/izglitiba.valmierasnovads.lv\/valmieras2vidusskola\/wp-content\/uploads\/sites\/23\/2025\/09\/1-1-554x1024.png"},{"@type":"BreadcrumbList","@id":"https:\/\/izglitiba.valmierasnovads.lv\/v2v\/ka-planot-karjeru\/#breadcrumb","itemListElement":[{"@type":"ListItem","position":1,"name":"Home","item":"https:\/\/izglitiba.valmierasnovads.lv\/v2v\/"},{"@type":"ListItem","position":2,"name":"K\u0101 pl\u0101not karjeru?"}]},{"@type":"WebSite","@id":"https:\/\/izglitiba.valmierasnovads.lv\/v2v\/#website","url":"https:\/\/izglitiba.valmierasnovads.lv\/v2v\/","name":"Valmieras 2. vidusskola","description":"","publisher":{"@id":"https:\/\/izglitiba.valmierasnovads.lv\/v2v\/#organization"},"potentialAction":[{"@type":"SearchAction","target":{"@type":"EntryPoint","urlTemplate":"https:\/\/izglitiba.valmierasnovads.lv\/v2v\/?s={search_term_string}"},"query-input":{"@type":"PropertyValueSpecification","valueRequired":true,"valueName":"search_term_string"}}],"inLanguage":"lv-LV"},{"@type":"Organization","@id":"https:\/\/izglitiba.valmierasnovads.lv\/v2v\/#organization","name":"Valmieras 2. vidusskola","url":"https:\/\/izglitiba.valmierasnovads.lv\/v2v\/","logo":{"@type":"ImageObject","inLanguage":"lv-LV","@id":"https:\/\/izglitiba.valmierasnovads.lv\/v2v\/#\/schema\/logo\/image\/","url":"https:\/\/izglitiba.valmierasnovads.lv\/v2v\/wp-content\/uploads\/sites\/23\/2025\/04\/cropped-V2VSK-logo-PNG-1-1.png","contentUrl":"https:\/\/izglitiba.valmierasnovads.lv\/v2v\/wp-content\/uploads\/sites\/23\/2025\/04\/cropped-V2VSK-logo-PNG-1-1.png","width":2111,"height":1310,"caption":"Valmieras 2. vidusskola"},"image":{"@id":"https:\/\/izglitiba.valmierasnovads.lv\/v2v\/#\/schema\/logo\/image\/"}}]}},"_links":{"self":[{"href":"https:\/\/izglitiba.valmierasnovads.lv\/v2v\/wp-json\/wp\/v2\/pages\/328","targetHints":{"allow":["GET"]}}],"collection":[{"href":"https:\/\/izglitiba.valmierasnovads.lv\/v2v\/wp-json\/wp\/v2\/pages"}],"about":[{"href":"https:\/\/izglitiba.valmierasnovads.lv\/v2v\/wp-json\/wp\/v2\/types\/page"}],"author":[{"embeddable":true,"href":"https:\/\/izglitiba.valmierasnovads.lv\/v2v\/wp-json\/wp\/v2\/users\/20"}],"replies":[{"embeddable":true,"href":"https:\/\/izglitiba.valmierasnovads.lv\/v2v\/wp-json\/wp\/v2\/comments?post=328"}],"version-history":[{"count":2,"href":"https:\/\/izglitiba.valmierasnovads.lv\/v2v\/wp-json\/wp\/v2\/pages\/328\/revisions"}],"predecessor-version":[{"id":339,"href":"https:\/\/izglitiba.valmierasnovads.lv\/v2v\/wp-json\/wp\/v2\/pages\/328\/revisions\/339"}],"wp:attachment":[{"href":"https:\/\/izglitiba.valmierasnovads.lv\/v2v\/wp-json\/wp\/v2\/media?parent=328"}],"curies":[{"name":"wp","href":"https:\/\/api.w.org\/{rel}","templated":true}]}}