{"id":367,"date":"2025-09-08T19:05:25","date_gmt":"2025-09-08T16:05:25","guid":{"rendered":"https:\/\/izglitiba.valmierasnovads.lv\/valmieras2vidusskola\/?page_id=367"},"modified":"2025-10-10T07:55:15","modified_gmt":"2025-10-10T04:55:15","slug":"skolas-nevalstiska-organizacija","status":"publish","type":"page","link":"https:\/\/izglitiba.valmierasnovads.lv\/v2v\/skolas-nevalstiska-organizacija\/","title":{"rendered":"Skolas nevalstisk\u0101 organiz\u0101cija"},"content":{"rendered":"\n<p>Nevalstisk\u0101 organiz\u0101cija \u201eSVS atbalsta fonds\u201d<\/p>\n\n\n\n<p>Nevalstisk\u0101 organiz\u0101cija \u201eSVS atbalsta fonds\u201d ir nodibin\u0101jums, kur\u0161 darbojas no 27.05.2009.<\/p>\n\n\n\n<p>Nodibin\u0101juma darb\u012bbas m\u0113r\u0137i ir:<\/p>\n\n\n\n<ol class=\"wp-block-list\">\n<li>Valmieras 2. vidusskolas (turpm\u0101k tekst\u0101 \u2013 skola) un vec\u0101ku sadarb\u012bbas veicin\u0101\u0161ana;<\/li>\n\n\n\n<li>Skolas t\u0113la populariz\u0113\u0161ana sabiedr\u012bb\u0101;<\/li>\n\n\n\n<li>Skolas, skol\u0113nu, vec\u0101ku un sabiedr\u012bbas l\u012bdzdarb\u012bbas veicin\u0101\u0161ana;<\/li>\n\n\n\n<li>Skolas darb\u012bbas vispus\u0113ja att\u012bst\u012b\u0161ana.<\/li>\n<\/ol>\n\n\n\n<p>Nevalstisk\u0101s organiz\u0101cijas statuss \u013cauj SVS atbalsta fondam piedal\u012bties da\u017e\u0101da veida projektos, piesaist\u012bt l\u012bdzek\u013cus no visda\u017e\u0101d\u0101kiem avotiem, sa\u0146emt sponsoru un atbalst\u012bt\u0101ju pal\u012bdz\u012bbu.<\/p>\n\n\n\n<p>Da\u017ei no nodibin\u0101juma \u201cSVS atbalsta fonds\u201d realiz\u0113tiem projektiem un aktivit\u0101t\u0113m period\u0101 2018. \u2013 2021.:<\/p>\n\n\n\n<ul class=\"wp-block-list\">\n<li>2018.gads \u2013 Valmieras novada fonda projekts \u201cKapustnik\u201d<\/li>\n\n\n\n<li>2018.gads \u2013 Izgl\u012btojo\u0161\u0101 vasaras nometne \u201cJaunie dabas p\u0113tnieki\u201d<\/li>\n\n\n\n<li>2019. gads \u2013 Valmieras pils\u0113tas pa\u0161vald\u012bbas projekts \u201c\u0401\u2026\u043c\u043e\u0451\u201d<\/li>\n\n\n\n<li>2019. gads \u2013 Izgl\u012btojo\u0161\u0101 nometne s\u0101kumskolas klas\u0113m \u201cSTEM\u201d<\/li>\n\n\n\n<li>2020.gads \u2013 Valmieras novada fonda projekts \u201cV2V jaunie\u0161i \u2013 Latvijai\u201d<\/li>\n\n\n\n<li>2021.gads \u2013 Valmieras pils\u0113tas pa\u0161vald\u012bbas projekts \u201cTe un tagad\u201d<\/li>\n<\/ul>\n\n\n\n<p>Aicin\u0101m ar\u012b J\u016bs atbalst\u012bt Valmieras 2. vidusskolas r\u012bkotos pas\u0101kumus, sniegt pal\u012bdz\u012bbu skolai ar\u012b cit\u0101s jom\u0101s.<\/p>\n\n\n\n<p>L\u012bdzek\u013cus var p\u0101rskait\u012bt uz skolas nevalstisk\u0101s organiz\u0101cijas fondu \u201eSVS atbalsta fonds\u201d<\/p>\n\n\n\n<ul class=\"wp-block-list\">\n<li>Re\u0123istr\u0101cijas numurs 40008141262<\/li>\n\n\n\n<li>AS SEB banka<\/li>\n\n\n\n<li>Kods UNLALV2X<\/li>\n\n\n\n<li>LV11UNLA0050023358253<\/li>\n<\/ul>\n\n\n\n<p><strong>B\u016bsim pateic\u012bgi Jums par jebkuru J\u016bsu pal\u012bdz\u012bbu un atbalstu!<\/strong><\/p>\n\n\n\n<p>S\u012bk\u0101ku inform\u0101ciju var uzzin\u0101t: <a href=\"mailto:andrejs.gluhovs@gmail.com\">andrejs.gluhovs@gmail.com<\/a><\/p>\n\n\n\n<p><\/p>\n","protected":false},"excerpt":{"rendered":"<p>Nevalstisk\u0101 organiz\u0101cija \u201eSVS atbalsta fonds\u201d Nevalstisk\u0101 organiz\u0101cija \u201eSVS atbalsta fonds\u201d ir nodibin\u0101jums, kur\u0161 darbojas no 27.05.2009. Nodibin\u0101juma darb\u012bbas m\u0113r\u0137i ir: [&hellip;]<\/p>\n","protected":false},"author":20,"featured_media":0,"parent":0,"menu_order":0,"comment_status":"closed","ping_status":"closed","template":"","meta":{"_acf_changed":false,"site-sidebar-layout":"default","site-content-layout":"","ast-site-content-layout":"default","site-content-style":"default","site-sidebar-style":"default","ast-global-header-display":"","ast-banner-title-visibility":"","ast-main-header-display":"","ast-hfb-above-header-display":"","ast-hfb-below-header-display":"","ast-hfb-mobile-header-display":"","site-post-title":"","ast-breadcrumbs-content":"","ast-featured-img":"","footer-sml-layout":"","ast-disable-related-posts":"","theme-transparent-header-meta":"","adv-header-id-meta":"","stick-header-meta":"","header-above-stick-meta":"","header-main-stick-meta":"","header-below-stick-meta":"","astra-migrate-meta-layouts":"default","ast-page-background-enabled":"default","ast-page-background-meta":{"desktop":{"background-color":"var(--ast-global-color-5)","background-image":"","background-repeat":"repeat","background-position":"center center","background-size":"auto","background-attachment":"scroll","background-type":"","background-media":"","overlay-type":"","overlay-color":"","overlay-opacity":"","overlay-gradient":""},"tablet":{"background-color":"","background-image":"","background-repeat":"repeat","background-position":"center center","background-size":"auto","background-attachment":"scroll","background-type":"","background-media":"","overlay-type":"","overlay-color":"","overlay-opacity":"","overlay-gradient":""},"mobile":{"background-color":"","background-image":"","background-repeat":"repeat","background-position":"center center","background-size":"auto","background-attachment":"scroll","background-type":"","background-media":"","overlay-type":"","overlay-color":"","overlay-opacity":"","overlay-gradient":""}},"ast-content-background-meta":{"desktop":{"background-color":"var(--ast-global-color-4)","background-image":"","background-repeat":"repeat","background-position":"center center","background-size":"auto","background-attachment":"scroll","background-type":"","background-media":"","overlay-type":"","overlay-color":"","overlay-opacity":"","overlay-gradient":""},"tablet":{"background-color":"var(--ast-global-color-4)","background-image":"","background-repeat":"repeat","background-position":"center center","background-size":"auto","background-attachment":"scroll","background-type":"","background-media":"","overlay-type":"","overlay-color":"","overlay-opacity":"","overlay-gradient":""},"mobile":{"background-color":"var(--ast-global-color-4)","background-image":"","background-repeat":"repeat","background-position":"center center","background-size":"auto","background-attachment":"scroll","background-type":"","background-media":"","overlay-type":"","overlay-color":"","overlay-opacity":"","overlay-gradient":""}},"footnotes":""},"class_list":["post-367","page","type-page","status-publish","hentry"],"acf":[],"yoast_head":"<!-- This site is optimized with the Yoast SEO plugin v27.0 - https:\/\/yoast.com\/product\/yoast-seo-wordpress\/ -->\n<title>Skolas nevalstisk\u0101 organiz\u0101cija - Valmieras 2. vidusskola<\/title>\n<meta name=\"robots\" content=\"index, follow, max-snippet:-1, max-image-preview:large, max-video-preview:-1\" \/>\n<link rel=\"canonical\" href=\"https:\/\/izglitiba.valmierasnovads.lv\/v2v\/skolas-nevalstiska-organizacija\/\" \/>\n<meta property=\"og:locale\" content=\"lv_LV\" \/>\n<meta property=\"og:type\" content=\"article\" \/>\n<meta property=\"og:title\" content=\"Skolas nevalstisk\u0101 organiz\u0101cija - Valmieras 2. vidusskola\" \/>\n<meta property=\"og:description\" content=\"Nevalstisk\u0101 organiz\u0101cija \u201eSVS atbalsta fonds\u201d Nevalstisk\u0101 organiz\u0101cija \u201eSVS atbalsta fonds\u201d ir nodibin\u0101jums, kur\u0161 darbojas no 27.05.2009. Nodibin\u0101juma darb\u012bbas m\u0113r\u0137i ir: [&hellip;]\" \/>\n<meta property=\"og:url\" content=\"https:\/\/izglitiba.valmierasnovads.lv\/v2v\/skolas-nevalstiska-organizacija\/\" \/>\n<meta property=\"og:site_name\" content=\"Valmieras 2. vidusskola\" \/>\n<meta property=\"article:modified_time\" content=\"2025-10-10T04:55:15+00:00\" \/>\n<meta name=\"twitter:card\" content=\"summary_large_image\" \/>\n<meta name=\"twitter:label1\" content=\"Est. reading time\" \/>\n\t<meta name=\"twitter:data1\" content=\"1 min\u016bte\" \/>\n<script type=\"application\/ld+json\" class=\"yoast-schema-graph\">{\"@context\":\"https:\/\/schema.org\",\"@graph\":[{\"@type\":\"WebPage\",\"@id\":\"https:\/\/izglitiba.valmierasnovads.lv\/v2v\/skolas-nevalstiska-organizacija\/\",\"url\":\"https:\/\/izglitiba.valmierasnovads.lv\/v2v\/skolas-nevalstiska-organizacija\/\",\"name\":\"Skolas nevalstisk\u0101 organiz\u0101cija - Valmieras 2. vidusskola\",\"isPartOf\":{\"@id\":\"https:\/\/izglitiba.valmierasnovads.lv\/v2v\/#website\"},\"datePublished\":\"2025-09-08T16:05:25+00:00\",\"dateModified\":\"2025-10-10T04:55:15+00:00\",\"breadcrumb\":{\"@id\":\"https:\/\/izglitiba.valmierasnovads.lv\/v2v\/skolas-nevalstiska-organizacija\/#breadcrumb\"},\"inLanguage\":\"lv-LV\",\"potentialAction\":[{\"@type\":\"ReadAction\",\"target\":[\"https:\/\/izglitiba.valmierasnovads.lv\/v2v\/skolas-nevalstiska-organizacija\/\"]}]},{\"@type\":\"BreadcrumbList\",\"@id\":\"https:\/\/izglitiba.valmierasnovads.lv\/v2v\/skolas-nevalstiska-organizacija\/#breadcrumb\",\"itemListElement\":[{\"@type\":\"ListItem\",\"position\":1,\"name\":\"Home\",\"item\":\"https:\/\/izglitiba.valmierasnovads.lv\/v2v\/\"},{\"@type\":\"ListItem\",\"position\":2,\"name\":\"Skolas nevalstisk\u0101 organiz\u0101cija\"}]},{\"@type\":\"WebSite\",\"@id\":\"https:\/\/izglitiba.valmierasnovads.lv\/v2v\/#website\",\"url\":\"https:\/\/izglitiba.valmierasnovads.lv\/v2v\/\",\"name\":\"Valmieras 2. vidusskola\",\"description\":\"\",\"publisher\":{\"@id\":\"https:\/\/izglitiba.valmierasnovads.lv\/v2v\/#organization\"},\"potentialAction\":[{\"@type\":\"SearchAction\",\"target\":{\"@type\":\"EntryPoint\",\"urlTemplate\":\"https:\/\/izglitiba.valmierasnovads.lv\/v2v\/?s={search_term_string}\"},\"query-input\":{\"@type\":\"PropertyValueSpecification\",\"valueRequired\":true,\"valueName\":\"search_term_string\"}}],\"inLanguage\":\"lv-LV\"},{\"@type\":\"Organization\",\"@id\":\"https:\/\/izglitiba.valmierasnovads.lv\/v2v\/#organization\",\"name\":\"Valmieras 2. vidusskola\",\"url\":\"https:\/\/izglitiba.valmierasnovads.lv\/v2v\/\",\"logo\":{\"@type\":\"ImageObject\",\"inLanguage\":\"lv-LV\",\"@id\":\"https:\/\/izglitiba.valmierasnovads.lv\/v2v\/#\/schema\/logo\/image\/\",\"url\":\"https:\/\/izglitiba.valmierasnovads.lv\/v2v\/wp-content\/uploads\/sites\/23\/2025\/04\/cropped-V2VSK-logo-PNG-1-1.png\",\"contentUrl\":\"https:\/\/izglitiba.valmierasnovads.lv\/v2v\/wp-content\/uploads\/sites\/23\/2025\/04\/cropped-V2VSK-logo-PNG-1-1.png\",\"width\":2111,\"height\":1310,\"caption\":\"Valmieras 2. vidusskola\"},\"image\":{\"@id\":\"https:\/\/izglitiba.valmierasnovads.lv\/v2v\/#\/schema\/logo\/image\/\"}}]}<\/script>\n<!-- \/ Yoast SEO plugin. -->","yoast_head_json":{"title":"Skolas nevalstisk\u0101 organiz\u0101cija - Valmieras 2. vidusskola","robots":{"index":"index","follow":"follow","max-snippet":"max-snippet:-1","max-image-preview":"max-image-preview:large","max-video-preview":"max-video-preview:-1"},"canonical":"https:\/\/izglitiba.valmierasnovads.lv\/v2v\/skolas-nevalstiska-organizacija\/","og_locale":"lv_LV","og_type":"article","og_title":"Skolas nevalstisk\u0101 organiz\u0101cija - Valmieras 2. vidusskola","og_description":"Nevalstisk\u0101 organiz\u0101cija \u201eSVS atbalsta fonds\u201d Nevalstisk\u0101 organiz\u0101cija \u201eSVS atbalsta fonds\u201d ir nodibin\u0101jums, kur\u0161 darbojas no 27.05.2009. Nodibin\u0101juma darb\u012bbas m\u0113r\u0137i ir: [&hellip;]","og_url":"https:\/\/izglitiba.valmierasnovads.lv\/v2v\/skolas-nevalstiska-organizacija\/","og_site_name":"Valmieras 2. vidusskola","article_modified_time":"2025-10-10T04:55:15+00:00","twitter_card":"summary_large_image","twitter_misc":{"Est. reading time":"1 min\u016bte"},"schema":{"@context":"https:\/\/schema.org","@graph":[{"@type":"WebPage","@id":"https:\/\/izglitiba.valmierasnovads.lv\/v2v\/skolas-nevalstiska-organizacija\/","url":"https:\/\/izglitiba.valmierasnovads.lv\/v2v\/skolas-nevalstiska-organizacija\/","name":"Skolas nevalstisk\u0101 organiz\u0101cija - Valmieras 2. vidusskola","isPartOf":{"@id":"https:\/\/izglitiba.valmierasnovads.lv\/v2v\/#website"},"datePublished":"2025-09-08T16:05:25+00:00","dateModified":"2025-10-10T04:55:15+00:00","breadcrumb":{"@id":"https:\/\/izglitiba.valmierasnovads.lv\/v2v\/skolas-nevalstiska-organizacija\/#breadcrumb"},"inLanguage":"lv-LV","potentialAction":[{"@type":"ReadAction","target":["https:\/\/izglitiba.valmierasnovads.lv\/v2v\/skolas-nevalstiska-organizacija\/"]}]},{"@type":"BreadcrumbList","@id":"https:\/\/izglitiba.valmierasnovads.lv\/v2v\/skolas-nevalstiska-organizacija\/#breadcrumb","itemListElement":[{"@type":"ListItem","position":1,"name":"Home","item":"https:\/\/izglitiba.valmierasnovads.lv\/v2v\/"},{"@type":"ListItem","position":2,"name":"Skolas nevalstisk\u0101 organiz\u0101cija"}]},{"@type":"WebSite","@id":"https:\/\/izglitiba.valmierasnovads.lv\/v2v\/#website","url":"https:\/\/izglitiba.valmierasnovads.lv\/v2v\/","name":"Valmieras 2. vidusskola","description":"","publisher":{"@id":"https:\/\/izglitiba.valmierasnovads.lv\/v2v\/#organization"},"potentialAction":[{"@type":"SearchAction","target":{"@type":"EntryPoint","urlTemplate":"https:\/\/izglitiba.valmierasnovads.lv\/v2v\/?s={search_term_string}"},"query-input":{"@type":"PropertyValueSpecification","valueRequired":true,"valueName":"search_term_string"}}],"inLanguage":"lv-LV"},{"@type":"Organization","@id":"https:\/\/izglitiba.valmierasnovads.lv\/v2v\/#organization","name":"Valmieras 2. vidusskola","url":"https:\/\/izglitiba.valmierasnovads.lv\/v2v\/","logo":{"@type":"ImageObject","inLanguage":"lv-LV","@id":"https:\/\/izglitiba.valmierasnovads.lv\/v2v\/#\/schema\/logo\/image\/","url":"https:\/\/izglitiba.valmierasnovads.lv\/v2v\/wp-content\/uploads\/sites\/23\/2025\/04\/cropped-V2VSK-logo-PNG-1-1.png","contentUrl":"https:\/\/izglitiba.valmierasnovads.lv\/v2v\/wp-content\/uploads\/sites\/23\/2025\/04\/cropped-V2VSK-logo-PNG-1-1.png","width":2111,"height":1310,"caption":"Valmieras 2. vidusskola"},"image":{"@id":"https:\/\/izglitiba.valmierasnovads.lv\/v2v\/#\/schema\/logo\/image\/"}}]}},"_links":{"self":[{"href":"https:\/\/izglitiba.valmierasnovads.lv\/v2v\/wp-json\/wp\/v2\/pages\/367","targetHints":{"allow":["GET"]}}],"collection":[{"href":"https:\/\/izglitiba.valmierasnovads.lv\/v2v\/wp-json\/wp\/v2\/pages"}],"about":[{"href":"https:\/\/izglitiba.valmierasnovads.lv\/v2v\/wp-json\/wp\/v2\/types\/page"}],"author":[{"embeddable":true,"href":"https:\/\/izglitiba.valmierasnovads.lv\/v2v\/wp-json\/wp\/v2\/users\/20"}],"replies":[{"embeddable":true,"href":"https:\/\/izglitiba.valmierasnovads.lv\/v2v\/wp-json\/wp\/v2\/comments?post=367"}],"version-history":[{"count":1,"href":"https:\/\/izglitiba.valmierasnovads.lv\/v2v\/wp-json\/wp\/v2\/pages\/367\/revisions"}],"predecessor-version":[{"id":368,"href":"https:\/\/izglitiba.valmierasnovads.lv\/v2v\/wp-json\/wp\/v2\/pages\/367\/revisions\/368"}],"wp:attachment":[{"href":"https:\/\/izglitiba.valmierasnovads.lv\/v2v\/wp-json\/wp\/v2\/media?parent=367"}],"curies":[{"name":"wp","href":"https:\/\/api.w.org\/{rel}","templated":true}]}}