{"id":647,"date":"2025-10-20T17:22:09","date_gmt":"2025-10-20T14:22:09","guid":{"rendered":"https:\/\/izglitiba.valmierasnovads.lv\/v2v\/?page_id=647"},"modified":"2025-10-20T17:31:55","modified_gmt":"2025-10-20T14:31:55","slug":"iestajies-7-klase","status":"publish","type":"page","link":"https:\/\/izglitiba.valmierasnovads.lv\/v2v\/iestajies-7-klase\/","title":{"rendered":"Iest\u0101jies 7.klas\u0113"},"content":{"rendered":"\n<figure class=\"wp-block-image size-large is-resized\"><img loading=\"lazy\" decoding=\"async\" width=\"974\" height=\"1024\" src=\"https:\/\/izglitiba.valmierasnovads.lv\/v2v\/wp-content\/uploads\/sites\/23\/2025\/10\/7_2026-974x1024.jpg\" alt=\"\" class=\"wp-image-650\" style=\"width:562px;height:auto\" srcset=\"https:\/\/izglitiba.valmierasnovads.lv\/v2v\/wp-content\/uploads\/sites\/23\/2025\/10\/7_2026-974x1024.jpg 974w, https:\/\/izglitiba.valmierasnovads.lv\/v2v\/wp-content\/uploads\/sites\/23\/2025\/10\/7_2026-285x300.jpg 285w, https:\/\/izglitiba.valmierasnovads.lv\/v2v\/wp-content\/uploads\/sites\/23\/2025\/10\/7_2026-768x807.jpg 768w, https:\/\/izglitiba.valmierasnovads.lv\/v2v\/wp-content\/uploads\/sites\/23\/2025\/10\/7_2026.jpg 1412w\" sizes=\"auto, (max-width: 974px) 100vw, 974px\" \/><\/figure>\n\n\n\n<p>2026.\/2027. m.g. skol\u0101 tiks komplekt\u0113tas divas klases, 7.A un 7.B.<\/p>\n\n\n\n<p>Dokumentu pie\u0146em\u0161ana 1.-5.j\u016bnij\u0101, no plkst.8.00-15.00, 8.-12.j\u016bnij\u0101, no plkst.8.00-15.00.<\/p>\n\n\n\n<p><strong>P\u0113c 12.j\u016bnija&nbsp; (katru darba dienu no plkst.9.00-15.00, jeb vienojoties individu\u0101li 642 81559)<\/strong><\/p>\n\n\n\n<a style=\"color: #333;line-height: 1.2;text-decoration: none;padding: 0;font-weight: normal\" href=\"https:\/\/read.bookcreator.com\/37ZbYo2gLHf1HKE9UqAM9jBg9kQ2\/LV0a9BmaTuWK7ntiwgXCAQ\" target=\"_blank\" rel=\"noopener noreferrer\"><img decoding=\"async\" style=\"max-height: 500px;max-width: 100%;margin: 0 auto;padding: 0;border: none\" src=\"https:\/\/assets.api.bookcreator.com\/37ZbYo2gLHf1HKE9UqAM9jBg9kQ2\/books\/LV0a9BmaTuWK7ntiwgXCAQ\/cover\/share\" alt=\"25-avizeNr1\" \/><\/a>\n<div style=\"padding: 20px;overflow: hidden;border-top: 1px solid #ddd\">\n<div style=\"color: #333;line-height: 1.2;text-decoration: none;padding: 0;font-weight: normal;font-size: 21px;margin: 0 0 0.25em\"><a style=\"color: #333;line-height: 1.2;text-decoration: none;padding: 0;font-weight: normal\" href=\"https:\/\/read.bookcreator.com\/37ZbYo2gLHf1HKE9UqAM9jBg9kQ2\/LV0a9BmaTuWK7ntiwgXCAQ\" target=\"_blank\" rel=\"noopener noreferrer\">25-avizeNr1<\/a><\/div>\n<div style=\"color: #333;line-height: 1.2;text-decoration: none;padding: 0;font-weight: normal;font-size: 16px;margin: 0 0 0.5em\"><a style=\"color: #333;line-height: 1.2;text-decoration: none;padding: 0;font-weight: normal\" href=\"https:\/\/read.bookcreator.com\/37ZbYo2gLHf1HKE9UqAM9jBg9kQ2\/LV0a9BmaTuWK7ntiwgXCAQ\" target=\"_blank\" rel=\"noopener noreferrer\">Click to read this book, made with Book Creator<\/a><\/div>\n<div style=\"color: #455a64;line-height: 1.2;text-decoration: none;padding: 0;font-weight: bold;overflow: hidden;font-size: 14px\"><a style=\"color: #333;line-height: 1.2;text-decoration: none;padding: 0;font-weight: normal\" href=\"https:\/\/read.bookcreator.com\/37ZbYo2gLHf1HKE9UqAM9jBg9kQ2\/LV0a9BmaTuWK7ntiwgXCAQ\" target=\"_blank\" rel=\"noopener noreferrer\">app.bookcreator.com<\/a><\/div>\n<\/div>\n\n\n\n<figure class=\"wp-block-image size-full is-resized\"><img loading=\"lazy\" decoding=\"async\" width=\"300\" height=\"300\" src=\"https:\/\/izglitiba.valmierasnovads.lv\/v2v\/wp-content\/uploads\/sites\/23\/2025\/10\/absolvents.jpg\" alt=\"\" class=\"wp-image-649\" style=\"width:277px;height:auto\" srcset=\"https:\/\/izglitiba.valmierasnovads.lv\/v2v\/wp-content\/uploads\/sites\/23\/2025\/10\/absolvents.jpg 300w, https:\/\/izglitiba.valmierasnovads.lv\/v2v\/wp-content\/uploads\/sites\/23\/2025\/10\/absolvents-150x150.jpg 150w\" sizes=\"auto, (max-width: 300px) 100vw, 300px\" \/><\/figure>\n\n\n<style>.kb-table-container647_afe721-9c{overflow-x:auto;}.kb-table-container .kb-table647_afe721-9c th{padding-top:var(--global-kb-spacing-xxs, 0.5rem);padding-right:var(--global-kb-spacing-xxs, 0.5rem);padding-bottom:var(--global-kb-spacing-xxs, 0.5rem);padding-left:var(--global-kb-spacing-xxs, 0.5rem);text-align:center;}.kb-table-container .kb-table647_afe721-9c caption{text-align:center;}.kb-table-container .kb-table647_afe721-9c td{padding-top:var(--global-kb-spacing-xxs, 0.5rem);padding-right:var(--global-kb-spacing-xxs, 0.5rem);padding-bottom:var(--global-kb-spacing-xxs, 0.5rem);padding-left:var(--global-kb-spacing-xxs, 0.5rem);text-align:left;}<\/style><div class=\"kb-table-container kb-table-container647_afe721-9c wp-block-kadence-table\"><table class=\"kb-table kb-table647_afe721-9c\">\n<tr class=\"kb-table-row kb-table-row647_2f21bc-d0\">\n<td class=\"kb-table-data kb-table-data647_f6ef2d-4a\">\n\n<p>Izgl\u012bt\u012bbas programma 1.-9.klas\u0113s<br>*Programmas akredit\u0113tas l\u012bdz 01.01.2026 .<\/p>\n\n<\/647_f6ef2d-4a>\n\n<td class=\"kb-table-data kb-table-data647_8e7b6a-82\">\n\n<p>Pamatizgl\u012bt\u012bbas programma IP 21011111<br>Speci\u0101l\u0101s pamatizgl\u012bt\u012bbas programma izgl\u012btojamajiem ar m\u0101c\u012b\u0161an\u0101s trauc\u0113jumiem IP 21015611<\/p>\n\n<\/647_8e7b6a-82>\n<\/tr>\n<\/table><\/div>\n\n\n<blockquote class=\"wp-block-quote is-layout-flow wp-block-quote-is-layout-flow\">\n<p><strong>Ja rodas jaut\u0101jumi, dro\u0161i uzdod tos:<\/strong> +371 642 07543, +371 642 81559, v2v@valmiera.edu.lv<\/p>\n<\/blockquote>\n\n\n\n<blockquote class=\"wp-block-quote is-layout-flow wp-block-quote-is-layout-flow\">\n<p><strong>Iesniedzamie dokumenti:<\/strong><\/p>\n\n\n\n<p>\u2192 skol\u0113na vec\u0101ka (aizbild\u0146a) aizpild\u012bta iesnieguma veidlapa,<\/p>\n\n\n\n<p>\u2192 liec\u012bbas kopija par 4,. 5., 6.klasi, uzr\u0101dot ori\u0123in\u0101lu,<\/p>\n\n\n\n<p>\u2192 Valsts Pedago\u0123isk\u0101s medic\u012bnisk\u0101s komisijas atzinums (ja attiec\u0101s),<\/p>\n\n\n\n<p>\u2192 dzim\u0161anas apliec\u012bbas kopija, uzr\u0101dot ori\u0123in\u0101lu,<\/p>\n\n\n\n<p>\u2192 fotograf\u0113\u0161an\u0101s uz vietas (skol\u0113nu apliec\u012bbai),<\/p>\n\n\n\n<p>\u2192 bibliot\u0113kas galvojums,<\/p>\n\n\n\n<p>\u2192 apliecin\u0101jumu par fotogr\u0101fiju un videomateri\u0101lu izmanto\u0161anu<\/p>\n<\/blockquote>\n\n\n\n<p><\/p>\n","protected":false},"excerpt":{"rendered":"<p>2026.\/2027. m.g. skol\u0101 tiks komplekt\u0113tas divas klases, 7.A un 7.B. Dokumentu pie\u0146em\u0161ana 1.-5.j\u016bnij\u0101, no plkst.8.00-15.00, 8.-12.j\u016bnij\u0101, no plkst.8.00-15.00. P\u0113c 12.j\u016bnija&nbsp; [&hellip;]<\/p>\n","protected":false},"author":21,"featured_media":0,"parent":0,"menu_order":0,"comment_status":"closed","ping_status":"closed","template":"","meta":{"_acf_changed":false,"site-sidebar-layout":"default","site-content-layout":"","ast-site-content-layout":"default","site-content-style":"default","site-sidebar-style":"default","ast-global-header-display":"","ast-banner-title-visibility":"","ast-main-header-display":"","ast-hfb-above-header-display":"","ast-hfb-below-header-display":"","ast-hfb-mobile-header-display":"","site-post-title":"","ast-breadcrumbs-content":"","ast-featured-img":"","footer-sml-layout":"","ast-disable-related-posts":"","theme-transparent-header-meta":"","adv-header-id-meta":"","stick-header-meta":"","header-above-stick-meta":"","header-main-stick-meta":"","header-below-stick-meta":"","astra-migrate-meta-layouts":"default","ast-page-background-enabled":"default","ast-page-background-meta":{"desktop":{"background-color":"var(--ast-global-color-5)","background-image":"","background-repeat":"repeat","background-position":"center center","background-size":"auto","background-attachment":"scroll","background-type":"","background-media":"","overlay-type":"","overlay-color":"","overlay-opacity":"","overlay-gradient":""},"tablet":{"background-color":"","background-image":"","background-repeat":"repeat","background-position":"center center","background-size":"auto","background-attachment":"scroll","background-type":"","background-media":"","overlay-type":"","overlay-color":"","overlay-opacity":"","overlay-gradient":""},"mobile":{"background-color":"","background-image":"","background-repeat":"repeat","background-position":"center center","background-size":"auto","background-attachment":"scroll","background-type":"","background-media":"","overlay-type":"","overlay-color":"","overlay-opacity":"","overlay-gradient":""}},"ast-content-background-meta":{"desktop":{"background-color":"var(--ast-global-color-4)","background-image":"","background-repeat":"repeat","background-position":"center center","background-size":"auto","background-attachment":"scroll","background-type":"","background-media":"","overlay-type":"","overlay-color":"","overlay-opacity":"","overlay-gradient":""},"tablet":{"background-color":"var(--ast-global-color-4)","background-image":"","background-repeat":"repeat","background-position":"center center","background-size":"auto","background-attachment":"scroll","background-type":"","background-media":"","overlay-type":"","overlay-color":"","overlay-opacity":"","overlay-gradient":""},"mobile":{"background-color":"var(--ast-global-color-4)","background-image":"","background-repeat":"repeat","background-position":"center center","background-size":"auto","background-attachment":"scroll","background-type":"","background-media":"","overlay-type":"","overlay-color":"","overlay-opacity":"","overlay-gradient":""}},"footnotes":""},"class_list":["post-647","page","type-page","status-publish","hentry"],"acf":[],"yoast_head":"<!-- This site is optimized with the Yoast SEO plugin v27.0 - https:\/\/yoast.com\/product\/yoast-seo-wordpress\/ -->\n<title>Iest\u0101jies 7.klas\u0113 - Valmieras 2. vidusskola<\/title>\n<meta name=\"robots\" content=\"index, follow, max-snippet:-1, max-image-preview:large, max-video-preview:-1\" \/>\n<link rel=\"canonical\" href=\"https:\/\/izglitiba.valmierasnovads.lv\/v2v\/iestajies-7-klase\/\" \/>\n<meta property=\"og:locale\" content=\"lv_LV\" \/>\n<meta property=\"og:type\" content=\"article\" \/>\n<meta property=\"og:title\" content=\"Iest\u0101jies 7.klas\u0113 - Valmieras 2. vidusskola\" \/>\n<meta property=\"og:description\" content=\"2026.\/2027. m.g. skol\u0101 tiks komplekt\u0113tas divas klases, 7.A un 7.B. Dokumentu pie\u0146em\u0161ana 1.-5.j\u016bnij\u0101, no plkst.8.00-15.00, 8.-12.j\u016bnij\u0101, no plkst.8.00-15.00. P\u0113c 12.j\u016bnija&nbsp; [&hellip;]\" \/>\n<meta property=\"og:url\" content=\"https:\/\/izglitiba.valmierasnovads.lv\/v2v\/iestajies-7-klase\/\" \/>\n<meta property=\"og:site_name\" content=\"Valmieras 2. vidusskola\" \/>\n<meta property=\"article:modified_time\" content=\"2025-10-20T14:31:55+00:00\" \/>\n<meta property=\"og:image\" content=\"https:\/\/izglitiba.valmierasnovads.lv\/v2v\/wp-content\/uploads\/sites\/23\/2025\/10\/7_2026.jpg\" \/>\n\t<meta property=\"og:image:width\" content=\"1412\" \/>\n\t<meta property=\"og:image:height\" content=\"1484\" \/>\n\t<meta property=\"og:image:type\" content=\"image\/jpeg\" \/>\n<meta name=\"twitter:card\" content=\"summary_large_image\" \/>\n<meta name=\"twitter:label1\" content=\"Est. reading time\" \/>\n\t<meta name=\"twitter:data1\" content=\"1 min\u016bte\" \/>\n<script type=\"application\/ld+json\" class=\"yoast-schema-graph\">{\"@context\":\"https:\/\/schema.org\",\"@graph\":[{\"@type\":\"WebPage\",\"@id\":\"https:\/\/izglitiba.valmierasnovads.lv\/v2v\/iestajies-7-klase\/\",\"url\":\"https:\/\/izglitiba.valmierasnovads.lv\/v2v\/iestajies-7-klase\/\",\"name\":\"Iest\u0101jies 7.klas\u0113 - Valmieras 2. vidusskola\",\"isPartOf\":{\"@id\":\"https:\/\/izglitiba.valmierasnovads.lv\/v2v\/#website\"},\"primaryImageOfPage\":{\"@id\":\"https:\/\/izglitiba.valmierasnovads.lv\/v2v\/iestajies-7-klase\/#primaryimage\"},\"image\":{\"@id\":\"https:\/\/izglitiba.valmierasnovads.lv\/v2v\/iestajies-7-klase\/#primaryimage\"},\"thumbnailUrl\":\"https:\/\/izglitiba.valmierasnovads.lv\/v2v\/wp-content\/uploads\/sites\/23\/2025\/10\/7_2026-974x1024.jpg\",\"datePublished\":\"2025-10-20T14:22:09+00:00\",\"dateModified\":\"2025-10-20T14:31:55+00:00\",\"breadcrumb\":{\"@id\":\"https:\/\/izglitiba.valmierasnovads.lv\/v2v\/iestajies-7-klase\/#breadcrumb\"},\"inLanguage\":\"lv-LV\",\"potentialAction\":[{\"@type\":\"ReadAction\",\"target\":[\"https:\/\/izglitiba.valmierasnovads.lv\/v2v\/iestajies-7-klase\/\"]}]},{\"@type\":\"ImageObject\",\"inLanguage\":\"lv-LV\",\"@id\":\"https:\/\/izglitiba.valmierasnovads.lv\/v2v\/iestajies-7-klase\/#primaryimage\",\"url\":\"https:\/\/izglitiba.valmierasnovads.lv\/v2v\/wp-content\/uploads\/sites\/23\/2025\/10\/7_2026.jpg\",\"contentUrl\":\"https:\/\/izglitiba.valmierasnovads.lv\/v2v\/wp-content\/uploads\/sites\/23\/2025\/10\/7_2026.jpg\",\"width\":1412,\"height\":1484},{\"@type\":\"BreadcrumbList\",\"@id\":\"https:\/\/izglitiba.valmierasnovads.lv\/v2v\/iestajies-7-klase\/#breadcrumb\",\"itemListElement\":[{\"@type\":\"ListItem\",\"position\":1,\"name\":\"Home\",\"item\":\"https:\/\/izglitiba.valmierasnovads.lv\/v2v\/\"},{\"@type\":\"ListItem\",\"position\":2,\"name\":\"Iest\u0101jies 7.klas\u0113\"}]},{\"@type\":\"WebSite\",\"@id\":\"https:\/\/izglitiba.valmierasnovads.lv\/v2v\/#website\",\"url\":\"https:\/\/izglitiba.valmierasnovads.lv\/v2v\/\",\"name\":\"Valmieras 2. vidusskola\",\"description\":\"\",\"publisher\":{\"@id\":\"https:\/\/izglitiba.valmierasnovads.lv\/v2v\/#organization\"},\"potentialAction\":[{\"@type\":\"SearchAction\",\"target\":{\"@type\":\"EntryPoint\",\"urlTemplate\":\"https:\/\/izglitiba.valmierasnovads.lv\/v2v\/?s={search_term_string}\"},\"query-input\":{\"@type\":\"PropertyValueSpecification\",\"valueRequired\":true,\"valueName\":\"search_term_string\"}}],\"inLanguage\":\"lv-LV\"},{\"@type\":\"Organization\",\"@id\":\"https:\/\/izglitiba.valmierasnovads.lv\/v2v\/#organization\",\"name\":\"Valmieras 2. vidusskola\",\"url\":\"https:\/\/izglitiba.valmierasnovads.lv\/v2v\/\",\"logo\":{\"@type\":\"ImageObject\",\"inLanguage\":\"lv-LV\",\"@id\":\"https:\/\/izglitiba.valmierasnovads.lv\/v2v\/#\/schema\/logo\/image\/\",\"url\":\"https:\/\/izglitiba.valmierasnovads.lv\/v2v\/wp-content\/uploads\/sites\/23\/2025\/04\/cropped-V2VSK-logo-PNG-1-1.png\",\"contentUrl\":\"https:\/\/izglitiba.valmierasnovads.lv\/v2v\/wp-content\/uploads\/sites\/23\/2025\/04\/cropped-V2VSK-logo-PNG-1-1.png\",\"width\":2111,\"height\":1310,\"caption\":\"Valmieras 2. vidusskola\"},\"image\":{\"@id\":\"https:\/\/izglitiba.valmierasnovads.lv\/v2v\/#\/schema\/logo\/image\/\"}}]}<\/script>\n<!-- \/ Yoast SEO plugin. -->","yoast_head_json":{"title":"Iest\u0101jies 7.klas\u0113 - Valmieras 2. vidusskola","robots":{"index":"index","follow":"follow","max-snippet":"max-snippet:-1","max-image-preview":"max-image-preview:large","max-video-preview":"max-video-preview:-1"},"canonical":"https:\/\/izglitiba.valmierasnovads.lv\/v2v\/iestajies-7-klase\/","og_locale":"lv_LV","og_type":"article","og_title":"Iest\u0101jies 7.klas\u0113 - Valmieras 2. vidusskola","og_description":"2026.\/2027. m.g. skol\u0101 tiks komplekt\u0113tas divas klases, 7.A un 7.B. Dokumentu pie\u0146em\u0161ana 1.-5.j\u016bnij\u0101, no plkst.8.00-15.00, 8.-12.j\u016bnij\u0101, no plkst.8.00-15.00. P\u0113c 12.j\u016bnija&nbsp; [&hellip;]","og_url":"https:\/\/izglitiba.valmierasnovads.lv\/v2v\/iestajies-7-klase\/","og_site_name":"Valmieras 2. vidusskola","article_modified_time":"2025-10-20T14:31:55+00:00","og_image":[{"width":1412,"height":1484,"url":"https:\/\/izglitiba.valmierasnovads.lv\/v2v\/wp-content\/uploads\/sites\/23\/2025\/10\/7_2026.jpg","type":"image\/jpeg"}],"twitter_card":"summary_large_image","twitter_misc":{"Est. reading time":"1 min\u016bte"},"schema":{"@context":"https:\/\/schema.org","@graph":[{"@type":"WebPage","@id":"https:\/\/izglitiba.valmierasnovads.lv\/v2v\/iestajies-7-klase\/","url":"https:\/\/izglitiba.valmierasnovads.lv\/v2v\/iestajies-7-klase\/","name":"Iest\u0101jies 7.klas\u0113 - Valmieras 2. vidusskola","isPartOf":{"@id":"https:\/\/izglitiba.valmierasnovads.lv\/v2v\/#website"},"primaryImageOfPage":{"@id":"https:\/\/izglitiba.valmierasnovads.lv\/v2v\/iestajies-7-klase\/#primaryimage"},"image":{"@id":"https:\/\/izglitiba.valmierasnovads.lv\/v2v\/iestajies-7-klase\/#primaryimage"},"thumbnailUrl":"https:\/\/izglitiba.valmierasnovads.lv\/v2v\/wp-content\/uploads\/sites\/23\/2025\/10\/7_2026-974x1024.jpg","datePublished":"2025-10-20T14:22:09+00:00","dateModified":"2025-10-20T14:31:55+00:00","breadcrumb":{"@id":"https:\/\/izglitiba.valmierasnovads.lv\/v2v\/iestajies-7-klase\/#breadcrumb"},"inLanguage":"lv-LV","potentialAction":[{"@type":"ReadAction","target":["https:\/\/izglitiba.valmierasnovads.lv\/v2v\/iestajies-7-klase\/"]}]},{"@type":"ImageObject","inLanguage":"lv-LV","@id":"https:\/\/izglitiba.valmierasnovads.lv\/v2v\/iestajies-7-klase\/#primaryimage","url":"https:\/\/izglitiba.valmierasnovads.lv\/v2v\/wp-content\/uploads\/sites\/23\/2025\/10\/7_2026.jpg","contentUrl":"https:\/\/izglitiba.valmierasnovads.lv\/v2v\/wp-content\/uploads\/sites\/23\/2025\/10\/7_2026.jpg","width":1412,"height":1484},{"@type":"BreadcrumbList","@id":"https:\/\/izglitiba.valmierasnovads.lv\/v2v\/iestajies-7-klase\/#breadcrumb","itemListElement":[{"@type":"ListItem","position":1,"name":"Home","item":"https:\/\/izglitiba.valmierasnovads.lv\/v2v\/"},{"@type":"ListItem","position":2,"name":"Iest\u0101jies 7.klas\u0113"}]},{"@type":"WebSite","@id":"https:\/\/izglitiba.valmierasnovads.lv\/v2v\/#website","url":"https:\/\/izglitiba.valmierasnovads.lv\/v2v\/","name":"Valmieras 2. vidusskola","description":"","publisher":{"@id":"https:\/\/izglitiba.valmierasnovads.lv\/v2v\/#organization"},"potentialAction":[{"@type":"SearchAction","target":{"@type":"EntryPoint","urlTemplate":"https:\/\/izglitiba.valmierasnovads.lv\/v2v\/?s={search_term_string}"},"query-input":{"@type":"PropertyValueSpecification","valueRequired":true,"valueName":"search_term_string"}}],"inLanguage":"lv-LV"},{"@type":"Organization","@id":"https:\/\/izglitiba.valmierasnovads.lv\/v2v\/#organization","name":"Valmieras 2. vidusskola","url":"https:\/\/izglitiba.valmierasnovads.lv\/v2v\/","logo":{"@type":"ImageObject","inLanguage":"lv-LV","@id":"https:\/\/izglitiba.valmierasnovads.lv\/v2v\/#\/schema\/logo\/image\/","url":"https:\/\/izglitiba.valmierasnovads.lv\/v2v\/wp-content\/uploads\/sites\/23\/2025\/04\/cropped-V2VSK-logo-PNG-1-1.png","contentUrl":"https:\/\/izglitiba.valmierasnovads.lv\/v2v\/wp-content\/uploads\/sites\/23\/2025\/04\/cropped-V2VSK-logo-PNG-1-1.png","width":2111,"height":1310,"caption":"Valmieras 2. vidusskola"},"image":{"@id":"https:\/\/izglitiba.valmierasnovads.lv\/v2v\/#\/schema\/logo\/image\/"}}]}},"_links":{"self":[{"href":"https:\/\/izglitiba.valmierasnovads.lv\/v2v\/wp-json\/wp\/v2\/pages\/647","targetHints":{"allow":["GET"]}}],"collection":[{"href":"https:\/\/izglitiba.valmierasnovads.lv\/v2v\/wp-json\/wp\/v2\/pages"}],"about":[{"href":"https:\/\/izglitiba.valmierasnovads.lv\/v2v\/wp-json\/wp\/v2\/types\/page"}],"author":[{"embeddable":true,"href":"https:\/\/izglitiba.valmierasnovads.lv\/v2v\/wp-json\/wp\/v2\/users\/21"}],"replies":[{"embeddable":true,"href":"https:\/\/izglitiba.valmierasnovads.lv\/v2v\/wp-json\/wp\/v2\/comments?post=647"}],"version-history":[{"count":10,"href":"https:\/\/izglitiba.valmierasnovads.lv\/v2v\/wp-json\/wp\/v2\/pages\/647\/revisions"}],"predecessor-version":[{"id":663,"href":"https:\/\/izglitiba.valmierasnovads.lv\/v2v\/wp-json\/wp\/v2\/pages\/647\/revisions\/663"}],"wp:attachment":[{"href":"https:\/\/izglitiba.valmierasnovads.lv\/v2v\/wp-json\/wp\/v2\/media?parent=647"}],"curies":[{"name":"wp","href":"https:\/\/api.w.org\/{rel}","templated":true}]}}