{"id":83,"date":"2025-08-10T15:20:24","date_gmt":"2025-08-10T12:20:24","guid":{"rendered":"https:\/\/izglitiba.valmierasnovads.lv\/valmieras2vidusskola\/?page_id=83"},"modified":"2025-10-20T21:06:35","modified_gmt":"2025-10-20T18:06:35","slug":"par-skolu","status":"publish","type":"page","link":"https:\/\/izglitiba.valmierasnovads.lv\/v2v\/par-skolu\/","title":{"rendered":"Par skolu"},"content":{"rendered":"\n<figure class=\"wp-block-image size-large\"><img loading=\"lazy\" decoding=\"async\" width=\"1024\" height=\"390\" src=\"https:\/\/izglitiba.valmierasnovads.lv\/v2v\/wp-content\/uploads\/sites\/23\/2025\/10\/izglitibas-iestades-aero-7-Cropped-1024x390.jpg\" alt=\"\" class=\"wp-image-645\" srcset=\"https:\/\/izglitiba.valmierasnovads.lv\/v2v\/wp-content\/uploads\/sites\/23\/2025\/10\/izglitibas-iestades-aero-7-Cropped-1024x390.jpg 1024w, https:\/\/izglitiba.valmierasnovads.lv\/v2v\/wp-content\/uploads\/sites\/23\/2025\/10\/izglitibas-iestades-aero-7-Cropped-300x114.jpg 300w, https:\/\/izglitiba.valmierasnovads.lv\/v2v\/wp-content\/uploads\/sites\/23\/2025\/10\/izglitibas-iestades-aero-7-Cropped-768x292.jpg 768w, https:\/\/izglitiba.valmierasnovads.lv\/v2v\/wp-content\/uploads\/sites\/23\/2025\/10\/izglitibas-iestades-aero-7-Cropped-1536x584.jpg 1536w, https:\/\/izglitiba.valmierasnovads.lv\/v2v\/wp-content\/uploads\/sites\/23\/2025\/10\/izglitibas-iestades-aero-7-Cropped-2048x779.jpg 2048w\" sizes=\"auto, (max-width: 1024px) 100vw, 1024px\" \/><\/figure>\n\n\n\n<p><strong>Misija<\/strong>: Iest\u0101de, kas rada att\u012bst\u012bbas iesp\u0113jas ikvienam.<\/p>\n\n\n\n<p><strong>V\u012bzija:<\/strong> Daudzpus\u012bga, rado\u0161a, uz sadarb\u012bbu v\u0113rsta iest\u0101de, kuras dro\u0161\u0101 un atbalsto\u0161\u0101 vide veicina izaugsmi un konkur\u0113tsp\u0113ju.<\/p>\n\n\n\n<p>Skola \u0161odien \u2013 ar organiz\u0113tu dinamisku att\u012bst\u012bbu apvelt\u012bts organisms. Skolot\u0101ji sagatavo skol\u0113nus patst\u0101v\u012bgajai dz\u012bvei, balstoties uz visp\u0101rcilv\u0113ciskaj\u0101m v\u0113rt\u012bb\u0101m un mor\u0101les principiem, izmantojot gan klasisk\u0101s metodes, gan m\u016bsdienu tehnolo\u0123ijas. M\u016bsu skol\u0101 vietu sev atrad\u012bs gan pa\u0161i maz\u0101kie \u2013 b\u0113rnu d\u0101rz\u0101, gan apzin\u012bgie un m\u0113r\u0137tiec\u012bgie vidusskolnieki.<br>Esam p\u0101rliecin\u0101ti, ka t\u0101s zin\u0101\u0161anas un prasmes, kuras skol\u0113ni ieg\u016bst skolas laik\u0101, kalpos par pamatu turpm\u0101kajai karjeras izaugsmei. Skolas orientieris\/<strong>pozicion\u0113jums<\/strong>: \u012bpa\u0161as stipr\u0101s puses un priek\u0161roc\u012bbas, ko izcelt, sal\u012bdzinot ar cit\u0101m Valmieras novada (vai apk\u0101rt\u0113jo novadu) izgl\u012bt\u012bbas iest\u0101d\u0113m:<\/p>\n\n\n\n<ol class=\"wp-block-list\">\n<li>Valmieras 2.vidusskola ir unik\u0101la izgl\u012bt\u012bbas iest\u0101de, kurai ir <strong>vispla\u0161\u0101kais izgl\u012bt\u012bbas programmu spektrs<\/strong> Valmieras novad\u0101. Skol\u0101 \u012bsteno izgl\u012bt\u012bbas programmas no pirmsskolas izgl\u012bt\u012bbas posma l\u012bdz nekl\u0101tienes izgl\u012bt\u012bbas programm\u0101m.<\/li>\n\n\n\n<li><strong>P\u0101rb\u016bv\u0113ta pirmsskolas izgl\u012bt\u012bbas iest\u0101de. <\/strong>M\u016bsdien\u012bgas, apr\u012bkotas ar ergonomisk\u0101m m\u0113bel\u0113m un invent\u0101ru telpas, ar \u012bpa\u0161u pozicion\u0113jumu STEM un Montesori metodikas apguv\u0113.<\/li>\n\n\n\n<li><strong>Pirmsskolas un skolas siner\u0123ija, <\/strong>kas sekm\u0113 unik\u0101l\u0101s <strong>p\u0113ctec\u012bbas nodro\u0161in\u0101\u0161anas iesp\u0113jas<\/strong> \u2013 sadarb\u012bba starp pedagogiem, izgl\u012btojamo talantu att\u012bst\u012bba no pirmsskolas izgl\u012bt\u012bbas posma l\u012bdz vidusskolai.<\/li>\n\n\n\n<li>Pla\u0161a spektra <strong>pied\u0101v\u0101jums viet\u0113jai kopienai<\/strong>: \u201cTopo\u0161o pirmklasnieku skola\u201d, Vec\u0101ku skola \u201cKOP\u0100\u201d, Izgl\u012btojo\u0161as nodarb\u012bbas \u201cMini ZOO\u201d.<\/li>\n\n\n\n<li>Vidusskolas posma \u012bpa\u0161s izgl\u012bt\u012bbas programmu pied\u0101v\u0101jums t.sk. \u201cgrozs\u201d \u201dSports un vesel\u012bba\u201d.<\/li>\n<\/ol>\n\n\n\n<ol class=\"wp-block-list\"><\/ol>\n\n\n\n<p><\/p>\n","protected":false},"excerpt":{"rendered":"<p>Misija: Iest\u0101de, kas rada att\u012bst\u012bbas iesp\u0113jas ikvienam. V\u012bzija: Daudzpus\u012bga, rado\u0161a, uz sadarb\u012bbu v\u0113rsta iest\u0101de, kuras dro\u0161\u0101 un atbalsto\u0161\u0101 vide veicina [&hellip;]<\/p>\n","protected":false},"author":21,"featured_media":0,"parent":0,"menu_order":0,"comment_status":"closed","ping_status":"closed","template":"","meta":{"_acf_changed":false,"site-sidebar-layout":"default","site-content-layout":"","ast-site-content-layout":"default","site-content-style":"default","site-sidebar-style":"default","ast-global-header-display":"","ast-banner-title-visibility":"","ast-main-header-display":"","ast-hfb-above-header-display":"","ast-hfb-below-header-display":"","ast-hfb-mobile-header-display":"","site-post-title":"","ast-breadcrumbs-content":"","ast-featured-img":"","footer-sml-layout":"","ast-disable-related-posts":"","theme-transparent-header-meta":"","adv-header-id-meta":"","stick-header-meta":"","header-above-stick-meta":"","header-main-stick-meta":"","header-below-stick-meta":"","astra-migrate-meta-layouts":"default","ast-page-background-enabled":"default","ast-page-background-meta":{"desktop":{"background-color":"var(--ast-global-color-5)","background-image":"","background-repeat":"repeat","background-position":"center center","background-size":"auto","background-attachment":"scroll","background-type":"","background-media":"","overlay-type":"","overlay-color":"","overlay-opacity":"","overlay-gradient":""},"tablet":{"background-color":"","background-image":"","background-repeat":"repeat","background-position":"center center","background-size":"auto","background-attachment":"scroll","background-type":"","background-media":"","overlay-type":"","overlay-color":"","overlay-opacity":"","overlay-gradient":""},"mobile":{"background-color":"","background-image":"","background-repeat":"repeat","background-position":"center center","background-size":"auto","background-attachment":"scroll","background-type":"","background-media":"","overlay-type":"","overlay-color":"","overlay-opacity":"","overlay-gradient":""}},"ast-content-background-meta":{"desktop":{"background-color":"var(--ast-global-color-4)","background-image":"","background-repeat":"repeat","background-position":"center center","background-size":"auto","background-attachment":"scroll","background-type":"","background-media":"","overlay-type":"","overlay-color":"","overlay-opacity":"","overlay-gradient":""},"tablet":{"background-color":"var(--ast-global-color-4)","background-image":"","background-repeat":"repeat","background-position":"center center","background-size":"auto","background-attachment":"scroll","background-type":"","background-media":"","overlay-type":"","overlay-color":"","overlay-opacity":"","overlay-gradient":""},"mobile":{"background-color":"var(--ast-global-color-4)","background-image":"","background-repeat":"repeat","background-position":"center center","background-size":"auto","background-attachment":"scroll","background-type":"","background-media":"","overlay-type":"","overlay-color":"","overlay-opacity":"","overlay-gradient":""}},"footnotes":""},"class_list":["post-83","page","type-page","status-publish","hentry"],"acf":[],"yoast_head":"<!-- This site is optimized with the Yoast SEO plugin v27.0 - https:\/\/yoast.com\/product\/yoast-seo-wordpress\/ -->\n<title>Par skolu - Valmieras 2. vidusskola<\/title>\n<meta name=\"robots\" content=\"index, follow, max-snippet:-1, max-image-preview:large, max-video-preview:-1\" \/>\n<link rel=\"canonical\" href=\"https:\/\/izglitiba.valmierasnovads.lv\/v2v\/par-skolu\/\" \/>\n<meta property=\"og:locale\" content=\"lv_LV\" \/>\n<meta property=\"og:type\" content=\"article\" \/>\n<meta property=\"og:title\" content=\"Par skolu - Valmieras 2. vidusskola\" \/>\n<meta property=\"og:description\" content=\"Misija: Iest\u0101de, kas rada att\u012bst\u012bbas iesp\u0113jas ikvienam. V\u012bzija: Daudzpus\u012bga, rado\u0161a, uz sadarb\u012bbu v\u0113rsta iest\u0101de, kuras dro\u0161\u0101 un atbalsto\u0161\u0101 vide veicina [&hellip;]\" \/>\n<meta property=\"og:url\" content=\"https:\/\/izglitiba.valmierasnovads.lv\/v2v\/par-skolu\/\" \/>\n<meta property=\"og:site_name\" content=\"Valmieras 2. vidusskola\" \/>\n<meta property=\"article:modified_time\" content=\"2025-10-20T18:06:35+00:00\" \/>\n<meta property=\"og:image\" content=\"https:\/\/izglitiba.valmierasnovads.lv\/v2v\/wp-content\/uploads\/sites\/23\/2025\/10\/izglitibas-iestades-aero-7-Cropped-scaled.jpg\" \/>\n\t<meta property=\"og:image:width\" content=\"2560\" \/>\n\t<meta property=\"og:image:height\" content=\"974\" \/>\n\t<meta property=\"og:image:type\" content=\"image\/jpeg\" \/>\n<meta name=\"twitter:card\" content=\"summary_large_image\" \/>\n<meta name=\"twitter:label1\" content=\"Est. reading time\" \/>\n\t<meta name=\"twitter:data1\" content=\"2 min\u016btes\" \/>\n<script type=\"application\/ld+json\" class=\"yoast-schema-graph\">{\"@context\":\"https:\/\/schema.org\",\"@graph\":[{\"@type\":\"WebPage\",\"@id\":\"https:\/\/izglitiba.valmierasnovads.lv\/v2v\/par-skolu\/\",\"url\":\"https:\/\/izglitiba.valmierasnovads.lv\/v2v\/par-skolu\/\",\"name\":\"Par skolu - Valmieras 2. vidusskola\",\"isPartOf\":{\"@id\":\"https:\/\/izglitiba.valmierasnovads.lv\/v2v\/#website\"},\"primaryImageOfPage\":{\"@id\":\"https:\/\/izglitiba.valmierasnovads.lv\/v2v\/par-skolu\/#primaryimage\"},\"image\":{\"@id\":\"https:\/\/izglitiba.valmierasnovads.lv\/v2v\/par-skolu\/#primaryimage\"},\"thumbnailUrl\":\"https:\/\/izglitiba.valmierasnovads.lv\/v2v\/wp-content\/uploads\/sites\/23\/2025\/10\/izglitibas-iestades-aero-7-Cropped-1024x390.jpg\",\"datePublished\":\"2025-08-10T12:20:24+00:00\",\"dateModified\":\"2025-10-20T18:06:35+00:00\",\"breadcrumb\":{\"@id\":\"https:\/\/izglitiba.valmierasnovads.lv\/v2v\/par-skolu\/#breadcrumb\"},\"inLanguage\":\"lv-LV\",\"potentialAction\":[{\"@type\":\"ReadAction\",\"target\":[\"https:\/\/izglitiba.valmierasnovads.lv\/v2v\/par-skolu\/\"]}]},{\"@type\":\"ImageObject\",\"inLanguage\":\"lv-LV\",\"@id\":\"https:\/\/izglitiba.valmierasnovads.lv\/v2v\/par-skolu\/#primaryimage\",\"url\":\"https:\/\/izglitiba.valmierasnovads.lv\/v2v\/wp-content\/uploads\/sites\/23\/2025\/10\/izglitibas-iestades-aero-7-Cropped-scaled.jpg\",\"contentUrl\":\"https:\/\/izglitiba.valmierasnovads.lv\/v2v\/wp-content\/uploads\/sites\/23\/2025\/10\/izglitibas-iestades-aero-7-Cropped-scaled.jpg\",\"width\":2560,\"height\":974},{\"@type\":\"BreadcrumbList\",\"@id\":\"https:\/\/izglitiba.valmierasnovads.lv\/v2v\/par-skolu\/#breadcrumb\",\"itemListElement\":[{\"@type\":\"ListItem\",\"position\":1,\"name\":\"Home\",\"item\":\"https:\/\/izglitiba.valmierasnovads.lv\/v2v\/\"},{\"@type\":\"ListItem\",\"position\":2,\"name\":\"Par skolu\"}]},{\"@type\":\"WebSite\",\"@id\":\"https:\/\/izglitiba.valmierasnovads.lv\/v2v\/#website\",\"url\":\"https:\/\/izglitiba.valmierasnovads.lv\/v2v\/\",\"name\":\"Valmieras 2. vidusskola\",\"description\":\"\",\"publisher\":{\"@id\":\"https:\/\/izglitiba.valmierasnovads.lv\/v2v\/#organization\"},\"potentialAction\":[{\"@type\":\"SearchAction\",\"target\":{\"@type\":\"EntryPoint\",\"urlTemplate\":\"https:\/\/izglitiba.valmierasnovads.lv\/v2v\/?s={search_term_string}\"},\"query-input\":{\"@type\":\"PropertyValueSpecification\",\"valueRequired\":true,\"valueName\":\"search_term_string\"}}],\"inLanguage\":\"lv-LV\"},{\"@type\":\"Organization\",\"@id\":\"https:\/\/izglitiba.valmierasnovads.lv\/v2v\/#organization\",\"name\":\"Valmieras 2. vidusskola\",\"url\":\"https:\/\/izglitiba.valmierasnovads.lv\/v2v\/\",\"logo\":{\"@type\":\"ImageObject\",\"inLanguage\":\"lv-LV\",\"@id\":\"https:\/\/izglitiba.valmierasnovads.lv\/v2v\/#\/schema\/logo\/image\/\",\"url\":\"https:\/\/izglitiba.valmierasnovads.lv\/v2v\/wp-content\/uploads\/sites\/23\/2025\/04\/cropped-V2VSK-logo-PNG-1-1.png\",\"contentUrl\":\"https:\/\/izglitiba.valmierasnovads.lv\/v2v\/wp-content\/uploads\/sites\/23\/2025\/04\/cropped-V2VSK-logo-PNG-1-1.png\",\"width\":2111,\"height\":1310,\"caption\":\"Valmieras 2. vidusskola\"},\"image\":{\"@id\":\"https:\/\/izglitiba.valmierasnovads.lv\/v2v\/#\/schema\/logo\/image\/\"}}]}<\/script>\n<!-- \/ Yoast SEO plugin. -->","yoast_head_json":{"title":"Par skolu - Valmieras 2. vidusskola","robots":{"index":"index","follow":"follow","max-snippet":"max-snippet:-1","max-image-preview":"max-image-preview:large","max-video-preview":"max-video-preview:-1"},"canonical":"https:\/\/izglitiba.valmierasnovads.lv\/v2v\/par-skolu\/","og_locale":"lv_LV","og_type":"article","og_title":"Par skolu - Valmieras 2. vidusskola","og_description":"Misija: Iest\u0101de, kas rada att\u012bst\u012bbas iesp\u0113jas ikvienam. V\u012bzija: Daudzpus\u012bga, rado\u0161a, uz sadarb\u012bbu v\u0113rsta iest\u0101de, kuras dro\u0161\u0101 un atbalsto\u0161\u0101 vide veicina [&hellip;]","og_url":"https:\/\/izglitiba.valmierasnovads.lv\/v2v\/par-skolu\/","og_site_name":"Valmieras 2. vidusskola","article_modified_time":"2025-10-20T18:06:35+00:00","og_image":[{"width":2560,"height":974,"url":"https:\/\/izglitiba.valmierasnovads.lv\/v2v\/wp-content\/uploads\/sites\/23\/2025\/10\/izglitibas-iestades-aero-7-Cropped-scaled.jpg","type":"image\/jpeg"}],"twitter_card":"summary_large_image","twitter_misc":{"Est. reading time":"2 min\u016btes"},"schema":{"@context":"https:\/\/schema.org","@graph":[{"@type":"WebPage","@id":"https:\/\/izglitiba.valmierasnovads.lv\/v2v\/par-skolu\/","url":"https:\/\/izglitiba.valmierasnovads.lv\/v2v\/par-skolu\/","name":"Par skolu - Valmieras 2. vidusskola","isPartOf":{"@id":"https:\/\/izglitiba.valmierasnovads.lv\/v2v\/#website"},"primaryImageOfPage":{"@id":"https:\/\/izglitiba.valmierasnovads.lv\/v2v\/par-skolu\/#primaryimage"},"image":{"@id":"https:\/\/izglitiba.valmierasnovads.lv\/v2v\/par-skolu\/#primaryimage"},"thumbnailUrl":"https:\/\/izglitiba.valmierasnovads.lv\/v2v\/wp-content\/uploads\/sites\/23\/2025\/10\/izglitibas-iestades-aero-7-Cropped-1024x390.jpg","datePublished":"2025-08-10T12:20:24+00:00","dateModified":"2025-10-20T18:06:35+00:00","breadcrumb":{"@id":"https:\/\/izglitiba.valmierasnovads.lv\/v2v\/par-skolu\/#breadcrumb"},"inLanguage":"lv-LV","potentialAction":[{"@type":"ReadAction","target":["https:\/\/izglitiba.valmierasnovads.lv\/v2v\/par-skolu\/"]}]},{"@type":"ImageObject","inLanguage":"lv-LV","@id":"https:\/\/izglitiba.valmierasnovads.lv\/v2v\/par-skolu\/#primaryimage","url":"https:\/\/izglitiba.valmierasnovads.lv\/v2v\/wp-content\/uploads\/sites\/23\/2025\/10\/izglitibas-iestades-aero-7-Cropped-scaled.jpg","contentUrl":"https:\/\/izglitiba.valmierasnovads.lv\/v2v\/wp-content\/uploads\/sites\/23\/2025\/10\/izglitibas-iestades-aero-7-Cropped-scaled.jpg","width":2560,"height":974},{"@type":"BreadcrumbList","@id":"https:\/\/izglitiba.valmierasnovads.lv\/v2v\/par-skolu\/#breadcrumb","itemListElement":[{"@type":"ListItem","position":1,"name":"Home","item":"https:\/\/izglitiba.valmierasnovads.lv\/v2v\/"},{"@type":"ListItem","position":2,"name":"Par skolu"}]},{"@type":"WebSite","@id":"https:\/\/izglitiba.valmierasnovads.lv\/v2v\/#website","url":"https:\/\/izglitiba.valmierasnovads.lv\/v2v\/","name":"Valmieras 2. vidusskola","description":"","publisher":{"@id":"https:\/\/izglitiba.valmierasnovads.lv\/v2v\/#organization"},"potentialAction":[{"@type":"SearchAction","target":{"@type":"EntryPoint","urlTemplate":"https:\/\/izglitiba.valmierasnovads.lv\/v2v\/?s={search_term_string}"},"query-input":{"@type":"PropertyValueSpecification","valueRequired":true,"valueName":"search_term_string"}}],"inLanguage":"lv-LV"},{"@type":"Organization","@id":"https:\/\/izglitiba.valmierasnovads.lv\/v2v\/#organization","name":"Valmieras 2. vidusskola","url":"https:\/\/izglitiba.valmierasnovads.lv\/v2v\/","logo":{"@type":"ImageObject","inLanguage":"lv-LV","@id":"https:\/\/izglitiba.valmierasnovads.lv\/v2v\/#\/schema\/logo\/image\/","url":"https:\/\/izglitiba.valmierasnovads.lv\/v2v\/wp-content\/uploads\/sites\/23\/2025\/04\/cropped-V2VSK-logo-PNG-1-1.png","contentUrl":"https:\/\/izglitiba.valmierasnovads.lv\/v2v\/wp-content\/uploads\/sites\/23\/2025\/04\/cropped-V2VSK-logo-PNG-1-1.png","width":2111,"height":1310,"caption":"Valmieras 2. vidusskola"},"image":{"@id":"https:\/\/izglitiba.valmierasnovads.lv\/v2v\/#\/schema\/logo\/image\/"}}]}},"_links":{"self":[{"href":"https:\/\/izglitiba.valmierasnovads.lv\/v2v\/wp-json\/wp\/v2\/pages\/83","targetHints":{"allow":["GET"]}}],"collection":[{"href":"https:\/\/izglitiba.valmierasnovads.lv\/v2v\/wp-json\/wp\/v2\/pages"}],"about":[{"href":"https:\/\/izglitiba.valmierasnovads.lv\/v2v\/wp-json\/wp\/v2\/types\/page"}],"author":[{"embeddable":true,"href":"https:\/\/izglitiba.valmierasnovads.lv\/v2v\/wp-json\/wp\/v2\/users\/21"}],"replies":[{"embeddable":true,"href":"https:\/\/izglitiba.valmierasnovads.lv\/v2v\/wp-json\/wp\/v2\/comments?post=83"}],"version-history":[{"count":3,"href":"https:\/\/izglitiba.valmierasnovads.lv\/v2v\/wp-json\/wp\/v2\/pages\/83\/revisions"}],"predecessor-version":[{"id":687,"href":"https:\/\/izglitiba.valmierasnovads.lv\/v2v\/wp-json\/wp\/v2\/pages\/83\/revisions\/687"}],"wp:attachment":[{"href":"https:\/\/izglitiba.valmierasnovads.lv\/v2v\/wp-json\/wp\/v2\/media?parent=83"}],"curies":[{"name":"wp","href":"https:\/\/api.w.org\/{rel}","templated":true}]}}