{"id":86,"date":"2025-08-10T15:23:45","date_gmt":"2025-08-10T12:23:45","guid":{"rendered":"https:\/\/izglitiba.valmierasnovads.lv\/valmieras2vidusskola\/?page_id=86"},"modified":"2025-10-23T17:11:04","modified_gmt":"2025-10-23T14:11:04","slug":"skolas-vadibas-komanda","status":"publish","type":"page","link":"https:\/\/izglitiba.valmierasnovads.lv\/v2v\/skolas-vadibas-komanda\/","title":{"rendered":"Vad\u012bbas komanda"},"content":{"rendered":"\n<p><strong>Valmieras 2. vidusskolas vad\u012bbas komanda<\/strong><\/p>\n\n\n\n<figure class=\"wp-block-table\"><table class=\"has-fixed-layout\"><tbody><tr><td><strong>Vad\u012bbas komanda<\/strong><\/td><td><strong>T\u0101lrunis<\/strong><\/td><td><strong>E-pasts<\/strong><\/td><td><strong>Kabinets<\/strong><\/td><\/tr><tr><td>Andrejs Gluhovs <br><strong><em>direktors<\/em><\/strong><\/td><td>64207163<\/td><td>v2v@valmiera.edu.lv<br>andrejs.gluhovs@valmiera.edu.lv<\/td><td>112<\/td><\/tr><tr><td>Sanita Egl\u012bte <br><strong><em>direktora vietniece izgl\u012bt\u012bbas jom\u0101 (1.-3.klas\u0113s)<\/em><\/strong><\/td><td>64207543<\/td><td>sanita.eglite@valmiera.edu.lv<\/td><td>108<\/td><\/tr><tr><td>Vja\u010deslavs Piskunovs <br><strong><em>direktora vietnieks izgl\u012bt\u012bbas jom\u0101 (4.-12.klas\u0113s)<\/em><\/strong><\/td><td>64207543<\/td><td>vjaceslavs.piskunovs@valmiera.edu.lv<\/td><td>108<\/td><\/tr><tr><td>Oksana Kara\u013c\u010duka <br><strong><em>direktora vietniece izgl\u012bt\u012bbas jom\u0101 (nekl\u0101tiene)<\/em><\/strong><\/td><td>64207543<\/td><td>oksana.karalcuka@valmiera.edu.lv<\/td><td>108<\/td><\/tr><tr><td>Jekaterina Boj\u0101re <br><strong><em>direktora vietniece izgl\u012bt\u012bbas jom\u0101 (audzin\u0101\u0161anas darbs)<\/em><\/strong><\/td><td>64207547<\/td><td>jekaterina.bojare@valmiera.edu.lv<\/td><td>313<\/td><\/tr><tr><td>Katr\u012bna Brie\u017ekalne (promb\u016btn\u0113) <br><strong><em>direktora vietniece izgl\u012bt\u012bbas jom\u0101 (pirmsskolas izgl\u012bt\u012bbas grup\u0101s)<\/em><\/strong><\/td><td>64207544<\/td><td>katrina.briezkalne@valmiera.edu.lv<\/td><td>PII<\/td><\/tr><tr><td>Direktora vietnieks administrat\u012bvi saimnieciskaj\u0101 darb\u0101<\/td><td>64207545<\/td><td><\/td><td>111<\/td><\/tr><tr><td>Vlada Kalni\u0146a <br><strong><em>Lietvede Valmieras 2.vidusskol\u0101<\/em><\/strong><\/td><td>64281559<\/td><td>v2v@valmiera.edu.lv <br>vlada.kalnina@valmiera.edu.lv<\/td><td>110<\/td><\/tr><tr><td>Gunta Zari\u0146a <br><strong><em>lietvede Pirmsskolas izgl\u012bt\u012bbas grup\u0101s<\/em><\/strong><\/td><td>64207093<\/td><td>gunta.zarina@valmiera.edu.lv<\/td><td>PII<\/td><\/tr><\/tbody><\/table><\/figure>\n\n\n\n<h2 class=\"wp-block-heading\">Rekviz\u012bti<\/h2>\n\n\n\n<p><strong>Valmieras novada pa\u0161vald\u012bba \u2013 Valmieras 2. vidusskola<\/strong><br>Re\u0123. Nr. LV 90000043403<br>Juridisk\u0101 adrese: L\u0101\u010dpl\u0113\u0161a 2, Valmiera, Valmieras novads, LV \u2013 4201<br>Sa\u0146em\u0161anas adrese: Rai\u0146a 11, Valmiera, Valmieras novads,&nbsp; LV \u2013 4201<br>Nor\u0113\u0137inu konts LV94UNLA0018000142255,<br>A\/S SEB banka Valmieras fili\u0101le, kods UNLALV2X018<\/p>\n","protected":false},"excerpt":{"rendered":"<p>Valmieras 2. vidusskolas vad\u012bbas komanda Vad\u012bbas komanda T\u0101lrunis E-pasts Kabinets Andrejs Gluhovs direktors 64207163 v2v@valmiera.edu.lvandrejs.gluhovs@valmiera.edu.lv 112 Sanita Egl\u012bte direktora vietniece [&hellip;]<\/p>\n","protected":false},"author":21,"featured_media":0,"parent":0,"menu_order":0,"comment_status":"closed","ping_status":"closed","template":"","meta":{"_acf_changed":false,"site-sidebar-layout":"default","site-content-layout":"","ast-site-content-layout":"default","site-content-style":"default","site-sidebar-style":"default","ast-global-header-display":"","ast-banner-title-visibility":"","ast-main-header-display":"","ast-hfb-above-header-display":"","ast-hfb-below-header-display":"","ast-hfb-mobile-header-display":"","site-post-title":"","ast-breadcrumbs-content":"","ast-featured-img":"","footer-sml-layout":"","ast-disable-related-posts":"","theme-transparent-header-meta":"","adv-header-id-meta":"","stick-header-meta":"","header-above-stick-meta":"","header-main-stick-meta":"","header-below-stick-meta":"","astra-migrate-meta-layouts":"default","ast-page-background-enabled":"default","ast-page-background-meta":{"desktop":{"background-color":"var(--ast-global-color-5)","background-image":"","background-repeat":"repeat","background-position":"center center","background-size":"auto","background-attachment":"scroll","background-type":"","background-media":"","overlay-type":"","overlay-color":"","overlay-opacity":"","overlay-gradient":""},"tablet":{"background-color":"","background-image":"","background-repeat":"repeat","background-position":"center center","background-size":"auto","background-attachment":"scroll","background-type":"","background-media":"","overlay-type":"","overlay-color":"","overlay-opacity":"","overlay-gradient":""},"mobile":{"background-color":"","background-image":"","background-repeat":"repeat","background-position":"center center","background-size":"auto","background-attachment":"scroll","background-type":"","background-media":"","overlay-type":"","overlay-color":"","overlay-opacity":"","overlay-gradient":""}},"ast-content-background-meta":{"desktop":{"background-color":"var(--ast-global-color-4)","background-image":"","background-repeat":"repeat","background-position":"center center","background-size":"auto","background-attachment":"scroll","background-type":"","background-media":"","overlay-type":"","overlay-color":"","overlay-opacity":"","overlay-gradient":""},"tablet":{"background-color":"var(--ast-global-color-4)","background-image":"","background-repeat":"repeat","background-position":"center center","background-size":"auto","background-attachment":"scroll","background-type":"","background-media":"","overlay-type":"","overlay-color":"","overlay-opacity":"","overlay-gradient":""},"mobile":{"background-color":"var(--ast-global-color-4)","background-image":"","background-repeat":"repeat","background-position":"center center","background-size":"auto","background-attachment":"scroll","background-type":"","background-media":"","overlay-type":"","overlay-color":"","overlay-opacity":"","overlay-gradient":""}},"footnotes":""},"class_list":["post-86","page","type-page","status-publish","hentry"],"acf":[],"yoast_head":"<!-- This site is optimized with the Yoast SEO plugin v27.0 - https:\/\/yoast.com\/product\/yoast-seo-wordpress\/ -->\n<title>Vad\u012bbas komanda - Valmieras 2. vidusskola<\/title>\n<meta name=\"robots\" content=\"index, follow, max-snippet:-1, max-image-preview:large, max-video-preview:-1\" \/>\n<link rel=\"canonical\" href=\"https:\/\/izglitiba.valmierasnovads.lv\/v2v\/skolas-vadibas-komanda\/\" \/>\n<meta property=\"og:locale\" content=\"lv_LV\" \/>\n<meta property=\"og:type\" content=\"article\" \/>\n<meta property=\"og:title\" content=\"Vad\u012bbas komanda - Valmieras 2. vidusskola\" \/>\n<meta property=\"og:description\" content=\"Valmieras 2. vidusskolas vad\u012bbas komanda Vad\u012bbas komanda T\u0101lrunis E-pasts Kabinets Andrejs Gluhovs direktors 64207163 v2v@valmiera.edu.lvandrejs.gluhovs@valmiera.edu.lv 112 Sanita Egl\u012bte direktora vietniece [&hellip;]\" \/>\n<meta property=\"og:url\" content=\"https:\/\/izglitiba.valmierasnovads.lv\/v2v\/skolas-vadibas-komanda\/\" \/>\n<meta property=\"og:site_name\" content=\"Valmieras 2. vidusskola\" \/>\n<meta property=\"article:modified_time\" content=\"2025-10-23T14:11:04+00:00\" \/>\n<meta name=\"twitter:card\" content=\"summary_large_image\" \/>\n<meta name=\"twitter:label1\" content=\"Est. reading time\" \/>\n\t<meta name=\"twitter:data1\" content=\"1 min\u016bte\" \/>\n<script type=\"application\/ld+json\" class=\"yoast-schema-graph\">{\"@context\":\"https:\/\/schema.org\",\"@graph\":[{\"@type\":\"WebPage\",\"@id\":\"https:\/\/izglitiba.valmierasnovads.lv\/v2v\/skolas-vadibas-komanda\/\",\"url\":\"https:\/\/izglitiba.valmierasnovads.lv\/v2v\/skolas-vadibas-komanda\/\",\"name\":\"Vad\u012bbas komanda - Valmieras 2. vidusskola\",\"isPartOf\":{\"@id\":\"https:\/\/izglitiba.valmierasnovads.lv\/v2v\/#website\"},\"datePublished\":\"2025-08-10T12:23:45+00:00\",\"dateModified\":\"2025-10-23T14:11:04+00:00\",\"breadcrumb\":{\"@id\":\"https:\/\/izglitiba.valmierasnovads.lv\/v2v\/skolas-vadibas-komanda\/#breadcrumb\"},\"inLanguage\":\"lv-LV\",\"potentialAction\":[{\"@type\":\"ReadAction\",\"target\":[\"https:\/\/izglitiba.valmierasnovads.lv\/v2v\/skolas-vadibas-komanda\/\"]}]},{\"@type\":\"BreadcrumbList\",\"@id\":\"https:\/\/izglitiba.valmierasnovads.lv\/v2v\/skolas-vadibas-komanda\/#breadcrumb\",\"itemListElement\":[{\"@type\":\"ListItem\",\"position\":1,\"name\":\"Home\",\"item\":\"https:\/\/izglitiba.valmierasnovads.lv\/v2v\/\"},{\"@type\":\"ListItem\",\"position\":2,\"name\":\"Vad\u012bbas komanda\"}]},{\"@type\":\"WebSite\",\"@id\":\"https:\/\/izglitiba.valmierasnovads.lv\/v2v\/#website\",\"url\":\"https:\/\/izglitiba.valmierasnovads.lv\/v2v\/\",\"name\":\"Valmieras 2. vidusskola\",\"description\":\"\",\"publisher\":{\"@id\":\"https:\/\/izglitiba.valmierasnovads.lv\/v2v\/#organization\"},\"potentialAction\":[{\"@type\":\"SearchAction\",\"target\":{\"@type\":\"EntryPoint\",\"urlTemplate\":\"https:\/\/izglitiba.valmierasnovads.lv\/v2v\/?s={search_term_string}\"},\"query-input\":{\"@type\":\"PropertyValueSpecification\",\"valueRequired\":true,\"valueName\":\"search_term_string\"}}],\"inLanguage\":\"lv-LV\"},{\"@type\":\"Organization\",\"@id\":\"https:\/\/izglitiba.valmierasnovads.lv\/v2v\/#organization\",\"name\":\"Valmieras 2. vidusskola\",\"url\":\"https:\/\/izglitiba.valmierasnovads.lv\/v2v\/\",\"logo\":{\"@type\":\"ImageObject\",\"inLanguage\":\"lv-LV\",\"@id\":\"https:\/\/izglitiba.valmierasnovads.lv\/v2v\/#\/schema\/logo\/image\/\",\"url\":\"https:\/\/izglitiba.valmierasnovads.lv\/v2v\/wp-content\/uploads\/sites\/23\/2025\/04\/cropped-V2VSK-logo-PNG-1-1.png\",\"contentUrl\":\"https:\/\/izglitiba.valmierasnovads.lv\/v2v\/wp-content\/uploads\/sites\/23\/2025\/04\/cropped-V2VSK-logo-PNG-1-1.png\",\"width\":2111,\"height\":1310,\"caption\":\"Valmieras 2. vidusskola\"},\"image\":{\"@id\":\"https:\/\/izglitiba.valmierasnovads.lv\/v2v\/#\/schema\/logo\/image\/\"}}]}<\/script>\n<!-- \/ Yoast SEO plugin. -->","yoast_head_json":{"title":"Vad\u012bbas komanda - Valmieras 2. vidusskola","robots":{"index":"index","follow":"follow","max-snippet":"max-snippet:-1","max-image-preview":"max-image-preview:large","max-video-preview":"max-video-preview:-1"},"canonical":"https:\/\/izglitiba.valmierasnovads.lv\/v2v\/skolas-vadibas-komanda\/","og_locale":"lv_LV","og_type":"article","og_title":"Vad\u012bbas komanda - Valmieras 2. vidusskola","og_description":"Valmieras 2. vidusskolas vad\u012bbas komanda Vad\u012bbas komanda T\u0101lrunis E-pasts Kabinets Andrejs Gluhovs direktors 64207163 v2v@valmiera.edu.lvandrejs.gluhovs@valmiera.edu.lv 112 Sanita Egl\u012bte direktora vietniece [&hellip;]","og_url":"https:\/\/izglitiba.valmierasnovads.lv\/v2v\/skolas-vadibas-komanda\/","og_site_name":"Valmieras 2. vidusskola","article_modified_time":"2025-10-23T14:11:04+00:00","twitter_card":"summary_large_image","twitter_misc":{"Est. reading time":"1 min\u016bte"},"schema":{"@context":"https:\/\/schema.org","@graph":[{"@type":"WebPage","@id":"https:\/\/izglitiba.valmierasnovads.lv\/v2v\/skolas-vadibas-komanda\/","url":"https:\/\/izglitiba.valmierasnovads.lv\/v2v\/skolas-vadibas-komanda\/","name":"Vad\u012bbas komanda - Valmieras 2. vidusskola","isPartOf":{"@id":"https:\/\/izglitiba.valmierasnovads.lv\/v2v\/#website"},"datePublished":"2025-08-10T12:23:45+00:00","dateModified":"2025-10-23T14:11:04+00:00","breadcrumb":{"@id":"https:\/\/izglitiba.valmierasnovads.lv\/v2v\/skolas-vadibas-komanda\/#breadcrumb"},"inLanguage":"lv-LV","potentialAction":[{"@type":"ReadAction","target":["https:\/\/izglitiba.valmierasnovads.lv\/v2v\/skolas-vadibas-komanda\/"]}]},{"@type":"BreadcrumbList","@id":"https:\/\/izglitiba.valmierasnovads.lv\/v2v\/skolas-vadibas-komanda\/#breadcrumb","itemListElement":[{"@type":"ListItem","position":1,"name":"Home","item":"https:\/\/izglitiba.valmierasnovads.lv\/v2v\/"},{"@type":"ListItem","position":2,"name":"Vad\u012bbas komanda"}]},{"@type":"WebSite","@id":"https:\/\/izglitiba.valmierasnovads.lv\/v2v\/#website","url":"https:\/\/izglitiba.valmierasnovads.lv\/v2v\/","name":"Valmieras 2. vidusskola","description":"","publisher":{"@id":"https:\/\/izglitiba.valmierasnovads.lv\/v2v\/#organization"},"potentialAction":[{"@type":"SearchAction","target":{"@type":"EntryPoint","urlTemplate":"https:\/\/izglitiba.valmierasnovads.lv\/v2v\/?s={search_term_string}"},"query-input":{"@type":"PropertyValueSpecification","valueRequired":true,"valueName":"search_term_string"}}],"inLanguage":"lv-LV"},{"@type":"Organization","@id":"https:\/\/izglitiba.valmierasnovads.lv\/v2v\/#organization","name":"Valmieras 2. vidusskola","url":"https:\/\/izglitiba.valmierasnovads.lv\/v2v\/","logo":{"@type":"ImageObject","inLanguage":"lv-LV","@id":"https:\/\/izglitiba.valmierasnovads.lv\/v2v\/#\/schema\/logo\/image\/","url":"https:\/\/izglitiba.valmierasnovads.lv\/v2v\/wp-content\/uploads\/sites\/23\/2025\/04\/cropped-V2VSK-logo-PNG-1-1.png","contentUrl":"https:\/\/izglitiba.valmierasnovads.lv\/v2v\/wp-content\/uploads\/sites\/23\/2025\/04\/cropped-V2VSK-logo-PNG-1-1.png","width":2111,"height":1310,"caption":"Valmieras 2. vidusskola"},"image":{"@id":"https:\/\/izglitiba.valmierasnovads.lv\/v2v\/#\/schema\/logo\/image\/"}}]}},"_links":{"self":[{"href":"https:\/\/izglitiba.valmierasnovads.lv\/v2v\/wp-json\/wp\/v2\/pages\/86","targetHints":{"allow":["GET"]}}],"collection":[{"href":"https:\/\/izglitiba.valmierasnovads.lv\/v2v\/wp-json\/wp\/v2\/pages"}],"about":[{"href":"https:\/\/izglitiba.valmierasnovads.lv\/v2v\/wp-json\/wp\/v2\/types\/page"}],"author":[{"embeddable":true,"href":"https:\/\/izglitiba.valmierasnovads.lv\/v2v\/wp-json\/wp\/v2\/users\/21"}],"replies":[{"embeddable":true,"href":"https:\/\/izglitiba.valmierasnovads.lv\/v2v\/wp-json\/wp\/v2\/comments?post=86"}],"version-history":[{"count":7,"href":"https:\/\/izglitiba.valmierasnovads.lv\/v2v\/wp-json\/wp\/v2\/pages\/86\/revisions"}],"predecessor-version":[{"id":732,"href":"https:\/\/izglitiba.valmierasnovads.lv\/v2v\/wp-json\/wp\/v2\/pages\/86\/revisions\/732"}],"wp:attachment":[{"href":"https:\/\/izglitiba.valmierasnovads.lv\/v2v\/wp-json\/wp\/v2\/media?parent=86"}],"curies":[{"name":"wp","href":"https:\/\/api.w.org\/{rel}","templated":true}]}}