{"id":90,"date":"2025-08-10T15:40:03","date_gmt":"2025-08-10T12:40:03","guid":{"rendered":"https:\/\/izglitiba.valmierasnovads.lv\/valmieras2vidusskola\/?page_id=90"},"modified":"2025-08-10T15:40:03","modified_gmt":"2025-08-10T12:40:03","slug":"skolas-atbalsta-personals","status":"publish","type":"page","link":"https:\/\/izglitiba.valmierasnovads.lv\/v2v\/skolas-atbalsta-personals\/","title":{"rendered":"Skolas atbalsta person\u0101ls"},"content":{"rendered":"\n<p><strong>MEDIC\u012aNAS M\u0100SA<\/strong><\/p>\n\n\n\n<p>Sertific\u0113ta sav\u0101 specialit\u0101t\u0113. Skolas medic\u012bnas m\u0101sa sniedz pirmo pal\u012bdz\u012bbu traumu un ak\u016btu saslim\u0161anu gad\u012bjumos. Kontrol\u0113 b\u0113rnu imuniz\u0101ciju, par vakcin\u0101ciju inform\u0113 vec\u0101kus un nos\u016bta pie prim\u0101r\u0101s apr\u016bpes vai \u0123imenes \u0101rsta. Veic pas\u0101kumus tuberkulozes profilaks\u0113.<br>Organiz\u0113 sanit\u0101ri \u2013 higi\u0113niskos pas\u0101kumus izgl\u012bt\u012bbas iest\u0101d\u0113, infekcijas slim\u012bbu gad\u012bjumos \u2013 veic b\u0113rnu medic\u012bnisko nov\u0113ro\u0161anu. Veic infekcijas slim\u012bbu re\u0123istr\u0101ciju un nepiecie\u0161amos pretepid\u0113mijas pas\u0101kumus izgl\u012bt\u012bbas iest\u0101d\u0113, lai nov\u0113rstu infekcijas slim\u012bbu izplat\u012b\u0161anos.<\/p>\n\n\n\n<p><strong>IRINA \u0160TEINBERGA, skolas medic\u012bnas m\u0101sa<\/strong><\/p>\n\n\n\n<p>E-pasts: irina.steinberga@valmiera.edu.lv<br>Telefona numurs: 64207546<br>Darba laiks: Pirmdiena &#8211; Piektdiena 8.30 &#8211; 16.30<\/p>\n\n\n\n<p><strong>SOCI\u0100L\u0100 PEDAGO\u0122E<\/strong><\/p>\n\n\n\n<p>Uzklausa, inform\u0113, konsult\u0113, sniedz atbalstu, izv\u0113rt\u0113 probl\u0113mu un pal\u012bdz to risin\u0101t, nov\u0113ro, pal\u012bdz risin\u0101t konfliktsitu\u0101cijas, ja nepiecie\u0161ams, apmekl\u0113 \u0123imeni m\u0101j\u0101s, p\u0113ta skolas vidi, sekm\u0113 skol\u0113na, vec\u0101ku un skolot\u0101ju savstarp\u0113j\u0101s sadarb\u012bbas iesp\u0113jas, p\u0113ta un izzina skol\u0113na vai klases probl\u0113mu c\u0113lo\u0146us, pal\u012bdz skol\u0113niem veidot dz\u012bves prasmes, koordin\u0113 un sadarbojas ar citu instit\u016bciju speci\u0101listiem, visu jaut\u0101jumu risin\u0101\u0161an\u0101 iev\u0113ro konfidencialit\u0101ti.<\/p>\n\n\n\n<p><strong>L\u012aGA PRIEDE, soci\u0101l\u0101 pedago\u0123e<\/strong><\/p>\n\n\n\n<p>E-pasts: liga.priede@valmiera.edu.lv<br>Telefona numurs: 26188094<br>Darba laiks: Pirmdiena &#8211; Piektdiena 8.00 &#8211; 16.00<br>Kabineta numurs: ZET m\u0101ja<\/p>\n\n\n\n<p><strong>SKOLAS PSIHOLO\u0122E<\/strong><\/p>\n\n\n\n<ul class=\"wp-block-list\">\n<li>sadarbojoties ar skolot\u0101jiem un vec\u0101kiem, pal\u012bdz skol\u0113niem risin\u0101t probl\u0113mas, kas trauc\u0113 m\u0101c\u012bb\u0101m;<\/li>\n\n\n\n<li>p\u0113ta b\u0113rnu psiholo\u0123isko gatav\u012bbu skolai;<\/li>\n\n\n\n<li>izstr\u0101d\u0101 adapt\u0101cijas programmas, lai veicin\u0101tu jaun\u0101ko kla\u0161u skol\u0113nu ieju\u0161anos skol\u0101;<\/li>\n\n\n\n<li>konsult\u0113 skol\u0113nus individu\u0101li un grup\u0101s par m\u0101c\u012bbu jaut\u0101jumiem, pa\u0161att\u012bst\u012bbu, savstarp\u0113j\u0101m attiec\u012bb\u0101m, konfliktu risin\u0101\u0161anu un cit\u0101m psiholo\u0123isk\u0101m t\u0113m\u0101m;<\/li>\n\n\n\n<li>konsult\u0113 vec\u0101kus par b\u0113rnu audzin\u0101\u0161anu;<\/li>\n\n\n\n<li>sadarbojas ar skolas vad\u012bbu, pedagogiem, soci\u0101lo pedagogu, speci\u0101lo pedagogu un logop\u0113du, lai izstr\u0101d\u0101tu un \u012bstenotu skol\u0113na atbalsta pas\u0101kumu pl\u0101nu.<\/li>\n<\/ul>\n\n\n\n<p><strong>INA NEIMANE, skolas psiholo\u0123e<\/strong><\/p>\n\n\n\n<p>E-pasts: i<a>na.neimane@valmiera.edu.lv<\/a><br>Telefona numurs: 29144253<br>Darba laiks:<\/p>\n\n\n\n<ul class=\"wp-block-list\">\n<li>Pirmdiena 8.00 &#8211; 13.00<\/li>\n\n\n\n<li>Otrdiena 8.00 &#8211; 16.00<\/li>\n\n\n\n<li>Tre\u0161diena 8.00 &#8211; 14.30<\/li>\n\n\n\n<li>Ceturtdiena 9.00- 12.00 (A ned\u0113\u013c\u0101, B ned\u0113\u013c\u0101 &#8211; br\u012bvs)<\/li>\n\n\n\n<li>Piektdiena 8.00 &#8211; 15.00<\/li>\n<\/ul>\n\n\n\n<p>Kabineta numurs: ZET m\u0101ja<\/p>\n\n\n\n<p><strong>SPECI\u0100L\u0100 PEDAGO\u0122E<\/strong><\/p>\n\n\n\n<ul class=\"wp-block-list\">\n<li>Sniedz atbalstu skol\u0113niem ar speci\u0101l\u0101m vajadz\u012bb\u0101m, k\u0101 ar\u012b skol\u0113niem, kuriem ir nepiecie\u0161ams atbalsts m\u0101c\u012bbu programmas apg\u016b\u0161an\u0101<\/li>\n\n\n\n<li>Konsult\u0113 skol\u0113nus, skol\u0113nu vec\u0101kus un pedagogus veiksm\u012bg\u0101kai iek\u013caujo\u0161\u0101s izgl\u012bt\u012bbas realiz\u0113\u0161anai izgl\u012bt\u012bbas iest\u0101d\u0113<\/li>\n\n\n\n<li>Veic skol\u0113nu izp\u0113ti speci\u0101lo vajadz\u012bbu konstat\u0113\u0161anai vai atbalsta nepiecie\u0161am\u012bbai<\/li>\n\n\n\n<li>Nodro\u0161ina skol\u0113niem korekcijas nodarb\u012bbas atbilsto\u0161i skol\u0113na sp\u0113j\u0101m un vajadz\u012bb\u0101m<\/li>\n<\/ul>\n\n\n\n<p><strong>SIGNE PELCE<\/strong><\/p>\n\n\n\n<p>Darba laiks:<\/p>\n\n\n\n<ul class=\"wp-block-list\">\n<li>Pirmdiena 8.00 &#8211; 16.00<\/li>\n\n\n\n<li>Otrdiena 8.00 &#8211; 13.00<\/li>\n\n\n\n<li>Tre\u0161diena 8.00 &#8211; 15.00<\/li>\n\n\n\n<li>Ceturtdiena 8.00- 14.00<\/li>\n\n\n\n<li>Piektdiena 8.00 &#8211; 12.30<\/li>\n<\/ul>\n\n\n\n<p><strong>LOGOP\u0112DI<\/strong><\/p>\n\n\n\n<ul class=\"wp-block-list\">\n<li>Veic izgl\u012btojamo runas un rakstu valodas trauc\u0113jumu diagnostic\u0113\u0161anu, profilaksi un korekciju, lai sekm\u0113tu valodas att\u012bst\u012bbu un veicin\u0101tu br\u012bvu un rado\u0161u person\u012bbu.<\/li>\n\n\n\n<li>Izgl\u012btojamos logop\u0113diskaj\u0101s nodarb\u012bb\u0101s uz\u0146em visa m\u0101c\u012bbu gada laik\u0101, ja atbr\u012bvojas vieta, un atskaita, kad nov\u0113rsti valodas trauc\u0113jumi.<\/li>\n\n\n\n<li>Vispirms uz\u0146em izgl\u012btojamos ar izteiktiem valodas trauc\u0113jumiem, kas rada gr\u016bt\u012bbas pamatizgl\u012bt\u012bbas programmu apg\u016b\u0161an\u0101.<\/li>\n<\/ul>\n\n\n\n<p><strong>ANITA MOLOTKOVA,&nbsp; logop\u0113de<\/strong><\/p>\n\n\n\n<p>E-pasts: anita.molotkova@valmiera.edu.lv<br>Telefona numurs: 64281559<br>Darba laiks:<\/p>\n\n\n\n<p><strong>J\u016aLIJA MOLOTKOVA, logop\u0113de<\/strong><\/p>\n\n\n\n<p>E-pasts: julija.molotkova@valmiera.edu.lv<br>Darba laiks:<\/p>\n\n\n\n<p><strong>ELVITA L\u012aC\u012aTE, logop\u0113de<\/strong><\/p>\n\n\n\n<p>E-pasts: elvita.licite@valmiera.edu.lv<br>Darba laiks:<\/p>\n\n\n\n<p><strong>PEDAGOGA PAL\u012aGS<\/strong><\/p>\n\n\n\n<p><strong>TETIANA BELASHOVA, pedagoga pal\u012bgs<\/strong><\/p>\n\n\n\n<p>E-pasts: tetiana.belashova@valmiera.edu.lv<br>Darba laiks: Pirmdiena &#8211; Piektdiena 8.00 &#8211; 16.00<\/p>\n\n\n\n<p><strong>ALISE ANCE GULBE, pedagoga pal\u012bgs<\/strong><\/p>\n\n\n\n<p>E-pasts: alise.gulbe@valmiera.edu.lv<\/p>\n\n\n\n<p>Darba laiks: Pirmdiena &#8211; Piektdiena 8.00 &#8211; 13.30 (iz\u0146emot otrdienas)<\/p>\n\n\n\n<p><strong>Laila Sp\u0101lvi\u0146a, pedagoga pal\u012bgs<\/strong><\/p>\n\n\n\n<p>E-pasts: laila.spalvina@valmiera.edu.lv<\/p>\n\n\n\n<p>Darba laiks: Pirmdiena &#8211; Piektdiena 8.00 &#8211; 13.30<\/p>\n","protected":false},"excerpt":{"rendered":"<p>MEDIC\u012aNAS M\u0100SA Sertific\u0113ta sav\u0101 specialit\u0101t\u0113. Skolas medic\u012bnas m\u0101sa sniedz pirmo pal\u012bdz\u012bbu traumu un ak\u016btu saslim\u0161anu gad\u012bjumos. Kontrol\u0113 b\u0113rnu imuniz\u0101ciju, par [&hellip;]<\/p>\n","protected":false},"author":21,"featured_media":0,"parent":0,"menu_order":0,"comment_status":"closed","ping_status":"closed","template":"","meta":{"_acf_changed":false,"site-sidebar-layout":"default","site-content-layout":"","ast-site-content-layout":"default","site-content-style":"default","site-sidebar-style":"default","ast-global-header-display":"","ast-banner-title-visibility":"","ast-main-header-display":"","ast-hfb-above-header-display":"","ast-hfb-below-header-display":"","ast-hfb-mobile-header-display":"","site-post-title":"","ast-breadcrumbs-content":"","ast-featured-img":"","footer-sml-layout":"","ast-disable-related-posts":"","theme-transparent-header-meta":"","adv-header-id-meta":"","stick-header-meta":"","header-above-stick-meta":"","header-main-stick-meta":"","header-below-stick-meta":"","astra-migrate-meta-layouts":"default","ast-page-background-enabled":"default","ast-page-background-meta":{"desktop":{"background-color":"var(--ast-global-color-5)","background-image":"","background-repeat":"repeat","background-position":"center center","background-size":"auto","background-attachment":"scroll","background-type":"","background-media":"","overlay-type":"","overlay-color":"","overlay-opacity":"","overlay-gradient":""},"tablet":{"background-color":"","background-image":"","background-repeat":"repeat","background-position":"center center","background-size":"auto","background-attachment":"scroll","background-type":"","background-media":"","overlay-type":"","overlay-color":"","overlay-opacity":"","overlay-gradient":""},"mobile":{"background-color":"","background-image":"","background-repeat":"repeat","background-position":"center center","background-size":"auto","background-attachment":"scroll","background-type":"","background-media":"","overlay-type":"","overlay-color":"","overlay-opacity":"","overlay-gradient":""}},"ast-content-background-meta":{"desktop":{"background-color":"var(--ast-global-color-4)","background-image":"","background-repeat":"repeat","background-position":"center center","background-size":"auto","background-attachment":"scroll","background-type":"","background-media":"","overlay-type":"","overlay-color":"","overlay-opacity":"","overlay-gradient":""},"tablet":{"background-color":"var(--ast-global-color-4)","background-image":"","background-repeat":"repeat","background-position":"center center","background-size":"auto","background-attachment":"scroll","background-type":"","background-media":"","overlay-type":"","overlay-color":"","overlay-opacity":"","overlay-gradient":""},"mobile":{"background-color":"var(--ast-global-color-4)","background-image":"","background-repeat":"repeat","background-position":"center center","background-size":"auto","background-attachment":"scroll","background-type":"","background-media":"","overlay-type":"","overlay-color":"","overlay-opacity":"","overlay-gradient":""}},"footnotes":""},"class_list":["post-90","page","type-page","status-publish","hentry"],"acf":[],"yoast_head":"<!-- This site is optimized with the Yoast SEO plugin v27.0 - https:\/\/yoast.com\/product\/yoast-seo-wordpress\/ -->\n<title>Skolas atbalsta person\u0101ls - Valmieras 2. vidusskola<\/title>\n<meta name=\"robots\" content=\"index, follow, max-snippet:-1, max-image-preview:large, max-video-preview:-1\" \/>\n<link rel=\"canonical\" href=\"https:\/\/izglitiba.valmierasnovads.lv\/v2v\/skolas-atbalsta-personals\/\" \/>\n<meta property=\"og:locale\" content=\"lv_LV\" \/>\n<meta property=\"og:type\" content=\"article\" \/>\n<meta property=\"og:title\" content=\"Skolas atbalsta person\u0101ls - Valmieras 2. vidusskola\" \/>\n<meta property=\"og:description\" content=\"MEDIC\u012aNAS M\u0100SA Sertific\u0113ta sav\u0101 specialit\u0101t\u0113. Skolas medic\u012bnas m\u0101sa sniedz pirmo pal\u012bdz\u012bbu traumu un ak\u016btu saslim\u0161anu gad\u012bjumos. Kontrol\u0113 b\u0113rnu imuniz\u0101ciju, par [&hellip;]\" \/>\n<meta property=\"og:url\" content=\"https:\/\/izglitiba.valmierasnovads.lv\/v2v\/skolas-atbalsta-personals\/\" \/>\n<meta property=\"og:site_name\" content=\"Valmieras 2. vidusskola\" \/>\n<meta name=\"twitter:card\" content=\"summary_large_image\" \/>\n<meta name=\"twitter:label1\" content=\"Est. reading time\" \/>\n\t<meta name=\"twitter:data1\" content=\"3 min\u016btes\" \/>\n<script type=\"application\/ld+json\" class=\"yoast-schema-graph\">{\"@context\":\"https:\/\/schema.org\",\"@graph\":[{\"@type\":\"WebPage\",\"@id\":\"https:\/\/izglitiba.valmierasnovads.lv\/v2v\/skolas-atbalsta-personals\/\",\"url\":\"https:\/\/izglitiba.valmierasnovads.lv\/v2v\/skolas-atbalsta-personals\/\",\"name\":\"Skolas atbalsta person\u0101ls - Valmieras 2. vidusskola\",\"isPartOf\":{\"@id\":\"https:\/\/izglitiba.valmierasnovads.lv\/v2v\/#website\"},\"datePublished\":\"2025-08-10T12:40:03+00:00\",\"breadcrumb\":{\"@id\":\"https:\/\/izglitiba.valmierasnovads.lv\/v2v\/skolas-atbalsta-personals\/#breadcrumb\"},\"inLanguage\":\"lv-LV\",\"potentialAction\":[{\"@type\":\"ReadAction\",\"target\":[\"https:\/\/izglitiba.valmierasnovads.lv\/v2v\/skolas-atbalsta-personals\/\"]}]},{\"@type\":\"BreadcrumbList\",\"@id\":\"https:\/\/izglitiba.valmierasnovads.lv\/v2v\/skolas-atbalsta-personals\/#breadcrumb\",\"itemListElement\":[{\"@type\":\"ListItem\",\"position\":1,\"name\":\"Home\",\"item\":\"https:\/\/izglitiba.valmierasnovads.lv\/v2v\/\"},{\"@type\":\"ListItem\",\"position\":2,\"name\":\"Skolas atbalsta person\u0101ls\"}]},{\"@type\":\"WebSite\",\"@id\":\"https:\/\/izglitiba.valmierasnovads.lv\/v2v\/#website\",\"url\":\"https:\/\/izglitiba.valmierasnovads.lv\/v2v\/\",\"name\":\"Valmieras 2. vidusskola\",\"description\":\"\",\"publisher\":{\"@id\":\"https:\/\/izglitiba.valmierasnovads.lv\/v2v\/#organization\"},\"potentialAction\":[{\"@type\":\"SearchAction\",\"target\":{\"@type\":\"EntryPoint\",\"urlTemplate\":\"https:\/\/izglitiba.valmierasnovads.lv\/v2v\/?s={search_term_string}\"},\"query-input\":{\"@type\":\"PropertyValueSpecification\",\"valueRequired\":true,\"valueName\":\"search_term_string\"}}],\"inLanguage\":\"lv-LV\"},{\"@type\":\"Organization\",\"@id\":\"https:\/\/izglitiba.valmierasnovads.lv\/v2v\/#organization\",\"name\":\"Valmieras 2. vidusskola\",\"url\":\"https:\/\/izglitiba.valmierasnovads.lv\/v2v\/\",\"logo\":{\"@type\":\"ImageObject\",\"inLanguage\":\"lv-LV\",\"@id\":\"https:\/\/izglitiba.valmierasnovads.lv\/v2v\/#\/schema\/logo\/image\/\",\"url\":\"https:\/\/izglitiba.valmierasnovads.lv\/v2v\/wp-content\/uploads\/sites\/23\/2025\/04\/cropped-V2VSK-logo-PNG-1-1.png\",\"contentUrl\":\"https:\/\/izglitiba.valmierasnovads.lv\/v2v\/wp-content\/uploads\/sites\/23\/2025\/04\/cropped-V2VSK-logo-PNG-1-1.png\",\"width\":2111,\"height\":1310,\"caption\":\"Valmieras 2. vidusskola\"},\"image\":{\"@id\":\"https:\/\/izglitiba.valmierasnovads.lv\/v2v\/#\/schema\/logo\/image\/\"}}]}<\/script>\n<!-- \/ Yoast SEO plugin. -->","yoast_head_json":{"title":"Skolas atbalsta person\u0101ls - Valmieras 2. vidusskola","robots":{"index":"index","follow":"follow","max-snippet":"max-snippet:-1","max-image-preview":"max-image-preview:large","max-video-preview":"max-video-preview:-1"},"canonical":"https:\/\/izglitiba.valmierasnovads.lv\/v2v\/skolas-atbalsta-personals\/","og_locale":"lv_LV","og_type":"article","og_title":"Skolas atbalsta person\u0101ls - Valmieras 2. vidusskola","og_description":"MEDIC\u012aNAS M\u0100SA Sertific\u0113ta sav\u0101 specialit\u0101t\u0113. Skolas medic\u012bnas m\u0101sa sniedz pirmo pal\u012bdz\u012bbu traumu un ak\u016btu saslim\u0161anu gad\u012bjumos. Kontrol\u0113 b\u0113rnu imuniz\u0101ciju, par [&hellip;]","og_url":"https:\/\/izglitiba.valmierasnovads.lv\/v2v\/skolas-atbalsta-personals\/","og_site_name":"Valmieras 2. vidusskola","twitter_card":"summary_large_image","twitter_misc":{"Est. reading time":"3 min\u016btes"},"schema":{"@context":"https:\/\/schema.org","@graph":[{"@type":"WebPage","@id":"https:\/\/izglitiba.valmierasnovads.lv\/v2v\/skolas-atbalsta-personals\/","url":"https:\/\/izglitiba.valmierasnovads.lv\/v2v\/skolas-atbalsta-personals\/","name":"Skolas atbalsta person\u0101ls - Valmieras 2. vidusskola","isPartOf":{"@id":"https:\/\/izglitiba.valmierasnovads.lv\/v2v\/#website"},"datePublished":"2025-08-10T12:40:03+00:00","breadcrumb":{"@id":"https:\/\/izglitiba.valmierasnovads.lv\/v2v\/skolas-atbalsta-personals\/#breadcrumb"},"inLanguage":"lv-LV","potentialAction":[{"@type":"ReadAction","target":["https:\/\/izglitiba.valmierasnovads.lv\/v2v\/skolas-atbalsta-personals\/"]}]},{"@type":"BreadcrumbList","@id":"https:\/\/izglitiba.valmierasnovads.lv\/v2v\/skolas-atbalsta-personals\/#breadcrumb","itemListElement":[{"@type":"ListItem","position":1,"name":"Home","item":"https:\/\/izglitiba.valmierasnovads.lv\/v2v\/"},{"@type":"ListItem","position":2,"name":"Skolas atbalsta person\u0101ls"}]},{"@type":"WebSite","@id":"https:\/\/izglitiba.valmierasnovads.lv\/v2v\/#website","url":"https:\/\/izglitiba.valmierasnovads.lv\/v2v\/","name":"Valmieras 2. vidusskola","description":"","publisher":{"@id":"https:\/\/izglitiba.valmierasnovads.lv\/v2v\/#organization"},"potentialAction":[{"@type":"SearchAction","target":{"@type":"EntryPoint","urlTemplate":"https:\/\/izglitiba.valmierasnovads.lv\/v2v\/?s={search_term_string}"},"query-input":{"@type":"PropertyValueSpecification","valueRequired":true,"valueName":"search_term_string"}}],"inLanguage":"lv-LV"},{"@type":"Organization","@id":"https:\/\/izglitiba.valmierasnovads.lv\/v2v\/#organization","name":"Valmieras 2. vidusskola","url":"https:\/\/izglitiba.valmierasnovads.lv\/v2v\/","logo":{"@type":"ImageObject","inLanguage":"lv-LV","@id":"https:\/\/izglitiba.valmierasnovads.lv\/v2v\/#\/schema\/logo\/image\/","url":"https:\/\/izglitiba.valmierasnovads.lv\/v2v\/wp-content\/uploads\/sites\/23\/2025\/04\/cropped-V2VSK-logo-PNG-1-1.png","contentUrl":"https:\/\/izglitiba.valmierasnovads.lv\/v2v\/wp-content\/uploads\/sites\/23\/2025\/04\/cropped-V2VSK-logo-PNG-1-1.png","width":2111,"height":1310,"caption":"Valmieras 2. vidusskola"},"image":{"@id":"https:\/\/izglitiba.valmierasnovads.lv\/v2v\/#\/schema\/logo\/image\/"}}]}},"_links":{"self":[{"href":"https:\/\/izglitiba.valmierasnovads.lv\/v2v\/wp-json\/wp\/v2\/pages\/90","targetHints":{"allow":["GET"]}}],"collection":[{"href":"https:\/\/izglitiba.valmierasnovads.lv\/v2v\/wp-json\/wp\/v2\/pages"}],"about":[{"href":"https:\/\/izglitiba.valmierasnovads.lv\/v2v\/wp-json\/wp\/v2\/types\/page"}],"author":[{"embeddable":true,"href":"https:\/\/izglitiba.valmierasnovads.lv\/v2v\/wp-json\/wp\/v2\/users\/21"}],"replies":[{"embeddable":true,"href":"https:\/\/izglitiba.valmierasnovads.lv\/v2v\/wp-json\/wp\/v2\/comments?post=90"}],"version-history":[{"count":1,"href":"https:\/\/izglitiba.valmierasnovads.lv\/v2v\/wp-json\/wp\/v2\/pages\/90\/revisions"}],"predecessor-version":[{"id":91,"href":"https:\/\/izglitiba.valmierasnovads.lv\/v2v\/wp-json\/wp\/v2\/pages\/90\/revisions\/91"}],"wp:attachment":[{"href":"https:\/\/izglitiba.valmierasnovads.lv\/v2v\/wp-json\/wp\/v2\/media?parent=90"}],"curies":[{"name":"wp","href":"https:\/\/api.w.org\/{rel}","templated":true}]}}