{"id":1021,"date":"2025-10-19T13:20:20","date_gmt":"2025-10-19T10:20:20","guid":{"rendered":"https:\/\/izglitiba.valmierasnovads.lv\/v5v\/?page_id=1021"},"modified":"2025-10-19T13:20:20","modified_gmt":"2025-10-19T10:20:20","slug":"kiva-programma","status":"publish","type":"page","link":"https:\/\/izglitiba.valmierasnovads.lv\/v5v\/kiva-programma\/","title":{"rendered":"KiVa programma"},"content":{"rendered":"\n<p><strong>M\u0113s esam da\u013ca no KiVa programmas!<\/strong><\/p>\n\n\n\n<p><strong>Vienaud\u017eu p\u0101ridar\u012bjumu un bulinga izplat\u012bba Latvijas skolu vid\u0113 ir liel\u0101ka nek\u0101 jebkur\u0101 cit\u0101 Eiropas Savien\u012bbas valst\u012b \u2013 tre\u0161\u0101 da\u013ca skol\u0113nu vismaz p\u0101ris rei\u017eu m\u0113nes\u012b ir cietu\u0161i no vardarb\u012bbas skol\u0101, liecina OECD dati. Pied\u0101v\u0101jot vienotu r\u012bc\u012bbas pl\u0101nu, lai mazin\u0101tu un nov\u0113rstu p\u0101ridar\u012bjumu izplat\u012bbu, Valsts kanceleja sadarb\u012bb\u0101 ar Latvijas Universit\u0101ti un R\u012bgas Stradi\u0146a universit\u0101ti uzs\u0101kusi KiVa ievie\u0161anu Latvijas skol\u0101s. M\u016bsu skola ir pievienojusies KiVa programmai.<\/strong><\/p>\n\n\n\n<p><strong>Kas ir KiVa?<\/strong><\/p>\n\n\n\n<p>KiVa ir Somijas Turku Universit\u0101t\u0113 izstr\u0101d\u0101ta programma, kuras m\u0113r\u0137is ir nov\u0113rst bulingu un efekt\u012bvi risin\u0101t gad\u012bjumus, kuros tas ir noticis. KiVa nosaukums veidots no somu valodas v\u0101rdiem \u201cKiusaamisen Vastainen\u201d, kas noz\u012bm\u0113 \u201cp\u0101ridar\u012bjuma nov\u0113r\u0161ana\u201d. T\u0101 balst\u0101s uz desmitgad\u0113m ilgiem p\u0113t\u012bjumiem par vardarb\u012bbas meh\u0101nismiem un ir guvusi pla\u0161u starptautisku atzin\u012bbu. \u0160obr\u012bd programmu izmanto jau 23 valst\u012bs vis\u0101 pasaul\u0113.<\/p>\n\n\n\n<p><strong>Ko noz\u012bm\u0113 b\u016bt da\u013cai no KiVa programmas?<\/strong><\/p>\n\n\n\n<ul class=\"wp-block-list\">\n<li>Skol\u0101 str\u0101d\u0101sim pie p\u0101ridar\u012bjumu <strong>nov\u0113r\u0161anas<\/strong>. KiVa programma paredz nodarb\u012bbas visiem skol\u0113niem, akcent\u0113jot uzman\u012bbu uz nov\u0113r\u0161anas noz\u012bmi. \u0160\u012bs nodarb\u012bbas kop\u0101 ar \u012bpa\u0161i izstr\u0101d\u0101tiem pal\u012bgmateri\u0101liem veido KiVa programmas pamatu.<\/li>\n\n\n\n<li>N\u0101kamais solis ir<strong> gad\u012bjuma risin\u0101\u0161ana<\/strong>, kas sev\u012b iek\u013cauj darbu ar b\u0113rniem, kas biju\u0161i iesaist\u012bti bulinga epizod\u0113s \u2013 gan k\u0101 p\u0101ridar\u012bt\u0101ji, gan cietu\u0161ie. \u0160\u012bs epizodes tiek p\u0101rrun\u0101tas un analiz\u0113tas izmantojot KiVa\u00a0 materi\u0101lus bulinga gad\u012bjumu risin\u0101\u0161an\u0101.<\/li>\n\n\n\n<li>M\u016bsu skol\u0101 tiks veikta regul\u0101ra situ\u0101cijas <strong>uzraudz\u012bba, <\/strong>tai skait\u0101ikgad\u0113ja skol\u0113nu un darbinieku aptauja, kura sniedz atgriezenisko saiti par skolas antibulinga darba efektivit\u0101ti un to, k\u0101 b\u0113rni j\u016btas skol\u0101.<\/li>\n<\/ul>\n\n\n\n<p>M\u0113s ticam, ka KiVa m\u016bsu skol\u0101 nav \u012bslaic\u012bga iniciat\u012bva \u2013 t\u0101 k\u013c\u016bs par noz\u012bm\u012bgu un past\u0101v\u012bgu m\u016bsu darba da\u013cu. M\u0113s esam patiesi priec\u012bgi b\u016bt da\u013ca no KiVa programmas. Esam gatavi kop\u012bgiem sp\u0113kiem veidot draudzgu, dro\u0161u un iek\u013caujo\u0161u skolas vidi un sabiedr\u012bbu.<\/p>\n\n\n\n<p>Vair\u0101k par KiVa varat uzzin\u0101t <a href=\"https:\/\/www.mk.gov.lv\/lv\/programma-kiva\">\u0161eit.<\/a><\/p>\n\n\n\n<figure class=\"wp-block-image aligncenter size-full\"><img loading=\"lazy\" decoding=\"async\" width=\"620\" height=\"349\" src=\"https:\/\/izglitiba.valmierasnovads.lv\/v5v\/wp-content\/uploads\/sites\/7\/2025\/10\/image-1.png\" alt=\"\" class=\"wp-image-1022\" srcset=\"https:\/\/izglitiba.valmierasnovads.lv\/v5v\/wp-content\/uploads\/sites\/7\/2025\/10\/image-1.png 620w, https:\/\/izglitiba.valmierasnovads.lv\/v5v\/wp-content\/uploads\/sites\/7\/2025\/10\/image-1-300x169.png 300w\" sizes=\"auto, (max-width: 620px) 100vw, 620px\" \/><\/figure>\n","protected":false},"excerpt":{"rendered":"<p>M\u0113s esam da\u013ca no KiVa programmas! Vienaud\u017eu p\u0101ridar\u012bjumu un bulinga izplat\u012bba Latvijas skolu vid\u0113 ir liel\u0101ka nek\u0101 jebkur\u0101 cit\u0101 Eiropas [&hellip;]<\/p>\n","protected":false},"author":6,"featured_media":0,"parent":0,"menu_order":0,"comment_status":"closed","ping_status":"closed","template":"","meta":{"_acf_changed":false,"site-sidebar-layout":"default","site-content-layout":"","ast-site-content-layout":"default","site-content-style":"default","site-sidebar-style":"default","ast-global-header-display":"","ast-banner-title-visibility":"","ast-main-header-display":"","ast-hfb-above-header-display":"","ast-hfb-below-header-display":"","ast-hfb-mobile-header-display":"","site-post-title":"","ast-breadcrumbs-content":"","ast-featured-img":"","footer-sml-layout":"","ast-disable-related-posts":"","theme-transparent-header-meta":"","adv-header-id-meta":"","stick-header-meta":"","header-above-stick-meta":"","header-main-stick-meta":"","header-below-stick-meta":"","astra-migrate-meta-layouts":"default","ast-page-background-enabled":"default","ast-page-background-meta":{"desktop":{"background-color":"var(--ast-global-color-5)","background-image":"","background-repeat":"repeat","background-position":"center center","background-size":"auto","background-attachment":"scroll","background-type":"","background-media":"","overlay-type":"","overlay-color":"","overlay-opacity":"","overlay-gradient":""},"tablet":{"background-color":"","background-image":"","background-repeat":"repeat","background-position":"center center","background-size":"auto","background-attachment":"scroll","background-type":"","background-media":"","overlay-type":"","overlay-color":"","overlay-opacity":"","overlay-gradient":""},"mobile":{"background-color":"","background-image":"","background-repeat":"repeat","background-position":"center center","background-size":"auto","background-attachment":"scroll","background-type":"","background-media":"","overlay-type":"","overlay-color":"","overlay-opacity":"","overlay-gradient":""}},"ast-content-background-meta":{"desktop":{"background-color":"var(--ast-global-color-4)","background-image":"","background-repeat":"repeat","background-position":"center center","background-size":"auto","background-attachment":"scroll","background-type":"","background-media":"","overlay-type":"","overlay-color":"","overlay-opacity":"","overlay-gradient":""},"tablet":{"background-color":"var(--ast-global-color-4)","background-image":"","background-repeat":"repeat","background-position":"center center","background-size":"auto","background-attachment":"scroll","background-type":"","background-media":"","overlay-type":"","overlay-color":"","overlay-opacity":"","overlay-gradient":""},"mobile":{"background-color":"var(--ast-global-color-4)","background-image":"","background-repeat":"repeat","background-position":"center center","background-size":"auto","background-attachment":"scroll","background-type":"","background-media":"","overlay-type":"","overlay-color":"","overlay-opacity":"","overlay-gradient":""}},"footnotes":""},"class_list":["post-1021","page","type-page","status-publish","hentry"],"acf":[],"yoast_head":"<!-- This site is optimized with the Yoast SEO plugin v27.0 - https:\/\/yoast.com\/product\/yoast-seo-wordpress\/ -->\n<title>KiVa programma - Valmieras 5. vidusskola<\/title>\n<meta name=\"robots\" content=\"index, follow, max-snippet:-1, max-image-preview:large, max-video-preview:-1\" \/>\n<link rel=\"canonical\" href=\"https:\/\/izglitiba.valmierasnovads.lv\/v5v\/kiva-programma\/\" \/>\n<meta property=\"og:locale\" content=\"lv_LV\" \/>\n<meta property=\"og:type\" content=\"article\" \/>\n<meta property=\"og:title\" content=\"KiVa programma - Valmieras 5. vidusskola\" \/>\n<meta property=\"og:description\" content=\"M\u0113s esam da\u013ca no KiVa programmas! Vienaud\u017eu p\u0101ridar\u012bjumu un bulinga izplat\u012bba Latvijas skolu vid\u0113 ir liel\u0101ka nek\u0101 jebkur\u0101 cit\u0101 Eiropas [&hellip;]\" \/>\n<meta property=\"og:url\" content=\"https:\/\/izglitiba.valmierasnovads.lv\/v5v\/kiva-programma\/\" \/>\n<meta property=\"og:site_name\" content=\"Valmieras 5. vidusskola\" \/>\n<meta property=\"og:image\" content=\"https:\/\/izglitiba.valmierasnovads.lv\/v5v\/wp-content\/uploads\/sites\/7\/2025\/10\/image-1.png\" \/>\n\t<meta property=\"og:image:width\" content=\"620\" \/>\n\t<meta property=\"og:image:height\" content=\"349\" \/>\n\t<meta property=\"og:image:type\" content=\"image\/png\" \/>\n<meta name=\"twitter:card\" content=\"summary_large_image\" \/>\n<meta name=\"twitter:label1\" content=\"Est. reading time\" \/>\n\t<meta name=\"twitter:data1\" content=\"2 min\u016btes\" \/>\n<script type=\"application\/ld+json\" class=\"yoast-schema-graph\">{\"@context\":\"https:\/\/schema.org\",\"@graph\":[{\"@type\":\"WebPage\",\"@id\":\"https:\/\/izglitiba.valmierasnovads.lv\/v5v\/kiva-programma\/\",\"url\":\"https:\/\/izglitiba.valmierasnovads.lv\/v5v\/kiva-programma\/\",\"name\":\"KiVa programma - Valmieras 5. vidusskola\",\"isPartOf\":{\"@id\":\"https:\/\/izglitiba.valmierasnovads.lv\/v5v\/#website\"},\"primaryImageOfPage\":{\"@id\":\"https:\/\/izglitiba.valmierasnovads.lv\/v5v\/kiva-programma\/#primaryimage\"},\"image\":{\"@id\":\"https:\/\/izglitiba.valmierasnovads.lv\/v5v\/kiva-programma\/#primaryimage\"},\"thumbnailUrl\":\"https:\/\/izglitiba.valmierasnovads.lv\/v5v\/wp-content\/uploads\/sites\/7\/2025\/10\/image-1.png\",\"datePublished\":\"2025-10-19T10:20:20+00:00\",\"breadcrumb\":{\"@id\":\"https:\/\/izglitiba.valmierasnovads.lv\/v5v\/kiva-programma\/#breadcrumb\"},\"inLanguage\":\"lv-LV\",\"potentialAction\":[{\"@type\":\"ReadAction\",\"target\":[\"https:\/\/izglitiba.valmierasnovads.lv\/v5v\/kiva-programma\/\"]}]},{\"@type\":\"ImageObject\",\"inLanguage\":\"lv-LV\",\"@id\":\"https:\/\/izglitiba.valmierasnovads.lv\/v5v\/kiva-programma\/#primaryimage\",\"url\":\"https:\/\/izglitiba.valmierasnovads.lv\/v5v\/wp-content\/uploads\/sites\/7\/2025\/10\/image-1.png\",\"contentUrl\":\"https:\/\/izglitiba.valmierasnovads.lv\/v5v\/wp-content\/uploads\/sites\/7\/2025\/10\/image-1.png\",\"width\":620,\"height\":349},{\"@type\":\"BreadcrumbList\",\"@id\":\"https:\/\/izglitiba.valmierasnovads.lv\/v5v\/kiva-programma\/#breadcrumb\",\"itemListElement\":[{\"@type\":\"ListItem\",\"position\":1,\"name\":\"Home\",\"item\":\"https:\/\/izglitiba.valmierasnovads.lv\/v5v\/\"},{\"@type\":\"ListItem\",\"position\":2,\"name\":\"KiVa programma\"}]},{\"@type\":\"WebSite\",\"@id\":\"https:\/\/izglitiba.valmierasnovads.lv\/v5v\/#website\",\"url\":\"https:\/\/izglitiba.valmierasnovads.lv\/v5v\/\",\"name\":\"Valmieras 5. vidusskola\",\"description\":\"Draudz\u012bg\u0101k\u0101 skola b\u0113rniem pa\u0161\u0101 Valmieras sird\u012b, pie ezeri\u0146a!\",\"publisher\":{\"@id\":\"https:\/\/izglitiba.valmierasnovads.lv\/v5v\/#organization\"},\"potentialAction\":[{\"@type\":\"SearchAction\",\"target\":{\"@type\":\"EntryPoint\",\"urlTemplate\":\"https:\/\/izglitiba.valmierasnovads.lv\/v5v\/?s={search_term_string}\"},\"query-input\":{\"@type\":\"PropertyValueSpecification\",\"valueRequired\":true,\"valueName\":\"search_term_string\"}}],\"inLanguage\":\"lv-LV\"},{\"@type\":\"Organization\",\"@id\":\"https:\/\/izglitiba.valmierasnovads.lv\/v5v\/#organization\",\"name\":\"Valmieras 5. vidusskola\",\"url\":\"https:\/\/izglitiba.valmierasnovads.lv\/v5v\/\",\"logo\":{\"@type\":\"ImageObject\",\"inLanguage\":\"lv-LV\",\"@id\":\"https:\/\/izglitiba.valmierasnovads.lv\/v5v\/#\/schema\/logo\/image\/\",\"url\":\"https:\/\/izglitiba.valmierasnovads.lv\/v5v\/wp-content\/uploads\/sites\/7\/2026\/03\/cropped-Komplekta-ar-pasu-logo-2-scaled-1.png\",\"contentUrl\":\"https:\/\/izglitiba.valmierasnovads.lv\/v5v\/wp-content\/uploads\/sites\/7\/2026\/03\/cropped-Komplekta-ar-pasu-logo-2-scaled-1.png\",\"width\":1623,\"height\":405,\"caption\":\"Valmieras 5. vidusskola\"},\"image\":{\"@id\":\"https:\/\/izglitiba.valmierasnovads.lv\/v5v\/#\/schema\/logo\/image\/\"}}]}<\/script>\n<!-- \/ Yoast SEO plugin. -->","yoast_head_json":{"title":"KiVa programma - Valmieras 5. vidusskola","robots":{"index":"index","follow":"follow","max-snippet":"max-snippet:-1","max-image-preview":"max-image-preview:large","max-video-preview":"max-video-preview:-1"},"canonical":"https:\/\/izglitiba.valmierasnovads.lv\/v5v\/kiva-programma\/","og_locale":"lv_LV","og_type":"article","og_title":"KiVa programma - Valmieras 5. vidusskola","og_description":"M\u0113s esam da\u013ca no KiVa programmas! Vienaud\u017eu p\u0101ridar\u012bjumu un bulinga izplat\u012bba Latvijas skolu vid\u0113 ir liel\u0101ka nek\u0101 jebkur\u0101 cit\u0101 Eiropas [&hellip;]","og_url":"https:\/\/izglitiba.valmierasnovads.lv\/v5v\/kiva-programma\/","og_site_name":"Valmieras 5. vidusskola","og_image":[{"width":620,"height":349,"url":"https:\/\/izglitiba.valmierasnovads.lv\/v5v\/wp-content\/uploads\/sites\/7\/2025\/10\/image-1.png","type":"image\/png"}],"twitter_card":"summary_large_image","twitter_misc":{"Est. reading time":"2 min\u016btes"},"schema":{"@context":"https:\/\/schema.org","@graph":[{"@type":"WebPage","@id":"https:\/\/izglitiba.valmierasnovads.lv\/v5v\/kiva-programma\/","url":"https:\/\/izglitiba.valmierasnovads.lv\/v5v\/kiva-programma\/","name":"KiVa programma - Valmieras 5. vidusskola","isPartOf":{"@id":"https:\/\/izglitiba.valmierasnovads.lv\/v5v\/#website"},"primaryImageOfPage":{"@id":"https:\/\/izglitiba.valmierasnovads.lv\/v5v\/kiva-programma\/#primaryimage"},"image":{"@id":"https:\/\/izglitiba.valmierasnovads.lv\/v5v\/kiva-programma\/#primaryimage"},"thumbnailUrl":"https:\/\/izglitiba.valmierasnovads.lv\/v5v\/wp-content\/uploads\/sites\/7\/2025\/10\/image-1.png","datePublished":"2025-10-19T10:20:20+00:00","breadcrumb":{"@id":"https:\/\/izglitiba.valmierasnovads.lv\/v5v\/kiva-programma\/#breadcrumb"},"inLanguage":"lv-LV","potentialAction":[{"@type":"ReadAction","target":["https:\/\/izglitiba.valmierasnovads.lv\/v5v\/kiva-programma\/"]}]},{"@type":"ImageObject","inLanguage":"lv-LV","@id":"https:\/\/izglitiba.valmierasnovads.lv\/v5v\/kiva-programma\/#primaryimage","url":"https:\/\/izglitiba.valmierasnovads.lv\/v5v\/wp-content\/uploads\/sites\/7\/2025\/10\/image-1.png","contentUrl":"https:\/\/izglitiba.valmierasnovads.lv\/v5v\/wp-content\/uploads\/sites\/7\/2025\/10\/image-1.png","width":620,"height":349},{"@type":"BreadcrumbList","@id":"https:\/\/izglitiba.valmierasnovads.lv\/v5v\/kiva-programma\/#breadcrumb","itemListElement":[{"@type":"ListItem","position":1,"name":"Home","item":"https:\/\/izglitiba.valmierasnovads.lv\/v5v\/"},{"@type":"ListItem","position":2,"name":"KiVa programma"}]},{"@type":"WebSite","@id":"https:\/\/izglitiba.valmierasnovads.lv\/v5v\/#website","url":"https:\/\/izglitiba.valmierasnovads.lv\/v5v\/","name":"Valmieras 5. vidusskola","description":"Draudz\u012bg\u0101k\u0101 skola b\u0113rniem pa\u0161\u0101 Valmieras sird\u012b, pie ezeri\u0146a!","publisher":{"@id":"https:\/\/izglitiba.valmierasnovads.lv\/v5v\/#organization"},"potentialAction":[{"@type":"SearchAction","target":{"@type":"EntryPoint","urlTemplate":"https:\/\/izglitiba.valmierasnovads.lv\/v5v\/?s={search_term_string}"},"query-input":{"@type":"PropertyValueSpecification","valueRequired":true,"valueName":"search_term_string"}}],"inLanguage":"lv-LV"},{"@type":"Organization","@id":"https:\/\/izglitiba.valmierasnovads.lv\/v5v\/#organization","name":"Valmieras 5. vidusskola","url":"https:\/\/izglitiba.valmierasnovads.lv\/v5v\/","logo":{"@type":"ImageObject","inLanguage":"lv-LV","@id":"https:\/\/izglitiba.valmierasnovads.lv\/v5v\/#\/schema\/logo\/image\/","url":"https:\/\/izglitiba.valmierasnovads.lv\/v5v\/wp-content\/uploads\/sites\/7\/2026\/03\/cropped-Komplekta-ar-pasu-logo-2-scaled-1.png","contentUrl":"https:\/\/izglitiba.valmierasnovads.lv\/v5v\/wp-content\/uploads\/sites\/7\/2026\/03\/cropped-Komplekta-ar-pasu-logo-2-scaled-1.png","width":1623,"height":405,"caption":"Valmieras 5. vidusskola"},"image":{"@id":"https:\/\/izglitiba.valmierasnovads.lv\/v5v\/#\/schema\/logo\/image\/"}}]}},"_links":{"self":[{"href":"https:\/\/izglitiba.valmierasnovads.lv\/v5v\/wp-json\/wp\/v2\/pages\/1021","targetHints":{"allow":["GET"]}}],"collection":[{"href":"https:\/\/izglitiba.valmierasnovads.lv\/v5v\/wp-json\/wp\/v2\/pages"}],"about":[{"href":"https:\/\/izglitiba.valmierasnovads.lv\/v5v\/wp-json\/wp\/v2\/types\/page"}],"author":[{"embeddable":true,"href":"https:\/\/izglitiba.valmierasnovads.lv\/v5v\/wp-json\/wp\/v2\/users\/6"}],"replies":[{"embeddable":true,"href":"https:\/\/izglitiba.valmierasnovads.lv\/v5v\/wp-json\/wp\/v2\/comments?post=1021"}],"version-history":[{"count":1,"href":"https:\/\/izglitiba.valmierasnovads.lv\/v5v\/wp-json\/wp\/v2\/pages\/1021\/revisions"}],"predecessor-version":[{"id":1023,"href":"https:\/\/izglitiba.valmierasnovads.lv\/v5v\/wp-json\/wp\/v2\/pages\/1021\/revisions\/1023"}],"wp:attachment":[{"href":"https:\/\/izglitiba.valmierasnovads.lv\/v5v\/wp-json\/wp\/v2\/media?parent=1021"}],"curies":[{"name":"wp","href":"https:\/\/api.w.org\/{rel}","templated":true}]}}