{"id":268,"date":"2025-08-24T14:15:14","date_gmt":"2025-08-24T11:15:14","guid":{"rendered":"https:\/\/izglitiba.valmierasnovads.lv\/v5v\/?page_id=268"},"modified":"2025-08-24T15:32:01","modified_gmt":"2025-08-24T12:32:01","slug":"simbolika","status":"publish","type":"page","link":"https:\/\/izglitiba.valmierasnovads.lv\/v5v\/simbolika\/","title":{"rendered":"Simbolika"},"content":{"rendered":"\n<h2 class=\"wp-block-heading has-text-align-center\">Skolas logo<\/h2>\n\n\n\n<div class=\"wp-block-group is-vertical is-layout-flex wp-container-core-group-is-layout-fe9cc265 wp-block-group-is-layout-flex\">\n<div class=\"wp-block-group has-large-font-size is-horizontal is-content-justification-center is-nowrap is-layout-flex wp-container-core-group-is-layout-2256e7f1 wp-block-group-is-layout-flex\">\n<figure class=\"wp-block-image size-large\"><img loading=\"lazy\" decoding=\"async\" width=\"1024\" height=\"758\" src=\"https:\/\/izglitiba.valmierasnovads.lv\/v5v\/wp-content\/uploads\/sites\/7\/2025\/08\/image-26-1024x758.png\" alt=\"\" class=\"wp-image-472\" srcset=\"https:\/\/izglitiba.valmierasnovads.lv\/v5v\/wp-content\/uploads\/sites\/7\/2025\/08\/image-26-1024x758.png 1024w, https:\/\/izglitiba.valmierasnovads.lv\/v5v\/wp-content\/uploads\/sites\/7\/2025\/08\/image-26-300x222.png 300w, https:\/\/izglitiba.valmierasnovads.lv\/v5v\/wp-content\/uploads\/sites\/7\/2025\/08\/image-26-768x569.png 768w, https:\/\/izglitiba.valmierasnovads.lv\/v5v\/wp-content\/uploads\/sites\/7\/2025\/08\/image-26.png 1280w\" sizes=\"auto, (max-width: 1024px) 100vw, 1024px\" \/><\/figure>\n\n\n\n<figure class=\"wp-block-image size-large\"><img loading=\"lazy\" decoding=\"async\" width=\"1024\" height=\"528\" src=\"https:\/\/izglitiba.valmierasnovads.lv\/v5v\/wp-content\/uploads\/sites\/7\/2025\/08\/image-28-1024x528.png\" alt=\"\" class=\"wp-image-474\" srcset=\"https:\/\/izglitiba.valmierasnovads.lv\/v5v\/wp-content\/uploads\/sites\/7\/2025\/08\/image-28-1024x528.png 1024w, https:\/\/izglitiba.valmierasnovads.lv\/v5v\/wp-content\/uploads\/sites\/7\/2025\/08\/image-28-300x155.png 300w, https:\/\/izglitiba.valmierasnovads.lv\/v5v\/wp-content\/uploads\/sites\/7\/2025\/08\/image-28-768x396.png 768w, https:\/\/izglitiba.valmierasnovads.lv\/v5v\/wp-content\/uploads\/sites\/7\/2025\/08\/image-28.png 1280w\" sizes=\"auto, (max-width: 1024px) 100vw, 1024px\" \/><\/figure>\n<\/div>\n\n\n\n<p>Rad\u012bts 2008.gad\u0101. Logo autore IT skolot\u0101ja\u00a0<strong>Vidaga \u0100boli\u0146a<\/strong>. Logo izmantots latvju z\u012bmes \u2013 Ausekl\u012b\u0161a- simbols, kas atrodams skolas griestu un gr\u012bdas dekorat\u012bvajos z\u012bm\u0113jumos, k\u0101 ar\u012b Valmieras sen\u0101 nocietin\u0101juma &#8211; Dzirnavu ezeri\u0146a, kura krast\u0101 atrodas skolas \u0113ka, &#8211; mot\u012bvs.<br>2019.gad\u0101 skolas logo, \u0146emot par pamatu\u00a0<strong>Vidagas \u0100boli\u0146as<\/strong>\u00a0veidoto logo, atjaunots. Autore<strong>\u00a0Ilze Mince<\/strong>.<\/p>\n<\/div>\n\n\n\n<h2 class=\"wp-block-heading has-text-align-center\">Skolas himna\u00a0<\/h2>\n\n\n\n<p>Izveidota 1999.gad\u0101. V\u0101rdu autore skolniece\u00a0<strong>An\u017eela C\u012brule<\/strong>, m\u016bzikas autore m\u016bzikas skolot\u0101ja\u00a0<strong>Ilona Veide<\/strong>. Himna izveidota par godu skolas 60 gadu jubilejai. Savuk\u0101rt skolas 75.dzim\u0161anas dienai un absolventu salidojumam par godu,\u00a0 izveidots zem\u0101k dzirdamais ieraksts. To 2015.gad\u0101 iedzied\u0101ja skolas absolventes\u00a0<strong>Linda Lazdi\u0146a<\/strong>,\u00a0<strong>Nora Urb\u0101ne<\/strong>\u00a0un\u00a0<strong>Elza Medne<\/strong>.\u00a0<\/p>\n\n\n\n<h2 class=\"wp-block-heading has-text-align-center\">Skolas karogs<\/h2>\n\n\n\n<p>Skolai nav saglab\u0101jies v\u0113sturiskais karogs, un ir \u013coti skopa inform\u0101cija par to, k\u0101ds tas izskat\u012bjies. Ta\u010du ir zin\u0101ma senaj\u0101 skolas karog\u0101 rakst\u012bt\u0101 dev\u012bze: \u201eAsu pr\u0101tu, skaidru sirdi, darb\u0101 augsim Latvijai!\u201d<br>V\u0113lamies izveidot skolas karogu un aicin\u0101m visus skolai pieder\u012bgos atbalst\u012bt skolas karoga izveido\u0161anu, ziedojot naudas l\u012bdzek\u013cus skolas atbalsta fond\u0101 \u201eSkolai pie ezeri\u0146a\u201d ar nor\u0101di \u2013 skolas karoga izveido\u0161anai.<br><em>Fonda rekviz\u012bti:<\/em>\u00a0Nodibin\u0101jums &#8220;Fonds &#8211; skolai pie ezeri\u0146a&#8221; Re\u0123.nr. LV4000805604 Adrese: Rai\u0146a iela 3, Valmiera, LV-4201 Banka: SEB banka Bankas kods: UNLALV2X018 Konta nr. LV47UNLA0050000721879<\/p>\n\n\n\n<p class=\"has-text-align-center has-medium-font-size\"><strong>Moto: \u201eAsu pr\u0101tu, skaidru sirdi, darb\u0101 augsim Latvijai!\u201d<\/strong><\/p>\n\n\n\n<p><\/p>\n\n\n\n<p><\/p>\n","protected":false},"excerpt":{"rendered":"<p>Skolas logo Rad\u012bts 2008.gad\u0101. Logo autore IT skolot\u0101ja\u00a0Vidaga \u0100boli\u0146a. Logo izmantots latvju z\u012bmes \u2013 Ausekl\u012b\u0161a- simbols, kas atrodams skolas griestu [&hellip;]<\/p>\n","protected":false},"author":6,"featured_media":0,"parent":0,"menu_order":0,"comment_status":"closed","ping_status":"closed","template":"","meta":{"_acf_changed":false,"site-sidebar-layout":"default","site-content-layout":"","ast-site-content-layout":"default","site-content-style":"default","site-sidebar-style":"default","ast-global-header-display":"","ast-banner-title-visibility":"","ast-main-header-display":"","ast-hfb-above-header-display":"","ast-hfb-below-header-display":"","ast-hfb-mobile-header-display":"","site-post-title":"","ast-breadcrumbs-content":"","ast-featured-img":"","footer-sml-layout":"","ast-disable-related-posts":"","theme-transparent-header-meta":"","adv-header-id-meta":"","stick-header-meta":"","header-above-stick-meta":"","header-main-stick-meta":"","header-below-stick-meta":"","astra-migrate-meta-layouts":"default","ast-page-background-enabled":"default","ast-page-background-meta":{"desktop":{"background-color":"var(--ast-global-color-5)","background-image":"","background-repeat":"repeat","background-position":"center center","background-size":"auto","background-attachment":"scroll","background-type":"","background-media":"","overlay-type":"","overlay-color":"","overlay-opacity":"","overlay-gradient":""},"tablet":{"background-color":"","background-image":"","background-repeat":"repeat","background-position":"center center","background-size":"auto","background-attachment":"scroll","background-type":"","background-media":"","overlay-type":"","overlay-color":"","overlay-opacity":"","overlay-gradient":""},"mobile":{"background-color":"","background-image":"","background-repeat":"repeat","background-position":"center center","background-size":"auto","background-attachment":"scroll","background-type":"","background-media":"","overlay-type":"","overlay-color":"","overlay-opacity":"","overlay-gradient":""}},"ast-content-background-meta":{"desktop":{"background-color":"var(--ast-global-color-4)","background-image":"","background-repeat":"repeat","background-position":"center center","background-size":"auto","background-attachment":"scroll","background-type":"","background-media":"","overlay-type":"","overlay-color":"","overlay-opacity":"","overlay-gradient":""},"tablet":{"background-color":"var(--ast-global-color-4)","background-image":"","background-repeat":"repeat","background-position":"center center","background-size":"auto","background-attachment":"scroll","background-type":"","background-media":"","overlay-type":"","overlay-color":"","overlay-opacity":"","overlay-gradient":""},"mobile":{"background-color":"var(--ast-global-color-4)","background-image":"","background-repeat":"repeat","background-position":"center center","background-size":"auto","background-attachment":"scroll","background-type":"","background-media":"","overlay-type":"","overlay-color":"","overlay-opacity":"","overlay-gradient":""}},"footnotes":""},"class_list":["post-268","page","type-page","status-publish","hentry"],"acf":[],"yoast_head":"<!-- This site is optimized with the Yoast SEO plugin v27.0 - https:\/\/yoast.com\/product\/yoast-seo-wordpress\/ -->\n<title>Simbolika - Valmieras 5. vidusskola<\/title>\n<meta name=\"robots\" content=\"index, follow, max-snippet:-1, max-image-preview:large, max-video-preview:-1\" \/>\n<link rel=\"canonical\" href=\"https:\/\/izglitiba.valmierasnovads.lv\/v5v\/simbolika\/\" \/>\n<meta property=\"og:locale\" content=\"lv_LV\" \/>\n<meta property=\"og:type\" content=\"article\" \/>\n<meta property=\"og:title\" content=\"Simbolika - Valmieras 5. vidusskola\" \/>\n<meta property=\"og:description\" content=\"Skolas logo Rad\u012bts 2008.gad\u0101. Logo autore IT skolot\u0101ja\u00a0Vidaga \u0100boli\u0146a. Logo izmantots latvju z\u012bmes \u2013 Ausekl\u012b\u0161a- simbols, kas atrodams skolas griestu [&hellip;]\" \/>\n<meta property=\"og:url\" content=\"https:\/\/izglitiba.valmierasnovads.lv\/v5v\/simbolika\/\" \/>\n<meta property=\"og:site_name\" content=\"Valmieras 5. vidusskola\" \/>\n<meta property=\"article:modified_time\" content=\"2025-08-24T12:32:01+00:00\" \/>\n<meta property=\"og:image\" content=\"https:\/\/izglitiba.valmierasnovads.lv\/v5v\/wp-content\/uploads\/sites\/7\/2025\/08\/image-26-1024x758.png\" \/>\n<meta name=\"twitter:card\" content=\"summary_large_image\" \/>\n<meta name=\"twitter:label1\" content=\"Est. reading time\" \/>\n\t<meta name=\"twitter:data1\" content=\"2 min\u016btes\" \/>\n<script type=\"application\/ld+json\" class=\"yoast-schema-graph\">{\"@context\":\"https:\/\/schema.org\",\"@graph\":[{\"@type\":\"WebPage\",\"@id\":\"https:\/\/izglitiba.valmierasnovads.lv\/v5v\/simbolika\/\",\"url\":\"https:\/\/izglitiba.valmierasnovads.lv\/v5v\/simbolika\/\",\"name\":\"Simbolika - Valmieras 5. vidusskola\",\"isPartOf\":{\"@id\":\"https:\/\/izglitiba.valmierasnovads.lv\/v5v\/#website\"},\"primaryImageOfPage\":{\"@id\":\"https:\/\/izglitiba.valmierasnovads.lv\/v5v\/simbolika\/#primaryimage\"},\"image\":{\"@id\":\"https:\/\/izglitiba.valmierasnovads.lv\/v5v\/simbolika\/#primaryimage\"},\"thumbnailUrl\":\"https:\/\/izglitiba.valmierasnovads.lv\/v5v\/wp-content\/uploads\/sites\/7\/2025\/08\/image-26-1024x758.png\",\"datePublished\":\"2025-08-24T11:15:14+00:00\",\"dateModified\":\"2025-08-24T12:32:01+00:00\",\"breadcrumb\":{\"@id\":\"https:\/\/izglitiba.valmierasnovads.lv\/v5v\/simbolika\/#breadcrumb\"},\"inLanguage\":\"lv-LV\",\"potentialAction\":[{\"@type\":\"ReadAction\",\"target\":[\"https:\/\/izglitiba.valmierasnovads.lv\/v5v\/simbolika\/\"]}]},{\"@type\":\"ImageObject\",\"inLanguage\":\"lv-LV\",\"@id\":\"https:\/\/izglitiba.valmierasnovads.lv\/v5v\/simbolika\/#primaryimage\",\"url\":\"https:\/\/izglitiba.valmierasnovads.lv\/v5v\/wp-content\/uploads\/sites\/7\/2025\/08\/image-26.png\",\"contentUrl\":\"https:\/\/izglitiba.valmierasnovads.lv\/v5v\/wp-content\/uploads\/sites\/7\/2025\/08\/image-26.png\",\"width\":1280,\"height\":948},{\"@type\":\"BreadcrumbList\",\"@id\":\"https:\/\/izglitiba.valmierasnovads.lv\/v5v\/simbolika\/#breadcrumb\",\"itemListElement\":[{\"@type\":\"ListItem\",\"position\":1,\"name\":\"Home\",\"item\":\"https:\/\/izglitiba.valmierasnovads.lv\/v5v\/\"},{\"@type\":\"ListItem\",\"position\":2,\"name\":\"Simbolika\"}]},{\"@type\":\"WebSite\",\"@id\":\"https:\/\/izglitiba.valmierasnovads.lv\/v5v\/#website\",\"url\":\"https:\/\/izglitiba.valmierasnovads.lv\/v5v\/\",\"name\":\"Valmieras 5. vidusskola\",\"description\":\"Draudz\u012bg\u0101k\u0101 skola b\u0113rniem pa\u0161\u0101 Valmieras sird\u012b, pie ezeri\u0146a!\",\"publisher\":{\"@id\":\"https:\/\/izglitiba.valmierasnovads.lv\/v5v\/#organization\"},\"potentialAction\":[{\"@type\":\"SearchAction\",\"target\":{\"@type\":\"EntryPoint\",\"urlTemplate\":\"https:\/\/izglitiba.valmierasnovads.lv\/v5v\/?s={search_term_string}\"},\"query-input\":{\"@type\":\"PropertyValueSpecification\",\"valueRequired\":true,\"valueName\":\"search_term_string\"}}],\"inLanguage\":\"lv-LV\"},{\"@type\":\"Organization\",\"@id\":\"https:\/\/izglitiba.valmierasnovads.lv\/v5v\/#organization\",\"name\":\"Valmieras 5. vidusskola\",\"url\":\"https:\/\/izglitiba.valmierasnovads.lv\/v5v\/\",\"logo\":{\"@type\":\"ImageObject\",\"inLanguage\":\"lv-LV\",\"@id\":\"https:\/\/izglitiba.valmierasnovads.lv\/v5v\/#\/schema\/logo\/image\/\",\"url\":\"https:\/\/izglitiba.valmierasnovads.lv\/v5v\/wp-content\/uploads\/sites\/7\/2026\/03\/cropped-Komplekta-ar-pasu-logo-2-scaled-1.png\",\"contentUrl\":\"https:\/\/izglitiba.valmierasnovads.lv\/v5v\/wp-content\/uploads\/sites\/7\/2026\/03\/cropped-Komplekta-ar-pasu-logo-2-scaled-1.png\",\"width\":1623,\"height\":405,\"caption\":\"Valmieras 5. vidusskola\"},\"image\":{\"@id\":\"https:\/\/izglitiba.valmierasnovads.lv\/v5v\/#\/schema\/logo\/image\/\"}}]}<\/script>\n<!-- \/ Yoast SEO plugin. -->","yoast_head_json":{"title":"Simbolika - Valmieras 5. vidusskola","robots":{"index":"index","follow":"follow","max-snippet":"max-snippet:-1","max-image-preview":"max-image-preview:large","max-video-preview":"max-video-preview:-1"},"canonical":"https:\/\/izglitiba.valmierasnovads.lv\/v5v\/simbolika\/","og_locale":"lv_LV","og_type":"article","og_title":"Simbolika - Valmieras 5. vidusskola","og_description":"Skolas logo Rad\u012bts 2008.gad\u0101. Logo autore IT skolot\u0101ja\u00a0Vidaga \u0100boli\u0146a. Logo izmantots latvju z\u012bmes \u2013 Ausekl\u012b\u0161a- simbols, kas atrodams skolas griestu [&hellip;]","og_url":"https:\/\/izglitiba.valmierasnovads.lv\/v5v\/simbolika\/","og_site_name":"Valmieras 5. vidusskola","article_modified_time":"2025-08-24T12:32:01+00:00","og_image":[{"url":"https:\/\/izglitiba.valmierasnovads.lv\/v5v\/wp-content\/uploads\/sites\/7\/2025\/08\/image-26-1024x758.png","type":"","width":"","height":""}],"twitter_card":"summary_large_image","twitter_misc":{"Est. reading time":"2 min\u016btes"},"schema":{"@context":"https:\/\/schema.org","@graph":[{"@type":"WebPage","@id":"https:\/\/izglitiba.valmierasnovads.lv\/v5v\/simbolika\/","url":"https:\/\/izglitiba.valmierasnovads.lv\/v5v\/simbolika\/","name":"Simbolika - Valmieras 5. vidusskola","isPartOf":{"@id":"https:\/\/izglitiba.valmierasnovads.lv\/v5v\/#website"},"primaryImageOfPage":{"@id":"https:\/\/izglitiba.valmierasnovads.lv\/v5v\/simbolika\/#primaryimage"},"image":{"@id":"https:\/\/izglitiba.valmierasnovads.lv\/v5v\/simbolika\/#primaryimage"},"thumbnailUrl":"https:\/\/izglitiba.valmierasnovads.lv\/v5v\/wp-content\/uploads\/sites\/7\/2025\/08\/image-26-1024x758.png","datePublished":"2025-08-24T11:15:14+00:00","dateModified":"2025-08-24T12:32:01+00:00","breadcrumb":{"@id":"https:\/\/izglitiba.valmierasnovads.lv\/v5v\/simbolika\/#breadcrumb"},"inLanguage":"lv-LV","potentialAction":[{"@type":"ReadAction","target":["https:\/\/izglitiba.valmierasnovads.lv\/v5v\/simbolika\/"]}]},{"@type":"ImageObject","inLanguage":"lv-LV","@id":"https:\/\/izglitiba.valmierasnovads.lv\/v5v\/simbolika\/#primaryimage","url":"https:\/\/izglitiba.valmierasnovads.lv\/v5v\/wp-content\/uploads\/sites\/7\/2025\/08\/image-26.png","contentUrl":"https:\/\/izglitiba.valmierasnovads.lv\/v5v\/wp-content\/uploads\/sites\/7\/2025\/08\/image-26.png","width":1280,"height":948},{"@type":"BreadcrumbList","@id":"https:\/\/izglitiba.valmierasnovads.lv\/v5v\/simbolika\/#breadcrumb","itemListElement":[{"@type":"ListItem","position":1,"name":"Home","item":"https:\/\/izglitiba.valmierasnovads.lv\/v5v\/"},{"@type":"ListItem","position":2,"name":"Simbolika"}]},{"@type":"WebSite","@id":"https:\/\/izglitiba.valmierasnovads.lv\/v5v\/#website","url":"https:\/\/izglitiba.valmierasnovads.lv\/v5v\/","name":"Valmieras 5. vidusskola","description":"Draudz\u012bg\u0101k\u0101 skola b\u0113rniem pa\u0161\u0101 Valmieras sird\u012b, pie ezeri\u0146a!","publisher":{"@id":"https:\/\/izglitiba.valmierasnovads.lv\/v5v\/#organization"},"potentialAction":[{"@type":"SearchAction","target":{"@type":"EntryPoint","urlTemplate":"https:\/\/izglitiba.valmierasnovads.lv\/v5v\/?s={search_term_string}"},"query-input":{"@type":"PropertyValueSpecification","valueRequired":true,"valueName":"search_term_string"}}],"inLanguage":"lv-LV"},{"@type":"Organization","@id":"https:\/\/izglitiba.valmierasnovads.lv\/v5v\/#organization","name":"Valmieras 5. vidusskola","url":"https:\/\/izglitiba.valmierasnovads.lv\/v5v\/","logo":{"@type":"ImageObject","inLanguage":"lv-LV","@id":"https:\/\/izglitiba.valmierasnovads.lv\/v5v\/#\/schema\/logo\/image\/","url":"https:\/\/izglitiba.valmierasnovads.lv\/v5v\/wp-content\/uploads\/sites\/7\/2026\/03\/cropped-Komplekta-ar-pasu-logo-2-scaled-1.png","contentUrl":"https:\/\/izglitiba.valmierasnovads.lv\/v5v\/wp-content\/uploads\/sites\/7\/2026\/03\/cropped-Komplekta-ar-pasu-logo-2-scaled-1.png","width":1623,"height":405,"caption":"Valmieras 5. vidusskola"},"image":{"@id":"https:\/\/izglitiba.valmierasnovads.lv\/v5v\/#\/schema\/logo\/image\/"}}]}},"_links":{"self":[{"href":"https:\/\/izglitiba.valmierasnovads.lv\/v5v\/wp-json\/wp\/v2\/pages\/268","targetHints":{"allow":["GET"]}}],"collection":[{"href":"https:\/\/izglitiba.valmierasnovads.lv\/v5v\/wp-json\/wp\/v2\/pages"}],"about":[{"href":"https:\/\/izglitiba.valmierasnovads.lv\/v5v\/wp-json\/wp\/v2\/types\/page"}],"author":[{"embeddable":true,"href":"https:\/\/izglitiba.valmierasnovads.lv\/v5v\/wp-json\/wp\/v2\/users\/6"}],"replies":[{"embeddable":true,"href":"https:\/\/izglitiba.valmierasnovads.lv\/v5v\/wp-json\/wp\/v2\/comments?post=268"}],"version-history":[{"count":5,"href":"https:\/\/izglitiba.valmierasnovads.lv\/v5v\/wp-json\/wp\/v2\/pages\/268\/revisions"}],"predecessor-version":[{"id":483,"href":"https:\/\/izglitiba.valmierasnovads.lv\/v5v\/wp-json\/wp\/v2\/pages\/268\/revisions\/483"}],"wp:attachment":[{"href":"https:\/\/izglitiba.valmierasnovads.lv\/v5v\/wp-json\/wp\/v2\/media?parent=268"}],"curies":[{"name":"wp","href":"https:\/\/api.w.org\/{rel}","templated":true}]}}