{"id":270,"date":"2025-08-24T14:15:51","date_gmt":"2025-08-24T11:15:51","guid":{"rendered":"https:\/\/izglitiba.valmierasnovads.lv\/v5v\/?page_id=270"},"modified":"2026-03-27T11:54:24","modified_gmt":"2026-03-27T09:54:24","slug":"normativie-dokumenti","status":"publish","type":"page","link":"https:\/\/izglitiba.valmierasnovads.lv\/v5v\/normativie-dokumenti\/","title":{"rendered":"Normat\u012bvie dokumenti"},"content":{"rendered":"\n<p><em>Skolas vietnes atjauno\u0161anas d\u0113\u013c da\u013ca dokumentu nav pieejami, tie tiks public\u0113ti dr\u012bzum\u0101.<\/em><\/p>\n\n\n\n<ul class=\"wp-block-list\">\n<li class=\"has-ast-global-color-3-color has-text-color has-link-color wp-elements-48375603e729a255eb207f421e2889a0\"><a href=\"https:\/\/drive.google.com\/file\/d\/1Uceu823TDIqChV2vlrX0xFr3vrrSMT35\/view?usp=sharing\" target=\"_blank\" rel=\"noreferrer noopener\"><strong>Skolas nolikums<\/strong><\/a><\/li>\n\n\n\n<li class=\"has-ast-global-color-3-color has-text-color has-link-color wp-elements-30827d523e6d8951e45aaac2b3be17b8\"><a href=\"https:\/\/docs.google.com\/document\/d\/1H7zT8DqUCuXZ59m2qbi7nWSETqvQ9tt1\/edit?usp=sharing&amp;ouid=116938945461210126635&amp;rtpof=true&amp;sd=true\" target=\"_blank\" rel=\"noreferrer noopener\">Att\u012bst\u012bbas pl\u0101ns 2026.-2029.gadam<\/a><\/li>\n\n\n\n<li class=\"has-ast-global-color-3-color has-text-color has-link-color wp-elements-4d2047a3b0015d4c829aef21d87e088b\"><a href=\"https:\/\/drive.google.com\/file\/d\/1GRT9o1WxI1cYOM_8d7i6NogJ0dreqAtA\/view?usp=sharing\" target=\"_blank\" rel=\"noreferrer noopener\"><strong>Akredit\u0101cijas ekspertu komisijas zi\u0146ojums<\/strong><\/a>&nbsp;<\/li>\n\n\n\n<li class=\"has-ast-global-color-3-color has-text-color has-link-color wp-elements-529e45beac82925ae8bea9e02629746a\"><a href=\"https:\/\/docs.google.com\/document\/d\/1-bBNWEshyA-3G4Rbx6goC1MKqQw_GWp1\/edit?usp=sharing&amp;ouid=116938945461210126635&amp;rtpof=true&amp;sd=true\" target=\"_blank\" rel=\"noreferrer noopener\"><strong>Valmieras 5. vidusskolas pa\u0161nov\u0113rt\u0113juma zi\u0146ojums<\/strong><\/a><\/li>\n\n\n\n<li class=\"has-ast-global-color-3-color has-text-color has-link-color wp-elements-18274c65466378710d27c6421fee76b2\"><strong><a href=\"https:\/\/drive.google.com\/file\/d\/1Qups3zxeurs8JrMw9LA2dCK8u0wspZQM\/view?usp=drive_link\" target=\"_blank\" rel=\"noreferrer noopener\">Valmieras 5.vidusskolas iek\u0161\u0113j\u0101s k\u0101rt\u012bbas noteikumi izgl\u012btojamiem<\/a><\/strong><\/li>\n\n\n\n<li class=\"has-ast-global-color-3-color has-text-color has-link-color wp-elements-357403dd9c887e1d70d82659d941ec9b\"><a href=\"https:\/\/drive.google.com\/file\/d\/1uoHBXHoFSEnAH_OwB167mRbWLvTMZ7Jt\/view?usp=drive_link\" target=\"_blank\" rel=\"noreferrer noopener\"><strong>Darba k\u0101rt\u012bbas noteikumi<\/strong><\/a>&nbsp;<\/li>\n<\/ul>\n\n\n\n<h2 class=\"wp-block-heading has-text-align-left\"><strong>Iek\u0161\u0113jie normat\u012bvie dokumenti<\/strong><\/h2>\n\n\n\n<ul class=\"wp-block-list\">\n<li class=\"has-ast-global-color-3-color has-text-color has-link-color wp-elements-36ef43ebb4efde05ba00a3ab1b4232f3\"><a href=\"https:\/\/drive.google.com\/file\/d\/1Xurvk1ihL8voHLybvdRe-2JgQdolaLmg\/view?usp=drive_link\" target=\"_blank\" rel=\"noreferrer noopener\"><strong>K\u0101rt\u012bba, k\u0101d\u0101 v\u0113rt\u0113 m\u0101c\u012bbu sasniegumus Valmieras 5.vidusskol\u0101<\/strong><\/a><\/li>\n\n\n\n<li class=\"has-ast-global-color-3-color has-text-color has-link-color wp-elements-2ed9c60e4cdc9eee644c8819b8da043e\"><a href=\"https:\/\/drive.google.com\/file\/d\/1Wq_ZGCmW6_mwEM3ucKqs2hbWPB6VKHoW\/view?usp=drive_link\" target=\"_blank\" rel=\"noreferrer noopener\"><strong>K\u0101rt\u012bba izgl\u012btojamo speci\u0101lo vajadz\u012bbu noteik\u0161anai un izgl\u012bt\u012bbas programmas apguves individu\u0101lo m\u0101c\u012bbu pl\u0101nu izstr\u0101dei un \u012bsteno\u0161anai<\/strong><\/a><\/li>\n\n\n\n<li class=\"has-ast-global-color-3-color has-text-color has-link-color wp-elements-453c44b1780ab60b151a2f50a6807ef5\"><a href=\"https:\/\/drive.google.com\/file\/d\/1RI3KR1uFiY_1GBZGco8ZuP1FMpwwOXMO\/view?usp=sharing\" target=\"_blank\" rel=\"noreferrer noopener\"><strong>K\u0101rt\u012bba, k\u0101d\u0101 tiek nodro\u0161in\u0101ta izgl\u012btojamo dro\u0161\u012bba Valmieras 5.vidusskolas organiz\u0113tajos pas\u0101kumos<\/strong><\/a><\/li>\n\n\n\n<li class=\"has-ast-global-color-3-color has-text-color has-link-color wp-elements-01006705a206a5c687eede259e118473\"><a href=\"https:\/\/drive.google.com\/file\/d\/1sgrPuynXVYe5mCDitz-Ihdpc7QBeMgah\/view?usp=sharing\" target=\"_blank\" rel=\"noreferrer noopener\"><strong>K\u0101rt\u012bba, k\u0101d\u0101 inform\u0113 un re\u0123istr\u0113 skol\u0113nu neiera\u0161anos Valmieras 5.vidusskol\u0101<\/strong><\/a><\/li>\n\n\n\n<li class=\"has-ast-global-color-3-color has-text-color has-link-color wp-elements-678ed60eecb0daab19d83e0fa24e2cbd\"><a href=\"https:\/\/drive.google.com\/file\/d\/1coyduftCoo7YhI3SejA6v4-ErgXrwjaz\/view?usp=drive_link\" target=\"_blank\" rel=\"noreferrer noopener\"><strong>Valmieras 5. vidusskolas pagarin\u0101t\u0101s dienas grupas k\u0101rt\u012bba<\/strong><\/a><\/li>\n\n\n\n<li class=\"has-ast-global-color-3-color has-text-color has-link-color wp-elements-daabda97c0bddb385025dfdc2191bae4\"><a href=\"https:\/\/drive.google.com\/file\/d\/1oMyxck0fb21goibl8Iy8s0EQf4QHLOJL\/view?usp=drive_link\" target=\"_blank\" rel=\"noreferrer noopener\"><strong>Skol\u0113nu vec\u0101ku un citu nepiedero\u0161u personu uztur\u0113\u0161an\u0101s k\u0101rt\u012bba Valmieras 5. vidusskol\u0101<\/strong><\/a><\/li>\n\n\n\n<li class=\"has-ast-global-color-3-color has-text-color has-link-color wp-elements-75723d090eb8575036beebffa8d11be2\"><a href=\"https:\/\/drive.google.com\/open?id=16O68PKQSSHOiknQNkfVS9CXcsoVMUyyG\" target=\"_blank\" rel=\"noreferrer noopener\"><strong>K\u0101rt\u012bba, k\u0101d\u0101 r\u012bkoties, ja izgl\u012btojamais apdraud savu vai citu personu dro\u0161\u012bbu, vesel\u012bbu vai dz\u012bv\u012bbu un ja tiek konstat\u0113ta fiziska vai emocion\u0101la vardarb\u012bba pret izgl\u012btojamo<\/strong><\/a><\/li>\n\n\n\n<li class=\"has-ast-global-color-3-color has-text-color has-link-color wp-elements-678511de71abd594273b02aafecb8dd0\"><a href=\"https:\/\/drive.google.com\/file\/d\/1ci-M9LpyryJAYm6mzkRakk0OwMn1ICYd\/view?usp=sharing\" target=\"_blank\" rel=\"noreferrer noopener\"><strong>R\u012bc\u012bbas sh\u0113ma, ja izgl\u012bt\u012bbas iest\u0101d\u0113 konstat\u0113 emocion\u0101lu, fizisku vardarb\u012bbu starp izgl\u012btojamiem<\/strong><\/a><\/li>\n<\/ul>\n","protected":false},"excerpt":{"rendered":"<p>Skolas vietnes atjauno\u0161anas d\u0113\u013c da\u013ca dokumentu nav pieejami, tie tiks public\u0113ti dr\u012bzum\u0101. Iek\u0161\u0113jie normat\u012bvie dokumenti<\/p>\n","protected":false},"author":6,"featured_media":0,"parent":0,"menu_order":0,"comment_status":"closed","ping_status":"closed","template":"","meta":{"_acf_changed":false,"site-sidebar-layout":"default","site-content-layout":"","ast-site-content-layout":"default","site-content-style":"default","site-sidebar-style":"default","ast-global-header-display":"","ast-banner-title-visibility":"","ast-main-header-display":"","ast-hfb-above-header-display":"","ast-hfb-below-header-display":"","ast-hfb-mobile-header-display":"","site-post-title":"","ast-breadcrumbs-content":"","ast-featured-img":"","footer-sml-layout":"","ast-disable-related-posts":"","theme-transparent-header-meta":"","adv-header-id-meta":"","stick-header-meta":"","header-above-stick-meta":"","header-main-stick-meta":"","header-below-stick-meta":"","astra-migrate-meta-layouts":"default","ast-page-background-enabled":"default","ast-page-background-meta":{"desktop":{"background-color":"var(--ast-global-color-5)","background-image":"","background-repeat":"repeat","background-position":"center center","background-size":"auto","background-attachment":"scroll","background-type":"","background-media":"","overlay-type":"","overlay-color":"","overlay-opacity":"","overlay-gradient":""},"tablet":{"background-color":"","background-image":"","background-repeat":"repeat","background-position":"center center","background-size":"auto","background-attachment":"scroll","background-type":"","background-media":"","overlay-type":"","overlay-color":"","overlay-opacity":"","overlay-gradient":""},"mobile":{"background-color":"","background-image":"","background-repeat":"repeat","background-position":"center center","background-size":"auto","background-attachment":"scroll","background-type":"","background-media":"","overlay-type":"","overlay-color":"","overlay-opacity":"","overlay-gradient":""}},"ast-content-background-meta":{"desktop":{"background-color":"var(--ast-global-color-4)","background-image":"","background-repeat":"repeat","background-position":"center center","background-size":"auto","background-attachment":"scroll","background-type":"","background-media":"","overlay-type":"","overlay-color":"","overlay-opacity":"","overlay-gradient":""},"tablet":{"background-color":"var(--ast-global-color-4)","background-image":"","background-repeat":"repeat","background-position":"center center","background-size":"auto","background-attachment":"scroll","background-type":"","background-media":"","overlay-type":"","overlay-color":"","overlay-opacity":"","overlay-gradient":""},"mobile":{"background-color":"var(--ast-global-color-4)","background-image":"","background-repeat":"repeat","background-position":"center center","background-size":"auto","background-attachment":"scroll","background-type":"","background-media":"","overlay-type":"","overlay-color":"","overlay-opacity":"","overlay-gradient":""}},"footnotes":""},"class_list":["post-270","page","type-page","status-publish","hentry"],"acf":[],"yoast_head":"<!-- This site is optimized with the Yoast SEO plugin v27.0 - https:\/\/yoast.com\/product\/yoast-seo-wordpress\/ -->\n<title>Normat\u012bvie dokumenti - Valmieras 5. vidusskola<\/title>\n<meta name=\"robots\" content=\"index, follow, max-snippet:-1, max-image-preview:large, max-video-preview:-1\" \/>\n<link rel=\"canonical\" href=\"https:\/\/izglitiba.valmierasnovads.lv\/v5v\/normativie-dokumenti\/\" \/>\n<meta property=\"og:locale\" content=\"lv_LV\" \/>\n<meta property=\"og:type\" content=\"article\" \/>\n<meta property=\"og:title\" content=\"Normat\u012bvie dokumenti - Valmieras 5. vidusskola\" \/>\n<meta property=\"og:description\" content=\"Skolas vietnes atjauno\u0161anas d\u0113\u013c da\u013ca dokumentu nav pieejami, tie tiks public\u0113ti dr\u012bzum\u0101. Iek\u0161\u0113jie normat\u012bvie dokumenti\" \/>\n<meta property=\"og:url\" content=\"https:\/\/izglitiba.valmierasnovads.lv\/v5v\/normativie-dokumenti\/\" \/>\n<meta property=\"og:site_name\" content=\"Valmieras 5. vidusskola\" \/>\n<meta property=\"article:modified_time\" content=\"2026-03-27T09:54:24+00:00\" \/>\n<meta name=\"twitter:card\" content=\"summary_large_image\" \/>\n<meta name=\"twitter:label1\" content=\"Est. reading time\" \/>\n\t<meta name=\"twitter:data1\" content=\"1 min\u016bte\" \/>\n<script type=\"application\/ld+json\" class=\"yoast-schema-graph\">{\"@context\":\"https:\/\/schema.org\",\"@graph\":[{\"@type\":\"WebPage\",\"@id\":\"https:\/\/izglitiba.valmierasnovads.lv\/v5v\/normativie-dokumenti\/\",\"url\":\"https:\/\/izglitiba.valmierasnovads.lv\/v5v\/normativie-dokumenti\/\",\"name\":\"Normat\u012bvie dokumenti - Valmieras 5. vidusskola\",\"isPartOf\":{\"@id\":\"https:\/\/izglitiba.valmierasnovads.lv\/v5v\/#website\"},\"datePublished\":\"2025-08-24T11:15:51+00:00\",\"dateModified\":\"2026-03-27T09:54:24+00:00\",\"breadcrumb\":{\"@id\":\"https:\/\/izglitiba.valmierasnovads.lv\/v5v\/normativie-dokumenti\/#breadcrumb\"},\"inLanguage\":\"lv-LV\",\"potentialAction\":[{\"@type\":\"ReadAction\",\"target\":[\"https:\/\/izglitiba.valmierasnovads.lv\/v5v\/normativie-dokumenti\/\"]}]},{\"@type\":\"BreadcrumbList\",\"@id\":\"https:\/\/izglitiba.valmierasnovads.lv\/v5v\/normativie-dokumenti\/#breadcrumb\",\"itemListElement\":[{\"@type\":\"ListItem\",\"position\":1,\"name\":\"Home\",\"item\":\"https:\/\/izglitiba.valmierasnovads.lv\/v5v\/\"},{\"@type\":\"ListItem\",\"position\":2,\"name\":\"Normat\u012bvie dokumenti\"}]},{\"@type\":\"WebSite\",\"@id\":\"https:\/\/izglitiba.valmierasnovads.lv\/v5v\/#website\",\"url\":\"https:\/\/izglitiba.valmierasnovads.lv\/v5v\/\",\"name\":\"Valmieras 5. vidusskola\",\"description\":\"Draudz\u012bg\u0101k\u0101 skola b\u0113rniem pa\u0161\u0101 Valmieras sird\u012b, pie ezeri\u0146a!\",\"publisher\":{\"@id\":\"https:\/\/izglitiba.valmierasnovads.lv\/v5v\/#organization\"},\"potentialAction\":[{\"@type\":\"SearchAction\",\"target\":{\"@type\":\"EntryPoint\",\"urlTemplate\":\"https:\/\/izglitiba.valmierasnovads.lv\/v5v\/?s={search_term_string}\"},\"query-input\":{\"@type\":\"PropertyValueSpecification\",\"valueRequired\":true,\"valueName\":\"search_term_string\"}}],\"inLanguage\":\"lv-LV\"},{\"@type\":\"Organization\",\"@id\":\"https:\/\/izglitiba.valmierasnovads.lv\/v5v\/#organization\",\"name\":\"Valmieras 5. vidusskola\",\"url\":\"https:\/\/izglitiba.valmierasnovads.lv\/v5v\/\",\"logo\":{\"@type\":\"ImageObject\",\"inLanguage\":\"lv-LV\",\"@id\":\"https:\/\/izglitiba.valmierasnovads.lv\/v5v\/#\/schema\/logo\/image\/\",\"url\":\"https:\/\/izglitiba.valmierasnovads.lv\/v5v\/wp-content\/uploads\/sites\/7\/2026\/03\/cropped-Komplekta-ar-pasu-logo-2-scaled-1.png\",\"contentUrl\":\"https:\/\/izglitiba.valmierasnovads.lv\/v5v\/wp-content\/uploads\/sites\/7\/2026\/03\/cropped-Komplekta-ar-pasu-logo-2-scaled-1.png\",\"width\":1623,\"height\":405,\"caption\":\"Valmieras 5. vidusskola\"},\"image\":{\"@id\":\"https:\/\/izglitiba.valmierasnovads.lv\/v5v\/#\/schema\/logo\/image\/\"}}]}<\/script>\n<!-- \/ Yoast SEO plugin. -->","yoast_head_json":{"title":"Normat\u012bvie dokumenti - Valmieras 5. vidusskola","robots":{"index":"index","follow":"follow","max-snippet":"max-snippet:-1","max-image-preview":"max-image-preview:large","max-video-preview":"max-video-preview:-1"},"canonical":"https:\/\/izglitiba.valmierasnovads.lv\/v5v\/normativie-dokumenti\/","og_locale":"lv_LV","og_type":"article","og_title":"Normat\u012bvie dokumenti - Valmieras 5. vidusskola","og_description":"Skolas vietnes atjauno\u0161anas d\u0113\u013c da\u013ca dokumentu nav pieejami, tie tiks public\u0113ti dr\u012bzum\u0101. Iek\u0161\u0113jie normat\u012bvie dokumenti","og_url":"https:\/\/izglitiba.valmierasnovads.lv\/v5v\/normativie-dokumenti\/","og_site_name":"Valmieras 5. vidusskola","article_modified_time":"2026-03-27T09:54:24+00:00","twitter_card":"summary_large_image","twitter_misc":{"Est. reading time":"1 min\u016bte"},"schema":{"@context":"https:\/\/schema.org","@graph":[{"@type":"WebPage","@id":"https:\/\/izglitiba.valmierasnovads.lv\/v5v\/normativie-dokumenti\/","url":"https:\/\/izglitiba.valmierasnovads.lv\/v5v\/normativie-dokumenti\/","name":"Normat\u012bvie dokumenti - Valmieras 5. vidusskola","isPartOf":{"@id":"https:\/\/izglitiba.valmierasnovads.lv\/v5v\/#website"},"datePublished":"2025-08-24T11:15:51+00:00","dateModified":"2026-03-27T09:54:24+00:00","breadcrumb":{"@id":"https:\/\/izglitiba.valmierasnovads.lv\/v5v\/normativie-dokumenti\/#breadcrumb"},"inLanguage":"lv-LV","potentialAction":[{"@type":"ReadAction","target":["https:\/\/izglitiba.valmierasnovads.lv\/v5v\/normativie-dokumenti\/"]}]},{"@type":"BreadcrumbList","@id":"https:\/\/izglitiba.valmierasnovads.lv\/v5v\/normativie-dokumenti\/#breadcrumb","itemListElement":[{"@type":"ListItem","position":1,"name":"Home","item":"https:\/\/izglitiba.valmierasnovads.lv\/v5v\/"},{"@type":"ListItem","position":2,"name":"Normat\u012bvie dokumenti"}]},{"@type":"WebSite","@id":"https:\/\/izglitiba.valmierasnovads.lv\/v5v\/#website","url":"https:\/\/izglitiba.valmierasnovads.lv\/v5v\/","name":"Valmieras 5. vidusskola","description":"Draudz\u012bg\u0101k\u0101 skola b\u0113rniem pa\u0161\u0101 Valmieras sird\u012b, pie ezeri\u0146a!","publisher":{"@id":"https:\/\/izglitiba.valmierasnovads.lv\/v5v\/#organization"},"potentialAction":[{"@type":"SearchAction","target":{"@type":"EntryPoint","urlTemplate":"https:\/\/izglitiba.valmierasnovads.lv\/v5v\/?s={search_term_string}"},"query-input":{"@type":"PropertyValueSpecification","valueRequired":true,"valueName":"search_term_string"}}],"inLanguage":"lv-LV"},{"@type":"Organization","@id":"https:\/\/izglitiba.valmierasnovads.lv\/v5v\/#organization","name":"Valmieras 5. vidusskola","url":"https:\/\/izglitiba.valmierasnovads.lv\/v5v\/","logo":{"@type":"ImageObject","inLanguage":"lv-LV","@id":"https:\/\/izglitiba.valmierasnovads.lv\/v5v\/#\/schema\/logo\/image\/","url":"https:\/\/izglitiba.valmierasnovads.lv\/v5v\/wp-content\/uploads\/sites\/7\/2026\/03\/cropped-Komplekta-ar-pasu-logo-2-scaled-1.png","contentUrl":"https:\/\/izglitiba.valmierasnovads.lv\/v5v\/wp-content\/uploads\/sites\/7\/2026\/03\/cropped-Komplekta-ar-pasu-logo-2-scaled-1.png","width":1623,"height":405,"caption":"Valmieras 5. vidusskola"},"image":{"@id":"https:\/\/izglitiba.valmierasnovads.lv\/v5v\/#\/schema\/logo\/image\/"}}]}},"_links":{"self":[{"href":"https:\/\/izglitiba.valmierasnovads.lv\/v5v\/wp-json\/wp\/v2\/pages\/270","targetHints":{"allow":["GET"]}}],"collection":[{"href":"https:\/\/izglitiba.valmierasnovads.lv\/v5v\/wp-json\/wp\/v2\/pages"}],"about":[{"href":"https:\/\/izglitiba.valmierasnovads.lv\/v5v\/wp-json\/wp\/v2\/types\/page"}],"author":[{"embeddable":true,"href":"https:\/\/izglitiba.valmierasnovads.lv\/v5v\/wp-json\/wp\/v2\/users\/6"}],"replies":[{"embeddable":true,"href":"https:\/\/izglitiba.valmierasnovads.lv\/v5v\/wp-json\/wp\/v2\/comments?post=270"}],"version-history":[{"count":10,"href":"https:\/\/izglitiba.valmierasnovads.lv\/v5v\/wp-json\/wp\/v2\/pages\/270\/revisions"}],"predecessor-version":[{"id":1681,"href":"https:\/\/izglitiba.valmierasnovads.lv\/v5v\/wp-json\/wp\/v2\/pages\/270\/revisions\/1681"}],"wp:attachment":[{"href":"https:\/\/izglitiba.valmierasnovads.lv\/v5v\/wp-json\/wp\/v2\/media?parent=270"}],"curies":[{"name":"wp","href":"https:\/\/api.w.org\/{rel}","templated":true}]}}