{"id":298,"date":"2025-08-24T14:21:27","date_gmt":"2025-08-24T11:21:27","guid":{"rendered":"https:\/\/izglitiba.valmierasnovads.lv\/v5v\/?page_id=298"},"modified":"2025-12-15T14:49:25","modified_gmt":"2025-12-15T12:49:25","slug":"valsts-parbaudijumi","status":"publish","type":"page","link":"https:\/\/izglitiba.valmierasnovads.lv\/v5v\/valsts-parbaudijumi\/","title":{"rendered":"Valsts p\u0101rbaud\u012bjumi"},"content":{"rendered":"\n<ul class=\"wp-block-list\">\n<li class=\"has-ast-global-color-3-color has-text-color has-link-color wp-elements-74186e9ee90470252e09b40f962181b0\"><a href=\"https:\/\/likumi.lv\/ta\/id\/352280-valsts-parbaudijumu-norises-kartiba\" target=\"_blank\" rel=\"noreferrer noopener\"><strong>Valsts p\u0101rbaud\u012bjumu norises k\u0101rt\u012bba<\/strong><\/a><\/li>\n\n\n\n<li class=\"has-ast-global-color-3-color has-text-color has-link-color wp-elements-c05adccf0d685599d415416d2aad7f21\"><strong><a href=\"https:\/\/docs.google.com\/document\/d\/1robn5JMJe_bqJOT5J1HAHDybZp84-0CU\/edit?usp=sharing&amp;ouid=116938945461210126635&amp;rtpof=true&amp;sd=true\" target=\"_blank\" rel=\"noreferrer noopener\">2025.\/2026. m\u0101c\u012bbu gada valsts p\u0101rbaud\u012bjumu grafiks<\/a><\/strong><\/li>\n\n\n\n<li class=\"has-ast-global-color-3-color has-text-color has-link-color wp-elements-7ae54cb7d4fed41dcbba25cbf5002d7a\"><strong><a href=\"https:\/\/likumi.lv\/ta\/id\/364262-noteikumi-par-valsts-parbaudes-darbu-norises-laiku-20252026macibu-gada\" target=\"_blank\" rel=\"noreferrer noopener\">Noteikumi par valsts p\u0101rbaudes darbu norises laiku 2025.\/2026.\u202fm\u0101c\u012bbu gad\u0101<\/a><\/strong><\/li>\n\n\n\n<li class=\"has-ast-global-color-3-color has-text-color has-link-color wp-elements-9f28e6b986db9f69b444e276516913cb\"><a href=\"https:\/\/likumi.lv\/ta\/id\/333792-noteikumi-par-centralizeto-eksamenu-saturu-un-norises-kartibu\" target=\"_blank\" rel=\"noreferrer noopener\"><strong>Noteikumi par centraliz\u0113to eks\u0101menu saturu un norises k\u0101rt\u012bbu<\/strong><\/a>&nbsp;&nbsp;<\/li>\n\n\n\n<li class=\"has-ast-global-color-3-color has-text-color has-link-color wp-elements-9d6f4e2a32ba03208ca446d835d1c8d7\"><a href=\"https:\/\/likumi.lv\/ta\/id\/339025-kartiba-kada-izglitojamie-atbrivojami-no-noteiktajiem-valsts-parbaudijumiem\" target=\"_blank\" rel=\"noreferrer noopener\"><strong>K\u0101rt\u012bba, k\u0101d\u0101 izgl\u012btojamie atbr\u012bvojami no noteiktajiem valsts p\u0101rbaud\u012bjumiem<\/strong><\/a>&nbsp;<\/li>\n\n\n\n<li class=\"has-ast-global-color-3-color has-text-color has-link-color wp-elements-d923055fdeae28c7ae8a69b53f182656\">Valsts p\u0101rbaudes darbu norises laiki 9.klasei un 12.klasei<\/li>\n<\/ul>\n\n\n<style>.wp-block-kadence-spacer.kt-block-spacer-298_96719a-8a .kt-block-spacer{height:50px;}.wp-block-kadence-spacer.kt-block-spacer-298_96719a-8a .kt-divider{border-top-width:5px;height:1px;border-top-color:#eee;width:100%;border-top-style:solid;}<\/style>\n<div class=\"wp-block-kadence-spacer aligncenter kt-block-spacer-298_96719a-8a\"><div class=\"kt-block-spacer kt-block-spacer-halign-center\"><hr class=\"kt-divider\" \/><\/div><\/div>\n\n\n\n<h2 class=\"wp-block-heading has-text-align-center\" id=\"h.35s0egjih0m8_l\"><strong>2025.\/2026. m\u0101c\u012bbu gad\u0101 skol\u0113niem centraliz\u0113tajos eks\u0101menos\u00a0 j\u0101ieg\u016bst:<\/strong><\/h2>\n\n\n\n<h2 class=\"wp-block-heading has-text-align-center has-vivid-red-color has-text-color has-link-color wp-elements-df493ed455a4220321c587db6122eb1c\" id=\"h.5kzywuj1vasb_l\"><strong>9.klas\u0113 &#8211;\u00a0vismaz 15% snieguma rezult\u0101ts<\/strong><\/h2>\n\n\n\n<h2 class=\"wp-block-heading has-text-align-center has-vivid-red-color has-text-color has-link-color wp-elements-c52ded0c00c4db75d9ae3f19bf33fb2e\" id=\"h.z80ckun98f6z_l\"><strong>12. klas\u0113 &#8211;\u00a0vismaz\u00a020% snieguma rezult\u0101ts<\/strong><\/h2>\n\n\n<style>.wp-block-kadence-spacer.kt-block-spacer-298_44d5bb-8a .kt-block-spacer{height:37px;}.wp-block-kadence-spacer.kt-block-spacer-298_44d5bb-8a .kt-divider{border-top-width:5px;height:1px;border-top-color:#eee;width:100%;border-top-style:solid;}<\/style>\n<div class=\"wp-block-kadence-spacer aligncenter kt-block-spacer-298_44d5bb-8a\"><div class=\"kt-block-spacer kt-block-spacer-halign-center\"><hr class=\"kt-divider\" \/><\/div><\/div>\n\n\n\n<p class=\"has-text-align-center\"><\/p>\n\n\n\n<p>Lai ieg\u016btu&nbsp;<strong>atest\u0101tu&nbsp;<\/strong>par&nbsp;<strong>visp\u0101r\u0113jo vid\u0113jo izgl\u012bt\u012bbu<\/strong>, skol\u0113niem b\u016bs j\u0101nok\u0101rto \u0161\u0101di valsts p\u0101rbaudes darbi:<\/p>\n\n\n\n<ul class=\"wp-block-list\">\n<li><strong>latvie\u0161u valod\u0101<\/strong>&nbsp;(vismaz optim\u0101laj\u0101 m\u0101c\u012bbu satura apguves l\u012bmen\u012b);<\/li>\n\n\n\n<li><strong>sve\u0161valod\u0101&nbsp;<\/strong>\u2013 ang\u013cu vai v\u0101cu (vismaz optim\u0101laj\u0101 (B2) l\u012bmen\u012b);<\/li>\n\n\n\n<li><strong>matem\u0101tik\u0101&nbsp;<\/strong>(vismaz optim\u0101laj\u0101 l\u012bmen\u012b);<\/li>\n\n\n\n<li><strong>vien\u0101 no padzi\u013cin\u0101tajiem kursiem<\/strong>, kurus apg\u016bst (augst\u0101kaj\u0101 l\u012bmen\u012b);<\/li>\n\n\n\n<li><strong>dabaszin\u012bb\u0101s <\/strong>visp\u0101r\u012bgaj\u0101 m\u0101c\u012bbu satura apguves l\u012bmen\u012b <strong>vai fizik\u0101, \u0137\u012bmij\u0101, biolo\u0123ij\u0101 <\/strong>vismaz optim\u0101laj\u0101 m\u0101c\u012bbu satura apguves l\u012bmen\u012b<strong>.<\/strong><\/li>\n<\/ul>\n\n\n\n<p>V\u0113rt\u0113jums visos eks\u0101menos par\u00a0<strong>visp\u0101r\u0113j\u0101s\u00a0vid\u0113j\u0101s izgl\u012bt\u012bbas\u00a0<\/strong>ieguvi tiks izteikts\u00a0<strong>procentos\u00a0<\/strong>(%).<\/p>\n\n\n<style>.wp-block-kadence-spacer.kt-block-spacer-298_fba66d-5c .kt-block-spacer{height:79px;}.wp-block-kadence-spacer.kt-block-spacer-298_fba66d-5c .kt-divider{border-top-width:5px;height:1px;border-top-color:#eee;width:100%;border-top-style:solid;}<\/style>\n<div class=\"wp-block-kadence-spacer aligncenter kt-block-spacer-298_fba66d-5c\"><div class=\"kt-block-spacer kt-block-spacer-halign-center\"><hr class=\"kt-divider\" \/><\/div><\/div>\n\n\n\n<p>Lai ieg\u016btu&nbsp;<strong>apliec\u012bbu&nbsp;<\/strong>par visp\u0101r\u0113jo&nbsp;<strong>pamatizgl\u012bt\u012bbu 9. klases skol\u0113niem<\/strong>&nbsp; j\u0101k\u0101rto centraliz\u0113tie eks\u0101meni:<\/p>\n\n\n\n<ul class=\"wp-block-list\">\n<li><strong>latvie\u0161u valod\u0101<\/strong>,&nbsp;<\/li>\n\n\n\n<li><strong>matem\u0101tik\u0101<\/strong>,<\/li>\n\n\n\n<li>monitoringa darbs<strong> sve\u0161valod\u0101\u00a0<\/strong>(ang\u013cu).\u00a0<\/li>\n<\/ul>\n\n\n\n<p>9. klases skol\u0113niem b\u016bs j\u0101k\u0101rto\u00a0<strong>diagnostic\u0113jo\u0161ais darbs<\/strong> dabaszin\u0101t\u0146u m\u0101c\u012bbu jom\u0101.\u00a0<\/p>\n\n\n\n<p>V\u0113rt\u0113jums visos eks\u0101menos par&nbsp;<strong>visp\u0101r\u0113j\u0101s pamatizgl\u012bt\u012bbas<\/strong>&nbsp;ieguvi tiks izteikts&nbsp;<strong>procentos&nbsp;<\/strong>(%).<\/p>\n\n\n\n<h2 class=\"wp-block-heading has-text-align-center\">Atbr\u012bvojumi no valsts p\u0101rbaud\u012bjumiem<\/h2>\n\n\n\n<p>Atbr\u012bvojumu no eks\u0101menu k\u0101rto\u0161anas var sa\u0146emt tikai ar&nbsp;<strong>\u0101rsta speci\u0101lista<\/strong>&nbsp;vai&nbsp;<strong>\u0101rstu konsilija<\/strong>&nbsp;atzinumu.<\/p>\n\n\n\n<p>Lai sa\u0146emtu atbr\u012bvojumu, skol\u0113nam vai vi\u0146a likumiskajam p\u0101rst\u0101vim l\u012bdz attiec\u012bg\u0101&nbsp;<strong>m\u0101c\u012bbu gada 1. martam<\/strong>&nbsp;ir j\u0101iesniedz skolas direktoram iesniegums, kuram pievienots \u0101rsta speci\u0101lista &#8211;&nbsp;<em>psihiatra, neirologa, hematoonkologa<\/em>, &#8211; vai \u0101rstu konsilija atzinums.<\/p>\n\n\n\n<p>T\u0101pat atbr\u012bvojumu var sa\u0146emt skol\u0113ni, kuri valsts p\u0101rbaud\u012bjumu norises laik\u0101 ak\u016btas saslim\u0161anas, infekcijas vai traumas rad\u012bto vesel\u012bbas trauc\u0113jumu d\u0113\u013c \u0101rst\u0113jas stacion\u0101r\u0101 vai ambulatori p\u0113c stacion\u0101ra. \u0160aj\u0101 gad\u012bjum\u0101 ir j\u0101iesniedz \u0101rst\u0113jo\u0161\u0101 \u0101rsta izzi\u0146a ar inform\u0101ciju par skol\u0113na atra\u0161anos stacion\u0101r\u0101 vai atzinums ar ieteikumu atbr\u012bvot vi\u0146u no valsts p\u0101rbaud\u012bjumiem&nbsp;<strong>attiec\u012bgaj\u0101 m\u0101c\u012bbu gad\u0101<\/strong>, pamatojoties uz indik\u0101cij\u0101m vesel\u012bbas st\u0101vok\u013ca d\u0113\u013c<\/p>\n","protected":false},"excerpt":{"rendered":"<p>2025.\/2026. m\u0101c\u012bbu gad\u0101 skol\u0113niem centraliz\u0113tajos eks\u0101menos\u00a0 j\u0101ieg\u016bst: 9.klas\u0113 &#8211;\u00a0vismaz 15% snieguma rezult\u0101ts 12. klas\u0113 &#8211;\u00a0vismaz\u00a020% snieguma rezult\u0101ts Lai ieg\u016btu&nbsp;atest\u0101tu&nbsp;par&nbsp;visp\u0101r\u0113jo vid\u0113jo [&hellip;]<\/p>\n","protected":false},"author":6,"featured_media":0,"parent":0,"menu_order":0,"comment_status":"closed","ping_status":"closed","template":"","meta":{"_acf_changed":false,"site-sidebar-layout":"default","site-content-layout":"","ast-site-content-layout":"default","site-content-style":"default","site-sidebar-style":"default","ast-global-header-display":"","ast-banner-title-visibility":"","ast-main-header-display":"","ast-hfb-above-header-display":"","ast-hfb-below-header-display":"","ast-hfb-mobile-header-display":"","site-post-title":"","ast-breadcrumbs-content":"","ast-featured-img":"","footer-sml-layout":"","ast-disable-related-posts":"","theme-transparent-header-meta":"","adv-header-id-meta":"","stick-header-meta":"","header-above-stick-meta":"","header-main-stick-meta":"","header-below-stick-meta":"","astra-migrate-meta-layouts":"default","ast-page-background-enabled":"default","ast-page-background-meta":{"desktop":{"background-color":"var(--ast-global-color-5)","background-image":"","background-repeat":"repeat","background-position":"center center","background-size":"auto","background-attachment":"scroll","background-type":"","background-media":"","overlay-type":"","overlay-color":"","overlay-opacity":"","overlay-gradient":""},"tablet":{"background-color":"","background-image":"","background-repeat":"repeat","background-position":"center center","background-size":"auto","background-attachment":"scroll","background-type":"","background-media":"","overlay-type":"","overlay-color":"","overlay-opacity":"","overlay-gradient":""},"mobile":{"background-color":"","background-image":"","background-repeat":"repeat","background-position":"center center","background-size":"auto","background-attachment":"scroll","background-type":"","background-media":"","overlay-type":"","overlay-color":"","overlay-opacity":"","overlay-gradient":""}},"ast-content-background-meta":{"desktop":{"background-color":"var(--ast-global-color-4)","background-image":"","background-repeat":"repeat","background-position":"center center","background-size":"auto","background-attachment":"scroll","background-type":"","background-media":"","overlay-type":"","overlay-color":"","overlay-opacity":"","overlay-gradient":""},"tablet":{"background-color":"var(--ast-global-color-4)","background-image":"","background-repeat":"repeat","background-position":"center center","background-size":"auto","background-attachment":"scroll","background-type":"","background-media":"","overlay-type":"","overlay-color":"","overlay-opacity":"","overlay-gradient":""},"mobile":{"background-color":"var(--ast-global-color-4)","background-image":"","background-repeat":"repeat","background-position":"center center","background-size":"auto","background-attachment":"scroll","background-type":"","background-media":"","overlay-type":"","overlay-color":"","overlay-opacity":"","overlay-gradient":""}},"footnotes":""},"class_list":["post-298","page","type-page","status-publish","hentry"],"acf":[],"yoast_head":"<!-- This site is optimized with the Yoast SEO plugin v27.0 - https:\/\/yoast.com\/product\/yoast-seo-wordpress\/ -->\n<title>Valsts p\u0101rbaud\u012bjumi - Valmieras 5. vidusskola<\/title>\n<meta name=\"robots\" content=\"index, follow, max-snippet:-1, max-image-preview:large, max-video-preview:-1\" \/>\n<link rel=\"canonical\" href=\"https:\/\/izglitiba.valmierasnovads.lv\/v5v\/valsts-parbaudijumi\/\" \/>\n<meta property=\"og:locale\" content=\"lv_LV\" \/>\n<meta property=\"og:type\" content=\"article\" \/>\n<meta property=\"og:title\" content=\"Valsts p\u0101rbaud\u012bjumi - Valmieras 5. vidusskola\" \/>\n<meta property=\"og:description\" content=\"2025.\/2026. m\u0101c\u012bbu gad\u0101 skol\u0113niem centraliz\u0113tajos eks\u0101menos\u00a0 j\u0101ieg\u016bst: 9.klas\u0113 &#8211;\u00a0vismaz 15% snieguma rezult\u0101ts 12. klas\u0113 &#8211;\u00a0vismaz\u00a020% snieguma rezult\u0101ts Lai ieg\u016btu&nbsp;atest\u0101tu&nbsp;par&nbsp;visp\u0101r\u0113jo vid\u0113jo [&hellip;]\" \/>\n<meta property=\"og:url\" content=\"https:\/\/izglitiba.valmierasnovads.lv\/v5v\/valsts-parbaudijumi\/\" \/>\n<meta property=\"og:site_name\" content=\"Valmieras 5. vidusskola\" \/>\n<meta property=\"article:modified_time\" content=\"2025-12-15T12:49:25+00:00\" \/>\n<meta name=\"twitter:card\" content=\"summary_large_image\" \/>\n<meta name=\"twitter:label1\" content=\"Est. reading time\" \/>\n\t<meta name=\"twitter:data1\" content=\"2 min\u016btes\" \/>\n<script type=\"application\/ld+json\" class=\"yoast-schema-graph\">{\"@context\":\"https:\/\/schema.org\",\"@graph\":[{\"@type\":\"WebPage\",\"@id\":\"https:\/\/izglitiba.valmierasnovads.lv\/v5v\/valsts-parbaudijumi\/\",\"url\":\"https:\/\/izglitiba.valmierasnovads.lv\/v5v\/valsts-parbaudijumi\/\",\"name\":\"Valsts p\u0101rbaud\u012bjumi - Valmieras 5. vidusskola\",\"isPartOf\":{\"@id\":\"https:\/\/izglitiba.valmierasnovads.lv\/v5v\/#website\"},\"datePublished\":\"2025-08-24T11:21:27+00:00\",\"dateModified\":\"2025-12-15T12:49:25+00:00\",\"breadcrumb\":{\"@id\":\"https:\/\/izglitiba.valmierasnovads.lv\/v5v\/valsts-parbaudijumi\/#breadcrumb\"},\"inLanguage\":\"lv-LV\",\"potentialAction\":[{\"@type\":\"ReadAction\",\"target\":[\"https:\/\/izglitiba.valmierasnovads.lv\/v5v\/valsts-parbaudijumi\/\"]}]},{\"@type\":\"BreadcrumbList\",\"@id\":\"https:\/\/izglitiba.valmierasnovads.lv\/v5v\/valsts-parbaudijumi\/#breadcrumb\",\"itemListElement\":[{\"@type\":\"ListItem\",\"position\":1,\"name\":\"Home\",\"item\":\"https:\/\/izglitiba.valmierasnovads.lv\/v5v\/\"},{\"@type\":\"ListItem\",\"position\":2,\"name\":\"Valsts p\u0101rbaud\u012bjumi\"}]},{\"@type\":\"WebSite\",\"@id\":\"https:\/\/izglitiba.valmierasnovads.lv\/v5v\/#website\",\"url\":\"https:\/\/izglitiba.valmierasnovads.lv\/v5v\/\",\"name\":\"Valmieras 5. vidusskola\",\"description\":\"Draudz\u012bg\u0101k\u0101 skola b\u0113rniem pa\u0161\u0101 Valmieras sird\u012b, pie ezeri\u0146a!\",\"publisher\":{\"@id\":\"https:\/\/izglitiba.valmierasnovads.lv\/v5v\/#organization\"},\"potentialAction\":[{\"@type\":\"SearchAction\",\"target\":{\"@type\":\"EntryPoint\",\"urlTemplate\":\"https:\/\/izglitiba.valmierasnovads.lv\/v5v\/?s={search_term_string}\"},\"query-input\":{\"@type\":\"PropertyValueSpecification\",\"valueRequired\":true,\"valueName\":\"search_term_string\"}}],\"inLanguage\":\"lv-LV\"},{\"@type\":\"Organization\",\"@id\":\"https:\/\/izglitiba.valmierasnovads.lv\/v5v\/#organization\",\"name\":\"Valmieras 5. vidusskola\",\"url\":\"https:\/\/izglitiba.valmierasnovads.lv\/v5v\/\",\"logo\":{\"@type\":\"ImageObject\",\"inLanguage\":\"lv-LV\",\"@id\":\"https:\/\/izglitiba.valmierasnovads.lv\/v5v\/#\/schema\/logo\/image\/\",\"url\":\"https:\/\/izglitiba.valmierasnovads.lv\/v5v\/wp-content\/uploads\/sites\/7\/2026\/03\/cropped-Komplekta-ar-pasu-logo-2-scaled-1.png\",\"contentUrl\":\"https:\/\/izglitiba.valmierasnovads.lv\/v5v\/wp-content\/uploads\/sites\/7\/2026\/03\/cropped-Komplekta-ar-pasu-logo-2-scaled-1.png\",\"width\":1623,\"height\":405,\"caption\":\"Valmieras 5. vidusskola\"},\"image\":{\"@id\":\"https:\/\/izglitiba.valmierasnovads.lv\/v5v\/#\/schema\/logo\/image\/\"}}]}<\/script>\n<!-- \/ Yoast SEO plugin. -->","yoast_head_json":{"title":"Valsts p\u0101rbaud\u012bjumi - Valmieras 5. vidusskola","robots":{"index":"index","follow":"follow","max-snippet":"max-snippet:-1","max-image-preview":"max-image-preview:large","max-video-preview":"max-video-preview:-1"},"canonical":"https:\/\/izglitiba.valmierasnovads.lv\/v5v\/valsts-parbaudijumi\/","og_locale":"lv_LV","og_type":"article","og_title":"Valsts p\u0101rbaud\u012bjumi - Valmieras 5. vidusskola","og_description":"2025.\/2026. m\u0101c\u012bbu gad\u0101 skol\u0113niem centraliz\u0113tajos eks\u0101menos\u00a0 j\u0101ieg\u016bst: 9.klas\u0113 &#8211;\u00a0vismaz 15% snieguma rezult\u0101ts 12. klas\u0113 &#8211;\u00a0vismaz\u00a020% snieguma rezult\u0101ts Lai ieg\u016btu&nbsp;atest\u0101tu&nbsp;par&nbsp;visp\u0101r\u0113jo vid\u0113jo [&hellip;]","og_url":"https:\/\/izglitiba.valmierasnovads.lv\/v5v\/valsts-parbaudijumi\/","og_site_name":"Valmieras 5. vidusskola","article_modified_time":"2025-12-15T12:49:25+00:00","twitter_card":"summary_large_image","twitter_misc":{"Est. reading time":"2 min\u016btes"},"schema":{"@context":"https:\/\/schema.org","@graph":[{"@type":"WebPage","@id":"https:\/\/izglitiba.valmierasnovads.lv\/v5v\/valsts-parbaudijumi\/","url":"https:\/\/izglitiba.valmierasnovads.lv\/v5v\/valsts-parbaudijumi\/","name":"Valsts p\u0101rbaud\u012bjumi - Valmieras 5. vidusskola","isPartOf":{"@id":"https:\/\/izglitiba.valmierasnovads.lv\/v5v\/#website"},"datePublished":"2025-08-24T11:21:27+00:00","dateModified":"2025-12-15T12:49:25+00:00","breadcrumb":{"@id":"https:\/\/izglitiba.valmierasnovads.lv\/v5v\/valsts-parbaudijumi\/#breadcrumb"},"inLanguage":"lv-LV","potentialAction":[{"@type":"ReadAction","target":["https:\/\/izglitiba.valmierasnovads.lv\/v5v\/valsts-parbaudijumi\/"]}]},{"@type":"BreadcrumbList","@id":"https:\/\/izglitiba.valmierasnovads.lv\/v5v\/valsts-parbaudijumi\/#breadcrumb","itemListElement":[{"@type":"ListItem","position":1,"name":"Home","item":"https:\/\/izglitiba.valmierasnovads.lv\/v5v\/"},{"@type":"ListItem","position":2,"name":"Valsts p\u0101rbaud\u012bjumi"}]},{"@type":"WebSite","@id":"https:\/\/izglitiba.valmierasnovads.lv\/v5v\/#website","url":"https:\/\/izglitiba.valmierasnovads.lv\/v5v\/","name":"Valmieras 5. vidusskola","description":"Draudz\u012bg\u0101k\u0101 skola b\u0113rniem pa\u0161\u0101 Valmieras sird\u012b, pie ezeri\u0146a!","publisher":{"@id":"https:\/\/izglitiba.valmierasnovads.lv\/v5v\/#organization"},"potentialAction":[{"@type":"SearchAction","target":{"@type":"EntryPoint","urlTemplate":"https:\/\/izglitiba.valmierasnovads.lv\/v5v\/?s={search_term_string}"},"query-input":{"@type":"PropertyValueSpecification","valueRequired":true,"valueName":"search_term_string"}}],"inLanguage":"lv-LV"},{"@type":"Organization","@id":"https:\/\/izglitiba.valmierasnovads.lv\/v5v\/#organization","name":"Valmieras 5. vidusskola","url":"https:\/\/izglitiba.valmierasnovads.lv\/v5v\/","logo":{"@type":"ImageObject","inLanguage":"lv-LV","@id":"https:\/\/izglitiba.valmierasnovads.lv\/v5v\/#\/schema\/logo\/image\/","url":"https:\/\/izglitiba.valmierasnovads.lv\/v5v\/wp-content\/uploads\/sites\/7\/2026\/03\/cropped-Komplekta-ar-pasu-logo-2-scaled-1.png","contentUrl":"https:\/\/izglitiba.valmierasnovads.lv\/v5v\/wp-content\/uploads\/sites\/7\/2026\/03\/cropped-Komplekta-ar-pasu-logo-2-scaled-1.png","width":1623,"height":405,"caption":"Valmieras 5. vidusskola"},"image":{"@id":"https:\/\/izglitiba.valmierasnovads.lv\/v5v\/#\/schema\/logo\/image\/"}}]}},"_links":{"self":[{"href":"https:\/\/izglitiba.valmierasnovads.lv\/v5v\/wp-json\/wp\/v2\/pages\/298","targetHints":{"allow":["GET"]}}],"collection":[{"href":"https:\/\/izglitiba.valmierasnovads.lv\/v5v\/wp-json\/wp\/v2\/pages"}],"about":[{"href":"https:\/\/izglitiba.valmierasnovads.lv\/v5v\/wp-json\/wp\/v2\/types\/page"}],"author":[{"embeddable":true,"href":"https:\/\/izglitiba.valmierasnovads.lv\/v5v\/wp-json\/wp\/v2\/users\/6"}],"replies":[{"embeddable":true,"href":"https:\/\/izglitiba.valmierasnovads.lv\/v5v\/wp-json\/wp\/v2\/comments?post=298"}],"version-history":[{"count":6,"href":"https:\/\/izglitiba.valmierasnovads.lv\/v5v\/wp-json\/wp\/v2\/pages\/298\/revisions"}],"predecessor-version":[{"id":1370,"href":"https:\/\/izglitiba.valmierasnovads.lv\/v5v\/wp-json\/wp\/v2\/pages\/298\/revisions\/1370"}],"wp:attachment":[{"href":"https:\/\/izglitiba.valmierasnovads.lv\/v5v\/wp-json\/wp\/v2\/media?parent=298"}],"curies":[{"name":"wp","href":"https:\/\/api.w.org\/{rel}","templated":true}]}}