{"id":329,"date":"2025-08-24T14:24:57","date_gmt":"2025-08-24T11:24:57","guid":{"rendered":"https:\/\/izglitiba.valmierasnovads.lv\/v5v\/?page_id=329"},"modified":"2025-08-24T17:10:14","modified_gmt":"2025-08-24T14:10:14","slug":"sasniegumi-skates-un-konkursos","status":"publish","type":"page","link":"https:\/\/izglitiba.valmierasnovads.lv\/v5v\/sasniegumi-skates-un-konkursos\/","title":{"rendered":"Sasniegumi skat\u0113s un konkursos"},"content":{"rendered":"\n<h2 class=\"wp-block-heading has-text-align-center\" id=\"h.p_IsbXhSP4ytrJ_l\">Sasniegumi intere\u0161u izgl\u012bt\u012bb\u0101 2023.\/2024.m.g.<\/h2>\n\n\n\n<figure class=\"wp-block-image aligncenter size-large\"><img loading=\"lazy\" decoding=\"async\" width=\"1024\" height=\"691\" src=\"https:\/\/izglitiba.valmierasnovads.lv\/v5v\/wp-content\/uploads\/sites\/7\/2025\/08\/image-46-1024x691.png\" alt=\"\" class=\"wp-image-735\" srcset=\"https:\/\/izglitiba.valmierasnovads.lv\/v5v\/wp-content\/uploads\/sites\/7\/2025\/08\/image-46-1024x691.png 1024w, https:\/\/izglitiba.valmierasnovads.lv\/v5v\/wp-content\/uploads\/sites\/7\/2025\/08\/image-46-300x203.png 300w, https:\/\/izglitiba.valmierasnovads.lv\/v5v\/wp-content\/uploads\/sites\/7\/2025\/08\/image-46-768x518.png 768w, https:\/\/izglitiba.valmierasnovads.lv\/v5v\/wp-content\/uploads\/sites\/7\/2025\/08\/image-46.png 1280w\" sizes=\"auto, (max-width: 1024px) 100vw, 1024px\" \/><\/figure>\n\n\n\n<h2 class=\"wp-block-heading has-text-align-center\" id=\"h.p_IsbXhSP4ytrJ_l\">Sasniegumi intere\u0161u izgl\u012bt\u012bb\u0101 2022.\/2023.m.g..<\/h2>\n\n\n\n<p><strong>Edvards Kokins<\/strong>&nbsp;&#8211;&nbsp;<strong>2.pak\u0101pe<\/strong>&nbsp;un&nbsp;<strong>tituls \u201cLielais st\u0101stnieks\u201d<\/strong>&nbsp;26.st\u0101stnieku konkurs\u0101 ,,Teci, teci, valodi\u0146a 2022&#8243;, pedagogs&nbsp;<strong>Dace Ciguze<\/strong><\/p>\n\n\n\n<p><strong>Z\u0113nu koris<\/strong><strong>&nbsp;<\/strong>&#8211;&nbsp;<strong>1.pak\u0101pe<\/strong>&nbsp;XI Latvijas z\u0113nu koru salidojuma \u201cPuikas! Dzied\u0101sim!\u201d koru konkurs\u0101 Vidzem\u0113, pedagogs&nbsp;<strong>Liene Zvirbule<\/strong><\/p>\n\n\n\n<p><strong>Jauktais koris \u201cPutni\u201d<\/strong>&nbsp;&#8211;&nbsp;<strong>Ieskait\u012bts&nbsp;<\/strong>(pak\u0101pes netika dal\u012btas) XXVII Visp\u0101r\u0113jo latvie\u0161u Dziesmu un XVII Deju sv\u0113tku koru skat\u0113. Dziesmu sv\u0113tku dal\u012bbnieks, pedagogs&nbsp;<strong>Liene Zvirbule<\/strong><\/p>\n\n\n\n<p><strong>Popgrupa \u201cMaz\u0101s D\u012bvas\u201d 1.-3.kl.<\/strong>&nbsp;&#8211;&nbsp;<strong>1.pak\u0101pe<\/strong>&nbsp;Latvijas izgl\u012bt\u012bbas iest\u0101\u017eu vok\u0101li instrument\u0101lo ansamb\u013cu, instrument\u0101lo kolekt\u012bvu un popgrupu festiv\u0101l\u0101 \u2013 konkurs\u0101 \u201eNo baroka l\u012bdz rokam\u201d, pedagogs&nbsp;<strong>Ilona Veide<\/strong>&nbsp;<\/p>\n\n\n\n<p><strong>Popgrupa \u201cD\u012bvas\u201d 7.-9.kl.<\/strong>&nbsp;&#8211;&nbsp;<strong>1.pak\u0101pe<\/strong>&nbsp;Latvijas izgl\u012bt\u012bbas iest\u0101\u017eu vok\u0101li instrument\u0101lo ansamb\u013cu, instrument\u0101lo kolekt\u012bvu un popgrupu festiv\u0101l\u0101 \u2013 konkurs\u0101 \u201eNo baroka l\u012bdz rokam\u201d, pedagogs&nbsp;<strong>Ilona Veide<\/strong><\/p>\n\n\n\n<p><strong>Popgrupa \u201cD\u012bvas\u201d 10.-12.kl.<\/strong>&nbsp;&#8211;&nbsp;<strong>1.pak\u0101pe<\/strong>&nbsp;Latvijas izgl\u012bt\u012bbas iest\u0101\u017eu vok\u0101li instrument\u0101lo ansamb\u013cu, instrument\u0101lo kolekt\u012bvu un popgrupu festiv\u0101l\u0101 \u2013 konkurs\u0101 \u201eNo baroka l\u012bdz rokam\u201d.<\/p>\n\n\n\n<p><strong>2.vieta<\/strong>&nbsp;III Latvijas jauno vok\u0101listu akad\u0113misk\u0101s un m\u016bsdienu estr\u0101des att\u0101lin\u0101tais jauno vok\u0101listu konkurs\u0101 \u201cUzstaro!\u201d<\/p>\n\n\n\n<p><strong>1.vieta<\/strong>&nbsp;12th International Festival \u201cTalent Show 2023\u201d, pedagogs&nbsp;<strong>Ilona Veide<\/strong><\/p>\n\n\n\n<p><strong>Popgrupa \u201cD\u012bvas\u201d 4.-6.kl.&nbsp;<\/strong>&nbsp;&#8211; 1.vieta 12th International Festival \u201cTalent Show 2023\u201d, pedagogs&nbsp;<strong>Ilona Veide<\/strong><\/p>\n\n\n\n<h2 class=\"wp-block-heading has-text-align-center\" id=\"h.p_IsbXhSP4ytrJ_l\">Sasniegumi intere\u0161u izgl\u012bt\u012bb\u0101 2021.\/2022.m.g.<\/h2>\n\n\n\n<p><strong>18. decembr\u012b ar konkursa rezult\u0101tu pazi\u0146o\u0161anu Zoom platform\u0101 nosl\u0113dz\u0101s XXV Latvijas st\u0101stnieku konkurss \u201cTeci, teci, valodi\u0146a 2021\u201d. Konkursa fin\u0101l\u0101 piedal\u012bj\u0101s 94 lab\u0101kie st\u0101stnieki no Kurzemes, Vidzemes, Zemgales, S\u0113lijas un Latgales.<\/strong><\/p>\n\n\n\n<p><strong>Gustavs Roberts \u010cirkovs<\/strong>&nbsp;4.b kl. ieguva<strong>&nbsp;II pak\u0101pes<\/strong>&nbsp;diplomu&nbsp;un nov\u0113rt\u0113jumu &#8220;Lielais st\u0101stnieks&#8221;&nbsp; XXV st\u0101stnieku konkurs\u0101 &#8220;Teci, teci, valodi\u0146a 2021&#8221; (skolot\u0101ja Inese Mola)<\/p>\n\n\n\n<p><strong>Lu\u012bze Balode<\/strong>&nbsp;4.a&nbsp;kl. ieguva<strong>&nbsp;II pak\u0101pes<\/strong>&nbsp;diplomu&nbsp;un nov\u0113rt\u0113jumu &#8220;Liel\u0101&nbsp;st\u0101stniece&#8221;&nbsp; XXV st\u0101stnieku konkurs\u0101 &#8220;Teci, teci, valodi\u0146a 2021&#8221; (skolot\u0101ja&nbsp;Dace Ciguze)<\/p>\n\n\n\n<p><strong>LKVLPA organiz\u0113taj\u0101 krievu valodas (k\u0101 sve\u0161valodas) gl\u012btrakst\u012b\u0161anas konkurs\u0101 \u201eM\u0113s rakst\u0101m krievu valod\u0101\u201d m\u016bsu skolas skol\u0113ni ieguva:<\/strong><\/p>\n\n\n\n<p><strong>Marija Allika<\/strong>&nbsp;(4.a klase) &#8211;&nbsp;<strong>II. vietu<\/strong><\/p>\n\n\n\n<p><strong>Gabriela Bi\u017e\u0101ne<\/strong>&nbsp;( 4.b klase) &#8211;&nbsp;<strong>II. vietu<\/strong><\/p>\n\n\n\n<p><strong>J\u0113kabs Stucis<\/strong>&nbsp;( 4.a klase) &#8211;&nbsp;<strong>III. vietu<\/strong><\/p>\n\n\n\n<p><strong>And\u017eelika Anna Roz\u012bte<\/strong>&nbsp;( 6.b klase) &#8211;&nbsp;<strong>PATEIC\u012aBAS RAKSTU<\/strong><\/p>\n\n\n\n<p>(skolot\u0101ja Krist\u012bna Allika un Je\u013cena Maksimceva).<\/p>\n\n\n\n<p><strong>21. apr\u012bl\u012b Valmieras novad\u0101&nbsp;<\/strong><strong>&#8220;Skatuves runas konkurss 2022&#8221;&nbsp;<\/strong><strong>&nbsp;1.k\u0101rt<\/strong><strong>\u0101&nbsp;<\/strong><strong>&nbsp;<\/strong><strong>godalgotas vietas ieguva:<\/strong><\/p>\n\n\n\n<p><strong>Am\u0113lija Ramata&nbsp;<\/strong>(1.a klase) &#8211;<strong>&nbsp;Augst\u0101k\u0101 pak\u0101pe<\/strong>&nbsp;(pedagogs Sanita Aps\u012bte)<\/p>\n\n\n\n<p><strong>Marta Kobiaka<\/strong>&nbsp;( 2.a klase) &#8211;&nbsp;<strong>Augst\u0101k\u0101 pak\u0101pe<\/strong>&nbsp;(pedagogs Gunta Mitjkova)<\/p>\n\n\n\n<p><strong>Alma Lauma Jaunzeme&nbsp;<\/strong>( 8.a klase) &#8211;&nbsp;<strong>Augst\u0101k\u0101 pak\u0101pe<\/strong>&nbsp;(pedagogs L\u012bga Kliesmete)<\/p>\n\n\n\n<p><strong>Mi\u0137elis Kup\u010ds&nbsp;<\/strong>&nbsp;( 11.a klase) &#8211;&nbsp;<strong>I Pak\u0101pe&nbsp;<\/strong>(pedagogs L\u012bga Kliesmete)<\/p>\n\n\n\n<p><strong>M\u0113tra Evel\u012bna Roz\u012bte<\/strong>&nbsp;(6.b klase) &#8211;&nbsp;<strong>I Pak\u0101pe&nbsp;<\/strong>(pedagogs Iveta Jan\u010devska)<\/p>\n\n\n\n<p><strong>Em\u012bls Iesals<\/strong>&nbsp;(6.b klase) &#8211;&nbsp;<strong>II Pak\u0101pe&nbsp;<\/strong>(pedagogs Iveta Jan\u010devska)<\/p>\n\n\n\n<p><strong>Lu\u012bze Balode<\/strong>&nbsp;(4.a klase) &#8211;&nbsp;<strong>II Pak\u0101pe&nbsp;<\/strong>(pedagogs Dace Ciguze)<\/p>\n\n\n\n<p><strong>Marta Laumane<\/strong>&nbsp; (3.a klase) &#8211;&nbsp;<strong>II Pak\u0101pe&nbsp;<\/strong>(pedagogs Inese Mola)<\/p>\n\n\n\n<p><strong>Laura Rastaka&nbsp;<\/strong>(9.a klase) &#8211;&nbsp;<strong>II Pak\u0101pe&nbsp;<\/strong>(pedagogs L\u012bga Kliesmete)<\/p>\n\n\n\n<p><\/p>\n","protected":false},"excerpt":{"rendered":"<p>Sasniegumi intere\u0161u izgl\u012bt\u012bb\u0101 2023.\/2024.m.g. Sasniegumi intere\u0161u izgl\u012bt\u012bb\u0101 2022.\/2023.m.g.. Edvards Kokins&nbsp;&#8211;&nbsp;2.pak\u0101pe&nbsp;un&nbsp;tituls \u201cLielais st\u0101stnieks\u201d&nbsp;26.st\u0101stnieku konkurs\u0101 ,,Teci, teci, valodi\u0146a 2022&#8243;, pedagogs&nbsp;Dace Ciguze Z\u0113nu [&hellip;]<\/p>\n","protected":false},"author":6,"featured_media":0,"parent":0,"menu_order":0,"comment_status":"closed","ping_status":"closed","template":"","meta":{"_acf_changed":false,"site-sidebar-layout":"default","site-content-layout":"","ast-site-content-layout":"default","site-content-style":"default","site-sidebar-style":"default","ast-global-header-display":"","ast-banner-title-visibility":"","ast-main-header-display":"","ast-hfb-above-header-display":"","ast-hfb-below-header-display":"","ast-hfb-mobile-header-display":"","site-post-title":"","ast-breadcrumbs-content":"","ast-featured-img":"","footer-sml-layout":"","ast-disable-related-posts":"","theme-transparent-header-meta":"","adv-header-id-meta":"","stick-header-meta":"","header-above-stick-meta":"","header-main-stick-meta":"","header-below-stick-meta":"","astra-migrate-meta-layouts":"default","ast-page-background-enabled":"default","ast-page-background-meta":{"desktop":{"background-color":"var(--ast-global-color-5)","background-image":"","background-repeat":"repeat","background-position":"center center","background-size":"auto","background-attachment":"scroll","background-type":"","background-media":"","overlay-type":"","overlay-color":"","overlay-opacity":"","overlay-gradient":""},"tablet":{"background-color":"","background-image":"","background-repeat":"repeat","background-position":"center center","background-size":"auto","background-attachment":"scroll","background-type":"","background-media":"","overlay-type":"","overlay-color":"","overlay-opacity":"","overlay-gradient":""},"mobile":{"background-color":"","background-image":"","background-repeat":"repeat","background-position":"center center","background-size":"auto","background-attachment":"scroll","background-type":"","background-media":"","overlay-type":"","overlay-color":"","overlay-opacity":"","overlay-gradient":""}},"ast-content-background-meta":{"desktop":{"background-color":"var(--ast-global-color-4)","background-image":"","background-repeat":"repeat","background-position":"center center","background-size":"auto","background-attachment":"scroll","background-type":"","background-media":"","overlay-type":"","overlay-color":"","overlay-opacity":"","overlay-gradient":""},"tablet":{"background-color":"var(--ast-global-color-4)","background-image":"","background-repeat":"repeat","background-position":"center center","background-size":"auto","background-attachment":"scroll","background-type":"","background-media":"","overlay-type":"","overlay-color":"","overlay-opacity":"","overlay-gradient":""},"mobile":{"background-color":"var(--ast-global-color-4)","background-image":"","background-repeat":"repeat","background-position":"center center","background-size":"auto","background-attachment":"scroll","background-type":"","background-media":"","overlay-type":"","overlay-color":"","overlay-opacity":"","overlay-gradient":""}},"footnotes":""},"class_list":["post-329","page","type-page","status-publish","hentry"],"acf":[],"yoast_head":"<!-- This site is optimized with the Yoast SEO plugin v27.0 - https:\/\/yoast.com\/product\/yoast-seo-wordpress\/ -->\n<title>Sasniegumi skat\u0113s un konkursos - Valmieras 5. vidusskola<\/title>\n<meta name=\"robots\" content=\"index, follow, max-snippet:-1, max-image-preview:large, max-video-preview:-1\" \/>\n<link rel=\"canonical\" href=\"https:\/\/izglitiba.valmierasnovads.lv\/v5v\/sasniegumi-skates-un-konkursos\/\" \/>\n<meta property=\"og:locale\" content=\"lv_LV\" \/>\n<meta property=\"og:type\" content=\"article\" \/>\n<meta property=\"og:title\" content=\"Sasniegumi skat\u0113s un konkursos - Valmieras 5. vidusskola\" \/>\n<meta property=\"og:description\" content=\"Sasniegumi intere\u0161u izgl\u012bt\u012bb\u0101 2023.\/2024.m.g. Sasniegumi intere\u0161u izgl\u012bt\u012bb\u0101 2022.\/2023.m.g.. Edvards Kokins&nbsp;&#8211;&nbsp;2.pak\u0101pe&nbsp;un&nbsp;tituls \u201cLielais st\u0101stnieks\u201d&nbsp;26.st\u0101stnieku konkurs\u0101 ,,Teci, teci, valodi\u0146a 2022&#8243;, pedagogs&nbsp;Dace Ciguze Z\u0113nu [&hellip;]\" \/>\n<meta property=\"og:url\" content=\"https:\/\/izglitiba.valmierasnovads.lv\/v5v\/sasniegumi-skates-un-konkursos\/\" \/>\n<meta property=\"og:site_name\" content=\"Valmieras 5. vidusskola\" \/>\n<meta property=\"article:modified_time\" content=\"2025-08-24T14:10:14+00:00\" \/>\n<meta property=\"og:image\" content=\"https:\/\/izglitiba.valmierasnovads.lv\/v5v\/wp-content\/uploads\/sites\/7\/2025\/08\/image-46-1024x691.png\" \/>\n<meta name=\"twitter:card\" content=\"summary_large_image\" \/>\n<meta name=\"twitter:label1\" content=\"Est. reading time\" \/>\n\t<meta name=\"twitter:data1\" content=\"3 min\u016btes\" \/>\n<script type=\"application\/ld+json\" class=\"yoast-schema-graph\">{\"@context\":\"https:\/\/schema.org\",\"@graph\":[{\"@type\":\"WebPage\",\"@id\":\"https:\/\/izglitiba.valmierasnovads.lv\/v5v\/sasniegumi-skates-un-konkursos\/\",\"url\":\"https:\/\/izglitiba.valmierasnovads.lv\/v5v\/sasniegumi-skates-un-konkursos\/\",\"name\":\"Sasniegumi skat\u0113s un konkursos - Valmieras 5. vidusskola\",\"isPartOf\":{\"@id\":\"https:\/\/izglitiba.valmierasnovads.lv\/v5v\/#website\"},\"primaryImageOfPage\":{\"@id\":\"https:\/\/izglitiba.valmierasnovads.lv\/v5v\/sasniegumi-skates-un-konkursos\/#primaryimage\"},\"image\":{\"@id\":\"https:\/\/izglitiba.valmierasnovads.lv\/v5v\/sasniegumi-skates-un-konkursos\/#primaryimage\"},\"thumbnailUrl\":\"https:\/\/izglitiba.valmierasnovads.lv\/v5v\/wp-content\/uploads\/sites\/7\/2025\/08\/image-46-1024x691.png\",\"datePublished\":\"2025-08-24T11:24:57+00:00\",\"dateModified\":\"2025-08-24T14:10:14+00:00\",\"breadcrumb\":{\"@id\":\"https:\/\/izglitiba.valmierasnovads.lv\/v5v\/sasniegumi-skates-un-konkursos\/#breadcrumb\"},\"inLanguage\":\"lv-LV\",\"potentialAction\":[{\"@type\":\"ReadAction\",\"target\":[\"https:\/\/izglitiba.valmierasnovads.lv\/v5v\/sasniegumi-skates-un-konkursos\/\"]}]},{\"@type\":\"ImageObject\",\"inLanguage\":\"lv-LV\",\"@id\":\"https:\/\/izglitiba.valmierasnovads.lv\/v5v\/sasniegumi-skates-un-konkursos\/#primaryimage\",\"url\":\"https:\/\/izglitiba.valmierasnovads.lv\/v5v\/wp-content\/uploads\/sites\/7\/2025\/08\/image-46.png\",\"contentUrl\":\"https:\/\/izglitiba.valmierasnovads.lv\/v5v\/wp-content\/uploads\/sites\/7\/2025\/08\/image-46.png\",\"width\":1280,\"height\":864},{\"@type\":\"BreadcrumbList\",\"@id\":\"https:\/\/izglitiba.valmierasnovads.lv\/v5v\/sasniegumi-skates-un-konkursos\/#breadcrumb\",\"itemListElement\":[{\"@type\":\"ListItem\",\"position\":1,\"name\":\"Home\",\"item\":\"https:\/\/izglitiba.valmierasnovads.lv\/v5v\/\"},{\"@type\":\"ListItem\",\"position\":2,\"name\":\"Sasniegumi skat\u0113s un konkursos\"}]},{\"@type\":\"WebSite\",\"@id\":\"https:\/\/izglitiba.valmierasnovads.lv\/v5v\/#website\",\"url\":\"https:\/\/izglitiba.valmierasnovads.lv\/v5v\/\",\"name\":\"Valmieras 5. vidusskola\",\"description\":\"Draudz\u012bg\u0101k\u0101 skola b\u0113rniem pa\u0161\u0101 Valmieras sird\u012b, pie ezeri\u0146a!\",\"publisher\":{\"@id\":\"https:\/\/izglitiba.valmierasnovads.lv\/v5v\/#organization\"},\"potentialAction\":[{\"@type\":\"SearchAction\",\"target\":{\"@type\":\"EntryPoint\",\"urlTemplate\":\"https:\/\/izglitiba.valmierasnovads.lv\/v5v\/?s={search_term_string}\"},\"query-input\":{\"@type\":\"PropertyValueSpecification\",\"valueRequired\":true,\"valueName\":\"search_term_string\"}}],\"inLanguage\":\"lv-LV\"},{\"@type\":\"Organization\",\"@id\":\"https:\/\/izglitiba.valmierasnovads.lv\/v5v\/#organization\",\"name\":\"Valmieras 5. vidusskola\",\"url\":\"https:\/\/izglitiba.valmierasnovads.lv\/v5v\/\",\"logo\":{\"@type\":\"ImageObject\",\"inLanguage\":\"lv-LV\",\"@id\":\"https:\/\/izglitiba.valmierasnovads.lv\/v5v\/#\/schema\/logo\/image\/\",\"url\":\"https:\/\/izglitiba.valmierasnovads.lv\/v5v\/wp-content\/uploads\/sites\/7\/2026\/03\/cropped-Komplekta-ar-pasu-logo-2-scaled-1.png\",\"contentUrl\":\"https:\/\/izglitiba.valmierasnovads.lv\/v5v\/wp-content\/uploads\/sites\/7\/2026\/03\/cropped-Komplekta-ar-pasu-logo-2-scaled-1.png\",\"width\":1623,\"height\":405,\"caption\":\"Valmieras 5. vidusskola\"},\"image\":{\"@id\":\"https:\/\/izglitiba.valmierasnovads.lv\/v5v\/#\/schema\/logo\/image\/\"}}]}<\/script>\n<!-- \/ Yoast SEO plugin. -->","yoast_head_json":{"title":"Sasniegumi skat\u0113s un konkursos - Valmieras 5. vidusskola","robots":{"index":"index","follow":"follow","max-snippet":"max-snippet:-1","max-image-preview":"max-image-preview:large","max-video-preview":"max-video-preview:-1"},"canonical":"https:\/\/izglitiba.valmierasnovads.lv\/v5v\/sasniegumi-skates-un-konkursos\/","og_locale":"lv_LV","og_type":"article","og_title":"Sasniegumi skat\u0113s un konkursos - Valmieras 5. vidusskola","og_description":"Sasniegumi intere\u0161u izgl\u012bt\u012bb\u0101 2023.\/2024.m.g. Sasniegumi intere\u0161u izgl\u012bt\u012bb\u0101 2022.\/2023.m.g.. Edvards Kokins&nbsp;&#8211;&nbsp;2.pak\u0101pe&nbsp;un&nbsp;tituls \u201cLielais st\u0101stnieks\u201d&nbsp;26.st\u0101stnieku konkurs\u0101 ,,Teci, teci, valodi\u0146a 2022&#8243;, pedagogs&nbsp;Dace Ciguze Z\u0113nu [&hellip;]","og_url":"https:\/\/izglitiba.valmierasnovads.lv\/v5v\/sasniegumi-skates-un-konkursos\/","og_site_name":"Valmieras 5. vidusskola","article_modified_time":"2025-08-24T14:10:14+00:00","og_image":[{"url":"https:\/\/izglitiba.valmierasnovads.lv\/v5v\/wp-content\/uploads\/sites\/7\/2025\/08\/image-46-1024x691.png","type":"","width":"","height":""}],"twitter_card":"summary_large_image","twitter_misc":{"Est. reading time":"3 min\u016btes"},"schema":{"@context":"https:\/\/schema.org","@graph":[{"@type":"WebPage","@id":"https:\/\/izglitiba.valmierasnovads.lv\/v5v\/sasniegumi-skates-un-konkursos\/","url":"https:\/\/izglitiba.valmierasnovads.lv\/v5v\/sasniegumi-skates-un-konkursos\/","name":"Sasniegumi skat\u0113s un konkursos - Valmieras 5. vidusskola","isPartOf":{"@id":"https:\/\/izglitiba.valmierasnovads.lv\/v5v\/#website"},"primaryImageOfPage":{"@id":"https:\/\/izglitiba.valmierasnovads.lv\/v5v\/sasniegumi-skates-un-konkursos\/#primaryimage"},"image":{"@id":"https:\/\/izglitiba.valmierasnovads.lv\/v5v\/sasniegumi-skates-un-konkursos\/#primaryimage"},"thumbnailUrl":"https:\/\/izglitiba.valmierasnovads.lv\/v5v\/wp-content\/uploads\/sites\/7\/2025\/08\/image-46-1024x691.png","datePublished":"2025-08-24T11:24:57+00:00","dateModified":"2025-08-24T14:10:14+00:00","breadcrumb":{"@id":"https:\/\/izglitiba.valmierasnovads.lv\/v5v\/sasniegumi-skates-un-konkursos\/#breadcrumb"},"inLanguage":"lv-LV","potentialAction":[{"@type":"ReadAction","target":["https:\/\/izglitiba.valmierasnovads.lv\/v5v\/sasniegumi-skates-un-konkursos\/"]}]},{"@type":"ImageObject","inLanguage":"lv-LV","@id":"https:\/\/izglitiba.valmierasnovads.lv\/v5v\/sasniegumi-skates-un-konkursos\/#primaryimage","url":"https:\/\/izglitiba.valmierasnovads.lv\/v5v\/wp-content\/uploads\/sites\/7\/2025\/08\/image-46.png","contentUrl":"https:\/\/izglitiba.valmierasnovads.lv\/v5v\/wp-content\/uploads\/sites\/7\/2025\/08\/image-46.png","width":1280,"height":864},{"@type":"BreadcrumbList","@id":"https:\/\/izglitiba.valmierasnovads.lv\/v5v\/sasniegumi-skates-un-konkursos\/#breadcrumb","itemListElement":[{"@type":"ListItem","position":1,"name":"Home","item":"https:\/\/izglitiba.valmierasnovads.lv\/v5v\/"},{"@type":"ListItem","position":2,"name":"Sasniegumi skat\u0113s un konkursos"}]},{"@type":"WebSite","@id":"https:\/\/izglitiba.valmierasnovads.lv\/v5v\/#website","url":"https:\/\/izglitiba.valmierasnovads.lv\/v5v\/","name":"Valmieras 5. vidusskola","description":"Draudz\u012bg\u0101k\u0101 skola b\u0113rniem pa\u0161\u0101 Valmieras sird\u012b, pie ezeri\u0146a!","publisher":{"@id":"https:\/\/izglitiba.valmierasnovads.lv\/v5v\/#organization"},"potentialAction":[{"@type":"SearchAction","target":{"@type":"EntryPoint","urlTemplate":"https:\/\/izglitiba.valmierasnovads.lv\/v5v\/?s={search_term_string}"},"query-input":{"@type":"PropertyValueSpecification","valueRequired":true,"valueName":"search_term_string"}}],"inLanguage":"lv-LV"},{"@type":"Organization","@id":"https:\/\/izglitiba.valmierasnovads.lv\/v5v\/#organization","name":"Valmieras 5. vidusskola","url":"https:\/\/izglitiba.valmierasnovads.lv\/v5v\/","logo":{"@type":"ImageObject","inLanguage":"lv-LV","@id":"https:\/\/izglitiba.valmierasnovads.lv\/v5v\/#\/schema\/logo\/image\/","url":"https:\/\/izglitiba.valmierasnovads.lv\/v5v\/wp-content\/uploads\/sites\/7\/2026\/03\/cropped-Komplekta-ar-pasu-logo-2-scaled-1.png","contentUrl":"https:\/\/izglitiba.valmierasnovads.lv\/v5v\/wp-content\/uploads\/sites\/7\/2026\/03\/cropped-Komplekta-ar-pasu-logo-2-scaled-1.png","width":1623,"height":405,"caption":"Valmieras 5. vidusskola"},"image":{"@id":"https:\/\/izglitiba.valmierasnovads.lv\/v5v\/#\/schema\/logo\/image\/"}}]}},"_links":{"self":[{"href":"https:\/\/izglitiba.valmierasnovads.lv\/v5v\/wp-json\/wp\/v2\/pages\/329","targetHints":{"allow":["GET"]}}],"collection":[{"href":"https:\/\/izglitiba.valmierasnovads.lv\/v5v\/wp-json\/wp\/v2\/pages"}],"about":[{"href":"https:\/\/izglitiba.valmierasnovads.lv\/v5v\/wp-json\/wp\/v2\/types\/page"}],"author":[{"embeddable":true,"href":"https:\/\/izglitiba.valmierasnovads.lv\/v5v\/wp-json\/wp\/v2\/users\/6"}],"replies":[{"embeddable":true,"href":"https:\/\/izglitiba.valmierasnovads.lv\/v5v\/wp-json\/wp\/v2\/comments?post=329"}],"version-history":[{"count":2,"href":"https:\/\/izglitiba.valmierasnovads.lv\/v5v\/wp-json\/wp\/v2\/pages\/329\/revisions"}],"predecessor-version":[{"id":746,"href":"https:\/\/izglitiba.valmierasnovads.lv\/v5v\/wp-json\/wp\/v2\/pages\/329\/revisions\/746"}],"wp:attachment":[{"href":"https:\/\/izglitiba.valmierasnovads.lv\/v5v\/wp-json\/wp\/v2\/media?parent=329"}],"curies":[{"name":"wp","href":"https:\/\/api.w.org\/{rel}","templated":true}]}}