{"id":341,"date":"2025-08-24T14:26:42","date_gmt":"2025-08-24T11:26:42","guid":{"rendered":"https:\/\/izglitiba.valmierasnovads.lv\/v5v\/?page_id=341"},"modified":"2025-08-24T17:11:30","modified_gmt":"2025-08-24T14:11:30","slug":"reglaments","status":"publish","type":"page","link":"https:\/\/izglitiba.valmierasnovads.lv\/v5v\/reglaments\/","title":{"rendered":"Reglaments"},"content":{"rendered":"\n<p class=\"has-large-font-size\"><sup><strong>Valmieras 5. vidusskolas skol\u0113nu domes reglaments<\/strong><\/sup><\/p>\n\n\n\n<p><strong>I. Visp\u0101r\u012bg\u0101 da\u013ca<\/strong><\/p>\n\n\n\n<p>1. Skol\u0113nu dome ir neatkar\u012bga, demokr\u0101tiska, sabiedriska instit\u016bcija, kura izveidota, lai:<\/p>\n\n\n\n<p>1.1 Apzin\u0101tu un paustu skol\u0113nu viedokli da\u017e\u0101dos jaut\u0101jumos, tai skait\u0101 skolas dom\u0113, \u0101rpus skolas, masu sazi\u0146as l\u012bdzek\u013cos un citur, kur tas nepiecie\u0161ams.<\/p>\n\n\n\n<p>1.2 Veicin\u0101tu un organiz\u0113tu sabiedrisku, kult\u016bras un izklaides pas\u0101kumu norisi.<\/p>\n\n\n\n<p>1.3 Sekm\u0113tu iek\u0161\u0113j\u0101s k\u0101rt\u012bbas uzlabo\u0161anu un noteikumu izstr\u0101di kop\u0101 ar skolas administr\u0101ciju.<\/p>\n\n\n\n<p>2. Skol\u0113nu domei var b\u016bt sava, no skolas administr\u0101cijas neatkar\u012bga, simbolika un atrib\u016btika.<\/p>\n\n\n\n<p><strong>II. Domes strukt\u016bra un darba organiz\u0101cija<\/strong><\/p>\n\n\n\n<p>1. Skol\u0113nu dome sast\u0101v no br\u012bvpr\u0101t\u012bgiem skolniekiem no 9. l\u012bdz 12. klasei.<\/p>\n\n\n\n<p>2. Skol\u0113nu dome san\u0101k ne ret\u0101k k\u0101 2 reizes m\u0113nes\u012b un lemj jaut\u0101jumus, kas saist\u012bti ar skol\u0113nu ties\u012bbu aizsardz\u012bbu, skolas presti\u017ea cel\u0161anu, jaut\u0101jumiem par skolas iek\u0161\u0113jo k\u0101rt\u012bbu, kult\u016bras, sporta un izklaides pas\u0101kumu organiz\u0113\u0161anu, skolas dal\u012bbu projektos, \u0101rpusskolas organiz\u0101cij\u0101s.<\/p>\n\n\n\n<p>3. Skol\u0113nu darbu vada un s\u0113des sasauc un organiz\u0113, k\u0101 ar\u012b bez \u012bpa\u0161a pilnvarojuma p\u0101rst\u0101v skol\u0113nu domi \u0101rpus skolas, t\u0101s vad\u012bt\u0101js, kuru no skol\u0113nu domes vidus, demokr\u0101tisku v\u0113l\u0113\u0161anu ce\u013c\u0101, iev\u0113l skol\u0113nu domes dal\u012bbnieki.<\/p>\n\n\n\n<p>3.1 Skol\u0113nu dome katru gadu iece\u013c p\u0101rst\u0101vjus skolas dom\u0113.<\/p>\n\n\n\n<p>4. Skol\u0113nu domes s\u0113des notiek k\u0101d\u0101 no Valmieras 5. vidusskolas telp\u0101m.<\/p>\n\n\n\n<p>4.1.Skol\u0113nu domes s\u0113des norises vieta ir nemain\u012bga. Ja ir k\u0101das izmai\u0146as, par t\u0101m tiek pazi\u0146ots visiem skol\u0113nu domes locek\u013ciem.<\/p>\n\n\n\n<p>4.2. Ja k\u0101ds no skol\u0113nu domes locek\u013ciem nevar ierasties uz skol\u0113nu domes s\u0113di, tad vi\u0146am tas iepriek\u0161 j\u0101pazi\u0146o vad\u012bt\u0101jam vai skol\u0113nu domes koordinatoram.<\/p>\n\n\n\n<p>4.3. Skol\u0113nu domes locek\u013ci pirms s\u0113des vad\u012bt\u0101jam iesniedz, iepriek\u0161 sagatavotus, apsprie\u017eamos jaut\u0101jumus un iepaz\u012bstina ar tiem p\u0101r\u0113jos domes locek\u013cus.<\/p>\n\n\n\n<p>4.4 Katram s\u0113des dal\u012bbniekam ir ties\u012bbas izteikties par katru apsprie\u017eamo jaut\u0101jumu.<\/p>\n\n\n\n<p>4.5. Nevienpr\u0101t\u012bbas gad\u012bjum\u0101, jebkuram no s\u0113des dal\u012bbniekiem ir ties\u012bbas ierosin\u0101t<\/p>\n\n\n\n<p>balso\u0161anu par k\u0101du no jaut\u0101jumiem.<\/p>\n\n\n\n<p>5. Skol\u0113nu dome uz\u0146emas visu atbild\u012bbu par saviem l\u0113mumiem un to sek\u0101m.<\/p>\n\n\n\n<p><strong>III. Balso\u0161anas k\u0101rt\u012bba<\/strong><\/p>\n\n\n\n<p>1. Jaut\u0101jumus skol\u0113nu dom\u0113 izlemj balsojot.<\/p>\n\n\n\n<p>2. Balss ties\u012bbas ir visiem p\u0101rst\u0101vjiem, pie tam katram ir tikai viena balss.<\/p>\n\n\n\n<p>3. Balso\u0161anu vada un balsis skaita s\u0113des vad\u012bt\u0101js.<\/p>\n\n\n\n<p>4. Balso\u0161ana notiek atkl\u0101ti vai aizkl\u0101ti (iepriek\u0161 par to vienojoties) un priek\u0161likums uzskat\u0101ms par pie\u0146emtu, ja \u201epar\u201d nobalso vair\u0101kums no kl\u0101teso\u0161ajiem domes dal\u012bbniekiem.<\/p>\n","protected":false},"excerpt":{"rendered":"<p>Valmieras 5. vidusskolas skol\u0113nu domes reglaments I. Visp\u0101r\u012bg\u0101 da\u013ca 1. Skol\u0113nu dome ir neatkar\u012bga, demokr\u0101tiska, sabiedriska instit\u016bcija, kura izveidota, lai: [&hellip;]<\/p>\n","protected":false},"author":6,"featured_media":0,"parent":0,"menu_order":0,"comment_status":"closed","ping_status":"closed","template":"","meta":{"_acf_changed":false,"site-sidebar-layout":"default","site-content-layout":"","ast-site-content-layout":"default","site-content-style":"default","site-sidebar-style":"default","ast-global-header-display":"","ast-banner-title-visibility":"","ast-main-header-display":"","ast-hfb-above-header-display":"","ast-hfb-below-header-display":"","ast-hfb-mobile-header-display":"","site-post-title":"","ast-breadcrumbs-content":"","ast-featured-img":"","footer-sml-layout":"","ast-disable-related-posts":"","theme-transparent-header-meta":"","adv-header-id-meta":"","stick-header-meta":"","header-above-stick-meta":"","header-main-stick-meta":"","header-below-stick-meta":"","astra-migrate-meta-layouts":"default","ast-page-background-enabled":"default","ast-page-background-meta":{"desktop":{"background-color":"var(--ast-global-color-5)","background-image":"","background-repeat":"repeat","background-position":"center center","background-size":"auto","background-attachment":"scroll","background-type":"","background-media":"","overlay-type":"","overlay-color":"","overlay-opacity":"","overlay-gradient":""},"tablet":{"background-color":"","background-image":"","background-repeat":"repeat","background-position":"center center","background-size":"auto","background-attachment":"scroll","background-type":"","background-media":"","overlay-type":"","overlay-color":"","overlay-opacity":"","overlay-gradient":""},"mobile":{"background-color":"","background-image":"","background-repeat":"repeat","background-position":"center center","background-size":"auto","background-attachment":"scroll","background-type":"","background-media":"","overlay-type":"","overlay-color":"","overlay-opacity":"","overlay-gradient":""}},"ast-content-background-meta":{"desktop":{"background-color":"var(--ast-global-color-4)","background-image":"","background-repeat":"repeat","background-position":"center center","background-size":"auto","background-attachment":"scroll","background-type":"","background-media":"","overlay-type":"","overlay-color":"","overlay-opacity":"","overlay-gradient":""},"tablet":{"background-color":"var(--ast-global-color-4)","background-image":"","background-repeat":"repeat","background-position":"center center","background-size":"auto","background-attachment":"scroll","background-type":"","background-media":"","overlay-type":"","overlay-color":"","overlay-opacity":"","overlay-gradient":""},"mobile":{"background-color":"var(--ast-global-color-4)","background-image":"","background-repeat":"repeat","background-position":"center center","background-size":"auto","background-attachment":"scroll","background-type":"","background-media":"","overlay-type":"","overlay-color":"","overlay-opacity":"","overlay-gradient":""}},"footnotes":""},"class_list":["post-341","page","type-page","status-publish","hentry"],"acf":[],"yoast_head":"<!-- This site is optimized with the Yoast SEO plugin v27.0 - https:\/\/yoast.com\/product\/yoast-seo-wordpress\/ -->\n<title>Reglaments - Valmieras 5. vidusskola<\/title>\n<meta name=\"robots\" content=\"index, follow, max-snippet:-1, max-image-preview:large, max-video-preview:-1\" \/>\n<link rel=\"canonical\" href=\"https:\/\/izglitiba.valmierasnovads.lv\/v5v\/reglaments\/\" \/>\n<meta property=\"og:locale\" content=\"lv_LV\" \/>\n<meta property=\"og:type\" content=\"article\" \/>\n<meta property=\"og:title\" content=\"Reglaments - Valmieras 5. vidusskola\" \/>\n<meta property=\"og:description\" content=\"Valmieras 5. vidusskolas skol\u0113nu domes reglaments I. Visp\u0101r\u012bg\u0101 da\u013ca 1. Skol\u0113nu dome ir neatkar\u012bga, demokr\u0101tiska, sabiedriska instit\u016bcija, kura izveidota, lai: [&hellip;]\" \/>\n<meta property=\"og:url\" content=\"https:\/\/izglitiba.valmierasnovads.lv\/v5v\/reglaments\/\" \/>\n<meta property=\"og:site_name\" content=\"Valmieras 5. vidusskola\" \/>\n<meta property=\"article:modified_time\" content=\"2025-08-24T14:11:30+00:00\" \/>\n<meta name=\"twitter:card\" content=\"summary_large_image\" \/>\n<meta name=\"twitter:label1\" content=\"Est. reading time\" \/>\n\t<meta name=\"twitter:data1\" content=\"2 min\u016btes\" \/>\n<script type=\"application\/ld+json\" class=\"yoast-schema-graph\">{\"@context\":\"https:\/\/schema.org\",\"@graph\":[{\"@type\":\"WebPage\",\"@id\":\"https:\/\/izglitiba.valmierasnovads.lv\/v5v\/reglaments\/\",\"url\":\"https:\/\/izglitiba.valmierasnovads.lv\/v5v\/reglaments\/\",\"name\":\"Reglaments - Valmieras 5. vidusskola\",\"isPartOf\":{\"@id\":\"https:\/\/izglitiba.valmierasnovads.lv\/v5v\/#website\"},\"datePublished\":\"2025-08-24T11:26:42+00:00\",\"dateModified\":\"2025-08-24T14:11:30+00:00\",\"breadcrumb\":{\"@id\":\"https:\/\/izglitiba.valmierasnovads.lv\/v5v\/reglaments\/#breadcrumb\"},\"inLanguage\":\"lv-LV\",\"potentialAction\":[{\"@type\":\"ReadAction\",\"target\":[\"https:\/\/izglitiba.valmierasnovads.lv\/v5v\/reglaments\/\"]}]},{\"@type\":\"BreadcrumbList\",\"@id\":\"https:\/\/izglitiba.valmierasnovads.lv\/v5v\/reglaments\/#breadcrumb\",\"itemListElement\":[{\"@type\":\"ListItem\",\"position\":1,\"name\":\"Home\",\"item\":\"https:\/\/izglitiba.valmierasnovads.lv\/v5v\/\"},{\"@type\":\"ListItem\",\"position\":2,\"name\":\"Reglaments\"}]},{\"@type\":\"WebSite\",\"@id\":\"https:\/\/izglitiba.valmierasnovads.lv\/v5v\/#website\",\"url\":\"https:\/\/izglitiba.valmierasnovads.lv\/v5v\/\",\"name\":\"Valmieras 5. vidusskola\",\"description\":\"Draudz\u012bg\u0101k\u0101 skola b\u0113rniem pa\u0161\u0101 Valmieras sird\u012b, pie ezeri\u0146a!\",\"publisher\":{\"@id\":\"https:\/\/izglitiba.valmierasnovads.lv\/v5v\/#organization\"},\"potentialAction\":[{\"@type\":\"SearchAction\",\"target\":{\"@type\":\"EntryPoint\",\"urlTemplate\":\"https:\/\/izglitiba.valmierasnovads.lv\/v5v\/?s={search_term_string}\"},\"query-input\":{\"@type\":\"PropertyValueSpecification\",\"valueRequired\":true,\"valueName\":\"search_term_string\"}}],\"inLanguage\":\"lv-LV\"},{\"@type\":\"Organization\",\"@id\":\"https:\/\/izglitiba.valmierasnovads.lv\/v5v\/#organization\",\"name\":\"Valmieras 5. vidusskola\",\"url\":\"https:\/\/izglitiba.valmierasnovads.lv\/v5v\/\",\"logo\":{\"@type\":\"ImageObject\",\"inLanguage\":\"lv-LV\",\"@id\":\"https:\/\/izglitiba.valmierasnovads.lv\/v5v\/#\/schema\/logo\/image\/\",\"url\":\"https:\/\/izglitiba.valmierasnovads.lv\/v5v\/wp-content\/uploads\/sites\/7\/2026\/03\/cropped-Komplekta-ar-pasu-logo-2-scaled-1.png\",\"contentUrl\":\"https:\/\/izglitiba.valmierasnovads.lv\/v5v\/wp-content\/uploads\/sites\/7\/2026\/03\/cropped-Komplekta-ar-pasu-logo-2-scaled-1.png\",\"width\":1623,\"height\":405,\"caption\":\"Valmieras 5. vidusskola\"},\"image\":{\"@id\":\"https:\/\/izglitiba.valmierasnovads.lv\/v5v\/#\/schema\/logo\/image\/\"}}]}<\/script>\n<!-- \/ Yoast SEO plugin. -->","yoast_head_json":{"title":"Reglaments - Valmieras 5. vidusskola","robots":{"index":"index","follow":"follow","max-snippet":"max-snippet:-1","max-image-preview":"max-image-preview:large","max-video-preview":"max-video-preview:-1"},"canonical":"https:\/\/izglitiba.valmierasnovads.lv\/v5v\/reglaments\/","og_locale":"lv_LV","og_type":"article","og_title":"Reglaments - Valmieras 5. vidusskola","og_description":"Valmieras 5. vidusskolas skol\u0113nu domes reglaments I. Visp\u0101r\u012bg\u0101 da\u013ca 1. Skol\u0113nu dome ir neatkar\u012bga, demokr\u0101tiska, sabiedriska instit\u016bcija, kura izveidota, lai: [&hellip;]","og_url":"https:\/\/izglitiba.valmierasnovads.lv\/v5v\/reglaments\/","og_site_name":"Valmieras 5. vidusskola","article_modified_time":"2025-08-24T14:11:30+00:00","twitter_card":"summary_large_image","twitter_misc":{"Est. reading time":"2 min\u016btes"},"schema":{"@context":"https:\/\/schema.org","@graph":[{"@type":"WebPage","@id":"https:\/\/izglitiba.valmierasnovads.lv\/v5v\/reglaments\/","url":"https:\/\/izglitiba.valmierasnovads.lv\/v5v\/reglaments\/","name":"Reglaments - Valmieras 5. vidusskola","isPartOf":{"@id":"https:\/\/izglitiba.valmierasnovads.lv\/v5v\/#website"},"datePublished":"2025-08-24T11:26:42+00:00","dateModified":"2025-08-24T14:11:30+00:00","breadcrumb":{"@id":"https:\/\/izglitiba.valmierasnovads.lv\/v5v\/reglaments\/#breadcrumb"},"inLanguage":"lv-LV","potentialAction":[{"@type":"ReadAction","target":["https:\/\/izglitiba.valmierasnovads.lv\/v5v\/reglaments\/"]}]},{"@type":"BreadcrumbList","@id":"https:\/\/izglitiba.valmierasnovads.lv\/v5v\/reglaments\/#breadcrumb","itemListElement":[{"@type":"ListItem","position":1,"name":"Home","item":"https:\/\/izglitiba.valmierasnovads.lv\/v5v\/"},{"@type":"ListItem","position":2,"name":"Reglaments"}]},{"@type":"WebSite","@id":"https:\/\/izglitiba.valmierasnovads.lv\/v5v\/#website","url":"https:\/\/izglitiba.valmierasnovads.lv\/v5v\/","name":"Valmieras 5. vidusskola","description":"Draudz\u012bg\u0101k\u0101 skola b\u0113rniem pa\u0161\u0101 Valmieras sird\u012b, pie ezeri\u0146a!","publisher":{"@id":"https:\/\/izglitiba.valmierasnovads.lv\/v5v\/#organization"},"potentialAction":[{"@type":"SearchAction","target":{"@type":"EntryPoint","urlTemplate":"https:\/\/izglitiba.valmierasnovads.lv\/v5v\/?s={search_term_string}"},"query-input":{"@type":"PropertyValueSpecification","valueRequired":true,"valueName":"search_term_string"}}],"inLanguage":"lv-LV"},{"@type":"Organization","@id":"https:\/\/izglitiba.valmierasnovads.lv\/v5v\/#organization","name":"Valmieras 5. vidusskola","url":"https:\/\/izglitiba.valmierasnovads.lv\/v5v\/","logo":{"@type":"ImageObject","inLanguage":"lv-LV","@id":"https:\/\/izglitiba.valmierasnovads.lv\/v5v\/#\/schema\/logo\/image\/","url":"https:\/\/izglitiba.valmierasnovads.lv\/v5v\/wp-content\/uploads\/sites\/7\/2026\/03\/cropped-Komplekta-ar-pasu-logo-2-scaled-1.png","contentUrl":"https:\/\/izglitiba.valmierasnovads.lv\/v5v\/wp-content\/uploads\/sites\/7\/2026\/03\/cropped-Komplekta-ar-pasu-logo-2-scaled-1.png","width":1623,"height":405,"caption":"Valmieras 5. vidusskola"},"image":{"@id":"https:\/\/izglitiba.valmierasnovads.lv\/v5v\/#\/schema\/logo\/image\/"}}]}},"_links":{"self":[{"href":"https:\/\/izglitiba.valmierasnovads.lv\/v5v\/wp-json\/wp\/v2\/pages\/341","targetHints":{"allow":["GET"]}}],"collection":[{"href":"https:\/\/izglitiba.valmierasnovads.lv\/v5v\/wp-json\/wp\/v2\/pages"}],"about":[{"href":"https:\/\/izglitiba.valmierasnovads.lv\/v5v\/wp-json\/wp\/v2\/types\/page"}],"author":[{"embeddable":true,"href":"https:\/\/izglitiba.valmierasnovads.lv\/v5v\/wp-json\/wp\/v2\/users\/6"}],"replies":[{"embeddable":true,"href":"https:\/\/izglitiba.valmierasnovads.lv\/v5v\/wp-json\/wp\/v2\/comments?post=341"}],"version-history":[{"count":2,"href":"https:\/\/izglitiba.valmierasnovads.lv\/v5v\/wp-json\/wp\/v2\/pages\/341\/revisions"}],"predecessor-version":[{"id":749,"href":"https:\/\/izglitiba.valmierasnovads.lv\/v5v\/wp-json\/wp\/v2\/pages\/341\/revisions\/749"}],"wp:attachment":[{"href":"https:\/\/izglitiba.valmierasnovads.lv\/v5v\/wp-json\/wp\/v2\/media?parent=341"}],"curies":[{"name":"wp","href":"https:\/\/api.w.org\/{rel}","templated":true}]}}