{"id":828,"date":"2025-08-25T13:31:42","date_gmt":"2025-08-25T10:31:42","guid":{"rendered":"https:\/\/izglitiba.valmierasnovads.lv\/v5v\/?page_id=828"},"modified":"2025-08-25T13:31:42","modified_gmt":"2025-08-25T10:31:42","slug":"latvijas-skolas-soma","status":"publish","type":"page","link":"https:\/\/izglitiba.valmierasnovads.lv\/v5v\/latvijas-skolas-soma\/","title":{"rendered":"Latvijas Skolas soma"},"content":{"rendered":"\n<figure class=\"wp-block-image aligncenter size-large is-resized\"><img loading=\"lazy\" decoding=\"async\" width=\"1024\" height=\"260\" src=\"https:\/\/izglitiba.valmierasnovads.lv\/v5v\/wp-content\/uploads\/sites\/7\/2025\/08\/image-53-1024x260.png\" alt=\"\" class=\"wp-image-829\" style=\"width:492px;height:auto\" srcset=\"https:\/\/izglitiba.valmierasnovads.lv\/v5v\/wp-content\/uploads\/sites\/7\/2025\/08\/image-53-1024x260.png 1024w, https:\/\/izglitiba.valmierasnovads.lv\/v5v\/wp-content\/uploads\/sites\/7\/2025\/08\/image-53-300x76.png 300w, https:\/\/izglitiba.valmierasnovads.lv\/v5v\/wp-content\/uploads\/sites\/7\/2025\/08\/image-53-768x195.png 768w, https:\/\/izglitiba.valmierasnovads.lv\/v5v\/wp-content\/uploads\/sites\/7\/2025\/08\/image-53.png 1280w\" sizes=\"auto, (max-width: 1024px) 100vw, 1024px\" \/><\/figure>\n\n\n\n<p>Programma \u201eLatvijas skolas soma\u201d ir liel\u0101k\u0101 valsts simtgades d\u0101vana vair\u0101k nek\u0101 200 000 Latvijas b\u0113rniem un jaunie\u0161iem. T\u0101s m\u0113r\u0137is ir, s\u0101kot ar 2018. gada septembri, nodro\u0161in\u0101t katram m\u016bsu valsts skol\u0113nam iesp\u0113ju vismaz vienu reizi m\u0101c\u012bbu semestra laik\u0101 apmekl\u0113t norises, kas saist\u012btas ar m\u0101c\u012bbu un audzin\u0101\u0161anas darba saturu un dod iesp\u0113ju kl\u0101tien\u0113 iepaz\u012bt Latviju m\u0101kslas un kult\u016bras noris\u0113s (skatuves m\u0101ksl\u0101, m\u016bzik\u0101, vizu\u0101laj\u0101 m\u0101ksl\u0101, literat\u016br\u0101, dej\u0101, arhitekt\u016br\u0101, dizain\u0101 un kino), tai skait\u0101 izzin\u0101t Latvijas valstiskuma att\u012bst\u012bbas un saglab\u0101\u0161anas liec\u012bbas, Latvijas kult\u016brainavu, kult\u016bras v\u0113rt\u012bbas un laikmet\u012bg\u0101s izpausmes, v\u0113sturisko mantojumu un rado\u0161\u0101s industrijas.<\/p>\n\n\n\n<p>\u201eLatvijas skolas soma\u201d veidota k\u0101 kompleksa, starpdisciplin\u0101ra programma, kas apvieno resursus, lai stiprin\u0101tu jaun\u0101s paaudzes nacion\u0101lo identit\u0101ti, pilsoniskuma, valstisk\u0101s pieder\u012bbas apzi\u0146u, att\u012bst\u012btu kult\u016bras izpratnes un izpausmes kompetenci, paaugstin\u0101tu izgl\u012bt\u012bbas kvalit\u0101ti, k\u0101 ar\u012b mazin\u0101tu soci\u0101lo nevienl\u012bdz\u012bbu.<\/p>\n\n\n\n<p>Direktores vietniece <strong>Daila Ran\u0161e<\/strong><\/p>\n\n\n\n<h1 class=\"wp-block-heading has-text-align-center has-luminous-vivid-amber-background-color has-background\"><strong>Projekta aktivit\u0101tes<\/strong><\/h1>\n\n\n\n<h2 class=\"wp-block-heading has-text-align-center\"><strong>2023. \/ 2024. m\u0101c\u012bbu gad\u0101<\/strong><\/h2>\n\n\n\n<ul class=\"wp-block-list\">\n<li>Projekts \u201cNeredzam\u0101 pasaule\u201d<\/li>\n\n\n\n<li>Cikla \u201cM\u016bzika Tev\u201d koncertprogramma \u201cAlise Br\u012bnumzem\u0113\u201d<\/li>\n\n\n\n<li>Cikla \u201cM\u016bzika Tev\u201d koncertprogramma \u201cKa\u0137\u012b\u0161a dzirnavas\u201d<\/li>\n\n\n\n<li>Muzejpedago\u0123isk\u0101 nodarb\u012bba Daugavpils cietoksn\u012b un Rotko m\u0101kslas centr\u0101<\/li>\n\n\n\n<li>Nacion\u0101l\u0101 te\u0101tra izr\u0101de \u201cSudraba slidas\u201d<\/li>\n\n\n\n<li>Dzied\u0101t\u0101ja Andra \u0112rg\u013ca latvie\u0161u dziesmu koncertprogramma<\/li>\n\n\n\n<li>Koncertdiskusija \u201cSaj\u016btu r\u016bpn\u012bca\u201d<\/li>\n\n\n\n<li>Valmieras te\u0101tra izr\u0101de &#8220;Dali\u0146\u0161&#8221;<\/li>\n\n\n\n<li>Cikla \u201cMuzika Tev\u201d koncertprogramma \u201cAdamsu \u0123imenes meln\u0101 tre\u0161diena&#8221;<\/li>\n\n\n\n<li>Muzejpedago\u0123isk\u0101 programma Paula Stradi\u0146a Medic\u012bnas v\u0113stures muzej\u0101<\/li>\n\n\n\n<li>Koncertfilma : Ozols: No rajona l\u012bdz ar\u0113nai&#8221;<\/li>\n\n\n\n<li>Dokument\u0101l\u0101 filma &#8220;Patr\u012bcija\u201d<\/li>\n\n\n\n<li>Daudzs\u0113riju m\u0101kslas filma &#8220;Padomju d\u017einsi&#8221;<\/li>\n\n\n\n<li>Digit\u0101la norise &#8220;Purv\u012btis. Ko\u0161i pel\u0113kais latvietis&#8221;<\/li>\n\n\n\n<li>Izzino\u0161a pastaiga &#8220;P\u0101r\u0161\u0137ir laiku&#8221; L\u012bgatnes pap\u012brfabrik\u0101<\/li>\n\n\n\n<li>Izzino\u0161a nodarb\u012bba &#8220;Padomju slepenaj\u0101 bunkur\u0101&#8221; L\u012bgatn\u0113<\/li>\n\n\n\n<li>Audiovizu\u0101l\u0101 darbn\u012bca Ventspils Digit\u0101lais centr\u0101<\/li>\n\n\n\n<li>Kocertlekcija &#8220;Daudz laimes, Latvija!\u201d<\/li>\n\n\n\n<li>\u017dor\u017ea Siksnas koncertprogramma<\/li>\n\n\n\n<li>Muzejpedago\u0123isk\u0101 nodarb\u012bba &#8220;Sveces gaisma&#8221; Ventspils Piej\u016bras br\u012bvdabas muzej\u0101<\/li>\n<\/ul>\n\n\n\n<h2 class=\"wp-block-heading has-text-align-center\"><strong>2022. \/ 2023. m\u0101c\u012bbu gad\u0101<\/strong><\/h2>\n\n\n\n<ul class=\"wp-block-list\">\n<li>Muzejpedago\u0123isk\u0101 nodarb\u012bba Cesvaines pil\u012b<\/li>\n\n\n\n<li>Virtu\u0101l\u0101s realit\u0101tes nodarb\u012bba \u201cEs saprotu liter\u0101ro dai\u013cdarbu caur m\u0101kslu\u201d<\/li>\n\n\n\n<li>Rado\u0161a tik\u0161an\u0101s ar gr\u0101matas \u201cRai\u0146a ielas cirks\u201d autori Lu\u012bzi Pastori<\/li>\n\n\n\n<li>Grupas \u201cThe Sound Poets\u201d koncerts<\/li>\n\n\n\n<li>Latvie\u0161u m\u0101kslas filma \u201cM\u0101tes piens\u201d<\/li>\n\n\n\n<li>C\u0113su v\u0113stures un m\u0101kslas muzeja nodarb\u012bba \u201cViduslaiku sp\u0113les\u201d<\/li>\n\n\n\n<li>C\u0113su v\u0113stures un m\u0101kslas muzeja nodarb\u012bba \u201cHallo, C\u0113sis!\u201d<\/li>\n\n\n\n<li>\u017d. Lipkes memori\u0101la muzejpedago\u0123isk\u0101 nodarb\u012bba \u201cKara pieredze bunkur\u0101. Izdz\u012bvo\u0161anas strat\u0113\u0123ija.\u201d<\/li>\n\n\n\n<li>Tie\u0161saistes erud\u012bcijas sp\u0113le &#8220;Cilpojam latvie\u0161u kino&#8221;<\/li>\n<\/ul>\n\n\n\n<h2 class=\"wp-block-heading has-text-align-center\"><strong>2021. \/ 2022. m\u0101c\u012bbu gad\u0101<\/strong><\/h2>\n\n\n\n<ul class=\"wp-block-list\">\n<li><strong>09.11.<\/strong>\u00a0&#8211; SIA \u201cLiepaja Music\u201d izr\u0101de &#8220;No Veidenbauma neizb\u0113gsi&#8221;, 10.ab un 12.b klase\u00a0 \u00a0 \u00a0 \u00a0\u00a0<\/li>\n\n\n\n<li><strong>13.11.<\/strong>\u00a0&#8211; Ziedo\u0146a muzeja interakt\u012bva nodarb\u012bba &#8220;Es un Imants Ziedonis &#8220;Dzirnakme\u0146os&#8221;&#8221;, 11.ab un 12.a klase<\/li>\n\n\n\n<li><strong>13.11.<\/strong>\u00a0&#8211; Iluzionistu Pecolli izr\u0101de &#8220;Zem\u016bdens burbu\u013cu izr\u0101de&#8221;, 1. &#8211; 6.klase \u00a0 \u00a0 \u00a0\u00a0<\/li>\n\n\n\n<li><strong>13.11.<\/strong>\u00a0&#8211; Istabas te\u0101tris, izr\u0101de &#8220;Klus\u0113t\u0101ji &#8211; ekr\u0101n\u0101&#8221;, 7. &#8211; 9.klase\u00a0\u00a0<\/li>\n\n\n\n<li><strong>16.12.<\/strong>\u00a0&#8211; M\u0101kslas izgl\u012bt\u012bbas centra &#8220;Tr\u012bs kr\u0101sas&#8221; nodarb\u012bba &#8220;Dizains pils\u0113t\u0101&#8221;, 11.a klase<\/li>\n\n\n\n<li><strong>17.12.<\/strong>\u00a0&#8211; Stilistes Ingas Zaharovas interakt\u012bv\u0101 nodarb\u012bba &#8220;Mode k\u0101 m\u0101ksla&#8221;, 12.ab un 9.a klase<\/li>\n\n\n\n<li><strong>22.04.<\/strong>\u00a0Tie\u0161saistes pas\u0101kums &#8220;Cilpo&#8221;<\/li>\n\n\n\n<li><strong>13.05.<\/strong>\u00a0Muzejpedago\u0123isk\u0101 nodarb\u012bba Rund\u0101les pil\u012b<\/li>\n<\/ul>\n\n\n\n<h2 class=\"wp-block-heading has-text-align-center\"><strong>2020. \/ 2021. m\u0101c\u012bbu gad\u0101<\/strong><\/h2>\n\n\n\n<ul class=\"wp-block-list\">\n<li><strong>09.11.- 18.12.<\/strong>\u00a0Latvijas kinematogr\u0101fistu savien\u012bbas projekts \u201cKino visiem un visur Latvij\u0101\u201d, 1.-12.kl.<\/li>\n\n\n\n<li><strong>09.12.\u00a0<\/strong>Anim\u0101cijas filma \u201cMans m\u012b\u013c\u0101kais kar\u0161\u201d, 7.-12.kl.<\/li>\n\n\n\n<li><strong>15.12.<\/strong>\u00a0Online koncertprogramma \u201cZiemassv\u0113tki apk\u0101rt zemeslodei\u201d (Dz\u012bv\u0101 ska\u0146a), 1.-6.kl.<\/li>\n\n\n\n<li><strong>17.12.\u00a0<\/strong>Online koncertprogramma \u201cPopul\u0101r\u0101s m\u016bzikas 100 gadi\u201d \/grupa \u201cFramest\u201d\/, 7.-12.kl.<\/li>\n\n\n\n<li><strong>19.01<\/strong>. Koncertlekcija \u201cM\u016bsu Maestro Raimonds Pauls\u201d (1.-12.kl.)<\/li>\n\n\n\n<li><strong>25.03.<\/strong>\u00a0D\u017eeza stunda jaunie\u0161iem ar\u00a0 Denisu Pa\u0161kevi\u010du un Kristapu Vanadzi\u0146u (10.-12.kl.)<\/li>\n\n\n\n<li><strong>29.03.<\/strong>\u00a0Koncertlekcija &#8220;Imants Kalni\u0146\u0161 80&#8221; (5.-6.kl, 9.kl.)<\/li>\n\n\n\n<li><strong>07.04.<\/strong>\u00a0Meistarklase Grafiti m\u0101ksl\u0101 (7.-8.kl.)<\/li>\n\n\n\n<li><strong>19.04.<\/strong>\u00a0Le\u013clu te\u0101tra izr\u0101de &#8220;Uci Puci mekl\u0113 m\u0101jas&#8221; (1.-4.kl.)<\/li>\n<\/ul>\n","protected":false},"excerpt":{"rendered":"<p>Programma \u201eLatvijas skolas soma\u201d ir liel\u0101k\u0101 valsts simtgades d\u0101vana vair\u0101k nek\u0101 200 000 Latvijas b\u0113rniem un jaunie\u0161iem. T\u0101s m\u0113r\u0137is ir, [&hellip;]<\/p>\n","protected":false},"author":6,"featured_media":0,"parent":0,"menu_order":0,"comment_status":"closed","ping_status":"closed","template":"","meta":{"_acf_changed":false,"site-sidebar-layout":"default","site-content-layout":"","ast-site-content-layout":"default","site-content-style":"default","site-sidebar-style":"default","ast-global-header-display":"","ast-banner-title-visibility":"","ast-main-header-display":"","ast-hfb-above-header-display":"","ast-hfb-below-header-display":"","ast-hfb-mobile-header-display":"","site-post-title":"","ast-breadcrumbs-content":"","ast-featured-img":"","footer-sml-layout":"","ast-disable-related-posts":"","theme-transparent-header-meta":"","adv-header-id-meta":"","stick-header-meta":"","header-above-stick-meta":"","header-main-stick-meta":"","header-below-stick-meta":"","astra-migrate-meta-layouts":"default","ast-page-background-enabled":"default","ast-page-background-meta":{"desktop":{"background-color":"var(--ast-global-color-5)","background-image":"","background-repeat":"repeat","background-position":"center center","background-size":"auto","background-attachment":"scroll","background-type":"","background-media":"","overlay-type":"","overlay-color":"","overlay-opacity":"","overlay-gradient":""},"tablet":{"background-color":"","background-image":"","background-repeat":"repeat","background-position":"center center","background-size":"auto","background-attachment":"scroll","background-type":"","background-media":"","overlay-type":"","overlay-color":"","overlay-opacity":"","overlay-gradient":""},"mobile":{"background-color":"","background-image":"","background-repeat":"repeat","background-position":"center center","background-size":"auto","background-attachment":"scroll","background-type":"","background-media":"","overlay-type":"","overlay-color":"","overlay-opacity":"","overlay-gradient":""}},"ast-content-background-meta":{"desktop":{"background-color":"var(--ast-global-color-4)","background-image":"","background-repeat":"repeat","background-position":"center center","background-size":"auto","background-attachment":"scroll","background-type":"","background-media":"","overlay-type":"","overlay-color":"","overlay-opacity":"","overlay-gradient":""},"tablet":{"background-color":"var(--ast-global-color-4)","background-image":"","background-repeat":"repeat","background-position":"center center","background-size":"auto","background-attachment":"scroll","background-type":"","background-media":"","overlay-type":"","overlay-color":"","overlay-opacity":"","overlay-gradient":""},"mobile":{"background-color":"var(--ast-global-color-4)","background-image":"","background-repeat":"repeat","background-position":"center center","background-size":"auto","background-attachment":"scroll","background-type":"","background-media":"","overlay-type":"","overlay-color":"","overlay-opacity":"","overlay-gradient":""}},"footnotes":""},"class_list":["post-828","page","type-page","status-publish","hentry"],"acf":[],"yoast_head":"<!-- This site is optimized with the Yoast SEO plugin v27.0 - https:\/\/yoast.com\/product\/yoast-seo-wordpress\/ -->\n<title>Latvijas Skolas soma - Valmieras 5. vidusskola<\/title>\n<meta name=\"robots\" content=\"index, follow, max-snippet:-1, max-image-preview:large, max-video-preview:-1\" \/>\n<link rel=\"canonical\" href=\"https:\/\/izglitiba.valmierasnovads.lv\/v5v\/latvijas-skolas-soma\/\" \/>\n<meta property=\"og:locale\" content=\"lv_LV\" \/>\n<meta property=\"og:type\" content=\"article\" \/>\n<meta property=\"og:title\" content=\"Latvijas Skolas soma - Valmieras 5. vidusskola\" \/>\n<meta property=\"og:description\" content=\"Programma \u201eLatvijas skolas soma\u201d ir liel\u0101k\u0101 valsts simtgades d\u0101vana vair\u0101k nek\u0101 200 000 Latvijas b\u0113rniem un jaunie\u0161iem. T\u0101s m\u0113r\u0137is ir, [&hellip;]\" \/>\n<meta property=\"og:url\" content=\"https:\/\/izglitiba.valmierasnovads.lv\/v5v\/latvijas-skolas-soma\/\" \/>\n<meta property=\"og:site_name\" content=\"Valmieras 5. vidusskola\" \/>\n<meta property=\"og:image\" content=\"https:\/\/izglitiba.valmierasnovads.lv\/v5v\/wp-content\/uploads\/sites\/7\/2025\/08\/image-53.png\" \/>\n\t<meta property=\"og:image:width\" content=\"1280\" \/>\n\t<meta property=\"og:image:height\" content=\"325\" \/>\n\t<meta property=\"og:image:type\" content=\"image\/png\" \/>\n<meta name=\"twitter:card\" content=\"summary_large_image\" \/>\n<meta name=\"twitter:label1\" content=\"Est. reading time\" \/>\n\t<meta name=\"twitter:data1\" content=\"3 min\u016btes\" \/>\n<script type=\"application\/ld+json\" class=\"yoast-schema-graph\">{\"@context\":\"https:\/\/schema.org\",\"@graph\":[{\"@type\":\"WebPage\",\"@id\":\"https:\/\/izglitiba.valmierasnovads.lv\/v5v\/latvijas-skolas-soma\/\",\"url\":\"https:\/\/izglitiba.valmierasnovads.lv\/v5v\/latvijas-skolas-soma\/\",\"name\":\"Latvijas Skolas soma - Valmieras 5. vidusskola\",\"isPartOf\":{\"@id\":\"https:\/\/izglitiba.valmierasnovads.lv\/v5v\/#website\"},\"primaryImageOfPage\":{\"@id\":\"https:\/\/izglitiba.valmierasnovads.lv\/v5v\/latvijas-skolas-soma\/#primaryimage\"},\"image\":{\"@id\":\"https:\/\/izglitiba.valmierasnovads.lv\/v5v\/latvijas-skolas-soma\/#primaryimage\"},\"thumbnailUrl\":\"https:\/\/izglitiba.valmierasnovads.lv\/v5v\/wp-content\/uploads\/sites\/7\/2025\/08\/image-53-1024x260.png\",\"datePublished\":\"2025-08-25T10:31:42+00:00\",\"breadcrumb\":{\"@id\":\"https:\/\/izglitiba.valmierasnovads.lv\/v5v\/latvijas-skolas-soma\/#breadcrumb\"},\"inLanguage\":\"lv-LV\",\"potentialAction\":[{\"@type\":\"ReadAction\",\"target\":[\"https:\/\/izglitiba.valmierasnovads.lv\/v5v\/latvijas-skolas-soma\/\"]}]},{\"@type\":\"ImageObject\",\"inLanguage\":\"lv-LV\",\"@id\":\"https:\/\/izglitiba.valmierasnovads.lv\/v5v\/latvijas-skolas-soma\/#primaryimage\",\"url\":\"https:\/\/izglitiba.valmierasnovads.lv\/v5v\/wp-content\/uploads\/sites\/7\/2025\/08\/image-53.png\",\"contentUrl\":\"https:\/\/izglitiba.valmierasnovads.lv\/v5v\/wp-content\/uploads\/sites\/7\/2025\/08\/image-53.png\",\"width\":1280,\"height\":325},{\"@type\":\"BreadcrumbList\",\"@id\":\"https:\/\/izglitiba.valmierasnovads.lv\/v5v\/latvijas-skolas-soma\/#breadcrumb\",\"itemListElement\":[{\"@type\":\"ListItem\",\"position\":1,\"name\":\"Home\",\"item\":\"https:\/\/izglitiba.valmierasnovads.lv\/v5v\/\"},{\"@type\":\"ListItem\",\"position\":2,\"name\":\"Latvijas Skolas soma\"}]},{\"@type\":\"WebSite\",\"@id\":\"https:\/\/izglitiba.valmierasnovads.lv\/v5v\/#website\",\"url\":\"https:\/\/izglitiba.valmierasnovads.lv\/v5v\/\",\"name\":\"Valmieras 5. vidusskola\",\"description\":\"Draudz\u012bg\u0101k\u0101 skola b\u0113rniem pa\u0161\u0101 Valmieras sird\u012b, pie ezeri\u0146a!\",\"publisher\":{\"@id\":\"https:\/\/izglitiba.valmierasnovads.lv\/v5v\/#organization\"},\"potentialAction\":[{\"@type\":\"SearchAction\",\"target\":{\"@type\":\"EntryPoint\",\"urlTemplate\":\"https:\/\/izglitiba.valmierasnovads.lv\/v5v\/?s={search_term_string}\"},\"query-input\":{\"@type\":\"PropertyValueSpecification\",\"valueRequired\":true,\"valueName\":\"search_term_string\"}}],\"inLanguage\":\"lv-LV\"},{\"@type\":\"Organization\",\"@id\":\"https:\/\/izglitiba.valmierasnovads.lv\/v5v\/#organization\",\"name\":\"Valmieras 5. vidusskola\",\"url\":\"https:\/\/izglitiba.valmierasnovads.lv\/v5v\/\",\"logo\":{\"@type\":\"ImageObject\",\"inLanguage\":\"lv-LV\",\"@id\":\"https:\/\/izglitiba.valmierasnovads.lv\/v5v\/#\/schema\/logo\/image\/\",\"url\":\"https:\/\/izglitiba.valmierasnovads.lv\/v5v\/wp-content\/uploads\/sites\/7\/2026\/03\/cropped-Komplekta-ar-pasu-logo-2-scaled-1.png\",\"contentUrl\":\"https:\/\/izglitiba.valmierasnovads.lv\/v5v\/wp-content\/uploads\/sites\/7\/2026\/03\/cropped-Komplekta-ar-pasu-logo-2-scaled-1.png\",\"width\":1623,\"height\":405,\"caption\":\"Valmieras 5. vidusskola\"},\"image\":{\"@id\":\"https:\/\/izglitiba.valmierasnovads.lv\/v5v\/#\/schema\/logo\/image\/\"}}]}<\/script>\n<!-- \/ Yoast SEO plugin. -->","yoast_head_json":{"title":"Latvijas Skolas soma - Valmieras 5. vidusskola","robots":{"index":"index","follow":"follow","max-snippet":"max-snippet:-1","max-image-preview":"max-image-preview:large","max-video-preview":"max-video-preview:-1"},"canonical":"https:\/\/izglitiba.valmierasnovads.lv\/v5v\/latvijas-skolas-soma\/","og_locale":"lv_LV","og_type":"article","og_title":"Latvijas Skolas soma - Valmieras 5. vidusskola","og_description":"Programma \u201eLatvijas skolas soma\u201d ir liel\u0101k\u0101 valsts simtgades d\u0101vana vair\u0101k nek\u0101 200 000 Latvijas b\u0113rniem un jaunie\u0161iem. T\u0101s m\u0113r\u0137is ir, [&hellip;]","og_url":"https:\/\/izglitiba.valmierasnovads.lv\/v5v\/latvijas-skolas-soma\/","og_site_name":"Valmieras 5. vidusskola","og_image":[{"width":1280,"height":325,"url":"https:\/\/izglitiba.valmierasnovads.lv\/v5v\/wp-content\/uploads\/sites\/7\/2025\/08\/image-53.png","type":"image\/png"}],"twitter_card":"summary_large_image","twitter_misc":{"Est. reading time":"3 min\u016btes"},"schema":{"@context":"https:\/\/schema.org","@graph":[{"@type":"WebPage","@id":"https:\/\/izglitiba.valmierasnovads.lv\/v5v\/latvijas-skolas-soma\/","url":"https:\/\/izglitiba.valmierasnovads.lv\/v5v\/latvijas-skolas-soma\/","name":"Latvijas Skolas soma - Valmieras 5. vidusskola","isPartOf":{"@id":"https:\/\/izglitiba.valmierasnovads.lv\/v5v\/#website"},"primaryImageOfPage":{"@id":"https:\/\/izglitiba.valmierasnovads.lv\/v5v\/latvijas-skolas-soma\/#primaryimage"},"image":{"@id":"https:\/\/izglitiba.valmierasnovads.lv\/v5v\/latvijas-skolas-soma\/#primaryimage"},"thumbnailUrl":"https:\/\/izglitiba.valmierasnovads.lv\/v5v\/wp-content\/uploads\/sites\/7\/2025\/08\/image-53-1024x260.png","datePublished":"2025-08-25T10:31:42+00:00","breadcrumb":{"@id":"https:\/\/izglitiba.valmierasnovads.lv\/v5v\/latvijas-skolas-soma\/#breadcrumb"},"inLanguage":"lv-LV","potentialAction":[{"@type":"ReadAction","target":["https:\/\/izglitiba.valmierasnovads.lv\/v5v\/latvijas-skolas-soma\/"]}]},{"@type":"ImageObject","inLanguage":"lv-LV","@id":"https:\/\/izglitiba.valmierasnovads.lv\/v5v\/latvijas-skolas-soma\/#primaryimage","url":"https:\/\/izglitiba.valmierasnovads.lv\/v5v\/wp-content\/uploads\/sites\/7\/2025\/08\/image-53.png","contentUrl":"https:\/\/izglitiba.valmierasnovads.lv\/v5v\/wp-content\/uploads\/sites\/7\/2025\/08\/image-53.png","width":1280,"height":325},{"@type":"BreadcrumbList","@id":"https:\/\/izglitiba.valmierasnovads.lv\/v5v\/latvijas-skolas-soma\/#breadcrumb","itemListElement":[{"@type":"ListItem","position":1,"name":"Home","item":"https:\/\/izglitiba.valmierasnovads.lv\/v5v\/"},{"@type":"ListItem","position":2,"name":"Latvijas Skolas soma"}]},{"@type":"WebSite","@id":"https:\/\/izglitiba.valmierasnovads.lv\/v5v\/#website","url":"https:\/\/izglitiba.valmierasnovads.lv\/v5v\/","name":"Valmieras 5. vidusskola","description":"Draudz\u012bg\u0101k\u0101 skola b\u0113rniem pa\u0161\u0101 Valmieras sird\u012b, pie ezeri\u0146a!","publisher":{"@id":"https:\/\/izglitiba.valmierasnovads.lv\/v5v\/#organization"},"potentialAction":[{"@type":"SearchAction","target":{"@type":"EntryPoint","urlTemplate":"https:\/\/izglitiba.valmierasnovads.lv\/v5v\/?s={search_term_string}"},"query-input":{"@type":"PropertyValueSpecification","valueRequired":true,"valueName":"search_term_string"}}],"inLanguage":"lv-LV"},{"@type":"Organization","@id":"https:\/\/izglitiba.valmierasnovads.lv\/v5v\/#organization","name":"Valmieras 5. vidusskola","url":"https:\/\/izglitiba.valmierasnovads.lv\/v5v\/","logo":{"@type":"ImageObject","inLanguage":"lv-LV","@id":"https:\/\/izglitiba.valmierasnovads.lv\/v5v\/#\/schema\/logo\/image\/","url":"https:\/\/izglitiba.valmierasnovads.lv\/v5v\/wp-content\/uploads\/sites\/7\/2026\/03\/cropped-Komplekta-ar-pasu-logo-2-scaled-1.png","contentUrl":"https:\/\/izglitiba.valmierasnovads.lv\/v5v\/wp-content\/uploads\/sites\/7\/2026\/03\/cropped-Komplekta-ar-pasu-logo-2-scaled-1.png","width":1623,"height":405,"caption":"Valmieras 5. vidusskola"},"image":{"@id":"https:\/\/izglitiba.valmierasnovads.lv\/v5v\/#\/schema\/logo\/image\/"}}]}},"_links":{"self":[{"href":"https:\/\/izglitiba.valmierasnovads.lv\/v5v\/wp-json\/wp\/v2\/pages\/828","targetHints":{"allow":["GET"]}}],"collection":[{"href":"https:\/\/izglitiba.valmierasnovads.lv\/v5v\/wp-json\/wp\/v2\/pages"}],"about":[{"href":"https:\/\/izglitiba.valmierasnovads.lv\/v5v\/wp-json\/wp\/v2\/types\/page"}],"author":[{"embeddable":true,"href":"https:\/\/izglitiba.valmierasnovads.lv\/v5v\/wp-json\/wp\/v2\/users\/6"}],"replies":[{"embeddable":true,"href":"https:\/\/izglitiba.valmierasnovads.lv\/v5v\/wp-json\/wp\/v2\/comments?post=828"}],"version-history":[{"count":1,"href":"https:\/\/izglitiba.valmierasnovads.lv\/v5v\/wp-json\/wp\/v2\/pages\/828\/revisions"}],"predecessor-version":[{"id":830,"href":"https:\/\/izglitiba.valmierasnovads.lv\/v5v\/wp-json\/wp\/v2\/pages\/828\/revisions\/830"}],"wp:attachment":[{"href":"https:\/\/izglitiba.valmierasnovads.lv\/v5v\/wp-json\/wp\/v2\/media?parent=828"}],"curies":[{"name":"wp","href":"https:\/\/api.w.org\/{rel}","templated":true}]}}