{"id":831,"date":"2025-08-25T13:37:55","date_gmt":"2025-08-25T10:37:55","guid":{"rendered":"https:\/\/izglitiba.valmierasnovads.lv\/v5v\/?page_id=831"},"modified":"2025-08-25T13:37:55","modified_gmt":"2025-08-25T10:37:55","slug":"erasmus-parmainu-veidotaji-changemakers","status":"publish","type":"page","link":"https:\/\/izglitiba.valmierasnovads.lv\/v5v\/erasmus-parmainu-veidotaji-changemakers\/","title":{"rendered":"Erasmus+ &#8220;P\u0101rmai\u0146u veidot\u0101ji&#8221; \/ &#8220;Changemakers&#8221;"},"content":{"rendered":"\n<p>Valmieras 5.vidusskola realiz\u0113 KA122-SCH, Erasmus+ projektu &#8220;P\u0101rmai\u0146u veidot\u0101ji&#8221;\/&#8221;Changemakers&#8221;. T\u0101 m\u0113r\u0137is:\u00a0 Paaugstin\u0101t pedagogu profesion\u0101lo kompetenci pilsonisk\u0101s izgl\u012bt\u012bbas jom\u0101, k\u0101 ar\u012b apg\u016bt inovat\u012bvas metodes, lai veicin\u0101tu skol\u0113nu motiv\u0101ciju izzin\u0101t un iesaist\u012bties da\u017e\u0101dos procesos viet\u0113j\u0101 un starptautisk\u0101 m\u0113rog\u0101.\u00a0<\/p>\n\n\n\n<h2 class=\"wp-block-heading has-text-align-center has-luminous-vivid-amber-background-color has-background\">Projekta aktivit\u0101tes<\/h2>\n\n\n\n<p>Par projekta aktivit\u0101t\u0113m iesp\u0113jams las\u012bt rakstos zem\u0101k:<\/p>\n\n\n\n<p><a href=\"https:\/\/izglitiba.valmierasnovads.lv\/v5v\/nosledzies-erasmus-projekts-parmainu-veidotaji\/\">Nosl\u0113dzies Erasmus+ projekts \u201cP\u0101rmai\u0146u veidot\u0101ji\u201d<\/a><\/p>\n\n\n\n<p><a href=\"https:\/\/izglitiba.valmierasnovads.lv\/v5v\/erasmus-macibas-2\/\">Erasmus+ m\u0101c\u012bbas<\/a><\/p>\n\n\n\n<p><a href=\"https:\/\/izglitiba.valmierasnovads.lv\/v5v\/erasmus-macibas\/\">Erasmus+ m\u0101c\u012bbas<\/a><\/p>\n\n\n\n<p><a href=\"https:\/\/izglitiba.valmierasnovads.lv\/v5v\/jaunu-zinasanu-apguve\/\">Jaunu zin\u0101\u0161anu apguve<\/a><\/p>\n\n\n\n<p><a href=\"https:\/\/izglitiba.valmierasnovads.lv\/v5v\/kursi-atenas\/\">Kursi At\u0113n\u0101s<\/a><\/p>\n\n\n\n<p><a href=\"https:\/\/izglitiba.valmierasnovads.lv\/v5v\/macibas-griekija\/\">M\u0101c\u012bbas Grie\u0137ij\u0101<\/a><\/p>\n\n\n\n<p><a href=\"https:\/\/izglitiba.valmierasnovads.lv\/v5v\/macibas-italija-2\/\">M\u0101c\u012bbas It\u0101lij\u0101<\/a><\/p>\n\n\n\n<p><a href=\"https:\/\/izglitiba.valmierasnovads.lv\/v5v\/kursi-spanija\/\">Kursi Sp\u0101nij\u0101<\/a><\/p>\n\n\n\n<p><a href=\"https:\/\/izglitiba.valmierasnovads.lv\/v5v\/macibas-italija\/\">M\u0101c\u012bbas It\u0101lij\u0101<\/a><\/p>\n","protected":false},"excerpt":{"rendered":"<p>Valmieras 5.vidusskola realiz\u0113 KA122-SCH, Erasmus+ projektu &#8220;P\u0101rmai\u0146u veidot\u0101ji&#8221;\/&#8221;Changemakers&#8221;. T\u0101 m\u0113r\u0137is:\u00a0 Paaugstin\u0101t pedagogu profesion\u0101lo kompetenci pilsonisk\u0101s izgl\u012bt\u012bbas jom\u0101, k\u0101 ar\u012b apg\u016bt [&hellip;]<\/p>\n","protected":false},"author":6,"featured_media":0,"parent":0,"menu_order":0,"comment_status":"closed","ping_status":"closed","template":"","meta":{"_acf_changed":false,"site-sidebar-layout":"default","site-content-layout":"","ast-site-content-layout":"default","site-content-style":"default","site-sidebar-style":"default","ast-global-header-display":"","ast-banner-title-visibility":"","ast-main-header-display":"","ast-hfb-above-header-display":"","ast-hfb-below-header-display":"","ast-hfb-mobile-header-display":"","site-post-title":"","ast-breadcrumbs-content":"","ast-featured-img":"","footer-sml-layout":"","ast-disable-related-posts":"","theme-transparent-header-meta":"","adv-header-id-meta":"","stick-header-meta":"","header-above-stick-meta":"","header-main-stick-meta":"","header-below-stick-meta":"","astra-migrate-meta-layouts":"default","ast-page-background-enabled":"default","ast-page-background-meta":{"desktop":{"background-color":"var(--ast-global-color-5)","background-image":"","background-repeat":"repeat","background-position":"center center","background-size":"auto","background-attachment":"scroll","background-type":"","background-media":"","overlay-type":"","overlay-color":"","overlay-opacity":"","overlay-gradient":""},"tablet":{"background-color":"","background-image":"","background-repeat":"repeat","background-position":"center center","background-size":"auto","background-attachment":"scroll","background-type":"","background-media":"","overlay-type":"","overlay-color":"","overlay-opacity":"","overlay-gradient":""},"mobile":{"background-color":"","background-image":"","background-repeat":"repeat","background-position":"center center","background-size":"auto","background-attachment":"scroll","background-type":"","background-media":"","overlay-type":"","overlay-color":"","overlay-opacity":"","overlay-gradient":""}},"ast-content-background-meta":{"desktop":{"background-color":"var(--ast-global-color-4)","background-image":"","background-repeat":"repeat","background-position":"center center","background-size":"auto","background-attachment":"scroll","background-type":"","background-media":"","overlay-type":"","overlay-color":"","overlay-opacity":"","overlay-gradient":""},"tablet":{"background-color":"var(--ast-global-color-4)","background-image":"","background-repeat":"repeat","background-position":"center center","background-size":"auto","background-attachment":"scroll","background-type":"","background-media":"","overlay-type":"","overlay-color":"","overlay-opacity":"","overlay-gradient":""},"mobile":{"background-color":"var(--ast-global-color-4)","background-image":"","background-repeat":"repeat","background-position":"center center","background-size":"auto","background-attachment":"scroll","background-type":"","background-media":"","overlay-type":"","overlay-color":"","overlay-opacity":"","overlay-gradient":""}},"footnotes":""},"class_list":["post-831","page","type-page","status-publish","hentry"],"acf":[],"yoast_head":"<!-- This site is optimized with the Yoast SEO plugin v27.0 - https:\/\/yoast.com\/product\/yoast-seo-wordpress\/ -->\n<title>Erasmus+ &quot;P\u0101rmai\u0146u veidot\u0101ji&quot; \/ &quot;Changemakers&quot; - Valmieras 5. vidusskola<\/title>\n<meta name=\"robots\" content=\"index, follow, max-snippet:-1, max-image-preview:large, max-video-preview:-1\" \/>\n<link rel=\"canonical\" href=\"https:\/\/izglitiba.valmierasnovads.lv\/v5v\/erasmus-parmainu-veidotaji-changemakers\/\" \/>\n<meta property=\"og:locale\" content=\"lv_LV\" \/>\n<meta property=\"og:type\" content=\"article\" \/>\n<meta property=\"og:title\" content=\"Erasmus+ &quot;P\u0101rmai\u0146u veidot\u0101ji&quot; \/ &quot;Changemakers&quot; - Valmieras 5. vidusskola\" \/>\n<meta property=\"og:description\" content=\"Valmieras 5.vidusskola realiz\u0113 KA122-SCH, Erasmus+ projektu &#8220;P\u0101rmai\u0146u veidot\u0101ji&#8221;\/&#8221;Changemakers&#8221;. T\u0101 m\u0113r\u0137is:\u00a0 Paaugstin\u0101t pedagogu profesion\u0101lo kompetenci pilsonisk\u0101s izgl\u012bt\u012bbas jom\u0101, k\u0101 ar\u012b apg\u016bt [&hellip;]\" \/>\n<meta property=\"og:url\" content=\"https:\/\/izglitiba.valmierasnovads.lv\/v5v\/erasmus-parmainu-veidotaji-changemakers\/\" \/>\n<meta property=\"og:site_name\" content=\"Valmieras 5. vidusskola\" \/>\n<meta name=\"twitter:card\" content=\"summary_large_image\" \/>\n<meta name=\"twitter:label1\" content=\"Est. reading time\" \/>\n\t<meta name=\"twitter:data1\" content=\"1 min\u016bte\" \/>\n<script type=\"application\/ld+json\" class=\"yoast-schema-graph\">{\"@context\":\"https:\/\/schema.org\",\"@graph\":[{\"@type\":\"WebPage\",\"@id\":\"https:\/\/izglitiba.valmierasnovads.lv\/v5v\/erasmus-parmainu-veidotaji-changemakers\/\",\"url\":\"https:\/\/izglitiba.valmierasnovads.lv\/v5v\/erasmus-parmainu-veidotaji-changemakers\/\",\"name\":\"Erasmus+ \\\"P\u0101rmai\u0146u veidot\u0101ji\\\" \/ \\\"Changemakers\\\" - Valmieras 5. vidusskola\",\"isPartOf\":{\"@id\":\"https:\/\/izglitiba.valmierasnovads.lv\/v5v\/#website\"},\"datePublished\":\"2025-08-25T10:37:55+00:00\",\"breadcrumb\":{\"@id\":\"https:\/\/izglitiba.valmierasnovads.lv\/v5v\/erasmus-parmainu-veidotaji-changemakers\/#breadcrumb\"},\"inLanguage\":\"lv-LV\",\"potentialAction\":[{\"@type\":\"ReadAction\",\"target\":[\"https:\/\/izglitiba.valmierasnovads.lv\/v5v\/erasmus-parmainu-veidotaji-changemakers\/\"]}]},{\"@type\":\"BreadcrumbList\",\"@id\":\"https:\/\/izglitiba.valmierasnovads.lv\/v5v\/erasmus-parmainu-veidotaji-changemakers\/#breadcrumb\",\"itemListElement\":[{\"@type\":\"ListItem\",\"position\":1,\"name\":\"Home\",\"item\":\"https:\/\/izglitiba.valmierasnovads.lv\/v5v\/\"},{\"@type\":\"ListItem\",\"position\":2,\"name\":\"Erasmus+ &#8220;P\u0101rmai\u0146u veidot\u0101ji&#8221; \/ &#8220;Changemakers&#8221;\"}]},{\"@type\":\"WebSite\",\"@id\":\"https:\/\/izglitiba.valmierasnovads.lv\/v5v\/#website\",\"url\":\"https:\/\/izglitiba.valmierasnovads.lv\/v5v\/\",\"name\":\"Valmieras 5. vidusskola\",\"description\":\"Draudz\u012bg\u0101k\u0101 skola b\u0113rniem pa\u0161\u0101 Valmieras sird\u012b, pie ezeri\u0146a!\",\"publisher\":{\"@id\":\"https:\/\/izglitiba.valmierasnovads.lv\/v5v\/#organization\"},\"potentialAction\":[{\"@type\":\"SearchAction\",\"target\":{\"@type\":\"EntryPoint\",\"urlTemplate\":\"https:\/\/izglitiba.valmierasnovads.lv\/v5v\/?s={search_term_string}\"},\"query-input\":{\"@type\":\"PropertyValueSpecification\",\"valueRequired\":true,\"valueName\":\"search_term_string\"}}],\"inLanguage\":\"lv-LV\"},{\"@type\":\"Organization\",\"@id\":\"https:\/\/izglitiba.valmierasnovads.lv\/v5v\/#organization\",\"name\":\"Valmieras 5. vidusskola\",\"url\":\"https:\/\/izglitiba.valmierasnovads.lv\/v5v\/\",\"logo\":{\"@type\":\"ImageObject\",\"inLanguage\":\"lv-LV\",\"@id\":\"https:\/\/izglitiba.valmierasnovads.lv\/v5v\/#\/schema\/logo\/image\/\",\"url\":\"https:\/\/izglitiba.valmierasnovads.lv\/v5v\/wp-content\/uploads\/sites\/7\/2026\/03\/cropped-Komplekta-ar-pasu-logo-2-scaled-1.png\",\"contentUrl\":\"https:\/\/izglitiba.valmierasnovads.lv\/v5v\/wp-content\/uploads\/sites\/7\/2026\/03\/cropped-Komplekta-ar-pasu-logo-2-scaled-1.png\",\"width\":1623,\"height\":405,\"caption\":\"Valmieras 5. vidusskola\"},\"image\":{\"@id\":\"https:\/\/izglitiba.valmierasnovads.lv\/v5v\/#\/schema\/logo\/image\/\"}}]}<\/script>\n<!-- \/ Yoast SEO plugin. -->","yoast_head_json":{"title":"Erasmus+ \"P\u0101rmai\u0146u veidot\u0101ji\" \/ \"Changemakers\" - Valmieras 5. vidusskola","robots":{"index":"index","follow":"follow","max-snippet":"max-snippet:-1","max-image-preview":"max-image-preview:large","max-video-preview":"max-video-preview:-1"},"canonical":"https:\/\/izglitiba.valmierasnovads.lv\/v5v\/erasmus-parmainu-veidotaji-changemakers\/","og_locale":"lv_LV","og_type":"article","og_title":"Erasmus+ \"P\u0101rmai\u0146u veidot\u0101ji\" \/ \"Changemakers\" - Valmieras 5. vidusskola","og_description":"Valmieras 5.vidusskola realiz\u0113 KA122-SCH, Erasmus+ projektu &#8220;P\u0101rmai\u0146u veidot\u0101ji&#8221;\/&#8221;Changemakers&#8221;. T\u0101 m\u0113r\u0137is:\u00a0 Paaugstin\u0101t pedagogu profesion\u0101lo kompetenci pilsonisk\u0101s izgl\u012bt\u012bbas jom\u0101, k\u0101 ar\u012b apg\u016bt [&hellip;]","og_url":"https:\/\/izglitiba.valmierasnovads.lv\/v5v\/erasmus-parmainu-veidotaji-changemakers\/","og_site_name":"Valmieras 5. vidusskola","twitter_card":"summary_large_image","twitter_misc":{"Est. reading time":"1 min\u016bte"},"schema":{"@context":"https:\/\/schema.org","@graph":[{"@type":"WebPage","@id":"https:\/\/izglitiba.valmierasnovads.lv\/v5v\/erasmus-parmainu-veidotaji-changemakers\/","url":"https:\/\/izglitiba.valmierasnovads.lv\/v5v\/erasmus-parmainu-veidotaji-changemakers\/","name":"Erasmus+ \"P\u0101rmai\u0146u veidot\u0101ji\" \/ \"Changemakers\" - Valmieras 5. vidusskola","isPartOf":{"@id":"https:\/\/izglitiba.valmierasnovads.lv\/v5v\/#website"},"datePublished":"2025-08-25T10:37:55+00:00","breadcrumb":{"@id":"https:\/\/izglitiba.valmierasnovads.lv\/v5v\/erasmus-parmainu-veidotaji-changemakers\/#breadcrumb"},"inLanguage":"lv-LV","potentialAction":[{"@type":"ReadAction","target":["https:\/\/izglitiba.valmierasnovads.lv\/v5v\/erasmus-parmainu-veidotaji-changemakers\/"]}]},{"@type":"BreadcrumbList","@id":"https:\/\/izglitiba.valmierasnovads.lv\/v5v\/erasmus-parmainu-veidotaji-changemakers\/#breadcrumb","itemListElement":[{"@type":"ListItem","position":1,"name":"Home","item":"https:\/\/izglitiba.valmierasnovads.lv\/v5v\/"},{"@type":"ListItem","position":2,"name":"Erasmus+ &#8220;P\u0101rmai\u0146u veidot\u0101ji&#8221; \/ &#8220;Changemakers&#8221;"}]},{"@type":"WebSite","@id":"https:\/\/izglitiba.valmierasnovads.lv\/v5v\/#website","url":"https:\/\/izglitiba.valmierasnovads.lv\/v5v\/","name":"Valmieras 5. vidusskola","description":"Draudz\u012bg\u0101k\u0101 skola b\u0113rniem pa\u0161\u0101 Valmieras sird\u012b, pie ezeri\u0146a!","publisher":{"@id":"https:\/\/izglitiba.valmierasnovads.lv\/v5v\/#organization"},"potentialAction":[{"@type":"SearchAction","target":{"@type":"EntryPoint","urlTemplate":"https:\/\/izglitiba.valmierasnovads.lv\/v5v\/?s={search_term_string}"},"query-input":{"@type":"PropertyValueSpecification","valueRequired":true,"valueName":"search_term_string"}}],"inLanguage":"lv-LV"},{"@type":"Organization","@id":"https:\/\/izglitiba.valmierasnovads.lv\/v5v\/#organization","name":"Valmieras 5. vidusskola","url":"https:\/\/izglitiba.valmierasnovads.lv\/v5v\/","logo":{"@type":"ImageObject","inLanguage":"lv-LV","@id":"https:\/\/izglitiba.valmierasnovads.lv\/v5v\/#\/schema\/logo\/image\/","url":"https:\/\/izglitiba.valmierasnovads.lv\/v5v\/wp-content\/uploads\/sites\/7\/2026\/03\/cropped-Komplekta-ar-pasu-logo-2-scaled-1.png","contentUrl":"https:\/\/izglitiba.valmierasnovads.lv\/v5v\/wp-content\/uploads\/sites\/7\/2026\/03\/cropped-Komplekta-ar-pasu-logo-2-scaled-1.png","width":1623,"height":405,"caption":"Valmieras 5. vidusskola"},"image":{"@id":"https:\/\/izglitiba.valmierasnovads.lv\/v5v\/#\/schema\/logo\/image\/"}}]}},"_links":{"self":[{"href":"https:\/\/izglitiba.valmierasnovads.lv\/v5v\/wp-json\/wp\/v2\/pages\/831","targetHints":{"allow":["GET"]}}],"collection":[{"href":"https:\/\/izglitiba.valmierasnovads.lv\/v5v\/wp-json\/wp\/v2\/pages"}],"about":[{"href":"https:\/\/izglitiba.valmierasnovads.lv\/v5v\/wp-json\/wp\/v2\/types\/page"}],"author":[{"embeddable":true,"href":"https:\/\/izglitiba.valmierasnovads.lv\/v5v\/wp-json\/wp\/v2\/users\/6"}],"replies":[{"embeddable":true,"href":"https:\/\/izglitiba.valmierasnovads.lv\/v5v\/wp-json\/wp\/v2\/comments?post=831"}],"version-history":[{"count":1,"href":"https:\/\/izglitiba.valmierasnovads.lv\/v5v\/wp-json\/wp\/v2\/pages\/831\/revisions"}],"predecessor-version":[{"id":832,"href":"https:\/\/izglitiba.valmierasnovads.lv\/v5v\/wp-json\/wp\/v2\/pages\/831\/revisions\/832"}],"wp:attachment":[{"href":"https:\/\/izglitiba.valmierasnovads.lv\/v5v\/wp-json\/wp\/v2\/media?parent=831"}],"curies":[{"name":"wp","href":"https:\/\/api.w.org\/{rel}","templated":true}]}}