{"id":114,"date":"2025-08-11T16:43:05","date_gmt":"2025-08-11T13:43:05","guid":{"rendered":"https:\/\/izglitiba.valmierasnovads.lv\/valmierassportaskola\/?page_id=114"},"modified":"2026-02-24T16:36:52","modified_gmt":"2026-02-24T14:36:52","slug":"florbols","status":"publish","type":"page","link":"https:\/\/izglitiba.valmierasnovads.lv\/valmierassportaskola\/florbols\/","title":{"rendered":"Florbols"},"content":{"rendered":"\n<figure class=\"wp-block-image aligncenter size-large\"><img loading=\"lazy\" decoding=\"async\" width=\"1024\" height=\"389\" src=\"https:\/\/izglitiba.valmierasnovads.lv\/valmierassportaskola\/wp-content\/uploads\/sites\/32\/2025\/08\/7-1024x389.png\" alt=\"\" class=\"wp-image-243\" srcset=\"https:\/\/izglitiba.valmierasnovads.lv\/valmierassportaskola\/wp-content\/uploads\/sites\/32\/2025\/08\/7-1024x389.png 1024w, https:\/\/izglitiba.valmierasnovads.lv\/valmierassportaskola\/wp-content\/uploads\/sites\/32\/2025\/08\/7-300x114.png 300w, https:\/\/izglitiba.valmierasnovads.lv\/valmierassportaskola\/wp-content\/uploads\/sites\/32\/2025\/08\/7-768x292.png 768w, https:\/\/izglitiba.valmierasnovads.lv\/valmierassportaskola\/wp-content\/uploads\/sites\/32\/2025\/08\/7.png 1312w\" sizes=\"auto, (max-width: 1024px) 100vw, 1024px\" \/><\/figure>\n\n\n\n<h2 class=\"wp-block-heading\">Profesion\u0101l\u0101s ievirzes izgl\u012bt\u012bbas sporta programma &#8220;Florbols&#8221;<\/h2>\n\n\n\n<p>Popul\u0101r\u0101 skandin\u0101vu sp\u0113le guvusi atsauc\u012bbu ar\u012b valmierie\u0161u vid\u016b. Latvij\u0101 sporta veida uzplaukums notika pag\u0101ju\u0161\u0101 gadsimta devi\u0146desmito gadu s\u0101kum\u0101, v\u0113l\u0101k sporta veids strauji att\u012bst\u012bjies ar\u012b Valmier\u0101. Pateicoties florbola entuziastiem un b\u0113rnu interesei par to, florbola grupas kop\u0161 2010. gada septembra tika atv\u0113rtas ar\u012b Valmieras SS.<\/p>\n\n\n\n<p>Florbola noda\u013cas pamata treni\u0146u b\u0101ze ir Valmieras Olimpiskais centrs.<\/p>\n\n\n\n<p>Valmieras Sporta skolai ir izveidojusies cie\u0161a sadarb\u012bba ar <a href=\"https:\/\/fbkvalmiera.lv\/jaunatnes-sistema\/\">florbola klubu \u00abValmiera\u00bb<\/a><\/p>\n\n\n\n<p>Florbola noda\u013c\u0101 tiek uz\u0146emti z\u0113ni no 6 gadu vecuma. <\/p>\n\n\n\n<div class=\"wp-block-buttons is-content-justification-center is-layout-flex wp-container-core-buttons-is-layout-a89b3969 wp-block-buttons-is-layout-flex\">\n<div class=\"wp-block-button\"><a class=\"wp-block-button__link wp-element-button\" href=\"https:\/\/drive.google.com\/file\/d\/1M7QYwZWnYyAam2JUc3UK38crliXJ49lU\/view\">Kontrolnormat\u012bvi<\/a><\/div>\n<\/div>\n\n\n<style>.wp-block-kadence-advancedheading.kt-adv-heading114_b8ddf1-89, .wp-block-kadence-advancedheading.kt-adv-heading114_b8ddf1-89[data-kb-block=\"kb-adv-heading114_b8ddf1-89\"]{text-align:center;font-style:normal;}.wp-block-kadence-advancedheading.kt-adv-heading114_b8ddf1-89 mark.kt-highlight, .wp-block-kadence-advancedheading.kt-adv-heading114_b8ddf1-89[data-kb-block=\"kb-adv-heading114_b8ddf1-89\"] mark.kt-highlight{font-style:normal;color:#f76a0c;-webkit-box-decoration-break:clone;box-decoration-break:clone;padding-top:0px;padding-right:0px;padding-bottom:0px;padding-left:0px;}.wp-block-kadence-advancedheading.kt-adv-heading114_b8ddf1-89 img.kb-inline-image, .wp-block-kadence-advancedheading.kt-adv-heading114_b8ddf1-89[data-kb-block=\"kb-adv-heading114_b8ddf1-89\"] img.kb-inline-image{width:150px;vertical-align:baseline;}<\/style>\n<h2 class=\"kt-adv-heading114_b8ddf1-89 wp-block-kadence-advancedheading has-ast-global-color-4-background-color has-background\" data-kb-block=\"kb-adv-heading114_b8ddf1-89\"><strong>Treneri<\/strong><\/h2>\n\n\n\n<figure class=\"wp-block-table\"><table class=\"has-fixed-layout\"><tbody><tr><td class=\"has-text-align-center\" data-align=\"center\"><strong>V\u0101rds Uzv\u0101rds<\/strong><\/td><td class=\"has-text-align-center\" data-align=\"center\"><strong>T\u0101lru\u0146a numurs<\/strong><\/td><td class=\"has-text-align-center\" data-align=\"center\"><strong>Vecuma grupa<\/strong><\/td><td class=\"has-text-align-center\" data-align=\"center\"><strong>Sertifik\u0101ts<\/strong><\/td><\/tr><tr><td class=\"has-text-align-center\" data-align=\"center\">Aigars Belasovs<\/td><td class=\"has-text-align-center\" data-align=\"center\">+371 29334916<\/td><td class=\"has-text-align-center\" data-align=\"center\">Z\u0113niem 2008. &#8211; 2004.g.dz.<\/td><td class=\"has-text-align-center\" data-align=\"center\">A kategorija<\/td><\/tr><tr><td class=\"has-text-align-center\" data-align=\"center\">J\u0101nis Jansons<\/td><td class=\"has-text-align-center\" data-align=\"center\">+371&nbsp;29962178<\/td><td class=\"has-text-align-center\" data-align=\"center\">Z\u0113niem 2018. &#8211; 2012.g.dz.<\/td><td class=\"has-text-align-center\" data-align=\"center\">B kategorija<\/td><\/tr><tr><td class=\"has-text-align-center\" data-align=\"center\">Arvis K\u0101rkli\u0146\u0161<\/td><td class=\"has-text-align-center\" data-align=\"center\">+371 20229157<\/td><td class=\"has-text-align-center\" data-align=\"center\">Z\u0113niem 2013. &#8211; 2009.g.dz.<\/td><td class=\"has-text-align-center\" data-align=\"center\">Sporta studiju students<\/td><\/tr><tr><td class=\"has-text-align-center\" data-align=\"center\">Ivars Lakti\u0146\u0161<\/td><td class=\"has-text-align-center\" data-align=\"center\">+371 26321889<\/td><td class=\"has-text-align-center\" data-align=\"center\">Z\u0113niem 2010. &#8211; 2006.g.dz.<\/td><td class=\"has-text-align-center\" data-align=\"center\">B kategorija<\/td><\/tr><tr><td class=\"has-text-align-center\" data-align=\"center\">J\u0101nis Levanovi\u010ds<\/td><td class=\"has-text-align-center\" data-align=\"center\"><\/td><td class=\"has-text-align-center\" data-align=\"center\"><\/td><td class=\"has-text-align-center\" data-align=\"center\">Sporta studiju students<\/td><\/tr><\/tbody><\/table><\/figure>\n\n\n\n<p><\/p>\n","protected":false},"excerpt":{"rendered":"<p>Profesion\u0101l\u0101s ievirzes izgl\u012bt\u012bbas sporta programma &#8220;Florbols&#8221; Popul\u0101r\u0101 skandin\u0101vu sp\u0113le guvusi atsauc\u012bbu ar\u012b valmierie\u0161u vid\u016b. Latvij\u0101 sporta veida uzplaukums notika pag\u0101ju\u0161\u0101 [&hellip;]<\/p>\n","protected":false},"author":35,"featured_media":0,"parent":0,"menu_order":0,"comment_status":"closed","ping_status":"closed","template":"","meta":{"_acf_changed":false,"site-sidebar-layout":"default","site-content-layout":"","ast-site-content-layout":"","site-content-style":"default","site-sidebar-style":"default","ast-global-header-display":"","ast-banner-title-visibility":"","ast-main-header-display":"","ast-hfb-above-header-display":"","ast-hfb-below-header-display":"","ast-hfb-mobile-header-display":"","site-post-title":"disabled","ast-breadcrumbs-content":"","ast-featured-img":"","footer-sml-layout":"","ast-disable-related-posts":"","theme-transparent-header-meta":"","adv-header-id-meta":"","stick-header-meta":"","header-above-stick-meta":"","header-main-stick-meta":"","header-below-stick-meta":"","astra-migrate-meta-layouts":"default","ast-page-background-enabled":"default","ast-page-background-meta":{"desktop":{"background-color":"var(--ast-global-color-5)","background-image":"","background-repeat":"repeat","background-position":"center center","background-size":"auto","background-attachment":"scroll","background-type":"","background-media":"","overlay-type":"","overlay-color":"","overlay-opacity":"","overlay-gradient":""},"tablet":{"background-color":"","background-image":"","background-repeat":"repeat","background-position":"center center","background-size":"auto","background-attachment":"scroll","background-type":"","background-media":"","overlay-type":"","overlay-color":"","overlay-opacity":"","overlay-gradient":""},"mobile":{"background-color":"","background-image":"","background-repeat":"repeat","background-position":"center center","background-size":"auto","background-attachment":"scroll","background-type":"","background-media":"","overlay-type":"","overlay-color":"","overlay-opacity":"","overlay-gradient":""}},"ast-content-background-meta":{"desktop":{"background-color":"var(--ast-global-color-4)","background-image":"","background-repeat":"repeat","background-position":"center center","background-size":"auto","background-attachment":"scroll","background-type":"","background-media":"","overlay-type":"","overlay-color":"","overlay-opacity":"","overlay-gradient":""},"tablet":{"background-color":"var(--ast-global-color-4)","background-image":"","background-repeat":"repeat","background-position":"center center","background-size":"auto","background-attachment":"scroll","background-type":"","background-media":"","overlay-type":"","overlay-color":"","overlay-opacity":"","overlay-gradient":""},"mobile":{"background-color":"var(--ast-global-color-4)","background-image":"","background-repeat":"repeat","background-position":"center center","background-size":"auto","background-attachment":"scroll","background-type":"","background-media":"","overlay-type":"","overlay-color":"","overlay-opacity":"","overlay-gradient":""}},"footnotes":""},"class_list":["post-114","page","type-page","status-publish","hentry"],"acf":[],"yoast_head":"<!-- This site is optimized with the Yoast SEO plugin v27.0 - https:\/\/yoast.com\/product\/yoast-seo-wordpress\/ -->\n<title>Florbols - Valmieras Sporta skola<\/title>\n<meta name=\"description\" content=\"Iepaz\u012bsties ar Valmieras Sporta skolas florbola noda\u013cas treneriem un iesp\u0113j\u0101m\" \/>\n<meta name=\"robots\" content=\"index, follow, max-snippet:-1, max-image-preview:large, max-video-preview:-1\" \/>\n<link rel=\"canonical\" href=\"https:\/\/izglitiba.valmierasnovads.lv\/valmierassportaskola\/florbols\/\" \/>\n<meta property=\"og:locale\" content=\"lv_LV\" \/>\n<meta property=\"og:type\" content=\"article\" \/>\n<meta property=\"og:title\" content=\"Florbols - Valmieras Sporta skola\" \/>\n<meta property=\"og:description\" content=\"Iepaz\u012bsties ar Valmieras Sporta skolas florbola noda\u013cas treneriem un iesp\u0113j\u0101m\" \/>\n<meta property=\"og:url\" content=\"https:\/\/izglitiba.valmierasnovads.lv\/valmierassportaskola\/florbols\/\" \/>\n<meta property=\"og:site_name\" content=\"Valmieras Sporta skola\" \/>\n<meta property=\"article:modified_time\" content=\"2026-02-24T14:36:52+00:00\" \/>\n<meta property=\"og:image\" content=\"https:\/\/izglitiba.valmierasnovads.lv\/valmierassportaskola\/wp-content\/uploads\/sites\/32\/2025\/08\/7.png\" \/>\n\t<meta property=\"og:image:width\" content=\"1312\" \/>\n\t<meta property=\"og:image:height\" content=\"499\" \/>\n\t<meta property=\"og:image:type\" content=\"image\/png\" \/>\n<meta name=\"twitter:card\" content=\"summary_large_image\" \/>\n<meta name=\"twitter:label1\" content=\"Est. reading time\" \/>\n\t<meta name=\"twitter:data1\" content=\"1 min\u016bte\" \/>\n<script type=\"application\/ld+json\" class=\"yoast-schema-graph\">{\"@context\":\"https:\/\/schema.org\",\"@graph\":[{\"@type\":\"WebPage\",\"@id\":\"https:\/\/izglitiba.valmierasnovads.lv\/valmierassportaskola\/florbols\/\",\"url\":\"https:\/\/izglitiba.valmierasnovads.lv\/valmierassportaskola\/florbols\/\",\"name\":\"Florbols - Valmieras Sporta skola\",\"isPartOf\":{\"@id\":\"https:\/\/izglitiba.valmierasnovads.lv\/valmierassportaskola\/#website\"},\"primaryImageOfPage\":{\"@id\":\"https:\/\/izglitiba.valmierasnovads.lv\/valmierassportaskola\/florbols\/#primaryimage\"},\"image\":{\"@id\":\"https:\/\/izglitiba.valmierasnovads.lv\/valmierassportaskola\/florbols\/#primaryimage\"},\"thumbnailUrl\":\"https:\/\/izglitiba.valmierasnovads.lv\/valmierassportaskola\/wp-content\/uploads\/sites\/32\/2025\/08\/7-1024x389.png\",\"datePublished\":\"2025-08-11T13:43:05+00:00\",\"dateModified\":\"2026-02-24T14:36:52+00:00\",\"description\":\"Iepaz\u012bsties ar Valmieras Sporta skolas florbola noda\u013cas treneriem un iesp\u0113j\u0101m\",\"breadcrumb\":{\"@id\":\"https:\/\/izglitiba.valmierasnovads.lv\/valmierassportaskola\/florbols\/#breadcrumb\"},\"inLanguage\":\"lv-LV\",\"potentialAction\":[{\"@type\":\"ReadAction\",\"target\":[\"https:\/\/izglitiba.valmierasnovads.lv\/valmierassportaskola\/florbols\/\"]}]},{\"@type\":\"ImageObject\",\"inLanguage\":\"lv-LV\",\"@id\":\"https:\/\/izglitiba.valmierasnovads.lv\/valmierassportaskola\/florbols\/#primaryimage\",\"url\":\"https:\/\/izglitiba.valmierasnovads.lv\/valmierassportaskola\/wp-content\/uploads\/sites\/32\/2025\/08\/7.png\",\"contentUrl\":\"https:\/\/izglitiba.valmierasnovads.lv\/valmierassportaskola\/wp-content\/uploads\/sites\/32\/2025\/08\/7.png\",\"width\":1312,\"height\":499},{\"@type\":\"BreadcrumbList\",\"@id\":\"https:\/\/izglitiba.valmierasnovads.lv\/valmierassportaskola\/florbols\/#breadcrumb\",\"itemListElement\":[{\"@type\":\"ListItem\",\"position\":1,\"name\":\"Home\",\"item\":\"https:\/\/izglitiba.valmierasnovads.lv\/valmierassportaskola\/\"},{\"@type\":\"ListItem\",\"position\":2,\"name\":\"Florbols\"}]},{\"@type\":\"WebSite\",\"@id\":\"https:\/\/izglitiba.valmierasnovads.lv\/valmierassportaskola\/#website\",\"url\":\"https:\/\/izglitiba.valmierasnovads.lv\/valmierassportaskola\/\",\"name\":\"Valmieras Sporta skola\",\"description\":\"\",\"publisher\":{\"@id\":\"https:\/\/izglitiba.valmierasnovads.lv\/valmierassportaskola\/#organization\"},\"potentialAction\":[{\"@type\":\"SearchAction\",\"target\":{\"@type\":\"EntryPoint\",\"urlTemplate\":\"https:\/\/izglitiba.valmierasnovads.lv\/valmierassportaskola\/?s={search_term_string}\"},\"query-input\":{\"@type\":\"PropertyValueSpecification\",\"valueRequired\":true,\"valueName\":\"search_term_string\"}}],\"inLanguage\":\"lv-LV\"},{\"@type\":\"Organization\",\"@id\":\"https:\/\/izglitiba.valmierasnovads.lv\/valmierassportaskola\/#organization\",\"name\":\"Valmieras Sporta skola\",\"url\":\"https:\/\/izglitiba.valmierasnovads.lv\/valmierassportaskola\/\",\"logo\":{\"@type\":\"ImageObject\",\"inLanguage\":\"lv-LV\",\"@id\":\"https:\/\/izglitiba.valmierasnovads.lv\/valmierassportaskola\/#\/schema\/logo\/image\/\",\"url\":\"https:\/\/izglitiba.valmierasnovads.lv\/valmierassportaskola\/wp-content\/uploads\/sites\/32\/2025\/06\/cropped-Logo_Valmieras_sporta_skola_melns-1.png\",\"contentUrl\":\"https:\/\/izglitiba.valmierasnovads.lv\/valmierassportaskola\/wp-content\/uploads\/sites\/32\/2025\/06\/cropped-Logo_Valmieras_sporta_skola_melns-1.png\",\"width\":2354,\"height\":596,\"caption\":\"Valmieras Sporta skola\"},\"image\":{\"@id\":\"https:\/\/izglitiba.valmierasnovads.lv\/valmierassportaskola\/#\/schema\/logo\/image\/\"}}]}<\/script>\n<!-- \/ Yoast SEO plugin. -->","yoast_head_json":{"title":"Florbols - Valmieras Sporta skola","description":"Iepaz\u012bsties ar Valmieras Sporta skolas florbola noda\u013cas treneriem un iesp\u0113j\u0101m","robots":{"index":"index","follow":"follow","max-snippet":"max-snippet:-1","max-image-preview":"max-image-preview:large","max-video-preview":"max-video-preview:-1"},"canonical":"https:\/\/izglitiba.valmierasnovads.lv\/valmierassportaskola\/florbols\/","og_locale":"lv_LV","og_type":"article","og_title":"Florbols - Valmieras Sporta skola","og_description":"Iepaz\u012bsties ar Valmieras Sporta skolas florbola noda\u013cas treneriem un iesp\u0113j\u0101m","og_url":"https:\/\/izglitiba.valmierasnovads.lv\/valmierassportaskola\/florbols\/","og_site_name":"Valmieras Sporta skola","article_modified_time":"2026-02-24T14:36:52+00:00","og_image":[{"width":1312,"height":499,"url":"https:\/\/izglitiba.valmierasnovads.lv\/valmierassportaskola\/wp-content\/uploads\/sites\/32\/2025\/08\/7.png","type":"image\/png"}],"twitter_card":"summary_large_image","twitter_misc":{"Est. reading time":"1 min\u016bte"},"schema":{"@context":"https:\/\/schema.org","@graph":[{"@type":"WebPage","@id":"https:\/\/izglitiba.valmierasnovads.lv\/valmierassportaskola\/florbols\/","url":"https:\/\/izglitiba.valmierasnovads.lv\/valmierassportaskola\/florbols\/","name":"Florbols - Valmieras Sporta skola","isPartOf":{"@id":"https:\/\/izglitiba.valmierasnovads.lv\/valmierassportaskola\/#website"},"primaryImageOfPage":{"@id":"https:\/\/izglitiba.valmierasnovads.lv\/valmierassportaskola\/florbols\/#primaryimage"},"image":{"@id":"https:\/\/izglitiba.valmierasnovads.lv\/valmierassportaskola\/florbols\/#primaryimage"},"thumbnailUrl":"https:\/\/izglitiba.valmierasnovads.lv\/valmierassportaskola\/wp-content\/uploads\/sites\/32\/2025\/08\/7-1024x389.png","datePublished":"2025-08-11T13:43:05+00:00","dateModified":"2026-02-24T14:36:52+00:00","description":"Iepaz\u012bsties ar Valmieras Sporta skolas florbola noda\u013cas treneriem un iesp\u0113j\u0101m","breadcrumb":{"@id":"https:\/\/izglitiba.valmierasnovads.lv\/valmierassportaskola\/florbols\/#breadcrumb"},"inLanguage":"lv-LV","potentialAction":[{"@type":"ReadAction","target":["https:\/\/izglitiba.valmierasnovads.lv\/valmierassportaskola\/florbols\/"]}]},{"@type":"ImageObject","inLanguage":"lv-LV","@id":"https:\/\/izglitiba.valmierasnovads.lv\/valmierassportaskola\/florbols\/#primaryimage","url":"https:\/\/izglitiba.valmierasnovads.lv\/valmierassportaskola\/wp-content\/uploads\/sites\/32\/2025\/08\/7.png","contentUrl":"https:\/\/izglitiba.valmierasnovads.lv\/valmierassportaskola\/wp-content\/uploads\/sites\/32\/2025\/08\/7.png","width":1312,"height":499},{"@type":"BreadcrumbList","@id":"https:\/\/izglitiba.valmierasnovads.lv\/valmierassportaskola\/florbols\/#breadcrumb","itemListElement":[{"@type":"ListItem","position":1,"name":"Home","item":"https:\/\/izglitiba.valmierasnovads.lv\/valmierassportaskola\/"},{"@type":"ListItem","position":2,"name":"Florbols"}]},{"@type":"WebSite","@id":"https:\/\/izglitiba.valmierasnovads.lv\/valmierassportaskola\/#website","url":"https:\/\/izglitiba.valmierasnovads.lv\/valmierassportaskola\/","name":"Valmieras Sporta skola","description":"","publisher":{"@id":"https:\/\/izglitiba.valmierasnovads.lv\/valmierassportaskola\/#organization"},"potentialAction":[{"@type":"SearchAction","target":{"@type":"EntryPoint","urlTemplate":"https:\/\/izglitiba.valmierasnovads.lv\/valmierassportaskola\/?s={search_term_string}"},"query-input":{"@type":"PropertyValueSpecification","valueRequired":true,"valueName":"search_term_string"}}],"inLanguage":"lv-LV"},{"@type":"Organization","@id":"https:\/\/izglitiba.valmierasnovads.lv\/valmierassportaskola\/#organization","name":"Valmieras Sporta skola","url":"https:\/\/izglitiba.valmierasnovads.lv\/valmierassportaskola\/","logo":{"@type":"ImageObject","inLanguage":"lv-LV","@id":"https:\/\/izglitiba.valmierasnovads.lv\/valmierassportaskola\/#\/schema\/logo\/image\/","url":"https:\/\/izglitiba.valmierasnovads.lv\/valmierassportaskola\/wp-content\/uploads\/sites\/32\/2025\/06\/cropped-Logo_Valmieras_sporta_skola_melns-1.png","contentUrl":"https:\/\/izglitiba.valmierasnovads.lv\/valmierassportaskola\/wp-content\/uploads\/sites\/32\/2025\/06\/cropped-Logo_Valmieras_sporta_skola_melns-1.png","width":2354,"height":596,"caption":"Valmieras Sporta skola"},"image":{"@id":"https:\/\/izglitiba.valmierasnovads.lv\/valmierassportaskola\/#\/schema\/logo\/image\/"}}]}},"_links":{"self":[{"href":"https:\/\/izglitiba.valmierasnovads.lv\/valmierassportaskola\/wp-json\/wp\/v2\/pages\/114","targetHints":{"allow":["GET"]}}],"collection":[{"href":"https:\/\/izglitiba.valmierasnovads.lv\/valmierassportaskola\/wp-json\/wp\/v2\/pages"}],"about":[{"href":"https:\/\/izglitiba.valmierasnovads.lv\/valmierassportaskola\/wp-json\/wp\/v2\/types\/page"}],"author":[{"embeddable":true,"href":"https:\/\/izglitiba.valmierasnovads.lv\/valmierassportaskola\/wp-json\/wp\/v2\/users\/35"}],"replies":[{"embeddable":true,"href":"https:\/\/izglitiba.valmierasnovads.lv\/valmierassportaskola\/wp-json\/wp\/v2\/comments?post=114"}],"version-history":[{"count":12,"href":"https:\/\/izglitiba.valmierasnovads.lv\/valmierassportaskola\/wp-json\/wp\/v2\/pages\/114\/revisions"}],"predecessor-version":[{"id":1607,"href":"https:\/\/izglitiba.valmierasnovads.lv\/valmierassportaskola\/wp-json\/wp\/v2\/pages\/114\/revisions\/1607"}],"wp:attachment":[{"href":"https:\/\/izglitiba.valmierasnovads.lv\/valmierassportaskola\/wp-json\/wp\/v2\/media?parent=114"}],"curies":[{"name":"wp","href":"https:\/\/api.w.org\/{rel}","templated":true}]}}