{"id":119,"date":"2025-08-11T16:46:07","date_gmt":"2025-08-11T13:46:07","guid":{"rendered":"https:\/\/izglitiba.valmierasnovads.lv\/valmierassportaskola\/?page_id=119"},"modified":"2026-01-08T14:02:36","modified_gmt":"2026-01-08T12:02:36","slug":"hokejs","status":"publish","type":"page","link":"https:\/\/izglitiba.valmierasnovads.lv\/valmierassportaskola\/hokejs\/","title":{"rendered":"Hokejs"},"content":{"rendered":"\n<figure class=\"wp-block-image aligncenter size-large\"><img loading=\"lazy\" decoding=\"async\" width=\"1024\" height=\"389\" src=\"https:\/\/izglitiba.valmierasnovads.lv\/valmierassportaskola\/wp-content\/uploads\/sites\/32\/2025\/08\/5-1024x389.png\" alt=\"\" class=\"wp-image-247\" srcset=\"https:\/\/izglitiba.valmierasnovads.lv\/valmierassportaskola\/wp-content\/uploads\/sites\/32\/2025\/08\/5-1024x389.png 1024w, https:\/\/izglitiba.valmierasnovads.lv\/valmierassportaskola\/wp-content\/uploads\/sites\/32\/2025\/08\/5-300x114.png 300w, https:\/\/izglitiba.valmierasnovads.lv\/valmierassportaskola\/wp-content\/uploads\/sites\/32\/2025\/08\/5-768x292.png 768w, https:\/\/izglitiba.valmierasnovads.lv\/valmierassportaskola\/wp-content\/uploads\/sites\/32\/2025\/08\/5.png 1312w\" sizes=\"auto, (max-width: 1024px) 100vw, 1024px\" \/><\/figure>\n\n\n\n<h2 class=\"wp-block-heading\">Profesion\u0101l\u0101s ievirzes izgl\u012bt\u012bbas sporta programma &#8220;Hokejs&#8221;<\/h2>\n\n\n\n<p>Piesakies hokeja treni\u0146iem Valmieras Sporta skol\u0101 &#8211; kontaktt\u0101lrunis +371 23271790 (Juris \u0160t\u0101ls)! Treni\u0146u norises vieta &#8211; Valmieras Olimpiskais centrs, \u010cempionu iela 2, Valmiera. <\/p>\n\n\n\n<p>Sporta skol\u0101 audz\u0113k\u0146i apg\u016bst slidotprasmi, pilnveido savu meistar\u012bbu, apmekl\u0113 fizisk\u0101s sagatavot\u012bbas nodarb\u012bbas, peld\u0113\u0161anas nodarb\u012bbas. Treni\u0146u proces\u0101 tiek organiz\u0113tas vieslekcijas un meistarklases atpaz\u012bstamu hokejistu un citu speci\u0101listu vad\u012bb\u0101. M\u016bsu noz\u012bm\u012bg\u0101k\u0101s v\u0113rt\u012bbas ir nodro\u0161in\u0101t vidi, kur\u0101 katram b\u0113rna ir iesp\u0113ja b\u016bt akt\u012bvam, lietder\u012bgi pavadot br\u012bvo laiku, pilnveidojot sevi un savu talantu, sak\u0101rtotos treni\u0146u apst\u0101k\u013cos. Valmieras Sporta skola \u012bsteno programmu Hokejs, sadarb\u012bb\u0101 ar <\/p>\n\n\n\n<p>Valmieras Sporta skolas komandas piedal\u0101s Latvijas b\u0113rnu un jaunatnes \u010dempion\u0101t\u0101 hokej\u0101 U9, U11, U13 un U15 vecuma grup\u0101.<\/p>\n\n\n\n<div class=\"wp-block-buttons is-content-justification-center is-layout-flex wp-container-core-buttons-is-layout-a89b3969 wp-block-buttons-is-layout-flex\">\n<div class=\"wp-block-button\"><a class=\"wp-block-button__link wp-element-button\" href=\"https:\/\/www.lhf.lv\/lv\/lhf\/dokumenti\/oficialie-dokumenti\">KONTROLNORMAT\u012aVI<\/a><\/div>\n<\/div>\n\n\n<style>.wp-block-kadence-advancedheading.kt-adv-heading119_a5a173-4a, .wp-block-kadence-advancedheading.kt-adv-heading119_a5a173-4a[data-kb-block=\"kb-adv-heading119_a5a173-4a\"]{text-align:center;font-style:normal;}.wp-block-kadence-advancedheading.kt-adv-heading119_a5a173-4a mark.kt-highlight, .wp-block-kadence-advancedheading.kt-adv-heading119_a5a173-4a[data-kb-block=\"kb-adv-heading119_a5a173-4a\"] mark.kt-highlight{font-style:normal;color:#f76a0c;-webkit-box-decoration-break:clone;box-decoration-break:clone;padding-top:0px;padding-right:0px;padding-bottom:0px;padding-left:0px;}.wp-block-kadence-advancedheading.kt-adv-heading119_a5a173-4a img.kb-inline-image, .wp-block-kadence-advancedheading.kt-adv-heading119_a5a173-4a[data-kb-block=\"kb-adv-heading119_a5a173-4a\"] img.kb-inline-image{width:150px;vertical-align:baseline;}<\/style>\n<h2 class=\"kt-adv-heading119_a5a173-4a wp-block-kadence-advancedheading\" data-kb-block=\"kb-adv-heading119_a5a173-4a\"><strong>Treneri<\/strong><\/h2>\n\n\n\n<figure class=\"wp-block-table\"><table class=\"has-fixed-layout\"><tbody><tr><td class=\"has-text-align-center\" data-align=\"center\"><strong>V\u0101rds Uzv\u0101rds<\/strong><\/td><td class=\"has-text-align-center\" data-align=\"center\"><strong>T\u0101lru\u0146a numurs<\/strong><\/td><td class=\"has-text-align-center\" data-align=\"center\"><strong>Vecuma grupa<\/strong><\/td><td class=\"has-text-align-center\" data-align=\"center\"><strong>Sertifik\u0101ts<\/strong><\/td><\/tr><tr><td class=\"has-text-align-center\" data-align=\"center\">J\u0101nis Sprukts<\/td><td class=\"has-text-align-center\" data-align=\"center\">+371 29296458<\/td><td class=\"has-text-align-center\" data-align=\"center\">U16<\/td><td class=\"has-text-align-center\" data-align=\"center\">B kategorija<\/td><\/tr><tr><td class=\"has-text-align-center\" data-align=\"center\">Juris \u0160t\u0101ls<\/td><td class=\"has-text-align-center\" data-align=\"center\">+371 23271790<\/td><td class=\"has-text-align-center\" data-align=\"center\">U7, U9, U11<\/td><td class=\"has-text-align-center\" data-align=\"center\">B kategorija<\/td><\/tr><tr><td class=\"has-text-align-center\" data-align=\"center\">Lauris \u017dagari\u0146\u0161<\/td><td class=\"has-text-align-center\" data-align=\"center\">+371 25121087<\/td><td class=\"has-text-align-center\" data-align=\"center\">U13<\/td><td class=\"has-text-align-center\" data-align=\"center\">Sporta studiju absolvents<\/td><\/tr><tr><td class=\"has-text-align-center\" data-align=\"center\">Markuss \u017dukovskis<\/td><td class=\"has-text-align-center\" data-align=\"center\">+371 27190222<\/td><td class=\"has-text-align-center\" data-align=\"center\">V\u0101rtsargu treneris, visas vecuma grupas<\/td><td class=\"has-text-align-center\" data-align=\"center\">Sporta studiju&nbsp;students<\/td><\/tr><tr><td class=\"has-text-align-center\" data-align=\"center\">K\u0101rlis Bucenieks<\/td><td class=\"has-text-align-center\" data-align=\"center\">&#8211;<\/td><td class=\"has-text-align-center\" data-align=\"center\">Treneru asistens<\/td><td class=\"has-text-align-center\" data-align=\"center\">Sporta studiju&nbsp;students<\/td><\/tr><\/tbody><\/table><\/figure>\n\n\n\n<p><\/p>\n","protected":false},"excerpt":{"rendered":"<p>Profesion\u0101l\u0101s ievirzes izgl\u012bt\u012bbas sporta programma &#8220;Hokejs&#8221; Piesakies hokeja treni\u0146iem Valmieras Sporta skol\u0101 &#8211; kontaktt\u0101lrunis +371 23271790 (Juris \u0160t\u0101ls)! Treni\u0146u norises [&hellip;]<\/p>\n","protected":false},"author":35,"featured_media":0,"parent":0,"menu_order":0,"comment_status":"closed","ping_status":"closed","template":"","meta":{"_acf_changed":false,"site-sidebar-layout":"default","site-content-layout":"","ast-site-content-layout":"","site-content-style":"default","site-sidebar-style":"default","ast-global-header-display":"","ast-banner-title-visibility":"","ast-main-header-display":"","ast-hfb-above-header-display":"","ast-hfb-below-header-display":"","ast-hfb-mobile-header-display":"","site-post-title":"disabled","ast-breadcrumbs-content":"","ast-featured-img":"","footer-sml-layout":"","ast-disable-related-posts":"","theme-transparent-header-meta":"","adv-header-id-meta":"","stick-header-meta":"","header-above-stick-meta":"","header-main-stick-meta":"","header-below-stick-meta":"","astra-migrate-meta-layouts":"default","ast-page-background-enabled":"default","ast-page-background-meta":{"desktop":{"background-color":"var(--ast-global-color-5)","background-image":"","background-repeat":"repeat","background-position":"center center","background-size":"auto","background-attachment":"scroll","background-type":"","background-media":"","overlay-type":"","overlay-color":"","overlay-opacity":"","overlay-gradient":""},"tablet":{"background-color":"","background-image":"","background-repeat":"repeat","background-position":"center center","background-size":"auto","background-attachment":"scroll","background-type":"","background-media":"","overlay-type":"","overlay-color":"","overlay-opacity":"","overlay-gradient":""},"mobile":{"background-color":"","background-image":"","background-repeat":"repeat","background-position":"center center","background-size":"auto","background-attachment":"scroll","background-type":"","background-media":"","overlay-type":"","overlay-color":"","overlay-opacity":"","overlay-gradient":""}},"ast-content-background-meta":{"desktop":{"background-color":"var(--ast-global-color-4)","background-image":"","background-repeat":"repeat","background-position":"center center","background-size":"auto","background-attachment":"scroll","background-type":"","background-media":"","overlay-type":"","overlay-color":"","overlay-opacity":"","overlay-gradient":""},"tablet":{"background-color":"var(--ast-global-color-4)","background-image":"","background-repeat":"repeat","background-position":"center center","background-size":"auto","background-attachment":"scroll","background-type":"","background-media":"","overlay-type":"","overlay-color":"","overlay-opacity":"","overlay-gradient":""},"mobile":{"background-color":"var(--ast-global-color-4)","background-image":"","background-repeat":"repeat","background-position":"center center","background-size":"auto","background-attachment":"scroll","background-type":"","background-media":"","overlay-type":"","overlay-color":"","overlay-opacity":"","overlay-gradient":""}},"footnotes":""},"class_list":["post-119","page","type-page","status-publish","hentry"],"acf":[],"yoast_head":"<!-- This site is optimized with the Yoast SEO plugin v27.0 - https:\/\/yoast.com\/product\/yoast-seo-wordpress\/ -->\n<title>Hokejs - Valmieras Sporta skola<\/title>\n<meta name=\"robots\" content=\"index, follow, max-snippet:-1, max-image-preview:large, max-video-preview:-1\" \/>\n<link rel=\"canonical\" href=\"https:\/\/izglitiba.valmierasnovads.lv\/valmierassportaskola\/hokejs\/\" \/>\n<meta property=\"og:locale\" content=\"lv_LV\" \/>\n<meta property=\"og:type\" content=\"article\" \/>\n<meta property=\"og:title\" content=\"Hokejs - Valmieras Sporta skola\" \/>\n<meta property=\"og:description\" content=\"Profesion\u0101l\u0101s ievirzes izgl\u012bt\u012bbas sporta programma &#8220;Hokejs&#8221; Piesakies hokeja treni\u0146iem Valmieras Sporta skol\u0101 &#8211; kontaktt\u0101lrunis +371 23271790 (Juris \u0160t\u0101ls)! Treni\u0146u norises [&hellip;]\" \/>\n<meta property=\"og:url\" content=\"https:\/\/izglitiba.valmierasnovads.lv\/valmierassportaskola\/hokejs\/\" \/>\n<meta property=\"og:site_name\" content=\"Valmieras Sporta skola\" \/>\n<meta property=\"article:modified_time\" content=\"2026-01-08T12:02:36+00:00\" \/>\n<meta property=\"og:image\" content=\"https:\/\/izglitiba.valmierasnovads.lv\/valmierassportaskola\/wp-content\/uploads\/sites\/32\/2025\/08\/5.png\" \/>\n\t<meta property=\"og:image:width\" content=\"1312\" \/>\n\t<meta property=\"og:image:height\" content=\"499\" \/>\n\t<meta property=\"og:image:type\" content=\"image\/png\" \/>\n<meta name=\"twitter:card\" content=\"summary_large_image\" \/>\n<script type=\"application\/ld+json\" class=\"yoast-schema-graph\">{\"@context\":\"https:\/\/schema.org\",\"@graph\":[{\"@type\":\"WebPage\",\"@id\":\"https:\/\/izglitiba.valmierasnovads.lv\/valmierassportaskola\/hokejs\/\",\"url\":\"https:\/\/izglitiba.valmierasnovads.lv\/valmierassportaskola\/hokejs\/\",\"name\":\"Hokejs - Valmieras Sporta skola\",\"isPartOf\":{\"@id\":\"https:\/\/izglitiba.valmierasnovads.lv\/valmierassportaskola\/#website\"},\"primaryImageOfPage\":{\"@id\":\"https:\/\/izglitiba.valmierasnovads.lv\/valmierassportaskola\/hokejs\/#primaryimage\"},\"image\":{\"@id\":\"https:\/\/izglitiba.valmierasnovads.lv\/valmierassportaskola\/hokejs\/#primaryimage\"},\"thumbnailUrl\":\"https:\/\/izglitiba.valmierasnovads.lv\/valmierassportaskola\/wp-content\/uploads\/sites\/32\/2025\/08\/5-1024x389.png\",\"datePublished\":\"2025-08-11T13:46:07+00:00\",\"dateModified\":\"2026-01-08T12:02:36+00:00\",\"breadcrumb\":{\"@id\":\"https:\/\/izglitiba.valmierasnovads.lv\/valmierassportaskola\/hokejs\/#breadcrumb\"},\"inLanguage\":\"lv-LV\",\"potentialAction\":[{\"@type\":\"ReadAction\",\"target\":[\"https:\/\/izglitiba.valmierasnovads.lv\/valmierassportaskola\/hokejs\/\"]}]},{\"@type\":\"ImageObject\",\"inLanguage\":\"lv-LV\",\"@id\":\"https:\/\/izglitiba.valmierasnovads.lv\/valmierassportaskola\/hokejs\/#primaryimage\",\"url\":\"https:\/\/izglitiba.valmierasnovads.lv\/valmierassportaskola\/wp-content\/uploads\/sites\/32\/2025\/08\/5.png\",\"contentUrl\":\"https:\/\/izglitiba.valmierasnovads.lv\/valmierassportaskola\/wp-content\/uploads\/sites\/32\/2025\/08\/5.png\",\"width\":1312,\"height\":499},{\"@type\":\"BreadcrumbList\",\"@id\":\"https:\/\/izglitiba.valmierasnovads.lv\/valmierassportaskola\/hokejs\/#breadcrumb\",\"itemListElement\":[{\"@type\":\"ListItem\",\"position\":1,\"name\":\"Home\",\"item\":\"https:\/\/izglitiba.valmierasnovads.lv\/valmierassportaskola\/\"},{\"@type\":\"ListItem\",\"position\":2,\"name\":\"Hokejs\"}]},{\"@type\":\"WebSite\",\"@id\":\"https:\/\/izglitiba.valmierasnovads.lv\/valmierassportaskola\/#website\",\"url\":\"https:\/\/izglitiba.valmierasnovads.lv\/valmierassportaskola\/\",\"name\":\"Valmieras Sporta skola\",\"description\":\"\",\"publisher\":{\"@id\":\"https:\/\/izglitiba.valmierasnovads.lv\/valmierassportaskola\/#organization\"},\"potentialAction\":[{\"@type\":\"SearchAction\",\"target\":{\"@type\":\"EntryPoint\",\"urlTemplate\":\"https:\/\/izglitiba.valmierasnovads.lv\/valmierassportaskola\/?s={search_term_string}\"},\"query-input\":{\"@type\":\"PropertyValueSpecification\",\"valueRequired\":true,\"valueName\":\"search_term_string\"}}],\"inLanguage\":\"lv-LV\"},{\"@type\":\"Organization\",\"@id\":\"https:\/\/izglitiba.valmierasnovads.lv\/valmierassportaskola\/#organization\",\"name\":\"Valmieras Sporta skola\",\"url\":\"https:\/\/izglitiba.valmierasnovads.lv\/valmierassportaskola\/\",\"logo\":{\"@type\":\"ImageObject\",\"inLanguage\":\"lv-LV\",\"@id\":\"https:\/\/izglitiba.valmierasnovads.lv\/valmierassportaskola\/#\/schema\/logo\/image\/\",\"url\":\"https:\/\/izglitiba.valmierasnovads.lv\/valmierassportaskola\/wp-content\/uploads\/sites\/32\/2025\/06\/cropped-Logo_Valmieras_sporta_skola_melns-1.png\",\"contentUrl\":\"https:\/\/izglitiba.valmierasnovads.lv\/valmierassportaskola\/wp-content\/uploads\/sites\/32\/2025\/06\/cropped-Logo_Valmieras_sporta_skola_melns-1.png\",\"width\":2354,\"height\":596,\"caption\":\"Valmieras Sporta skola\"},\"image\":{\"@id\":\"https:\/\/izglitiba.valmierasnovads.lv\/valmierassportaskola\/#\/schema\/logo\/image\/\"}}]}<\/script>\n<!-- \/ Yoast SEO plugin. -->","yoast_head_json":{"title":"Hokejs - Valmieras Sporta skola","robots":{"index":"index","follow":"follow","max-snippet":"max-snippet:-1","max-image-preview":"max-image-preview:large","max-video-preview":"max-video-preview:-1"},"canonical":"https:\/\/izglitiba.valmierasnovads.lv\/valmierassportaskola\/hokejs\/","og_locale":"lv_LV","og_type":"article","og_title":"Hokejs - Valmieras Sporta skola","og_description":"Profesion\u0101l\u0101s ievirzes izgl\u012bt\u012bbas sporta programma &#8220;Hokejs&#8221; Piesakies hokeja treni\u0146iem Valmieras Sporta skol\u0101 &#8211; kontaktt\u0101lrunis +371 23271790 (Juris \u0160t\u0101ls)! Treni\u0146u norises [&hellip;]","og_url":"https:\/\/izglitiba.valmierasnovads.lv\/valmierassportaskola\/hokejs\/","og_site_name":"Valmieras Sporta skola","article_modified_time":"2026-01-08T12:02:36+00:00","og_image":[{"width":1312,"height":499,"url":"https:\/\/izglitiba.valmierasnovads.lv\/valmierassportaskola\/wp-content\/uploads\/sites\/32\/2025\/08\/5.png","type":"image\/png"}],"twitter_card":"summary_large_image","schema":{"@context":"https:\/\/schema.org","@graph":[{"@type":"WebPage","@id":"https:\/\/izglitiba.valmierasnovads.lv\/valmierassportaskola\/hokejs\/","url":"https:\/\/izglitiba.valmierasnovads.lv\/valmierassportaskola\/hokejs\/","name":"Hokejs - Valmieras Sporta skola","isPartOf":{"@id":"https:\/\/izglitiba.valmierasnovads.lv\/valmierassportaskola\/#website"},"primaryImageOfPage":{"@id":"https:\/\/izglitiba.valmierasnovads.lv\/valmierassportaskola\/hokejs\/#primaryimage"},"image":{"@id":"https:\/\/izglitiba.valmierasnovads.lv\/valmierassportaskola\/hokejs\/#primaryimage"},"thumbnailUrl":"https:\/\/izglitiba.valmierasnovads.lv\/valmierassportaskola\/wp-content\/uploads\/sites\/32\/2025\/08\/5-1024x389.png","datePublished":"2025-08-11T13:46:07+00:00","dateModified":"2026-01-08T12:02:36+00:00","breadcrumb":{"@id":"https:\/\/izglitiba.valmierasnovads.lv\/valmierassportaskola\/hokejs\/#breadcrumb"},"inLanguage":"lv-LV","potentialAction":[{"@type":"ReadAction","target":["https:\/\/izglitiba.valmierasnovads.lv\/valmierassportaskola\/hokejs\/"]}]},{"@type":"ImageObject","inLanguage":"lv-LV","@id":"https:\/\/izglitiba.valmierasnovads.lv\/valmierassportaskola\/hokejs\/#primaryimage","url":"https:\/\/izglitiba.valmierasnovads.lv\/valmierassportaskola\/wp-content\/uploads\/sites\/32\/2025\/08\/5.png","contentUrl":"https:\/\/izglitiba.valmierasnovads.lv\/valmierassportaskola\/wp-content\/uploads\/sites\/32\/2025\/08\/5.png","width":1312,"height":499},{"@type":"BreadcrumbList","@id":"https:\/\/izglitiba.valmierasnovads.lv\/valmierassportaskola\/hokejs\/#breadcrumb","itemListElement":[{"@type":"ListItem","position":1,"name":"Home","item":"https:\/\/izglitiba.valmierasnovads.lv\/valmierassportaskola\/"},{"@type":"ListItem","position":2,"name":"Hokejs"}]},{"@type":"WebSite","@id":"https:\/\/izglitiba.valmierasnovads.lv\/valmierassportaskola\/#website","url":"https:\/\/izglitiba.valmierasnovads.lv\/valmierassportaskola\/","name":"Valmieras Sporta skola","description":"","publisher":{"@id":"https:\/\/izglitiba.valmierasnovads.lv\/valmierassportaskola\/#organization"},"potentialAction":[{"@type":"SearchAction","target":{"@type":"EntryPoint","urlTemplate":"https:\/\/izglitiba.valmierasnovads.lv\/valmierassportaskola\/?s={search_term_string}"},"query-input":{"@type":"PropertyValueSpecification","valueRequired":true,"valueName":"search_term_string"}}],"inLanguage":"lv-LV"},{"@type":"Organization","@id":"https:\/\/izglitiba.valmierasnovads.lv\/valmierassportaskola\/#organization","name":"Valmieras Sporta skola","url":"https:\/\/izglitiba.valmierasnovads.lv\/valmierassportaskola\/","logo":{"@type":"ImageObject","inLanguage":"lv-LV","@id":"https:\/\/izglitiba.valmierasnovads.lv\/valmierassportaskola\/#\/schema\/logo\/image\/","url":"https:\/\/izglitiba.valmierasnovads.lv\/valmierassportaskola\/wp-content\/uploads\/sites\/32\/2025\/06\/cropped-Logo_Valmieras_sporta_skola_melns-1.png","contentUrl":"https:\/\/izglitiba.valmierasnovads.lv\/valmierassportaskola\/wp-content\/uploads\/sites\/32\/2025\/06\/cropped-Logo_Valmieras_sporta_skola_melns-1.png","width":2354,"height":596,"caption":"Valmieras Sporta skola"},"image":{"@id":"https:\/\/izglitiba.valmierasnovads.lv\/valmierassportaskola\/#\/schema\/logo\/image\/"}}]}},"_links":{"self":[{"href":"https:\/\/izglitiba.valmierasnovads.lv\/valmierassportaskola\/wp-json\/wp\/v2\/pages\/119","targetHints":{"allow":["GET"]}}],"collection":[{"href":"https:\/\/izglitiba.valmierasnovads.lv\/valmierassportaskola\/wp-json\/wp\/v2\/pages"}],"about":[{"href":"https:\/\/izglitiba.valmierasnovads.lv\/valmierassportaskola\/wp-json\/wp\/v2\/types\/page"}],"author":[{"embeddable":true,"href":"https:\/\/izglitiba.valmierasnovads.lv\/valmierassportaskola\/wp-json\/wp\/v2\/users\/35"}],"replies":[{"embeddable":true,"href":"https:\/\/izglitiba.valmierasnovads.lv\/valmierassportaskola\/wp-json\/wp\/v2\/comments?post=119"}],"version-history":[{"count":14,"href":"https:\/\/izglitiba.valmierasnovads.lv\/valmierassportaskola\/wp-json\/wp\/v2\/pages\/119\/revisions"}],"predecessor-version":[{"id":1320,"href":"https:\/\/izglitiba.valmierasnovads.lv\/valmierassportaskola\/wp-json\/wp\/v2\/pages\/119\/revisions\/1320"}],"wp:attachment":[{"href":"https:\/\/izglitiba.valmierasnovads.lv\/valmierassportaskola\/wp-json\/wp\/v2\/media?parent=119"}],"curies":[{"name":"wp","href":"https:\/\/api.w.org\/{rel}","templated":true}]}}