{"id":123,"date":"2025-08-11T16:51:36","date_gmt":"2025-08-11T13:51:36","guid":{"rendered":"https:\/\/izglitiba.valmierasnovads.lv\/valmierassportaskola\/?page_id=123"},"modified":"2026-01-19T13:15:27","modified_gmt":"2026-01-19T11:15:27","slug":"peldesana","status":"publish","type":"page","link":"https:\/\/izglitiba.valmierasnovads.lv\/valmierassportaskola\/peldesana\/","title":{"rendered":"Peld\u0113\u0161ana"},"content":{"rendered":"\n<figure class=\"wp-block-image aligncenter size-large\"><img loading=\"lazy\" decoding=\"async\" width=\"1312\" height=\"499\" src=\"https:\/\/izglitiba.valmierasnovads.lv\/valmierassportaskola\/wp-content\/uploads\/sites\/32\/2025\/08\/9-1024x389.png\" alt=\"\" class=\"wp-image-251\" srcset=\"https:\/\/izglitiba.valmierasnovads.lv\/valmierassportaskola\/wp-content\/uploads\/sites\/32\/2025\/08\/9-1024x389.png 1024w, https:\/\/izglitiba.valmierasnovads.lv\/valmierassportaskola\/wp-content\/uploads\/sites\/32\/2025\/08\/9-300x114.png 300w, https:\/\/izglitiba.valmierasnovads.lv\/valmierassportaskola\/wp-content\/uploads\/sites\/32\/2025\/08\/9-768x292.png 768w, https:\/\/izglitiba.valmierasnovads.lv\/valmierassportaskola\/wp-content\/uploads\/sites\/32\/2025\/08\/9.png 1312w\" sizes=\"auto, (max-width: 1312px) 100vw, 1312px\" \/><\/figure>\n\n\n\n<h2 class=\"wp-block-heading\">Profesion\u0101l\u0101s ievirzes izgl\u012bt\u012bbas sporta programma &#8220;Peld\u0113\u0161ana&#8221;<\/h2>\n\n\n\n<p>Valmieras Sporta skolas peld\u0113\u0161anas noda\u013ca savu darbu uzs\u0101ka l\u012bdz ar Valmieras SS peldbaseina atv\u0113r\u0161anu Valmier\u0101 1975. gad\u0101. Peldbasein\u0101 valmierie\u0161i jau paaudz\u0113m ir apguvu\u0161i peld\u0113tprasmes iema\u0146as. Taj\u0101 l\u012bdz 2012. gada Londonas OS \u201cizaudzis\u201d ar\u012b sporta skolas audz\u0113knis &#8211; peld\u0113t\u0101js Uvis Kalni\u0146\u0161. <\/p>\n\n\n\n<p>2018. gada septembr\u012b durvis v\u0113ra jaunais Valmieras peldbaseins, kas sertific\u0113ts p\u0113c jaunaj\u0101m Starptautisk\u0101s Peld\u0113\u0161anas feder\u0101cijas (FINA) pras\u012bb\u0101m. Nodarb\u012bbas notiek 2018. gad\u0101 atkl\u0101taj\u0101 jaunaj\u0101 Valmieras peldbasein\u0101, Valmieras Olimpisk\u0101 centra kompleks\u0101 (trena\u017eieru z\u0101le, vingro\u0161anas z\u0101le).<\/p>\n\n\n\n<p>Valmieras Sporta skolas peld\u0113\u0161anas noda\u013c\u0101 tiek uz\u0146emti z\u0113ni un meitenes no 7 l\u012bdz 9 gadu vecumam.<\/p>\n\n\n\n<div class=\"wp-block-buttons is-content-justification-center is-layout-flex wp-container-core-buttons-is-layout-a89b3969 wp-block-buttons-is-layout-flex\">\n<div class=\"wp-block-button\"><a class=\"wp-block-button__link wp-element-button\" href=\"https:\/\/swimming.lv\/wp-content\/uploads\/2021\/06\/Kontrolnormativi.-LPF_IZM_v2.pdf\">KONTROLNORMAT\u012aVI<\/a><\/div>\n<\/div>\n\n\n<style>.wp-block-kadence-advancedheading.kt-adv-heading123_f7d90b-01, .wp-block-kadence-advancedheading.kt-adv-heading123_f7d90b-01[data-kb-block=\"kb-adv-heading123_f7d90b-01\"]{text-align:center;font-style:normal;}.wp-block-kadence-advancedheading.kt-adv-heading123_f7d90b-01 mark.kt-highlight, .wp-block-kadence-advancedheading.kt-adv-heading123_f7d90b-01[data-kb-block=\"kb-adv-heading123_f7d90b-01\"] mark.kt-highlight{font-style:normal;color:#f76a0c;-webkit-box-decoration-break:clone;box-decoration-break:clone;padding-top:0px;padding-right:0px;padding-bottom:0px;padding-left:0px;}.wp-block-kadence-advancedheading.kt-adv-heading123_f7d90b-01 img.kb-inline-image, .wp-block-kadence-advancedheading.kt-adv-heading123_f7d90b-01[data-kb-block=\"kb-adv-heading123_f7d90b-01\"] img.kb-inline-image{width:150px;vertical-align:baseline;}<\/style>\n<h2 class=\"kt-adv-heading123_f7d90b-01 wp-block-kadence-advancedheading\" data-kb-block=\"kb-adv-heading123_f7d90b-01\"><strong>Treneri<\/strong><\/h2>\n\n\n\n<figure class=\"wp-block-table\"><table class=\"has-fixed-layout\"><tbody><tr><td class=\"has-text-align-center\" data-align=\"center\"><strong>V\u0101rds Uzv\u0101rds<\/strong><\/td><td class=\"has-text-align-center\" data-align=\"center\"><strong>T\u0101lru\u0146a numurs<\/strong><\/td><td class=\"has-text-align-center\" data-align=\"center\"><strong>Sertifik\u0101ts<\/strong><\/td><td class=\"has-text-align-center\" data-align=\"center\"><strong>Sertifik\u0101ts<\/strong><\/td><\/tr><tr><td class=\"has-text-align-center\" data-align=\"center\">Inta Andrej\u0101nova<\/td><td class=\"has-text-align-center\" data-align=\"center\">+371 20220759 (skolas administr\u0101cija)<\/td><td class=\"has-text-align-center\" data-align=\"center\">Meiten\u0113m un z\u0113niem&nbsp;2011. &#8211; 2016.g.dz.<\/td><td class=\"has-text-align-center\" data-align=\"center\">B kategorija<\/td><\/tr><tr><td class=\"has-text-align-center\" data-align=\"center\">Juris Liepi\u0146\u0161<\/td><td class=\"has-text-align-center\" data-align=\"center\">+371 26576307<\/td><td class=\"has-text-align-center\" data-align=\"center\">Meiten\u0113m un z\u0113niem&nbsp;2007. &#8211; 2011.g.dz., 2016. &#8211; 2018.g.dz.<\/td><td class=\"has-text-align-center\" data-align=\"center\">B kategorija<\/td><\/tr><tr><td class=\"has-text-align-center\" data-align=\"center\">Aiva Mi\u0137elsone<\/td><td class=\"has-text-align-center\" data-align=\"center\">+371 29410594<\/td><td class=\"has-text-align-center\" data-align=\"center\">Meiten\u0113m un z\u0113niem&nbsp;2004. &#8211; 2014.g.dz.;&nbsp;2017. &#8211; 2018.g.dz.<\/td><td class=\"has-text-align-center\" data-align=\"center\">A kategorija<\/td><\/tr><tr><td class=\"has-text-align-center\" data-align=\"center\">Gints Tr\u0113zi\u0146\u0161<\/td><td class=\"has-text-align-center\" data-align=\"center\">+371&nbsp;29215725<\/td><td class=\"has-text-align-center\" data-align=\"center\">Meiten\u0113m un z\u0113niem&nbsp;2013. &#8211; 2017.g.dz.<\/td><td class=\"has-text-align-center\" data-align=\"center\">B kategorija<\/td><\/tr><tr><td class=\"has-text-align-center\" data-align=\"center\">Valters Rutkovskis<\/td><td class=\"has-text-align-center\" data-align=\"center\">+371 26652955<\/td><td class=\"has-text-align-center\" data-align=\"center\">Meiten\u0113m un z\u0113niem 2017. &#8211; 2018.g.dz.<\/td><td class=\"has-text-align-center\" data-align=\"center\">Sporta studiju students&nbsp;<\/td><\/tr><tr><td class=\"has-text-align-center\" data-align=\"center\">Ilze \u0160tromberga<\/td><td class=\"has-text-align-center\" data-align=\"center\">&#8211;<\/td><td class=\"has-text-align-center\" data-align=\"center\">Fizisk\u0101s sagatavo\u0161anas trenere<\/td><td class=\"has-text-align-center\" data-align=\"center\">Sporta studiju absolvente<\/td><\/tr><\/tbody><\/table><\/figure>\n\n\n<style>.wp-block-kadence-advancedheading.kt-adv-heading123_8074bd-d6, .wp-block-kadence-advancedheading.kt-adv-heading123_8074bd-d6[data-kb-block=\"kb-adv-heading123_8074bd-d6\"]{text-align:center;font-style:normal;background-color:#9e784d;}.wp-block-kadence-advancedheading.kt-adv-heading123_8074bd-d6 mark.kt-highlight, .wp-block-kadence-advancedheading.kt-adv-heading123_8074bd-d6[data-kb-block=\"kb-adv-heading123_8074bd-d6\"] mark.kt-highlight{font-style:normal;color:#f76a0c;-webkit-box-decoration-break:clone;box-decoration-break:clone;padding-top:0px;padding-right:0px;padding-bottom:0px;padding-left:0px;}.wp-block-kadence-advancedheading.kt-adv-heading123_8074bd-d6 img.kb-inline-image, .wp-block-kadence-advancedheading.kt-adv-heading123_8074bd-d6[data-kb-block=\"kb-adv-heading123_8074bd-d6\"] img.kb-inline-image{width:150px;vertical-align:baseline;}<\/style>\n<h2 class=\"kt-adv-heading123_8074bd-d6 wp-block-kadence-advancedheading has-ast-global-color-4-color has-text-color\" data-kb-block=\"kb-adv-heading123_8074bd-d6\">Valmieras peld\u0113\u0161anas rekordi<\/h2>\n\n\n\n<div class=\"wp-block-columns is-layout-flex wp-container-core-columns-is-layout-28f84493 wp-block-columns-is-layout-flex\">\n<div class=\"wp-block-column is-layout-flow wp-block-column-is-layout-flow\" style=\"flex-basis:100%\">\n<div class=\"wp-block-buttons is-content-justification-center is-layout-flex wp-container-core-buttons-is-layout-a89b3969 wp-block-buttons-is-layout-flex\">\n<div class=\"wp-block-button is-style-outline is-style-outline--1\"><a class=\"wp-block-button__link wp-element-button\" href=\"https:\/\/docs.google.com\/document\/d\/1FSoDhaqGtYUnfjaqltvf29K--wIz7fXR\/edit\">VALMIERAS NOVADA LAB\u0100KIE PELD\u0112T\u0100JI<\/a><\/div>\n\n\n\n<div class=\"wp-block-button is-style-outline is-style-outline--2\"><a class=\"wp-block-button__link has-text-align-center wp-element-button\" href=\"https:\/\/docs.google.com\/document\/d\/1-xH_cLEFU7cVWoDgQDMMdpSTk5GUZYTd\/edit\">VALMIERA NOV LAB\u0100KIE PELD\u0112T\u0100JI 2025.G.<\/a><\/div>\n\n\n\n<div class=\"wp-block-button is-style-outline is-style-outline--3\"><a class=\"wp-block-button__link wp-element-button\" href=\"https:\/\/docs.google.com\/spreadsheets\/d\/1PKnvwkzLl9h_hSn8y7YECSEcbFanNtpD\/edit?gid=551198405#gid=551198405\">VALMIERAS REKORDI v\u012brie\u0161i<\/a><\/div>\n<\/div>\n<\/div>\n<\/div>\n\n\n\n<p><\/p>\n","protected":false},"excerpt":{"rendered":"<p>Profesion\u0101l\u0101s ievirzes izgl\u012bt\u012bbas sporta programma &#8220;Peld\u0113\u0161ana&#8221; Valmieras Sporta skolas peld\u0113\u0161anas noda\u013ca savu darbu uzs\u0101ka l\u012bdz ar Valmieras SS peldbaseina atv\u0113r\u0161anu [&hellip;]<\/p>\n","protected":false},"author":35,"featured_media":0,"parent":0,"menu_order":0,"comment_status":"closed","ping_status":"closed","template":"","meta":{"_acf_changed":false,"site-sidebar-layout":"default","site-content-layout":"","ast-site-content-layout":"","site-content-style":"default","site-sidebar-style":"default","ast-global-header-display":"","ast-banner-title-visibility":"","ast-main-header-display":"","ast-hfb-above-header-display":"","ast-hfb-below-header-display":"","ast-hfb-mobile-header-display":"","site-post-title":"disabled","ast-breadcrumbs-content":"","ast-featured-img":"","footer-sml-layout":"","ast-disable-related-posts":"","theme-transparent-header-meta":"","adv-header-id-meta":"","stick-header-meta":"","header-above-stick-meta":"","header-main-stick-meta":"","header-below-stick-meta":"","astra-migrate-meta-layouts":"default","ast-page-background-enabled":"default","ast-page-background-meta":{"desktop":{"background-color":"var(--ast-global-color-5)","background-image":"","background-repeat":"repeat","background-position":"center center","background-size":"auto","background-attachment":"scroll","background-type":"","background-media":"","overlay-type":"","overlay-color":"","overlay-opacity":"","overlay-gradient":""},"tablet":{"background-color":"","background-image":"","background-repeat":"repeat","background-position":"center center","background-size":"auto","background-attachment":"scroll","background-type":"","background-media":"","overlay-type":"","overlay-color":"","overlay-opacity":"","overlay-gradient":""},"mobile":{"background-color":"","background-image":"","background-repeat":"repeat","background-position":"center center","background-size":"auto","background-attachment":"scroll","background-type":"","background-media":"","overlay-type":"","overlay-color":"","overlay-opacity":"","overlay-gradient":""}},"ast-content-background-meta":{"desktop":{"background-color":"var(--ast-global-color-4)","background-image":"","background-repeat":"repeat","background-position":"center center","background-size":"auto","background-attachment":"scroll","background-type":"","background-media":"","overlay-type":"","overlay-color":"","overlay-opacity":"","overlay-gradient":""},"tablet":{"background-color":"var(--ast-global-color-4)","background-image":"","background-repeat":"repeat","background-position":"center center","background-size":"auto","background-attachment":"scroll","background-type":"","background-media":"","overlay-type":"","overlay-color":"","overlay-opacity":"","overlay-gradient":""},"mobile":{"background-color":"var(--ast-global-color-4)","background-image":"","background-repeat":"repeat","background-position":"center center","background-size":"auto","background-attachment":"scroll","background-type":"","background-media":"","overlay-type":"","overlay-color":"","overlay-opacity":"","overlay-gradient":""}},"footnotes":""},"class_list":["post-123","page","type-page","status-publish","hentry"],"acf":[],"yoast_head":"<!-- This site is optimized with the Yoast SEO plugin v27.0 - https:\/\/yoast.com\/product\/yoast-seo-wordpress\/ -->\n<title>Peld\u0113\u0161ana - Valmieras Sporta skola<\/title>\n<meta name=\"robots\" content=\"index, follow, max-snippet:-1, max-image-preview:large, max-video-preview:-1\" \/>\n<link rel=\"canonical\" href=\"https:\/\/izglitiba.valmierasnovads.lv\/valmierassportaskola\/peldesana\/\" \/>\n<meta property=\"og:locale\" content=\"lv_LV\" \/>\n<meta property=\"og:type\" content=\"article\" \/>\n<meta property=\"og:title\" content=\"Peld\u0113\u0161ana - Valmieras Sporta skola\" \/>\n<meta property=\"og:description\" content=\"Profesion\u0101l\u0101s ievirzes izgl\u012bt\u012bbas sporta programma &#8220;Peld\u0113\u0161ana&#8221; Valmieras Sporta skolas peld\u0113\u0161anas noda\u013ca savu darbu uzs\u0101ka l\u012bdz ar Valmieras SS peldbaseina atv\u0113r\u0161anu [&hellip;]\" \/>\n<meta property=\"og:url\" content=\"https:\/\/izglitiba.valmierasnovads.lv\/valmierassportaskola\/peldesana\/\" \/>\n<meta property=\"og:site_name\" content=\"Valmieras Sporta skola\" \/>\n<meta property=\"article:modified_time\" content=\"2026-01-19T11:15:27+00:00\" \/>\n<meta property=\"og:image\" content=\"https:\/\/izglitiba.valmierasnovads.lv\/valmierassportaskola\/wp-content\/uploads\/sites\/32\/2025\/08\/9.png\" \/>\n\t<meta property=\"og:image:width\" content=\"1312\" \/>\n\t<meta property=\"og:image:height\" content=\"499\" \/>\n\t<meta property=\"og:image:type\" content=\"image\/png\" \/>\n<meta name=\"twitter:card\" content=\"summary_large_image\" \/>\n<meta name=\"twitter:label1\" content=\"Est. reading time\" \/>\n\t<meta name=\"twitter:data1\" content=\"2 min\u016btes\" \/>\n<script type=\"application\/ld+json\" class=\"yoast-schema-graph\">{\"@context\":\"https:\/\/schema.org\",\"@graph\":[{\"@type\":\"WebPage\",\"@id\":\"https:\/\/izglitiba.valmierasnovads.lv\/valmierassportaskola\/peldesana\/\",\"url\":\"https:\/\/izglitiba.valmierasnovads.lv\/valmierassportaskola\/peldesana\/\",\"name\":\"Peld\u0113\u0161ana - Valmieras Sporta skola\",\"isPartOf\":{\"@id\":\"https:\/\/izglitiba.valmierasnovads.lv\/valmierassportaskola\/#website\"},\"primaryImageOfPage\":{\"@id\":\"https:\/\/izglitiba.valmierasnovads.lv\/valmierassportaskola\/peldesana\/#primaryimage\"},\"image\":{\"@id\":\"https:\/\/izglitiba.valmierasnovads.lv\/valmierassportaskola\/peldesana\/#primaryimage\"},\"thumbnailUrl\":\"https:\/\/izglitiba.valmierasnovads.lv\/valmierassportaskola\/wp-content\/uploads\/sites\/32\/2025\/08\/9-1024x389.png\",\"datePublished\":\"2025-08-11T13:51:36+00:00\",\"dateModified\":\"2026-01-19T11:15:27+00:00\",\"breadcrumb\":{\"@id\":\"https:\/\/izglitiba.valmierasnovads.lv\/valmierassportaskola\/peldesana\/#breadcrumb\"},\"inLanguage\":\"lv-LV\",\"potentialAction\":[{\"@type\":\"ReadAction\",\"target\":[\"https:\/\/izglitiba.valmierasnovads.lv\/valmierassportaskola\/peldesana\/\"]}]},{\"@type\":\"ImageObject\",\"inLanguage\":\"lv-LV\",\"@id\":\"https:\/\/izglitiba.valmierasnovads.lv\/valmierassportaskola\/peldesana\/#primaryimage\",\"url\":\"https:\/\/izglitiba.valmierasnovads.lv\/valmierassportaskola\/wp-content\/uploads\/sites\/32\/2025\/08\/9.png\",\"contentUrl\":\"https:\/\/izglitiba.valmierasnovads.lv\/valmierassportaskola\/wp-content\/uploads\/sites\/32\/2025\/08\/9.png\",\"width\":1312,\"height\":499},{\"@type\":\"BreadcrumbList\",\"@id\":\"https:\/\/izglitiba.valmierasnovads.lv\/valmierassportaskola\/peldesana\/#breadcrumb\",\"itemListElement\":[{\"@type\":\"ListItem\",\"position\":1,\"name\":\"Home\",\"item\":\"https:\/\/izglitiba.valmierasnovads.lv\/valmierassportaskola\/\"},{\"@type\":\"ListItem\",\"position\":2,\"name\":\"Peld\u0113\u0161ana\"}]},{\"@type\":\"WebSite\",\"@id\":\"https:\/\/izglitiba.valmierasnovads.lv\/valmierassportaskola\/#website\",\"url\":\"https:\/\/izglitiba.valmierasnovads.lv\/valmierassportaskola\/\",\"name\":\"Valmieras Sporta skola\",\"description\":\"\",\"publisher\":{\"@id\":\"https:\/\/izglitiba.valmierasnovads.lv\/valmierassportaskola\/#organization\"},\"potentialAction\":[{\"@type\":\"SearchAction\",\"target\":{\"@type\":\"EntryPoint\",\"urlTemplate\":\"https:\/\/izglitiba.valmierasnovads.lv\/valmierassportaskola\/?s={search_term_string}\"},\"query-input\":{\"@type\":\"PropertyValueSpecification\",\"valueRequired\":true,\"valueName\":\"search_term_string\"}}],\"inLanguage\":\"lv-LV\"},{\"@type\":\"Organization\",\"@id\":\"https:\/\/izglitiba.valmierasnovads.lv\/valmierassportaskola\/#organization\",\"name\":\"Valmieras Sporta skola\",\"url\":\"https:\/\/izglitiba.valmierasnovads.lv\/valmierassportaskola\/\",\"logo\":{\"@type\":\"ImageObject\",\"inLanguage\":\"lv-LV\",\"@id\":\"https:\/\/izglitiba.valmierasnovads.lv\/valmierassportaskola\/#\/schema\/logo\/image\/\",\"url\":\"https:\/\/izglitiba.valmierasnovads.lv\/valmierassportaskola\/wp-content\/uploads\/sites\/32\/2025\/06\/cropped-Logo_Valmieras_sporta_skola_melns-1.png\",\"contentUrl\":\"https:\/\/izglitiba.valmierasnovads.lv\/valmierassportaskola\/wp-content\/uploads\/sites\/32\/2025\/06\/cropped-Logo_Valmieras_sporta_skola_melns-1.png\",\"width\":2354,\"height\":596,\"caption\":\"Valmieras Sporta skola\"},\"image\":{\"@id\":\"https:\/\/izglitiba.valmierasnovads.lv\/valmierassportaskola\/#\/schema\/logo\/image\/\"}}]}<\/script>\n<!-- \/ Yoast SEO plugin. -->","yoast_head_json":{"title":"Peld\u0113\u0161ana - Valmieras Sporta skola","robots":{"index":"index","follow":"follow","max-snippet":"max-snippet:-1","max-image-preview":"max-image-preview:large","max-video-preview":"max-video-preview:-1"},"canonical":"https:\/\/izglitiba.valmierasnovads.lv\/valmierassportaskola\/peldesana\/","og_locale":"lv_LV","og_type":"article","og_title":"Peld\u0113\u0161ana - Valmieras Sporta skola","og_description":"Profesion\u0101l\u0101s ievirzes izgl\u012bt\u012bbas sporta programma &#8220;Peld\u0113\u0161ana&#8221; Valmieras Sporta skolas peld\u0113\u0161anas noda\u013ca savu darbu uzs\u0101ka l\u012bdz ar Valmieras SS peldbaseina atv\u0113r\u0161anu [&hellip;]","og_url":"https:\/\/izglitiba.valmierasnovads.lv\/valmierassportaskola\/peldesana\/","og_site_name":"Valmieras Sporta skola","article_modified_time":"2026-01-19T11:15:27+00:00","og_image":[{"width":1312,"height":499,"url":"https:\/\/izglitiba.valmierasnovads.lv\/valmierassportaskola\/wp-content\/uploads\/sites\/32\/2025\/08\/9.png","type":"image\/png"}],"twitter_card":"summary_large_image","twitter_misc":{"Est. reading time":"2 min\u016btes"},"schema":{"@context":"https:\/\/schema.org","@graph":[{"@type":"WebPage","@id":"https:\/\/izglitiba.valmierasnovads.lv\/valmierassportaskola\/peldesana\/","url":"https:\/\/izglitiba.valmierasnovads.lv\/valmierassportaskola\/peldesana\/","name":"Peld\u0113\u0161ana - Valmieras Sporta skola","isPartOf":{"@id":"https:\/\/izglitiba.valmierasnovads.lv\/valmierassportaskola\/#website"},"primaryImageOfPage":{"@id":"https:\/\/izglitiba.valmierasnovads.lv\/valmierassportaskola\/peldesana\/#primaryimage"},"image":{"@id":"https:\/\/izglitiba.valmierasnovads.lv\/valmierassportaskola\/peldesana\/#primaryimage"},"thumbnailUrl":"https:\/\/izglitiba.valmierasnovads.lv\/valmierassportaskola\/wp-content\/uploads\/sites\/32\/2025\/08\/9-1024x389.png","datePublished":"2025-08-11T13:51:36+00:00","dateModified":"2026-01-19T11:15:27+00:00","breadcrumb":{"@id":"https:\/\/izglitiba.valmierasnovads.lv\/valmierassportaskola\/peldesana\/#breadcrumb"},"inLanguage":"lv-LV","potentialAction":[{"@type":"ReadAction","target":["https:\/\/izglitiba.valmierasnovads.lv\/valmierassportaskola\/peldesana\/"]}]},{"@type":"ImageObject","inLanguage":"lv-LV","@id":"https:\/\/izglitiba.valmierasnovads.lv\/valmierassportaskola\/peldesana\/#primaryimage","url":"https:\/\/izglitiba.valmierasnovads.lv\/valmierassportaskola\/wp-content\/uploads\/sites\/32\/2025\/08\/9.png","contentUrl":"https:\/\/izglitiba.valmierasnovads.lv\/valmierassportaskola\/wp-content\/uploads\/sites\/32\/2025\/08\/9.png","width":1312,"height":499},{"@type":"BreadcrumbList","@id":"https:\/\/izglitiba.valmierasnovads.lv\/valmierassportaskola\/peldesana\/#breadcrumb","itemListElement":[{"@type":"ListItem","position":1,"name":"Home","item":"https:\/\/izglitiba.valmierasnovads.lv\/valmierassportaskola\/"},{"@type":"ListItem","position":2,"name":"Peld\u0113\u0161ana"}]},{"@type":"WebSite","@id":"https:\/\/izglitiba.valmierasnovads.lv\/valmierassportaskola\/#website","url":"https:\/\/izglitiba.valmierasnovads.lv\/valmierassportaskola\/","name":"Valmieras Sporta skola","description":"","publisher":{"@id":"https:\/\/izglitiba.valmierasnovads.lv\/valmierassportaskola\/#organization"},"potentialAction":[{"@type":"SearchAction","target":{"@type":"EntryPoint","urlTemplate":"https:\/\/izglitiba.valmierasnovads.lv\/valmierassportaskola\/?s={search_term_string}"},"query-input":{"@type":"PropertyValueSpecification","valueRequired":true,"valueName":"search_term_string"}}],"inLanguage":"lv-LV"},{"@type":"Organization","@id":"https:\/\/izglitiba.valmierasnovads.lv\/valmierassportaskola\/#organization","name":"Valmieras Sporta skola","url":"https:\/\/izglitiba.valmierasnovads.lv\/valmierassportaskola\/","logo":{"@type":"ImageObject","inLanguage":"lv-LV","@id":"https:\/\/izglitiba.valmierasnovads.lv\/valmierassportaskola\/#\/schema\/logo\/image\/","url":"https:\/\/izglitiba.valmierasnovads.lv\/valmierassportaskola\/wp-content\/uploads\/sites\/32\/2025\/06\/cropped-Logo_Valmieras_sporta_skola_melns-1.png","contentUrl":"https:\/\/izglitiba.valmierasnovads.lv\/valmierassportaskola\/wp-content\/uploads\/sites\/32\/2025\/06\/cropped-Logo_Valmieras_sporta_skola_melns-1.png","width":2354,"height":596,"caption":"Valmieras Sporta skola"},"image":{"@id":"https:\/\/izglitiba.valmierasnovads.lv\/valmierassportaskola\/#\/schema\/logo\/image\/"}}]}},"_links":{"self":[{"href":"https:\/\/izglitiba.valmierasnovads.lv\/valmierassportaskola\/wp-json\/wp\/v2\/pages\/123","targetHints":{"allow":["GET"]}}],"collection":[{"href":"https:\/\/izglitiba.valmierasnovads.lv\/valmierassportaskola\/wp-json\/wp\/v2\/pages"}],"about":[{"href":"https:\/\/izglitiba.valmierasnovads.lv\/valmierassportaskola\/wp-json\/wp\/v2\/types\/page"}],"author":[{"embeddable":true,"href":"https:\/\/izglitiba.valmierasnovads.lv\/valmierassportaskola\/wp-json\/wp\/v2\/users\/35"}],"replies":[{"embeddable":true,"href":"https:\/\/izglitiba.valmierasnovads.lv\/valmierassportaskola\/wp-json\/wp\/v2\/comments?post=123"}],"version-history":[{"count":10,"href":"https:\/\/izglitiba.valmierasnovads.lv\/valmierassportaskola\/wp-json\/wp\/v2\/pages\/123\/revisions"}],"predecessor-version":[{"id":1429,"href":"https:\/\/izglitiba.valmierasnovads.lv\/valmierassportaskola\/wp-json\/wp\/v2\/pages\/123\/revisions\/1429"}],"wp:attachment":[{"href":"https:\/\/izglitiba.valmierasnovads.lv\/valmierassportaskola\/wp-json\/wp\/v2\/media?parent=123"}],"curies":[{"name":"wp","href":"https:\/\/api.w.org\/{rel}","templated":true}]}}