{"id":155,"date":"2025-08-14T10:34:55","date_gmt":"2025-08-14T07:34:55","guid":{"rendered":"https:\/\/izglitiba.valmierasnovads.lv\/valmierassportaskola\/?page_id=155"},"modified":"2026-01-21T11:09:27","modified_gmt":"2026-01-21T09:09:27","slug":"administracija","status":"publish","type":"page","link":"https:\/\/izglitiba.valmierasnovads.lv\/valmierassportaskola\/administracija\/","title":{"rendered":"Administr\u0101cija"},"content":{"rendered":"<style>.wp-block-kadence-advancedheading.kt-adv-heading155_a33b11-5c, .wp-block-kadence-advancedheading.kt-adv-heading155_a33b11-5c[data-kb-block=\"kb-adv-heading155_a33b11-5c\"]{font-style:normal;}.wp-block-kadence-advancedheading.kt-adv-heading155_a33b11-5c mark.kt-highlight, .wp-block-kadence-advancedheading.kt-adv-heading155_a33b11-5c[data-kb-block=\"kb-adv-heading155_a33b11-5c\"] mark.kt-highlight{font-style:normal;color:#f76a0c;-webkit-box-decoration-break:clone;box-decoration-break:clone;padding-top:0px;padding-right:0px;padding-bottom:0px;padding-left:0px;}.wp-block-kadence-advancedheading.kt-adv-heading155_a33b11-5c img.kb-inline-image, .wp-block-kadence-advancedheading.kt-adv-heading155_a33b11-5c[data-kb-block=\"kb-adv-heading155_a33b11-5c\"] img.kb-inline-image{width:150px;vertical-align:baseline;}<\/style>\n<div class=\"kt-adv-heading155_a33b11-5c wp-block-kadence-advancedheading\" data-kb-block=\"kb-adv-heading155_a33b11-5c\"><strong>Valmieras Sporta skola<\/strong><br>Adrese: J\u0101\u0146a Dali\u0146a iela 2, Valmiera, Valmieras novads, LV-4201<br>E-pasts: valmieras.sportaskola@valmiera.edu.lv<br>T\u0101lrunis: 64231094, 20220759<\/div>\n\n\n<style>.wp-block-kadence-spacer.kt-block-spacer-155_515fe6-5f .kt-block-spacer{height:60px;}.wp-block-kadence-spacer.kt-block-spacer-155_515fe6-5f .kt-divider{border-top-width:1px;height:1px;border-top-color:#eee;width:80%;border-top-style:solid;}<\/style>\n<div class=\"wp-block-kadence-spacer aligncenter kt-block-spacer-155_515fe6-5f\"><div class=\"kt-block-spacer kt-block-spacer-halign-center\"><hr class=\"kt-divider\" \/><\/div><\/div>\n\n\n<style>.wp-block-kadence-advancedheading.kt-adv-heading155_46cf78-ce, .wp-block-kadence-advancedheading.kt-adv-heading155_46cf78-ce[data-kb-block=\"kb-adv-heading155_46cf78-ce\"]{font-style:normal;}.wp-block-kadence-advancedheading.kt-adv-heading155_46cf78-ce mark.kt-highlight, .wp-block-kadence-advancedheading.kt-adv-heading155_46cf78-ce[data-kb-block=\"kb-adv-heading155_46cf78-ce\"] mark.kt-highlight{font-style:normal;color:#f76a0c;-webkit-box-decoration-break:clone;box-decoration-break:clone;padding-top:0px;padding-right:0px;padding-bottom:0px;padding-left:0px;}.wp-block-kadence-advancedheading.kt-adv-heading155_46cf78-ce img.kb-inline-image, .wp-block-kadence-advancedheading.kt-adv-heading155_46cf78-ce[data-kb-block=\"kb-adv-heading155_46cf78-ce\"] img.kb-inline-image{width:150px;vertical-align:baseline;}<\/style>\n<div class=\"kt-adv-heading155_46cf78-ce wp-block-kadence-advancedheading\" data-kb-block=\"kb-adv-heading155_46cf78-ce\"><strong>REKVIZ\u012aTI: <\/strong><\/div>\n\n\n\n<p><strong>Valmieras novada pa\u0161vald\u012bba<\/strong><br>Adrese: L\u0101\u010dpl\u0113\u0161a iela 2, Valmiera, Valmieras novads, LV-4201<br>Re\u0123istr\u0101cijas Nr. 90000043403<br>Banka: A\/S SEB banka<br>Kods: UNLALV2X<br>Konta Nr. LV94UNLA0018000142255<\/p>\n\n\n<style>.wp-block-kadence-advancedbtn.kb-btns155_bdbf19-6c{gap:var(--global-kb-gap-xs, 0.5rem );justify-content:flex-start;align-items:flex-start;}.kt-btns155_bdbf19-6c .kt-button{font-weight:normal;font-style:normal;}.kt-btns155_bdbf19-6c .kt-btn-wrap-0{margin-right:5px;}.wp-block-kadence-advancedbtn.kt-btns155_bdbf19-6c .kt-btn-wrap-0 .kt-button{color:#555555;border-color:#555555;}.wp-block-kadence-advancedbtn.kt-btns155_bdbf19-6c .kt-btn-wrap-0 .kt-button:hover, .wp-block-kadence-advancedbtn.kt-btns155_bdbf19-6c .kt-btn-wrap-0 .kt-button:focus{color:#ffffff;border-color:#444444;}.wp-block-kadence-advancedbtn.kt-btns155_bdbf19-6c .kt-btn-wrap-0 .kt-button::before{display:none;}.wp-block-kadence-advancedbtn.kt-btns155_bdbf19-6c .kt-btn-wrap-0 .kt-button:hover, .wp-block-kadence-advancedbtn.kt-btns155_bdbf19-6c .kt-btn-wrap-0 .kt-button:focus{background:#444444;}<\/style>\n<div class=\"wp-block-kadence-advancedbtn kb-buttons-wrap kb-btns155_bdbf19-6c\"><style>ul.menu .wp-block-kadence-advancedbtn .kb-btn155_10295e-97.kb-button{width:initial;}<\/style><a class=\"kb-button kt-button button kb-btn155_10295e-97 kt-btn-size-standard kt-btn-width-type-auto kb-btn-global-fill  kt-btn-has-text-true kt-btn-has-svg-false  wp-block-kadence-singlebtn\" href=\"https:\/\/docs.google.com\/document\/d\/1UBkTIC8tAIom9SWYW-t1ITDDJSzB8JJQ\/edit\"><span class=\"kt-btn-inner-text\">E-r\u0113\u0137inu sa\u0146em\u0161ana un nos\u016bt\u012b\u0161ana<\/span><\/a><\/div>\n\n\n\n<figure class=\"wp-block-table\"><table class=\"has-fixed-layout\"><tbody><tr><td><strong>L\u012aGA DZENE<\/strong><br>liga.dzene@valmiera.edu.lv<\/td><td>Direktore<\/td><td>+371 29448010<\/td><\/tr><tr><td><strong>SANTA RULLE<\/strong><br>santa.rulle@valmiera.edu.lv<\/td><td>Direktora vietniece izgl\u012bt\u012bbas jom\u0101<\/td><td>+371 20220759<br>+371 64231076<\/td><\/tr><tr><td><strong>IVETA GRUNTE-DINSBERGA<\/strong><br>iveta.grunte-dinsberga@valmiera.edu.lv<\/td><td>Direktora vietniece izgl\u012bt\u012bbas jom\u0101\u00a0<\/td><td>+371 20220759<br>+371 64231076<\/td><\/tr><tr><td><strong>AIVARS BIEZB\u0100RDIS<\/strong><br>aivars.biezbardis@valmiera.edu.lv<\/td><td>Direktora vietnieks administrat\u012bvi saimnieciskaj\u0101 darb\u0101<\/td><td>+371 26184344&nbsp;<\/td><\/tr><tr><td><strong>AUSTRA \u0136IK\u0100NE<\/strong><br>austra.kikane@valmiera.edu.lv<\/td><td>Izgl\u012bt\u012bbas metodi\u0137e<\/td><td>+371 20220759<\/td><\/tr><tr><td><strong>EL\u012aZA PAULA B\u0112RZI\u0145A<\/strong><br>eliza-paula.berzina@valmiera.edu.lv<\/td><td>Sporta organizatore<\/td><td>+371 20220759<\/td><\/tr><tr><td><strong>INTA E\u0160KINA<\/strong><br>inta.eskina@valmiera.edu.lv<\/td><td>Lietved\u012bbas sekret\u0101re<\/td><td>+371 64231094&nbsp;<\/td><\/tr><tr><td><strong>AIVARS M\u0100LI\u0145\u0160<\/strong><br>kkaivarsm@inbox.lv<\/td><td>Skolu sporta izgl\u012bt\u012bbas metodi\u0137is&nbsp;<\/td><td>+371 26350635<\/td><\/tr><tr><td><strong>V\u0112SMA KRASTI\u0145A<\/strong><br>vesma.krastina@valmiera.edu.lv<\/td><td>Sekret\u0101re<\/td><td>+371 64231094\u00a0<\/td><\/tr><\/tbody><\/table><\/figure>\n\n\n\n<p class=\"has-text-align-center\">Direktores pie\u0146em\u0161anas laiks (iepriek\u0161 saska\u0146ojot): Ot. 10:00 &#8211; 13:00, Tr. 14:00 &#8211; 16:00<\/p>\n\n\n\n<p class=\"has-text-align-center\">Administr\u0101cijas pie\u0146em\u0161anas laiki (iepriek\u0161 saska\u0146ojot): Pr. 9:00 &#8211; 15:00, Ot. 8:00 &#8211; 15:00, Tr. 13:00 &#8211; 17:00, Ce. 9:00 &#8211; 15:00, Pk. 9:00 &#8211; 15:00<\/p>\n","protected":false},"excerpt":{"rendered":"<p>Valmieras Sporta skolaAdrese: J\u0101\u0146a Dali\u0146a iela 2, Valmiera, Valmieras novads, LV-4201E-pasts: valmieras.sportaskola@valmiera.edu.lvT\u0101lrunis: 64231094, 20220759 REKVIZ\u012aTI: Valmieras novada pa\u0161vald\u012bbaAdrese: L\u0101\u010dpl\u0113\u0161a iela [&hellip;]<\/p>\n","protected":false},"author":35,"featured_media":0,"parent":0,"menu_order":0,"comment_status":"closed","ping_status":"closed","template":"","meta":{"_acf_changed":false,"site-sidebar-layout":"default","site-content-layout":"","ast-site-content-layout":"default","site-content-style":"default","site-sidebar-style":"default","ast-global-header-display":"","ast-banner-title-visibility":"","ast-main-header-display":"","ast-hfb-above-header-display":"","ast-hfb-below-header-display":"","ast-hfb-mobile-header-display":"","site-post-title":"","ast-breadcrumbs-content":"","ast-featured-img":"","footer-sml-layout":"","ast-disable-related-posts":"","theme-transparent-header-meta":"","adv-header-id-meta":"","stick-header-meta":"","header-above-stick-meta":"","header-main-stick-meta":"","header-below-stick-meta":"","astra-migrate-meta-layouts":"default","ast-page-background-enabled":"default","ast-page-background-meta":{"desktop":{"background-color":"var(--ast-global-color-5)","background-image":"","background-repeat":"repeat","background-position":"center center","background-size":"auto","background-attachment":"scroll","background-type":"","background-media":"","overlay-type":"","overlay-color":"","overlay-opacity":"","overlay-gradient":""},"tablet":{"background-color":"","background-image":"","background-repeat":"repeat","background-position":"center center","background-size":"auto","background-attachment":"scroll","background-type":"","background-media":"","overlay-type":"","overlay-color":"","overlay-opacity":"","overlay-gradient":""},"mobile":{"background-color":"","background-image":"","background-repeat":"repeat","background-position":"center center","background-size":"auto","background-attachment":"scroll","background-type":"","background-media":"","overlay-type":"","overlay-color":"","overlay-opacity":"","overlay-gradient":""}},"ast-content-background-meta":{"desktop":{"background-color":"var(--ast-global-color-4)","background-image":"","background-repeat":"repeat","background-position":"center center","background-size":"auto","background-attachment":"scroll","background-type":"","background-media":"","overlay-type":"","overlay-color":"","overlay-opacity":"","overlay-gradient":""},"tablet":{"background-color":"var(--ast-global-color-4)","background-image":"","background-repeat":"repeat","background-position":"center center","background-size":"auto","background-attachment":"scroll","background-type":"","background-media":"","overlay-type":"","overlay-color":"","overlay-opacity":"","overlay-gradient":""},"mobile":{"background-color":"var(--ast-global-color-4)","background-image":"","background-repeat":"repeat","background-position":"center center","background-size":"auto","background-attachment":"scroll","background-type":"","background-media":"","overlay-type":"","overlay-color":"","overlay-opacity":"","overlay-gradient":""}},"footnotes":""},"class_list":["post-155","page","type-page","status-publish","hentry"],"acf":[],"yoast_head":"<!-- This site is optimized with the Yoast SEO plugin v27.0 - https:\/\/yoast.com\/product\/yoast-seo-wordpress\/ -->\n<title>Administr\u0101cija - Valmieras Sporta skola<\/title>\n<meta name=\"robots\" content=\"index, follow, max-snippet:-1, max-image-preview:large, max-video-preview:-1\" \/>\n<link rel=\"canonical\" href=\"https:\/\/izglitiba.valmierasnovads.lv\/valmierassportaskola\/administracija\/\" \/>\n<meta property=\"og:locale\" content=\"lv_LV\" \/>\n<meta property=\"og:type\" content=\"article\" \/>\n<meta property=\"og:title\" content=\"Administr\u0101cija - Valmieras Sporta skola\" \/>\n<meta property=\"og:description\" content=\"Valmieras Sporta skolaAdrese: J\u0101\u0146a Dali\u0146a iela 2, Valmiera, Valmieras novads, LV-4201E-pasts: valmieras.sportaskola@valmiera.edu.lvT\u0101lrunis: 64231094, 20220759 REKVIZ\u012aTI: Valmieras novada pa\u0161vald\u012bbaAdrese: L\u0101\u010dpl\u0113\u0161a iela [&hellip;]\" \/>\n<meta property=\"og:url\" content=\"https:\/\/izglitiba.valmierasnovads.lv\/valmierassportaskola\/administracija\/\" \/>\n<meta property=\"og:site_name\" content=\"Valmieras Sporta skola\" \/>\n<meta property=\"article:modified_time\" content=\"2026-01-21T09:09:27+00:00\" \/>\n<meta name=\"twitter:card\" content=\"summary_large_image\" \/>\n<meta name=\"twitter:label1\" content=\"Est. reading time\" \/>\n\t<meta name=\"twitter:data1\" content=\"1 min\u016bte\" \/>\n<script type=\"application\/ld+json\" class=\"yoast-schema-graph\">{\"@context\":\"https:\/\/schema.org\",\"@graph\":[{\"@type\":\"WebPage\",\"@id\":\"https:\/\/izglitiba.valmierasnovads.lv\/valmierassportaskola\/administracija\/\",\"url\":\"https:\/\/izglitiba.valmierasnovads.lv\/valmierassportaskola\/administracija\/\",\"name\":\"Administr\u0101cija - Valmieras Sporta skola\",\"isPartOf\":{\"@id\":\"https:\/\/izglitiba.valmierasnovads.lv\/valmierassportaskola\/#website\"},\"datePublished\":\"2025-08-14T07:34:55+00:00\",\"dateModified\":\"2026-01-21T09:09:27+00:00\",\"breadcrumb\":{\"@id\":\"https:\/\/izglitiba.valmierasnovads.lv\/valmierassportaskola\/administracija\/#breadcrumb\"},\"inLanguage\":\"lv-LV\",\"potentialAction\":[{\"@type\":\"ReadAction\",\"target\":[\"https:\/\/izglitiba.valmierasnovads.lv\/valmierassportaskola\/administracija\/\"]}]},{\"@type\":\"BreadcrumbList\",\"@id\":\"https:\/\/izglitiba.valmierasnovads.lv\/valmierassportaskola\/administracija\/#breadcrumb\",\"itemListElement\":[{\"@type\":\"ListItem\",\"position\":1,\"name\":\"Home\",\"item\":\"https:\/\/izglitiba.valmierasnovads.lv\/valmierassportaskola\/\"},{\"@type\":\"ListItem\",\"position\":2,\"name\":\"Administr\u0101cija\"}]},{\"@type\":\"WebSite\",\"@id\":\"https:\/\/izglitiba.valmierasnovads.lv\/valmierassportaskola\/#website\",\"url\":\"https:\/\/izglitiba.valmierasnovads.lv\/valmierassportaskola\/\",\"name\":\"Valmieras Sporta skola\",\"description\":\"\",\"publisher\":{\"@id\":\"https:\/\/izglitiba.valmierasnovads.lv\/valmierassportaskola\/#organization\"},\"potentialAction\":[{\"@type\":\"SearchAction\",\"target\":{\"@type\":\"EntryPoint\",\"urlTemplate\":\"https:\/\/izglitiba.valmierasnovads.lv\/valmierassportaskola\/?s={search_term_string}\"},\"query-input\":{\"@type\":\"PropertyValueSpecification\",\"valueRequired\":true,\"valueName\":\"search_term_string\"}}],\"inLanguage\":\"lv-LV\"},{\"@type\":\"Organization\",\"@id\":\"https:\/\/izglitiba.valmierasnovads.lv\/valmierassportaskola\/#organization\",\"name\":\"Valmieras Sporta skola\",\"url\":\"https:\/\/izglitiba.valmierasnovads.lv\/valmierassportaskola\/\",\"logo\":{\"@type\":\"ImageObject\",\"inLanguage\":\"lv-LV\",\"@id\":\"https:\/\/izglitiba.valmierasnovads.lv\/valmierassportaskola\/#\/schema\/logo\/image\/\",\"url\":\"https:\/\/izglitiba.valmierasnovads.lv\/valmierassportaskola\/wp-content\/uploads\/sites\/32\/2025\/06\/cropped-Logo_Valmieras_sporta_skola_melns-1.png\",\"contentUrl\":\"https:\/\/izglitiba.valmierasnovads.lv\/valmierassportaskola\/wp-content\/uploads\/sites\/32\/2025\/06\/cropped-Logo_Valmieras_sporta_skola_melns-1.png\",\"width\":2354,\"height\":596,\"caption\":\"Valmieras Sporta skola\"},\"image\":{\"@id\":\"https:\/\/izglitiba.valmierasnovads.lv\/valmierassportaskola\/#\/schema\/logo\/image\/\"}}]}<\/script>\n<!-- \/ Yoast SEO plugin. -->","yoast_head_json":{"title":"Administr\u0101cija - Valmieras Sporta skola","robots":{"index":"index","follow":"follow","max-snippet":"max-snippet:-1","max-image-preview":"max-image-preview:large","max-video-preview":"max-video-preview:-1"},"canonical":"https:\/\/izglitiba.valmierasnovads.lv\/valmierassportaskola\/administracija\/","og_locale":"lv_LV","og_type":"article","og_title":"Administr\u0101cija - Valmieras Sporta skola","og_description":"Valmieras Sporta skolaAdrese: J\u0101\u0146a Dali\u0146a iela 2, Valmiera, Valmieras novads, LV-4201E-pasts: valmieras.sportaskola@valmiera.edu.lvT\u0101lrunis: 64231094, 20220759 REKVIZ\u012aTI: Valmieras novada pa\u0161vald\u012bbaAdrese: L\u0101\u010dpl\u0113\u0161a iela [&hellip;]","og_url":"https:\/\/izglitiba.valmierasnovads.lv\/valmierassportaskola\/administracija\/","og_site_name":"Valmieras Sporta skola","article_modified_time":"2026-01-21T09:09:27+00:00","twitter_card":"summary_large_image","twitter_misc":{"Est. reading time":"1 min\u016bte"},"schema":{"@context":"https:\/\/schema.org","@graph":[{"@type":"WebPage","@id":"https:\/\/izglitiba.valmierasnovads.lv\/valmierassportaskola\/administracija\/","url":"https:\/\/izglitiba.valmierasnovads.lv\/valmierassportaskola\/administracija\/","name":"Administr\u0101cija - Valmieras Sporta skola","isPartOf":{"@id":"https:\/\/izglitiba.valmierasnovads.lv\/valmierassportaskola\/#website"},"datePublished":"2025-08-14T07:34:55+00:00","dateModified":"2026-01-21T09:09:27+00:00","breadcrumb":{"@id":"https:\/\/izglitiba.valmierasnovads.lv\/valmierassportaskola\/administracija\/#breadcrumb"},"inLanguage":"lv-LV","potentialAction":[{"@type":"ReadAction","target":["https:\/\/izglitiba.valmierasnovads.lv\/valmierassportaskola\/administracija\/"]}]},{"@type":"BreadcrumbList","@id":"https:\/\/izglitiba.valmierasnovads.lv\/valmierassportaskola\/administracija\/#breadcrumb","itemListElement":[{"@type":"ListItem","position":1,"name":"Home","item":"https:\/\/izglitiba.valmierasnovads.lv\/valmierassportaskola\/"},{"@type":"ListItem","position":2,"name":"Administr\u0101cija"}]},{"@type":"WebSite","@id":"https:\/\/izglitiba.valmierasnovads.lv\/valmierassportaskola\/#website","url":"https:\/\/izglitiba.valmierasnovads.lv\/valmierassportaskola\/","name":"Valmieras Sporta skola","description":"","publisher":{"@id":"https:\/\/izglitiba.valmierasnovads.lv\/valmierassportaskola\/#organization"},"potentialAction":[{"@type":"SearchAction","target":{"@type":"EntryPoint","urlTemplate":"https:\/\/izglitiba.valmierasnovads.lv\/valmierassportaskola\/?s={search_term_string}"},"query-input":{"@type":"PropertyValueSpecification","valueRequired":true,"valueName":"search_term_string"}}],"inLanguage":"lv-LV"},{"@type":"Organization","@id":"https:\/\/izglitiba.valmierasnovads.lv\/valmierassportaskola\/#organization","name":"Valmieras Sporta skola","url":"https:\/\/izglitiba.valmierasnovads.lv\/valmierassportaskola\/","logo":{"@type":"ImageObject","inLanguage":"lv-LV","@id":"https:\/\/izglitiba.valmierasnovads.lv\/valmierassportaskola\/#\/schema\/logo\/image\/","url":"https:\/\/izglitiba.valmierasnovads.lv\/valmierassportaskola\/wp-content\/uploads\/sites\/32\/2025\/06\/cropped-Logo_Valmieras_sporta_skola_melns-1.png","contentUrl":"https:\/\/izglitiba.valmierasnovads.lv\/valmierassportaskola\/wp-content\/uploads\/sites\/32\/2025\/06\/cropped-Logo_Valmieras_sporta_skola_melns-1.png","width":2354,"height":596,"caption":"Valmieras Sporta skola"},"image":{"@id":"https:\/\/izglitiba.valmierasnovads.lv\/valmierassportaskola\/#\/schema\/logo\/image\/"}}]}},"_links":{"self":[{"href":"https:\/\/izglitiba.valmierasnovads.lv\/valmierassportaskola\/wp-json\/wp\/v2\/pages\/155","targetHints":{"allow":["GET"]}}],"collection":[{"href":"https:\/\/izglitiba.valmierasnovads.lv\/valmierassportaskola\/wp-json\/wp\/v2\/pages"}],"about":[{"href":"https:\/\/izglitiba.valmierasnovads.lv\/valmierassportaskola\/wp-json\/wp\/v2\/types\/page"}],"author":[{"embeddable":true,"href":"https:\/\/izglitiba.valmierasnovads.lv\/valmierassportaskola\/wp-json\/wp\/v2\/users\/35"}],"replies":[{"embeddable":true,"href":"https:\/\/izglitiba.valmierasnovads.lv\/valmierassportaskola\/wp-json\/wp\/v2\/comments?post=155"}],"version-history":[{"count":18,"href":"https:\/\/izglitiba.valmierasnovads.lv\/valmierassportaskola\/wp-json\/wp\/v2\/pages\/155\/revisions"}],"predecessor-version":[{"id":1455,"href":"https:\/\/izglitiba.valmierasnovads.lv\/valmierassportaskola\/wp-json\/wp\/v2\/pages\/155\/revisions\/1455"}],"wp:attachment":[{"href":"https:\/\/izglitiba.valmierasnovads.lv\/valmierassportaskola\/wp-json\/wp\/v2\/media?parent=155"}],"curies":[{"name":"wp","href":"https:\/\/api.w.org\/{rel}","templated":true}]}}