{"id":217,"date":"2025-08-14T14:50:56","date_gmt":"2025-08-14T11:50:56","guid":{"rendered":"https:\/\/izglitiba.valmierasnovads.lv\/valmierassportaskola\/?page_id=217"},"modified":"2026-03-17T14:28:15","modified_gmt":"2026-03-17T12:28:15","slug":"uznemsana","status":"publish","type":"page","link":"https:\/\/izglitiba.valmierasnovads.lv\/valmierassportaskola\/uznemsana\/","title":{"rendered":"Uz\u0146em\u0161ana"},"content":{"rendered":"\n<p style=\"border-style:none;border-width:0px\">Par Valmieras Sporta skolas (VSS) attiec\u012bg\u0101 sporta veida grupas audz\u0113kni var k\u013c\u016bt b\u0113rns, pusaudzis, jaunietis, kuram interes\u0113 k\u0101da no VSS pied\u0101v\u0101taj\u0101m sporta programm\u0101m un kura sp\u0113jas atbilst programmas izvirz\u012btaj\u0101m pras\u012bb\u0101m. VSS organiz\u0113 darbu p\u0113c licenc\u0113t\u0101m un akredit\u0113t\u0101m profesion\u0101l\u0101s ievirzes sporta izgl\u012bt\u012bbas programm\u0101m, k\u0101 ar\u012b saska\u0146ot\u0101m intere\u0161u izgl\u012bt\u012bbas programm\u0101m. Audz\u0113k\u0146i izv\u0113l\u0113taj\u0101 sporta programm\u0101 tiek uz\u0146emti ar direktora r\u012bkojumu, pamatojoties uz noteiktas formas audz\u0113k\u0146a un audz\u0113k\u0146a vec\u0101ka\/aizbild\u0146a iesnieguma un vec\u0101ku l\u012bdzfinans\u0113juma pamata un VSS pedago\u0123isk\u0101s s\u0113des l\u0113mumu. Iest\u0101\u0161an\u0101s dien\u0101 skolas audz\u0113knis tiek iepaz\u012bstin\u0101ts ar skolas iek\u0161\u0113j\u0101s k\u0101rt\u012bbas noteikumiem, ties\u012bb\u0101m, pien\u0101kumiem un dro\u0161\u012bbas noteikumiem m\u0101c\u012bbu-treni\u0146u un sacens\u012bbu laik\u0101, ko audz\u0113knis apliecina ar savu parakstu.<\/p>\n\n\n\n<p>Inform\u0101cija par audz\u0113k\u0146u uz\u0146em\u0161anu tiek public\u0113ta tuvojoties <em><strong>Jaun\u0101 m\u0101c\u012bbu gada 1. semestrim.<\/strong><\/em><\/p>\n\n\n\n<figure class=\"wp-block-image aligncenter size-large is-resized\"><img loading=\"lazy\" decoding=\"async\" width=\"724\" height=\"1024\" src=\"https:\/\/izglitiba.valmierasnovads.lv\/valmierassportaskola\/wp-content\/uploads\/sites\/32\/2026\/03\/VSS-informacija-724x1024.png\" alt=\"\" class=\"wp-image-1819\" style=\"width:625px;height:auto\" srcset=\"https:\/\/izglitiba.valmierasnovads.lv\/valmierassportaskola\/wp-content\/uploads\/sites\/32\/2026\/03\/VSS-informacija-724x1024.png 724w, https:\/\/izglitiba.valmierasnovads.lv\/valmierassportaskola\/wp-content\/uploads\/sites\/32\/2026\/03\/VSS-informacija-212x300.png 212w, https:\/\/izglitiba.valmierasnovads.lv\/valmierassportaskola\/wp-content\/uploads\/sites\/32\/2026\/03\/VSS-informacija-768x1086.png 768w, https:\/\/izglitiba.valmierasnovads.lv\/valmierassportaskola\/wp-content\/uploads\/sites\/32\/2026\/03\/VSS-informacija-1086x1536.png 1086w, https:\/\/izglitiba.valmierasnovads.lv\/valmierassportaskola\/wp-content\/uploads\/sites\/32\/2026\/03\/VSS-informacija-1448x2048.png 1448w, https:\/\/izglitiba.valmierasnovads.lv\/valmierassportaskola\/wp-content\/uploads\/sites\/32\/2026\/03\/VSS-informacija-scaled.png 1810w\" sizes=\"auto, (max-width: 724px) 100vw, 724px\" \/><\/figure>\n\n\n\n<p><a href=\"https:\/\/docs.google.com\/document\/d\/1uoR9XAngjir8GObc3nHz6t9WvkPkuoCj\/edit?usp=sharing&amp;ouid=101080894387346505564&amp;rtpof=true&amp;sd=true\" target=\"_blank\" rel=\"noreferrer noopener\">Valmieras Sporta skolas s\u0101kuma sagatavo\u0161as grupas iest\u0101jp\u0101rbaud\u012bjumi<\/a>&nbsp;<\/p>\n\n\n\n<p><strong>M\u0100C\u012aBU MAKSA*<\/strong><\/p>\n\n\n\n<p>Vec\u0101ku l\u012bdzfinans\u0113jumu maksas VSS sporta programm\u0101s tiek noteikta ar Valmieras pils\u0113tas pa\u0161vald\u012bbas l\u0113mumu:&nbsp;<\/p>\n\n\n\n<ul class=\"wp-block-list\">\n<li><a href=\"https:\/\/drive.google.com\/file\/d\/1ghM-1M40ndl-AqLhw99x22OYj5A1tu1f\/view?usp=sharing\" target=\"_blank\" rel=\"noreferrer noopener\">L\u0113mums &#8220;Par vec\u0101ku l\u012bdzfinans\u0113juma maksas un maksas pakalpojumu apstiprin\u0101\u0161anu&#8221;<\/a>&nbsp;(sp\u0113k\u0101 l\u012bdz 31.08.2022.)<\/li>\n\n\n\n<li><a href=\"https:\/\/drive.google.com\/file\/d\/1Z-NbZ5BYSkMLnkMDZU2ygQQX7-wNKFZ1\/view?usp=sharing\" target=\"_blank\" rel=\"noreferrer noopener\">Valmieras novada pa\u0161vald\u012bbas domes l\u0113mums Nr.402 &#8220;Par vec\u0101ku l\u012bdzfinans\u0113juma maksas apstiprin\u0101\u0161anu Valmieras novada profesion\u0101l\u0101s ievirzes un intere\u0161u izgl\u012bt\u012bbas programm\u0101s&#8221;<\/a>&nbsp;(sp\u0113k\u0101 l\u012bdz&nbsp;31.12.2023.)<\/li>\n\n\n\n<li><a href=\"https:\/\/drive.google.com\/file\/d\/12jLiCylYN_X-cZPZ8Z8Mmszn1MJQJ2K8\/view\" target=\"_blank\" rel=\"noreferrer noopener\">L\u0113mums Nr.445 &#8220;Par vec\u0101ku l\u012bdzfinans\u0113jumu maksas apstiprin\u0101\u0161anu Valmieras novada profesion\u0101l\u0101s ievirzes un intere\u0161u izgl\u012bt\u012bbas programm\u0101s&#8221;&nbsp;<\/a>&nbsp;&nbsp;(l\u0113mums st\u0101j\u0101s sp\u0113k\u0101 2024. gada 1. janv\u0101r\u012b)<\/li>\n\n\n\n<li><a href=\"https:\/\/likumi.lv\/ta\/id\/332506-par-lidzfinansejuma-samaksas-kartibu-valmieras-novada-izglitibas-iestazu-profesionalas-ievirzes-un-interesu-izglitibas\" target=\"_blank\" rel=\"noreferrer noopener\">Valmieras novada pa\u0161vald\u012bbas domes saisto\u0161ie noteikumi Nr. 44&nbsp; &#8220;Par l\u012bdzfinans\u0113juma samaksas k\u0101rt\u012bbu Valmieras novada izgl\u012bt\u012bbas iest\u0101\u017eu profesion\u0101l\u0101s ievirzes un intere\u0161u izgl\u012bt\u012bbas programmu \u012bsteno\u0161an\u0101&#8221;&#8221;<\/a><\/li>\n\n\n\n<li><a href=\"https:\/\/drive.google.com\/file\/d\/1uQ4s5AGyOdZDj27GR0_zkm4rKxKYMfxr\/view?usp=sharing\" target=\"_blank\" rel=\"noreferrer noopener\">Iesniegums par vec\u0101ku l\u012bdzfinans\u0113juma maksas atlaides pie\u0161\u0137ir\u0161anu<\/a>&nbsp;<\/li>\n<\/ul>\n\n\n\n<p><strong>Lai uzs\u0101ktu sporta izgl\u012bt\u012bbas apguvi VSS audz\u0113knim kop\u0101 ar vec\u0101ku\/aizbildni nepiecie\u0161ams iesniegt sekojo\u0161us dokumentus:<\/strong><\/p>\n\n\n\n<ul class=\"wp-block-list\">\n<li>Vec\u0101ku iesniegums (iesnieguma formu var sa\u0146emt sporta skolas administr\u0101cij\u0101 vai pie sporta veida trenera)<\/li>\n\n\n\n<li>\u0100rsta izzi\u0146a par to, ka b\u0113rns var nodaboties ar paaugstin\u0101t\u0101m fizisk\u0101m slodz\u0113m<\/li>\n\n\n\n<li>Vec\u0101ku l\u012bdzfinans\u0113juma maksas l\u012bgums (l\u012bguma formu var sa\u0146emt sporta skolas administr\u0101cij\u0101 vai pie sporta veida trenera)<\/li>\n<\/ul>\n\n\n\n<p><a href=\"https:\/\/drive.google.com\/file\/d\/1QBfEa5pfaOpNmkHwdalNy6jrJtfg7Zut\/view?usp=sharing\" target=\"_blank\" rel=\"noreferrer noopener\">Paraugs &#8211; Iesniegums par uz\u0146em\u0161anu Valmieras SS profesion\u0101l\u0101s ievirzes izgl\u012bt\u012bbas programm\u0101 V20<\/a><\/p>\n\n\n\n<p><a href=\"https:\/\/drive.google.com\/file\/d\/10-09-C9cPtwCG4i2WkmOUpfKNXcvJQfT\/view?usp=sharing\" target=\"_blank\" rel=\"noreferrer noopener\">Paraugs &#8211; Iesniegums par uz\u0146em\u0161anu Valmieras SS profesion\u0101l\u0101s ievirzes izgl\u012bt\u012bbas programm\u0101 V30<\/a><\/p>\n\n\n\n<p><a href=\"https:\/\/drive.google.com\/file\/d\/1znnrwlupZLz89pqGufWQy8cOEiWbMi9X\/view?usp=sharing\" target=\"_blank\" rel=\"noreferrer noopener\">Paraugs &#8211; Iesniegums par uz\u0146em\u0161anu Valmieras SS intere\u0161u izgl\u012bt\u012bbas programm\u0101<\/a><\/p>\n\n\n\n<p><a href=\"https:\/\/drive.google.com\/file\/d\/1SlWX6PLm_IwKZ_iJKDBS05H9AxmY6bUK\/view?usp=sharing\" target=\"_blank\" rel=\"noreferrer noopener\">Paraugs &#8211; L\u012bgums par vec\u0101ku l\u012bdzfinans\u0113juma maksu profesion\u0101l\u0101s ievirzes izgl\u012bt\u012bbas programm\u0101m<\/a><\/p>\n\n\n\n<p><a href=\"https:\/\/drive.google.com\/file\/d\/1RujWth0OfjIRfdwIArplfSkicVV1K4dw\/view?usp=sharing\" target=\"_blank\" rel=\"noreferrer noopener\">Paraugs &#8211; L\u012bgums par vec\u0101ku l\u012bdzfinans\u0113juma maksu intere\u0161u izgl\u012bt\u012bbas programm\u0101m<\/a><\/p>\n\n\n\n<p><strong>Kas nepiecie\u0161ams, lai uzs\u0101ktu nodarb\u012bbas VSS:&nbsp;<\/strong><\/p>\n\n\n\n<p>Profesion\u0101l\u0101s ievirzes izgl\u012bt\u012bbas programmas:&nbsp;<\/p>\n\n\n\n<ul class=\"wp-block-list\">\n<li><a href=\"https:\/\/izglitiba.valmierasnovads.lv\/valmierassportaskola\/badmintons\/\">Badmintons<\/a> &#8211; sporta apavi, \u012bsais treni\u0146t\u0113rps, rakete, vol\u0101ni\u0146i<\/li>\n\n\n\n<li><a href=\"https:\/\/izglitiba.valmierasnovads.lv\/valmierassportaskola\/bmx\/\">BMX<\/a> &#8211; sporta apavi, garais treni\u0146t\u0113rps, sporta apavi ar pl\u0101nu zoli (tenisa \u010d\u012bbas), rite\u0146brauc\u0113ju cimdi (pilnie), BMX ritenis, \u0137ivere, aizsargi (pirmaj\u0101 m\u0113nes\u012b iesp\u0113ju robe\u017e\u0101s ar \u0161\u012bm liet\u0101m nodro\u0161ina, p\u0113c tam j\u0101ieg\u0101d\u0101jas savas)&nbsp;<\/li>\n\n\n\n<li><a href=\"https:\/\/izglitiba.valmierasnovads.lv\/valmierassportaskola\/florbols\/\">Florbols<\/a> &#8211; sporta apavi, \u012bsais treni\u0146t\u0113rps<\/li>\n\n\n\n<li><a href=\"https:\/\/izglitiba.valmierasnovads.lv\/valmierassportaskola\/futbols\/\">Futbols<\/a> &#8211; sporta apavi, \u012bsais\/garais treni\u0146t\u0113rps<\/li>\n\n\n\n<li><a href=\"https:\/\/izglitiba.valmierasnovads.lv\/valmierassportaskola\/hokejs\/\">Hokejs<\/a> &#8211; slidas, \u0137ivere, elko\u0146u\/k\u0101ju sargi, treni\u0146t\u0113rps (pirmaj\u0101 m\u0113nes\u012b iesp\u0113ju robe\u017e\u0101s ar \u0161\u012bm liet\u0101m nodro\u0161ina, p\u0113c tam j\u0101ieg\u0101d\u0101jas savas)&nbsp;<\/li>\n\n\n\n<li><a href=\"https:\/\/izglitiba.valmierasnovads.lv\/valmierassportaskola\/orientesanas-sports\/\">Orient\u0113\u0161an\u0101s sports<\/a> &#8211; sporta apavi, piem\u0113rots ap\u0123\u0113rbs nodarb\u012bb\u0101m \u0101r\u0101 visos gadalaikos<\/li>\n\n\n\n<li><a href=\"https:\/\/izglitiba.valmierasnovads.lv\/valmierassportaskola\/peldesana\/\">Peld\u0113\u0161ana<\/a> &#8211; peldbikses z\u0113niem \/kop\u0113jais peldkost\u012bms meiten\u0113m, peldcepure, gumijas \u010d\u012bbas, mazg\u0101\u0161an\u0101s piederumi<\/li>\n\n\n\n<li><a href=\"https:\/\/izglitiba.valmierasnovads.lv\/valmierassportaskola\/vieglatletika\/\">Vieglatl\u0113tika<\/a> &#8211; sporta apavi, treni\u0146t\u0113rps \u012bsais\/garais, piem\u0113rots ap\u0123\u0113rbs nodarb\u012bb\u0101m \u0101r\u0101 pavasara un rudens sezon\u0101<\/li>\n<\/ul>\n\n\n\n<p>Intere\u0161u izgl\u012bt\u012bbas programmas:<\/p>\n\n\n\n<ul class=\"wp-block-list\">\n<li><a href=\"https:\/\/izglitiba.valmierasnovads.lv\/valmierassportaskola\/airesanas-slaloms\/\">Air\u0113\u0161anas slaloms<\/a> &#8211; sporta apavi, atbilsto\u0161s ap\u0123\u0113rbs nodarb\u012bb\u0101m iek\u0161telp\u0101s un \u0101ra apst\u0101k\u013cos (z\u0101le, peldbaseins, air\u0113\u0161ana), ar specifisko air\u0113\u0161anas slaloma invent\u0101ru iesp\u0113ju robe\u017e\u0101s nodro\u0161ina<\/li>\n\n\n\n<li><a href=\"https:\/\/izglitiba.valmierasnovads.lv\/valmierassportaskola\/dailslidosana\/\">Dai\u013cslido\u0161ana<\/a> &#8211; sporta apavi, \u012bsais treni\u0146t\u0113rps, garais treni\u0146t\u0113rps (piegu\u013co\u0161s), cepure, cimdi, lecamaukla, slidas (pieejamas nomas slidas bez maksas)<\/li>\n\n\n\n<li><a href=\"https:\/\/izglitiba.valmierasnovads.lv\/valmierassportaskola\/sports-berniem-un-jauniesiem-ar-ipasam-vajadzibam\/\">Sports b\u0113rniem un jaunie\u0161iem ar \u012bpa\u0161\u0101m vajadz\u012bb\u0101m<\/a> &#8211; sporta apavi, \u012bsais\/ garais treni\u0146t\u0113rps, viss nepiecie\u0161amais nodarb\u012bb\u0101m peldbasein\u0101<\/li>\n\n\n\n<li><a href=\"https:\/\/izglitiba.valmierasnovads.lv\/valmierassportaskola\/volejbols\/\">Volejbols<\/a> &#8211; sporta apavi, \u012bsais treni\u0146t\u0113rps<\/li>\n<\/ul>\n","protected":false},"excerpt":{"rendered":"<p>Par Valmieras Sporta skolas (VSS) attiec\u012bg\u0101 sporta veida grupas audz\u0113kni var k\u013c\u016bt b\u0113rns, pusaudzis, jaunietis, kuram interes\u0113 k\u0101da no VSS [&hellip;]<\/p>\n","protected":false},"author":35,"featured_media":0,"parent":0,"menu_order":0,"comment_status":"closed","ping_status":"closed","template":"","meta":{"_acf_changed":false,"site-sidebar-layout":"default","site-content-layout":"","ast-site-content-layout":"default","site-content-style":"default","site-sidebar-style":"default","ast-global-header-display":"","ast-banner-title-visibility":"","ast-main-header-display":"","ast-hfb-above-header-display":"","ast-hfb-below-header-display":"","ast-hfb-mobile-header-display":"","site-post-title":"","ast-breadcrumbs-content":"","ast-featured-img":"","footer-sml-layout":"","ast-disable-related-posts":"","theme-transparent-header-meta":"","adv-header-id-meta":"","stick-header-meta":"","header-above-stick-meta":"","header-main-stick-meta":"","header-below-stick-meta":"","astra-migrate-meta-layouts":"default","ast-page-background-enabled":"default","ast-page-background-meta":{"desktop":{"background-color":"var(--ast-global-color-5)","background-image":"","background-repeat":"repeat","background-position":"center center","background-size":"auto","background-attachment":"scroll","background-type":"","background-media":"","overlay-type":"","overlay-color":"","overlay-opacity":"","overlay-gradient":""},"tablet":{"background-color":"","background-image":"","background-repeat":"repeat","background-position":"center center","background-size":"auto","background-attachment":"scroll","background-type":"","background-media":"","overlay-type":"","overlay-color":"","overlay-opacity":"","overlay-gradient":""},"mobile":{"background-color":"","background-image":"","background-repeat":"repeat","background-position":"center center","background-size":"auto","background-attachment":"scroll","background-type":"","background-media":"","overlay-type":"","overlay-color":"","overlay-opacity":"","overlay-gradient":""}},"ast-content-background-meta":{"desktop":{"background-color":"var(--ast-global-color-4)","background-image":"","background-repeat":"repeat","background-position":"center center","background-size":"auto","background-attachment":"scroll","background-type":"","background-media":"","overlay-type":"","overlay-color":"","overlay-opacity":"","overlay-gradient":""},"tablet":{"background-color":"var(--ast-global-color-4)","background-image":"","background-repeat":"repeat","background-position":"center center","background-size":"auto","background-attachment":"scroll","background-type":"","background-media":"","overlay-type":"","overlay-color":"","overlay-opacity":"","overlay-gradient":""},"mobile":{"background-color":"var(--ast-global-color-4)","background-image":"","background-repeat":"repeat","background-position":"center center","background-size":"auto","background-attachment":"scroll","background-type":"","background-media":"","overlay-type":"","overlay-color":"","overlay-opacity":"","overlay-gradient":""}},"footnotes":""},"class_list":["post-217","page","type-page","status-publish","hentry"],"acf":[],"yoast_head":"<!-- This site is optimized with the Yoast SEO plugin v27.0 - https:\/\/yoast.com\/product\/yoast-seo-wordpress\/ -->\n<title>Uz\u0146em\u0161ana - Valmieras Sporta skola<\/title>\n<meta name=\"robots\" content=\"index, follow, max-snippet:-1, max-image-preview:large, max-video-preview:-1\" \/>\n<link rel=\"canonical\" href=\"https:\/\/izglitiba.valmierasnovads.lv\/valmierassportaskola\/uznemsana\/\" \/>\n<meta property=\"og:locale\" content=\"lv_LV\" \/>\n<meta property=\"og:type\" content=\"article\" \/>\n<meta property=\"og:title\" content=\"Uz\u0146em\u0161ana - Valmieras Sporta skola\" \/>\n<meta property=\"og:description\" content=\"Par Valmieras Sporta skolas (VSS) attiec\u012bg\u0101 sporta veida grupas audz\u0113kni var k\u013c\u016bt b\u0113rns, pusaudzis, jaunietis, kuram interes\u0113 k\u0101da no VSS [&hellip;]\" \/>\n<meta property=\"og:url\" content=\"https:\/\/izglitiba.valmierasnovads.lv\/valmierassportaskola\/uznemsana\/\" \/>\n<meta property=\"og:site_name\" content=\"Valmieras Sporta skola\" \/>\n<meta property=\"article:modified_time\" content=\"2026-03-17T12:28:15+00:00\" \/>\n<meta property=\"og:image\" content=\"https:\/\/izglitiba.valmierasnovads.lv\/valmierassportaskola\/wp-content\/uploads\/sites\/32\/2026\/03\/VSS-informacija-scaled.png\" \/>\n\t<meta property=\"og:image:width\" content=\"1810\" \/>\n\t<meta property=\"og:image:height\" content=\"2560\" \/>\n\t<meta property=\"og:image:type\" content=\"image\/png\" \/>\n<meta name=\"twitter:card\" content=\"summary_large_image\" \/>\n<meta name=\"twitter:label1\" content=\"Est. reading time\" \/>\n\t<meta name=\"twitter:data1\" content=\"3 min\u016btes\" \/>\n<script type=\"application\/ld+json\" class=\"yoast-schema-graph\">{\"@context\":\"https:\/\/schema.org\",\"@graph\":[{\"@type\":\"WebPage\",\"@id\":\"https:\/\/izglitiba.valmierasnovads.lv\/valmierassportaskola\/uznemsana\/\",\"url\":\"https:\/\/izglitiba.valmierasnovads.lv\/valmierassportaskola\/uznemsana\/\",\"name\":\"Uz\u0146em\u0161ana - Valmieras Sporta skola\",\"isPartOf\":{\"@id\":\"https:\/\/izglitiba.valmierasnovads.lv\/valmierassportaskola\/#website\"},\"primaryImageOfPage\":{\"@id\":\"https:\/\/izglitiba.valmierasnovads.lv\/valmierassportaskola\/uznemsana\/#primaryimage\"},\"image\":{\"@id\":\"https:\/\/izglitiba.valmierasnovads.lv\/valmierassportaskola\/uznemsana\/#primaryimage\"},\"thumbnailUrl\":\"https:\/\/izglitiba.valmierasnovads.lv\/valmierassportaskola\/wp-content\/uploads\/sites\/32\/2026\/03\/VSS-informacija-724x1024.png\",\"datePublished\":\"2025-08-14T11:50:56+00:00\",\"dateModified\":\"2026-03-17T12:28:15+00:00\",\"breadcrumb\":{\"@id\":\"https:\/\/izglitiba.valmierasnovads.lv\/valmierassportaskola\/uznemsana\/#breadcrumb\"},\"inLanguage\":\"lv-LV\",\"potentialAction\":[{\"@type\":\"ReadAction\",\"target\":[\"https:\/\/izglitiba.valmierasnovads.lv\/valmierassportaskola\/uznemsana\/\"]}]},{\"@type\":\"ImageObject\",\"inLanguage\":\"lv-LV\",\"@id\":\"https:\/\/izglitiba.valmierasnovads.lv\/valmierassportaskola\/uznemsana\/#primaryimage\",\"url\":\"https:\/\/izglitiba.valmierasnovads.lv\/valmierassportaskola\/wp-content\/uploads\/sites\/32\/2026\/03\/VSS-informacija-scaled.png\",\"contentUrl\":\"https:\/\/izglitiba.valmierasnovads.lv\/valmierassportaskola\/wp-content\/uploads\/sites\/32\/2026\/03\/VSS-informacija-scaled.png\",\"width\":1810,\"height\":2560},{\"@type\":\"BreadcrumbList\",\"@id\":\"https:\/\/izglitiba.valmierasnovads.lv\/valmierassportaskola\/uznemsana\/#breadcrumb\",\"itemListElement\":[{\"@type\":\"ListItem\",\"position\":1,\"name\":\"Home\",\"item\":\"https:\/\/izglitiba.valmierasnovads.lv\/valmierassportaskola\/\"},{\"@type\":\"ListItem\",\"position\":2,\"name\":\"Uz\u0146em\u0161ana\"}]},{\"@type\":\"WebSite\",\"@id\":\"https:\/\/izglitiba.valmierasnovads.lv\/valmierassportaskola\/#website\",\"url\":\"https:\/\/izglitiba.valmierasnovads.lv\/valmierassportaskola\/\",\"name\":\"Valmieras Sporta skola\",\"description\":\"\",\"publisher\":{\"@id\":\"https:\/\/izglitiba.valmierasnovads.lv\/valmierassportaskola\/#organization\"},\"potentialAction\":[{\"@type\":\"SearchAction\",\"target\":{\"@type\":\"EntryPoint\",\"urlTemplate\":\"https:\/\/izglitiba.valmierasnovads.lv\/valmierassportaskola\/?s={search_term_string}\"},\"query-input\":{\"@type\":\"PropertyValueSpecification\",\"valueRequired\":true,\"valueName\":\"search_term_string\"}}],\"inLanguage\":\"lv-LV\"},{\"@type\":\"Organization\",\"@id\":\"https:\/\/izglitiba.valmierasnovads.lv\/valmierassportaskola\/#organization\",\"name\":\"Valmieras Sporta skola\",\"url\":\"https:\/\/izglitiba.valmierasnovads.lv\/valmierassportaskola\/\",\"logo\":{\"@type\":\"ImageObject\",\"inLanguage\":\"lv-LV\",\"@id\":\"https:\/\/izglitiba.valmierasnovads.lv\/valmierassportaskola\/#\/schema\/logo\/image\/\",\"url\":\"https:\/\/izglitiba.valmierasnovads.lv\/valmierassportaskola\/wp-content\/uploads\/sites\/32\/2025\/06\/cropped-Logo_Valmieras_sporta_skola_melns-1.png\",\"contentUrl\":\"https:\/\/izglitiba.valmierasnovads.lv\/valmierassportaskola\/wp-content\/uploads\/sites\/32\/2025\/06\/cropped-Logo_Valmieras_sporta_skola_melns-1.png\",\"width\":2354,\"height\":596,\"caption\":\"Valmieras Sporta skola\"},\"image\":{\"@id\":\"https:\/\/izglitiba.valmierasnovads.lv\/valmierassportaskola\/#\/schema\/logo\/image\/\"}}]}<\/script>\n<!-- \/ Yoast SEO plugin. -->","yoast_head_json":{"title":"Uz\u0146em\u0161ana - Valmieras Sporta skola","robots":{"index":"index","follow":"follow","max-snippet":"max-snippet:-1","max-image-preview":"max-image-preview:large","max-video-preview":"max-video-preview:-1"},"canonical":"https:\/\/izglitiba.valmierasnovads.lv\/valmierassportaskola\/uznemsana\/","og_locale":"lv_LV","og_type":"article","og_title":"Uz\u0146em\u0161ana - Valmieras Sporta skola","og_description":"Par Valmieras Sporta skolas (VSS) attiec\u012bg\u0101 sporta veida grupas audz\u0113kni var k\u013c\u016bt b\u0113rns, pusaudzis, jaunietis, kuram interes\u0113 k\u0101da no VSS [&hellip;]","og_url":"https:\/\/izglitiba.valmierasnovads.lv\/valmierassportaskola\/uznemsana\/","og_site_name":"Valmieras Sporta skola","article_modified_time":"2026-03-17T12:28:15+00:00","og_image":[{"width":1810,"height":2560,"url":"https:\/\/izglitiba.valmierasnovads.lv\/valmierassportaskola\/wp-content\/uploads\/sites\/32\/2026\/03\/VSS-informacija-scaled.png","type":"image\/png"}],"twitter_card":"summary_large_image","twitter_misc":{"Est. reading time":"3 min\u016btes"},"schema":{"@context":"https:\/\/schema.org","@graph":[{"@type":"WebPage","@id":"https:\/\/izglitiba.valmierasnovads.lv\/valmierassportaskola\/uznemsana\/","url":"https:\/\/izglitiba.valmierasnovads.lv\/valmierassportaskola\/uznemsana\/","name":"Uz\u0146em\u0161ana - Valmieras Sporta skola","isPartOf":{"@id":"https:\/\/izglitiba.valmierasnovads.lv\/valmierassportaskola\/#website"},"primaryImageOfPage":{"@id":"https:\/\/izglitiba.valmierasnovads.lv\/valmierassportaskola\/uznemsana\/#primaryimage"},"image":{"@id":"https:\/\/izglitiba.valmierasnovads.lv\/valmierassportaskola\/uznemsana\/#primaryimage"},"thumbnailUrl":"https:\/\/izglitiba.valmierasnovads.lv\/valmierassportaskola\/wp-content\/uploads\/sites\/32\/2026\/03\/VSS-informacija-724x1024.png","datePublished":"2025-08-14T11:50:56+00:00","dateModified":"2026-03-17T12:28:15+00:00","breadcrumb":{"@id":"https:\/\/izglitiba.valmierasnovads.lv\/valmierassportaskola\/uznemsana\/#breadcrumb"},"inLanguage":"lv-LV","potentialAction":[{"@type":"ReadAction","target":["https:\/\/izglitiba.valmierasnovads.lv\/valmierassportaskola\/uznemsana\/"]}]},{"@type":"ImageObject","inLanguage":"lv-LV","@id":"https:\/\/izglitiba.valmierasnovads.lv\/valmierassportaskola\/uznemsana\/#primaryimage","url":"https:\/\/izglitiba.valmierasnovads.lv\/valmierassportaskola\/wp-content\/uploads\/sites\/32\/2026\/03\/VSS-informacija-scaled.png","contentUrl":"https:\/\/izglitiba.valmierasnovads.lv\/valmierassportaskola\/wp-content\/uploads\/sites\/32\/2026\/03\/VSS-informacija-scaled.png","width":1810,"height":2560},{"@type":"BreadcrumbList","@id":"https:\/\/izglitiba.valmierasnovads.lv\/valmierassportaskola\/uznemsana\/#breadcrumb","itemListElement":[{"@type":"ListItem","position":1,"name":"Home","item":"https:\/\/izglitiba.valmierasnovads.lv\/valmierassportaskola\/"},{"@type":"ListItem","position":2,"name":"Uz\u0146em\u0161ana"}]},{"@type":"WebSite","@id":"https:\/\/izglitiba.valmierasnovads.lv\/valmierassportaskola\/#website","url":"https:\/\/izglitiba.valmierasnovads.lv\/valmierassportaskola\/","name":"Valmieras Sporta skola","description":"","publisher":{"@id":"https:\/\/izglitiba.valmierasnovads.lv\/valmierassportaskola\/#organization"},"potentialAction":[{"@type":"SearchAction","target":{"@type":"EntryPoint","urlTemplate":"https:\/\/izglitiba.valmierasnovads.lv\/valmierassportaskola\/?s={search_term_string}"},"query-input":{"@type":"PropertyValueSpecification","valueRequired":true,"valueName":"search_term_string"}}],"inLanguage":"lv-LV"},{"@type":"Organization","@id":"https:\/\/izglitiba.valmierasnovads.lv\/valmierassportaskola\/#organization","name":"Valmieras Sporta skola","url":"https:\/\/izglitiba.valmierasnovads.lv\/valmierassportaskola\/","logo":{"@type":"ImageObject","inLanguage":"lv-LV","@id":"https:\/\/izglitiba.valmierasnovads.lv\/valmierassportaskola\/#\/schema\/logo\/image\/","url":"https:\/\/izglitiba.valmierasnovads.lv\/valmierassportaskola\/wp-content\/uploads\/sites\/32\/2025\/06\/cropped-Logo_Valmieras_sporta_skola_melns-1.png","contentUrl":"https:\/\/izglitiba.valmierasnovads.lv\/valmierassportaskola\/wp-content\/uploads\/sites\/32\/2025\/06\/cropped-Logo_Valmieras_sporta_skola_melns-1.png","width":2354,"height":596,"caption":"Valmieras Sporta skola"},"image":{"@id":"https:\/\/izglitiba.valmierasnovads.lv\/valmierassportaskola\/#\/schema\/logo\/image\/"}}]}},"_links":{"self":[{"href":"https:\/\/izglitiba.valmierasnovads.lv\/valmierassportaskola\/wp-json\/wp\/v2\/pages\/217","targetHints":{"allow":["GET"]}}],"collection":[{"href":"https:\/\/izglitiba.valmierasnovads.lv\/valmierassportaskola\/wp-json\/wp\/v2\/pages"}],"about":[{"href":"https:\/\/izglitiba.valmierasnovads.lv\/valmierassportaskola\/wp-json\/wp\/v2\/types\/page"}],"author":[{"embeddable":true,"href":"https:\/\/izglitiba.valmierasnovads.lv\/valmierassportaskola\/wp-json\/wp\/v2\/users\/35"}],"replies":[{"embeddable":true,"href":"https:\/\/izglitiba.valmierasnovads.lv\/valmierassportaskola\/wp-json\/wp\/v2\/comments?post=217"}],"version-history":[{"count":9,"href":"https:\/\/izglitiba.valmierasnovads.lv\/valmierassportaskola\/wp-json\/wp\/v2\/pages\/217\/revisions"}],"predecessor-version":[{"id":1820,"href":"https:\/\/izglitiba.valmierasnovads.lv\/valmierassportaskola\/wp-json\/wp\/v2\/pages\/217\/revisions\/1820"}],"wp:attachment":[{"href":"https:\/\/izglitiba.valmierasnovads.lv\/valmierassportaskola\/wp-json\/wp\/v2\/media?parent=217"}],"curies":[{"name":"wp","href":"https:\/\/api.w.org\/{rel}","templated":true}]}}