{"id":221,"date":"2025-08-14T15:08:21","date_gmt":"2025-08-14T12:08:21","guid":{"rendered":"https:\/\/izglitiba.valmierasnovads.lv\/valmierassportaskola\/?page_id=221"},"modified":"2025-10-14T13:02:17","modified_gmt":"2025-10-14T10:02:17","slug":"airesanas-baze-kraces","status":"publish","type":"page","link":"https:\/\/izglitiba.valmierasnovads.lv\/valmierassportaskola\/airesanas-baze-kraces\/","title":{"rendered":"Air\u0113\u0161anas b\u0101ze &#8220;Kr\u0101ces&#8221;"},"content":{"rendered":"\n<figure class=\"wp-block-image aligncenter size-large\"><img loading=\"lazy\" decoding=\"async\" width=\"1024\" height=\"389\" src=\"https:\/\/izglitiba.valmierasnovads.lv\/valmierassportaskola\/wp-content\/uploads\/sites\/32\/2025\/08\/VOLEJBOLS-2-1024x389.png\" alt=\"\" class=\"wp-image-267\" srcset=\"https:\/\/izglitiba.valmierasnovads.lv\/valmierassportaskola\/wp-content\/uploads\/sites\/32\/2025\/08\/VOLEJBOLS-2-1024x389.png 1024w, https:\/\/izglitiba.valmierasnovads.lv\/valmierassportaskola\/wp-content\/uploads\/sites\/32\/2025\/08\/VOLEJBOLS-2-300x114.png 300w, https:\/\/izglitiba.valmierasnovads.lv\/valmierassportaskola\/wp-content\/uploads\/sites\/32\/2025\/08\/VOLEJBOLS-2-768x292.png 768w, https:\/\/izglitiba.valmierasnovads.lv\/valmierassportaskola\/wp-content\/uploads\/sites\/32\/2025\/08\/VOLEJBOLS-2.png 1312w\" sizes=\"auto, (max-width: 1024px) 100vw, 1024px\" \/><\/figure>\n\n\n<style>.wp-block-kadence-advancedheading.kt-adv-heading221_f8975a-eb, .wp-block-kadence-advancedheading.kt-adv-heading221_f8975a-eb[data-kb-block=\"kb-adv-heading221_f8975a-eb\"]{font-style:normal;}.wp-block-kadence-advancedheading.kt-adv-heading221_f8975a-eb mark.kt-highlight, .wp-block-kadence-advancedheading.kt-adv-heading221_f8975a-eb[data-kb-block=\"kb-adv-heading221_f8975a-eb\"] mark.kt-highlight{font-style:normal;color:#f76a0c;-webkit-box-decoration-break:clone;box-decoration-break:clone;padding-top:0px;padding-right:0px;padding-bottom:0px;padding-left:0px;}.wp-block-kadence-advancedheading.kt-adv-heading221_f8975a-eb img.kb-inline-image, .wp-block-kadence-advancedheading.kt-adv-heading221_f8975a-eb[data-kb-block=\"kb-adv-heading221_f8975a-eb\"] img.kb-inline-image{width:150px;vertical-align:baseline;}<\/style>\n<div class=\"kt-adv-heading221_f8975a-eb wp-block-kadence-advancedheading\" data-kb-block=\"kb-adv-heading221_f8975a-eb\"><strong>Adrese:&nbsp;<\/strong>K\u0101pu iela 15, Valmiera<br><strong>T\u0101lr.:<\/strong> +371 26184344<br><strong>Kontaktpersona: <\/strong>Aivars Biezb\u0101rdis<br><strong>E-pasts: <\/strong>aivars.biezbardis@valmiera.edu.lv<br><br>Air\u0113\u0161anas b\u0101ze \u201cKr\u0101ces\u201d tiek uzskat\u012bta par vienu no lab\u0101kaj\u0101m air\u0113\u0161anas b\u0101z\u0113m Baltij\u0101, kur\u0101 norisin\u0101s vair\u0101kas starptautiskas sacens\u012bbas. \u201cKr\u0101ces\u201d ir k\u013cuvu\u0161as par iem\u012b\u013cotu \u016bdens t\u016bristu apm\u0101c\u012bbas un treni\u0146u b\u0101zi, k\u0101 ar\u012b iecien\u012btu atp\u016btas vietu Valmieras sird\u012b.<\/div>\n\n\n\n<p><em>The slalom course is located in the Gauja River by the Goat Rapids and it is considered to be one of the best slalom courses in the Baltics, where several competitions take place. It has also become a beloved training spot for water tourists to prepare for more difficult boat trips. By the course several resting zones have been created, suitable for various leisure activities, as well as for swimming.&nbsp;<\/em><\/p>\n\n\n\n<h6 class=\"wp-block-heading\">AIR\u0112\u0160ANAS TRASES NOMAS IZCENOJUMS (<em>PRICE LIST OF SLALOM COURSE<\/em>)<\/h6>\n\n\n<style>.wp-block-kadence-advancedheading.kt-adv-heading221_09743f-73, .wp-block-kadence-advancedheading.kt-adv-heading221_09743f-73[data-kb-block=\"kb-adv-heading221_09743f-73\"]{font-style:normal;}.wp-block-kadence-advancedheading.kt-adv-heading221_09743f-73 mark.kt-highlight, .wp-block-kadence-advancedheading.kt-adv-heading221_09743f-73[data-kb-block=\"kb-adv-heading221_09743f-73\"] mark.kt-highlight{font-style:normal;color:#f76a0c;-webkit-box-decoration-break:clone;box-decoration-break:clone;padding-top:0px;padding-right:0px;padding-bottom:0px;padding-left:0px;}.wp-block-kadence-advancedheading.kt-adv-heading221_09743f-73 img.kb-inline-image, .wp-block-kadence-advancedheading.kt-adv-heading221_09743f-73[data-kb-block=\"kb-adv-heading221_09743f-73\"] img.kb-inline-image{width:150px;vertical-align:baseline;}<\/style>\n<div class=\"kt-adv-heading221_09743f-73 wp-block-kadence-advancedheading\" data-kb-block=\"kb-adv-heading221_09743f-73\">Air\u0113\u0161anas trases noma viena diena 1 personai EUR 2.50* (<em>Slalom course rent 1 day per 1 person<\/em>)<br>Air\u0113\u0161anas trases noma viens m\u0113nesis 1 personai EUR&nbsp;20.00* (<em>Slalom course rent 1 month per 1 person<\/em>)<br>Air\u0113\u0161anas trases noma viens gads 1 personai EUR&nbsp;40.00* (<em>Slalom course rent 1 year per 1 person<\/em>)<br>Air\u0113\u0161anas trases noma viena pirms sacens\u012bbu diena EUR 40.00* (<em>Slalom course rent 1 pre-competition day)<\/em><br>Air\u0113\u0161anas trases noma viena diena sacens\u012bbu norise EUR&nbsp;90.00* <em>(Slalom course rent 1 competition day)<\/em><br>Vienas telts vietas noma par diennakti EUR&nbsp;3.00* <em>(24 hour tent space rental)<\/em><br>Vienas automa\u0161\u012bnas vietas noma par diennakti EUR&nbsp;3.00* <em>(24 hour car parking space rental)<\/em><br>* PVN iek\u013cauts (*VAT included)<br><br>! IEV\u0112R\u012aBAI ! Trases noma notiek saska\u0146\u0101 ar Valmieras novada pa\u0161vald\u012bbas domes 2022. gada 30. j\u016bnija l\u0113mumu Nr.488 &#8220;Par Valmieras novada pa\u0161vald\u012bbas intere\u0161u izl\u012bt\u012bbas iest\u0101\u017eu maksas pakalpojumu cenr\u0101\u017ea apstiprin\u0101\u0161anu&#8221;, l\u0113muma konsolid\u0113t\u0101 versija pieejama&nbsp;<a href=\"https:\/\/www.valmierasnovads.lv\/content\/uploads\/2025\/01\/823_lem_KONSOLIDETA_VERSIJA_448_lem.pdf\" target=\"_blank\" rel=\"noreferrer noopener\">\u0161eit<\/a>.<\/div>\n\n\n\n<p><\/p>\n\n\n<style>.wp-block-kadence-advancedheading.kt-adv-heading221_f5bef9-b7, .wp-block-kadence-advancedheading.kt-adv-heading221_f5bef9-b7[data-kb-block=\"kb-adv-heading221_f5bef9-b7\"]{text-align:center;font-style:normal;}.wp-block-kadence-advancedheading.kt-adv-heading221_f5bef9-b7 mark.kt-highlight, .wp-block-kadence-advancedheading.kt-adv-heading221_f5bef9-b7[data-kb-block=\"kb-adv-heading221_f5bef9-b7\"] mark.kt-highlight{font-style:normal;color:#f76a0c;-webkit-box-decoration-break:clone;box-decoration-break:clone;padding-top:0px;padding-right:0px;padding-bottom:0px;padding-left:0px;}.wp-block-kadence-advancedheading.kt-adv-heading221_f5bef9-b7 img.kb-inline-image, .wp-block-kadence-advancedheading.kt-adv-heading221_f5bef9-b7[data-kb-block=\"kb-adv-heading221_f5bef9-b7\"] img.kb-inline-image{width:150px;vertical-align:baseline;}<\/style>\n<div class=\"kt-adv-heading221_f5bef9-b7 wp-block-kadence-advancedheading\" data-kb-block=\"kb-adv-heading221_f5bef9-b7\">L\u016bdzu apmekl\u0113jumu iepriek\u0161 saska\u0146ot \/ please coordinate your visit in advance :&nbsp;&nbsp;&nbsp;&nbsp;&nbsp;<br>&nbsp;+371 26184344&nbsp; e-mail: aivars.biezbardis@valmiera.edu.lv&nbsp;<\/div>\n\n\n\n<p><a href=\"https:\/\/drive.google.com\/file\/d\/1xtZJvqbTX7DXG9yL5oeJ7ywz2rF2bZ21\/view?usp=share_link\" target=\"_blank\" rel=\"noreferrer noopener\">Air\u0113\u0161anas b\u0101zes \u201cKr\u0101ces\u201d un air\u0113\u0161anas slaloma trases \u201cKr\u0101ces\u201d iek\u0161\u0113j\u0101s k\u0101rt\u012bbas noteikumi<\/a><\/p>\n\n\n\n<div class=\"wp-block-buttons is-content-justification-center is-layout-flex wp-container-core-buttons-is-layout-a89b3969 wp-block-buttons-is-layout-flex\">\n<div class=\"wp-block-button\"><a class=\"wp-block-button__link has-text-align-center wp-element-button\" href=\"https:\/\/calendar.google.com\/calendar\/u\/0\/embed?color=%23cca6ac&amp;src=valmiera.edu.lv_tjg8c4ifh96vvfdajteato5e1o@group.calendar.google.com\">Air\u0113\u0161anas b\u0101zes &#8220;Kr\u0101ces&#8221; NOSLODZE<\/a><\/div>\n<\/div>\n\n\n\n<p><\/p>\n","protected":false},"excerpt":{"rendered":"<p>Adrese:&nbsp;K\u0101pu iela 15, ValmieraT\u0101lr.: +371 26184344Kontaktpersona: Aivars Biezb\u0101rdisE-pasts: aivars.biezbardis@valmiera.edu.lv Air\u0113\u0161anas b\u0101ze \u201cKr\u0101ces\u201d tiek uzskat\u012bta par vienu no lab\u0101kaj\u0101m air\u0113\u0161anas b\u0101z\u0113m [&hellip;]<\/p>\n","protected":false},"author":35,"featured_media":0,"parent":0,"menu_order":0,"comment_status":"closed","ping_status":"closed","template":"","meta":{"_acf_changed":false,"site-sidebar-layout":"default","site-content-layout":"","ast-site-content-layout":"","site-content-style":"default","site-sidebar-style":"default","ast-global-header-display":"","ast-banner-title-visibility":"","ast-main-header-display":"","ast-hfb-above-header-display":"","ast-hfb-below-header-display":"","ast-hfb-mobile-header-display":"","site-post-title":"disabled","ast-breadcrumbs-content":"","ast-featured-img":"","footer-sml-layout":"","ast-disable-related-posts":"","theme-transparent-header-meta":"","adv-header-id-meta":"","stick-header-meta":"","header-above-stick-meta":"","header-main-stick-meta":"","header-below-stick-meta":"","astra-migrate-meta-layouts":"default","ast-page-background-enabled":"default","ast-page-background-meta":{"desktop":{"background-color":"var(--ast-global-color-5)","background-image":"","background-repeat":"repeat","background-position":"center center","background-size":"auto","background-attachment":"scroll","background-type":"","background-media":"","overlay-type":"","overlay-color":"","overlay-opacity":"","overlay-gradient":""},"tablet":{"background-color":"","background-image":"","background-repeat":"repeat","background-position":"center center","background-size":"auto","background-attachment":"scroll","background-type":"","background-media":"","overlay-type":"","overlay-color":"","overlay-opacity":"","overlay-gradient":""},"mobile":{"background-color":"","background-image":"","background-repeat":"repeat","background-position":"center center","background-size":"auto","background-attachment":"scroll","background-type":"","background-media":"","overlay-type":"","overlay-color":"","overlay-opacity":"","overlay-gradient":""}},"ast-content-background-meta":{"desktop":{"background-color":"var(--ast-global-color-4)","background-image":"","background-repeat":"repeat","background-position":"center center","background-size":"auto","background-attachment":"scroll","background-type":"","background-media":"","overlay-type":"","overlay-color":"","overlay-opacity":"","overlay-gradient":""},"tablet":{"background-color":"var(--ast-global-color-4)","background-image":"","background-repeat":"repeat","background-position":"center center","background-size":"auto","background-attachment":"scroll","background-type":"","background-media":"","overlay-type":"","overlay-color":"","overlay-opacity":"","overlay-gradient":""},"mobile":{"background-color":"var(--ast-global-color-4)","background-image":"","background-repeat":"repeat","background-position":"center center","background-size":"auto","background-attachment":"scroll","background-type":"","background-media":"","overlay-type":"","overlay-color":"","overlay-opacity":"","overlay-gradient":""}},"footnotes":""},"class_list":["post-221","page","type-page","status-publish","hentry"],"acf":[],"yoast_head":"<!-- This site is optimized with the Yoast SEO plugin v27.0 - https:\/\/yoast.com\/product\/yoast-seo-wordpress\/ -->\n<title>Air\u0113\u0161anas b\u0101ze &quot;Kr\u0101ces&quot; - Valmieras Sporta skola<\/title>\n<meta name=\"description\" content=\"Inform\u0101cija par Valmieras Sporta skolas air\u0113\u0161anas b\u0101zi &quot;Kr\u0101ces&quot;. Valmier\u0101, K\u0101pu iel\u0101 15.\" \/>\n<meta name=\"robots\" content=\"index, follow, max-snippet:-1, max-image-preview:large, max-video-preview:-1\" \/>\n<link rel=\"canonical\" href=\"https:\/\/izglitiba.valmierasnovads.lv\/valmierassportaskola\/airesanas-baze-kraces\/\" \/>\n<meta property=\"og:locale\" content=\"lv_LV\" \/>\n<meta property=\"og:type\" content=\"article\" \/>\n<meta property=\"og:title\" content=\"Air\u0113\u0161anas b\u0101ze &quot;Kr\u0101ces&quot; - Valmieras Sporta skola\" \/>\n<meta property=\"og:description\" content=\"Inform\u0101cija par Valmieras Sporta skolas air\u0113\u0161anas b\u0101zi &quot;Kr\u0101ces&quot;. Valmier\u0101, K\u0101pu iel\u0101 15.\" \/>\n<meta property=\"og:url\" content=\"https:\/\/izglitiba.valmierasnovads.lv\/valmierassportaskola\/airesanas-baze-kraces\/\" \/>\n<meta property=\"og:site_name\" content=\"Valmieras Sporta skola\" \/>\n<meta property=\"article:modified_time\" content=\"2025-10-14T10:02:17+00:00\" \/>\n<meta property=\"og:image\" content=\"https:\/\/izglitiba.valmierasnovads.lv\/valmierassportaskola\/wp-content\/uploads\/sites\/32\/2025\/08\/VOLEJBOLS-2.png\" \/>\n\t<meta property=\"og:image:width\" content=\"1312\" \/>\n\t<meta property=\"og:image:height\" content=\"499\" \/>\n\t<meta property=\"og:image:type\" content=\"image\/png\" \/>\n<meta name=\"twitter:card\" content=\"summary_large_image\" \/>\n<meta name=\"twitter:label1\" content=\"Est. reading time\" \/>\n\t<meta name=\"twitter:data1\" content=\"2 min\u016btes\" \/>\n<script type=\"application\/ld+json\" class=\"yoast-schema-graph\">{\"@context\":\"https:\/\/schema.org\",\"@graph\":[{\"@type\":\"WebPage\",\"@id\":\"https:\/\/izglitiba.valmierasnovads.lv\/valmierassportaskola\/airesanas-baze-kraces\/\",\"url\":\"https:\/\/izglitiba.valmierasnovads.lv\/valmierassportaskola\/airesanas-baze-kraces\/\",\"name\":\"Air\u0113\u0161anas b\u0101ze \\\"Kr\u0101ces\\\" - Valmieras Sporta skola\",\"isPartOf\":{\"@id\":\"https:\/\/izglitiba.valmierasnovads.lv\/valmierassportaskola\/#website\"},\"primaryImageOfPage\":{\"@id\":\"https:\/\/izglitiba.valmierasnovads.lv\/valmierassportaskola\/airesanas-baze-kraces\/#primaryimage\"},\"image\":{\"@id\":\"https:\/\/izglitiba.valmierasnovads.lv\/valmierassportaskola\/airesanas-baze-kraces\/#primaryimage\"},\"thumbnailUrl\":\"https:\/\/izglitiba.valmierasnovads.lv\/valmierassportaskola\/wp-content\/uploads\/sites\/32\/2025\/08\/VOLEJBOLS-2-1024x389.png\",\"datePublished\":\"2025-08-14T12:08:21+00:00\",\"dateModified\":\"2025-10-14T10:02:17+00:00\",\"description\":\"Inform\u0101cija par Valmieras Sporta skolas air\u0113\u0161anas b\u0101zi \\\"Kr\u0101ces\\\". Valmier\u0101, K\u0101pu iel\u0101 15.\",\"breadcrumb\":{\"@id\":\"https:\/\/izglitiba.valmierasnovads.lv\/valmierassportaskola\/airesanas-baze-kraces\/#breadcrumb\"},\"inLanguage\":\"lv-LV\",\"potentialAction\":[{\"@type\":\"ReadAction\",\"target\":[\"https:\/\/izglitiba.valmierasnovads.lv\/valmierassportaskola\/airesanas-baze-kraces\/\"]}]},{\"@type\":\"ImageObject\",\"inLanguage\":\"lv-LV\",\"@id\":\"https:\/\/izglitiba.valmierasnovads.lv\/valmierassportaskola\/airesanas-baze-kraces\/#primaryimage\",\"url\":\"https:\/\/izglitiba.valmierasnovads.lv\/valmierassportaskola\/wp-content\/uploads\/sites\/32\/2025\/08\/VOLEJBOLS-2.png\",\"contentUrl\":\"https:\/\/izglitiba.valmierasnovads.lv\/valmierassportaskola\/wp-content\/uploads\/sites\/32\/2025\/08\/VOLEJBOLS-2.png\",\"width\":1312,\"height\":499},{\"@type\":\"BreadcrumbList\",\"@id\":\"https:\/\/izglitiba.valmierasnovads.lv\/valmierassportaskola\/airesanas-baze-kraces\/#breadcrumb\",\"itemListElement\":[{\"@type\":\"ListItem\",\"position\":1,\"name\":\"Home\",\"item\":\"https:\/\/izglitiba.valmierasnovads.lv\/valmierassportaskola\/\"},{\"@type\":\"ListItem\",\"position\":2,\"name\":\"Air\u0113\u0161anas b\u0101ze &#8220;Kr\u0101ces&#8221;\"}]},{\"@type\":\"WebSite\",\"@id\":\"https:\/\/izglitiba.valmierasnovads.lv\/valmierassportaskola\/#website\",\"url\":\"https:\/\/izglitiba.valmierasnovads.lv\/valmierassportaskola\/\",\"name\":\"Valmieras Sporta skola\",\"description\":\"\",\"publisher\":{\"@id\":\"https:\/\/izglitiba.valmierasnovads.lv\/valmierassportaskola\/#organization\"},\"potentialAction\":[{\"@type\":\"SearchAction\",\"target\":{\"@type\":\"EntryPoint\",\"urlTemplate\":\"https:\/\/izglitiba.valmierasnovads.lv\/valmierassportaskola\/?s={search_term_string}\"},\"query-input\":{\"@type\":\"PropertyValueSpecification\",\"valueRequired\":true,\"valueName\":\"search_term_string\"}}],\"inLanguage\":\"lv-LV\"},{\"@type\":\"Organization\",\"@id\":\"https:\/\/izglitiba.valmierasnovads.lv\/valmierassportaskola\/#organization\",\"name\":\"Valmieras Sporta skola\",\"url\":\"https:\/\/izglitiba.valmierasnovads.lv\/valmierassportaskola\/\",\"logo\":{\"@type\":\"ImageObject\",\"inLanguage\":\"lv-LV\",\"@id\":\"https:\/\/izglitiba.valmierasnovads.lv\/valmierassportaskola\/#\/schema\/logo\/image\/\",\"url\":\"https:\/\/izglitiba.valmierasnovads.lv\/valmierassportaskola\/wp-content\/uploads\/sites\/32\/2025\/06\/cropped-Logo_Valmieras_sporta_skola_melns-1.png\",\"contentUrl\":\"https:\/\/izglitiba.valmierasnovads.lv\/valmierassportaskola\/wp-content\/uploads\/sites\/32\/2025\/06\/cropped-Logo_Valmieras_sporta_skola_melns-1.png\",\"width\":2354,\"height\":596,\"caption\":\"Valmieras Sporta skola\"},\"image\":{\"@id\":\"https:\/\/izglitiba.valmierasnovads.lv\/valmierassportaskola\/#\/schema\/logo\/image\/\"}}]}<\/script>\n<!-- \/ Yoast SEO plugin. -->","yoast_head_json":{"title":"Air\u0113\u0161anas b\u0101ze \"Kr\u0101ces\" - Valmieras Sporta skola","description":"Inform\u0101cija par Valmieras Sporta skolas air\u0113\u0161anas b\u0101zi \"Kr\u0101ces\". Valmier\u0101, K\u0101pu iel\u0101 15.","robots":{"index":"index","follow":"follow","max-snippet":"max-snippet:-1","max-image-preview":"max-image-preview:large","max-video-preview":"max-video-preview:-1"},"canonical":"https:\/\/izglitiba.valmierasnovads.lv\/valmierassportaskola\/airesanas-baze-kraces\/","og_locale":"lv_LV","og_type":"article","og_title":"Air\u0113\u0161anas b\u0101ze \"Kr\u0101ces\" - Valmieras Sporta skola","og_description":"Inform\u0101cija par Valmieras Sporta skolas air\u0113\u0161anas b\u0101zi \"Kr\u0101ces\". Valmier\u0101, K\u0101pu iel\u0101 15.","og_url":"https:\/\/izglitiba.valmierasnovads.lv\/valmierassportaskola\/airesanas-baze-kraces\/","og_site_name":"Valmieras Sporta skola","article_modified_time":"2025-10-14T10:02:17+00:00","og_image":[{"width":1312,"height":499,"url":"https:\/\/izglitiba.valmierasnovads.lv\/valmierassportaskola\/wp-content\/uploads\/sites\/32\/2025\/08\/VOLEJBOLS-2.png","type":"image\/png"}],"twitter_card":"summary_large_image","twitter_misc":{"Est. reading time":"2 min\u016btes"},"schema":{"@context":"https:\/\/schema.org","@graph":[{"@type":"WebPage","@id":"https:\/\/izglitiba.valmierasnovads.lv\/valmierassportaskola\/airesanas-baze-kraces\/","url":"https:\/\/izglitiba.valmierasnovads.lv\/valmierassportaskola\/airesanas-baze-kraces\/","name":"Air\u0113\u0161anas b\u0101ze \"Kr\u0101ces\" - Valmieras Sporta skola","isPartOf":{"@id":"https:\/\/izglitiba.valmierasnovads.lv\/valmierassportaskola\/#website"},"primaryImageOfPage":{"@id":"https:\/\/izglitiba.valmierasnovads.lv\/valmierassportaskola\/airesanas-baze-kraces\/#primaryimage"},"image":{"@id":"https:\/\/izglitiba.valmierasnovads.lv\/valmierassportaskola\/airesanas-baze-kraces\/#primaryimage"},"thumbnailUrl":"https:\/\/izglitiba.valmierasnovads.lv\/valmierassportaskola\/wp-content\/uploads\/sites\/32\/2025\/08\/VOLEJBOLS-2-1024x389.png","datePublished":"2025-08-14T12:08:21+00:00","dateModified":"2025-10-14T10:02:17+00:00","description":"Inform\u0101cija par Valmieras Sporta skolas air\u0113\u0161anas b\u0101zi \"Kr\u0101ces\". Valmier\u0101, K\u0101pu iel\u0101 15.","breadcrumb":{"@id":"https:\/\/izglitiba.valmierasnovads.lv\/valmierassportaskola\/airesanas-baze-kraces\/#breadcrumb"},"inLanguage":"lv-LV","potentialAction":[{"@type":"ReadAction","target":["https:\/\/izglitiba.valmierasnovads.lv\/valmierassportaskola\/airesanas-baze-kraces\/"]}]},{"@type":"ImageObject","inLanguage":"lv-LV","@id":"https:\/\/izglitiba.valmierasnovads.lv\/valmierassportaskola\/airesanas-baze-kraces\/#primaryimage","url":"https:\/\/izglitiba.valmierasnovads.lv\/valmierassportaskola\/wp-content\/uploads\/sites\/32\/2025\/08\/VOLEJBOLS-2.png","contentUrl":"https:\/\/izglitiba.valmierasnovads.lv\/valmierassportaskola\/wp-content\/uploads\/sites\/32\/2025\/08\/VOLEJBOLS-2.png","width":1312,"height":499},{"@type":"BreadcrumbList","@id":"https:\/\/izglitiba.valmierasnovads.lv\/valmierassportaskola\/airesanas-baze-kraces\/#breadcrumb","itemListElement":[{"@type":"ListItem","position":1,"name":"Home","item":"https:\/\/izglitiba.valmierasnovads.lv\/valmierassportaskola\/"},{"@type":"ListItem","position":2,"name":"Air\u0113\u0161anas b\u0101ze &#8220;Kr\u0101ces&#8221;"}]},{"@type":"WebSite","@id":"https:\/\/izglitiba.valmierasnovads.lv\/valmierassportaskola\/#website","url":"https:\/\/izglitiba.valmierasnovads.lv\/valmierassportaskola\/","name":"Valmieras Sporta skola","description":"","publisher":{"@id":"https:\/\/izglitiba.valmierasnovads.lv\/valmierassportaskola\/#organization"},"potentialAction":[{"@type":"SearchAction","target":{"@type":"EntryPoint","urlTemplate":"https:\/\/izglitiba.valmierasnovads.lv\/valmierassportaskola\/?s={search_term_string}"},"query-input":{"@type":"PropertyValueSpecification","valueRequired":true,"valueName":"search_term_string"}}],"inLanguage":"lv-LV"},{"@type":"Organization","@id":"https:\/\/izglitiba.valmierasnovads.lv\/valmierassportaskola\/#organization","name":"Valmieras Sporta skola","url":"https:\/\/izglitiba.valmierasnovads.lv\/valmierassportaskola\/","logo":{"@type":"ImageObject","inLanguage":"lv-LV","@id":"https:\/\/izglitiba.valmierasnovads.lv\/valmierassportaskola\/#\/schema\/logo\/image\/","url":"https:\/\/izglitiba.valmierasnovads.lv\/valmierassportaskola\/wp-content\/uploads\/sites\/32\/2025\/06\/cropped-Logo_Valmieras_sporta_skola_melns-1.png","contentUrl":"https:\/\/izglitiba.valmierasnovads.lv\/valmierassportaskola\/wp-content\/uploads\/sites\/32\/2025\/06\/cropped-Logo_Valmieras_sporta_skola_melns-1.png","width":2354,"height":596,"caption":"Valmieras Sporta skola"},"image":{"@id":"https:\/\/izglitiba.valmierasnovads.lv\/valmierassportaskola\/#\/schema\/logo\/image\/"}}]}},"_links":{"self":[{"href":"https:\/\/izglitiba.valmierasnovads.lv\/valmierassportaskola\/wp-json\/wp\/v2\/pages\/221","targetHints":{"allow":["GET"]}}],"collection":[{"href":"https:\/\/izglitiba.valmierasnovads.lv\/valmierassportaskola\/wp-json\/wp\/v2\/pages"}],"about":[{"href":"https:\/\/izglitiba.valmierasnovads.lv\/valmierassportaskola\/wp-json\/wp\/v2\/types\/page"}],"author":[{"embeddable":true,"href":"https:\/\/izglitiba.valmierasnovads.lv\/valmierassportaskola\/wp-json\/wp\/v2\/users\/35"}],"replies":[{"embeddable":true,"href":"https:\/\/izglitiba.valmierasnovads.lv\/valmierassportaskola\/wp-json\/wp\/v2\/comments?post=221"}],"version-history":[{"count":6,"href":"https:\/\/izglitiba.valmierasnovads.lv\/valmierassportaskola\/wp-json\/wp\/v2\/pages\/221\/revisions"}],"predecessor-version":[{"id":746,"href":"https:\/\/izglitiba.valmierasnovads.lv\/valmierassportaskola\/wp-json\/wp\/v2\/pages\/221\/revisions\/746"}],"wp:attachment":[{"href":"https:\/\/izglitiba.valmierasnovads.lv\/valmierassportaskola\/wp-json\/wp\/v2\/media?parent=221"}],"curies":[{"name":"wp","href":"https:\/\/api.w.org\/{rel}","templated":true}]}}