{"id":224,"date":"2025-08-14T15:51:37","date_gmt":"2025-08-14T12:51:37","guid":{"rendered":"https:\/\/izglitiba.valmierasnovads.lv\/valmierassportaskola\/?page_id=224"},"modified":"2026-02-24T14:38:20","modified_gmt":"2026-02-24T12:38:20","slug":"veselibas-punkts","status":"publish","type":"page","link":"https:\/\/izglitiba.valmierasnovads.lv\/valmierassportaskola\/veselibas-punkts\/","title":{"rendered":"Vesel\u012bbas punkts"},"content":{"rendered":"\n<figure class=\"wp-block-image aligncenter size-large\"><img loading=\"lazy\" decoding=\"async\" width=\"1024\" height=\"389\" src=\"https:\/\/izglitiba.valmierasnovads.lv\/valmierassportaskola\/wp-content\/uploads\/sites\/32\/2025\/08\/VOLEJBOLS-1-1-1024x389.png\" alt=\"\" class=\"wp-image-264\" srcset=\"https:\/\/izglitiba.valmierasnovads.lv\/valmierassportaskola\/wp-content\/uploads\/sites\/32\/2025\/08\/VOLEJBOLS-1-1-1024x389.png 1024w, https:\/\/izglitiba.valmierasnovads.lv\/valmierassportaskola\/wp-content\/uploads\/sites\/32\/2025\/08\/VOLEJBOLS-1-1-300x114.png 300w, https:\/\/izglitiba.valmierasnovads.lv\/valmierassportaskola\/wp-content\/uploads\/sites\/32\/2025\/08\/VOLEJBOLS-1-1-768x292.png 768w, https:\/\/izglitiba.valmierasnovads.lv\/valmierassportaskola\/wp-content\/uploads\/sites\/32\/2025\/08\/VOLEJBOLS-1-1.png 1312w\" sizes=\"auto, (max-width: 1024px) 100vw, 1024px\" \/><\/figure>\n\n\n<style>.wp-block-kadence-advancedheading.kt-adv-heading224_bca97f-56, .wp-block-kadence-advancedheading.kt-adv-heading224_bca97f-56[data-kb-block=\"kb-adv-heading224_bca97f-56\"]{font-style:normal;}.wp-block-kadence-advancedheading.kt-adv-heading224_bca97f-56 mark.kt-highlight, .wp-block-kadence-advancedheading.kt-adv-heading224_bca97f-56[data-kb-block=\"kb-adv-heading224_bca97f-56\"] mark.kt-highlight{font-style:normal;color:#f76a0c;-webkit-box-decoration-break:clone;box-decoration-break:clone;padding-top:0px;padding-right:0px;padding-bottom:0px;padding-left:0px;}.wp-block-kadence-advancedheading.kt-adv-heading224_bca97f-56 img.kb-inline-image, .wp-block-kadence-advancedheading.kt-adv-heading224_bca97f-56[data-kb-block=\"kb-adv-heading224_bca97f-56\"] img.kb-inline-image{width:150px;vertical-align:baseline;}<\/style>\n<h4 class=\"kt-adv-heading224_bca97f-56 wp-block-kadence-advancedheading\" data-kb-block=\"kb-adv-heading224_bca97f-56\">Valmieras Sporta skolas Vesel\u012bbas punkta kontaktinform\u0101cija:<\/h4>\n\n\n<style>.wp-block-kadence-advancedheading.kt-adv-heading224_672914-d5, .wp-block-kadence-advancedheading.kt-adv-heading224_672914-d5[data-kb-block=\"kb-adv-heading224_672914-d5\"]{font-style:normal;}.wp-block-kadence-advancedheading.kt-adv-heading224_672914-d5 mark.kt-highlight, .wp-block-kadence-advancedheading.kt-adv-heading224_672914-d5[data-kb-block=\"kb-adv-heading224_672914-d5\"] mark.kt-highlight{font-style:normal;color:#f76a0c;-webkit-box-decoration-break:clone;box-decoration-break:clone;padding-top:0px;padding-right:0px;padding-bottom:0px;padding-left:0px;}.wp-block-kadence-advancedheading.kt-adv-heading224_672914-d5 img.kb-inline-image, .wp-block-kadence-advancedheading.kt-adv-heading224_672914-d5[data-kb-block=\"kb-adv-heading224_672914-d5\"] img.kb-inline-image{width:150px;vertical-align:baseline;}<\/style>\n<div class=\"kt-adv-heading224_672914-d5 wp-block-kadence-advancedheading\" data-kb-block=\"kb-adv-heading224_672914-d5\">\u0100rstniec\u012bbas iest\u0101des re\u0123istra kods: 250000140<br>Adrese: J\u0101\u0146a Dali\u0146a iela 2, Valmiera, Valmieras novads, LV-4201<br>T\u0101lrunis: 25437717 (VSS medm\u0101sa)<br>E-pasts: igors.viksne@valmiera.edu.lv<br>Valmieras Sporta skolas Vesel\u012bbas punkts atrodas J\u0101\u0146a Dali\u0146a stadiona vieglatl\u0113tikas man\u0113\u017eas telp\u0101s. Iest\u0101d\u0113 ir nodro\u0161in\u0101ta vides pieejam\u012bba person\u0101m ar kust\u012bbu trauc\u0113jumiem, kur\u0101m patst\u0101v\u012bgi iesp\u0113jams iek\u013c\u016bt iest\u0101d\u0113 pa A ieejas vai B ieejas durv\u012bm un, izmantojot liftu, nok\u013c\u016bt Vesel\u012bbas punkt\u0101.<br>Iest\u0101d\u0113 ir pieejamas vair\u0101kas labier\u012bc\u012bbas, kas paredz\u0113tas person\u0101m ar kust\u012bbu trauc\u0113jumiem.<br>L\u016bdzam personas ar kust\u012bbu&nbsp; trauc\u0113jumiem viz\u012bti Vesel\u012bbas punkt\u0101 pieteikt pirms apmekl\u0113juma pa t\u0101lr. 25437717, lai atbild\u012bgais darbinieks noorganiz\u0113tu Jums \u0113rtu pakalpojuma sa\u0146em\u0161anu.<\/div>\n\n\n<style>.wp-block-kadence-advancedheading.kt-adv-heading224_734520-3b, .wp-block-kadence-advancedheading.kt-adv-heading224_734520-3b[data-kb-block=\"kb-adv-heading224_734520-3b\"]{text-align:center;font-style:normal;}.wp-block-kadence-advancedheading.kt-adv-heading224_734520-3b mark.kt-highlight, .wp-block-kadence-advancedheading.kt-adv-heading224_734520-3b[data-kb-block=\"kb-adv-heading224_734520-3b\"] mark.kt-highlight{font-style:normal;color:#f76a0c;-webkit-box-decoration-break:clone;box-decoration-break:clone;padding-top:0px;padding-right:0px;padding-bottom:0px;padding-left:0px;}.wp-block-kadence-advancedheading.kt-adv-heading224_734520-3b img.kb-inline-image, .wp-block-kadence-advancedheading.kt-adv-heading224_734520-3b[data-kb-block=\"kb-adv-heading224_734520-3b\"] img.kb-inline-image{width:150px;vertical-align:baseline;}<\/style>\n<h4 class=\"kt-adv-heading224_734520-3b wp-block-kadence-advancedheading\" data-kb-block=\"kb-adv-heading224_734520-3b\">Padzi\u013cin\u0101t\u0101s profilaktisk\u0101s medic\u012bnisk\u0101s p\u0101rbaudes Valmieras Sporta skolas audz\u0113k\u0146iem<\/h4>\n\n\n<style>.wp-block-kadence-advancedheading.kt-adv-heading224_ab6ba8-f6, .wp-block-kadence-advancedheading.kt-adv-heading224_ab6ba8-f6[data-kb-block=\"kb-adv-heading224_ab6ba8-f6\"]{text-align:left;font-style:normal;}.wp-block-kadence-advancedheading.kt-adv-heading224_ab6ba8-f6 mark.kt-highlight, .wp-block-kadence-advancedheading.kt-adv-heading224_ab6ba8-f6[data-kb-block=\"kb-adv-heading224_ab6ba8-f6\"] mark.kt-highlight{font-style:normal;color:#f76a0c;-webkit-box-decoration-break:clone;box-decoration-break:clone;padding-top:0px;padding-right:0px;padding-bottom:0px;padding-left:0px;}.wp-block-kadence-advancedheading.kt-adv-heading224_ab6ba8-f6 img.kb-inline-image, .wp-block-kadence-advancedheading.kt-adv-heading224_ab6ba8-f6[data-kb-block=\"kb-adv-heading224_ab6ba8-f6\"] img.kb-inline-image{width:150px;vertical-align:baseline;}<\/style>\n<div class=\"kt-adv-heading224_ab6ba8-f6 wp-block-kadence-advancedheading\" data-kb-block=\"kb-adv-heading224_ab6ba8-f6\">Atbilsto\u0161i Ministru kabineta 2016. gada 6. septembra noteikumiem Nr. 594 \u201eSportistu un b\u0113rnu ar paaugstin\u0101tu fizisko slodzi vesel\u012bbas apr\u016bpes un medic\u012bnisk\u0101s uzraudz\u012bbas k\u0101rt\u012bba\u201d, sporta izgl\u012bt\u012bbas iest\u0101d\u0113 at\u013cauts tren\u0113ties sportistiem un b\u0113rniem ar paaugstin\u0101tu fizisko slodzi, kuriem reizi kalend\u0101raj\u0101 gad\u0101 ir veiktas padzi\u013cin\u0101t\u0101s profilaktisk\u0101s medic\u012bnisk\u0101s vesel\u012bbas p\u0101rbaudes.<br>Valmieras Sporta skolas (turpm\u0101k\u2013VSS) audz\u0113k\u0146iem no 10 gadu vecuma (dai\u013cslido\u0161an\u0101 no 8 gadu vecuma) \u0161\u012bs p\u0101rbaudes sadarb\u012bb\u0101 ar VOC Sporta Vesel\u012bbas centru un B\u0113rnu kl\u012bnisk\u0101s universit\u0101tes slimn\u012bcu veic VSS sporta \u0101rsts un medic\u012bnas m\u0101sa bez maksas.<\/div>\n\n\n\n<p><\/p>\n\n\n\n<p><strong>P\u0101rbaude ietver:<\/strong><\/p>\n\n\n\n<ul class=\"wp-block-list\">\n<li>sporta \u0101rsta konsult\u0101ciju;<\/li>\n\n\n\n<li>pirms viz\u012btes veiktas pilnas asins ainas un ur\u012bna anal\u012bzes izv\u0113rt\u0113jumu;<\/li>\n\n\n\n<li>redzes p\u0101rbaudi<\/li>\n\n\n\n<li>fizisko un funkcion\u0101lo sp\u0113ju noteik\u0161anu p\u0113c EUROFIT metodes;<\/li>\n\n\n\n<li>fizisk\u0101s slodzes testu ar elektrokardiogr\u0101fijas 12 novad\u012bjumu pierakstu pirms un p\u0113c slodzes.<\/li>\n<\/ul>\n\n\n\n<p>Konsult\u0101cijas laik\u0101 \u0101rsts veic elektrokardiogrammu (EKG). \u0160is izmekl\u0113jums notiek, pacientam atrodoties gu\u013cus st\u0101vokl\u012b ar atkailin\u0101tu kr\u016b\u0161kurvi elektrodu pievieno\u0161anai.<br>Lai sporta \u0101rsts var\u0113tu pilnv\u0113rt\u012bgi izv\u0113rt\u0113t b\u0113rna fizisko att\u012bst\u012bbu, pirms p\u0101rbaudes\u00a0 nepiecie\u0161ams veikt ar\u012b laboratoriskos izmekl\u0113jumus (pilna asins aina bez EG\u0100 un ur\u012bna anal\u012bze). Ar \u0101rsta nos\u016bt\u012bjumu \u0161\u012bs anal\u012bzes tiek veiktas bez maksas un vec\u0101kiem ir iesp\u0113ja jau pirms konsult\u0101cijas sa\u0146emt \u0101rsta nos\u016bt\u012bjumu anal\u012bz\u0113m. P\u0101rbaudes tiek veiktas darba laik\u0101 p\u0113c iepriek\u0161\u0113ja pieraksta.<\/p>\n\n\n\n<p><strong>Sportistam uz medic\u012bnisko p\u0101rbaudi l\u012bdzi j\u0101\u0146em:<\/strong><\/p>\n\n\n\n<ul class=\"wp-block-list\">\n<li>Personu apliecino\u0161s dokuments;<\/li>\n\n\n\n<li>B\u0113rna likumiskam p\u0101rst\u0101vim dokuments, kas apliecina ties\u012bbas p\u0101rst\u0101v\u0113t b\u0113rna intereses;<\/li>\n\n\n\n<li>Visu iepriek\u0161 veikto izmekl\u0113jumu rezult\u0101tus, tostarp anal\u012b\u017eu rezult\u0101tus;<\/li>\n\n\n\n<li>Sporta t\u0113rpu;<\/li>\n\n\n\n<li>Dzeramo \u016bdeni.<\/li>\n<\/ul>\n\n\n\n<p class=\"has-text-align-center\"><strong>Aicin\u0101m vec\u0101kus b\u016bt atbild\u012bgiem par savu b\u0113rnu vesel\u012bbu un sekot, lai jaunie sportisti regul\u0101ri veiktu padzi\u013cin\u0101t\u0101s profilaktisk\u0101s medic\u012bnisk\u0101s vesel\u012bbas p\u0101rbaudes!<\/strong><\/p>\n\n\n<style>.wp-block-kadence-advancedheading.kt-adv-heading224_b6e7c0-c5, .wp-block-kadence-advancedheading.kt-adv-heading224_b6e7c0-c5[data-kb-block=\"kb-adv-heading224_b6e7c0-c5\"]{text-align:center;font-style:normal;}.wp-block-kadence-advancedheading.kt-adv-heading224_b6e7c0-c5 mark.kt-highlight, .wp-block-kadence-advancedheading.kt-adv-heading224_b6e7c0-c5[data-kb-block=\"kb-adv-heading224_b6e7c0-c5\"] mark.kt-highlight{font-style:normal;color:#f76a0c;-webkit-box-decoration-break:clone;box-decoration-break:clone;padding-top:0px;padding-right:0px;padding-bottom:0px;padding-left:0px;}.wp-block-kadence-advancedheading.kt-adv-heading224_b6e7c0-c5 img.kb-inline-image, .wp-block-kadence-advancedheading.kt-adv-heading224_b6e7c0-c5[data-kb-block=\"kb-adv-heading224_b6e7c0-c5\"] img.kb-inline-image{width:150px;vertical-align:baseline;}<\/style>\n<h4 class=\"kt-adv-heading224_b6e7c0-c5 wp-block-kadence-advancedheading\" data-kb-block=\"kb-adv-heading224_b6e7c0-c5\">Valmieras Sporta skolas audz\u0113k\u0146u vesel\u012bbas uzraudz\u012bba Sporta Vesel\u012bbas centr\u0101<\/h4>\n\n\n\n<p>Valmieras Olimpisk\u0101 centra Sporta Vesel\u012bbas centr\u0101 ar Valmieras novada pa\u0161vald\u012bbas atbalstu Valmieras Sporta skolas audz\u0113k\u0146iem ir pieejama speci\u0101listu pal\u012bdz\u012bba ak\u016btu sporta traumu gad\u012bjum\u0101 treni\u0146u vai sacens\u012bbu laik\u0101.<\/p>\n\n\n\n<p>Papildus SVC speci\u0101listu atbalsts bud\u017eeta ietvaros pieejams ar\u012b audz\u0113k\u0146iem no 14 gadu vecuma, kuri atbilst \u0161iem krit\u0113rijiem priorit\u0101r\u0101 sec\u012bb\u0101:<\/p>\n\n\n\n<ul class=\"wp-block-list\">\n<li>Valmieras Sporta vien\u012bba \/ AKSSC<\/li>\n\n\n\n<li>Latvijas izla\u0161u dal\u012bbnieki<\/li>\n\n\n\n<li>Latvijas izla\u0161u kandid\u0101ti<\/li>\n\n\n\n<li>1. &#8211; 6. vieta Latvijas \u010dempion\u0101tos<\/li>\n\n\n\n<li><em>Komandu sporta veidos &#8211; tikai rezultat\u012bv\u0101kie sp\u0113l\u0113t\u0101ji no komandas<\/em><\/li>\n<\/ul>\n\n\n\n<p class=\"has-text-align-center\">Sporta Vesel\u012bbas centra kontaktt\u0101lrunis:<br>\ud83d\udcde +371 29721191<br>\ud83d\udce7 svc@valmieraspeldbaseins.lv<\/p>\n\n\n\n<p><\/p>\n","protected":false},"excerpt":{"rendered":"<p>Valmieras Sporta skolas Vesel\u012bbas punkta kontaktinform\u0101cija: \u0100rstniec\u012bbas iest\u0101des re\u0123istra kods: 250000140Adrese: J\u0101\u0146a Dali\u0146a iela 2, Valmiera, Valmieras novads, LV-4201T\u0101lrunis: 25437717 [&hellip;]<\/p>\n","protected":false},"author":35,"featured_media":0,"parent":0,"menu_order":0,"comment_status":"closed","ping_status":"closed","template":"","meta":{"_acf_changed":false,"site-sidebar-layout":"default","site-content-layout":"","ast-site-content-layout":"","site-content-style":"default","site-sidebar-style":"default","ast-global-header-display":"","ast-banner-title-visibility":"","ast-main-header-display":"","ast-hfb-above-header-display":"","ast-hfb-below-header-display":"","ast-hfb-mobile-header-display":"","site-post-title":"disabled","ast-breadcrumbs-content":"","ast-featured-img":"","footer-sml-layout":"","ast-disable-related-posts":"","theme-transparent-header-meta":"","adv-header-id-meta":"","stick-header-meta":"","header-above-stick-meta":"","header-main-stick-meta":"","header-below-stick-meta":"","astra-migrate-meta-layouts":"default","ast-page-background-enabled":"default","ast-page-background-meta":{"desktop":{"background-color":"var(--ast-global-color-5)","background-image":"","background-repeat":"repeat","background-position":"center center","background-size":"auto","background-attachment":"scroll","background-type":"","background-media":"","overlay-type":"","overlay-color":"","overlay-opacity":"","overlay-gradient":""},"tablet":{"background-color":"","background-image":"","background-repeat":"repeat","background-position":"center center","background-size":"auto","background-attachment":"scroll","background-type":"","background-media":"","overlay-type":"","overlay-color":"","overlay-opacity":"","overlay-gradient":""},"mobile":{"background-color":"","background-image":"","background-repeat":"repeat","background-position":"center center","background-size":"auto","background-attachment":"scroll","background-type":"","background-media":"","overlay-type":"","overlay-color":"","overlay-opacity":"","overlay-gradient":""}},"ast-content-background-meta":{"desktop":{"background-color":"var(--ast-global-color-4)","background-image":"","background-repeat":"repeat","background-position":"center center","background-size":"auto","background-attachment":"scroll","background-type":"","background-media":"","overlay-type":"","overlay-color":"","overlay-opacity":"","overlay-gradient":""},"tablet":{"background-color":"var(--ast-global-color-4)","background-image":"","background-repeat":"repeat","background-position":"center center","background-size":"auto","background-attachment":"scroll","background-type":"","background-media":"","overlay-type":"","overlay-color":"","overlay-opacity":"","overlay-gradient":""},"mobile":{"background-color":"var(--ast-global-color-4)","background-image":"","background-repeat":"repeat","background-position":"center center","background-size":"auto","background-attachment":"scroll","background-type":"","background-media":"","overlay-type":"","overlay-color":"","overlay-opacity":"","overlay-gradient":""}},"footnotes":""},"class_list":["post-224","page","type-page","status-publish","hentry"],"acf":[],"yoast_head":"<!-- This site is optimized with the Yoast SEO plugin v27.0 - https:\/\/yoast.com\/product\/yoast-seo-wordpress\/ -->\n<title>Vesel\u012bbas punkts - Valmieras Sporta skola<\/title>\n<meta name=\"description\" content=\"Valmieras Sporta skolas vesel\u012bbas punkts\" \/>\n<meta name=\"robots\" content=\"index, follow, max-snippet:-1, max-image-preview:large, max-video-preview:-1\" \/>\n<link rel=\"canonical\" href=\"https:\/\/izglitiba.valmierasnovads.lv\/valmierassportaskola\/veselibas-punkts\/\" \/>\n<meta property=\"og:locale\" content=\"lv_LV\" \/>\n<meta property=\"og:type\" content=\"article\" \/>\n<meta property=\"og:title\" content=\"Vesel\u012bbas punkts - Valmieras Sporta skola\" \/>\n<meta property=\"og:description\" content=\"Valmieras Sporta skolas vesel\u012bbas punkts\" \/>\n<meta property=\"og:url\" content=\"https:\/\/izglitiba.valmierasnovads.lv\/valmierassportaskola\/veselibas-punkts\/\" \/>\n<meta property=\"og:site_name\" content=\"Valmieras Sporta skola\" \/>\n<meta property=\"article:modified_time\" content=\"2026-02-24T12:38:20+00:00\" \/>\n<meta property=\"og:image\" content=\"https:\/\/izglitiba.valmierasnovads.lv\/valmierassportaskola\/wp-content\/uploads\/sites\/32\/2025\/08\/VOLEJBOLS-1-1.png\" \/>\n\t<meta property=\"og:image:width\" content=\"1312\" \/>\n\t<meta property=\"og:image:height\" content=\"499\" \/>\n\t<meta property=\"og:image:type\" content=\"image\/png\" \/>\n<meta name=\"twitter:card\" content=\"summary_large_image\" \/>\n<meta name=\"twitter:label1\" content=\"Est. reading time\" \/>\n\t<meta name=\"twitter:data1\" content=\"3 min\u016btes\" \/>\n<script type=\"application\/ld+json\" class=\"yoast-schema-graph\">{\"@context\":\"https:\/\/schema.org\",\"@graph\":[{\"@type\":\"WebPage\",\"@id\":\"https:\/\/izglitiba.valmierasnovads.lv\/valmierassportaskola\/veselibas-punkts\/\",\"url\":\"https:\/\/izglitiba.valmierasnovads.lv\/valmierassportaskola\/veselibas-punkts\/\",\"name\":\"Vesel\u012bbas punkts - Valmieras Sporta skola\",\"isPartOf\":{\"@id\":\"https:\/\/izglitiba.valmierasnovads.lv\/valmierassportaskola\/#website\"},\"primaryImageOfPage\":{\"@id\":\"https:\/\/izglitiba.valmierasnovads.lv\/valmierassportaskola\/veselibas-punkts\/#primaryimage\"},\"image\":{\"@id\":\"https:\/\/izglitiba.valmierasnovads.lv\/valmierassportaskola\/veselibas-punkts\/#primaryimage\"},\"thumbnailUrl\":\"https:\/\/izglitiba.valmierasnovads.lv\/valmierassportaskola\/wp-content\/uploads\/sites\/32\/2025\/08\/VOLEJBOLS-1-1-1024x389.png\",\"datePublished\":\"2025-08-14T12:51:37+00:00\",\"dateModified\":\"2026-02-24T12:38:20+00:00\",\"description\":\"Valmieras Sporta skolas vesel\u012bbas punkts\",\"breadcrumb\":{\"@id\":\"https:\/\/izglitiba.valmierasnovads.lv\/valmierassportaskola\/veselibas-punkts\/#breadcrumb\"},\"inLanguage\":\"lv-LV\",\"potentialAction\":[{\"@type\":\"ReadAction\",\"target\":[\"https:\/\/izglitiba.valmierasnovads.lv\/valmierassportaskola\/veselibas-punkts\/\"]}]},{\"@type\":\"ImageObject\",\"inLanguage\":\"lv-LV\",\"@id\":\"https:\/\/izglitiba.valmierasnovads.lv\/valmierassportaskola\/veselibas-punkts\/#primaryimage\",\"url\":\"https:\/\/izglitiba.valmierasnovads.lv\/valmierassportaskola\/wp-content\/uploads\/sites\/32\/2025\/08\/VOLEJBOLS-1-1.png\",\"contentUrl\":\"https:\/\/izglitiba.valmierasnovads.lv\/valmierassportaskola\/wp-content\/uploads\/sites\/32\/2025\/08\/VOLEJBOLS-1-1.png\",\"width\":1312,\"height\":499},{\"@type\":\"BreadcrumbList\",\"@id\":\"https:\/\/izglitiba.valmierasnovads.lv\/valmierassportaskola\/veselibas-punkts\/#breadcrumb\",\"itemListElement\":[{\"@type\":\"ListItem\",\"position\":1,\"name\":\"Home\",\"item\":\"https:\/\/izglitiba.valmierasnovads.lv\/valmierassportaskola\/\"},{\"@type\":\"ListItem\",\"position\":2,\"name\":\"Vesel\u012bbas punkts\"}]},{\"@type\":\"WebSite\",\"@id\":\"https:\/\/izglitiba.valmierasnovads.lv\/valmierassportaskola\/#website\",\"url\":\"https:\/\/izglitiba.valmierasnovads.lv\/valmierassportaskola\/\",\"name\":\"Valmieras Sporta skola\",\"description\":\"\",\"publisher\":{\"@id\":\"https:\/\/izglitiba.valmierasnovads.lv\/valmierassportaskola\/#organization\"},\"potentialAction\":[{\"@type\":\"SearchAction\",\"target\":{\"@type\":\"EntryPoint\",\"urlTemplate\":\"https:\/\/izglitiba.valmierasnovads.lv\/valmierassportaskola\/?s={search_term_string}\"},\"query-input\":{\"@type\":\"PropertyValueSpecification\",\"valueRequired\":true,\"valueName\":\"search_term_string\"}}],\"inLanguage\":\"lv-LV\"},{\"@type\":\"Organization\",\"@id\":\"https:\/\/izglitiba.valmierasnovads.lv\/valmierassportaskola\/#organization\",\"name\":\"Valmieras Sporta skola\",\"url\":\"https:\/\/izglitiba.valmierasnovads.lv\/valmierassportaskola\/\",\"logo\":{\"@type\":\"ImageObject\",\"inLanguage\":\"lv-LV\",\"@id\":\"https:\/\/izglitiba.valmierasnovads.lv\/valmierassportaskola\/#\/schema\/logo\/image\/\",\"url\":\"https:\/\/izglitiba.valmierasnovads.lv\/valmierassportaskola\/wp-content\/uploads\/sites\/32\/2025\/06\/cropped-Logo_Valmieras_sporta_skola_melns-1.png\",\"contentUrl\":\"https:\/\/izglitiba.valmierasnovads.lv\/valmierassportaskola\/wp-content\/uploads\/sites\/32\/2025\/06\/cropped-Logo_Valmieras_sporta_skola_melns-1.png\",\"width\":2354,\"height\":596,\"caption\":\"Valmieras Sporta skola\"},\"image\":{\"@id\":\"https:\/\/izglitiba.valmierasnovads.lv\/valmierassportaskola\/#\/schema\/logo\/image\/\"}}]}<\/script>\n<!-- \/ Yoast SEO plugin. -->","yoast_head_json":{"title":"Vesel\u012bbas punkts - Valmieras Sporta skola","description":"Valmieras Sporta skolas vesel\u012bbas punkts","robots":{"index":"index","follow":"follow","max-snippet":"max-snippet:-1","max-image-preview":"max-image-preview:large","max-video-preview":"max-video-preview:-1"},"canonical":"https:\/\/izglitiba.valmierasnovads.lv\/valmierassportaskola\/veselibas-punkts\/","og_locale":"lv_LV","og_type":"article","og_title":"Vesel\u012bbas punkts - Valmieras Sporta skola","og_description":"Valmieras Sporta skolas vesel\u012bbas punkts","og_url":"https:\/\/izglitiba.valmierasnovads.lv\/valmierassportaskola\/veselibas-punkts\/","og_site_name":"Valmieras Sporta skola","article_modified_time":"2026-02-24T12:38:20+00:00","og_image":[{"width":1312,"height":499,"url":"https:\/\/izglitiba.valmierasnovads.lv\/valmierassportaskola\/wp-content\/uploads\/sites\/32\/2025\/08\/VOLEJBOLS-1-1.png","type":"image\/png"}],"twitter_card":"summary_large_image","twitter_misc":{"Est. reading time":"3 min\u016btes"},"schema":{"@context":"https:\/\/schema.org","@graph":[{"@type":"WebPage","@id":"https:\/\/izglitiba.valmierasnovads.lv\/valmierassportaskola\/veselibas-punkts\/","url":"https:\/\/izglitiba.valmierasnovads.lv\/valmierassportaskola\/veselibas-punkts\/","name":"Vesel\u012bbas punkts - Valmieras Sporta skola","isPartOf":{"@id":"https:\/\/izglitiba.valmierasnovads.lv\/valmierassportaskola\/#website"},"primaryImageOfPage":{"@id":"https:\/\/izglitiba.valmierasnovads.lv\/valmierassportaskola\/veselibas-punkts\/#primaryimage"},"image":{"@id":"https:\/\/izglitiba.valmierasnovads.lv\/valmierassportaskola\/veselibas-punkts\/#primaryimage"},"thumbnailUrl":"https:\/\/izglitiba.valmierasnovads.lv\/valmierassportaskola\/wp-content\/uploads\/sites\/32\/2025\/08\/VOLEJBOLS-1-1-1024x389.png","datePublished":"2025-08-14T12:51:37+00:00","dateModified":"2026-02-24T12:38:20+00:00","description":"Valmieras Sporta skolas vesel\u012bbas punkts","breadcrumb":{"@id":"https:\/\/izglitiba.valmierasnovads.lv\/valmierassportaskola\/veselibas-punkts\/#breadcrumb"},"inLanguage":"lv-LV","potentialAction":[{"@type":"ReadAction","target":["https:\/\/izglitiba.valmierasnovads.lv\/valmierassportaskola\/veselibas-punkts\/"]}]},{"@type":"ImageObject","inLanguage":"lv-LV","@id":"https:\/\/izglitiba.valmierasnovads.lv\/valmierassportaskola\/veselibas-punkts\/#primaryimage","url":"https:\/\/izglitiba.valmierasnovads.lv\/valmierassportaskola\/wp-content\/uploads\/sites\/32\/2025\/08\/VOLEJBOLS-1-1.png","contentUrl":"https:\/\/izglitiba.valmierasnovads.lv\/valmierassportaskola\/wp-content\/uploads\/sites\/32\/2025\/08\/VOLEJBOLS-1-1.png","width":1312,"height":499},{"@type":"BreadcrumbList","@id":"https:\/\/izglitiba.valmierasnovads.lv\/valmierassportaskola\/veselibas-punkts\/#breadcrumb","itemListElement":[{"@type":"ListItem","position":1,"name":"Home","item":"https:\/\/izglitiba.valmierasnovads.lv\/valmierassportaskola\/"},{"@type":"ListItem","position":2,"name":"Vesel\u012bbas punkts"}]},{"@type":"WebSite","@id":"https:\/\/izglitiba.valmierasnovads.lv\/valmierassportaskola\/#website","url":"https:\/\/izglitiba.valmierasnovads.lv\/valmierassportaskola\/","name":"Valmieras Sporta skola","description":"","publisher":{"@id":"https:\/\/izglitiba.valmierasnovads.lv\/valmierassportaskola\/#organization"},"potentialAction":[{"@type":"SearchAction","target":{"@type":"EntryPoint","urlTemplate":"https:\/\/izglitiba.valmierasnovads.lv\/valmierassportaskola\/?s={search_term_string}"},"query-input":{"@type":"PropertyValueSpecification","valueRequired":true,"valueName":"search_term_string"}}],"inLanguage":"lv-LV"},{"@type":"Organization","@id":"https:\/\/izglitiba.valmierasnovads.lv\/valmierassportaskola\/#organization","name":"Valmieras Sporta skola","url":"https:\/\/izglitiba.valmierasnovads.lv\/valmierassportaskola\/","logo":{"@type":"ImageObject","inLanguage":"lv-LV","@id":"https:\/\/izglitiba.valmierasnovads.lv\/valmierassportaskola\/#\/schema\/logo\/image\/","url":"https:\/\/izglitiba.valmierasnovads.lv\/valmierassportaskola\/wp-content\/uploads\/sites\/32\/2025\/06\/cropped-Logo_Valmieras_sporta_skola_melns-1.png","contentUrl":"https:\/\/izglitiba.valmierasnovads.lv\/valmierassportaskola\/wp-content\/uploads\/sites\/32\/2025\/06\/cropped-Logo_Valmieras_sporta_skola_melns-1.png","width":2354,"height":596,"caption":"Valmieras Sporta skola"},"image":{"@id":"https:\/\/izglitiba.valmierasnovads.lv\/valmierassportaskola\/#\/schema\/logo\/image\/"}}]}},"_links":{"self":[{"href":"https:\/\/izglitiba.valmierasnovads.lv\/valmierassportaskola\/wp-json\/wp\/v2\/pages\/224","targetHints":{"allow":["GET"]}}],"collection":[{"href":"https:\/\/izglitiba.valmierasnovads.lv\/valmierassportaskola\/wp-json\/wp\/v2\/pages"}],"about":[{"href":"https:\/\/izglitiba.valmierasnovads.lv\/valmierassportaskola\/wp-json\/wp\/v2\/types\/page"}],"author":[{"embeddable":true,"href":"https:\/\/izglitiba.valmierasnovads.lv\/valmierassportaskola\/wp-json\/wp\/v2\/users\/35"}],"replies":[{"embeddable":true,"href":"https:\/\/izglitiba.valmierasnovads.lv\/valmierassportaskola\/wp-json\/wp\/v2\/comments?post=224"}],"version-history":[{"count":9,"href":"https:\/\/izglitiba.valmierasnovads.lv\/valmierassportaskola\/wp-json\/wp\/v2\/pages\/224\/revisions"}],"predecessor-version":[{"id":1604,"href":"https:\/\/izglitiba.valmierasnovads.lv\/valmierassportaskola\/wp-json\/wp\/v2\/pages\/224\/revisions\/1604"}],"wp:attachment":[{"href":"https:\/\/izglitiba.valmierasnovads.lv\/valmierassportaskola\/wp-json\/wp\/v2\/media?parent=224"}],"curies":[{"name":"wp","href":"https:\/\/api.w.org\/{rel}","templated":true}]}}