{"id":269,"date":"2025-08-18T15:55:01","date_gmt":"2025-08-18T12:55:01","guid":{"rendered":"https:\/\/izglitiba.valmierasnovads.lv\/valmierassportaskola\/?page_id=269"},"modified":"2025-12-16T13:19:08","modified_gmt":"2025-12-16T11:19:08","slug":"skolu-sports","status":"publish","type":"page","link":"https:\/\/izglitiba.valmierasnovads.lv\/valmierassportaskola\/skolu-sports\/","title":{"rendered":"Skolu sports"},"content":{"rendered":"\n<figure class=\"wp-block-image aligncenter size-large\"><img loading=\"lazy\" decoding=\"async\" width=\"1024\" height=\"389\" src=\"https:\/\/izglitiba.valmierasnovads.lv\/valmierassportaskola\/wp-content\/uploads\/sites\/32\/2025\/08\/VOLEJBOLS-3-1024x389.png\" alt=\"\" class=\"wp-image-270\" srcset=\"https:\/\/izglitiba.valmierasnovads.lv\/valmierassportaskola\/wp-content\/uploads\/sites\/32\/2025\/08\/VOLEJBOLS-3-1024x389.png 1024w, https:\/\/izglitiba.valmierasnovads.lv\/valmierassportaskola\/wp-content\/uploads\/sites\/32\/2025\/08\/VOLEJBOLS-3-300x114.png 300w, https:\/\/izglitiba.valmierasnovads.lv\/valmierassportaskola\/wp-content\/uploads\/sites\/32\/2025\/08\/VOLEJBOLS-3-768x292.png 768w, https:\/\/izglitiba.valmierasnovads.lv\/valmierassportaskola\/wp-content\/uploads\/sites\/32\/2025\/08\/VOLEJBOLS-3.png 1312w\" sizes=\"auto, (max-width: 1024px) 100vw, 1024px\" \/><\/figure>\n\n\n\n<p>Valmieras Sporta skola ir atbild\u012bga par Valmieras novada skol\u0113nu sporta sp\u0113\u013cu organiz\u0113\u0161anu, kas ir viens no visaptvero\u0161\u0101kajiem pas\u0101kumiem skolu sporta dz\u012bv\u0113. Katru m\u0101c\u012bbu gadu, pamatojoties uz izstr\u0101d\u0101tu sacens\u012bbu nolikumu un kalend\u0101ru, tiek organiz\u0113tas sacens\u012bbas da\u017e\u0101dos sporta veidos. Lab\u0101k\u0101s visp\u0101rizgl\u012btojo\u0161\u0101s skolas dodas t\u0101l\u0101k uz Vidzemes un Latvijas republikas m\u0113roga sacens\u012bb\u0101m, ja t\u0101das tiek r\u012bkotas. Sacens\u012bbas norisin\u0101s da\u017e\u0101dos sporta veidos &#8211; futbols, basketbols, vieglatl\u0113tika, volejbols, florbols, veikl\u012bbas stafetes, tautas bumba, galda teniss.<\/p>\n\n\n\n<p>Skolu sacens\u012bb\u0101s start\u0113 Valmieras novada izgl\u012bt\u012bbas iest\u0101\u017eu audz\u0113k\u0146i 5 vecuma grup\u0101s:<\/p>\n\n\n\n<ul class=\"wp-block-list\">\n<li>A grupa (10. &#8211; 12. klase) <\/li>\n\n\n\n<li>B grupa (8. &#8211; 9. klase) <\/li>\n\n\n\n<li>C grupa (6. &#8211; 7. klase)<\/li>\n\n\n\n<li>D grupa (4. &#8211; 5. klase)<\/li>\n\n\n\n<li>3. klase (un jaun\u0101ki)<\/li>\n<\/ul>\n\n\n\n<p>Atbild\u012bg\u0101 persona par skolu sportu ir Valmieras Sporta skolas izgl\u012bt\u012bbas metodi\u0137is <strong><em>Aivars M\u0101li\u0146\u0161, e-pasts: kkaivarsm@inbox.lv<\/em><\/strong><\/p>\n\n\n\n<details class=\"wp-block-details is-layout-flow wp-block-details-is-layout-flow\"><summary>Valmieras novada visp\u0101rizgl\u012btojo\u0161o skolu skol\u0113nu sporta sp\u0113\u013cu NOLIKUMS 2025.\/2026.m.g.<\/summary>\n<div data-wp-interactive=\"core\/file\" class=\"wp-block-file\"><object data-wp-bind--hidden=\"!state.hasPdfPreview\" hidden class=\"wp-block-file__embed\" data=\"https:\/\/izglitiba.valmierasnovads.lv\/valmierassportaskola\/wp-content\/uploads\/sites\/32\/2025\/09\/Nolikums-Valmieras-nov-skolu-sporta-speles-25-26.pdf\" type=\"application\/pdf\" style=\"width:100%;height:600px\" aria-label=\"Iegult Nolikums Valmieras nov skolu sporta sp\u0113les 25-26.\"><\/object><a id=\"wp-block-file--media-2a9eb687-7365-44e8-8040-fed910a2159d\" href=\"https:\/\/izglitiba.valmierasnovads.lv\/valmierassportaskola\/wp-content\/uploads\/sites\/32\/2025\/09\/Nolikums-Valmieras-nov-skolu-sporta-speles-25-26.pdf\">Nolikums Valmieras nov skolu sporta sp\u0113les 25-26<\/a><a href=\"https:\/\/izglitiba.valmierasnovads.lv\/valmierassportaskola\/wp-content\/uploads\/sites\/32\/2025\/09\/Nolikums-Valmieras-nov-skolu-sporta-speles-25-26.pdf\" class=\"wp-block-file__button wp-element-button\" download aria-describedby=\"wp-block-file--media-2a9eb687-7365-44e8-8040-fed910a2159d\">Lejupiel\u0101d\u0113t<\/a><\/div>\n<\/details>\n\n\n\n<details class=\"wp-block-details is-layout-flow wp-block-details-is-layout-flow\"><summary>Konkurss AKT\u012aV\u0100K\u0100 SKOLA SPORT\u0100 2025.\/2026.m.g.<\/summary>\n<div data-wp-interactive=\"core\/file\" class=\"wp-block-file\"><object data-wp-bind--hidden=\"!state.hasPdfPreview\" hidden class=\"wp-block-file__embed\" data=\"https:\/\/izglitiba.valmierasnovads.lv\/valmierassportaskola\/wp-content\/uploads\/sites\/32\/2025\/09\/Aktivaka-skola-sporta-25-26.pdf\" type=\"application\/pdf\" style=\"width:100%;height:600px\" aria-label=\"Iegult Akt\u012bv\u0101k\u0101 skola sport\u0101 25-26.\"><\/object><a id=\"wp-block-file--media-549027cc-1d51-4353-a19a-a7408946f29a\" href=\"https:\/\/izglitiba.valmierasnovads.lv\/valmierassportaskola\/wp-content\/uploads\/sites\/32\/2025\/09\/Aktivaka-skola-sporta-25-26.pdf\">Akt\u012bv\u0101k\u0101 skola sport\u0101 25-26<\/a><a href=\"https:\/\/izglitiba.valmierasnovads.lv\/valmierassportaskola\/wp-content\/uploads\/sites\/32\/2025\/09\/Aktivaka-skola-sporta-25-26.pdf\" class=\"wp-block-file__button wp-element-button\" download aria-describedby=\"wp-block-file--media-549027cc-1d51-4353-a19a-a7408946f29a\">Lejupiel\u0101d\u0113t<\/a><\/div>\n<\/details>\n\n\n\n<p><\/p>\n\n\n\n<figure class=\"wp-block-gallery has-nested-images columns-default is-cropped wp-block-gallery-1 is-layout-flex wp-block-gallery-is-layout-flex\">\n<figure class=\"wp-block-image size-large is-resized\"><img loading=\"lazy\" decoding=\"async\" width=\"724\" height=\"1024\" data-id=\"1154\" src=\"https:\/\/izglitiba.valmierasnovads.lv\/valmierassportaskola\/wp-content\/uploads\/sites\/32\/2025\/12\/2-semestris.2-724x1024.jpg\" alt=\"\" class=\"wp-image-1154\" style=\"width:524px;height:auto\" srcset=\"https:\/\/izglitiba.valmierasnovads.lv\/valmierassportaskola\/wp-content\/uploads\/sites\/32\/2025\/12\/2-semestris.2-724x1024.jpg 724w, https:\/\/izglitiba.valmierasnovads.lv\/valmierassportaskola\/wp-content\/uploads\/sites\/32\/2025\/12\/2-semestris.2-212x300.jpg 212w, https:\/\/izglitiba.valmierasnovads.lv\/valmierassportaskola\/wp-content\/uploads\/sites\/32\/2025\/12\/2-semestris.2-768x1086.jpg 768w, https:\/\/izglitiba.valmierasnovads.lv\/valmierassportaskola\/wp-content\/uploads\/sites\/32\/2025\/12\/2-semestris.2-1086x1536.jpg 1086w, https:\/\/izglitiba.valmierasnovads.lv\/valmierassportaskola\/wp-content\/uploads\/sites\/32\/2025\/12\/2-semestris.2-1448x2048.jpg 1448w, https:\/\/izglitiba.valmierasnovads.lv\/valmierassportaskola\/wp-content\/uploads\/sites\/32\/2025\/12\/2-semestris.2.jpg 1653w\" sizes=\"auto, (max-width: 724px) 100vw, 724px\" \/><\/figure>\n\n\n\n<figure class=\"wp-block-image size-large is-resized\"><img loading=\"lazy\" decoding=\"async\" width=\"724\" height=\"1024\" data-id=\"804\" src=\"https:\/\/izglitiba.valmierasnovads.lv\/valmierassportaskola\/wp-content\/uploads\/sites\/32\/2025\/10\/1-semestris.1-724x1024.jpg\" alt=\"\" class=\"wp-image-804\" style=\"width:594px;height:auto\" srcset=\"https:\/\/izglitiba.valmierasnovads.lv\/valmierassportaskola\/wp-content\/uploads\/sites\/32\/2025\/10\/1-semestris.1-724x1024.jpg 724w, https:\/\/izglitiba.valmierasnovads.lv\/valmierassportaskola\/wp-content\/uploads\/sites\/32\/2025\/10\/1-semestris.1-212x300.jpg 212w, https:\/\/izglitiba.valmierasnovads.lv\/valmierassportaskola\/wp-content\/uploads\/sites\/32\/2025\/10\/1-semestris.1-768x1086.jpg 768w, https:\/\/izglitiba.valmierasnovads.lv\/valmierassportaskola\/wp-content\/uploads\/sites\/32\/2025\/10\/1-semestris.1-1086x1536.jpg 1086w, https:\/\/izglitiba.valmierasnovads.lv\/valmierassportaskola\/wp-content\/uploads\/sites\/32\/2025\/10\/1-semestris.1-1448x2048.jpg 1448w, https:\/\/izglitiba.valmierasnovads.lv\/valmierassportaskola\/wp-content\/uploads\/sites\/32\/2025\/10\/1-semestris.1.jpg 1653w\" sizes=\"auto, (max-width: 724px) 100vw, 724px\" \/><\/figure>\n<\/figure>\n","protected":false},"excerpt":{"rendered":"<p>Valmieras Sporta skola ir atbild\u012bga par Valmieras novada skol\u0113nu sporta sp\u0113\u013cu organiz\u0113\u0161anu, kas ir viens no visaptvero\u0161\u0101kajiem pas\u0101kumiem skolu sporta [&hellip;]<\/p>\n","protected":false},"author":35,"featured_media":0,"parent":0,"menu_order":0,"comment_status":"closed","ping_status":"closed","template":"","meta":{"_acf_changed":false,"site-sidebar-layout":"default","site-content-layout":"","ast-site-content-layout":"","site-content-style":"default","site-sidebar-style":"default","ast-global-header-display":"","ast-banner-title-visibility":"","ast-main-header-display":"","ast-hfb-above-header-display":"","ast-hfb-below-header-display":"","ast-hfb-mobile-header-display":"","site-post-title":"disabled","ast-breadcrumbs-content":"","ast-featured-img":"","footer-sml-layout":"","ast-disable-related-posts":"","theme-transparent-header-meta":"","adv-header-id-meta":"","stick-header-meta":"","header-above-stick-meta":"","header-main-stick-meta":"","header-below-stick-meta":"","astra-migrate-meta-layouts":"default","ast-page-background-enabled":"default","ast-page-background-meta":{"desktop":{"background-color":"var(--ast-global-color-5)","background-image":"","background-repeat":"repeat","background-position":"center center","background-size":"auto","background-attachment":"scroll","background-type":"","background-media":"","overlay-type":"","overlay-color":"","overlay-opacity":"","overlay-gradient":""},"tablet":{"background-color":"","background-image":"","background-repeat":"repeat","background-position":"center center","background-size":"auto","background-attachment":"scroll","background-type":"","background-media":"","overlay-type":"","overlay-color":"","overlay-opacity":"","overlay-gradient":""},"mobile":{"background-color":"","background-image":"","background-repeat":"repeat","background-position":"center center","background-size":"auto","background-attachment":"scroll","background-type":"","background-media":"","overlay-type":"","overlay-color":"","overlay-opacity":"","overlay-gradient":""}},"ast-content-background-meta":{"desktop":{"background-color":"var(--ast-global-color-4)","background-image":"","background-repeat":"repeat","background-position":"center center","background-size":"auto","background-attachment":"scroll","background-type":"","background-media":"","overlay-type":"","overlay-color":"","overlay-opacity":"","overlay-gradient":""},"tablet":{"background-color":"var(--ast-global-color-4)","background-image":"","background-repeat":"repeat","background-position":"center center","background-size":"auto","background-attachment":"scroll","background-type":"","background-media":"","overlay-type":"","overlay-color":"","overlay-opacity":"","overlay-gradient":""},"mobile":{"background-color":"var(--ast-global-color-4)","background-image":"","background-repeat":"repeat","background-position":"center center","background-size":"auto","background-attachment":"scroll","background-type":"","background-media":"","overlay-type":"","overlay-color":"","overlay-opacity":"","overlay-gradient":""}},"footnotes":""},"class_list":["post-269","page","type-page","status-publish","hentry"],"acf":[],"yoast_head":"<!-- This site is optimized with the Yoast SEO plugin v27.0 - https:\/\/yoast.com\/product\/yoast-seo-wordpress\/ -->\n<title>Skolu sports - Valmieras Sporta skola<\/title>\n<meta name=\"description\" content=\"Valmieras novada skolu sporta sp\u0113\u013cu lapas\" \/>\n<meta name=\"robots\" content=\"index, follow, max-snippet:-1, max-image-preview:large, max-video-preview:-1\" \/>\n<link rel=\"canonical\" href=\"https:\/\/izglitiba.valmierasnovads.lv\/valmierassportaskola\/skolu-sports\/\" \/>\n<meta property=\"og:locale\" content=\"lv_LV\" \/>\n<meta property=\"og:type\" content=\"article\" \/>\n<meta property=\"og:title\" content=\"Skolu sports - Valmieras Sporta skola\" \/>\n<meta property=\"og:description\" content=\"Valmieras novada skolu sporta sp\u0113\u013cu lapas\" \/>\n<meta property=\"og:url\" content=\"https:\/\/izglitiba.valmierasnovads.lv\/valmierassportaskola\/skolu-sports\/\" \/>\n<meta property=\"og:site_name\" content=\"Valmieras Sporta skola\" \/>\n<meta property=\"article:modified_time\" content=\"2025-12-16T11:19:08+00:00\" \/>\n<meta property=\"og:image\" content=\"https:\/\/izglitiba.valmierasnovads.lv\/valmierassportaskola\/wp-content\/uploads\/sites\/32\/2025\/08\/VOLEJBOLS-3.png\" \/>\n\t<meta property=\"og:image:width\" content=\"1312\" \/>\n\t<meta property=\"og:image:height\" content=\"499\" \/>\n\t<meta property=\"og:image:type\" content=\"image\/png\" \/>\n<meta name=\"twitter:card\" content=\"summary_large_image\" \/>\n<meta name=\"twitter:label1\" content=\"Est. reading time\" \/>\n\t<meta name=\"twitter:data1\" content=\"2 min\u016btes\" \/>\n<script type=\"application\/ld+json\" class=\"yoast-schema-graph\">{\"@context\":\"https:\/\/schema.org\",\"@graph\":[{\"@type\":\"WebPage\",\"@id\":\"https:\/\/izglitiba.valmierasnovads.lv\/valmierassportaskola\/skolu-sports\/\",\"url\":\"https:\/\/izglitiba.valmierasnovads.lv\/valmierassportaskola\/skolu-sports\/\",\"name\":\"Skolu sports - Valmieras Sporta skola\",\"isPartOf\":{\"@id\":\"https:\/\/izglitiba.valmierasnovads.lv\/valmierassportaskola\/#website\"},\"primaryImageOfPage\":{\"@id\":\"https:\/\/izglitiba.valmierasnovads.lv\/valmierassportaskola\/skolu-sports\/#primaryimage\"},\"image\":{\"@id\":\"https:\/\/izglitiba.valmierasnovads.lv\/valmierassportaskola\/skolu-sports\/#primaryimage\"},\"thumbnailUrl\":\"https:\/\/izglitiba.valmierasnovads.lv\/valmierassportaskola\/wp-content\/uploads\/sites\/32\/2025\/08\/VOLEJBOLS-3-1024x389.png\",\"datePublished\":\"2025-08-18T12:55:01+00:00\",\"dateModified\":\"2025-12-16T11:19:08+00:00\",\"description\":\"Valmieras novada skolu sporta sp\u0113\u013cu lapas\",\"breadcrumb\":{\"@id\":\"https:\/\/izglitiba.valmierasnovads.lv\/valmierassportaskola\/skolu-sports\/#breadcrumb\"},\"inLanguage\":\"lv-LV\",\"potentialAction\":[{\"@type\":\"ReadAction\",\"target\":[\"https:\/\/izglitiba.valmierasnovads.lv\/valmierassportaskola\/skolu-sports\/\"]}]},{\"@type\":\"ImageObject\",\"inLanguage\":\"lv-LV\",\"@id\":\"https:\/\/izglitiba.valmierasnovads.lv\/valmierassportaskola\/skolu-sports\/#primaryimage\",\"url\":\"https:\/\/izglitiba.valmierasnovads.lv\/valmierassportaskola\/wp-content\/uploads\/sites\/32\/2025\/08\/VOLEJBOLS-3.png\",\"contentUrl\":\"https:\/\/izglitiba.valmierasnovads.lv\/valmierassportaskola\/wp-content\/uploads\/sites\/32\/2025\/08\/VOLEJBOLS-3.png\",\"width\":1312,\"height\":499},{\"@type\":\"BreadcrumbList\",\"@id\":\"https:\/\/izglitiba.valmierasnovads.lv\/valmierassportaskola\/skolu-sports\/#breadcrumb\",\"itemListElement\":[{\"@type\":\"ListItem\",\"position\":1,\"name\":\"Home\",\"item\":\"https:\/\/izglitiba.valmierasnovads.lv\/valmierassportaskola\/\"},{\"@type\":\"ListItem\",\"position\":2,\"name\":\"Skolu sports\"}]},{\"@type\":\"WebSite\",\"@id\":\"https:\/\/izglitiba.valmierasnovads.lv\/valmierassportaskola\/#website\",\"url\":\"https:\/\/izglitiba.valmierasnovads.lv\/valmierassportaskola\/\",\"name\":\"Valmieras Sporta skola\",\"description\":\"\",\"publisher\":{\"@id\":\"https:\/\/izglitiba.valmierasnovads.lv\/valmierassportaskola\/#organization\"},\"potentialAction\":[{\"@type\":\"SearchAction\",\"target\":{\"@type\":\"EntryPoint\",\"urlTemplate\":\"https:\/\/izglitiba.valmierasnovads.lv\/valmierassportaskola\/?s={search_term_string}\"},\"query-input\":{\"@type\":\"PropertyValueSpecification\",\"valueRequired\":true,\"valueName\":\"search_term_string\"}}],\"inLanguage\":\"lv-LV\"},{\"@type\":\"Organization\",\"@id\":\"https:\/\/izglitiba.valmierasnovads.lv\/valmierassportaskola\/#organization\",\"name\":\"Valmieras Sporta skola\",\"url\":\"https:\/\/izglitiba.valmierasnovads.lv\/valmierassportaskola\/\",\"logo\":{\"@type\":\"ImageObject\",\"inLanguage\":\"lv-LV\",\"@id\":\"https:\/\/izglitiba.valmierasnovads.lv\/valmierassportaskola\/#\/schema\/logo\/image\/\",\"url\":\"https:\/\/izglitiba.valmierasnovads.lv\/valmierassportaskola\/wp-content\/uploads\/sites\/32\/2025\/06\/cropped-Logo_Valmieras_sporta_skola_melns-1.png\",\"contentUrl\":\"https:\/\/izglitiba.valmierasnovads.lv\/valmierassportaskola\/wp-content\/uploads\/sites\/32\/2025\/06\/cropped-Logo_Valmieras_sporta_skola_melns-1.png\",\"width\":2354,\"height\":596,\"caption\":\"Valmieras Sporta skola\"},\"image\":{\"@id\":\"https:\/\/izglitiba.valmierasnovads.lv\/valmierassportaskola\/#\/schema\/logo\/image\/\"}}]}<\/script>\n<!-- \/ Yoast SEO plugin. -->","yoast_head_json":{"title":"Skolu sports - Valmieras Sporta skola","description":"Valmieras novada skolu sporta sp\u0113\u013cu lapas","robots":{"index":"index","follow":"follow","max-snippet":"max-snippet:-1","max-image-preview":"max-image-preview:large","max-video-preview":"max-video-preview:-1"},"canonical":"https:\/\/izglitiba.valmierasnovads.lv\/valmierassportaskola\/skolu-sports\/","og_locale":"lv_LV","og_type":"article","og_title":"Skolu sports - Valmieras Sporta skola","og_description":"Valmieras novada skolu sporta sp\u0113\u013cu lapas","og_url":"https:\/\/izglitiba.valmierasnovads.lv\/valmierassportaskola\/skolu-sports\/","og_site_name":"Valmieras Sporta skola","article_modified_time":"2025-12-16T11:19:08+00:00","og_image":[{"width":1312,"height":499,"url":"https:\/\/izglitiba.valmierasnovads.lv\/valmierassportaskola\/wp-content\/uploads\/sites\/32\/2025\/08\/VOLEJBOLS-3.png","type":"image\/png"}],"twitter_card":"summary_large_image","twitter_misc":{"Est. reading time":"2 min\u016btes"},"schema":{"@context":"https:\/\/schema.org","@graph":[{"@type":"WebPage","@id":"https:\/\/izglitiba.valmierasnovads.lv\/valmierassportaskola\/skolu-sports\/","url":"https:\/\/izglitiba.valmierasnovads.lv\/valmierassportaskola\/skolu-sports\/","name":"Skolu sports - Valmieras Sporta skola","isPartOf":{"@id":"https:\/\/izglitiba.valmierasnovads.lv\/valmierassportaskola\/#website"},"primaryImageOfPage":{"@id":"https:\/\/izglitiba.valmierasnovads.lv\/valmierassportaskola\/skolu-sports\/#primaryimage"},"image":{"@id":"https:\/\/izglitiba.valmierasnovads.lv\/valmierassportaskola\/skolu-sports\/#primaryimage"},"thumbnailUrl":"https:\/\/izglitiba.valmierasnovads.lv\/valmierassportaskola\/wp-content\/uploads\/sites\/32\/2025\/08\/VOLEJBOLS-3-1024x389.png","datePublished":"2025-08-18T12:55:01+00:00","dateModified":"2025-12-16T11:19:08+00:00","description":"Valmieras novada skolu sporta sp\u0113\u013cu lapas","breadcrumb":{"@id":"https:\/\/izglitiba.valmierasnovads.lv\/valmierassportaskola\/skolu-sports\/#breadcrumb"},"inLanguage":"lv-LV","potentialAction":[{"@type":"ReadAction","target":["https:\/\/izglitiba.valmierasnovads.lv\/valmierassportaskola\/skolu-sports\/"]}]},{"@type":"ImageObject","inLanguage":"lv-LV","@id":"https:\/\/izglitiba.valmierasnovads.lv\/valmierassportaskola\/skolu-sports\/#primaryimage","url":"https:\/\/izglitiba.valmierasnovads.lv\/valmierassportaskola\/wp-content\/uploads\/sites\/32\/2025\/08\/VOLEJBOLS-3.png","contentUrl":"https:\/\/izglitiba.valmierasnovads.lv\/valmierassportaskola\/wp-content\/uploads\/sites\/32\/2025\/08\/VOLEJBOLS-3.png","width":1312,"height":499},{"@type":"BreadcrumbList","@id":"https:\/\/izglitiba.valmierasnovads.lv\/valmierassportaskola\/skolu-sports\/#breadcrumb","itemListElement":[{"@type":"ListItem","position":1,"name":"Home","item":"https:\/\/izglitiba.valmierasnovads.lv\/valmierassportaskola\/"},{"@type":"ListItem","position":2,"name":"Skolu sports"}]},{"@type":"WebSite","@id":"https:\/\/izglitiba.valmierasnovads.lv\/valmierassportaskola\/#website","url":"https:\/\/izglitiba.valmierasnovads.lv\/valmierassportaskola\/","name":"Valmieras Sporta skola","description":"","publisher":{"@id":"https:\/\/izglitiba.valmierasnovads.lv\/valmierassportaskola\/#organization"},"potentialAction":[{"@type":"SearchAction","target":{"@type":"EntryPoint","urlTemplate":"https:\/\/izglitiba.valmierasnovads.lv\/valmierassportaskola\/?s={search_term_string}"},"query-input":{"@type":"PropertyValueSpecification","valueRequired":true,"valueName":"search_term_string"}}],"inLanguage":"lv-LV"},{"@type":"Organization","@id":"https:\/\/izglitiba.valmierasnovads.lv\/valmierassportaskola\/#organization","name":"Valmieras Sporta skola","url":"https:\/\/izglitiba.valmierasnovads.lv\/valmierassportaskola\/","logo":{"@type":"ImageObject","inLanguage":"lv-LV","@id":"https:\/\/izglitiba.valmierasnovads.lv\/valmierassportaskola\/#\/schema\/logo\/image\/","url":"https:\/\/izglitiba.valmierasnovads.lv\/valmierassportaskola\/wp-content\/uploads\/sites\/32\/2025\/06\/cropped-Logo_Valmieras_sporta_skola_melns-1.png","contentUrl":"https:\/\/izglitiba.valmierasnovads.lv\/valmierassportaskola\/wp-content\/uploads\/sites\/32\/2025\/06\/cropped-Logo_Valmieras_sporta_skola_melns-1.png","width":2354,"height":596,"caption":"Valmieras Sporta skola"},"image":{"@id":"https:\/\/izglitiba.valmierasnovads.lv\/valmierassportaskola\/#\/schema\/logo\/image\/"}}]}},"_links":{"self":[{"href":"https:\/\/izglitiba.valmierasnovads.lv\/valmierassportaskola\/wp-json\/wp\/v2\/pages\/269","targetHints":{"allow":["GET"]}}],"collection":[{"href":"https:\/\/izglitiba.valmierasnovads.lv\/valmierassportaskola\/wp-json\/wp\/v2\/pages"}],"about":[{"href":"https:\/\/izglitiba.valmierasnovads.lv\/valmierassportaskola\/wp-json\/wp\/v2\/types\/page"}],"author":[{"embeddable":true,"href":"https:\/\/izglitiba.valmierasnovads.lv\/valmierassportaskola\/wp-json\/wp\/v2\/users\/35"}],"replies":[{"embeddable":true,"href":"https:\/\/izglitiba.valmierasnovads.lv\/valmierassportaskola\/wp-json\/wp\/v2\/comments?post=269"}],"version-history":[{"count":19,"href":"https:\/\/izglitiba.valmierasnovads.lv\/valmierassportaskola\/wp-json\/wp\/v2\/pages\/269\/revisions"}],"predecessor-version":[{"id":1157,"href":"https:\/\/izglitiba.valmierasnovads.lv\/valmierassportaskola\/wp-json\/wp\/v2\/pages\/269\/revisions\/1157"}],"wp:attachment":[{"href":"https:\/\/izglitiba.valmierasnovads.lv\/valmierassportaskola\/wp-json\/wp\/v2\/media?parent=269"}],"curies":[{"name":"wp","href":"https:\/\/api.w.org\/{rel}","templated":true}]}}