{"id":472,"date":"2025-09-19T10:03:11","date_gmt":"2025-09-19T07:03:11","guid":{"rendered":"https:\/\/izglitiba.valmierasnovads.lv\/valmierassportaskola\/?page_id=472"},"modified":"2026-04-09T11:34:44","modified_gmt":"2026-04-09T08:34:44","slug":"augstas-klases-sportistu-sagatavosanas-centrs","status":"publish","type":"page","link":"https:\/\/izglitiba.valmierasnovads.lv\/valmierassportaskola\/augstas-klases-sportistu-sagatavosanas-centrs\/","title":{"rendered":"Augstas klases sportistu sagatavo\u0161anas centrs"},"content":{"rendered":"\n<p>Kop\u0161 2015. gada 1. septembra ar Latvijas Nacion\u0101l\u0101 sporta padomes un&nbsp; Izgl\u012bt\u012bbas un zin\u0101tnes ministrijas&nbsp; atbalstu&nbsp; Valmieras Sporta skol\u0101 tika uzs\u0101kta Augstas klases sportistu sagatavo\u0161anas centra (AKSSC) izveide. Augstas klases sportistu sagatavo\u0161anas centri Latvij\u0101 tika veidoti viet\u0101s, kur jau past\u0101v modernas un pras\u012bb\u0101m atbilsto\u0161as sporta b\u0101zes, profesion\u0101li treneri, kvalitat\u012bvas izgl\u012bt\u012bbas ieguves iesp\u0113jas un tiek nodro\u0161in\u0101ti labi sadz\u012bves apst\u0101k\u013ci, k\u0101 ar\u012b pieejami medic\u012bnas un rehabilit\u0101cijas pakalpojumi. \u0160\u0101dos centros tiek sagatavoti augstas klases jaunie Latvijas sportisti, kuri veiksm\u012bgi konkur\u0113 ar citu valstu sportistiem.<\/p>\n\n\n\n<p>Sportistu sagatavo\u0161anas centru izveides m\u0113r\u0137is:<\/p>\n\n\n\n<p>Sagatavot starptautiski konkur\u0113tsp\u0113j\u012bgus augstas klases sportistus olimpiskajos sporta veidos, lai nodro\u0161in\u0101tu izcilus sasniegumus sport\u0101 ilgtermi\u0146\u0101.<\/p>\n\n\n\n<p>Sportistu sagatavo\u0161anas centru uzdevumi:<\/p>\n\n\n\n<ol class=\"wp-block-list\">\n<li>rad\u012bt priek\u0161noteikumus Olimpisko sp\u0113\u013cu 1. \u20136. vietu ieguv\u0113ju, k\u0101 ar\u012b pasaules un Eiropas \u010dempion\u0101tu pieaugu\u0161ajiem 1. \u20133. vietu ieguv\u0113ju sagatavo\u0161anai individu\u0101lajos sporta veidos, k\u0101 ar\u012b komandu sporta sp\u0113\u013cu nacion\u0101lo izla\u0161u dal\u012bbai Olimpiskaj\u0101s sp\u0113l\u0113s, pasaules un Eiropas \u010dempion\u0101tu fin\u0101lturn\u012bros, t\u0101dej\u0101di veicinot izcil\u012bbu sport\u0101;<\/li>\n\n\n\n<li>nodro\u0161in\u0101t kvalitat\u012bvu vidi un m\u0101c\u012bbu \u2013 treni\u0146u apst\u0101k\u013cus jauno augstas klases sportistu sagatavo\u0161anai;<\/li>\n\n\n\n<li>pilnveidot augstas klases sportistu sagatavo\u0161anas sist\u0113mu, sekm\u0113jot sportistu izaugsmi;<\/li>\n\n\n\n<li>efekt\u012bvi izmantot sportistu resursus un izveidoto sporta infrastrukt\u016bru.<\/li>\n<\/ol>\n\n\n\n<p>2023. gad\u0101 Valmieras AKSSC&nbsp; iek\u013cauti&nbsp;divi&nbsp;sporta veidi \u2013 BMX&nbsp;un&nbsp;vieglatl\u0113tika, kop\u0101 12&nbsp;sportistu un&nbsp;4&nbsp;treneru sast\u0101v\u0101.&nbsp;<\/p>\n\n\n<style>.wp-block-kadence-advancedheading.kt-adv-heading472_b955ed-d5, .wp-block-kadence-advancedheading.kt-adv-heading472_b955ed-d5[data-kb-block=\"kb-adv-heading472_b955ed-d5\"]{text-align:center;font-style:normal;}.wp-block-kadence-advancedheading.kt-adv-heading472_b955ed-d5 mark.kt-highlight, .wp-block-kadence-advancedheading.kt-adv-heading472_b955ed-d5[data-kb-block=\"kb-adv-heading472_b955ed-d5\"] mark.kt-highlight{font-style:normal;color:#f76a0c;-webkit-box-decoration-break:clone;box-decoration-break:clone;padding-top:0px;padding-right:0px;padding-bottom:0px;padding-left:0px;}.wp-block-kadence-advancedheading.kt-adv-heading472_b955ed-d5 img.kb-inline-image, .wp-block-kadence-advancedheading.kt-adv-heading472_b955ed-d5[data-kb-block=\"kb-adv-heading472_b955ed-d5\"] img.kb-inline-image{width:150px;vertical-align:baseline;}<\/style>\n<h2 class=\"kt-adv-heading472_b955ed-d5 wp-block-kadence-advancedheading\" data-kb-block=\"kb-adv-heading472_b955ed-d5\"><strong>Valmieras AKSSC sportisti<\/strong><\/h2>\n\n\n\n<figure class=\"wp-block-table\"><table class=\"has-fixed-layout\"><tbody><tr><td class=\"has-text-align-center\" data-align=\"center\"><strong>V\u0101rds Uzv\u0101rds<\/strong><\/td><td class=\"has-text-align-center\" data-align=\"center\"><strong>Sporta veids<\/strong><\/td><\/tr><tr><td class=\"has-text-align-center\" data-align=\"center\">Rodrigo \u0100bols<\/td><td class=\"has-text-align-center\" data-align=\"center\">BMX rite\u0146brauk\u0161ana<\/td><\/tr><tr><td class=\"has-text-align-center\" data-align=\"center\">D\u0101vis J\u0101nis Elbrets<\/td><td class=\"has-text-align-center\" data-align=\"center\">BMX rite\u0146brauk\u0161ana<\/td><\/tr><tr><td class=\"has-text-align-center\" data-align=\"center\">Adel\u012bna K\u0101rkli\u0146a<\/td><td class=\"has-text-align-center\" data-align=\"center\">BMX rite\u0146brauk\u0161ana<\/td><\/tr><tr><td class=\"has-text-align-center\" data-align=\"center\">Lotte Etmane<\/td><td class=\"has-text-align-center\" data-align=\"center\">BMX rite\u0146brauk\u0161ana<\/td><\/tr><tr><td class=\"has-text-align-center\" data-align=\"center\">Noa Rafaels Laake<\/td><td class=\"has-text-align-center\" data-align=\"center\">BMX rite\u0146brauk\u0161ana<\/td><\/tr><tr><td class=\"has-text-align-center\" data-align=\"center\">Rein\u0101rs Pavlovs<\/td><td class=\"has-text-align-center\" data-align=\"center\">BMX rite\u0146brauk\u0161ana<\/td><\/tr><tr><td class=\"has-text-align-center\" data-align=\"center\">K\u0101rlis Pedraudzis<\/td><td class=\"has-text-align-center\" data-align=\"center\">BMX rite\u0146brauk\u0161ana<\/td><\/tr><tr><td class=\"has-text-align-center\" data-align=\"center\">M\u0101rti\u0146\u0161 Em\u012bls Treimanis<\/td><td class=\"has-text-align-center\" data-align=\"center\">BMX rite\u0146brauk\u0161ana<\/td><\/tr><tr><td class=\"has-text-align-center\" data-align=\"center\">Edvards Leoke<\/td><td class=\"has-text-align-center\" data-align=\"center\">Vieglatl\u0113tika<\/td><\/tr><tr><td class=\"has-text-align-center\" data-align=\"center\">Agate Caune<\/td><td class=\"has-text-align-center\" data-align=\"center\">Vieglatl\u0113tika<\/td><\/tr><tr><td class=\"has-text-align-center\" data-align=\"center\">Marta Lindberga<\/td><td class=\"has-text-align-center\" data-align=\"center\">Vieglatl\u0113tika<\/td><\/tr><tr><td class=\"has-text-align-center\" data-align=\"center\">Toms Samauskis<\/td><td class=\"has-text-align-center\" data-align=\"center\">Vieglatl\u0113tika<\/td><\/tr><\/tbody><\/table><\/figure>\n\n\n<style>.wp-block-kadence-advancedheading.kt-adv-heading472_08be49-48, .wp-block-kadence-advancedheading.kt-adv-heading472_08be49-48[data-kb-block=\"kb-adv-heading472_08be49-48\"]{text-align:center;font-style:normal;}.wp-block-kadence-advancedheading.kt-adv-heading472_08be49-48 mark.kt-highlight, .wp-block-kadence-advancedheading.kt-adv-heading472_08be49-48[data-kb-block=\"kb-adv-heading472_08be49-48\"] mark.kt-highlight{font-style:normal;color:#f76a0c;-webkit-box-decoration-break:clone;box-decoration-break:clone;padding-top:0px;padding-right:0px;padding-bottom:0px;padding-left:0px;}.wp-block-kadence-advancedheading.kt-adv-heading472_08be49-48 img.kb-inline-image, .wp-block-kadence-advancedheading.kt-adv-heading472_08be49-48[data-kb-block=\"kb-adv-heading472_08be49-48\"] img.kb-inline-image{width:150px;vertical-align:baseline;}<\/style>\n<h2 class=\"kt-adv-heading472_08be49-48 wp-block-kadence-advancedheading\" data-kb-block=\"kb-adv-heading472_08be49-48\"><strong>Valmieras AKSSC treneri<\/strong><\/h2>\n\n\n\n<figure class=\"wp-block-table\"><table class=\"has-fixed-layout\"><tbody><tr><td class=\"has-text-align-center\" data-align=\"center\"><strong>V\u0101rds Uzv\u0101rds<\/strong><\/td><td class=\"has-text-align-center\" data-align=\"center\"><strong>Sporta veids<\/strong><\/td><\/tr><tr><td class=\"has-text-align-center\" data-align=\"center\">Ivo Laku\u010ds<\/td><td class=\"has-text-align-center\" data-align=\"center\">BMX rite\u0146brauk\u0161ana<\/td><\/tr><tr><td class=\"has-text-align-center\" data-align=\"center\">Olafs Laku\u010ds<\/td><td class=\"has-text-align-center\" data-align=\"center\">BMX rite\u0146brauk\u0161ana<\/td><\/tr><tr><td class=\"has-text-align-center\" data-align=\"center\">M\u0101ris Urt\u0101ns<\/td><td class=\"has-text-align-center\" data-align=\"center\">Vieglatl\u0113tika<\/td><\/tr><tr><td class=\"has-text-align-center\" data-align=\"center\">Raitis Ravinskis<\/td><td class=\"has-text-align-center\" data-align=\"center\">Vieglatl\u0113tika<\/td><\/tr><\/tbody><\/table><\/figure>\n\n\n\n<p><\/p>\n","protected":false},"excerpt":{"rendered":"<p>Kop\u0161 2015. gada 1. septembra ar Latvijas Nacion\u0101l\u0101 sporta padomes un&nbsp; Izgl\u012bt\u012bbas un zin\u0101tnes ministrijas&nbsp; atbalstu&nbsp; Valmieras Sporta skol\u0101 tika [&hellip;]<\/p>\n","protected":false},"author":35,"featured_media":0,"parent":0,"menu_order":0,"comment_status":"closed","ping_status":"closed","template":"","meta":{"_acf_changed":false,"site-sidebar-layout":"default","site-content-layout":"","ast-site-content-layout":"default","site-content-style":"default","site-sidebar-style":"default","ast-global-header-display":"","ast-banner-title-visibility":"","ast-main-header-display":"","ast-hfb-above-header-display":"","ast-hfb-below-header-display":"","ast-hfb-mobile-header-display":"","site-post-title":"","ast-breadcrumbs-content":"","ast-featured-img":"","footer-sml-layout":"","ast-disable-related-posts":"","theme-transparent-header-meta":"","adv-header-id-meta":"","stick-header-meta":"","header-above-stick-meta":"","header-main-stick-meta":"","header-below-stick-meta":"","astra-migrate-meta-layouts":"default","ast-page-background-enabled":"default","ast-page-background-meta":{"desktop":{"background-color":"var(--ast-global-color-5)","background-image":"","background-repeat":"repeat","background-position":"center center","background-size":"auto","background-attachment":"scroll","background-type":"","background-media":"","overlay-type":"","overlay-color":"","overlay-opacity":"","overlay-gradient":""},"tablet":{"background-color":"","background-image":"","background-repeat":"repeat","background-position":"center center","background-size":"auto","background-attachment":"scroll","background-type":"","background-media":"","overlay-type":"","overlay-color":"","overlay-opacity":"","overlay-gradient":""},"mobile":{"background-color":"","background-image":"","background-repeat":"repeat","background-position":"center center","background-size":"auto","background-attachment":"scroll","background-type":"","background-media":"","overlay-type":"","overlay-color":"","overlay-opacity":"","overlay-gradient":""}},"ast-content-background-meta":{"desktop":{"background-color":"var(--ast-global-color-4)","background-image":"","background-repeat":"repeat","background-position":"center center","background-size":"auto","background-attachment":"scroll","background-type":"","background-media":"","overlay-type":"","overlay-color":"","overlay-opacity":"","overlay-gradient":""},"tablet":{"background-color":"var(--ast-global-color-4)","background-image":"","background-repeat":"repeat","background-position":"center center","background-size":"auto","background-attachment":"scroll","background-type":"","background-media":"","overlay-type":"","overlay-color":"","overlay-opacity":"","overlay-gradient":""},"mobile":{"background-color":"var(--ast-global-color-4)","background-image":"","background-repeat":"repeat","background-position":"center center","background-size":"auto","background-attachment":"scroll","background-type":"","background-media":"","overlay-type":"","overlay-color":"","overlay-opacity":"","overlay-gradient":""}},"footnotes":""},"class_list":["post-472","page","type-page","status-publish","hentry"],"acf":[],"yoast_head":"<!-- This site is optimized with the Yoast SEO plugin v27.0 - https:\/\/yoast.com\/product\/yoast-seo-wordpress\/ -->\n<title>Augstas klases sportistu sagatavo\u0161anas centrs - Valmieras Sporta skola<\/title>\n<meta name=\"description\" content=\"Augstas klases sportisu sagatavo\u0161anas centrs Valmieras Sporta skol\u0101\" \/>\n<meta name=\"robots\" content=\"index, follow, max-snippet:-1, max-image-preview:large, max-video-preview:-1\" \/>\n<link rel=\"canonical\" href=\"https:\/\/izglitiba.valmierasnovads.lv\/valmierassportaskola\/augstas-klases-sportistu-sagatavosanas-centrs\/\" \/>\n<meta property=\"og:locale\" content=\"lv_LV\" \/>\n<meta property=\"og:type\" content=\"article\" \/>\n<meta property=\"og:title\" content=\"Augstas klases sportistu sagatavo\u0161anas centrs - Valmieras Sporta skola\" \/>\n<meta property=\"og:description\" content=\"Augstas klases sportisu sagatavo\u0161anas centrs Valmieras Sporta skol\u0101\" \/>\n<meta property=\"og:url\" content=\"https:\/\/izglitiba.valmierasnovads.lv\/valmierassportaskola\/augstas-klases-sportistu-sagatavosanas-centrs\/\" \/>\n<meta property=\"og:site_name\" content=\"Valmieras Sporta skola\" \/>\n<meta property=\"article:modified_time\" content=\"2026-04-09T08:34:44+00:00\" \/>\n<meta name=\"twitter:card\" content=\"summary_large_image\" \/>\n<meta name=\"twitter:label1\" content=\"Est. reading time\" \/>\n\t<meta name=\"twitter:data1\" content=\"2 min\u016btes\" \/>\n<script type=\"application\/ld+json\" class=\"yoast-schema-graph\">{\"@context\":\"https:\/\/schema.org\",\"@graph\":[{\"@type\":\"WebPage\",\"@id\":\"https:\/\/izglitiba.valmierasnovads.lv\/valmierassportaskola\/augstas-klases-sportistu-sagatavosanas-centrs\/\",\"url\":\"https:\/\/izglitiba.valmierasnovads.lv\/valmierassportaskola\/augstas-klases-sportistu-sagatavosanas-centrs\/\",\"name\":\"Augstas klases sportistu sagatavo\u0161anas centrs - Valmieras Sporta skola\",\"isPartOf\":{\"@id\":\"https:\/\/izglitiba.valmierasnovads.lv\/valmierassportaskola\/#website\"},\"datePublished\":\"2025-09-19T07:03:11+00:00\",\"dateModified\":\"2026-04-09T08:34:44+00:00\",\"description\":\"Augstas klases sportisu sagatavo\u0161anas centrs Valmieras Sporta skol\u0101\",\"breadcrumb\":{\"@id\":\"https:\/\/izglitiba.valmierasnovads.lv\/valmierassportaskola\/augstas-klases-sportistu-sagatavosanas-centrs\/#breadcrumb\"},\"inLanguage\":\"lv-LV\",\"potentialAction\":[{\"@type\":\"ReadAction\",\"target\":[\"https:\/\/izglitiba.valmierasnovads.lv\/valmierassportaskola\/augstas-klases-sportistu-sagatavosanas-centrs\/\"]}]},{\"@type\":\"BreadcrumbList\",\"@id\":\"https:\/\/izglitiba.valmierasnovads.lv\/valmierassportaskola\/augstas-klases-sportistu-sagatavosanas-centrs\/#breadcrumb\",\"itemListElement\":[{\"@type\":\"ListItem\",\"position\":1,\"name\":\"Home\",\"item\":\"https:\/\/izglitiba.valmierasnovads.lv\/valmierassportaskola\/\"},{\"@type\":\"ListItem\",\"position\":2,\"name\":\"Augstas klases sportistu sagatavo\u0161anas centrs\"}]},{\"@type\":\"WebSite\",\"@id\":\"https:\/\/izglitiba.valmierasnovads.lv\/valmierassportaskola\/#website\",\"url\":\"https:\/\/izglitiba.valmierasnovads.lv\/valmierassportaskola\/\",\"name\":\"Valmieras Sporta skola\",\"description\":\"\",\"publisher\":{\"@id\":\"https:\/\/izglitiba.valmierasnovads.lv\/valmierassportaskola\/#organization\"},\"potentialAction\":[{\"@type\":\"SearchAction\",\"target\":{\"@type\":\"EntryPoint\",\"urlTemplate\":\"https:\/\/izglitiba.valmierasnovads.lv\/valmierassportaskola\/?s={search_term_string}\"},\"query-input\":{\"@type\":\"PropertyValueSpecification\",\"valueRequired\":true,\"valueName\":\"search_term_string\"}}],\"inLanguage\":\"lv-LV\"},{\"@type\":\"Organization\",\"@id\":\"https:\/\/izglitiba.valmierasnovads.lv\/valmierassportaskola\/#organization\",\"name\":\"Valmieras Sporta skola\",\"url\":\"https:\/\/izglitiba.valmierasnovads.lv\/valmierassportaskola\/\",\"logo\":{\"@type\":\"ImageObject\",\"inLanguage\":\"lv-LV\",\"@id\":\"https:\/\/izglitiba.valmierasnovads.lv\/valmierassportaskola\/#\/schema\/logo\/image\/\",\"url\":\"https:\/\/izglitiba.valmierasnovads.lv\/valmierassportaskola\/wp-content\/uploads\/sites\/32\/2025\/06\/cropped-Logo_Valmieras_sporta_skola_melns-1.png\",\"contentUrl\":\"https:\/\/izglitiba.valmierasnovads.lv\/valmierassportaskola\/wp-content\/uploads\/sites\/32\/2025\/06\/cropped-Logo_Valmieras_sporta_skola_melns-1.png\",\"width\":2354,\"height\":596,\"caption\":\"Valmieras Sporta skola\"},\"image\":{\"@id\":\"https:\/\/izglitiba.valmierasnovads.lv\/valmierassportaskola\/#\/schema\/logo\/image\/\"}}]}<\/script>\n<!-- \/ Yoast SEO plugin. -->","yoast_head_json":{"title":"Augstas klases sportistu sagatavo\u0161anas centrs - Valmieras Sporta skola","description":"Augstas klases sportisu sagatavo\u0161anas centrs Valmieras Sporta skol\u0101","robots":{"index":"index","follow":"follow","max-snippet":"max-snippet:-1","max-image-preview":"max-image-preview:large","max-video-preview":"max-video-preview:-1"},"canonical":"https:\/\/izglitiba.valmierasnovads.lv\/valmierassportaskola\/augstas-klases-sportistu-sagatavosanas-centrs\/","og_locale":"lv_LV","og_type":"article","og_title":"Augstas klases sportistu sagatavo\u0161anas centrs - Valmieras Sporta skola","og_description":"Augstas klases sportisu sagatavo\u0161anas centrs Valmieras Sporta skol\u0101","og_url":"https:\/\/izglitiba.valmierasnovads.lv\/valmierassportaskola\/augstas-klases-sportistu-sagatavosanas-centrs\/","og_site_name":"Valmieras Sporta skola","article_modified_time":"2026-04-09T08:34:44+00:00","twitter_card":"summary_large_image","twitter_misc":{"Est. reading time":"2 min\u016btes"},"schema":{"@context":"https:\/\/schema.org","@graph":[{"@type":"WebPage","@id":"https:\/\/izglitiba.valmierasnovads.lv\/valmierassportaskola\/augstas-klases-sportistu-sagatavosanas-centrs\/","url":"https:\/\/izglitiba.valmierasnovads.lv\/valmierassportaskola\/augstas-klases-sportistu-sagatavosanas-centrs\/","name":"Augstas klases sportistu sagatavo\u0161anas centrs - Valmieras Sporta skola","isPartOf":{"@id":"https:\/\/izglitiba.valmierasnovads.lv\/valmierassportaskola\/#website"},"datePublished":"2025-09-19T07:03:11+00:00","dateModified":"2026-04-09T08:34:44+00:00","description":"Augstas klases sportisu sagatavo\u0161anas centrs Valmieras Sporta skol\u0101","breadcrumb":{"@id":"https:\/\/izglitiba.valmierasnovads.lv\/valmierassportaskola\/augstas-klases-sportistu-sagatavosanas-centrs\/#breadcrumb"},"inLanguage":"lv-LV","potentialAction":[{"@type":"ReadAction","target":["https:\/\/izglitiba.valmierasnovads.lv\/valmierassportaskola\/augstas-klases-sportistu-sagatavosanas-centrs\/"]}]},{"@type":"BreadcrumbList","@id":"https:\/\/izglitiba.valmierasnovads.lv\/valmierassportaskola\/augstas-klases-sportistu-sagatavosanas-centrs\/#breadcrumb","itemListElement":[{"@type":"ListItem","position":1,"name":"Home","item":"https:\/\/izglitiba.valmierasnovads.lv\/valmierassportaskola\/"},{"@type":"ListItem","position":2,"name":"Augstas klases sportistu sagatavo\u0161anas centrs"}]},{"@type":"WebSite","@id":"https:\/\/izglitiba.valmierasnovads.lv\/valmierassportaskola\/#website","url":"https:\/\/izglitiba.valmierasnovads.lv\/valmierassportaskola\/","name":"Valmieras Sporta skola","description":"","publisher":{"@id":"https:\/\/izglitiba.valmierasnovads.lv\/valmierassportaskola\/#organization"},"potentialAction":[{"@type":"SearchAction","target":{"@type":"EntryPoint","urlTemplate":"https:\/\/izglitiba.valmierasnovads.lv\/valmierassportaskola\/?s={search_term_string}"},"query-input":{"@type":"PropertyValueSpecification","valueRequired":true,"valueName":"search_term_string"}}],"inLanguage":"lv-LV"},{"@type":"Organization","@id":"https:\/\/izglitiba.valmierasnovads.lv\/valmierassportaskola\/#organization","name":"Valmieras Sporta skola","url":"https:\/\/izglitiba.valmierasnovads.lv\/valmierassportaskola\/","logo":{"@type":"ImageObject","inLanguage":"lv-LV","@id":"https:\/\/izglitiba.valmierasnovads.lv\/valmierassportaskola\/#\/schema\/logo\/image\/","url":"https:\/\/izglitiba.valmierasnovads.lv\/valmierassportaskola\/wp-content\/uploads\/sites\/32\/2025\/06\/cropped-Logo_Valmieras_sporta_skola_melns-1.png","contentUrl":"https:\/\/izglitiba.valmierasnovads.lv\/valmierassportaskola\/wp-content\/uploads\/sites\/32\/2025\/06\/cropped-Logo_Valmieras_sporta_skola_melns-1.png","width":2354,"height":596,"caption":"Valmieras Sporta skola"},"image":{"@id":"https:\/\/izglitiba.valmierasnovads.lv\/valmierassportaskola\/#\/schema\/logo\/image\/"}}]}},"_links":{"self":[{"href":"https:\/\/izglitiba.valmierasnovads.lv\/valmierassportaskola\/wp-json\/wp\/v2\/pages\/472","targetHints":{"allow":["GET"]}}],"collection":[{"href":"https:\/\/izglitiba.valmierasnovads.lv\/valmierassportaskola\/wp-json\/wp\/v2\/pages"}],"about":[{"href":"https:\/\/izglitiba.valmierasnovads.lv\/valmierassportaskola\/wp-json\/wp\/v2\/types\/page"}],"author":[{"embeddable":true,"href":"https:\/\/izglitiba.valmierasnovads.lv\/valmierassportaskola\/wp-json\/wp\/v2\/users\/35"}],"replies":[{"embeddable":true,"href":"https:\/\/izglitiba.valmierasnovads.lv\/valmierassportaskola\/wp-json\/wp\/v2\/comments?post=472"}],"version-history":[{"count":13,"href":"https:\/\/izglitiba.valmierasnovads.lv\/valmierassportaskola\/wp-json\/wp\/v2\/pages\/472\/revisions"}],"predecessor-version":[{"id":1965,"href":"https:\/\/izglitiba.valmierasnovads.lv\/valmierassportaskola\/wp-json\/wp\/v2\/pages\/472\/revisions\/1965"}],"wp:attachment":[{"href":"https:\/\/izglitiba.valmierasnovads.lv\/valmierassportaskola\/wp-json\/wp\/v2\/media?parent=472"}],"curies":[{"name":"wp","href":"https:\/\/api.w.org\/{rel}","templated":true}]}}