{"id":68,"date":"2025-06-26T16:33:11","date_gmt":"2025-06-26T13:33:11","guid":{"rendered":"https:\/\/izglitiba.valmierasnovads.lv\/valmierassportaskola\/?page_id=68"},"modified":"2025-09-19T09:19:53","modified_gmt":"2025-09-19T06:19:53","slug":"airesanas-slaloms","status":"publish","type":"page","link":"https:\/\/izglitiba.valmierasnovads.lv\/valmierassportaskola\/airesanas-slaloms\/","title":{"rendered":"Air\u0113\u0161anas slaloms"},"content":{"rendered":"\n<figure class=\"wp-block-image aligncenter size-large\"><img loading=\"lazy\" decoding=\"async\" width=\"1024\" height=\"389\" src=\"https:\/\/izglitiba.valmierasnovads.lv\/valmierassportaskola\/wp-content\/uploads\/sites\/32\/2025\/08\/1-1024x389.png\" alt=\"\" class=\"wp-image-236\" srcset=\"https:\/\/izglitiba.valmierasnovads.lv\/valmierassportaskola\/wp-content\/uploads\/sites\/32\/2025\/08\/1-1024x389.png 1024w, https:\/\/izglitiba.valmierasnovads.lv\/valmierassportaskola\/wp-content\/uploads\/sites\/32\/2025\/08\/1-300x114.png 300w, https:\/\/izglitiba.valmierasnovads.lv\/valmierassportaskola\/wp-content\/uploads\/sites\/32\/2025\/08\/1-768x292.png 768w, https:\/\/izglitiba.valmierasnovads.lv\/valmierassportaskola\/wp-content\/uploads\/sites\/32\/2025\/08\/1.png 1312w\" sizes=\"auto, (max-width: 1024px) 100vw, 1024px\" \/><\/figure>\n\n\n\n<h2 class=\"wp-block-heading\">Intere\u0161u izgl\u012bt\u012bbas sporta programma &#8220;Air\u0113\u0161anas slaloms&#8221;<\/h2>\n\n\n\n<p>Air\u0113\u0161anas slaloms ir nedaudz ekstr\u0113ms sporta veids uz \u016bdens &#8211; air\u0113\u0161anas sporta discipl\u012bna, kur\u0101 sportistam kajak\u0101 vai kanoe laiv\u0101 ir j\u0101veic strauj\u016bdens trase, pareiz\u0101 sec\u012bb\u0101 pa vai pret straumi izbraucot tras\u0113 izvietotos v\u0101rtus.<\/p>\n\n\n\n<p>Latvij\u0101 air\u0113\u0161anas slaloma aizs\u0101kumi mekl\u0113jami \u016bdenst\u016brism\u0101, no kura atdaloties 1970. gada j\u016bnij\u0101 air\u0113\u0161anas slaloms s\u0101ka darboties k\u0101 neatkar\u012bga air\u0113\u0161anas sporta discipl\u012bna un kop\u0161 1992.gada ir ar\u012b Olimpisk\u0101 discipl\u012bna.<\/p>\n\n\n\n<p>Valmieras Sporta skol\u0101 vasaras period\u0101 audz\u0113k\u0146i apg\u016bst air\u0113\u0161anas prasmes air\u0113\u0161anas b\u0101z\u0113 \u201cKr\u0101ces\u201d, savuk\u0101rt ziem\u0101 &#8211; peld, sl\u0113po un uzlabo savu fizisko sagatavot\u012bbu.<\/p>\n\n\n\n<p>Intere\u0161u izgl\u012bt\u012bbas programmas uzdevums ir apg\u016bt sporta veida pamatprasmes. Dal\u012bba sacens\u012bb\u0101s nav oblig\u0101ta. Programm\u0101 audz\u0113k\u0146us uz\u0146em vecum\u0101 no 10-18 gadiem (z\u0113nus un meitenes).<\/p>\n\n\n<style>.wp-block-kadence-advancedheading.kt-adv-heading68_917ffc-cc, .wp-block-kadence-advancedheading.kt-adv-heading68_917ffc-cc[data-kb-block=\"kb-adv-heading68_917ffc-cc\"]{text-align:center;font-style:normal;}.wp-block-kadence-advancedheading.kt-adv-heading68_917ffc-cc mark.kt-highlight, .wp-block-kadence-advancedheading.kt-adv-heading68_917ffc-cc[data-kb-block=\"kb-adv-heading68_917ffc-cc\"] mark.kt-highlight{font-style:normal;color:#f76a0c;-webkit-box-decoration-break:clone;box-decoration-break:clone;padding-top:0px;padding-right:0px;padding-bottom:0px;padding-left:0px;}.wp-block-kadence-advancedheading.kt-adv-heading68_917ffc-cc img.kb-inline-image, .wp-block-kadence-advancedheading.kt-adv-heading68_917ffc-cc[data-kb-block=\"kb-adv-heading68_917ffc-cc\"] img.kb-inline-image{width:150px;vertical-align:baseline;}<\/style>\n<h2 class=\"kt-adv-heading68_917ffc-cc wp-block-kadence-advancedheading\" data-kb-block=\"kb-adv-heading68_917ffc-cc\"><strong>Treneri<\/strong><\/h2>\n\n\n\n<figure class=\"wp-block-table\"><table class=\"has-fixed-layout\"><tbody><tr><td class=\"has-text-align-center\" data-align=\"center\"><strong>V\u0101rds Uzv\u0101rds<\/strong><\/td><td class=\"has-text-align-center\" data-align=\"center\"><strong>T\u0101lru\u0146a numurs<\/strong><\/td><td class=\"has-text-align-center\" data-align=\"center\"><strong>Vecuma grupa<\/strong><\/td><td class=\"has-text-align-center\" data-align=\"center\"><strong>Sertifik\u0101ts<\/strong><\/td><\/tr><tr><td class=\"has-text-align-center\" data-align=\"center\">L\u012bgonis Be\u010ders<\/td><td class=\"has-text-align-center\" data-align=\"center\">+371&nbsp;29223398<\/td><td class=\"has-text-align-center\" data-align=\"center\">Meiten\u0113m un z\u0113niem&nbsp;no 10 gadu vecuma<\/td><td class=\"has-text-align-center\" data-align=\"center\">C&nbsp;kategorija<\/td><\/tr><tr><td class=\"has-text-align-center\" data-align=\"center\">Kri\u0161s Ozols<\/td><td class=\"has-text-align-center\" data-align=\"center\">+371 28397528<\/td><td class=\"has-text-align-center\" data-align=\"center\">Meiten\u0113m un z\u0113niem no 10 gadu vecuma<\/td><td class=\"has-text-align-center\" data-align=\"center\">C&nbsp;kategorija<\/td><\/tr><\/tbody><\/table><\/figure>\n\n\n\n<p><\/p>\n","protected":false},"excerpt":{"rendered":"<p>Intere\u0161u izgl\u012bt\u012bbas sporta programma &#8220;Air\u0113\u0161anas slaloms&#8221; Air\u0113\u0161anas slaloms ir nedaudz ekstr\u0113ms sporta veids uz \u016bdens &#8211; air\u0113\u0161anas sporta discipl\u012bna, kur\u0101 [&hellip;]<\/p>\n","protected":false},"author":35,"featured_media":0,"parent":0,"menu_order":0,"comment_status":"closed","ping_status":"closed","template":"","meta":{"_acf_changed":false,"site-sidebar-layout":"default","site-content-layout":"","ast-site-content-layout":"","site-content-style":"default","site-sidebar-style":"default","ast-global-header-display":"","ast-banner-title-visibility":"","ast-main-header-display":"","ast-hfb-above-header-display":"","ast-hfb-below-header-display":"","ast-hfb-mobile-header-display":"","site-post-title":"disabled","ast-breadcrumbs-content":"","ast-featured-img":"","footer-sml-layout":"","ast-disable-related-posts":"","theme-transparent-header-meta":"","adv-header-id-meta":"","stick-header-meta":"","header-above-stick-meta":"","header-main-stick-meta":"","header-below-stick-meta":"","astra-migrate-meta-layouts":"default","ast-page-background-enabled":"default","ast-page-background-meta":{"desktop":{"background-color":"var(--ast-global-color-5)","background-image":"","background-repeat":"repeat","background-position":"center center","background-size":"auto","background-attachment":"scroll","background-type":"","background-media":"","overlay-type":"","overlay-color":"","overlay-opacity":"","overlay-gradient":""},"tablet":{"background-color":"","background-image":"","background-repeat":"repeat","background-position":"center center","background-size":"auto","background-attachment":"scroll","background-type":"","background-media":"","overlay-type":"","overlay-color":"","overlay-opacity":"","overlay-gradient":""},"mobile":{"background-color":"","background-image":"","background-repeat":"repeat","background-position":"center center","background-size":"auto","background-attachment":"scroll","background-type":"","background-media":"","overlay-type":"","overlay-color":"","overlay-opacity":"","overlay-gradient":""}},"ast-content-background-meta":{"desktop":{"background-color":"var(--ast-global-color-4)","background-image":"","background-repeat":"repeat","background-position":"center center","background-size":"auto","background-attachment":"scroll","background-type":"","background-media":"","overlay-type":"","overlay-color":"","overlay-opacity":"","overlay-gradient":""},"tablet":{"background-color":"var(--ast-global-color-4)","background-image":"","background-repeat":"repeat","background-position":"center center","background-size":"auto","background-attachment":"scroll","background-type":"","background-media":"","overlay-type":"","overlay-color":"","overlay-opacity":"","overlay-gradient":""},"mobile":{"background-color":"var(--ast-global-color-4)","background-image":"","background-repeat":"repeat","background-position":"center center","background-size":"auto","background-attachment":"scroll","background-type":"","background-media":"","overlay-type":"","overlay-color":"","overlay-opacity":"","overlay-gradient":""}},"footnotes":""},"class_list":["post-68","page","type-page","status-publish","hentry"],"acf":[],"yoast_head":"<!-- This site is optimized with the Yoast SEO plugin v27.0 - https:\/\/yoast.com\/product\/yoast-seo-wordpress\/ -->\n<title>Air\u0113\u0161anas slaloms - Valmieras Sporta skola<\/title>\n<meta name=\"description\" content=\"Intere\u0161u izgl\u012bt\u012bbas programmas Air\u0113\u0161anas slaloms pied\u0101v\u0101jums Valmieras Sporta skol\u0101\" \/>\n<meta name=\"robots\" content=\"index, follow, max-snippet:-1, max-image-preview:large, max-video-preview:-1\" \/>\n<link rel=\"canonical\" href=\"https:\/\/izglitiba.valmierasnovads.lv\/valmierassportaskola\/airesanas-slaloms\/\" \/>\n<meta property=\"og:locale\" content=\"lv_LV\" \/>\n<meta property=\"og:type\" content=\"article\" \/>\n<meta property=\"og:title\" content=\"Air\u0113\u0161anas slaloms - Valmieras Sporta skola\" \/>\n<meta property=\"og:description\" content=\"Intere\u0161u izgl\u012bt\u012bbas programmas Air\u0113\u0161anas slaloms pied\u0101v\u0101jums Valmieras Sporta skol\u0101\" \/>\n<meta property=\"og:url\" content=\"https:\/\/izglitiba.valmierasnovads.lv\/valmierassportaskola\/airesanas-slaloms\/\" \/>\n<meta property=\"og:site_name\" content=\"Valmieras Sporta skola\" \/>\n<meta property=\"article:modified_time\" content=\"2025-09-19T06:19:53+00:00\" \/>\n<meta property=\"og:image\" content=\"https:\/\/izglitiba.valmierasnovads.lv\/valmierassportaskola\/wp-content\/uploads\/sites\/32\/2025\/08\/1.png\" \/>\n\t<meta property=\"og:image:width\" content=\"1312\" \/>\n\t<meta property=\"og:image:height\" content=\"499\" \/>\n\t<meta property=\"og:image:type\" content=\"image\/png\" \/>\n<meta name=\"twitter:card\" content=\"summary_large_image\" \/>\n<meta name=\"twitter:label1\" content=\"Est. reading time\" \/>\n\t<meta name=\"twitter:data1\" content=\"1 min\u016bte\" \/>\n<script type=\"application\/ld+json\" class=\"yoast-schema-graph\">{\"@context\":\"https:\/\/schema.org\",\"@graph\":[{\"@type\":\"WebPage\",\"@id\":\"https:\/\/izglitiba.valmierasnovads.lv\/valmierassportaskola\/airesanas-slaloms\/\",\"url\":\"https:\/\/izglitiba.valmierasnovads.lv\/valmierassportaskola\/airesanas-slaloms\/\",\"name\":\"Air\u0113\u0161anas slaloms - Valmieras Sporta skola\",\"isPartOf\":{\"@id\":\"https:\/\/izglitiba.valmierasnovads.lv\/valmierassportaskola\/#website\"},\"primaryImageOfPage\":{\"@id\":\"https:\/\/izglitiba.valmierasnovads.lv\/valmierassportaskola\/airesanas-slaloms\/#primaryimage\"},\"image\":{\"@id\":\"https:\/\/izglitiba.valmierasnovads.lv\/valmierassportaskola\/airesanas-slaloms\/#primaryimage\"},\"thumbnailUrl\":\"https:\/\/izglitiba.valmierasnovads.lv\/valmierassportaskola\/wp-content\/uploads\/sites\/32\/2025\/08\/1-1024x389.png\",\"datePublished\":\"2025-06-26T13:33:11+00:00\",\"dateModified\":\"2025-09-19T06:19:53+00:00\",\"description\":\"Intere\u0161u izgl\u012bt\u012bbas programmas Air\u0113\u0161anas slaloms pied\u0101v\u0101jums Valmieras Sporta skol\u0101\",\"breadcrumb\":{\"@id\":\"https:\/\/izglitiba.valmierasnovads.lv\/valmierassportaskola\/airesanas-slaloms\/#breadcrumb\"},\"inLanguage\":\"lv-LV\",\"potentialAction\":[{\"@type\":\"ReadAction\",\"target\":[\"https:\/\/izglitiba.valmierasnovads.lv\/valmierassportaskola\/airesanas-slaloms\/\"]}]},{\"@type\":\"ImageObject\",\"inLanguage\":\"lv-LV\",\"@id\":\"https:\/\/izglitiba.valmierasnovads.lv\/valmierassportaskola\/airesanas-slaloms\/#primaryimage\",\"url\":\"https:\/\/izglitiba.valmierasnovads.lv\/valmierassportaskola\/wp-content\/uploads\/sites\/32\/2025\/08\/1.png\",\"contentUrl\":\"https:\/\/izglitiba.valmierasnovads.lv\/valmierassportaskola\/wp-content\/uploads\/sites\/32\/2025\/08\/1.png\",\"width\":1312,\"height\":499},{\"@type\":\"BreadcrumbList\",\"@id\":\"https:\/\/izglitiba.valmierasnovads.lv\/valmierassportaskola\/airesanas-slaloms\/#breadcrumb\",\"itemListElement\":[{\"@type\":\"ListItem\",\"position\":1,\"name\":\"Home\",\"item\":\"https:\/\/izglitiba.valmierasnovads.lv\/valmierassportaskola\/\"},{\"@type\":\"ListItem\",\"position\":2,\"name\":\"Air\u0113\u0161anas slaloms\"}]},{\"@type\":\"WebSite\",\"@id\":\"https:\/\/izglitiba.valmierasnovads.lv\/valmierassportaskola\/#website\",\"url\":\"https:\/\/izglitiba.valmierasnovads.lv\/valmierassportaskola\/\",\"name\":\"Valmieras Sporta skola\",\"description\":\"\",\"publisher\":{\"@id\":\"https:\/\/izglitiba.valmierasnovads.lv\/valmierassportaskola\/#organization\"},\"potentialAction\":[{\"@type\":\"SearchAction\",\"target\":{\"@type\":\"EntryPoint\",\"urlTemplate\":\"https:\/\/izglitiba.valmierasnovads.lv\/valmierassportaskola\/?s={search_term_string}\"},\"query-input\":{\"@type\":\"PropertyValueSpecification\",\"valueRequired\":true,\"valueName\":\"search_term_string\"}}],\"inLanguage\":\"lv-LV\"},{\"@type\":\"Organization\",\"@id\":\"https:\/\/izglitiba.valmierasnovads.lv\/valmierassportaskola\/#organization\",\"name\":\"Valmieras Sporta skola\",\"url\":\"https:\/\/izglitiba.valmierasnovads.lv\/valmierassportaskola\/\",\"logo\":{\"@type\":\"ImageObject\",\"inLanguage\":\"lv-LV\",\"@id\":\"https:\/\/izglitiba.valmierasnovads.lv\/valmierassportaskola\/#\/schema\/logo\/image\/\",\"url\":\"https:\/\/izglitiba.valmierasnovads.lv\/valmierassportaskola\/wp-content\/uploads\/sites\/32\/2025\/06\/cropped-Logo_Valmieras_sporta_skola_melns-1.png\",\"contentUrl\":\"https:\/\/izglitiba.valmierasnovads.lv\/valmierassportaskola\/wp-content\/uploads\/sites\/32\/2025\/06\/cropped-Logo_Valmieras_sporta_skola_melns-1.png\",\"width\":2354,\"height\":596,\"caption\":\"Valmieras Sporta skola\"},\"image\":{\"@id\":\"https:\/\/izglitiba.valmierasnovads.lv\/valmierassportaskola\/#\/schema\/logo\/image\/\"}}]}<\/script>\n<!-- \/ Yoast SEO plugin. -->","yoast_head_json":{"title":"Air\u0113\u0161anas slaloms - Valmieras Sporta skola","description":"Intere\u0161u izgl\u012bt\u012bbas programmas Air\u0113\u0161anas slaloms pied\u0101v\u0101jums Valmieras Sporta skol\u0101","robots":{"index":"index","follow":"follow","max-snippet":"max-snippet:-1","max-image-preview":"max-image-preview:large","max-video-preview":"max-video-preview:-1"},"canonical":"https:\/\/izglitiba.valmierasnovads.lv\/valmierassportaskola\/airesanas-slaloms\/","og_locale":"lv_LV","og_type":"article","og_title":"Air\u0113\u0161anas slaloms - Valmieras Sporta skola","og_description":"Intere\u0161u izgl\u012bt\u012bbas programmas Air\u0113\u0161anas slaloms pied\u0101v\u0101jums Valmieras Sporta skol\u0101","og_url":"https:\/\/izglitiba.valmierasnovads.lv\/valmierassportaskola\/airesanas-slaloms\/","og_site_name":"Valmieras Sporta skola","article_modified_time":"2025-09-19T06:19:53+00:00","og_image":[{"width":1312,"height":499,"url":"https:\/\/izglitiba.valmierasnovads.lv\/valmierassportaskola\/wp-content\/uploads\/sites\/32\/2025\/08\/1.png","type":"image\/png"}],"twitter_card":"summary_large_image","twitter_misc":{"Est. reading time":"1 min\u016bte"},"schema":{"@context":"https:\/\/schema.org","@graph":[{"@type":"WebPage","@id":"https:\/\/izglitiba.valmierasnovads.lv\/valmierassportaskola\/airesanas-slaloms\/","url":"https:\/\/izglitiba.valmierasnovads.lv\/valmierassportaskola\/airesanas-slaloms\/","name":"Air\u0113\u0161anas slaloms - Valmieras Sporta skola","isPartOf":{"@id":"https:\/\/izglitiba.valmierasnovads.lv\/valmierassportaskola\/#website"},"primaryImageOfPage":{"@id":"https:\/\/izglitiba.valmierasnovads.lv\/valmierassportaskola\/airesanas-slaloms\/#primaryimage"},"image":{"@id":"https:\/\/izglitiba.valmierasnovads.lv\/valmierassportaskola\/airesanas-slaloms\/#primaryimage"},"thumbnailUrl":"https:\/\/izglitiba.valmierasnovads.lv\/valmierassportaskola\/wp-content\/uploads\/sites\/32\/2025\/08\/1-1024x389.png","datePublished":"2025-06-26T13:33:11+00:00","dateModified":"2025-09-19T06:19:53+00:00","description":"Intere\u0161u izgl\u012bt\u012bbas programmas Air\u0113\u0161anas slaloms pied\u0101v\u0101jums Valmieras Sporta skol\u0101","breadcrumb":{"@id":"https:\/\/izglitiba.valmierasnovads.lv\/valmierassportaskola\/airesanas-slaloms\/#breadcrumb"},"inLanguage":"lv-LV","potentialAction":[{"@type":"ReadAction","target":["https:\/\/izglitiba.valmierasnovads.lv\/valmierassportaskola\/airesanas-slaloms\/"]}]},{"@type":"ImageObject","inLanguage":"lv-LV","@id":"https:\/\/izglitiba.valmierasnovads.lv\/valmierassportaskola\/airesanas-slaloms\/#primaryimage","url":"https:\/\/izglitiba.valmierasnovads.lv\/valmierassportaskola\/wp-content\/uploads\/sites\/32\/2025\/08\/1.png","contentUrl":"https:\/\/izglitiba.valmierasnovads.lv\/valmierassportaskola\/wp-content\/uploads\/sites\/32\/2025\/08\/1.png","width":1312,"height":499},{"@type":"BreadcrumbList","@id":"https:\/\/izglitiba.valmierasnovads.lv\/valmierassportaskola\/airesanas-slaloms\/#breadcrumb","itemListElement":[{"@type":"ListItem","position":1,"name":"Home","item":"https:\/\/izglitiba.valmierasnovads.lv\/valmierassportaskola\/"},{"@type":"ListItem","position":2,"name":"Air\u0113\u0161anas slaloms"}]},{"@type":"WebSite","@id":"https:\/\/izglitiba.valmierasnovads.lv\/valmierassportaskola\/#website","url":"https:\/\/izglitiba.valmierasnovads.lv\/valmierassportaskola\/","name":"Valmieras Sporta skola","description":"","publisher":{"@id":"https:\/\/izglitiba.valmierasnovads.lv\/valmierassportaskola\/#organization"},"potentialAction":[{"@type":"SearchAction","target":{"@type":"EntryPoint","urlTemplate":"https:\/\/izglitiba.valmierasnovads.lv\/valmierassportaskola\/?s={search_term_string}"},"query-input":{"@type":"PropertyValueSpecification","valueRequired":true,"valueName":"search_term_string"}}],"inLanguage":"lv-LV"},{"@type":"Organization","@id":"https:\/\/izglitiba.valmierasnovads.lv\/valmierassportaskola\/#organization","name":"Valmieras Sporta skola","url":"https:\/\/izglitiba.valmierasnovads.lv\/valmierassportaskola\/","logo":{"@type":"ImageObject","inLanguage":"lv-LV","@id":"https:\/\/izglitiba.valmierasnovads.lv\/valmierassportaskola\/#\/schema\/logo\/image\/","url":"https:\/\/izglitiba.valmierasnovads.lv\/valmierassportaskola\/wp-content\/uploads\/sites\/32\/2025\/06\/cropped-Logo_Valmieras_sporta_skola_melns-1.png","contentUrl":"https:\/\/izglitiba.valmierasnovads.lv\/valmierassportaskola\/wp-content\/uploads\/sites\/32\/2025\/06\/cropped-Logo_Valmieras_sporta_skola_melns-1.png","width":2354,"height":596,"caption":"Valmieras Sporta skola"},"image":{"@id":"https:\/\/izglitiba.valmierasnovads.lv\/valmierassportaskola\/#\/schema\/logo\/image\/"}}]}},"_links":{"self":[{"href":"https:\/\/izglitiba.valmierasnovads.lv\/valmierassportaskola\/wp-json\/wp\/v2\/pages\/68","targetHints":{"allow":["GET"]}}],"collection":[{"href":"https:\/\/izglitiba.valmierasnovads.lv\/valmierassportaskola\/wp-json\/wp\/v2\/pages"}],"about":[{"href":"https:\/\/izglitiba.valmierasnovads.lv\/valmierassportaskola\/wp-json\/wp\/v2\/types\/page"}],"author":[{"embeddable":true,"href":"https:\/\/izglitiba.valmierasnovads.lv\/valmierassportaskola\/wp-json\/wp\/v2\/users\/35"}],"replies":[{"embeddable":true,"href":"https:\/\/izglitiba.valmierasnovads.lv\/valmierassportaskola\/wp-json\/wp\/v2\/comments?post=68"}],"version-history":[{"count":7,"href":"https:\/\/izglitiba.valmierasnovads.lv\/valmierassportaskola\/wp-json\/wp\/v2\/pages\/68\/revisions"}],"predecessor-version":[{"id":454,"href":"https:\/\/izglitiba.valmierasnovads.lv\/valmierassportaskola\/wp-json\/wp\/v2\/pages\/68\/revisions\/454"}],"wp:attachment":[{"href":"https:\/\/izglitiba.valmierasnovads.lv\/valmierassportaskola\/wp-json\/wp\/v2\/media?parent=68"}],"curies":[{"name":"wp","href":"https:\/\/api.w.org\/{rel}","templated":true}]}}