{"id":101,"date":"2025-09-15T10:14:47","date_gmt":"2025-09-15T07:14:47","guid":{"rendered":"https:\/\/izglitiba.valmierasnovads.lv\/valodzite\/?page_id=101"},"modified":"2025-10-02T15:46:37","modified_gmt":"2025-10-02T12:46:37","slug":"projekti","status":"publish","type":"page","link":"https:\/\/izglitiba.valmierasnovads.lv\/valodzite\/projekti\/","title":{"rendered":"Projekti"},"content":{"rendered":"\n<h2 class=\"wp-block-heading has-text-align-center\">Atkritumi k\u0101 resursi Latvij\u0101 &#8211; Re\u0123ion\u0101l\u0101s ilgtsp\u0113jas un aprites veicin\u0101\u0161ana, ievie\u0161ot atkritumus k\u0101 resursu izmanto\u0161anas koncepciju<\/h2>\n\n\n\n<blockquote class=\"wp-block-quote is-layout-flow wp-block-quote-is-layout-flow\">\n<p>M\u0113r\u0137is ir samazin\u0101t atkritumu ra\u0161anos, izmantojot atbalsta materi\u0101lus \u201cNo atkritumiem uz resursiem\u201d pirmsskolas nodarb\u012bb\u0101m skolot\u0101jiem, lai papla\u0161in\u0101tu b\u0113rnu zin\u0101\u0161anas un nostiprin\u0101tu ieradumus, \u012bstenojot m\u0101c\u012bbu aktivit\u0101tes par videi draudz\u012bgiem tematiem b\u0113rniem saprotam\u0101 veid\u0101. <\/p>\n\n\n\n<p>Tiek nodro\u0161in\u0101ti izgl\u012btojo\u0161i semin\u0101ri projekta koordinatoriem, k\u0101 ar\u012b finans\u0113jums iest\u0101dei invent\u0101ra un nepiecie\u0161amo materi\u0101lu ieg\u0101dei.<\/p>\n<\/blockquote>\n\n\n\n<p><\/p>\n","protected":false},"excerpt":{"rendered":"<p>Atkritumi k\u0101 resursi Latvij\u0101 &#8211; Re\u0123ion\u0101l\u0101s ilgtsp\u0113jas un aprites veicin\u0101\u0161ana, ievie\u0161ot atkritumus k\u0101 resursu izmanto\u0161anas koncepciju M\u0113r\u0137is ir samazin\u0101t atkritumu [&hellip;]<\/p>\n","protected":false},"author":25,"featured_media":0,"parent":0,"menu_order":0,"comment_status":"closed","ping_status":"closed","template":"","meta":{"_acf_changed":false,"site-sidebar-layout":"default","site-content-layout":"","ast-site-content-layout":"default","site-content-style":"default","site-sidebar-style":"default","ast-global-header-display":"","ast-banner-title-visibility":"","ast-main-header-display":"","ast-hfb-above-header-display":"","ast-hfb-below-header-display":"","ast-hfb-mobile-header-display":"","site-post-title":"","ast-breadcrumbs-content":"","ast-featured-img":"","footer-sml-layout":"","ast-disable-related-posts":"","theme-transparent-header-meta":"","adv-header-id-meta":"","stick-header-meta":"","header-above-stick-meta":"","header-main-stick-meta":"","header-below-stick-meta":"","astra-migrate-meta-layouts":"default","ast-page-background-enabled":"default","ast-page-background-meta":{"desktop":{"background-color":"var(--ast-global-color-5)","background-image":"","background-repeat":"repeat","background-position":"center center","background-size":"auto","background-attachment":"scroll","background-type":"","background-media":"","overlay-type":"","overlay-color":"","overlay-opacity":"","overlay-gradient":""},"tablet":{"background-color":"","background-image":"","background-repeat":"repeat","background-position":"center center","background-size":"auto","background-attachment":"scroll","background-type":"","background-media":"","overlay-type":"","overlay-color":"","overlay-opacity":"","overlay-gradient":""},"mobile":{"background-color":"","background-image":"","background-repeat":"repeat","background-position":"center center","background-size":"auto","background-attachment":"scroll","background-type":"","background-media":"","overlay-type":"","overlay-color":"","overlay-opacity":"","overlay-gradient":""}},"ast-content-background-meta":{"desktop":{"background-color":"var(--ast-global-color-4)","background-image":"","background-repeat":"repeat","background-position":"center center","background-size":"auto","background-attachment":"scroll","background-type":"","background-media":"","overlay-type":"","overlay-color":"","overlay-opacity":"","overlay-gradient":""},"tablet":{"background-color":"var(--ast-global-color-4)","background-image":"","background-repeat":"repeat","background-position":"center center","background-size":"auto","background-attachment":"scroll","background-type":"","background-media":"","overlay-type":"","overlay-color":"","overlay-opacity":"","overlay-gradient":""},"mobile":{"background-color":"var(--ast-global-color-4)","background-image":"","background-repeat":"repeat","background-position":"center center","background-size":"auto","background-attachment":"scroll","background-type":"","background-media":"","overlay-type":"","overlay-color":"","overlay-opacity":"","overlay-gradient":""}},"footnotes":""},"class_list":["post-101","page","type-page","status-publish","hentry"],"acf":[],"yoast_head":"<!-- This site is optimized with the Yoast SEO plugin v27.0 - https:\/\/yoast.com\/product\/yoast-seo-wordpress\/ -->\n<title>Projekti - Valmieras pirmsskolas izgl\u012bt\u012bbas iest\u0101de \u201cV\u0101lodz\u012bte\u201d<\/title>\n<meta name=\"robots\" content=\"index, follow, max-snippet:-1, max-image-preview:large, max-video-preview:-1\" \/>\n<link rel=\"canonical\" href=\"https:\/\/izglitiba.valmierasnovads.lv\/valodzite\/projekti\/\" \/>\n<meta property=\"og:locale\" content=\"lv_LV\" \/>\n<meta property=\"og:type\" content=\"article\" \/>\n<meta property=\"og:title\" content=\"Projekti - Valmieras pirmsskolas izgl\u012bt\u012bbas iest\u0101de \u201cV\u0101lodz\u012bte\u201d\" \/>\n<meta property=\"og:description\" content=\"Atkritumi k\u0101 resursi Latvij\u0101 &#8211; Re\u0123ion\u0101l\u0101s ilgtsp\u0113jas un aprites veicin\u0101\u0161ana, ievie\u0161ot atkritumus k\u0101 resursu izmanto\u0161anas koncepciju M\u0113r\u0137is ir samazin\u0101t atkritumu [&hellip;]\" \/>\n<meta property=\"og:url\" content=\"https:\/\/izglitiba.valmierasnovads.lv\/valodzite\/projekti\/\" \/>\n<meta property=\"og:site_name\" content=\"Valmieras pirmsskolas izgl\u012bt\u012bbas iest\u0101de \u201cV\u0101lodz\u012bte\u201d\" \/>\n<meta property=\"article:modified_time\" content=\"2025-10-02T12:46:37+00:00\" \/>\n<meta name=\"twitter:card\" content=\"summary_large_image\" \/>\n<meta name=\"twitter:label1\" content=\"Est. reading time\" \/>\n\t<meta name=\"twitter:data1\" content=\"1 min\u016bte\" \/>\n<script type=\"application\/ld+json\" class=\"yoast-schema-graph\">{\"@context\":\"https:\/\/schema.org\",\"@graph\":[{\"@type\":\"WebPage\",\"@id\":\"https:\/\/izglitiba.valmierasnovads.lv\/valodzite\/projekti\/\",\"url\":\"https:\/\/izglitiba.valmierasnovads.lv\/valodzite\/projekti\/\",\"name\":\"Projekti - Valmieras pirmsskolas izgl\u012bt\u012bbas iest\u0101de \u201cV\u0101lodz\u012bte\u201d\",\"isPartOf\":{\"@id\":\"https:\/\/izglitiba.valmierasnovads.lv\/valodzite\/#website\"},\"datePublished\":\"2025-09-15T07:14:47+00:00\",\"dateModified\":\"2025-10-02T12:46:37+00:00\",\"breadcrumb\":{\"@id\":\"https:\/\/izglitiba.valmierasnovads.lv\/valodzite\/projekti\/#breadcrumb\"},\"inLanguage\":\"lv-LV\",\"potentialAction\":[{\"@type\":\"ReadAction\",\"target\":[\"https:\/\/izglitiba.valmierasnovads.lv\/valodzite\/projekti\/\"]}]},{\"@type\":\"BreadcrumbList\",\"@id\":\"https:\/\/izglitiba.valmierasnovads.lv\/valodzite\/projekti\/#breadcrumb\",\"itemListElement\":[{\"@type\":\"ListItem\",\"position\":1,\"name\":\"Home\",\"item\":\"https:\/\/izglitiba.valmierasnovads.lv\/valodzite\/\"},{\"@type\":\"ListItem\",\"position\":2,\"name\":\"Projekti\"}]},{\"@type\":\"WebSite\",\"@id\":\"https:\/\/izglitiba.valmierasnovads.lv\/valodzite\/#website\",\"url\":\"https:\/\/izglitiba.valmierasnovads.lv\/valodzite\/\",\"name\":\"Valmieras pirmsskolas izgl\u012bt\u012bbas iest\u0101de \u201cV\u0101lodz\u012bte\u201d\",\"description\":\"\",\"publisher\":{\"@id\":\"https:\/\/izglitiba.valmierasnovads.lv\/valodzite\/#organization\"},\"potentialAction\":[{\"@type\":\"SearchAction\",\"target\":{\"@type\":\"EntryPoint\",\"urlTemplate\":\"https:\/\/izglitiba.valmierasnovads.lv\/valodzite\/?s={search_term_string}\"},\"query-input\":{\"@type\":\"PropertyValueSpecification\",\"valueRequired\":true,\"valueName\":\"search_term_string\"}}],\"inLanguage\":\"lv-LV\"},{\"@type\":\"Organization\",\"@id\":\"https:\/\/izglitiba.valmierasnovads.lv\/valodzite\/#organization\",\"name\":\"Valmieras pirmsskolas izgl\u012bt\u012bbas iest\u0101de \u201cV\u0101lodz\u012bte\u201d\",\"url\":\"https:\/\/izglitiba.valmierasnovads.lv\/valodzite\/\",\"logo\":{\"@type\":\"ImageObject\",\"inLanguage\":\"lv-LV\",\"@id\":\"https:\/\/izglitiba.valmierasnovads.lv\/valodzite\/#\/schema\/logo\/image\/\",\"url\":\"https:\/\/izglitiba.valmierasnovads.lv\/valodzite\/wp-content\/uploads\/sites\/10\/2026\/03\/cropped-Pirmsskolas-izglitibas-iestades-ar-pasu-logo-12-scaled-1.png\",\"contentUrl\":\"https:\/\/izglitiba.valmierasnovads.lv\/valodzite\/wp-content\/uploads\/sites\/10\/2026\/03\/cropped-Pirmsskolas-izglitibas-iestades-ar-pasu-logo-12-scaled-1.png\",\"width\":1399,\"height\":405,\"caption\":\"Valmieras pirmsskolas izgl\u012bt\u012bbas iest\u0101de \u201cV\u0101lodz\u012bte\u201d\"},\"image\":{\"@id\":\"https:\/\/izglitiba.valmierasnovads.lv\/valodzite\/#\/schema\/logo\/image\/\"}}]}<\/script>\n<!-- \/ Yoast SEO plugin. -->","yoast_head_json":{"title":"Projekti - Valmieras pirmsskolas izgl\u012bt\u012bbas iest\u0101de \u201cV\u0101lodz\u012bte\u201d","robots":{"index":"index","follow":"follow","max-snippet":"max-snippet:-1","max-image-preview":"max-image-preview:large","max-video-preview":"max-video-preview:-1"},"canonical":"https:\/\/izglitiba.valmierasnovads.lv\/valodzite\/projekti\/","og_locale":"lv_LV","og_type":"article","og_title":"Projekti - Valmieras pirmsskolas izgl\u012bt\u012bbas iest\u0101de \u201cV\u0101lodz\u012bte\u201d","og_description":"Atkritumi k\u0101 resursi Latvij\u0101 &#8211; Re\u0123ion\u0101l\u0101s ilgtsp\u0113jas un aprites veicin\u0101\u0161ana, ievie\u0161ot atkritumus k\u0101 resursu izmanto\u0161anas koncepciju M\u0113r\u0137is ir samazin\u0101t atkritumu [&hellip;]","og_url":"https:\/\/izglitiba.valmierasnovads.lv\/valodzite\/projekti\/","og_site_name":"Valmieras pirmsskolas izgl\u012bt\u012bbas iest\u0101de \u201cV\u0101lodz\u012bte\u201d","article_modified_time":"2025-10-02T12:46:37+00:00","twitter_card":"summary_large_image","twitter_misc":{"Est. reading time":"1 min\u016bte"},"schema":{"@context":"https:\/\/schema.org","@graph":[{"@type":"WebPage","@id":"https:\/\/izglitiba.valmierasnovads.lv\/valodzite\/projekti\/","url":"https:\/\/izglitiba.valmierasnovads.lv\/valodzite\/projekti\/","name":"Projekti - Valmieras pirmsskolas izgl\u012bt\u012bbas iest\u0101de \u201cV\u0101lodz\u012bte\u201d","isPartOf":{"@id":"https:\/\/izglitiba.valmierasnovads.lv\/valodzite\/#website"},"datePublished":"2025-09-15T07:14:47+00:00","dateModified":"2025-10-02T12:46:37+00:00","breadcrumb":{"@id":"https:\/\/izglitiba.valmierasnovads.lv\/valodzite\/projekti\/#breadcrumb"},"inLanguage":"lv-LV","potentialAction":[{"@type":"ReadAction","target":["https:\/\/izglitiba.valmierasnovads.lv\/valodzite\/projekti\/"]}]},{"@type":"BreadcrumbList","@id":"https:\/\/izglitiba.valmierasnovads.lv\/valodzite\/projekti\/#breadcrumb","itemListElement":[{"@type":"ListItem","position":1,"name":"Home","item":"https:\/\/izglitiba.valmierasnovads.lv\/valodzite\/"},{"@type":"ListItem","position":2,"name":"Projekti"}]},{"@type":"WebSite","@id":"https:\/\/izglitiba.valmierasnovads.lv\/valodzite\/#website","url":"https:\/\/izglitiba.valmierasnovads.lv\/valodzite\/","name":"Valmieras pirmsskolas izgl\u012bt\u012bbas iest\u0101de \u201cV\u0101lodz\u012bte\u201d","description":"","publisher":{"@id":"https:\/\/izglitiba.valmierasnovads.lv\/valodzite\/#organization"},"potentialAction":[{"@type":"SearchAction","target":{"@type":"EntryPoint","urlTemplate":"https:\/\/izglitiba.valmierasnovads.lv\/valodzite\/?s={search_term_string}"},"query-input":{"@type":"PropertyValueSpecification","valueRequired":true,"valueName":"search_term_string"}}],"inLanguage":"lv-LV"},{"@type":"Organization","@id":"https:\/\/izglitiba.valmierasnovads.lv\/valodzite\/#organization","name":"Valmieras pirmsskolas izgl\u012bt\u012bbas iest\u0101de \u201cV\u0101lodz\u012bte\u201d","url":"https:\/\/izglitiba.valmierasnovads.lv\/valodzite\/","logo":{"@type":"ImageObject","inLanguage":"lv-LV","@id":"https:\/\/izglitiba.valmierasnovads.lv\/valodzite\/#\/schema\/logo\/image\/","url":"https:\/\/izglitiba.valmierasnovads.lv\/valodzite\/wp-content\/uploads\/sites\/10\/2026\/03\/cropped-Pirmsskolas-izglitibas-iestades-ar-pasu-logo-12-scaled-1.png","contentUrl":"https:\/\/izglitiba.valmierasnovads.lv\/valodzite\/wp-content\/uploads\/sites\/10\/2026\/03\/cropped-Pirmsskolas-izglitibas-iestades-ar-pasu-logo-12-scaled-1.png","width":1399,"height":405,"caption":"Valmieras pirmsskolas izgl\u012bt\u012bbas iest\u0101de \u201cV\u0101lodz\u012bte\u201d"},"image":{"@id":"https:\/\/izglitiba.valmierasnovads.lv\/valodzite\/#\/schema\/logo\/image\/"}}]}},"_links":{"self":[{"href":"https:\/\/izglitiba.valmierasnovads.lv\/valodzite\/wp-json\/wp\/v2\/pages\/101","targetHints":{"allow":["GET"]}}],"collection":[{"href":"https:\/\/izglitiba.valmierasnovads.lv\/valodzite\/wp-json\/wp\/v2\/pages"}],"about":[{"href":"https:\/\/izglitiba.valmierasnovads.lv\/valodzite\/wp-json\/wp\/v2\/types\/page"}],"author":[{"embeddable":true,"href":"https:\/\/izglitiba.valmierasnovads.lv\/valodzite\/wp-json\/wp\/v2\/users\/25"}],"replies":[{"embeddable":true,"href":"https:\/\/izglitiba.valmierasnovads.lv\/valodzite\/wp-json\/wp\/v2\/comments?post=101"}],"version-history":[{"count":2,"href":"https:\/\/izglitiba.valmierasnovads.lv\/valodzite\/wp-json\/wp\/v2\/pages\/101\/revisions"}],"predecessor-version":[{"id":162,"href":"https:\/\/izglitiba.valmierasnovads.lv\/valodzite\/wp-json\/wp\/v2\/pages\/101\/revisions\/162"}],"wp:attachment":[{"href":"https:\/\/izglitiba.valmierasnovads.lv\/valodzite\/wp-json\/wp\/v2\/media?parent=101"}],"curies":[{"name":"wp","href":"https:\/\/api.w.org\/{rel}","templated":true}]}}