{"id":176,"date":"2026-01-30T17:32:51","date_gmt":"2026-01-30T15:32:51","guid":{"rendered":"https:\/\/izglitiba.valmierasnovads.lv\/valodzite\/?page_id=176"},"modified":"2026-03-02T15:21:50","modified_gmt":"2026-03-02T13:21:50","slug":"uznemsana","status":"publish","type":"page","link":"https:\/\/izglitiba.valmierasnovads.lv\/valodzite\/uznemsana\/","title":{"rendered":"Uz\u0146em\u0161ana"},"content":{"rendered":"<div class=\"text_with_title\">\n    <div class=\"text_title\">\n        B\u0113rna re\u0123istr\u0113\u0161ana uz\u0146em\u0161anai pirmsskolas izgl\u012bt\u012bbas iest\u0101d\u0113\n        <div class=\"text_text\">\n             B\u0113rna re\u0123istr\u0101ciju uz\u0146em\u0161anai pirmsskolas izgl\u012bt\u012bbas iest\u0101d\u0113 (turpm\u0101k \u2013 PII), b\u0113rnu nodro\u0161in\u0101\u0161anu ar vietu iest\u0101d\u0113 un iest\u0101des mai\u0146u nodro\u0161ina Valmieras novada Izgl\u012bt\u012bbas p\u0101rvalde (turpm\u0101k \u2013 P\u0101rvalde). B\u0113rnu re\u0123istr\u0101ciju un vietas pie\u0161\u0137ir\u0161anu uz\u0146em\u0161anai speci\u0101laj\u0101 izgl\u012bt\u012bbas iest\u0101d\u0113 nodro\u0161ina speci\u0101l\u0101 izgl\u012bt\u012bbas iest\u0101de normat\u012bvajos aktos un speci\u0101l\u0101s izgl\u012bt\u012bbas iest\u0101des noteiktaj\u0101 k\u0101rt\u012bb\u0101. Ar vietu PII tiek nodro\u0161in\u0101ti b\u0113rni vecum\u0101 no pusotra gada vecuma l\u012bdz pamatizgl\u012bt\u012bbas programmas apguves uzs\u0101k\u0161anai.         <\/div>\n    <\/div>\n<\/div>\n\n\n<p><\/p>\n\n\n\n<p><a href=\"https:\/\/www.valmierasnovads.lv\/pakalpojums\/berna-registresana-uznemsanai-pirmsskolas-izglitibas-iestade\">https:\/\/www.valmierasnovads.lv\/pakalpojums\/berna-registresana-uznemsanai-pirmsskolas-izglitibas-iestade<\/a><\/p>\n\n\n\n<p><a href=\"https:\/\/www.valmierasnovads.lv\/dokumenti\/pieteikums-par-berna-registraciju-uznemsanai-pirmsskolas-izglitibas-iestade\">https:\/\/www.valmierasnovads.lv\/dokumenti\/pieteikums-par-berna-registraciju-uznemsanai-pirmsskolas-izglitibas-iestade<\/a><\/p>\n\n\n\n<p><\/p>\n","protected":false},"excerpt":{"rendered":"<p>https:\/\/www.valmierasnovads.lv\/pakalpojums\/berna-registresana-uznemsanai-pirmsskolas-izglitibas-iestade https:\/\/www.valmierasnovads.lv\/dokumenti\/pieteikums-par-berna-registraciju-uznemsanai-pirmsskolas-izglitibas-iestade<\/p>\n","protected":false},"author":25,"featured_media":0,"parent":0,"menu_order":0,"comment_status":"closed","ping_status":"closed","template":"","meta":{"_acf_changed":false,"site-sidebar-layout":"default","site-content-layout":"","ast-site-content-layout":"default","site-content-style":"default","site-sidebar-style":"default","ast-global-header-display":"","ast-banner-title-visibility":"","ast-main-header-display":"","ast-hfb-above-header-display":"","ast-hfb-below-header-display":"","ast-hfb-mobile-header-display":"","site-post-title":"","ast-breadcrumbs-content":"","ast-featured-img":"","footer-sml-layout":"","ast-disable-related-posts":"","theme-transparent-header-meta":"","adv-header-id-meta":"","stick-header-meta":"","header-above-stick-meta":"","header-main-stick-meta":"","header-below-stick-meta":"","astra-migrate-meta-layouts":"default","ast-page-background-enabled":"default","ast-page-background-meta":{"desktop":{"background-color":"var(--ast-global-color-5)","background-image":"","background-repeat":"repeat","background-position":"center center","background-size":"auto","background-attachment":"scroll","background-type":"","background-media":"","overlay-type":"","overlay-color":"","overlay-opacity":"","overlay-gradient":""},"tablet":{"background-color":"","background-image":"","background-repeat":"repeat","background-position":"center center","background-size":"auto","background-attachment":"scroll","background-type":"","background-media":"","overlay-type":"","overlay-color":"","overlay-opacity":"","overlay-gradient":""},"mobile":{"background-color":"","background-image":"","background-repeat":"repeat","background-position":"center center","background-size":"auto","background-attachment":"scroll","background-type":"","background-media":"","overlay-type":"","overlay-color":"","overlay-opacity":"","overlay-gradient":""}},"ast-content-background-meta":{"desktop":{"background-color":"var(--ast-global-color-4)","background-image":"","background-repeat":"repeat","background-position":"center center","background-size":"auto","background-attachment":"scroll","background-type":"","background-media":"","overlay-type":"","overlay-color":"","overlay-opacity":"","overlay-gradient":""},"tablet":{"background-color":"var(--ast-global-color-4)","background-image":"","background-repeat":"repeat","background-position":"center center","background-size":"auto","background-attachment":"scroll","background-type":"","background-media":"","overlay-type":"","overlay-color":"","overlay-opacity":"","overlay-gradient":""},"mobile":{"background-color":"var(--ast-global-color-4)","background-image":"","background-repeat":"repeat","background-position":"center center","background-size":"auto","background-attachment":"scroll","background-type":"","background-media":"","overlay-type":"","overlay-color":"","overlay-opacity":"","overlay-gradient":""}},"footnotes":""},"class_list":["post-176","page","type-page","status-publish","hentry"],"acf":[],"yoast_head":"<!-- This site is optimized with the Yoast SEO plugin v27.0 - https:\/\/yoast.com\/product\/yoast-seo-wordpress\/ -->\n<title>Uz\u0146em\u0161ana - Valmieras pirmsskolas izgl\u012bt\u012bbas iest\u0101de \u201cV\u0101lodz\u012bte\u201d<\/title>\n<meta name=\"robots\" content=\"index, follow, max-snippet:-1, max-image-preview:large, max-video-preview:-1\" \/>\n<link rel=\"canonical\" href=\"https:\/\/izglitiba.valmierasnovads.lv\/valodzite\/uznemsana\/\" \/>\n<meta property=\"og:locale\" content=\"lv_LV\" \/>\n<meta property=\"og:type\" content=\"article\" \/>\n<meta property=\"og:title\" content=\"Uz\u0146em\u0161ana - Valmieras pirmsskolas izgl\u012bt\u012bbas iest\u0101de \u201cV\u0101lodz\u012bte\u201d\" \/>\n<meta property=\"og:description\" content=\"https:\/\/www.valmierasnovads.lv\/pakalpojums\/berna-registresana-uznemsanai-pirmsskolas-izglitibas-iestade https:\/\/www.valmierasnovads.lv\/dokumenti\/pieteikums-par-berna-registraciju-uznemsanai-pirmsskolas-izglitibas-iestade\" \/>\n<meta property=\"og:url\" content=\"https:\/\/izglitiba.valmierasnovads.lv\/valodzite\/uznemsana\/\" \/>\n<meta property=\"og:site_name\" content=\"Valmieras pirmsskolas izgl\u012bt\u012bbas iest\u0101de \u201cV\u0101lodz\u012bte\u201d\" \/>\n<meta property=\"article:modified_time\" content=\"2026-03-02T13:21:50+00:00\" \/>\n<meta name=\"twitter:card\" content=\"summary_large_image\" \/>\n<meta name=\"twitter:label1\" content=\"Est. reading time\" \/>\n\t<meta name=\"twitter:data1\" content=\"1 min\u016bte\" \/>\n<script type=\"application\/ld+json\" class=\"yoast-schema-graph\">{\"@context\":\"https:\/\/schema.org\",\"@graph\":[{\"@type\":\"WebPage\",\"@id\":\"https:\/\/izglitiba.valmierasnovads.lv\/valodzite\/uznemsana\/\",\"url\":\"https:\/\/izglitiba.valmierasnovads.lv\/valodzite\/uznemsana\/\",\"name\":\"Uz\u0146em\u0161ana - Valmieras pirmsskolas izgl\u012bt\u012bbas iest\u0101de \u201cV\u0101lodz\u012bte\u201d\",\"isPartOf\":{\"@id\":\"https:\/\/izglitiba.valmierasnovads.lv\/valodzite\/#website\"},\"datePublished\":\"2026-01-30T15:32:51+00:00\",\"dateModified\":\"2026-03-02T13:21:50+00:00\",\"breadcrumb\":{\"@id\":\"https:\/\/izglitiba.valmierasnovads.lv\/valodzite\/uznemsana\/#breadcrumb\"},\"inLanguage\":\"lv-LV\",\"potentialAction\":[{\"@type\":\"ReadAction\",\"target\":[\"https:\/\/izglitiba.valmierasnovads.lv\/valodzite\/uznemsana\/\"]}]},{\"@type\":\"BreadcrumbList\",\"@id\":\"https:\/\/izglitiba.valmierasnovads.lv\/valodzite\/uznemsana\/#breadcrumb\",\"itemListElement\":[{\"@type\":\"ListItem\",\"position\":1,\"name\":\"Home\",\"item\":\"https:\/\/izglitiba.valmierasnovads.lv\/valodzite\/\"},{\"@type\":\"ListItem\",\"position\":2,\"name\":\"Uz\u0146em\u0161ana\"}]},{\"@type\":\"WebSite\",\"@id\":\"https:\/\/izglitiba.valmierasnovads.lv\/valodzite\/#website\",\"url\":\"https:\/\/izglitiba.valmierasnovads.lv\/valodzite\/\",\"name\":\"Valmieras pirmsskolas izgl\u012bt\u012bbas iest\u0101de \u201cV\u0101lodz\u012bte\u201d\",\"description\":\"\",\"publisher\":{\"@id\":\"https:\/\/izglitiba.valmierasnovads.lv\/valodzite\/#organization\"},\"potentialAction\":[{\"@type\":\"SearchAction\",\"target\":{\"@type\":\"EntryPoint\",\"urlTemplate\":\"https:\/\/izglitiba.valmierasnovads.lv\/valodzite\/?s={search_term_string}\"},\"query-input\":{\"@type\":\"PropertyValueSpecification\",\"valueRequired\":true,\"valueName\":\"search_term_string\"}}],\"inLanguage\":\"lv-LV\"},{\"@type\":\"Organization\",\"@id\":\"https:\/\/izglitiba.valmierasnovads.lv\/valodzite\/#organization\",\"name\":\"Valmieras pirmsskolas izgl\u012bt\u012bbas iest\u0101de \u201cV\u0101lodz\u012bte\u201d\",\"url\":\"https:\/\/izglitiba.valmierasnovads.lv\/valodzite\/\",\"logo\":{\"@type\":\"ImageObject\",\"inLanguage\":\"lv-LV\",\"@id\":\"https:\/\/izglitiba.valmierasnovads.lv\/valodzite\/#\/schema\/logo\/image\/\",\"url\":\"https:\/\/izglitiba.valmierasnovads.lv\/valodzite\/wp-content\/uploads\/sites\/10\/2026\/03\/cropped-Pirmsskolas-izglitibas-iestades-ar-pasu-logo-12-scaled-1.png\",\"contentUrl\":\"https:\/\/izglitiba.valmierasnovads.lv\/valodzite\/wp-content\/uploads\/sites\/10\/2026\/03\/cropped-Pirmsskolas-izglitibas-iestades-ar-pasu-logo-12-scaled-1.png\",\"width\":1399,\"height\":405,\"caption\":\"Valmieras pirmsskolas izgl\u012bt\u012bbas iest\u0101de \u201cV\u0101lodz\u012bte\u201d\"},\"image\":{\"@id\":\"https:\/\/izglitiba.valmierasnovads.lv\/valodzite\/#\/schema\/logo\/image\/\"}}]}<\/script>\n<!-- \/ Yoast SEO plugin. -->","yoast_head_json":{"title":"Uz\u0146em\u0161ana - Valmieras pirmsskolas izgl\u012bt\u012bbas iest\u0101de \u201cV\u0101lodz\u012bte\u201d","robots":{"index":"index","follow":"follow","max-snippet":"max-snippet:-1","max-image-preview":"max-image-preview:large","max-video-preview":"max-video-preview:-1"},"canonical":"https:\/\/izglitiba.valmierasnovads.lv\/valodzite\/uznemsana\/","og_locale":"lv_LV","og_type":"article","og_title":"Uz\u0146em\u0161ana - Valmieras pirmsskolas izgl\u012bt\u012bbas iest\u0101de \u201cV\u0101lodz\u012bte\u201d","og_description":"https:\/\/www.valmierasnovads.lv\/pakalpojums\/berna-registresana-uznemsanai-pirmsskolas-izglitibas-iestade https:\/\/www.valmierasnovads.lv\/dokumenti\/pieteikums-par-berna-registraciju-uznemsanai-pirmsskolas-izglitibas-iestade","og_url":"https:\/\/izglitiba.valmierasnovads.lv\/valodzite\/uznemsana\/","og_site_name":"Valmieras pirmsskolas izgl\u012bt\u012bbas iest\u0101de \u201cV\u0101lodz\u012bte\u201d","article_modified_time":"2026-03-02T13:21:50+00:00","twitter_card":"summary_large_image","twitter_misc":{"Est. reading time":"1 min\u016bte"},"schema":{"@context":"https:\/\/schema.org","@graph":[{"@type":"WebPage","@id":"https:\/\/izglitiba.valmierasnovads.lv\/valodzite\/uznemsana\/","url":"https:\/\/izglitiba.valmierasnovads.lv\/valodzite\/uznemsana\/","name":"Uz\u0146em\u0161ana - Valmieras pirmsskolas izgl\u012bt\u012bbas iest\u0101de \u201cV\u0101lodz\u012bte\u201d","isPartOf":{"@id":"https:\/\/izglitiba.valmierasnovads.lv\/valodzite\/#website"},"datePublished":"2026-01-30T15:32:51+00:00","dateModified":"2026-03-02T13:21:50+00:00","breadcrumb":{"@id":"https:\/\/izglitiba.valmierasnovads.lv\/valodzite\/uznemsana\/#breadcrumb"},"inLanguage":"lv-LV","potentialAction":[{"@type":"ReadAction","target":["https:\/\/izglitiba.valmierasnovads.lv\/valodzite\/uznemsana\/"]}]},{"@type":"BreadcrumbList","@id":"https:\/\/izglitiba.valmierasnovads.lv\/valodzite\/uznemsana\/#breadcrumb","itemListElement":[{"@type":"ListItem","position":1,"name":"Home","item":"https:\/\/izglitiba.valmierasnovads.lv\/valodzite\/"},{"@type":"ListItem","position":2,"name":"Uz\u0146em\u0161ana"}]},{"@type":"WebSite","@id":"https:\/\/izglitiba.valmierasnovads.lv\/valodzite\/#website","url":"https:\/\/izglitiba.valmierasnovads.lv\/valodzite\/","name":"Valmieras pirmsskolas izgl\u012bt\u012bbas iest\u0101de \u201cV\u0101lodz\u012bte\u201d","description":"","publisher":{"@id":"https:\/\/izglitiba.valmierasnovads.lv\/valodzite\/#organization"},"potentialAction":[{"@type":"SearchAction","target":{"@type":"EntryPoint","urlTemplate":"https:\/\/izglitiba.valmierasnovads.lv\/valodzite\/?s={search_term_string}"},"query-input":{"@type":"PropertyValueSpecification","valueRequired":true,"valueName":"search_term_string"}}],"inLanguage":"lv-LV"},{"@type":"Organization","@id":"https:\/\/izglitiba.valmierasnovads.lv\/valodzite\/#organization","name":"Valmieras pirmsskolas izgl\u012bt\u012bbas iest\u0101de \u201cV\u0101lodz\u012bte\u201d","url":"https:\/\/izglitiba.valmierasnovads.lv\/valodzite\/","logo":{"@type":"ImageObject","inLanguage":"lv-LV","@id":"https:\/\/izglitiba.valmierasnovads.lv\/valodzite\/#\/schema\/logo\/image\/","url":"https:\/\/izglitiba.valmierasnovads.lv\/valodzite\/wp-content\/uploads\/sites\/10\/2026\/03\/cropped-Pirmsskolas-izglitibas-iestades-ar-pasu-logo-12-scaled-1.png","contentUrl":"https:\/\/izglitiba.valmierasnovads.lv\/valodzite\/wp-content\/uploads\/sites\/10\/2026\/03\/cropped-Pirmsskolas-izglitibas-iestades-ar-pasu-logo-12-scaled-1.png","width":1399,"height":405,"caption":"Valmieras pirmsskolas izgl\u012bt\u012bbas iest\u0101de \u201cV\u0101lodz\u012bte\u201d"},"image":{"@id":"https:\/\/izglitiba.valmierasnovads.lv\/valodzite\/#\/schema\/logo\/image\/"}}]}},"_links":{"self":[{"href":"https:\/\/izglitiba.valmierasnovads.lv\/valodzite\/wp-json\/wp\/v2\/pages\/176","targetHints":{"allow":["GET"]}}],"collection":[{"href":"https:\/\/izglitiba.valmierasnovads.lv\/valodzite\/wp-json\/wp\/v2\/pages"}],"about":[{"href":"https:\/\/izglitiba.valmierasnovads.lv\/valodzite\/wp-json\/wp\/v2\/types\/page"}],"author":[{"embeddable":true,"href":"https:\/\/izglitiba.valmierasnovads.lv\/valodzite\/wp-json\/wp\/v2\/users\/25"}],"replies":[{"embeddable":true,"href":"https:\/\/izglitiba.valmierasnovads.lv\/valodzite\/wp-json\/wp\/v2\/comments?post=176"}],"version-history":[{"count":5,"href":"https:\/\/izglitiba.valmierasnovads.lv\/valodzite\/wp-json\/wp\/v2\/pages\/176\/revisions"}],"predecessor-version":[{"id":242,"href":"https:\/\/izglitiba.valmierasnovads.lv\/valodzite\/wp-json\/wp\/v2\/pages\/176\/revisions\/242"}],"wp:attachment":[{"href":"https:\/\/izglitiba.valmierasnovads.lv\/valodzite\/wp-json\/wp\/v2\/media?parent=176"}],"curies":[{"name":"wp","href":"https:\/\/api.w.org\/{rel}","templated":true}]}}