{"id":190,"date":"2026-02-10T15:04:19","date_gmt":"2026-02-10T13:04:19","guid":{"rendered":"https:\/\/izglitiba.valmierasnovads.lv\/valodzite\/?page_id=190"},"modified":"2026-03-18T12:59:06","modified_gmt":"2026-03-18T10:59:06","slug":"programmas-2","status":"publish","type":"page","link":"https:\/\/izglitiba.valmierasnovads.lv\/valodzite\/programmas-2\/","title":{"rendered":"Programmas"},"content":{"rendered":"\n<h5 class=\"wp-block-heading\">Pirmsskolas izgl\u012bt\u012bbas iest\u0101de \u201cV\u0101lodz\u012bte\u201d \u012bsteno:<\/h5>\n\n\n\n<p>     Visp\u0101r\u0113jo pirmsskolas izgl\u012bt\u012bbas programmu (kods 01011111)<\/p>\n\n\n\n<p>     Speci\u0101l\u0101s pirmsskolas izgl\u012bt\u012bbas programmu, izgl\u012btojamiem ar valodas trauc\u0113jumiem (kods 01015511)<\/p>\n\n\n\n<h5 class=\"wp-block-heading\">Pirmsskolas izgl\u012bt\u012bbas iest\u0101de \u201cV\u0101lodz\u012bte\u201d nodro\u0161ina:<\/h5>\n\n\n\n<ul class=\"wp-block-list\">\n<li>pirmsskolas izgl\u012bt\u012bbas programmas apguvi b\u0113rniem no 1,5 gadu vecuma;<\/li>\n\n\n\n<li>peld\u0113\u0161anas nodarb\u012bbas 6 gadus veciem b\u0113rniem Valmieras Olimpisk\u0101 centra peldbasein\u0101;<\/li>\n\n\n\n<li>nodarb\u012bbas pie logop\u0113da b\u0113rniem no 3 gadu vecuma ar valodas att\u012bst\u012bbas trauc\u0113jumiem 1 reizi ned\u0113\u013c\u0101;<\/li>\n\n\n\n<li>nodarb\u012bbas pie logop\u0113da b\u0113rniem ar Pedago\u0123iski medic\u012bnisk\u0101s komisijas atzinumu 2 reizes ned\u0113\u013c\u0101;<\/li>\n\n\n\n<li>nodarb\u012bbas pie speci\u0101l\u0101 pedagoga b\u0113rniem ar m\u0101c\u012b\u0161an\u0101s gr\u016bt\u012bb\u0101m 1 reizi ned\u0113\u013c\u0101;<\/li>\n\n\n\n<li>nodarb\u012bbas pie soci\u0101l\u0101 pedagoga 1 reizi ned\u0113\u013c\u0101;<\/li>\n\n\n\n<li>individu\u0101l\u0101s konsult\u0101cijas pie psihologa b\u0113rniem un vi\u0146u vec\u0101kiem (p\u0113c iepriek\u0161\u0113ja pieteikuma);<\/li>\n\n\n\n<li>D\u017eimbas 11 so\u013cu dro\u0161\u012bbas programmas apguvi b\u0113rniem no 5 gadu vecuma;<\/li>\n\n\n\n<li>futbola sp\u0113les elementu apguvi b\u0113rniem no 4 gadu vecuma 1 reizi m\u0113nes\u012b sadarb\u012bb\u0101 ar Valmieras Futbola klubu.<\/li>\n<\/ul>\n\n\n\n<h2 class=\"wp-block-heading\">D\u017eimbas programma<\/h2>\n\n\n\n<div class=\"wp-block-columns is-layout-flex wp-container-core-columns-is-layout-28f84493 wp-block-columns-is-layout-flex\">\n<div class=\"wp-block-column is-layout-flow wp-block-column-is-layout-flow\">\n<figure class=\"wp-block-image size-full is-resized\"><img loading=\"lazy\" decoding=\"async\" width=\"233\" height=\"235\" src=\"https:\/\/izglitiba.valmierasnovads.lv\/valodzite\/wp-content\/uploads\/sites\/10\/2026\/03\/image.png\" alt=\"\" class=\"wp-image-255\" style=\"aspect-ratio:0.9914783028843893;width:334px;height:auto\" srcset=\"https:\/\/izglitiba.valmierasnovads.lv\/valodzite\/wp-content\/uploads\/sites\/10\/2026\/03\/image.png 233w, https:\/\/izglitiba.valmierasnovads.lv\/valodzite\/wp-content\/uploads\/sites\/10\/2026\/03\/image-150x150.png 150w\" sizes=\"auto, (max-width: 233px) 100vw, 233px\" \/><\/figure>\n<\/div>\n\n\n\n<div class=\"wp-block-column is-layout-flow wp-block-column-is-layout-flow\">\n<p>Vai J\u016bsu b\u0113rns zina, k\u0101 r\u012bkoties nedro\u0161\u0101s situ\u0101cij\u0101s? Vai vi\u0146\u0161 prot at\u0161\u0137irt labus un sliktus piesk\u0101rienus un pateikt \u201cn\u0113\u201d, ja j\u016btas ne\u0113rti?<\/p>\n\n\n\n<p>Uz \u0161iem jaut\u0101jumiem ne vienm\u0113r ir viegli atbild\u0113t, t\u0101p\u0113c pal\u012bdz\u0113s D\u017eimba \u2013 b\u0113rniem draudz\u012bgs t\u0113ls, kur\u0161 m\u0101ca atpaz\u012bt nedro\u0161as situ\u0101cijas un r\u012bkoties taj\u0101s.<\/p>\n\n\n\n<p>\u201cCentrs Dardedze\u201d pied\u0101v\u0101 \u012bpa\u0161u dro\u0161\u012bbas programmu pirmsskol\u0101s. Nodarb\u012bb\u0101s b\u0113rni caur rota\u013c\u0101m, m\u016bziku un lomu sp\u0113l\u0113m viegli un saprotami apg\u016bst svar\u012bgas prasmes, k\u013c\u016bstot dro\u0161\u0101ki un p\u0101rliecin\u0101t\u0101ki.<\/p>\n\n\n\n<p>Programma sniedz atbalstu ar\u012b pedagogiem, pied\u0101v\u0101jot materi\u0101lus darbam ar b\u0113rniem. Vair\u0101k inform\u0101cijas: <a href=\"http:\/\/www.dzimba.lv\">www.dzimba.lv<\/a><\/p>\n<\/div>\n<\/div>\n\n\n\n<p><\/p>\n\n\n\n<p><\/p>\n","protected":false},"excerpt":{"rendered":"<p>Pirmsskolas izgl\u012bt\u012bbas iest\u0101de \u201cV\u0101lodz\u012bte\u201d \u012bsteno: Visp\u0101r\u0113jo pirmsskolas izgl\u012bt\u012bbas programmu (kods 01011111) Speci\u0101l\u0101s pirmsskolas izgl\u012bt\u012bbas programmu, izgl\u012btojamiem ar valodas trauc\u0113jumiem (kods [&hellip;]<\/p>\n","protected":false},"author":25,"featured_media":0,"parent":0,"menu_order":0,"comment_status":"closed","ping_status":"closed","template":"","meta":{"_acf_changed":false,"site-sidebar-layout":"default","site-content-layout":"","ast-site-content-layout":"default","site-content-style":"default","site-sidebar-style":"default","ast-global-header-display":"","ast-banner-title-visibility":"","ast-main-header-display":"","ast-hfb-above-header-display":"","ast-hfb-below-header-display":"","ast-hfb-mobile-header-display":"","site-post-title":"","ast-breadcrumbs-content":"","ast-featured-img":"","footer-sml-layout":"","ast-disable-related-posts":"","theme-transparent-header-meta":"","adv-header-id-meta":"","stick-header-meta":"","header-above-stick-meta":"","header-main-stick-meta":"","header-below-stick-meta":"","astra-migrate-meta-layouts":"default","ast-page-background-enabled":"default","ast-page-background-meta":{"desktop":{"background-color":"var(--ast-global-color-5)","background-image":"","background-repeat":"repeat","background-position":"center center","background-size":"auto","background-attachment":"scroll","background-type":"","background-media":"","overlay-type":"","overlay-color":"","overlay-opacity":"","overlay-gradient":""},"tablet":{"background-color":"","background-image":"","background-repeat":"repeat","background-position":"center center","background-size":"auto","background-attachment":"scroll","background-type":"","background-media":"","overlay-type":"","overlay-color":"","overlay-opacity":"","overlay-gradient":""},"mobile":{"background-color":"","background-image":"","background-repeat":"repeat","background-position":"center center","background-size":"auto","background-attachment":"scroll","background-type":"","background-media":"","overlay-type":"","overlay-color":"","overlay-opacity":"","overlay-gradient":""}},"ast-content-background-meta":{"desktop":{"background-color":"var(--ast-global-color-4)","background-image":"","background-repeat":"repeat","background-position":"center center","background-size":"auto","background-attachment":"scroll","background-type":"","background-media":"","overlay-type":"","overlay-color":"","overlay-opacity":"","overlay-gradient":""},"tablet":{"background-color":"var(--ast-global-color-4)","background-image":"","background-repeat":"repeat","background-position":"center center","background-size":"auto","background-attachment":"scroll","background-type":"","background-media":"","overlay-type":"","overlay-color":"","overlay-opacity":"","overlay-gradient":""},"mobile":{"background-color":"var(--ast-global-color-4)","background-image":"","background-repeat":"repeat","background-position":"center center","background-size":"auto","background-attachment":"scroll","background-type":"","background-media":"","overlay-type":"","overlay-color":"","overlay-opacity":"","overlay-gradient":""}},"footnotes":""},"class_list":["post-190","page","type-page","status-publish","hentry"],"acf":[],"yoast_head":"<!-- This site is optimized with the Yoast SEO plugin v27.0 - https:\/\/yoast.com\/product\/yoast-seo-wordpress\/ -->\n<title>Programmas - Valmieras pirmsskolas izgl\u012bt\u012bbas iest\u0101de \u201cV\u0101lodz\u012bte\u201d<\/title>\n<meta name=\"robots\" content=\"index, follow, max-snippet:-1, max-image-preview:large, max-video-preview:-1\" \/>\n<link rel=\"canonical\" href=\"https:\/\/izglitiba.valmierasnovads.lv\/valodzite\/programmas-2\/\" \/>\n<meta property=\"og:locale\" content=\"lv_LV\" \/>\n<meta property=\"og:type\" content=\"article\" \/>\n<meta property=\"og:title\" content=\"Programmas - Valmieras pirmsskolas izgl\u012bt\u012bbas iest\u0101de \u201cV\u0101lodz\u012bte\u201d\" \/>\n<meta property=\"og:description\" content=\"Pirmsskolas izgl\u012bt\u012bbas iest\u0101de \u201cV\u0101lodz\u012bte\u201d \u012bsteno: Visp\u0101r\u0113jo pirmsskolas izgl\u012bt\u012bbas programmu (kods 01011111) Speci\u0101l\u0101s pirmsskolas izgl\u012bt\u012bbas programmu, izgl\u012btojamiem ar valodas trauc\u0113jumiem (kods [&hellip;]\" \/>\n<meta property=\"og:url\" content=\"https:\/\/izglitiba.valmierasnovads.lv\/valodzite\/programmas-2\/\" \/>\n<meta property=\"og:site_name\" content=\"Valmieras pirmsskolas izgl\u012bt\u012bbas iest\u0101de \u201cV\u0101lodz\u012bte\u201d\" \/>\n<meta property=\"article:modified_time\" content=\"2026-03-18T10:59:06+00:00\" \/>\n<meta property=\"og:image\" content=\"https:\/\/izglitiba.valmierasnovads.lv\/valodzite\/wp-content\/uploads\/sites\/10\/2026\/03\/image.png\" \/>\n\t<meta property=\"og:image:width\" content=\"233\" \/>\n\t<meta property=\"og:image:height\" content=\"235\" \/>\n\t<meta property=\"og:image:type\" content=\"image\/png\" \/>\n<meta name=\"twitter:card\" content=\"summary_large_image\" \/>\n<meta name=\"twitter:label1\" content=\"Est. reading time\" \/>\n\t<meta name=\"twitter:data1\" content=\"2 min\u016btes\" \/>\n<script type=\"application\/ld+json\" class=\"yoast-schema-graph\">{\"@context\":\"https:\/\/schema.org\",\"@graph\":[{\"@type\":\"WebPage\",\"@id\":\"https:\/\/izglitiba.valmierasnovads.lv\/valodzite\/programmas-2\/\",\"url\":\"https:\/\/izglitiba.valmierasnovads.lv\/valodzite\/programmas-2\/\",\"name\":\"Programmas - Valmieras pirmsskolas izgl\u012bt\u012bbas iest\u0101de \u201cV\u0101lodz\u012bte\u201d\",\"isPartOf\":{\"@id\":\"https:\/\/izglitiba.valmierasnovads.lv\/valodzite\/#website\"},\"primaryImageOfPage\":{\"@id\":\"https:\/\/izglitiba.valmierasnovads.lv\/valodzite\/programmas-2\/#primaryimage\"},\"image\":{\"@id\":\"https:\/\/izglitiba.valmierasnovads.lv\/valodzite\/programmas-2\/#primaryimage\"},\"thumbnailUrl\":\"https:\/\/izglitiba.valmierasnovads.lv\/valodzite\/wp-content\/uploads\/sites\/10\/2026\/03\/image.png\",\"datePublished\":\"2026-02-10T13:04:19+00:00\",\"dateModified\":\"2026-03-18T10:59:06+00:00\",\"breadcrumb\":{\"@id\":\"https:\/\/izglitiba.valmierasnovads.lv\/valodzite\/programmas-2\/#breadcrumb\"},\"inLanguage\":\"lv-LV\",\"potentialAction\":[{\"@type\":\"ReadAction\",\"target\":[\"https:\/\/izglitiba.valmierasnovads.lv\/valodzite\/programmas-2\/\"]}]},{\"@type\":\"ImageObject\",\"inLanguage\":\"lv-LV\",\"@id\":\"https:\/\/izglitiba.valmierasnovads.lv\/valodzite\/programmas-2\/#primaryimage\",\"url\":\"https:\/\/izglitiba.valmierasnovads.lv\/valodzite\/wp-content\/uploads\/sites\/10\/2026\/03\/image.png\",\"contentUrl\":\"https:\/\/izglitiba.valmierasnovads.lv\/valodzite\/wp-content\/uploads\/sites\/10\/2026\/03\/image.png\",\"width\":233,\"height\":235},{\"@type\":\"BreadcrumbList\",\"@id\":\"https:\/\/izglitiba.valmierasnovads.lv\/valodzite\/programmas-2\/#breadcrumb\",\"itemListElement\":[{\"@type\":\"ListItem\",\"position\":1,\"name\":\"Home\",\"item\":\"https:\/\/izglitiba.valmierasnovads.lv\/valodzite\/\"},{\"@type\":\"ListItem\",\"position\":2,\"name\":\"Programmas\"}]},{\"@type\":\"WebSite\",\"@id\":\"https:\/\/izglitiba.valmierasnovads.lv\/valodzite\/#website\",\"url\":\"https:\/\/izglitiba.valmierasnovads.lv\/valodzite\/\",\"name\":\"Valmieras pirmsskolas izgl\u012bt\u012bbas iest\u0101de \u201cV\u0101lodz\u012bte\u201d\",\"description\":\"\",\"publisher\":{\"@id\":\"https:\/\/izglitiba.valmierasnovads.lv\/valodzite\/#organization\"},\"potentialAction\":[{\"@type\":\"SearchAction\",\"target\":{\"@type\":\"EntryPoint\",\"urlTemplate\":\"https:\/\/izglitiba.valmierasnovads.lv\/valodzite\/?s={search_term_string}\"},\"query-input\":{\"@type\":\"PropertyValueSpecification\",\"valueRequired\":true,\"valueName\":\"search_term_string\"}}],\"inLanguage\":\"lv-LV\"},{\"@type\":\"Organization\",\"@id\":\"https:\/\/izglitiba.valmierasnovads.lv\/valodzite\/#organization\",\"name\":\"Valmieras pirmsskolas izgl\u012bt\u012bbas iest\u0101de \u201cV\u0101lodz\u012bte\u201d\",\"url\":\"https:\/\/izglitiba.valmierasnovads.lv\/valodzite\/\",\"logo\":{\"@type\":\"ImageObject\",\"inLanguage\":\"lv-LV\",\"@id\":\"https:\/\/izglitiba.valmierasnovads.lv\/valodzite\/#\/schema\/logo\/image\/\",\"url\":\"https:\/\/izglitiba.valmierasnovads.lv\/valodzite\/wp-content\/uploads\/sites\/10\/2026\/03\/cropped-Pirmsskolas-izglitibas-iestades-ar-pasu-logo-12-scaled-1.png\",\"contentUrl\":\"https:\/\/izglitiba.valmierasnovads.lv\/valodzite\/wp-content\/uploads\/sites\/10\/2026\/03\/cropped-Pirmsskolas-izglitibas-iestades-ar-pasu-logo-12-scaled-1.png\",\"width\":1399,\"height\":405,\"caption\":\"Valmieras pirmsskolas izgl\u012bt\u012bbas iest\u0101de \u201cV\u0101lodz\u012bte\u201d\"},\"image\":{\"@id\":\"https:\/\/izglitiba.valmierasnovads.lv\/valodzite\/#\/schema\/logo\/image\/\"}}]}<\/script>\n<!-- \/ Yoast SEO plugin. -->","yoast_head_json":{"title":"Programmas - Valmieras pirmsskolas izgl\u012bt\u012bbas iest\u0101de \u201cV\u0101lodz\u012bte\u201d","robots":{"index":"index","follow":"follow","max-snippet":"max-snippet:-1","max-image-preview":"max-image-preview:large","max-video-preview":"max-video-preview:-1"},"canonical":"https:\/\/izglitiba.valmierasnovads.lv\/valodzite\/programmas-2\/","og_locale":"lv_LV","og_type":"article","og_title":"Programmas - Valmieras pirmsskolas izgl\u012bt\u012bbas iest\u0101de \u201cV\u0101lodz\u012bte\u201d","og_description":"Pirmsskolas izgl\u012bt\u012bbas iest\u0101de \u201cV\u0101lodz\u012bte\u201d \u012bsteno: Visp\u0101r\u0113jo pirmsskolas izgl\u012bt\u012bbas programmu (kods 01011111) Speci\u0101l\u0101s pirmsskolas izgl\u012bt\u012bbas programmu, izgl\u012btojamiem ar valodas trauc\u0113jumiem (kods [&hellip;]","og_url":"https:\/\/izglitiba.valmierasnovads.lv\/valodzite\/programmas-2\/","og_site_name":"Valmieras pirmsskolas izgl\u012bt\u012bbas iest\u0101de \u201cV\u0101lodz\u012bte\u201d","article_modified_time":"2026-03-18T10:59:06+00:00","og_image":[{"width":233,"height":235,"url":"https:\/\/izglitiba.valmierasnovads.lv\/valodzite\/wp-content\/uploads\/sites\/10\/2026\/03\/image.png","type":"image\/png"}],"twitter_card":"summary_large_image","twitter_misc":{"Est. reading time":"2 min\u016btes"},"schema":{"@context":"https:\/\/schema.org","@graph":[{"@type":"WebPage","@id":"https:\/\/izglitiba.valmierasnovads.lv\/valodzite\/programmas-2\/","url":"https:\/\/izglitiba.valmierasnovads.lv\/valodzite\/programmas-2\/","name":"Programmas - Valmieras pirmsskolas izgl\u012bt\u012bbas iest\u0101de \u201cV\u0101lodz\u012bte\u201d","isPartOf":{"@id":"https:\/\/izglitiba.valmierasnovads.lv\/valodzite\/#website"},"primaryImageOfPage":{"@id":"https:\/\/izglitiba.valmierasnovads.lv\/valodzite\/programmas-2\/#primaryimage"},"image":{"@id":"https:\/\/izglitiba.valmierasnovads.lv\/valodzite\/programmas-2\/#primaryimage"},"thumbnailUrl":"https:\/\/izglitiba.valmierasnovads.lv\/valodzite\/wp-content\/uploads\/sites\/10\/2026\/03\/image.png","datePublished":"2026-02-10T13:04:19+00:00","dateModified":"2026-03-18T10:59:06+00:00","breadcrumb":{"@id":"https:\/\/izglitiba.valmierasnovads.lv\/valodzite\/programmas-2\/#breadcrumb"},"inLanguage":"lv-LV","potentialAction":[{"@type":"ReadAction","target":["https:\/\/izglitiba.valmierasnovads.lv\/valodzite\/programmas-2\/"]}]},{"@type":"ImageObject","inLanguage":"lv-LV","@id":"https:\/\/izglitiba.valmierasnovads.lv\/valodzite\/programmas-2\/#primaryimage","url":"https:\/\/izglitiba.valmierasnovads.lv\/valodzite\/wp-content\/uploads\/sites\/10\/2026\/03\/image.png","contentUrl":"https:\/\/izglitiba.valmierasnovads.lv\/valodzite\/wp-content\/uploads\/sites\/10\/2026\/03\/image.png","width":233,"height":235},{"@type":"BreadcrumbList","@id":"https:\/\/izglitiba.valmierasnovads.lv\/valodzite\/programmas-2\/#breadcrumb","itemListElement":[{"@type":"ListItem","position":1,"name":"Home","item":"https:\/\/izglitiba.valmierasnovads.lv\/valodzite\/"},{"@type":"ListItem","position":2,"name":"Programmas"}]},{"@type":"WebSite","@id":"https:\/\/izglitiba.valmierasnovads.lv\/valodzite\/#website","url":"https:\/\/izglitiba.valmierasnovads.lv\/valodzite\/","name":"Valmieras pirmsskolas izgl\u012bt\u012bbas iest\u0101de \u201cV\u0101lodz\u012bte\u201d","description":"","publisher":{"@id":"https:\/\/izglitiba.valmierasnovads.lv\/valodzite\/#organization"},"potentialAction":[{"@type":"SearchAction","target":{"@type":"EntryPoint","urlTemplate":"https:\/\/izglitiba.valmierasnovads.lv\/valodzite\/?s={search_term_string}"},"query-input":{"@type":"PropertyValueSpecification","valueRequired":true,"valueName":"search_term_string"}}],"inLanguage":"lv-LV"},{"@type":"Organization","@id":"https:\/\/izglitiba.valmierasnovads.lv\/valodzite\/#organization","name":"Valmieras pirmsskolas izgl\u012bt\u012bbas iest\u0101de \u201cV\u0101lodz\u012bte\u201d","url":"https:\/\/izglitiba.valmierasnovads.lv\/valodzite\/","logo":{"@type":"ImageObject","inLanguage":"lv-LV","@id":"https:\/\/izglitiba.valmierasnovads.lv\/valodzite\/#\/schema\/logo\/image\/","url":"https:\/\/izglitiba.valmierasnovads.lv\/valodzite\/wp-content\/uploads\/sites\/10\/2026\/03\/cropped-Pirmsskolas-izglitibas-iestades-ar-pasu-logo-12-scaled-1.png","contentUrl":"https:\/\/izglitiba.valmierasnovads.lv\/valodzite\/wp-content\/uploads\/sites\/10\/2026\/03\/cropped-Pirmsskolas-izglitibas-iestades-ar-pasu-logo-12-scaled-1.png","width":1399,"height":405,"caption":"Valmieras pirmsskolas izgl\u012bt\u012bbas iest\u0101de \u201cV\u0101lodz\u012bte\u201d"},"image":{"@id":"https:\/\/izglitiba.valmierasnovads.lv\/valodzite\/#\/schema\/logo\/image\/"}}]}},"_links":{"self":[{"href":"https:\/\/izglitiba.valmierasnovads.lv\/valodzite\/wp-json\/wp\/v2\/pages\/190","targetHints":{"allow":["GET"]}}],"collection":[{"href":"https:\/\/izglitiba.valmierasnovads.lv\/valodzite\/wp-json\/wp\/v2\/pages"}],"about":[{"href":"https:\/\/izglitiba.valmierasnovads.lv\/valodzite\/wp-json\/wp\/v2\/types\/page"}],"author":[{"embeddable":true,"href":"https:\/\/izglitiba.valmierasnovads.lv\/valodzite\/wp-json\/wp\/v2\/users\/25"}],"replies":[{"embeddable":true,"href":"https:\/\/izglitiba.valmierasnovads.lv\/valodzite\/wp-json\/wp\/v2\/comments?post=190"}],"version-history":[{"count":5,"href":"https:\/\/izglitiba.valmierasnovads.lv\/valodzite\/wp-json\/wp\/v2\/pages\/190\/revisions"}],"predecessor-version":[{"id":260,"href":"https:\/\/izglitiba.valmierasnovads.lv\/valodzite\/wp-json\/wp\/v2\/pages\/190\/revisions\/260"}],"wp:attachment":[{"href":"https:\/\/izglitiba.valmierasnovads.lv\/valodzite\/wp-json\/wp\/v2\/media?parent=190"}],"curies":[{"name":"wp","href":"https:\/\/api.w.org\/{rel}","templated":true}]}}