{"id":290,"date":"2026-03-18T15:17:38","date_gmt":"2026-03-18T13:17:38","guid":{"rendered":"https:\/\/izglitiba.valmierasnovads.lv\/valodzite\/?page_id=290"},"modified":"2026-03-18T16:15:44","modified_gmt":"2026-03-18T14:15:44","slug":"adrese","status":"publish","type":"page","link":"https:\/\/izglitiba.valmierasnovads.lv\/valodzite\/adrese\/","title":{"rendered":"Adrese"},"content":{"rendered":"\n<div class=\"wp-block-columns is-layout-flex wp-container-core-columns-is-layout-28f84493 wp-block-columns-is-layout-flex\">\n<div class=\"wp-block-column is-layout-flow wp-block-column-is-layout-flow\" style=\"flex-basis:33.33%\"><style>.kt-svg-icons290_4e177f-c4 .kt-svg-item-0 .kb-svg-icon-wrap{color:var(--global-palette4, #2D3748);font-size:50px;}.wp-block-kadence-icon.kt-svg-icons290_4e177f-c4{justify-content:center;}<\/style>\n<div class=\"wp-block-kadence-icon kt-svg-icons kt-svg-icons290_4e177f-c4 alignnone\"><style>.kt-svg-item-290_533b49-8a .kb-svg-icon-wrap, .kt-svg-style-stacked.kt-svg-item-290_533b49-8a .kb-svg-icon-wrap{font-size:50px;}<\/style>\n<div class=\"wp-block-kadence-single-icon kt-svg-style-default kt-svg-icon-wrap kt-svg-item-290_533b49-8a\"><span class=\"kb-svg-icon-wrap kb-svg-icon-fe_home\"><svg viewBox=\"0 0 24 24\"  fill=\"none\" stroke=\"currentColor\" stroke-width=\"2\" stroke-linecap=\"round\" stroke-linejoin=\"round\" xmlns=\"http:\/\/www.w3.org\/2000\/svg\"  aria-hidden=\"true\"><path d=\"M3 9l9-7 9 7v11a2 2 0 0 1-2 2H5a2 2 0 0 1-2-2z\"\/><polyline points=\"9 22 9 12 15 12 15 22\"\/><\/svg><\/span><\/div>\n<\/div>\n<\/div>\n\n\n\n<div class=\"wp-block-column is-layout-flow wp-block-column-is-layout-flow\" style=\"flex-basis:66.66%\">\n<p class=\"has-medium-font-size\"><strong>Adrese:<\/strong>   Smiltenes iela 10, Valmiera, Valmieras novads, LV &#8211; 4201<\/p>\n<\/div>\n<\/div>\n\n\n\n<div class=\"wp-block-columns is-layout-flex wp-container-core-columns-is-layout-28f84493 wp-block-columns-is-layout-flex\">\n<div class=\"wp-block-column is-layout-flow wp-block-column-is-layout-flow\" style=\"flex-basis:33.33%\"><style>.kt-svg-icons290_d0a80b-5d .kt-svg-item-0 .kb-svg-icon-wrap{color:var(--global-palette4, #2D3748);font-size:50px;}.wp-block-kadence-icon.kt-svg-icons290_d0a80b-5d{justify-content:center;}<\/style>\n<div class=\"wp-block-kadence-icon kt-svg-icons kt-svg-icons290_d0a80b-5d alignnone\"><style>.kt-svg-item-290_c26f9d-84 .kb-svg-icon-wrap, .kt-svg-style-stacked.kt-svg-item-290_c26f9d-84 .kb-svg-icon-wrap{font-size:50px;}<\/style>\n<div class=\"wp-block-kadence-single-icon kt-svg-style-default kt-svg-icon-wrap kt-svg-item-290_c26f9d-84\"><span class=\"kb-svg-icon-wrap kb-svg-icon-fe_mail\"><svg viewBox=\"0 0 24 24\"  fill=\"none\" stroke=\"currentColor\" stroke-width=\"2\" stroke-linecap=\"round\" stroke-linejoin=\"round\" xmlns=\"http:\/\/www.w3.org\/2000\/svg\"  aria-hidden=\"true\"><path d=\"M4 4h16c1.1 0 2 .9 2 2v12c0 1.1-.9 2-2 2H4c-1.1 0-2-.9-2-2V6c0-1.1.9-2 2-2z\"\/><polyline points=\"22,6 12,13 2,6\"\/><\/svg><\/span><\/div>\n<\/div>\n<\/div>\n\n\n\n<div class=\"wp-block-column is-layout-flow wp-block-column-is-layout-flow\" style=\"flex-basis:66.66%\">\n<p class=\"has-medium-font-size\"><strong>E &#8211; pasts:   <\/strong>valodzite@valmiera.edu.lv<\/p>\n<\/div>\n<\/div>\n\n\n\n<div class=\"wp-block-columns is-layout-flex wp-container-core-columns-is-layout-28f84493 wp-block-columns-is-layout-flex\">\n<div class=\"wp-block-column is-layout-flow wp-block-column-is-layout-flow\" style=\"flex-basis:33.33%\"><style>.kt-svg-icons290_f06646-aa .kt-svg-item-0 .kb-svg-icon-wrap{color:var(--global-palette4, #2D3748);font-size:50px;}.wp-block-kadence-icon.kt-svg-icons290_f06646-aa{justify-content:center;}<\/style>\n<div class=\"wp-block-kadence-icon kt-svg-icons kt-svg-icons290_f06646-aa alignnone\"><style>.kt-svg-item-290_f6989b-e3 .kb-svg-icon-wrap, .kt-svg-style-stacked.kt-svg-item-290_f6989b-e3 .kb-svg-icon-wrap{font-size:50px;}<\/style>\n<div class=\"wp-block-kadence-single-icon kt-svg-style-default kt-svg-icon-wrap kt-svg-item-290_f6989b-e3\"><span class=\"kb-svg-icon-wrap kb-svg-icon-fe_phone\"><svg viewBox=\"0 0 24 24\"  fill=\"none\" stroke=\"currentColor\" stroke-width=\"2\" stroke-linecap=\"round\" stroke-linejoin=\"round\" xmlns=\"http:\/\/www.w3.org\/2000\/svg\"  aria-hidden=\"true\"><path d=\"M22 16.92v3a2 2 0 0 1-2.18 2 19.79 19.79 0 0 1-8.63-3.07 19.5 19.5 0 0 1-6-6 19.79 19.79 0 0 1-3.07-8.67A2 2 0 0 1 4.11 2h3a2 2 0 0 1 2 1.72 12.84 12.84 0 0 0 .7 2.81 2 2 0 0 1-.45 2.11L8.09 9.91a16 16 0 0 0 6 6l1.27-1.27a2 2 0 0 1 2.11-.45 12.84 12.84 0 0 0 2.81.7A2 2 0 0 1 22 16.92z\"\/><\/svg><\/span><\/div>\n<\/div>\n<\/div>\n\n\n\n<div class=\"wp-block-column is-layout-flow wp-block-column-is-layout-flow\" style=\"flex-basis:66.66%\">\n<p class=\"has-medium-font-size\"><strong>T\u0101lrunis:    <\/strong>64235378<\/p>\n<\/div>\n<\/div>\n\n\n<style>.kb-google-maps-container290_bd8d78-48{height:450px;}<\/style><div class=\"kb-google-maps-container kb-google-maps-container290_bd8d78-48  wp-block-kadence-googlemaps\" data-mapid=\"290_bd8d7848\"><iframe width=\"100%\" height=\"100%\"\n\t\t\t\t\t\t\tstyle=\"border:0\" loading=\"lazy\"\n\t\t\t\t\t\t\tsrc=\"https:\/\/www.google.com\/maps\/embed\/v1\/place?key=AIzaSyBAM2o7PiQqwk15LC1XRH2e_KJ-jUa7KYk&#038;zoom=16&#038;maptype=roadmap&#038;q=valmiera%2C+smiltenes+iela+10\"\n\t\t\t\t\t\t\ttitle=\"Google map of valmiera, smiltenes iela 10\"><\/iframe><\/div><script>function kb_google_map290_bd8d7848() { let center = { lat: 37.8201, lng: -122.4781}; let map = new google.maps.Map(document.getElementById(\"kb-google-map290_bd8d7848\"), {\n\t\t\t\t\t    zoom: 16,\n\t\t\t\t\t    center: center,});let marker = new google.maps.Marker({   position: { lat: 37.8201, lng: -122.4781},    map: map,  });}<\/script>","protected":false},"excerpt":{"rendered":"<p>Adrese: Smiltenes iela 10, Valmiera, Valmieras novads, LV &#8211; 4201 E &#8211; pasts: valodzite@valmiera.edu.lv T\u0101lrunis: 64235378<\/p>\n","protected":false},"author":25,"featured_media":0,"parent":0,"menu_order":0,"comment_status":"closed","ping_status":"closed","template":"","meta":{"_acf_changed":false,"site-sidebar-layout":"default","site-content-layout":"","ast-site-content-layout":"default","site-content-style":"default","site-sidebar-style":"default","ast-global-header-display":"","ast-banner-title-visibility":"","ast-main-header-display":"","ast-hfb-above-header-display":"","ast-hfb-below-header-display":"","ast-hfb-mobile-header-display":"","site-post-title":"","ast-breadcrumbs-content":"","ast-featured-img":"","footer-sml-layout":"","ast-disable-related-posts":"","theme-transparent-header-meta":"","adv-header-id-meta":"","stick-header-meta":"","header-above-stick-meta":"","header-main-stick-meta":"","header-below-stick-meta":"","astra-migrate-meta-layouts":"default","ast-page-background-enabled":"default","ast-page-background-meta":{"desktop":{"background-color":"var(--ast-global-color-5)","background-image":"","background-repeat":"repeat","background-position":"center center","background-size":"auto","background-attachment":"scroll","background-type":"","background-media":"","overlay-type":"","overlay-color":"","overlay-opacity":"","overlay-gradient":""},"tablet":{"background-color":"","background-image":"","background-repeat":"repeat","background-position":"center center","background-size":"auto","background-attachment":"scroll","background-type":"","background-media":"","overlay-type":"","overlay-color":"","overlay-opacity":"","overlay-gradient":""},"mobile":{"background-color":"","background-image":"","background-repeat":"repeat","background-position":"center center","background-size":"auto","background-attachment":"scroll","background-type":"","background-media":"","overlay-type":"","overlay-color":"","overlay-opacity":"","overlay-gradient":""}},"ast-content-background-meta":{"desktop":{"background-color":"var(--ast-global-color-4)","background-image":"","background-repeat":"repeat","background-position":"center center","background-size":"auto","background-attachment":"scroll","background-type":"","background-media":"","overlay-type":"","overlay-color":"","overlay-opacity":"","overlay-gradient":""},"tablet":{"background-color":"var(--ast-global-color-4)","background-image":"","background-repeat":"repeat","background-position":"center center","background-size":"auto","background-attachment":"scroll","background-type":"","background-media":"","overlay-type":"","overlay-color":"","overlay-opacity":"","overlay-gradient":""},"mobile":{"background-color":"var(--ast-global-color-4)","background-image":"","background-repeat":"repeat","background-position":"center center","background-size":"auto","background-attachment":"scroll","background-type":"","background-media":"","overlay-type":"","overlay-color":"","overlay-opacity":"","overlay-gradient":""}},"footnotes":""},"class_list":["post-290","page","type-page","status-publish","hentry"],"acf":[],"yoast_head":"<!-- This site is optimized with the Yoast SEO plugin v27.0 - https:\/\/yoast.com\/product\/yoast-seo-wordpress\/ -->\n<title>Adrese - Valmieras pirmsskolas izgl\u012bt\u012bbas iest\u0101de \u201cV\u0101lodz\u012bte\u201d<\/title>\n<meta name=\"robots\" content=\"index, follow, max-snippet:-1, max-image-preview:large, max-video-preview:-1\" \/>\n<link rel=\"canonical\" href=\"https:\/\/izglitiba.valmierasnovads.lv\/valodzite\/adrese\/\" \/>\n<meta property=\"og:locale\" content=\"lv_LV\" \/>\n<meta property=\"og:type\" content=\"article\" \/>\n<meta property=\"og:title\" content=\"Adrese - Valmieras pirmsskolas izgl\u012bt\u012bbas iest\u0101de \u201cV\u0101lodz\u012bte\u201d\" \/>\n<meta property=\"og:description\" content=\"Adrese: Smiltenes iela 10, Valmiera, Valmieras novads, LV &#8211; 4201 E &#8211; pasts: valodzite@valmiera.edu.lv T\u0101lrunis: 64235378\" \/>\n<meta property=\"og:url\" content=\"https:\/\/izglitiba.valmierasnovads.lv\/valodzite\/adrese\/\" \/>\n<meta property=\"og:site_name\" content=\"Valmieras pirmsskolas izgl\u012bt\u012bbas iest\u0101de \u201cV\u0101lodz\u012bte\u201d\" \/>\n<meta property=\"article:modified_time\" content=\"2026-03-18T14:15:44+00:00\" \/>\n<meta name=\"twitter:card\" content=\"summary_large_image\" \/>\n<meta name=\"twitter:label1\" content=\"Est. reading time\" \/>\n\t<meta name=\"twitter:data1\" content=\"1 min\u016bte\" \/>\n<script type=\"application\/ld+json\" class=\"yoast-schema-graph\">{\"@context\":\"https:\/\/schema.org\",\"@graph\":[{\"@type\":\"WebPage\",\"@id\":\"https:\/\/izglitiba.valmierasnovads.lv\/valodzite\/adrese\/\",\"url\":\"https:\/\/izglitiba.valmierasnovads.lv\/valodzite\/adrese\/\",\"name\":\"Adrese - Valmieras pirmsskolas izgl\u012bt\u012bbas iest\u0101de \u201cV\u0101lodz\u012bte\u201d\",\"isPartOf\":{\"@id\":\"https:\/\/izglitiba.valmierasnovads.lv\/valodzite\/#website\"},\"datePublished\":\"2026-03-18T13:17:38+00:00\",\"dateModified\":\"2026-03-18T14:15:44+00:00\",\"breadcrumb\":{\"@id\":\"https:\/\/izglitiba.valmierasnovads.lv\/valodzite\/adrese\/#breadcrumb\"},\"inLanguage\":\"lv-LV\",\"potentialAction\":[{\"@type\":\"ReadAction\",\"target\":[\"https:\/\/izglitiba.valmierasnovads.lv\/valodzite\/adrese\/\"]}]},{\"@type\":\"BreadcrumbList\",\"@id\":\"https:\/\/izglitiba.valmierasnovads.lv\/valodzite\/adrese\/#breadcrumb\",\"itemListElement\":[{\"@type\":\"ListItem\",\"position\":1,\"name\":\"Home\",\"item\":\"https:\/\/izglitiba.valmierasnovads.lv\/valodzite\/\"},{\"@type\":\"ListItem\",\"position\":2,\"name\":\"Adrese\"}]},{\"@type\":\"WebSite\",\"@id\":\"https:\/\/izglitiba.valmierasnovads.lv\/valodzite\/#website\",\"url\":\"https:\/\/izglitiba.valmierasnovads.lv\/valodzite\/\",\"name\":\"Valmieras pirmsskolas izgl\u012bt\u012bbas iest\u0101de \u201cV\u0101lodz\u012bte\u201d\",\"description\":\"\",\"publisher\":{\"@id\":\"https:\/\/izglitiba.valmierasnovads.lv\/valodzite\/#organization\"},\"potentialAction\":[{\"@type\":\"SearchAction\",\"target\":{\"@type\":\"EntryPoint\",\"urlTemplate\":\"https:\/\/izglitiba.valmierasnovads.lv\/valodzite\/?s={search_term_string}\"},\"query-input\":{\"@type\":\"PropertyValueSpecification\",\"valueRequired\":true,\"valueName\":\"search_term_string\"}}],\"inLanguage\":\"lv-LV\"},{\"@type\":\"Organization\",\"@id\":\"https:\/\/izglitiba.valmierasnovads.lv\/valodzite\/#organization\",\"name\":\"Valmieras pirmsskolas izgl\u012bt\u012bbas iest\u0101de \u201cV\u0101lodz\u012bte\u201d\",\"url\":\"https:\/\/izglitiba.valmierasnovads.lv\/valodzite\/\",\"logo\":{\"@type\":\"ImageObject\",\"inLanguage\":\"lv-LV\",\"@id\":\"https:\/\/izglitiba.valmierasnovads.lv\/valodzite\/#\/schema\/logo\/image\/\",\"url\":\"https:\/\/izglitiba.valmierasnovads.lv\/valodzite\/wp-content\/uploads\/sites\/10\/2026\/03\/cropped-Pirmsskolas-izglitibas-iestades-ar-pasu-logo-12-scaled-1.png\",\"contentUrl\":\"https:\/\/izglitiba.valmierasnovads.lv\/valodzite\/wp-content\/uploads\/sites\/10\/2026\/03\/cropped-Pirmsskolas-izglitibas-iestades-ar-pasu-logo-12-scaled-1.png\",\"width\":1399,\"height\":405,\"caption\":\"Valmieras pirmsskolas izgl\u012bt\u012bbas iest\u0101de \u201cV\u0101lodz\u012bte\u201d\"},\"image\":{\"@id\":\"https:\/\/izglitiba.valmierasnovads.lv\/valodzite\/#\/schema\/logo\/image\/\"}}]}<\/script>\n<!-- \/ Yoast SEO plugin. -->","yoast_head_json":{"title":"Adrese - Valmieras pirmsskolas izgl\u012bt\u012bbas iest\u0101de \u201cV\u0101lodz\u012bte\u201d","robots":{"index":"index","follow":"follow","max-snippet":"max-snippet:-1","max-image-preview":"max-image-preview:large","max-video-preview":"max-video-preview:-1"},"canonical":"https:\/\/izglitiba.valmierasnovads.lv\/valodzite\/adrese\/","og_locale":"lv_LV","og_type":"article","og_title":"Adrese - Valmieras pirmsskolas izgl\u012bt\u012bbas iest\u0101de \u201cV\u0101lodz\u012bte\u201d","og_description":"Adrese: Smiltenes iela 10, Valmiera, Valmieras novads, LV &#8211; 4201 E &#8211; pasts: valodzite@valmiera.edu.lv T\u0101lrunis: 64235378","og_url":"https:\/\/izglitiba.valmierasnovads.lv\/valodzite\/adrese\/","og_site_name":"Valmieras pirmsskolas izgl\u012bt\u012bbas iest\u0101de \u201cV\u0101lodz\u012bte\u201d","article_modified_time":"2026-03-18T14:15:44+00:00","twitter_card":"summary_large_image","twitter_misc":{"Est. reading time":"1 min\u016bte"},"schema":{"@context":"https:\/\/schema.org","@graph":[{"@type":"WebPage","@id":"https:\/\/izglitiba.valmierasnovads.lv\/valodzite\/adrese\/","url":"https:\/\/izglitiba.valmierasnovads.lv\/valodzite\/adrese\/","name":"Adrese - Valmieras pirmsskolas izgl\u012bt\u012bbas iest\u0101de \u201cV\u0101lodz\u012bte\u201d","isPartOf":{"@id":"https:\/\/izglitiba.valmierasnovads.lv\/valodzite\/#website"},"datePublished":"2026-03-18T13:17:38+00:00","dateModified":"2026-03-18T14:15:44+00:00","breadcrumb":{"@id":"https:\/\/izglitiba.valmierasnovads.lv\/valodzite\/adrese\/#breadcrumb"},"inLanguage":"lv-LV","potentialAction":[{"@type":"ReadAction","target":["https:\/\/izglitiba.valmierasnovads.lv\/valodzite\/adrese\/"]}]},{"@type":"BreadcrumbList","@id":"https:\/\/izglitiba.valmierasnovads.lv\/valodzite\/adrese\/#breadcrumb","itemListElement":[{"@type":"ListItem","position":1,"name":"Home","item":"https:\/\/izglitiba.valmierasnovads.lv\/valodzite\/"},{"@type":"ListItem","position":2,"name":"Adrese"}]},{"@type":"WebSite","@id":"https:\/\/izglitiba.valmierasnovads.lv\/valodzite\/#website","url":"https:\/\/izglitiba.valmierasnovads.lv\/valodzite\/","name":"Valmieras pirmsskolas izgl\u012bt\u012bbas iest\u0101de \u201cV\u0101lodz\u012bte\u201d","description":"","publisher":{"@id":"https:\/\/izglitiba.valmierasnovads.lv\/valodzite\/#organization"},"potentialAction":[{"@type":"SearchAction","target":{"@type":"EntryPoint","urlTemplate":"https:\/\/izglitiba.valmierasnovads.lv\/valodzite\/?s={search_term_string}"},"query-input":{"@type":"PropertyValueSpecification","valueRequired":true,"valueName":"search_term_string"}}],"inLanguage":"lv-LV"},{"@type":"Organization","@id":"https:\/\/izglitiba.valmierasnovads.lv\/valodzite\/#organization","name":"Valmieras pirmsskolas izgl\u012bt\u012bbas iest\u0101de \u201cV\u0101lodz\u012bte\u201d","url":"https:\/\/izglitiba.valmierasnovads.lv\/valodzite\/","logo":{"@type":"ImageObject","inLanguage":"lv-LV","@id":"https:\/\/izglitiba.valmierasnovads.lv\/valodzite\/#\/schema\/logo\/image\/","url":"https:\/\/izglitiba.valmierasnovads.lv\/valodzite\/wp-content\/uploads\/sites\/10\/2026\/03\/cropped-Pirmsskolas-izglitibas-iestades-ar-pasu-logo-12-scaled-1.png","contentUrl":"https:\/\/izglitiba.valmierasnovads.lv\/valodzite\/wp-content\/uploads\/sites\/10\/2026\/03\/cropped-Pirmsskolas-izglitibas-iestades-ar-pasu-logo-12-scaled-1.png","width":1399,"height":405,"caption":"Valmieras pirmsskolas izgl\u012bt\u012bbas iest\u0101de \u201cV\u0101lodz\u012bte\u201d"},"image":{"@id":"https:\/\/izglitiba.valmierasnovads.lv\/valodzite\/#\/schema\/logo\/image\/"}}]}},"_links":{"self":[{"href":"https:\/\/izglitiba.valmierasnovads.lv\/valodzite\/wp-json\/wp\/v2\/pages\/290","targetHints":{"allow":["GET"]}}],"collection":[{"href":"https:\/\/izglitiba.valmierasnovads.lv\/valodzite\/wp-json\/wp\/v2\/pages"}],"about":[{"href":"https:\/\/izglitiba.valmierasnovads.lv\/valodzite\/wp-json\/wp\/v2\/types\/page"}],"author":[{"embeddable":true,"href":"https:\/\/izglitiba.valmierasnovads.lv\/valodzite\/wp-json\/wp\/v2\/users\/25"}],"replies":[{"embeddable":true,"href":"https:\/\/izglitiba.valmierasnovads.lv\/valodzite\/wp-json\/wp\/v2\/comments?post=290"}],"version-history":[{"count":4,"href":"https:\/\/izglitiba.valmierasnovads.lv\/valodzite\/wp-json\/wp\/v2\/pages\/290\/revisions"}],"predecessor-version":[{"id":324,"href":"https:\/\/izglitiba.valmierasnovads.lv\/valodzite\/wp-json\/wp\/v2\/pages\/290\/revisions\/324"}],"wp:attachment":[{"href":"https:\/\/izglitiba.valmierasnovads.lv\/valodzite\/wp-json\/wp\/v2\/media?parent=290"}],"curies":[{"name":"wp","href":"https:\/\/api.w.org\/{rel}","templated":true}]}}